{"id":64215,"date":"2022-08-18T20:58:56","date_gmt":"2022-08-18T20:58:56","guid":{"rendered":"https:\/\/atlanticbooks.ca\/books\/memere-soleil-nannie-lune\/"},"modified":"2023-01-04T19:05:02","modified_gmt":"2023-01-04T19:05:02","slug":"memere-soleil-nannie-lune","status":"publish","type":"product","link":"https:\/\/atlanticbooks.ca\/fr\/livres\/memere-soleil-nannie-lune","title":{"rendered":"M\u00e9m\u00e8re Soleil, Nannie Lune"},"content":{"rendered":"<p>English description follows.<\/p>\n<p>L&rsquo;une est Acadienne, l&rsquo;autre est \u00c9cossaise. Tout les s\u00e9pare&#8230; et pourtant, un pont enjambe leurs diff\u00e9rences : l&rsquo;amour de leurs petits-enfants !<\/p>\n<p>Henrietta et Hermance sont deux dames bien diff\u00e9rentes ! Comme la lune et le soleil\u2026 Mais il y a plus : Henrietta est douce, plut\u00f4t timide et terriblement \u00abm\u00e8re-poule\u00bb avec ses petits-enfants ; Hermance, quant \u00e0 elle, est extravertie, dr\u00f4le et tr\u00e8s libre, puisqu\u2019elle poss\u00e8de un magasin g\u00e9n\u00e9ral et qu\u2019elle conduit sa propre voiture. Elles forment ensemble une paire de grand-m\u00e8res extraordinaires !<\/p>\n<p>Acadian M\u00e9m\u00e8re and Scottish Nannie seem to have nothing in common but their grandchildren, but in this endearing picture book from bestselling author Diane Carmel L\u00e9ger and noted illustrator Jean-Luc Trudel, difference is celebrated. A co-publication with Nimbus Publishing, published simultaneously in English, &lt;i&gt;M\u00e9m\u00e8re Soleil, Nannie Lune&lt;\/i&gt; is a whimsically illustrated, heartwarming tale of the special relationship between grandparents and grandchildren, and a celebration of family, of all shapes and sizes.<\/p>\n","protected":false},"excerpt":{"rendered":"<p>Acadian M\u00e9m\u00e8re and Scottish Nannie seem to have nothing in common but their grandchildren, but in this beautiful picture book from bestselling author Diane Carmel L\u00e9ger and illustrator Jean-Luc Trudel, difference is celebrated. A co-publication with Nimbus Publishing, published simultaneously in English.<\/p>\n","protected":false},"featured_media":67577,"template":"","meta":{"_genesis_hide_title":false,"_genesis_hide_breadcrumbs":false,"_genesis_hide_singular_image":false,"_genesis_hide_footer_widgets":false,"_genesis_custom_body_class":"","_genesis_custom_post_class":"","_genesis_layout":""},"product_brand":[],"product_cat":[12776],"product_tag":[],"class_list":{"0":"post-64215","1":"product","2":"type-product","3":"status-publish","4":"has-post-thumbnail","5":"product_language-fre","6":"product_subjects-juvenile-fiction-fr","7":"product_subjects-family-fr","8":"product_subjects-multigenerational-fr","9":"product_reading_range-3-fr","10":"product_reading_range-4-fr","11":"product_reading_range-5-fr","12":"product_reading_range-6-fr","13":"product_reading_range-7-fr","14":"product_interest_range-3-fr","15":"product_interest_range-4-fr","16":"product_interest_range-5-fr","17":"product_interest_range-6-fr","18":"product_interest_range-7-fr","19":"product_grade_range-kindergarten-fr","20":"product_grade_range-first-grade-fr","21":"product_grade_range-second-grade-fr","22":"product_grade_range-third-grade-fr","23":"product_curriculumsubject-francais-programmes-detudes-fr","24":"product_curriculumsubject-immersion-2-fr","25":"product_curriculumsubject-francais-arts-langagiers-fr","26":"product_curriculumsubject-francais-arts-langagiers-im-fr","27":"product_curriculumsubject-sciences-fr","28":"product_curriculumsubject-sciences-humaines-im-fr","29":"product_curriculumsubject-sciences-de-la-nature-fr","30":"product_curriculumsubject-sciences-humaines-fr","31":"product_edi_languages-francais-fr","32":"product_nssbb-francais-programmes-detudes-fr","33":"product_nssbb-francais-arts-langagiers-p-m-fr","34":"product_nssbb-immersion-curriculum-subjects-fr","35":"product_nssbb-francais-arts-langagiers-1-fr","36":"product_nssbb-francais-arts-langagiers-2-fr","37":"product_nssbb-francais-arts-langagiers-3-fr","38":"product_nssbb-francais-arts-langagiers-4-fr","39":"product_nssbb-immersion-precoce-francais-arts-langagiers-2-im-fr","40":"product_nssbb-immersion-precoce-francais-arts-langagiers-3-im-fr","41":"product_nssbb-immersion-precoce-francais-arts-langagiers-4-im-fr","42":"product_nssbb-immersion-precoce-francais-arts-langagiers-5-im-fr","43":"product_nssbb-immersion-precoce-francais-arts-langagiers-6-im-fr","44":"product_nssbb-immersion-precoce-francais-arts-langagiers-7-im-fr","45":"product_nssbb-immersion-tardive-francais-arts-langagiers-7-im-fr","46":"product_nssbb-sciences-de-la-nature-2-im-fr","47":"product_nssbb-sciences-de-la-nature-3-im-fr","48":"product_nssbb-sciences-de-la-nature-4-im-fr","49":"product_nssbb-sciences-de-la-nature-5-im-fr","50":"product_nssbb-sciences-de-la-nature-6-im-fr","51":"product_nssbb-sciences-humaines-2-im-fr","52":"product_nssbb-sciences-humaines-3-im-fr","53":"product_nssbb-sciences-humaines-4-im-fr","54":"product_nssbb-sciences-humaines-5-im-fr","55":"product_nssbb-sciences-humaines-6-im-fr","56":"product_nssbb_approved-nssbb-approved","57":"biblio_share_tag-juvenile-fiction-family-multigenerational-fr","58":"product_cat-abc-fr-2","59":"product_shipping_class-abc-test-fr","60":"entry","62":"first","63":"instock","64":"taxable","65":"shipping-taxable","66":"purchasable","67":"product-type-simple"},"yoast_head":"<!-- This site is optimized with the Yoast SEO plugin v24.0 - https:\/\/yoast.com\/wordpress\/plugins\/seo\/ -->\n<title>M\u00e9m\u00e8re Soleil, Nannie Lune - Atlantic Books<\/title>\n<meta name=\"robots\" content=\"index, follow, max-snippet:-1, max-image-preview:large, max-video-preview:-1\" \/>\n<link rel=\"canonical\" href=\"https:\/\/atlanticbooks.ca\/fr\/livres\/memere-soleil-nannie-lune\" \/>\n<meta property=\"og:locale\" content=\"fr_FR\" \/>\n<meta property=\"og:type\" content=\"article\" \/>\n<meta property=\"og:title\" content=\"M\u00e9m\u00e8re Soleil, Nannie Lune - Atlantic Books\" \/>\n<meta property=\"og:description\" content=\"Acadian M\u00e9m\u00e8re and Scottish Nannie seem to have nothing in common but their grandchildren, but in this beautiful picture book from bestselling author Diane Carmel L\u00e9ger and illustrator Jean-Luc Trudel, difference is celebrated. A co-publication with Nimbus Publishing, published simultaneously in English.\" \/>\n<meta property=\"og:url\" content=\"https:\/\/atlanticbooks.ca\/fr\/livres\/memere-soleil-nannie-lune\" \/>\n<meta property=\"og:site_name\" content=\"Atlantic Books\" \/>\n<meta property=\"article:modified_time\" content=\"2023-01-04T19:05:02+00:00\" \/>\n<meta property=\"og:image\" content=\"https:\/\/atlanticbooks.mystagingwebsite.com\/wp-content\/uploads\/biblioshare_attachments\/9782897500191.png\" \/>\n\t<meta property=\"og:image:width\" content=\"1800\" \/>\n\t<meta property=\"og:image:height\" content=\"1554\" \/>\n\t<meta property=\"og:image:type\" content=\"image\/png\" \/>\n<meta name=\"twitter:card\" content=\"summary_large_image\" \/>\n<meta name=\"twitter:label1\" content=\"Dur\u00e9e de lecture estim\u00e9e\" \/>\n\t<meta name=\"twitter:data1\" content=\"1 minute\" \/>\n<script type=\"application\/ld+json\" class=\"yoast-schema-graph\">{\"@context\":\"https:\/\/schema.org\",\"@graph\":[{\"@type\":\"WebPage\",\"@id\":\"https:\/\/atlanticbooks.ca\/fr\/livres\/memere-soleil-nannie-lune\",\"url\":\"https:\/\/atlanticbooks.ca\/fr\/livres\/memere-soleil-nannie-lune\",\"name\":\"M\u00e9m\u00e8re Soleil, Nannie Lune - Atlantic Books\",\"isPartOf\":{\"@id\":\"https:\/\/atlanticbooks.ca\/fr\/#website\"},\"primaryImageOfPage\":{\"@id\":\"https:\/\/atlanticbooks.ca\/fr\/livres\/memere-soleil-nannie-lune#primaryimage\"},\"image\":{\"@id\":\"https:\/\/atlanticbooks.ca\/fr\/livres\/memere-soleil-nannie-lune#primaryimage\"},\"thumbnailUrl\":\"https:\/\/atlanticbooks.ca\/wp-content\/uploads\/biblioshare_attachments\/9782897500191.png\",\"datePublished\":\"2022-08-18T20:58:56+00:00\",\"dateModified\":\"2023-01-04T19:05:02+00:00\",\"breadcrumb\":{\"@id\":\"https:\/\/atlanticbooks.ca\/fr\/livres\/memere-soleil-nannie-lune#breadcrumb\"},\"inLanguage\":\"fr-FR\",\"potentialAction\":[{\"@type\":\"ReadAction\",\"target\":[\"https:\/\/atlanticbooks.ca\/fr\/livres\/memere-soleil-nannie-lune\"]}]},{\"@type\":\"ImageObject\",\"inLanguage\":\"fr-FR\",\"@id\":\"https:\/\/atlanticbooks.ca\/fr\/livres\/memere-soleil-nannie-lune#primaryimage\",\"url\":\"https:\/\/atlanticbooks.ca\/wp-content\/uploads\/biblioshare_attachments\/9782897500191.png\",\"contentUrl\":\"https:\/\/atlanticbooks.ca\/wp-content\/uploads\/biblioshare_attachments\/9782897500191.png\",\"width\":1800,\"height\":1554},{\"@type\":\"BreadcrumbList\",\"@id\":\"https:\/\/atlanticbooks.ca\/fr\/livres\/memere-soleil-nannie-lune#breadcrumb\",\"itemListElement\":[{\"@type\":\"ListItem\",\"position\":1,\"name\":\"Domicile\",\"item\":\"https:\/\/atlanticbooks.ca\/fr\"},{\"@type\":\"ListItem\",\"position\":2,\"name\":\"Collections\",\"item\":\"https:\/\/atlanticbooks.ca\/fr\/collections\"},{\"@type\":\"ListItem\",\"position\":3,\"name\":\"M\u00e9m\u00e8re Soleil, Nannie Lune\"}]},{\"@type\":\"WebSite\",\"@id\":\"https:\/\/atlanticbooks.ca\/fr\/#website\",\"url\":\"https:\/\/atlanticbooks.ca\/fr\/\",\"name\":\"Atlantic Books\",\"description\":\"Atlantic Books\",\"publisher\":{\"@id\":\"https:\/\/atlanticbooks.ca\/fr\/#organization\"},\"potentialAction\":[{\"@type\":\"SearchAction\",\"target\":{\"@type\":\"EntryPoint\",\"urlTemplate\":\"https:\/\/atlanticbooks.ca\/fr\/?s={search_term_string}\"},\"query-input\":{\"@type\":\"PropertyValueSpecification\",\"valueRequired\":true,\"valueName\":\"search_term_string\"}}],\"inLanguage\":\"fr-FR\"},{\"@type\":\"Organization\",\"@id\":\"https:\/\/atlanticbooks.ca\/fr\/#organization\",\"name\":\"Atlantic Books\",\"url\":\"https:\/\/atlanticbooks.ca\/fr\/\",\"logo\":{\"@type\":\"ImageObject\",\"inLanguage\":\"fr-FR\",\"@id\":\"https:\/\/atlanticbooks.ca\/fr\/#\/schema\/logo\/image\/\",\"url\":\"https:\/\/atlanticbooks.ca\/wp-content\/uploads\/2020\/10\/atlantic-books-logo.png\",\"contentUrl\":\"https:\/\/atlanticbooks.ca\/wp-content\/uploads\/2020\/10\/atlantic-books-logo.png\",\"width\":566,\"height\":111,\"caption\":\"Atlantic Books\"},\"image\":{\"@id\":\"https:\/\/atlanticbooks.ca\/fr\/#\/schema\/logo\/image\/\"}}]}<\/script>\n<!-- \/ Yoast SEO plugin. -->","yoast_head_json":{"title":"M\u00e9m\u00e8re Soleil, Nannie Lune - Atlantic Books","robots":{"index":"index","follow":"follow","max-snippet":"max-snippet:-1","max-image-preview":"max-image-preview:large","max-video-preview":"max-video-preview:-1"},"canonical":"https:\/\/atlanticbooks.ca\/fr\/livres\/memere-soleil-nannie-lune","og_locale":"fr_FR","og_type":"article","og_title":"M\u00e9m\u00e8re Soleil, Nannie Lune - Atlantic Books","og_description":"Acadian M\u00e9m\u00e8re and Scottish Nannie seem to have nothing in common but their grandchildren, but in this beautiful picture book from bestselling author Diane Carmel L\u00e9ger and illustrator Jean-Luc Trudel, difference is celebrated. A co-publication with Nimbus Publishing, published simultaneously in English.","og_url":"https:\/\/atlanticbooks.ca\/fr\/livres\/memere-soleil-nannie-lune","og_site_name":"Atlantic Books","article_modified_time":"2023-01-04T19:05:02+00:00","og_image":[{"width":1800,"height":1554,"url":"https:\/\/atlanticbooks.mystagingwebsite.com\/wp-content\/uploads\/biblioshare_attachments\/9782897500191.png","type":"image\/png"}],"twitter_card":"summary_large_image","twitter_misc":{"Dur\u00e9e de lecture estim\u00e9e":"1 minute"},"schema":{"@context":"https:\/\/schema.org","@graph":[{"@type":"WebPage","@id":"https:\/\/atlanticbooks.ca\/fr\/livres\/memere-soleil-nannie-lune","url":"https:\/\/atlanticbooks.ca\/fr\/livres\/memere-soleil-nannie-lune","name":"M\u00e9m\u00e8re Soleil, Nannie Lune - Atlantic Books","isPartOf":{"@id":"https:\/\/atlanticbooks.ca\/fr\/#website"},"primaryImageOfPage":{"@id":"https:\/\/atlanticbooks.ca\/fr\/livres\/memere-soleil-nannie-lune#primaryimage"},"image":{"@id":"https:\/\/atlanticbooks.ca\/fr\/livres\/memere-soleil-nannie-lune#primaryimage"},"thumbnailUrl":"https:\/\/atlanticbooks.ca\/wp-content\/uploads\/biblioshare_attachments\/9782897500191.png","datePublished":"2022-08-18T20:58:56+00:00","dateModified":"2023-01-04T19:05:02+00:00","breadcrumb":{"@id":"https:\/\/atlanticbooks.ca\/fr\/livres\/memere-soleil-nannie-lune#breadcrumb"},"inLanguage":"fr-FR","potentialAction":[{"@type":"ReadAction","target":["https:\/\/atlanticbooks.ca\/fr\/livres\/memere-soleil-nannie-lune"]}]},{"@type":"ImageObject","inLanguage":"fr-FR","@id":"https:\/\/atlanticbooks.ca\/fr\/livres\/memere-soleil-nannie-lune#primaryimage","url":"https:\/\/atlanticbooks.ca\/wp-content\/uploads\/biblioshare_attachments\/9782897500191.png","contentUrl":"https:\/\/atlanticbooks.ca\/wp-content\/uploads\/biblioshare_attachments\/9782897500191.png","width":1800,"height":1554},{"@type":"BreadcrumbList","@id":"https:\/\/atlanticbooks.ca\/fr\/livres\/memere-soleil-nannie-lune#breadcrumb","itemListElement":[{"@type":"ListItem","position":1,"name":"Domicile","item":"https:\/\/atlanticbooks.ca\/fr"},{"@type":"ListItem","position":2,"name":"Collections","item":"https:\/\/atlanticbooks.ca\/fr\/collections"},{"@type":"ListItem","position":3,"name":"M\u00e9m\u00e8re Soleil, Nannie Lune"}]},{"@type":"WebSite","@id":"https:\/\/atlanticbooks.ca\/fr\/#website","url":"https:\/\/atlanticbooks.ca\/fr\/","name":"Atlantic Books","description":"Atlantic Books","publisher":{"@id":"https:\/\/atlanticbooks.ca\/fr\/#organization"},"potentialAction":[{"@type":"SearchAction","target":{"@type":"EntryPoint","urlTemplate":"https:\/\/atlanticbooks.ca\/fr\/?s={search_term_string}"},"query-input":{"@type":"PropertyValueSpecification","valueRequired":true,"valueName":"search_term_string"}}],"inLanguage":"fr-FR"},{"@type":"Organization","@id":"https:\/\/atlanticbooks.ca\/fr\/#organization","name":"Atlantic Books","url":"https:\/\/atlanticbooks.ca\/fr\/","logo":{"@type":"ImageObject","inLanguage":"fr-FR","@id":"https:\/\/atlanticbooks.ca\/fr\/#\/schema\/logo\/image\/","url":"https:\/\/atlanticbooks.ca\/wp-content\/uploads\/2020\/10\/atlantic-books-logo.png","contentUrl":"https:\/\/atlanticbooks.ca\/wp-content\/uploads\/2020\/10\/atlantic-books-logo.png","width":566,"height":111,"caption":"Atlantic Books"},"image":{"@id":"https:\/\/atlanticbooks.ca\/fr\/#\/schema\/logo\/image\/"}}]}},"_links":{"self":[{"href":"https:\/\/atlanticbooks.ca\/fr\/wp-json\/wp\/v2\/product\/64215","targetHints":{"allow":["GET"]}}],"collection":[{"href":"https:\/\/atlanticbooks.ca\/fr\/wp-json\/wp\/v2\/product"}],"about":[{"href":"https:\/\/atlanticbooks.ca\/fr\/wp-json\/wp\/v2\/types\/product"}],"wp:featuredmedia":[{"embeddable":true,"href":"https:\/\/atlanticbooks.ca\/fr\/wp-json\/wp\/v2\/media\/67577"}],"wp:attachment":[{"href":"https:\/\/atlanticbooks.ca\/fr\/wp-json\/wp\/v2\/media?parent=64215"}],"wp:term":[{"taxonomy":"product_brand","embeddable":true,"href":"https:\/\/atlanticbooks.ca\/fr\/wp-json\/wp\/v2\/product_brand?post=64215"},{"taxonomy":"product_cat","embeddable":true,"href":"https:\/\/atlanticbooks.ca\/fr\/wp-json\/wp\/v2\/product_cat?post=64215"},{"taxonomy":"product_tag","embeddable":true,"href":"https:\/\/atlanticbooks.ca\/fr\/wp-json\/wp\/v2\/product_tag?post=64215"}],"curies":[{"name":"wp","href":"https:\/\/api.w.org\/{rel}","templated":true}]}}