{"id":64213,"date":"2022-08-18T20:59:22","date_gmt":"2022-08-18T20:59:22","guid":{"rendered":"https:\/\/atlanticbooks.ca\/books\/le-chandail-de-cheticamp\/"},"modified":"2023-01-04T19:05:04","modified_gmt":"2023-01-04T19:05:04","slug":"le-chandail-de-cheticamp","status":"publish","type":"product","link":"https:\/\/atlanticbooks.ca\/fr\/livres\/le-chandail-de-cheticamp","title":{"rendered":"Le chandail de Ch\u00e9ticamp"},"content":{"rendered":"<p>English description follows.\u00a0\u00a0<\/p>\n<p>L\u2019heure du grand m\u00e9nage a sonn\u00e9 \u00e0 Ch\u00e9ticamp ! Qu\u2019arrivera-t-il au chandail pr\u00e9f\u00e9r\u00e9 de Simon ?<\/p>\n<p>Avec l\u2019aide de ses parents, et un peu \u00e0 contrecoeur, Simon fait le m\u00e9nage de sa garde-robe. \u00c0 son grand d\u00e9sarroi, chemise, ceinture et pantalons sont tour \u00e0 tour donn\u00e9s \u00e0 un inconnu\u2026 qui n\u2019a m\u00eame pas de jeunes enfants ! Quelle surprise monsieur Delaney peut-il bien pr\u00e9parer avec tous ces v\u00eatements ?<\/p>\n<p>It\u2019s time for spring cleaning in Ch\u00e9ticamp. With the help of his parents, Eric is reluctantly cleaning out his wardrobe. To his chagrin, Eric\u2019s favourite sweater, belt, and pants wind up being given to a complete stranger\u2026 who doesn\u2019t even have kids! What is Mr. Delaney planning to do with all those clothes?<\/p>\n","protected":false},"excerpt":{"rendered":"<p>It\u2019s time for spring cleaning in Ch\u00e9ticamp. With the help of his parents, Eric is reluctantly cleaning out his wardrobe. To his chagrin, Eric\u2019s favourite sweater, belt, and pants wind up being given to a complete stranger\u2026 who doesn\u2019t even have kids! What is Mr. Delaney planning to do with all those clothes?<\/p>\n","protected":false},"featured_media":52865,"template":"","meta":{"_genesis_hide_title":false,"_genesis_hide_breadcrumbs":false,"_genesis_hide_singular_image":false,"_genesis_hide_footer_widgets":false,"_genesis_custom_body_class":"","_genesis_custom_post_class":"","_genesis_layout":""},"product_brand":[],"product_cat":[12776],"product_tag":[],"class_list":{"0":"post-64213","1":"product","2":"type-product","3":"status-publish","4":"has-post-thumbnail","5":"product_language-fre","6":"product_subjects-juvenile-fiction-fr","7":"product_subjects-general-juvenile-fiction-fr","8":"product_curriculumsubject-francais-programmes-detudes-fr","9":"product_curriculumsubject-immersion-2-fr","10":"product_curriculumsubject-francais-arts-langagiers-im-fr","11":"product_curriculumsubject-francais-arts-langagiers-fr","12":"product_curriculumsubject-sciences-humaines-im-fr","13":"product_curriculumsubject-sciences-humaines-fr","14":"product_provincial_focus-n-e","15":"product_edi_languages-francais-fr","16":"product_nssbb-immersion-curriculum-subjects-fr","17":"product_nssbb-immersion-precoce-francais-arts-langagiers-3-im-fr","18":"product_nssbb-immersion-precoce-francais-arts-langagiers-4-im-fr","19":"product_nssbb-immersion-precoce-francais-arts-langagiers-5-im-fr","20":"product_nssbb-immersion-precoce-francais-arts-langagiers-6-im-fr","21":"product_nssbb-sciences-humaines-3-im-fr","22":"product_nssbb-sciences-humaines-4-im-fr","23":"product_nssbb-sciences-humaines-5-im-fr","24":"product_nssbb-sciences-humaines-6-im-fr","25":"product_nssbb_approved-nssbb-approved","26":"biblio_share_tag-juvenile-fiction-general-fr","27":"product_cat-abc-fr-2","28":"product_shipping_class-abc-test-fr","29":"entry","31":"first","32":"instock","33":"taxable","34":"shipping-taxable","35":"purchasable","36":"product-type-simple"},"yoast_head":"<!-- This site is optimized with the Yoast SEO plugin v24.0 - https:\/\/yoast.com\/wordpress\/plugins\/seo\/ -->\n<title>Le chandail de Ch\u00e9ticamp - Atlantic Books<\/title>\n<meta name=\"robots\" content=\"index, follow, max-snippet:-1, max-image-preview:large, max-video-preview:-1\" \/>\n<link rel=\"canonical\" href=\"https:\/\/atlanticbooks.ca\/fr\/livres\/le-chandail-de-cheticamp\" \/>\n<meta property=\"og:locale\" content=\"fr_FR\" \/>\n<meta property=\"og:type\" content=\"article\" \/>\n<meta property=\"og:title\" content=\"Le chandail de Ch\u00e9ticamp - Atlantic Books\" \/>\n<meta property=\"og:description\" content=\"It\u2019s time for spring cleaning in Ch\u00e9ticamp. With the help of his parents, Eric is reluctantly cleaning out his wardrobe. To his chagrin, Eric\u2019s favourite sweater, belt, and pants wind up being given to a complete stranger\u2026 who doesn\u2019t even have kids! What is Mr. Delaney planning to do with all those clothes?\" \/>\n<meta property=\"og:url\" content=\"https:\/\/atlanticbooks.ca\/fr\/livres\/le-chandail-de-cheticamp\" \/>\n<meta property=\"og:site_name\" content=\"Atlantic Books\" \/>\n<meta property=\"article:modified_time\" content=\"2023-01-04T19:05:04+00:00\" \/>\n<meta property=\"og:image\" content=\"https:\/\/atlanticbooks.mystagingwebsite.com\/wp-content\/uploads\/biblioshare_attachments\/9782897500160.png\" \/>\n\t<meta property=\"og:image:width\" content=\"1200\" \/>\n\t<meta property=\"og:image:height\" content=\"1198\" \/>\n\t<meta property=\"og:image:type\" content=\"image\/png\" \/>\n<meta name=\"twitter:card\" content=\"summary_large_image\" \/>\n<meta name=\"twitter:label1\" content=\"Dur\u00e9e de lecture estim\u00e9e\" \/>\n\t<meta name=\"twitter:data1\" content=\"1 minute\" \/>\n<script type=\"application\/ld+json\" class=\"yoast-schema-graph\">{\"@context\":\"https:\/\/schema.org\",\"@graph\":[{\"@type\":\"WebPage\",\"@id\":\"https:\/\/atlanticbooks.ca\/fr\/livres\/le-chandail-de-cheticamp\",\"url\":\"https:\/\/atlanticbooks.ca\/fr\/livres\/le-chandail-de-cheticamp\",\"name\":\"Le chandail de Ch\u00e9ticamp - Atlantic Books\",\"isPartOf\":{\"@id\":\"https:\/\/atlanticbooks.ca\/fr\/#website\"},\"primaryImageOfPage\":{\"@id\":\"https:\/\/atlanticbooks.ca\/fr\/livres\/le-chandail-de-cheticamp#primaryimage\"},\"image\":{\"@id\":\"https:\/\/atlanticbooks.ca\/fr\/livres\/le-chandail-de-cheticamp#primaryimage\"},\"thumbnailUrl\":\"https:\/\/atlanticbooks.ca\/wp-content\/uploads\/biblioshare_attachments\/9782897500160.png\",\"datePublished\":\"2022-08-18T20:59:22+00:00\",\"dateModified\":\"2023-01-04T19:05:04+00:00\",\"breadcrumb\":{\"@id\":\"https:\/\/atlanticbooks.ca\/fr\/livres\/le-chandail-de-cheticamp#breadcrumb\"},\"inLanguage\":\"fr-FR\",\"potentialAction\":[{\"@type\":\"ReadAction\",\"target\":[\"https:\/\/atlanticbooks.ca\/fr\/livres\/le-chandail-de-cheticamp\"]}]},{\"@type\":\"ImageObject\",\"inLanguage\":\"fr-FR\",\"@id\":\"https:\/\/atlanticbooks.ca\/fr\/livres\/le-chandail-de-cheticamp#primaryimage\",\"url\":\"https:\/\/atlanticbooks.ca\/wp-content\/uploads\/biblioshare_attachments\/9782897500160.png\",\"contentUrl\":\"https:\/\/atlanticbooks.ca\/wp-content\/uploads\/biblioshare_attachments\/9782897500160.png\",\"width\":1200,\"height\":1198},{\"@type\":\"BreadcrumbList\",\"@id\":\"https:\/\/atlanticbooks.ca\/fr\/livres\/le-chandail-de-cheticamp#breadcrumb\",\"itemListElement\":[{\"@type\":\"ListItem\",\"position\":1,\"name\":\"Domicile\",\"item\":\"https:\/\/atlanticbooks.ca\/fr\"},{\"@type\":\"ListItem\",\"position\":2,\"name\":\"Collections\",\"item\":\"https:\/\/atlanticbooks.ca\/fr\/collections\"},{\"@type\":\"ListItem\",\"position\":3,\"name\":\"Le chandail de Ch\u00e9ticamp\"}]},{\"@type\":\"WebSite\",\"@id\":\"https:\/\/atlanticbooks.ca\/fr\/#website\",\"url\":\"https:\/\/atlanticbooks.ca\/fr\/\",\"name\":\"Atlantic Books\",\"description\":\"Atlantic Books\",\"publisher\":{\"@id\":\"https:\/\/atlanticbooks.ca\/fr\/#organization\"},\"potentialAction\":[{\"@type\":\"SearchAction\",\"target\":{\"@type\":\"EntryPoint\",\"urlTemplate\":\"https:\/\/atlanticbooks.ca\/fr\/?s={search_term_string}\"},\"query-input\":{\"@type\":\"PropertyValueSpecification\",\"valueRequired\":true,\"valueName\":\"search_term_string\"}}],\"inLanguage\":\"fr-FR\"},{\"@type\":\"Organization\",\"@id\":\"https:\/\/atlanticbooks.ca\/fr\/#organization\",\"name\":\"Atlantic Books\",\"url\":\"https:\/\/atlanticbooks.ca\/fr\/\",\"logo\":{\"@type\":\"ImageObject\",\"inLanguage\":\"fr-FR\",\"@id\":\"https:\/\/atlanticbooks.ca\/fr\/#\/schema\/logo\/image\/\",\"url\":\"https:\/\/atlanticbooks.ca\/wp-content\/uploads\/2020\/10\/atlantic-books-logo.png\",\"contentUrl\":\"https:\/\/atlanticbooks.ca\/wp-content\/uploads\/2020\/10\/atlantic-books-logo.png\",\"width\":566,\"height\":111,\"caption\":\"Atlantic Books\"},\"image\":{\"@id\":\"https:\/\/atlanticbooks.ca\/fr\/#\/schema\/logo\/image\/\"}}]}<\/script>\n<!-- \/ Yoast SEO plugin. -->","yoast_head_json":{"title":"Le chandail de Ch\u00e9ticamp - Atlantic Books","robots":{"index":"index","follow":"follow","max-snippet":"max-snippet:-1","max-image-preview":"max-image-preview:large","max-video-preview":"max-video-preview:-1"},"canonical":"https:\/\/atlanticbooks.ca\/fr\/livres\/le-chandail-de-cheticamp","og_locale":"fr_FR","og_type":"article","og_title":"Le chandail de Ch\u00e9ticamp - Atlantic Books","og_description":"It\u2019s time for spring cleaning in Ch\u00e9ticamp. With the help of his parents, Eric is reluctantly cleaning out his wardrobe. To his chagrin, Eric\u2019s favourite sweater, belt, and pants wind up being given to a complete stranger\u2026 who doesn\u2019t even have kids! What is Mr. Delaney planning to do with all those clothes?","og_url":"https:\/\/atlanticbooks.ca\/fr\/livres\/le-chandail-de-cheticamp","og_site_name":"Atlantic Books","article_modified_time":"2023-01-04T19:05:04+00:00","og_image":[{"width":1200,"height":1198,"url":"https:\/\/atlanticbooks.mystagingwebsite.com\/wp-content\/uploads\/biblioshare_attachments\/9782897500160.png","type":"image\/png"}],"twitter_card":"summary_large_image","twitter_misc":{"Dur\u00e9e de lecture estim\u00e9e":"1 minute"},"schema":{"@context":"https:\/\/schema.org","@graph":[{"@type":"WebPage","@id":"https:\/\/atlanticbooks.ca\/fr\/livres\/le-chandail-de-cheticamp","url":"https:\/\/atlanticbooks.ca\/fr\/livres\/le-chandail-de-cheticamp","name":"Le chandail de Ch\u00e9ticamp - Atlantic Books","isPartOf":{"@id":"https:\/\/atlanticbooks.ca\/fr\/#website"},"primaryImageOfPage":{"@id":"https:\/\/atlanticbooks.ca\/fr\/livres\/le-chandail-de-cheticamp#primaryimage"},"image":{"@id":"https:\/\/atlanticbooks.ca\/fr\/livres\/le-chandail-de-cheticamp#primaryimage"},"thumbnailUrl":"https:\/\/atlanticbooks.ca\/wp-content\/uploads\/biblioshare_attachments\/9782897500160.png","datePublished":"2022-08-18T20:59:22+00:00","dateModified":"2023-01-04T19:05:04+00:00","breadcrumb":{"@id":"https:\/\/atlanticbooks.ca\/fr\/livres\/le-chandail-de-cheticamp#breadcrumb"},"inLanguage":"fr-FR","potentialAction":[{"@type":"ReadAction","target":["https:\/\/atlanticbooks.ca\/fr\/livres\/le-chandail-de-cheticamp"]}]},{"@type":"ImageObject","inLanguage":"fr-FR","@id":"https:\/\/atlanticbooks.ca\/fr\/livres\/le-chandail-de-cheticamp#primaryimage","url":"https:\/\/atlanticbooks.ca\/wp-content\/uploads\/biblioshare_attachments\/9782897500160.png","contentUrl":"https:\/\/atlanticbooks.ca\/wp-content\/uploads\/biblioshare_attachments\/9782897500160.png","width":1200,"height":1198},{"@type":"BreadcrumbList","@id":"https:\/\/atlanticbooks.ca\/fr\/livres\/le-chandail-de-cheticamp#breadcrumb","itemListElement":[{"@type":"ListItem","position":1,"name":"Domicile","item":"https:\/\/atlanticbooks.ca\/fr"},{"@type":"ListItem","position":2,"name":"Collections","item":"https:\/\/atlanticbooks.ca\/fr\/collections"},{"@type":"ListItem","position":3,"name":"Le chandail de Ch\u00e9ticamp"}]},{"@type":"WebSite","@id":"https:\/\/atlanticbooks.ca\/fr\/#website","url":"https:\/\/atlanticbooks.ca\/fr\/","name":"Atlantic Books","description":"Atlantic Books","publisher":{"@id":"https:\/\/atlanticbooks.ca\/fr\/#organization"},"potentialAction":[{"@type":"SearchAction","target":{"@type":"EntryPoint","urlTemplate":"https:\/\/atlanticbooks.ca\/fr\/?s={search_term_string}"},"query-input":{"@type":"PropertyValueSpecification","valueRequired":true,"valueName":"search_term_string"}}],"inLanguage":"fr-FR"},{"@type":"Organization","@id":"https:\/\/atlanticbooks.ca\/fr\/#organization","name":"Atlantic Books","url":"https:\/\/atlanticbooks.ca\/fr\/","logo":{"@type":"ImageObject","inLanguage":"fr-FR","@id":"https:\/\/atlanticbooks.ca\/fr\/#\/schema\/logo\/image\/","url":"https:\/\/atlanticbooks.ca\/wp-content\/uploads\/2020\/10\/atlantic-books-logo.png","contentUrl":"https:\/\/atlanticbooks.ca\/wp-content\/uploads\/2020\/10\/atlantic-books-logo.png","width":566,"height":111,"caption":"Atlantic Books"},"image":{"@id":"https:\/\/atlanticbooks.ca\/fr\/#\/schema\/logo\/image\/"}}]}},"_links":{"self":[{"href":"https:\/\/atlanticbooks.ca\/fr\/wp-json\/wp\/v2\/product\/64213","targetHints":{"allow":["GET"]}}],"collection":[{"href":"https:\/\/atlanticbooks.ca\/fr\/wp-json\/wp\/v2\/product"}],"about":[{"href":"https:\/\/atlanticbooks.ca\/fr\/wp-json\/wp\/v2\/types\/product"}],"wp:featuredmedia":[{"embeddable":true,"href":"https:\/\/atlanticbooks.ca\/fr\/wp-json\/wp\/v2\/media\/52865"}],"wp:attachment":[{"href":"https:\/\/atlanticbooks.ca\/fr\/wp-json\/wp\/v2\/media?parent=64213"}],"wp:term":[{"taxonomy":"product_brand","embeddable":true,"href":"https:\/\/atlanticbooks.ca\/fr\/wp-json\/wp\/v2\/product_brand?post=64213"},{"taxonomy":"product_cat","embeddable":true,"href":"https:\/\/atlanticbooks.ca\/fr\/wp-json\/wp\/v2\/product_cat?post=64213"},{"taxonomy":"product_tag","embeddable":true,"href":"https:\/\/atlanticbooks.ca\/fr\/wp-json\/wp\/v2\/product_tag?post=64213"}],"curies":[{"name":"wp","href":"https:\/\/api.w.org\/{rel}","templated":true}]}}