{"id":64211,"date":"2022-08-18T20:59:28","date_gmt":"2022-08-18T20:59:28","guid":{"rendered":"https:\/\/atlanticbooks.ca\/books\/le-pecheur-et-le-renard\/"},"modified":"2023-01-04T19:05:05","modified_gmt":"2023-01-04T19:05:05","slug":"le-pecheur-et-le-renard","status":"publish","type":"product","link":"https:\/\/atlanticbooks.ca\/fr\/livres\/le-pecheur-et-le-renard","title":{"rendered":"Le p\u00eacheur et le renard"},"content":{"rendered":"<p>English description follows.<\/p>\n<p>Barabas est seul et la p\u00eache n\u2019est pas tr\u00e8s fructueuse, jusqu\u2019au jour o\u00f9, dans la vie du vieux loup de mer, arrive un renard attentif. Il apporte avec lui une surprise de taille\u2026 Et peut-\u00eatre l\u2019abondance!<\/p>\n<p>Barabas est un p\u00eacheur solitaire. Chaque matin, il part en mer et ram\u00e8ne une mince prise \u00e0 la maison o\u00f9 personne ne l\u2019attend. Un jour, Barabas d\u00e9couvre des traces de pas pr\u00e8s de sa maison\u2026 Une amiti\u00e9 hors du commun va se lier entre loup de mer et renard. L\u2019abondance sera-t-elle au rendez-vous ?<\/p>\n<p>Barabas is a lonely fisherman. Every morning, alone, he goes out to sea on his small fishing boat, throws his net in the water, and hopes to bring some fish home (where no one is waiting for him). Then, one day Barabas discovers footprints near his home. To whom could they belong?<\/p>\n","protected":false},"excerpt":{"rendered":"<p>Barabas is a lonely fisherman. Every morning, alone, he goes out to sea on his small fishing boat, throws his net in the water, and hopes to bring some fish home (where no one is waiting for him). Then, one day Barabas discovers footprints near his home. To whom could they belong?<\/p>\n","protected":false},"featured_media":67581,"template":"","meta":{"_genesis_hide_title":false,"_genesis_hide_breadcrumbs":false,"_genesis_hide_singular_image":false,"_genesis_hide_footer_widgets":false,"_genesis_custom_body_class":"","_genesis_custom_post_class":"","_genesis_layout":""},"product_brand":[],"product_cat":[12776],"product_tag":[],"class_list":{"0":"post-64211","1":"product","2":"type-product","3":"status-publish","4":"has-post-thumbnail","5":"product_language-fre","6":"product_subjects-juvenile-fiction-fr","7":"product_subjects-general-juvenile-fiction-fr","8":"product_curriculumsubject-developpement-humain-im-fr","9":"product_curriculumsubject-francais-programmes-detudes-fr","10":"product_curriculumsubject-developpement-humain-fr","11":"product_curriculumsubject-immersion-2-fr","12":"product_curriculumsubject-francais-arts-langagiers-fr","13":"product_curriculumsubject-francais-arts-langagiers-im-fr","14":"product_curriculumsubject-sante-fr","15":"product_curriculumsubject-sante-im-fr","16":"product_edi_languages-francais-fr","17":"product_nssbb-immersion-curriculum-subjects-fr","18":"product_nssbb-immersion-precoce-francais-arts-langagiers-2-im-fr","19":"product_nssbb-immersion-precoce-francais-arts-langagiers-3-im-fr","20":"product_nssbb-immersion-precoce-francais-arts-langagiers-4-im-fr","21":"product_nssbb-immersion-precoce-francais-arts-langagiers-5-im-fr","22":"product_nssbb-immersion-precoce-francais-arts-langagiers-6-im-fr","23":"product_nssbb-sante-developpement-humain-2-im-fr","24":"product_nssbb-sante-developpement-humain-3-im-fr","25":"product_nssbb-sante-developpement-humain-4-im-fr","26":"product_nssbb-sante-developpement-humain-5-im-fr","27":"product_nssbb-sante-developpement-humain-6-im-fr","28":"product_nssbb_approved-nssbb-approved","29":"biblio_share_tag-juvenile-fiction-general-fr","30":"product_cat-abc-fr-2","31":"product_shipping_class-abc-test-fr","32":"entry","34":"first","35":"instock","36":"taxable","37":"shipping-taxable","38":"purchasable","39":"product-type-simple"},"yoast_head":"<!-- This site is optimized with the Yoast SEO plugin v24.0 - https:\/\/yoast.com\/wordpress\/plugins\/seo\/ -->\n<title>Le p\u00eacheur et le renard - Atlantic Books<\/title>\n<meta name=\"robots\" content=\"index, follow, max-snippet:-1, max-image-preview:large, max-video-preview:-1\" \/>\n<link rel=\"canonical\" href=\"https:\/\/atlanticbooks.ca\/fr\/livres\/le-pecheur-et-le-renard\" \/>\n<meta property=\"og:locale\" content=\"fr_FR\" \/>\n<meta property=\"og:type\" content=\"article\" \/>\n<meta property=\"og:title\" content=\"Le p\u00eacheur et le renard - Atlantic Books\" \/>\n<meta property=\"og:description\" content=\"Barabas is a lonely fisherman. Every morning, alone, he goes out to sea on his small fishing boat, throws his net in the water, and hopes to bring some fish home (where no one is waiting for him). Then, one day Barabas discovers footprints near his home. To whom could they belong?\" \/>\n<meta property=\"og:url\" content=\"https:\/\/atlanticbooks.ca\/fr\/livres\/le-pecheur-et-le-renard\" \/>\n<meta property=\"og:site_name\" content=\"Atlantic Books\" \/>\n<meta property=\"article:modified_time\" content=\"2023-01-04T19:05:05+00:00\" \/>\n<meta property=\"og:image\" content=\"https:\/\/atlanticbooks.mystagingwebsite.com\/wp-content\/uploads\/biblioshare_attachments\/9782897500139-scaled-1024x1024.png\" \/>\n\t<meta property=\"og:image:width\" content=\"1024\" \/>\n\t<meta property=\"og:image:height\" content=\"1024\" \/>\n\t<meta property=\"og:image:type\" content=\"image\/png\" \/>\n<meta name=\"twitter:card\" content=\"summary_large_image\" \/>\n<meta name=\"twitter:label1\" content=\"Dur\u00e9e de lecture estim\u00e9e\" \/>\n\t<meta name=\"twitter:data1\" content=\"1 minute\" \/>\n<script type=\"application\/ld+json\" class=\"yoast-schema-graph\">{\"@context\":\"https:\/\/schema.org\",\"@graph\":[{\"@type\":\"WebPage\",\"@id\":\"https:\/\/atlanticbooks.ca\/fr\/livres\/le-pecheur-et-le-renard\",\"url\":\"https:\/\/atlanticbooks.ca\/fr\/livres\/le-pecheur-et-le-renard\",\"name\":\"Le p\u00eacheur et le renard - Atlantic Books\",\"isPartOf\":{\"@id\":\"https:\/\/atlanticbooks.ca\/fr\/#website\"},\"primaryImageOfPage\":{\"@id\":\"https:\/\/atlanticbooks.ca\/fr\/livres\/le-pecheur-et-le-renard#primaryimage\"},\"image\":{\"@id\":\"https:\/\/atlanticbooks.ca\/fr\/livres\/le-pecheur-et-le-renard#primaryimage\"},\"thumbnailUrl\":\"https:\/\/atlanticbooks.ca\/wp-content\/uploads\/biblioshare_attachments\/9782897500139-scaled.png\",\"datePublished\":\"2022-08-18T20:59:28+00:00\",\"dateModified\":\"2023-01-04T19:05:05+00:00\",\"breadcrumb\":{\"@id\":\"https:\/\/atlanticbooks.ca\/fr\/livres\/le-pecheur-et-le-renard#breadcrumb\"},\"inLanguage\":\"fr-FR\",\"potentialAction\":[{\"@type\":\"ReadAction\",\"target\":[\"https:\/\/atlanticbooks.ca\/fr\/livres\/le-pecheur-et-le-renard\"]}]},{\"@type\":\"ImageObject\",\"inLanguage\":\"fr-FR\",\"@id\":\"https:\/\/atlanticbooks.ca\/fr\/livres\/le-pecheur-et-le-renard#primaryimage\",\"url\":\"https:\/\/atlanticbooks.ca\/wp-content\/uploads\/biblioshare_attachments\/9782897500139-scaled.png\",\"contentUrl\":\"https:\/\/atlanticbooks.ca\/wp-content\/uploads\/biblioshare_attachments\/9782897500139-scaled.png\",\"width\":2560,\"height\":2560},{\"@type\":\"BreadcrumbList\",\"@id\":\"https:\/\/atlanticbooks.ca\/fr\/livres\/le-pecheur-et-le-renard#breadcrumb\",\"itemListElement\":[{\"@type\":\"ListItem\",\"position\":1,\"name\":\"Domicile\",\"item\":\"https:\/\/atlanticbooks.ca\/fr\"},{\"@type\":\"ListItem\",\"position\":2,\"name\":\"Collections\",\"item\":\"https:\/\/atlanticbooks.ca\/fr\/collections\"},{\"@type\":\"ListItem\",\"position\":3,\"name\":\"Le p\u00eacheur et le renard\"}]},{\"@type\":\"WebSite\",\"@id\":\"https:\/\/atlanticbooks.ca\/fr\/#website\",\"url\":\"https:\/\/atlanticbooks.ca\/fr\/\",\"name\":\"Atlantic Books\",\"description\":\"Atlantic Books\",\"publisher\":{\"@id\":\"https:\/\/atlanticbooks.ca\/fr\/#organization\"},\"potentialAction\":[{\"@type\":\"SearchAction\",\"target\":{\"@type\":\"EntryPoint\",\"urlTemplate\":\"https:\/\/atlanticbooks.ca\/fr\/?s={search_term_string}\"},\"query-input\":{\"@type\":\"PropertyValueSpecification\",\"valueRequired\":true,\"valueName\":\"search_term_string\"}}],\"inLanguage\":\"fr-FR\"},{\"@type\":\"Organization\",\"@id\":\"https:\/\/atlanticbooks.ca\/fr\/#organization\",\"name\":\"Atlantic Books\",\"url\":\"https:\/\/atlanticbooks.ca\/fr\/\",\"logo\":{\"@type\":\"ImageObject\",\"inLanguage\":\"fr-FR\",\"@id\":\"https:\/\/atlanticbooks.ca\/fr\/#\/schema\/logo\/image\/\",\"url\":\"https:\/\/atlanticbooks.ca\/wp-content\/uploads\/2020\/10\/atlantic-books-logo.png\",\"contentUrl\":\"https:\/\/atlanticbooks.ca\/wp-content\/uploads\/2020\/10\/atlantic-books-logo.png\",\"width\":566,\"height\":111,\"caption\":\"Atlantic Books\"},\"image\":{\"@id\":\"https:\/\/atlanticbooks.ca\/fr\/#\/schema\/logo\/image\/\"}}]}<\/script>\n<!-- \/ Yoast SEO plugin. -->","yoast_head_json":{"title":"Le p\u00eacheur et le renard - Atlantic Books","robots":{"index":"index","follow":"follow","max-snippet":"max-snippet:-1","max-image-preview":"max-image-preview:large","max-video-preview":"max-video-preview:-1"},"canonical":"https:\/\/atlanticbooks.ca\/fr\/livres\/le-pecheur-et-le-renard","og_locale":"fr_FR","og_type":"article","og_title":"Le p\u00eacheur et le renard - Atlantic Books","og_description":"Barabas is a lonely fisherman. Every morning, alone, he goes out to sea on his small fishing boat, throws his net in the water, and hopes to bring some fish home (where no one is waiting for him). Then, one day Barabas discovers footprints near his home. To whom could they belong?","og_url":"https:\/\/atlanticbooks.ca\/fr\/livres\/le-pecheur-et-le-renard","og_site_name":"Atlantic Books","article_modified_time":"2023-01-04T19:05:05+00:00","og_image":[{"width":1024,"height":1024,"url":"https:\/\/atlanticbooks.mystagingwebsite.com\/wp-content\/uploads\/biblioshare_attachments\/9782897500139-scaled-1024x1024.png","type":"image\/png"}],"twitter_card":"summary_large_image","twitter_misc":{"Dur\u00e9e de lecture estim\u00e9e":"1 minute"},"schema":{"@context":"https:\/\/schema.org","@graph":[{"@type":"WebPage","@id":"https:\/\/atlanticbooks.ca\/fr\/livres\/le-pecheur-et-le-renard","url":"https:\/\/atlanticbooks.ca\/fr\/livres\/le-pecheur-et-le-renard","name":"Le p\u00eacheur et le renard - Atlantic Books","isPartOf":{"@id":"https:\/\/atlanticbooks.ca\/fr\/#website"},"primaryImageOfPage":{"@id":"https:\/\/atlanticbooks.ca\/fr\/livres\/le-pecheur-et-le-renard#primaryimage"},"image":{"@id":"https:\/\/atlanticbooks.ca\/fr\/livres\/le-pecheur-et-le-renard#primaryimage"},"thumbnailUrl":"https:\/\/atlanticbooks.ca\/wp-content\/uploads\/biblioshare_attachments\/9782897500139-scaled.png","datePublished":"2022-08-18T20:59:28+00:00","dateModified":"2023-01-04T19:05:05+00:00","breadcrumb":{"@id":"https:\/\/atlanticbooks.ca\/fr\/livres\/le-pecheur-et-le-renard#breadcrumb"},"inLanguage":"fr-FR","potentialAction":[{"@type":"ReadAction","target":["https:\/\/atlanticbooks.ca\/fr\/livres\/le-pecheur-et-le-renard"]}]},{"@type":"ImageObject","inLanguage":"fr-FR","@id":"https:\/\/atlanticbooks.ca\/fr\/livres\/le-pecheur-et-le-renard#primaryimage","url":"https:\/\/atlanticbooks.ca\/wp-content\/uploads\/biblioshare_attachments\/9782897500139-scaled.png","contentUrl":"https:\/\/atlanticbooks.ca\/wp-content\/uploads\/biblioshare_attachments\/9782897500139-scaled.png","width":2560,"height":2560},{"@type":"BreadcrumbList","@id":"https:\/\/atlanticbooks.ca\/fr\/livres\/le-pecheur-et-le-renard#breadcrumb","itemListElement":[{"@type":"ListItem","position":1,"name":"Domicile","item":"https:\/\/atlanticbooks.ca\/fr"},{"@type":"ListItem","position":2,"name":"Collections","item":"https:\/\/atlanticbooks.ca\/fr\/collections"},{"@type":"ListItem","position":3,"name":"Le p\u00eacheur et le renard"}]},{"@type":"WebSite","@id":"https:\/\/atlanticbooks.ca\/fr\/#website","url":"https:\/\/atlanticbooks.ca\/fr\/","name":"Atlantic Books","description":"Atlantic Books","publisher":{"@id":"https:\/\/atlanticbooks.ca\/fr\/#organization"},"potentialAction":[{"@type":"SearchAction","target":{"@type":"EntryPoint","urlTemplate":"https:\/\/atlanticbooks.ca\/fr\/?s={search_term_string}"},"query-input":{"@type":"PropertyValueSpecification","valueRequired":true,"valueName":"search_term_string"}}],"inLanguage":"fr-FR"},{"@type":"Organization","@id":"https:\/\/atlanticbooks.ca\/fr\/#organization","name":"Atlantic Books","url":"https:\/\/atlanticbooks.ca\/fr\/","logo":{"@type":"ImageObject","inLanguage":"fr-FR","@id":"https:\/\/atlanticbooks.ca\/fr\/#\/schema\/logo\/image\/","url":"https:\/\/atlanticbooks.ca\/wp-content\/uploads\/2020\/10\/atlantic-books-logo.png","contentUrl":"https:\/\/atlanticbooks.ca\/wp-content\/uploads\/2020\/10\/atlantic-books-logo.png","width":566,"height":111,"caption":"Atlantic Books"},"image":{"@id":"https:\/\/atlanticbooks.ca\/fr\/#\/schema\/logo\/image\/"}}]}},"_links":{"self":[{"href":"https:\/\/atlanticbooks.ca\/fr\/wp-json\/wp\/v2\/product\/64211","targetHints":{"allow":["GET"]}}],"collection":[{"href":"https:\/\/atlanticbooks.ca\/fr\/wp-json\/wp\/v2\/product"}],"about":[{"href":"https:\/\/atlanticbooks.ca\/fr\/wp-json\/wp\/v2\/types\/product"}],"wp:featuredmedia":[{"embeddable":true,"href":"https:\/\/atlanticbooks.ca\/fr\/wp-json\/wp\/v2\/media\/67581"}],"wp:attachment":[{"href":"https:\/\/atlanticbooks.ca\/fr\/wp-json\/wp\/v2\/media?parent=64211"}],"wp:term":[{"taxonomy":"product_brand","embeddable":true,"href":"https:\/\/atlanticbooks.ca\/fr\/wp-json\/wp\/v2\/product_brand?post=64211"},{"taxonomy":"product_cat","embeddable":true,"href":"https:\/\/atlanticbooks.ca\/fr\/wp-json\/wp\/v2\/product_cat?post=64211"},{"taxonomy":"product_tag","embeddable":true,"href":"https:\/\/atlanticbooks.ca\/fr\/wp-json\/wp\/v2\/product_tag?post=64211"}],"curies":[{"name":"wp","href":"https:\/\/api.w.org\/{rel}","templated":true}]}}