{"id":64209,"date":"2022-08-18T20:59:39","date_gmt":"2022-08-18T20:59:39","guid":{"rendered":"https:\/\/atlanticbooks.ca\/books\/appi-lutin-parfumeur\/"},"modified":"2022-11-09T21:04:13","modified_gmt":"2022-11-09T21:04:13","slug":"appi-lutin-parfumeur","status":"publish","type":"product","link":"https:\/\/atlanticbooks.ca\/fr\/livres\/appi-lutin-parfumeur","title":{"rendered":"Appi, lutin parfumeur"},"content":{"rendered":"<p>English description follows.<\/p>\n<p>Appi n\u2019est pas un lutin comme les autres\u2026 quel parfum cherche-t-elle aujourd\u2019hui au c\u0153ur de la for\u00eat?<\/p>\n<p>Une premi\u00e8re : de m\u00e9moire d\u2019enfant, on n\u2019a pas encore rencontr\u00e9 de lutin parfumeur! Et voil\u00e0 qu\u2019Appi entre en sc\u00e8ne. Malgr\u00e9 sa timidit\u00e9 l\u00e9gendaire, elle s\u2019appr\u00eate \u00e0 vivre une sortie extraordinaire\u2026 car c\u2019est le jour de floraison du n\u00e9nuphar violet, qui ne survient qu\u2019une fois tous les dix ans! Bien d\u00e9cid\u00e9e \u00e0 se procurer le nectar de la pr\u00e9cieuse fleur, Appi part \u00e0 la chasse aux odeurs. Mais elle n\u2019est pas la seule \u00e0 convoiter ce tr\u00e9sor\u2026<\/p>\n<p>Appi is a pixie, unlike any other: she is a shy perfume sprite. Despite her legendary shyness, she is preparing for an extraordinary outing: today is the day the purple waterlily blooms, which occurs only once every ten years! Determined to obtain the nectar from the precious flower for its fragrance, Appi goes on a quest. But she is not the only one searching for the treasured extract!<\/p>\n","protected":false},"excerpt":{"rendered":"<p>Appi is a pixie, unlike any other: she is a shy perfume sprite. Despite her legendary shyness, she is preparing for an extraordinary outing: today is the day the purple waterlily blooms, which occurs only once every ten years! Determined to obtain the nectar from the precious flower for its fragrance, Appi goes on a quest. But she is not the only one searching for the treasured extract!<\/p>\n","protected":false},"featured_media":67585,"template":"","meta":{"_genesis_hide_title":false,"_genesis_hide_breadcrumbs":false,"_genesis_hide_singular_image":false,"_genesis_hide_footer_widgets":false,"_genesis_custom_body_class":"","_genesis_custom_post_class":"","_genesis_layout":""},"product_brand":[],"product_cat":[12776],"product_tag":[],"class_list":{"0":"post-64209","1":"product","2":"type-product","3":"status-publish","4":"has-post-thumbnail","5":"product_language-fre","6":"product_subjects-juvenile-fiction-fr","7":"product_subjects-general-juvenile-fiction-fr","8":"product_reading_range-8-fr","9":"product_reading_range-7-fr","10":"product_reading_range-4-fr","11":"product_reading_range-5-fr","12":"product_reading_range-6-fr","13":"product_interest_range-4-fr","14":"product_interest_range-5-fr","15":"product_interest_range-6-fr","16":"product_interest_range-7-fr","17":"product_interest_range-8-fr","18":"product_grade_range-kindergarten-fr","19":"product_grade_range-first-grade-fr","20":"product_grade_range-second-grade-fr","21":"product_grade_range-third-grade-fr","22":"product_curriculumsubject-francais-programmes-detudes-fr","23":"product_curriculumsubject-education-artistique-fr","24":"product_curriculumsubject-immersion-2-fr","25":"product_curriculumsubject-education-artistique-im-fr","26":"product_edi_languages-francais-fr","27":"biblio_share_tag-juvenile-fiction-general-fr","28":"product_cat-abc-fr-2","29":"product_shipping_class-abc-test-fr","30":"entry","32":"first","33":"instock","34":"taxable","35":"shipping-taxable","36":"purchasable","37":"product-type-simple"},"yoast_head":"<!-- This site is optimized with the Yoast SEO plugin v24.0 - https:\/\/yoast.com\/wordpress\/plugins\/seo\/ -->\n<title>Appi, lutin parfumeur - Atlantic Books<\/title>\n<meta name=\"robots\" content=\"index, follow, max-snippet:-1, max-image-preview:large, max-video-preview:-1\" \/>\n<link rel=\"canonical\" href=\"https:\/\/atlanticbooks.ca\/fr\/livres\/appi-lutin-parfumeur\" \/>\n<meta property=\"og:locale\" content=\"fr_FR\" \/>\n<meta property=\"og:type\" content=\"article\" \/>\n<meta property=\"og:title\" content=\"Appi, lutin parfumeur - Atlantic Books\" \/>\n<meta property=\"og:description\" content=\"Appi is a pixie, unlike any other: she is a shy perfume sprite. Despite her legendary shyness, she is preparing for an extraordinary outing: today is the day the purple waterlily blooms, which occurs only once every ten years! Determined to obtain the nectar from the precious flower for its fragrance, Appi goes on a quest. But she is not the only one searching for the treasured extract!\" \/>\n<meta property=\"og:url\" content=\"https:\/\/atlanticbooks.ca\/fr\/livres\/appi-lutin-parfumeur\" \/>\n<meta property=\"og:site_name\" content=\"Atlantic Books\" \/>\n<meta property=\"article:modified_time\" content=\"2022-11-09T21:04:13+00:00\" \/>\n<meta property=\"og:image\" content=\"https:\/\/atlanticbooks.mystagingwebsite.com\/wp-content\/uploads\/biblioshare_attachments\/9782897500078-scaled-1024x1024.png\" \/>\n\t<meta property=\"og:image:width\" content=\"1024\" \/>\n\t<meta property=\"og:image:height\" content=\"1024\" \/>\n\t<meta property=\"og:image:type\" content=\"image\/png\" \/>\n<meta name=\"twitter:card\" content=\"summary_large_image\" \/>\n<meta name=\"twitter:label1\" content=\"Dur\u00e9e de lecture estim\u00e9e\" \/>\n\t<meta name=\"twitter:data1\" content=\"1 minute\" \/>\n<script type=\"application\/ld+json\" class=\"yoast-schema-graph\">{\"@context\":\"https:\/\/schema.org\",\"@graph\":[{\"@type\":\"WebPage\",\"@id\":\"https:\/\/atlanticbooks.ca\/fr\/livres\/appi-lutin-parfumeur\",\"url\":\"https:\/\/atlanticbooks.ca\/fr\/livres\/appi-lutin-parfumeur\",\"name\":\"Appi, lutin parfumeur - Atlantic Books\",\"isPartOf\":{\"@id\":\"https:\/\/atlanticbooks.ca\/fr\/#website\"},\"primaryImageOfPage\":{\"@id\":\"https:\/\/atlanticbooks.ca\/fr\/livres\/appi-lutin-parfumeur#primaryimage\"},\"image\":{\"@id\":\"https:\/\/atlanticbooks.ca\/fr\/livres\/appi-lutin-parfumeur#primaryimage\"},\"thumbnailUrl\":\"https:\/\/atlanticbooks.ca\/wp-content\/uploads\/biblioshare_attachments\/9782897500078-scaled.png\",\"datePublished\":\"2022-08-18T20:59:39+00:00\",\"dateModified\":\"2022-11-09T21:04:13+00:00\",\"breadcrumb\":{\"@id\":\"https:\/\/atlanticbooks.ca\/fr\/livres\/appi-lutin-parfumeur#breadcrumb\"},\"inLanguage\":\"fr-FR\",\"potentialAction\":[{\"@type\":\"ReadAction\",\"target\":[\"https:\/\/atlanticbooks.ca\/fr\/livres\/appi-lutin-parfumeur\"]}]},{\"@type\":\"ImageObject\",\"inLanguage\":\"fr-FR\",\"@id\":\"https:\/\/atlanticbooks.ca\/fr\/livres\/appi-lutin-parfumeur#primaryimage\",\"url\":\"https:\/\/atlanticbooks.ca\/wp-content\/uploads\/biblioshare_attachments\/9782897500078-scaled.png\",\"contentUrl\":\"https:\/\/atlanticbooks.ca\/wp-content\/uploads\/biblioshare_attachments\/9782897500078-scaled.png\",\"width\":1919,\"height\":2560},{\"@type\":\"BreadcrumbList\",\"@id\":\"https:\/\/atlanticbooks.ca\/fr\/livres\/appi-lutin-parfumeur#breadcrumb\",\"itemListElement\":[{\"@type\":\"ListItem\",\"position\":1,\"name\":\"Domicile\",\"item\":\"https:\/\/atlanticbooks.ca\/fr\"},{\"@type\":\"ListItem\",\"position\":2,\"name\":\"Collections\",\"item\":\"https:\/\/atlanticbooks.ca\/fr\/collections\"},{\"@type\":\"ListItem\",\"position\":3,\"name\":\"Appi, lutin parfumeur\"}]},{\"@type\":\"WebSite\",\"@id\":\"https:\/\/atlanticbooks.ca\/fr\/#website\",\"url\":\"https:\/\/atlanticbooks.ca\/fr\/\",\"name\":\"Atlantic Books\",\"description\":\"Atlantic Books\",\"publisher\":{\"@id\":\"https:\/\/atlanticbooks.ca\/fr\/#organization\"},\"potentialAction\":[{\"@type\":\"SearchAction\",\"target\":{\"@type\":\"EntryPoint\",\"urlTemplate\":\"https:\/\/atlanticbooks.ca\/fr\/?s={search_term_string}\"},\"query-input\":{\"@type\":\"PropertyValueSpecification\",\"valueRequired\":true,\"valueName\":\"search_term_string\"}}],\"inLanguage\":\"fr-FR\"},{\"@type\":\"Organization\",\"@id\":\"https:\/\/atlanticbooks.ca\/fr\/#organization\",\"name\":\"Atlantic Books\",\"url\":\"https:\/\/atlanticbooks.ca\/fr\/\",\"logo\":{\"@type\":\"ImageObject\",\"inLanguage\":\"fr-FR\",\"@id\":\"https:\/\/atlanticbooks.ca\/fr\/#\/schema\/logo\/image\/\",\"url\":\"https:\/\/atlanticbooks.ca\/wp-content\/uploads\/2020\/10\/atlantic-books-logo.png\",\"contentUrl\":\"https:\/\/atlanticbooks.ca\/wp-content\/uploads\/2020\/10\/atlantic-books-logo.png\",\"width\":566,\"height\":111,\"caption\":\"Atlantic Books\"},\"image\":{\"@id\":\"https:\/\/atlanticbooks.ca\/fr\/#\/schema\/logo\/image\/\"}}]}<\/script>\n<!-- \/ Yoast SEO plugin. -->","yoast_head_json":{"title":"Appi, lutin parfumeur - Atlantic Books","robots":{"index":"index","follow":"follow","max-snippet":"max-snippet:-1","max-image-preview":"max-image-preview:large","max-video-preview":"max-video-preview:-1"},"canonical":"https:\/\/atlanticbooks.ca\/fr\/livres\/appi-lutin-parfumeur","og_locale":"fr_FR","og_type":"article","og_title":"Appi, lutin parfumeur - Atlantic Books","og_description":"Appi is a pixie, unlike any other: she is a shy perfume sprite. Despite her legendary shyness, she is preparing for an extraordinary outing: today is the day the purple waterlily blooms, which occurs only once every ten years! Determined to obtain the nectar from the precious flower for its fragrance, Appi goes on a quest. But she is not the only one searching for the treasured extract!","og_url":"https:\/\/atlanticbooks.ca\/fr\/livres\/appi-lutin-parfumeur","og_site_name":"Atlantic Books","article_modified_time":"2022-11-09T21:04:13+00:00","og_image":[{"width":1024,"height":1024,"url":"https:\/\/atlanticbooks.mystagingwebsite.com\/wp-content\/uploads\/biblioshare_attachments\/9782897500078-scaled-1024x1024.png","type":"image\/png"}],"twitter_card":"summary_large_image","twitter_misc":{"Dur\u00e9e de lecture estim\u00e9e":"1 minute"},"schema":{"@context":"https:\/\/schema.org","@graph":[{"@type":"WebPage","@id":"https:\/\/atlanticbooks.ca\/fr\/livres\/appi-lutin-parfumeur","url":"https:\/\/atlanticbooks.ca\/fr\/livres\/appi-lutin-parfumeur","name":"Appi, lutin parfumeur - Atlantic Books","isPartOf":{"@id":"https:\/\/atlanticbooks.ca\/fr\/#website"},"primaryImageOfPage":{"@id":"https:\/\/atlanticbooks.ca\/fr\/livres\/appi-lutin-parfumeur#primaryimage"},"image":{"@id":"https:\/\/atlanticbooks.ca\/fr\/livres\/appi-lutin-parfumeur#primaryimage"},"thumbnailUrl":"https:\/\/atlanticbooks.ca\/wp-content\/uploads\/biblioshare_attachments\/9782897500078-scaled.png","datePublished":"2022-08-18T20:59:39+00:00","dateModified":"2022-11-09T21:04:13+00:00","breadcrumb":{"@id":"https:\/\/atlanticbooks.ca\/fr\/livres\/appi-lutin-parfumeur#breadcrumb"},"inLanguage":"fr-FR","potentialAction":[{"@type":"ReadAction","target":["https:\/\/atlanticbooks.ca\/fr\/livres\/appi-lutin-parfumeur"]}]},{"@type":"ImageObject","inLanguage":"fr-FR","@id":"https:\/\/atlanticbooks.ca\/fr\/livres\/appi-lutin-parfumeur#primaryimage","url":"https:\/\/atlanticbooks.ca\/wp-content\/uploads\/biblioshare_attachments\/9782897500078-scaled.png","contentUrl":"https:\/\/atlanticbooks.ca\/wp-content\/uploads\/biblioshare_attachments\/9782897500078-scaled.png","width":1919,"height":2560},{"@type":"BreadcrumbList","@id":"https:\/\/atlanticbooks.ca\/fr\/livres\/appi-lutin-parfumeur#breadcrumb","itemListElement":[{"@type":"ListItem","position":1,"name":"Domicile","item":"https:\/\/atlanticbooks.ca\/fr"},{"@type":"ListItem","position":2,"name":"Collections","item":"https:\/\/atlanticbooks.ca\/fr\/collections"},{"@type":"ListItem","position":3,"name":"Appi, lutin parfumeur"}]},{"@type":"WebSite","@id":"https:\/\/atlanticbooks.ca\/fr\/#website","url":"https:\/\/atlanticbooks.ca\/fr\/","name":"Atlantic Books","description":"Atlantic Books","publisher":{"@id":"https:\/\/atlanticbooks.ca\/fr\/#organization"},"potentialAction":[{"@type":"SearchAction","target":{"@type":"EntryPoint","urlTemplate":"https:\/\/atlanticbooks.ca\/fr\/?s={search_term_string}"},"query-input":{"@type":"PropertyValueSpecification","valueRequired":true,"valueName":"search_term_string"}}],"inLanguage":"fr-FR"},{"@type":"Organization","@id":"https:\/\/atlanticbooks.ca\/fr\/#organization","name":"Atlantic Books","url":"https:\/\/atlanticbooks.ca\/fr\/","logo":{"@type":"ImageObject","inLanguage":"fr-FR","@id":"https:\/\/atlanticbooks.ca\/fr\/#\/schema\/logo\/image\/","url":"https:\/\/atlanticbooks.ca\/wp-content\/uploads\/2020\/10\/atlantic-books-logo.png","contentUrl":"https:\/\/atlanticbooks.ca\/wp-content\/uploads\/2020\/10\/atlantic-books-logo.png","width":566,"height":111,"caption":"Atlantic Books"},"image":{"@id":"https:\/\/atlanticbooks.ca\/fr\/#\/schema\/logo\/image\/"}}]}},"_links":{"self":[{"href":"https:\/\/atlanticbooks.ca\/fr\/wp-json\/wp\/v2\/product\/64209","targetHints":{"allow":["GET"]}}],"collection":[{"href":"https:\/\/atlanticbooks.ca\/fr\/wp-json\/wp\/v2\/product"}],"about":[{"href":"https:\/\/atlanticbooks.ca\/fr\/wp-json\/wp\/v2\/types\/product"}],"wp:featuredmedia":[{"embeddable":true,"href":"https:\/\/atlanticbooks.ca\/fr\/wp-json\/wp\/v2\/media\/67585"}],"wp:attachment":[{"href":"https:\/\/atlanticbooks.ca\/fr\/wp-json\/wp\/v2\/media?parent=64209"}],"wp:term":[{"taxonomy":"product_brand","embeddable":true,"href":"https:\/\/atlanticbooks.ca\/fr\/wp-json\/wp\/v2\/product_brand?post=64209"},{"taxonomy":"product_cat","embeddable":true,"href":"https:\/\/atlanticbooks.ca\/fr\/wp-json\/wp\/v2\/product_cat?post=64209"},{"taxonomy":"product_tag","embeddable":true,"href":"https:\/\/atlanticbooks.ca\/fr\/wp-json\/wp\/v2\/product_tag?post=64209"}],"curies":[{"name":"wp","href":"https:\/\/api.w.org\/{rel}","templated":true}]}}