{"id":64207,"date":"2022-08-18T20:59:47","date_gmt":"2022-08-18T20:59:47","guid":{"rendered":"https:\/\/atlanticbooks.ca\/books\/drole-de-soccer\/"},"modified":"2022-11-09T21:04:12","modified_gmt":"2022-11-09T21:04:12","slug":"drole-de-soccer","status":"publish","type":"product","link":"https:\/\/atlanticbooks.ca\/fr\/livres\/drole-de-soccer","title":{"rendered":"Dr\u00f4le de Soccer !"},"content":{"rendered":"<p>English description follows.<\/p>\n<p>Quelle sera l\u2019issue de ce dr\u00f4le de match, entre des outardes et des joueurs de soccer ?<\/p>\n<p>Deux jeunes outardes d\u00e9couvrent un objet \u00e9trange dans leur habitat naturel. Croyant que c\u2019est un oeuf de dinosaure, elles alertent leur clan. Celui-ci se mobilise, car voil\u00e0 qu\u2019arrivent des \u00e9trangers qui se sentent en droit de donner des coups de pied \u00e0 cet oeuf abandonn\u00e9. Il va s\u2019en suivre un bien dr\u00f4le de match. Les outardes arriveront-elles \u00e0 faire respecter les r\u00e8gles du jeu entre l\u2019homme et la nature ?<\/p>\n<p>Two young Canada geese discover a strange object in their natural habitat. Believing that it is a dinosaur egg, they alert their flock immediately. They quickly ban together when a group of strangers arrives and begins kicking the abandoned egg. What ensues is a very funny match. Will the geese enforce the rules of the game between man and nature?<\/p>\n","protected":false},"excerpt":{"rendered":"<p>Two young Canada geese discover a strange object in their natural habitat. Believing that it is a dinosaur egg, they alert their flock immediately. They quickly ban together when a group of strangers arrives and begins kicking the abandoned egg. What ensues is a very funny match. Will the geese enforce the rules of the game between man and nature?<\/p>\n","protected":false},"featured_media":67589,"template":"","meta":{"_genesis_hide_title":false,"_genesis_hide_breadcrumbs":false,"_genesis_hide_singular_image":false,"_genesis_hide_footer_widgets":false,"_genesis_custom_body_class":"","_genesis_custom_post_class":"","_genesis_layout":""},"product_brand":[],"product_cat":[12776],"product_tag":[],"class_list":{"0":"post-64207","1":"product","2":"type-product","3":"status-publish","4":"has-post-thumbnail","5":"product_language-fre","6":"product_subjects-juvenile-fiction-fr","7":"product_subjects-general-juvenile-fiction-fr","8":"product_reading_range-8-fr","9":"product_reading_range-7-fr","10":"product_reading_range-4-fr","11":"product_reading_range-5-fr","12":"product_reading_range-6-fr","13":"product_interest_range-7-fr","14":"product_interest_range-8-fr","15":"product_interest_range-4-fr","16":"product_interest_range-5-fr","17":"product_interest_range-6-fr","18":"product_grade_range-kindergarten-fr","19":"product_grade_range-first-grade-fr","20":"product_grade_range-second-grade-fr","21":"product_grade_range-third-grade-fr","22":"product_curriculumsubject-francais-programmes-detudes-fr","23":"product_curriculumsubject-immersion-2-fr","24":"product_curriculumsubject-sciences-humaines-im-fr","25":"product_curriculumsubject-sciences-humaines-fr","26":"product_edi_languages-francais-fr","27":"biblio_share_tag-juvenile-fiction-general-fr","28":"product_cat-abc-fr-2","29":"product_shipping_class-abc-test-fr","30":"entry","32":"first","33":"instock","34":"taxable","35":"shipping-taxable","36":"purchasable","37":"product-type-simple"},"yoast_head":"<!-- This site is optimized with the Yoast SEO plugin v24.0 - https:\/\/yoast.com\/wordpress\/plugins\/seo\/ -->\n<title>Dr\u00f4le de Soccer ! - Atlantic Books<\/title>\n<meta name=\"robots\" content=\"index, follow, max-snippet:-1, max-image-preview:large, max-video-preview:-1\" \/>\n<link rel=\"canonical\" href=\"https:\/\/atlanticbooks.ca\/fr\/livres\/drole-de-soccer\" \/>\n<meta property=\"og:locale\" content=\"fr_FR\" \/>\n<meta property=\"og:type\" content=\"article\" \/>\n<meta property=\"og:title\" content=\"Dr\u00f4le de Soccer ! - Atlantic Books\" \/>\n<meta property=\"og:description\" content=\"Two young Canada geese discover a strange object in their natural habitat. Believing that it is a dinosaur egg, they alert their flock immediately. They quickly ban together when a group of strangers arrives and begins kicking the abandoned egg. What ensues is a very funny match. Will the geese enforce the rules of the game between man and nature?\" \/>\n<meta property=\"og:url\" content=\"https:\/\/atlanticbooks.ca\/fr\/livres\/drole-de-soccer\" \/>\n<meta property=\"og:site_name\" content=\"Atlantic Books\" \/>\n<meta property=\"article:modified_time\" content=\"2022-11-09T21:04:12+00:00\" \/>\n<meta property=\"og:image\" content=\"https:\/\/atlanticbooks.mystagingwebsite.com\/wp-content\/uploads\/biblioshare_attachments\/9782897500047.png\" \/>\n\t<meta property=\"og:image:width\" content=\"1050\" \/>\n\t<meta property=\"og:image:height\" content=\"923\" \/>\n\t<meta property=\"og:image:type\" content=\"image\/png\" \/>\n<meta name=\"twitter:card\" content=\"summary_large_image\" \/>\n<meta name=\"twitter:label1\" content=\"Dur\u00e9e de lecture estim\u00e9e\" \/>\n\t<meta name=\"twitter:data1\" content=\"1 minute\" \/>\n<script type=\"application\/ld+json\" class=\"yoast-schema-graph\">{\"@context\":\"https:\/\/schema.org\",\"@graph\":[{\"@type\":\"WebPage\",\"@id\":\"https:\/\/atlanticbooks.ca\/fr\/livres\/drole-de-soccer\",\"url\":\"https:\/\/atlanticbooks.ca\/fr\/livres\/drole-de-soccer\",\"name\":\"Dr\u00f4le de Soccer ! - Atlantic Books\",\"isPartOf\":{\"@id\":\"https:\/\/atlanticbooks.ca\/fr\/#website\"},\"primaryImageOfPage\":{\"@id\":\"https:\/\/atlanticbooks.ca\/fr\/livres\/drole-de-soccer#primaryimage\"},\"image\":{\"@id\":\"https:\/\/atlanticbooks.ca\/fr\/livres\/drole-de-soccer#primaryimage\"},\"thumbnailUrl\":\"https:\/\/atlanticbooks.ca\/wp-content\/uploads\/biblioshare_attachments\/9782897500047.png\",\"datePublished\":\"2022-08-18T20:59:47+00:00\",\"dateModified\":\"2022-11-09T21:04:12+00:00\",\"breadcrumb\":{\"@id\":\"https:\/\/atlanticbooks.ca\/fr\/livres\/drole-de-soccer#breadcrumb\"},\"inLanguage\":\"fr-FR\",\"potentialAction\":[{\"@type\":\"ReadAction\",\"target\":[\"https:\/\/atlanticbooks.ca\/fr\/livres\/drole-de-soccer\"]}]},{\"@type\":\"ImageObject\",\"inLanguage\":\"fr-FR\",\"@id\":\"https:\/\/atlanticbooks.ca\/fr\/livres\/drole-de-soccer#primaryimage\",\"url\":\"https:\/\/atlanticbooks.ca\/wp-content\/uploads\/biblioshare_attachments\/9782897500047.png\",\"contentUrl\":\"https:\/\/atlanticbooks.ca\/wp-content\/uploads\/biblioshare_attachments\/9782897500047.png\",\"width\":1050,\"height\":923},{\"@type\":\"BreadcrumbList\",\"@id\":\"https:\/\/atlanticbooks.ca\/fr\/livres\/drole-de-soccer#breadcrumb\",\"itemListElement\":[{\"@type\":\"ListItem\",\"position\":1,\"name\":\"Domicile\",\"item\":\"https:\/\/atlanticbooks.ca\/fr\"},{\"@type\":\"ListItem\",\"position\":2,\"name\":\"Collections\",\"item\":\"https:\/\/atlanticbooks.ca\/fr\/collections\"},{\"@type\":\"ListItem\",\"position\":3,\"name\":\"Dr\u00f4le de Soccer !\"}]},{\"@type\":\"WebSite\",\"@id\":\"https:\/\/atlanticbooks.ca\/fr\/#website\",\"url\":\"https:\/\/atlanticbooks.ca\/fr\/\",\"name\":\"Atlantic Books\",\"description\":\"Atlantic Books\",\"publisher\":{\"@id\":\"https:\/\/atlanticbooks.ca\/fr\/#organization\"},\"potentialAction\":[{\"@type\":\"SearchAction\",\"target\":{\"@type\":\"EntryPoint\",\"urlTemplate\":\"https:\/\/atlanticbooks.ca\/fr\/?s={search_term_string}\"},\"query-input\":{\"@type\":\"PropertyValueSpecification\",\"valueRequired\":true,\"valueName\":\"search_term_string\"}}],\"inLanguage\":\"fr-FR\"},{\"@type\":\"Organization\",\"@id\":\"https:\/\/atlanticbooks.ca\/fr\/#organization\",\"name\":\"Atlantic Books\",\"url\":\"https:\/\/atlanticbooks.ca\/fr\/\",\"logo\":{\"@type\":\"ImageObject\",\"inLanguage\":\"fr-FR\",\"@id\":\"https:\/\/atlanticbooks.ca\/fr\/#\/schema\/logo\/image\/\",\"url\":\"https:\/\/atlanticbooks.ca\/wp-content\/uploads\/2020\/10\/atlantic-books-logo.png\",\"contentUrl\":\"https:\/\/atlanticbooks.ca\/wp-content\/uploads\/2020\/10\/atlantic-books-logo.png\",\"width\":566,\"height\":111,\"caption\":\"Atlantic Books\"},\"image\":{\"@id\":\"https:\/\/atlanticbooks.ca\/fr\/#\/schema\/logo\/image\/\"}}]}<\/script>\n<!-- \/ Yoast SEO plugin. -->","yoast_head_json":{"title":"Dr\u00f4le de Soccer ! - Atlantic Books","robots":{"index":"index","follow":"follow","max-snippet":"max-snippet:-1","max-image-preview":"max-image-preview:large","max-video-preview":"max-video-preview:-1"},"canonical":"https:\/\/atlanticbooks.ca\/fr\/livres\/drole-de-soccer","og_locale":"fr_FR","og_type":"article","og_title":"Dr\u00f4le de Soccer ! - Atlantic Books","og_description":"Two young Canada geese discover a strange object in their natural habitat. Believing that it is a dinosaur egg, they alert their flock immediately. They quickly ban together when a group of strangers arrives and begins kicking the abandoned egg. What ensues is a very funny match. Will the geese enforce the rules of the game between man and nature?","og_url":"https:\/\/atlanticbooks.ca\/fr\/livres\/drole-de-soccer","og_site_name":"Atlantic Books","article_modified_time":"2022-11-09T21:04:12+00:00","og_image":[{"width":1050,"height":923,"url":"https:\/\/atlanticbooks.mystagingwebsite.com\/wp-content\/uploads\/biblioshare_attachments\/9782897500047.png","type":"image\/png"}],"twitter_card":"summary_large_image","twitter_misc":{"Dur\u00e9e de lecture estim\u00e9e":"1 minute"},"schema":{"@context":"https:\/\/schema.org","@graph":[{"@type":"WebPage","@id":"https:\/\/atlanticbooks.ca\/fr\/livres\/drole-de-soccer","url":"https:\/\/atlanticbooks.ca\/fr\/livres\/drole-de-soccer","name":"Dr\u00f4le de Soccer ! - Atlantic Books","isPartOf":{"@id":"https:\/\/atlanticbooks.ca\/fr\/#website"},"primaryImageOfPage":{"@id":"https:\/\/atlanticbooks.ca\/fr\/livres\/drole-de-soccer#primaryimage"},"image":{"@id":"https:\/\/atlanticbooks.ca\/fr\/livres\/drole-de-soccer#primaryimage"},"thumbnailUrl":"https:\/\/atlanticbooks.ca\/wp-content\/uploads\/biblioshare_attachments\/9782897500047.png","datePublished":"2022-08-18T20:59:47+00:00","dateModified":"2022-11-09T21:04:12+00:00","breadcrumb":{"@id":"https:\/\/atlanticbooks.ca\/fr\/livres\/drole-de-soccer#breadcrumb"},"inLanguage":"fr-FR","potentialAction":[{"@type":"ReadAction","target":["https:\/\/atlanticbooks.ca\/fr\/livres\/drole-de-soccer"]}]},{"@type":"ImageObject","inLanguage":"fr-FR","@id":"https:\/\/atlanticbooks.ca\/fr\/livres\/drole-de-soccer#primaryimage","url":"https:\/\/atlanticbooks.ca\/wp-content\/uploads\/biblioshare_attachments\/9782897500047.png","contentUrl":"https:\/\/atlanticbooks.ca\/wp-content\/uploads\/biblioshare_attachments\/9782897500047.png","width":1050,"height":923},{"@type":"BreadcrumbList","@id":"https:\/\/atlanticbooks.ca\/fr\/livres\/drole-de-soccer#breadcrumb","itemListElement":[{"@type":"ListItem","position":1,"name":"Domicile","item":"https:\/\/atlanticbooks.ca\/fr"},{"@type":"ListItem","position":2,"name":"Collections","item":"https:\/\/atlanticbooks.ca\/fr\/collections"},{"@type":"ListItem","position":3,"name":"Dr\u00f4le de Soccer !"}]},{"@type":"WebSite","@id":"https:\/\/atlanticbooks.ca\/fr\/#website","url":"https:\/\/atlanticbooks.ca\/fr\/","name":"Atlantic Books","description":"Atlantic Books","publisher":{"@id":"https:\/\/atlanticbooks.ca\/fr\/#organization"},"potentialAction":[{"@type":"SearchAction","target":{"@type":"EntryPoint","urlTemplate":"https:\/\/atlanticbooks.ca\/fr\/?s={search_term_string}"},"query-input":{"@type":"PropertyValueSpecification","valueRequired":true,"valueName":"search_term_string"}}],"inLanguage":"fr-FR"},{"@type":"Organization","@id":"https:\/\/atlanticbooks.ca\/fr\/#organization","name":"Atlantic Books","url":"https:\/\/atlanticbooks.ca\/fr\/","logo":{"@type":"ImageObject","inLanguage":"fr-FR","@id":"https:\/\/atlanticbooks.ca\/fr\/#\/schema\/logo\/image\/","url":"https:\/\/atlanticbooks.ca\/wp-content\/uploads\/2020\/10\/atlantic-books-logo.png","contentUrl":"https:\/\/atlanticbooks.ca\/wp-content\/uploads\/2020\/10\/atlantic-books-logo.png","width":566,"height":111,"caption":"Atlantic Books"},"image":{"@id":"https:\/\/atlanticbooks.ca\/fr\/#\/schema\/logo\/image\/"}}]}},"_links":{"self":[{"href":"https:\/\/atlanticbooks.ca\/fr\/wp-json\/wp\/v2\/product\/64207","targetHints":{"allow":["GET"]}}],"collection":[{"href":"https:\/\/atlanticbooks.ca\/fr\/wp-json\/wp\/v2\/product"}],"about":[{"href":"https:\/\/atlanticbooks.ca\/fr\/wp-json\/wp\/v2\/types\/product"}],"wp:featuredmedia":[{"embeddable":true,"href":"https:\/\/atlanticbooks.ca\/fr\/wp-json\/wp\/v2\/media\/67589"}],"wp:attachment":[{"href":"https:\/\/atlanticbooks.ca\/fr\/wp-json\/wp\/v2\/media?parent=64207"}],"wp:term":[{"taxonomy":"product_brand","embeddable":true,"href":"https:\/\/atlanticbooks.ca\/fr\/wp-json\/wp\/v2\/product_brand?post=64207"},{"taxonomy":"product_cat","embeddable":true,"href":"https:\/\/atlanticbooks.ca\/fr\/wp-json\/wp\/v2\/product_cat?post=64207"},{"taxonomy":"product_tag","embeddable":true,"href":"https:\/\/atlanticbooks.ca\/fr\/wp-json\/wp\/v2\/product_tag?post=64207"}],"curies":[{"name":"wp","href":"https:\/\/api.w.org\/{rel}","templated":true}]}}