{"id":64205,"date":"2022-08-18T20:59:53","date_gmt":"2022-08-18T20:59:53","guid":{"rendered":"https:\/\/atlanticbooks.ca\/books\/le-colosse-des-neiges-de-campbellton\/"},"modified":"2023-01-04T19:05:06","modified_gmt":"2023-01-04T19:05:06","slug":"le-colosse-des-neiges-de-campbellton","status":"publish","type":"product","link":"https:\/\/atlanticbooks.ca\/fr\/livres\/le-colosse-des-neiges-de-campbellton","title":{"rendered":"Le colosse des neiges de Campbellton"},"content":{"rendered":"<table border=\"0\" width=\"223\" cellspacing=\"0\" cellpadding=\"0\">\n<colgroup>\n<col width=\"223\" \/><\/colgroup>\n<tbody>\n<tr>\n<td class=\"xl65\" align=\"left\" width=\"223\" height=\"43\">English description follows.<\/p>\n<p>Des hurlements lugubres r\u00e9sonnent dans l\u2019air glac\u00e9 de la Restigouche, o\u00f9 se trouvent les Trois Mousquetaires en semaine de rel\u00e2che&#8230;<\/p>\n<p>C\u2019est le traditionnel cong\u00e9 scolaire du mois de mars, et les Trois Mousquetaires en profitent pour aller skier au mont Sugarloaf de Campbellton. Mais \u00e0 peine arriv\u00e9s, les jeunes d\u00e9tectives sont t\u00e9moins d\u2019\u00e9v\u00e9nements insolites. Ces \u00e9tranges marques de griffes profond\u00e9ment grav\u00e9s sur la luxueuse voiture de M. Zuccanni, par exemple&#8230; Et ces gens qui parlent \u00e0 voix basse d\u2019une b\u00eate inconnue r\u00f4dant dans la montagne&#8230;<\/p>\n<p>Gabriel, Ania and Mamadou, followed by their faithful dog, are on a ski vacation in Campbellton.\u00a0 But soon, they find themselves scouting a terrifying beast up frozen paths and towards a splendid mansion nestled near Mount Sugarloaf. The owner is a likeable Swiss chocolate millionaire, however Ania, the know-it-all of the young detective trio, is not buying his story. Will the skills of the \u2018Three Musketeers\u2019 finally falter on their 7th adventure?<\/td>\n<\/tr>\n<\/tbody>\n<\/table>\n","protected":false},"excerpt":{"rendered":"<p>English description follows. Des hurlements lugubres r\u00e9sonnent dans l\u2019air glac\u00e9 de la Restigouche, o\u00f9 se trouvent les Trois Mousquetaires en semaine de rel\u00e2che&#8230; C\u2019est le traditionnel cong\u00e9 scolaire du mois [&hellip;]<\/p>\n","protected":false},"featured_media":67593,"template":"","meta":{"_genesis_hide_title":false,"_genesis_hide_breadcrumbs":false,"_genesis_hide_singular_image":false,"_genesis_hide_footer_widgets":false,"_genesis_custom_body_class":"","_genesis_custom_post_class":"","_genesis_layout":""},"product_brand":[],"product_cat":[12776],"product_tag":[],"class_list":{"0":"post-64205","1":"product","2":"type-product","3":"status-publish","4":"has-post-thumbnail","5":"product_language-fre","6":"product_subjects-juvenile-fiction-fr","7":"product_subjects-general-juvenile-fiction-fr","8":"product_curriculumsubject-francais-programmes-detudes-fr","9":"product_curriculumsubject-immersion-2-fr","10":"product_curriculumsubject-francais-arts-langagiers-fr","11":"product_curriculumsubject-francais-arts-langagiers-im-fr","12":"product_edi_languages-francais-fr","13":"product_nssbb-immersion-curriculum-subjects-fr","14":"product_nssbb-immersion-precoce-francais-arts-langagiers-7-im-fr","15":"product_nssbb-immersion-precoce-francais-arts-langagiers-8-im-fr","16":"product_nssbb-immersion-precoce-francais-arts-langagiers-9-im-fr","17":"product_nssbb-immersion-precoce-francais-arts-langagiers-10-im-fr","18":"product_nssbb-immersion-precoce-francais-intensif-arts-langagiers-6-im-fr","19":"product_nssbb-immersion-precoce-francais-integre-arts-langagiers-7-im-fr","20":"product_nssbb-immersion-precoce-francais-integre-arts-langagiers-8-im-fr","21":"product_nssbb-immersion-precoce-francais-integre-arts-langagiers-9-im-fr","22":"product_nssbb-immersion-precoce-francais-integre-arts-langagiers-10-im-fr","23":"product_nssbb_approved-nssbb-approved","24":"biblio_share_tag-juvenile-fiction-general-fr","25":"product_cat-abc-fr-2","26":"product_shipping_class-abc-test-fr","27":"entry","29":"first","30":"instock","31":"taxable","32":"shipping-taxable","33":"purchasable","34":"product-type-simple"},"yoast_head":"<!-- This site is optimized with the Yoast SEO plugin v24.0 - https:\/\/yoast.com\/wordpress\/plugins\/seo\/ -->\n<title>Le colosse des neiges de Campbellton - Atlantic Books<\/title>\n<meta name=\"robots\" content=\"index, follow, max-snippet:-1, max-image-preview:large, max-video-preview:-1\" \/>\n<link rel=\"canonical\" href=\"https:\/\/atlanticbooks.ca\/fr\/livres\/le-colosse-des-neiges-de-campbellton\" \/>\n<meta property=\"og:locale\" content=\"fr_FR\" \/>\n<meta property=\"og:type\" content=\"article\" \/>\n<meta property=\"og:title\" content=\"Le colosse des neiges de Campbellton - Atlantic Books\" \/>\n<meta property=\"og:description\" content=\"English description follows. Des hurlements lugubres r\u00e9sonnent dans l\u2019air glac\u00e9 de la Restigouche, o\u00f9 se trouvent les Trois Mousquetaires en semaine de rel\u00e2che&#8230; C\u2019est le traditionnel cong\u00e9 scolaire du mois [&hellip;]\" \/>\n<meta property=\"og:url\" content=\"https:\/\/atlanticbooks.ca\/fr\/livres\/le-colosse-des-neiges-de-campbellton\" \/>\n<meta property=\"og:site_name\" content=\"Atlantic Books\" \/>\n<meta property=\"article:modified_time\" content=\"2023-01-04T19:05:06+00:00\" \/>\n<meta property=\"og:image\" content=\"https:\/\/atlanticbooks.mystagingwebsite.com\/wp-content\/uploads\/biblioshare_attachments\/9782897500016-scaled.png\" \/>\n\t<meta property=\"og:image:width\" content=\"1655\" \/>\n\t<meta property=\"og:image:height\" content=\"2560\" \/>\n\t<meta property=\"og:image:type\" content=\"image\/png\" \/>\n<meta name=\"twitter:card\" content=\"summary_large_image\" \/>\n<meta name=\"twitter:label1\" content=\"Dur\u00e9e de lecture estim\u00e9e\" \/>\n\t<meta name=\"twitter:data1\" content=\"1 minute\" \/>\n<script type=\"application\/ld+json\" class=\"yoast-schema-graph\">{\"@context\":\"https:\/\/schema.org\",\"@graph\":[{\"@type\":\"WebPage\",\"@id\":\"https:\/\/atlanticbooks.ca\/fr\/livres\/le-colosse-des-neiges-de-campbellton\",\"url\":\"https:\/\/atlanticbooks.ca\/fr\/livres\/le-colosse-des-neiges-de-campbellton\",\"name\":\"Le colosse des neiges de Campbellton - Atlantic Books\",\"isPartOf\":{\"@id\":\"https:\/\/atlanticbooks.ca\/fr\/#website\"},\"primaryImageOfPage\":{\"@id\":\"https:\/\/atlanticbooks.ca\/fr\/livres\/le-colosse-des-neiges-de-campbellton#primaryimage\"},\"image\":{\"@id\":\"https:\/\/atlanticbooks.ca\/fr\/livres\/le-colosse-des-neiges-de-campbellton#primaryimage\"},\"thumbnailUrl\":\"https:\/\/atlanticbooks.ca\/wp-content\/uploads\/biblioshare_attachments\/9782897500016-scaled.png\",\"datePublished\":\"2022-08-18T20:59:53+00:00\",\"dateModified\":\"2023-01-04T19:05:06+00:00\",\"breadcrumb\":{\"@id\":\"https:\/\/atlanticbooks.ca\/fr\/livres\/le-colosse-des-neiges-de-campbellton#breadcrumb\"},\"inLanguage\":\"fr-FR\",\"potentialAction\":[{\"@type\":\"ReadAction\",\"target\":[\"https:\/\/atlanticbooks.ca\/fr\/livres\/le-colosse-des-neiges-de-campbellton\"]}]},{\"@type\":\"ImageObject\",\"inLanguage\":\"fr-FR\",\"@id\":\"https:\/\/atlanticbooks.ca\/fr\/livres\/le-colosse-des-neiges-de-campbellton#primaryimage\",\"url\":\"https:\/\/atlanticbooks.ca\/wp-content\/uploads\/biblioshare_attachments\/9782897500016-scaled.png\",\"contentUrl\":\"https:\/\/atlanticbooks.ca\/wp-content\/uploads\/biblioshare_attachments\/9782897500016-scaled.png\",\"width\":1655,\"height\":2560},{\"@type\":\"BreadcrumbList\",\"@id\":\"https:\/\/atlanticbooks.ca\/fr\/livres\/le-colosse-des-neiges-de-campbellton#breadcrumb\",\"itemListElement\":[{\"@type\":\"ListItem\",\"position\":1,\"name\":\"Domicile\",\"item\":\"https:\/\/atlanticbooks.ca\/fr\"},{\"@type\":\"ListItem\",\"position\":2,\"name\":\"Collections\",\"item\":\"https:\/\/atlanticbooks.ca\/fr\/collections\"},{\"@type\":\"ListItem\",\"position\":3,\"name\":\"Le colosse des neiges de Campbellton\"}]},{\"@type\":\"WebSite\",\"@id\":\"https:\/\/atlanticbooks.ca\/fr\/#website\",\"url\":\"https:\/\/atlanticbooks.ca\/fr\/\",\"name\":\"Atlantic Books\",\"description\":\"Atlantic Books\",\"publisher\":{\"@id\":\"https:\/\/atlanticbooks.ca\/fr\/#organization\"},\"potentialAction\":[{\"@type\":\"SearchAction\",\"target\":{\"@type\":\"EntryPoint\",\"urlTemplate\":\"https:\/\/atlanticbooks.ca\/fr\/?s={search_term_string}\"},\"query-input\":{\"@type\":\"PropertyValueSpecification\",\"valueRequired\":true,\"valueName\":\"search_term_string\"}}],\"inLanguage\":\"fr-FR\"},{\"@type\":\"Organization\",\"@id\":\"https:\/\/atlanticbooks.ca\/fr\/#organization\",\"name\":\"Atlantic Books\",\"url\":\"https:\/\/atlanticbooks.ca\/fr\/\",\"logo\":{\"@type\":\"ImageObject\",\"inLanguage\":\"fr-FR\",\"@id\":\"https:\/\/atlanticbooks.ca\/fr\/#\/schema\/logo\/image\/\",\"url\":\"https:\/\/atlanticbooks.ca\/wp-content\/uploads\/2020\/10\/atlantic-books-logo.png\",\"contentUrl\":\"https:\/\/atlanticbooks.ca\/wp-content\/uploads\/2020\/10\/atlantic-books-logo.png\",\"width\":566,\"height\":111,\"caption\":\"Atlantic Books\"},\"image\":{\"@id\":\"https:\/\/atlanticbooks.ca\/fr\/#\/schema\/logo\/image\/\"}}]}<\/script>\n<!-- \/ Yoast SEO plugin. -->","yoast_head_json":{"title":"Le colosse des neiges de Campbellton - Atlantic Books","robots":{"index":"index","follow":"follow","max-snippet":"max-snippet:-1","max-image-preview":"max-image-preview:large","max-video-preview":"max-video-preview:-1"},"canonical":"https:\/\/atlanticbooks.ca\/fr\/livres\/le-colosse-des-neiges-de-campbellton","og_locale":"fr_FR","og_type":"article","og_title":"Le colosse des neiges de Campbellton - Atlantic Books","og_description":"English description follows. Des hurlements lugubres r\u00e9sonnent dans l\u2019air glac\u00e9 de la Restigouche, o\u00f9 se trouvent les Trois Mousquetaires en semaine de rel\u00e2che&#8230; C\u2019est le traditionnel cong\u00e9 scolaire du mois [&hellip;]","og_url":"https:\/\/atlanticbooks.ca\/fr\/livres\/le-colosse-des-neiges-de-campbellton","og_site_name":"Atlantic Books","article_modified_time":"2023-01-04T19:05:06+00:00","og_image":[{"width":1655,"height":2560,"url":"https:\/\/atlanticbooks.mystagingwebsite.com\/wp-content\/uploads\/biblioshare_attachments\/9782897500016-scaled.png","type":"image\/png"}],"twitter_card":"summary_large_image","twitter_misc":{"Dur\u00e9e de lecture estim\u00e9e":"1 minute"},"schema":{"@context":"https:\/\/schema.org","@graph":[{"@type":"WebPage","@id":"https:\/\/atlanticbooks.ca\/fr\/livres\/le-colosse-des-neiges-de-campbellton","url":"https:\/\/atlanticbooks.ca\/fr\/livres\/le-colosse-des-neiges-de-campbellton","name":"Le colosse des neiges de Campbellton - Atlantic Books","isPartOf":{"@id":"https:\/\/atlanticbooks.ca\/fr\/#website"},"primaryImageOfPage":{"@id":"https:\/\/atlanticbooks.ca\/fr\/livres\/le-colosse-des-neiges-de-campbellton#primaryimage"},"image":{"@id":"https:\/\/atlanticbooks.ca\/fr\/livres\/le-colosse-des-neiges-de-campbellton#primaryimage"},"thumbnailUrl":"https:\/\/atlanticbooks.ca\/wp-content\/uploads\/biblioshare_attachments\/9782897500016-scaled.png","datePublished":"2022-08-18T20:59:53+00:00","dateModified":"2023-01-04T19:05:06+00:00","breadcrumb":{"@id":"https:\/\/atlanticbooks.ca\/fr\/livres\/le-colosse-des-neiges-de-campbellton#breadcrumb"},"inLanguage":"fr-FR","potentialAction":[{"@type":"ReadAction","target":["https:\/\/atlanticbooks.ca\/fr\/livres\/le-colosse-des-neiges-de-campbellton"]}]},{"@type":"ImageObject","inLanguage":"fr-FR","@id":"https:\/\/atlanticbooks.ca\/fr\/livres\/le-colosse-des-neiges-de-campbellton#primaryimage","url":"https:\/\/atlanticbooks.ca\/wp-content\/uploads\/biblioshare_attachments\/9782897500016-scaled.png","contentUrl":"https:\/\/atlanticbooks.ca\/wp-content\/uploads\/biblioshare_attachments\/9782897500016-scaled.png","width":1655,"height":2560},{"@type":"BreadcrumbList","@id":"https:\/\/atlanticbooks.ca\/fr\/livres\/le-colosse-des-neiges-de-campbellton#breadcrumb","itemListElement":[{"@type":"ListItem","position":1,"name":"Domicile","item":"https:\/\/atlanticbooks.ca\/fr"},{"@type":"ListItem","position":2,"name":"Collections","item":"https:\/\/atlanticbooks.ca\/fr\/collections"},{"@type":"ListItem","position":3,"name":"Le colosse des neiges de Campbellton"}]},{"@type":"WebSite","@id":"https:\/\/atlanticbooks.ca\/fr\/#website","url":"https:\/\/atlanticbooks.ca\/fr\/","name":"Atlantic Books","description":"Atlantic Books","publisher":{"@id":"https:\/\/atlanticbooks.ca\/fr\/#organization"},"potentialAction":[{"@type":"SearchAction","target":{"@type":"EntryPoint","urlTemplate":"https:\/\/atlanticbooks.ca\/fr\/?s={search_term_string}"},"query-input":{"@type":"PropertyValueSpecification","valueRequired":true,"valueName":"search_term_string"}}],"inLanguage":"fr-FR"},{"@type":"Organization","@id":"https:\/\/atlanticbooks.ca\/fr\/#organization","name":"Atlantic Books","url":"https:\/\/atlanticbooks.ca\/fr\/","logo":{"@type":"ImageObject","inLanguage":"fr-FR","@id":"https:\/\/atlanticbooks.ca\/fr\/#\/schema\/logo\/image\/","url":"https:\/\/atlanticbooks.ca\/wp-content\/uploads\/2020\/10\/atlantic-books-logo.png","contentUrl":"https:\/\/atlanticbooks.ca\/wp-content\/uploads\/2020\/10\/atlantic-books-logo.png","width":566,"height":111,"caption":"Atlantic Books"},"image":{"@id":"https:\/\/atlanticbooks.ca\/fr\/#\/schema\/logo\/image\/"}}]}},"_links":{"self":[{"href":"https:\/\/atlanticbooks.ca\/fr\/wp-json\/wp\/v2\/product\/64205","targetHints":{"allow":["GET"]}}],"collection":[{"href":"https:\/\/atlanticbooks.ca\/fr\/wp-json\/wp\/v2\/product"}],"about":[{"href":"https:\/\/atlanticbooks.ca\/fr\/wp-json\/wp\/v2\/types\/product"}],"wp:featuredmedia":[{"embeddable":true,"href":"https:\/\/atlanticbooks.ca\/fr\/wp-json\/wp\/v2\/media\/67593"}],"wp:attachment":[{"href":"https:\/\/atlanticbooks.ca\/fr\/wp-json\/wp\/v2\/media?parent=64205"}],"wp:term":[{"taxonomy":"product_brand","embeddable":true,"href":"https:\/\/atlanticbooks.ca\/fr\/wp-json\/wp\/v2\/product_brand?post=64205"},{"taxonomy":"product_cat","embeddable":true,"href":"https:\/\/atlanticbooks.ca\/fr\/wp-json\/wp\/v2\/product_cat?post=64205"},{"taxonomy":"product_tag","embeddable":true,"href":"https:\/\/atlanticbooks.ca\/fr\/wp-json\/wp\/v2\/product_tag?post=64205"}],"curies":[{"name":"wp","href":"https:\/\/api.w.org\/{rel}","templated":true}]}}