{"id":64201,"date":"2022-08-18T21:00:04","date_gmt":"2022-08-18T21:00:04","guid":{"rendered":"https:\/\/atlanticbooks.ca\/books\/marcher-dans-le-ciel\/"},"modified":"2023-01-04T19:05:09","modified_gmt":"2023-01-04T19:05:09","slug":"marcher-dans-le-ciel","status":"publish","type":"product","link":"https:\/\/atlanticbooks.ca\/fr\/livres\/marcher-dans-le-ciel","title":{"rendered":"Marcher dans le ciel"},"content":{"rendered":"<table border=\"0\" width=\"223\" cellspacing=\"0\" cellpadding=\"0\">\n<colgroup>\n<col width=\"223\" \/><\/colgroup>\n<tbody>\n<tr>\n<td class=\"xl65\" align=\"left\" width=\"223\" height=\"43\">English description follows.<\/p>\n<p>Une constellation de po\u00e8mes et d\u2019images qui \u00e9claire le chemin de la d\u00e9couverte !<br \/>\nLa vie quotidienne peut para\u00eetre parfois bien complexe\u2026 Elle ressemble \u00e0 un syst\u00e8me solaire dans lequel les plan\u00e8tes vont et viennent, chaque jour apportant une petite r\u00e9volution dans l\u2019existence des enfants.<br \/>\nLes po\u00e8mes de ce recueil sont autant d\u2019univers en soi, o\u00f9 les chagrins, les peurs, les amiti\u00e9s, les deuils et les rires, toutes ces facettes lumineuses ou plus sombres de la vie, s\u2019\u00e9clairent tendrement comme des chemins trac\u00e9s dans le ciel du bout du doigt, en reliant des \u00e9toiles.<br \/>\nMarcher dans le ciel ouvre un horizon de sens insoup\u00e7onn\u00e9, riche en m\u00e9taphores et en enseignements philosophiques, mais dans la simplicit\u00e9 d\u2019un langage que les enfants comprennent.<\/p>\n<p>Poet laureate and spoken word artist Sonia Cotton with the help of Annie Boulanger\u2019s loving illustrations have created a unique book.\u00a0 Arrival of new neighbours, search for self-esteem, loss of a beloved grand-father, existence of time, mental stability, joy of creativity, amongst other, are explored with simple and yet profound words and images. A great high in content, low in reading difficulty book, sure to stimulate family or class room discussions.<\/td>\n<\/tr>\n<\/tbody>\n<\/table>\n","protected":false},"excerpt":{"rendered":"<p>English description follows. Une constellation de po\u00e8mes et d\u2019images qui \u00e9claire le chemin de la d\u00e9couverte ! La vie quotidienne peut para\u00eetre parfois bien complexe\u2026 Elle ressemble \u00e0 un syst\u00e8me [&hellip;]<\/p>\n","protected":false},"featured_media":67597,"template":"","meta":{"_genesis_hide_title":false,"_genesis_hide_breadcrumbs":false,"_genesis_hide_singular_image":false,"_genesis_hide_footer_widgets":false,"_genesis_custom_body_class":"","_genesis_custom_post_class":"","_genesis_layout":""},"product_brand":[],"product_cat":[12776],"product_tag":[],"class_list":{"0":"post-64201","1":"product","2":"type-product","3":"status-publish","4":"has-post-thumbnail","5":"product_language-fre","6":"product_subjects-juvenile-fiction-fr","7":"product_subjects-general-juvenile-fiction-fr","8":"product_curriculumsubject-francais-programmes-detudes-fr","9":"product_curriculumsubject-immersion-2-fr","10":"product_curriculumsubject-francais-arts-langagiers-fr","11":"product_curriculumsubject-francais-arts-langagiers-im-fr","12":"product_edi_languages-francais-fr","13":"product_nssbb-francais-programmes-detudes-fr","14":"product_nssbb-immersion-curriculum-subjects-fr","15":"product_nssbb-francais-arts-langagiers-3-fr","16":"product_nssbb-francais-arts-langagiers-4-fr","17":"product_nssbb-francais-arts-langagiers-5-fr","18":"product_nssbb-francais-arts-langagiers-6-fr","19":"product_nssbb_approved-nssbb-approved","20":"biblio_share_tag-juvenile-fiction-general-fr","21":"product_cat-abc-fr-2","22":"product_shipping_class-abc-test-fr","23":"entry","25":"first","26":"instock","27":"taxable","28":"shipping-taxable","29":"purchasable","30":"product-type-simple"},"yoast_head":"<!-- This site is optimized with the Yoast SEO plugin v24.0 - https:\/\/yoast.com\/wordpress\/plugins\/seo\/ -->\n<title>Marcher dans le ciel - Atlantic Books<\/title>\n<meta name=\"robots\" content=\"index, follow, max-snippet:-1, max-image-preview:large, max-video-preview:-1\" \/>\n<link rel=\"canonical\" href=\"https:\/\/atlanticbooks.ca\/fr\/livres\/marcher-dans-le-ciel\" \/>\n<meta property=\"og:locale\" content=\"fr_FR\" \/>\n<meta property=\"og:type\" content=\"article\" \/>\n<meta property=\"og:title\" content=\"Marcher dans le ciel - Atlantic Books\" \/>\n<meta property=\"og:description\" content=\"English description follows. Une constellation de po\u00e8mes et d\u2019images qui \u00e9claire le chemin de la d\u00e9couverte ! La vie quotidienne peut para\u00eetre parfois bien complexe\u2026 Elle ressemble \u00e0 un syst\u00e8me [&hellip;]\" \/>\n<meta property=\"og:url\" content=\"https:\/\/atlanticbooks.ca\/fr\/livres\/marcher-dans-le-ciel\" \/>\n<meta property=\"og:site_name\" content=\"Atlantic Books\" \/>\n<meta property=\"article:modified_time\" content=\"2023-01-04T19:05:09+00:00\" \/>\n<meta property=\"og:image\" content=\"https:\/\/atlanticbooks.mystagingwebsite.com\/wp-content\/uploads\/biblioshare_attachments\/9782896820801-1024x1024.png\" \/>\n\t<meta property=\"og:image:width\" content=\"1024\" \/>\n\t<meta property=\"og:image:height\" content=\"1024\" \/>\n\t<meta property=\"og:image:type\" content=\"image\/png\" \/>\n<meta name=\"twitter:card\" content=\"summary_large_image\" \/>\n<meta name=\"twitter:label1\" content=\"Dur\u00e9e de lecture estim\u00e9e\" \/>\n\t<meta name=\"twitter:data1\" content=\"1 minute\" \/>\n<script type=\"application\/ld+json\" class=\"yoast-schema-graph\">{\"@context\":\"https:\/\/schema.org\",\"@graph\":[{\"@type\":\"WebPage\",\"@id\":\"https:\/\/atlanticbooks.ca\/fr\/livres\/marcher-dans-le-ciel\",\"url\":\"https:\/\/atlanticbooks.ca\/fr\/livres\/marcher-dans-le-ciel\",\"name\":\"Marcher dans le ciel - Atlantic Books\",\"isPartOf\":{\"@id\":\"https:\/\/atlanticbooks.ca\/fr\/#website\"},\"primaryImageOfPage\":{\"@id\":\"https:\/\/atlanticbooks.ca\/fr\/livres\/marcher-dans-le-ciel#primaryimage\"},\"image\":{\"@id\":\"https:\/\/atlanticbooks.ca\/fr\/livres\/marcher-dans-le-ciel#primaryimage\"},\"thumbnailUrl\":\"https:\/\/atlanticbooks.ca\/wp-content\/uploads\/biblioshare_attachments\/9782896820801.png\",\"datePublished\":\"2022-08-18T21:00:04+00:00\",\"dateModified\":\"2023-01-04T19:05:09+00:00\",\"breadcrumb\":{\"@id\":\"https:\/\/atlanticbooks.ca\/fr\/livres\/marcher-dans-le-ciel#breadcrumb\"},\"inLanguage\":\"fr-FR\",\"potentialAction\":[{\"@type\":\"ReadAction\",\"target\":[\"https:\/\/atlanticbooks.ca\/fr\/livres\/marcher-dans-le-ciel\"]}]},{\"@type\":\"ImageObject\",\"inLanguage\":\"fr-FR\",\"@id\":\"https:\/\/atlanticbooks.ca\/fr\/livres\/marcher-dans-le-ciel#primaryimage\",\"url\":\"https:\/\/atlanticbooks.ca\/wp-content\/uploads\/biblioshare_attachments\/9782896820801.png\",\"contentUrl\":\"https:\/\/atlanticbooks.ca\/wp-content\/uploads\/biblioshare_attachments\/9782896820801.png\",\"width\":1500,\"height\":1173},{\"@type\":\"BreadcrumbList\",\"@id\":\"https:\/\/atlanticbooks.ca\/fr\/livres\/marcher-dans-le-ciel#breadcrumb\",\"itemListElement\":[{\"@type\":\"ListItem\",\"position\":1,\"name\":\"Domicile\",\"item\":\"https:\/\/atlanticbooks.ca\/fr\"},{\"@type\":\"ListItem\",\"position\":2,\"name\":\"Collections\",\"item\":\"https:\/\/atlanticbooks.ca\/fr\/collections\"},{\"@type\":\"ListItem\",\"position\":3,\"name\":\"Marcher dans le ciel\"}]},{\"@type\":\"WebSite\",\"@id\":\"https:\/\/atlanticbooks.ca\/fr\/#website\",\"url\":\"https:\/\/atlanticbooks.ca\/fr\/\",\"name\":\"Atlantic Books\",\"description\":\"Atlantic Books\",\"publisher\":{\"@id\":\"https:\/\/atlanticbooks.ca\/fr\/#organization\"},\"potentialAction\":[{\"@type\":\"SearchAction\",\"target\":{\"@type\":\"EntryPoint\",\"urlTemplate\":\"https:\/\/atlanticbooks.ca\/fr\/?s={search_term_string}\"},\"query-input\":{\"@type\":\"PropertyValueSpecification\",\"valueRequired\":true,\"valueName\":\"search_term_string\"}}],\"inLanguage\":\"fr-FR\"},{\"@type\":\"Organization\",\"@id\":\"https:\/\/atlanticbooks.ca\/fr\/#organization\",\"name\":\"Atlantic Books\",\"url\":\"https:\/\/atlanticbooks.ca\/fr\/\",\"logo\":{\"@type\":\"ImageObject\",\"inLanguage\":\"fr-FR\",\"@id\":\"https:\/\/atlanticbooks.ca\/fr\/#\/schema\/logo\/image\/\",\"url\":\"https:\/\/atlanticbooks.ca\/wp-content\/uploads\/2020\/10\/atlantic-books-logo.png\",\"contentUrl\":\"https:\/\/atlanticbooks.ca\/wp-content\/uploads\/2020\/10\/atlantic-books-logo.png\",\"width\":566,\"height\":111,\"caption\":\"Atlantic Books\"},\"image\":{\"@id\":\"https:\/\/atlanticbooks.ca\/fr\/#\/schema\/logo\/image\/\"}}]}<\/script>\n<!-- \/ Yoast SEO plugin. -->","yoast_head_json":{"title":"Marcher dans le ciel - Atlantic Books","robots":{"index":"index","follow":"follow","max-snippet":"max-snippet:-1","max-image-preview":"max-image-preview:large","max-video-preview":"max-video-preview:-1"},"canonical":"https:\/\/atlanticbooks.ca\/fr\/livres\/marcher-dans-le-ciel","og_locale":"fr_FR","og_type":"article","og_title":"Marcher dans le ciel - Atlantic Books","og_description":"English description follows. Une constellation de po\u00e8mes et d\u2019images qui \u00e9claire le chemin de la d\u00e9couverte ! La vie quotidienne peut para\u00eetre parfois bien complexe\u2026 Elle ressemble \u00e0 un syst\u00e8me [&hellip;]","og_url":"https:\/\/atlanticbooks.ca\/fr\/livres\/marcher-dans-le-ciel","og_site_name":"Atlantic Books","article_modified_time":"2023-01-04T19:05:09+00:00","og_image":[{"width":1024,"height":1024,"url":"https:\/\/atlanticbooks.mystagingwebsite.com\/wp-content\/uploads\/biblioshare_attachments\/9782896820801-1024x1024.png","type":"image\/png"}],"twitter_card":"summary_large_image","twitter_misc":{"Dur\u00e9e de lecture estim\u00e9e":"1 minute"},"schema":{"@context":"https:\/\/schema.org","@graph":[{"@type":"WebPage","@id":"https:\/\/atlanticbooks.ca\/fr\/livres\/marcher-dans-le-ciel","url":"https:\/\/atlanticbooks.ca\/fr\/livres\/marcher-dans-le-ciel","name":"Marcher dans le ciel - Atlantic Books","isPartOf":{"@id":"https:\/\/atlanticbooks.ca\/fr\/#website"},"primaryImageOfPage":{"@id":"https:\/\/atlanticbooks.ca\/fr\/livres\/marcher-dans-le-ciel#primaryimage"},"image":{"@id":"https:\/\/atlanticbooks.ca\/fr\/livres\/marcher-dans-le-ciel#primaryimage"},"thumbnailUrl":"https:\/\/atlanticbooks.ca\/wp-content\/uploads\/biblioshare_attachments\/9782896820801.png","datePublished":"2022-08-18T21:00:04+00:00","dateModified":"2023-01-04T19:05:09+00:00","breadcrumb":{"@id":"https:\/\/atlanticbooks.ca\/fr\/livres\/marcher-dans-le-ciel#breadcrumb"},"inLanguage":"fr-FR","potentialAction":[{"@type":"ReadAction","target":["https:\/\/atlanticbooks.ca\/fr\/livres\/marcher-dans-le-ciel"]}]},{"@type":"ImageObject","inLanguage":"fr-FR","@id":"https:\/\/atlanticbooks.ca\/fr\/livres\/marcher-dans-le-ciel#primaryimage","url":"https:\/\/atlanticbooks.ca\/wp-content\/uploads\/biblioshare_attachments\/9782896820801.png","contentUrl":"https:\/\/atlanticbooks.ca\/wp-content\/uploads\/biblioshare_attachments\/9782896820801.png","width":1500,"height":1173},{"@type":"BreadcrumbList","@id":"https:\/\/atlanticbooks.ca\/fr\/livres\/marcher-dans-le-ciel#breadcrumb","itemListElement":[{"@type":"ListItem","position":1,"name":"Domicile","item":"https:\/\/atlanticbooks.ca\/fr"},{"@type":"ListItem","position":2,"name":"Collections","item":"https:\/\/atlanticbooks.ca\/fr\/collections"},{"@type":"ListItem","position":3,"name":"Marcher dans le ciel"}]},{"@type":"WebSite","@id":"https:\/\/atlanticbooks.ca\/fr\/#website","url":"https:\/\/atlanticbooks.ca\/fr\/","name":"Atlantic Books","description":"Atlantic Books","publisher":{"@id":"https:\/\/atlanticbooks.ca\/fr\/#organization"},"potentialAction":[{"@type":"SearchAction","target":{"@type":"EntryPoint","urlTemplate":"https:\/\/atlanticbooks.ca\/fr\/?s={search_term_string}"},"query-input":{"@type":"PropertyValueSpecification","valueRequired":true,"valueName":"search_term_string"}}],"inLanguage":"fr-FR"},{"@type":"Organization","@id":"https:\/\/atlanticbooks.ca\/fr\/#organization","name":"Atlantic Books","url":"https:\/\/atlanticbooks.ca\/fr\/","logo":{"@type":"ImageObject","inLanguage":"fr-FR","@id":"https:\/\/atlanticbooks.ca\/fr\/#\/schema\/logo\/image\/","url":"https:\/\/atlanticbooks.ca\/wp-content\/uploads\/2020\/10\/atlantic-books-logo.png","contentUrl":"https:\/\/atlanticbooks.ca\/wp-content\/uploads\/2020\/10\/atlantic-books-logo.png","width":566,"height":111,"caption":"Atlantic Books"},"image":{"@id":"https:\/\/atlanticbooks.ca\/fr\/#\/schema\/logo\/image\/"}}]}},"_links":{"self":[{"href":"https:\/\/atlanticbooks.ca\/fr\/wp-json\/wp\/v2\/product\/64201","targetHints":{"allow":["GET"]}}],"collection":[{"href":"https:\/\/atlanticbooks.ca\/fr\/wp-json\/wp\/v2\/product"}],"about":[{"href":"https:\/\/atlanticbooks.ca\/fr\/wp-json\/wp\/v2\/types\/product"}],"wp:featuredmedia":[{"embeddable":true,"href":"https:\/\/atlanticbooks.ca\/fr\/wp-json\/wp\/v2\/media\/67597"}],"wp:attachment":[{"href":"https:\/\/atlanticbooks.ca\/fr\/wp-json\/wp\/v2\/media?parent=64201"}],"wp:term":[{"taxonomy":"product_brand","embeddable":true,"href":"https:\/\/atlanticbooks.ca\/fr\/wp-json\/wp\/v2\/product_brand?post=64201"},{"taxonomy":"product_cat","embeddable":true,"href":"https:\/\/atlanticbooks.ca\/fr\/wp-json\/wp\/v2\/product_cat?post=64201"},{"taxonomy":"product_tag","embeddable":true,"href":"https:\/\/atlanticbooks.ca\/fr\/wp-json\/wp\/v2\/product_tag?post=64201"}],"curies":[{"name":"wp","href":"https:\/\/api.w.org\/{rel}","templated":true}]}}