{"id":64199,"date":"2022-08-18T21:00:12","date_gmt":"2022-08-18T21:00:12","guid":{"rendered":"https:\/\/atlanticbooks.ca\/books\/une-etoile-sur-la-dune\/"},"modified":"2023-01-04T19:05:18","modified_gmt":"2023-01-04T19:05:18","slug":"une-etoile-sur-la-dune","status":"publish","type":"product","link":"https:\/\/atlanticbooks.ca\/fr\/livres\/une-etoile-sur-la-dune","title":{"rendered":"Une \u00e9toile sur la dune"},"content":{"rendered":"<p>Un livre d\u2019artiste, l\u2019histoire d\u2019une famille aimante, l\u2019histoire de Solange, une enfant prisonni\u00e8re de sa diff\u00e9rence.<\/p>\n<p>L\u2019\u00e9toile sur la dune, c\u2019est le tr\u00e9sor que chacun porte en soi et qui doit \u00e9clore. C\u2019est l\u2019histoire de Solange, enfant prisonni\u00e8re de sa diff\u00e9rence : l\u2019autisme, ce trouble envahissant du d\u00e9veloppement. Les pinceaux et les mots d\u2019une m\u00e8re, les aventures d\u2019un fr\u00e8re et la confiance d\u2019un p\u00e8re soutiennent la qu\u00eate de la petite, enferm\u00e9e dans un silence assourdissant d\u2019images et de mots. Gr\u00e2ce \u00e0 l\u2019amour familial qui trace le chemin vers la dune, gr\u00e2ce \u00e0 sa propre d\u00e9termination et \u00e0 son courage, l\u2019enfant grandit, cueille et nomme enfin son t\u00e9sow\u2026 un apprentissage \u00e0 la fois.<\/p>\n<p>Finaliste du prix litt\u00e9raire Tamarac de For\u00eat de la lecture &#8211; 2017.<\/p>\n<p>***<\/p>\n<p>Written and illustrated by a painter who knows from personal experience how it feels for a child to be locked within oneself; this book travels a unique path. An artist\u2019s book, accessible to the whole family, where imagery and words draw us towards the healing sea. No miracle cures, just a simple story of love, patience, and self-discovery, woven by mother, father, brother and the seashore.<\/p>\n","protected":false},"excerpt":{"rendered":"<p>Un livre d\u2019artiste, l\u2019histoire d\u2019une famille aimante, l\u2019histoire de Solange, une enfant prisonni\u00e8re de sa diff\u00e9rence. L\u2019\u00e9toile sur la dune, c\u2019est le tr\u00e9sor que chacun porte en soi et qui [&hellip;]<\/p>\n","protected":false},"featured_media":67601,"template":"","meta":{"_genesis_hide_title":false,"_genesis_hide_breadcrumbs":false,"_genesis_hide_singular_image":false,"_genesis_hide_footer_widgets":false,"_genesis_custom_body_class":"","_genesis_custom_post_class":"","_genesis_layout":""},"product_brand":[],"product_cat":[12776],"product_tag":[],"class_list":{"0":"post-64199","1":"product","2":"type-product","3":"status-publish","4":"has-post-thumbnail","5":"product_language-fre","6":"product_subjects-juvenile-fiction-fr","7":"product_subjects-general-juvenile-fiction-fr","8":"product_curriculumsubject-developpement-humain-im-fr","9":"product_curriculumsubject-francais-programmes-detudes-fr","10":"product_curriculumsubject-developpement-humain-fr","11":"product_curriculumsubject-immersion-2-fr","12":"product_curriculumsubject-francais-arts-langagiers-fr","13":"product_curriculumsubject-francais-arts-langagiers-im-fr","14":"product_edi_languages-francais-fr","15":"product_nssbb-immersion-curriculum-subjects-fr","16":"product_nssbb-immersion-precoce-francais-arts-langagiers-5-im-fr","17":"product_nssbb-immersion-precoce-francais-arts-langagiers-7-im-fr","18":"product_nssbb-immersion-precoce-francais-arts-langagiers-8-im-fr","19":"product_nssbb-immersion-tardive-francais-arts-langagiers-8-im-fr","20":"product_nssbb-immersion-tardive-francais-arts-langagiers-9-im-fr","21":"product_nssbb-sante-developpement-humain-5-im-fr","22":"product_nssbb_approved-nssbb-approved","23":"biblio_share_tag-juvenile-fiction-general-fr","24":"product_cat-abc-fr-2","25":"product_shipping_class-abc-test-fr","26":"entry","28":"first","29":"instock","30":"taxable","31":"shipping-taxable","32":"purchasable","33":"product-type-simple"},"yoast_head":"<!-- This site is optimized with the Yoast SEO plugin v24.0 - https:\/\/yoast.com\/wordpress\/plugins\/seo\/ -->\n<title>Une \u00e9toile sur la dune - Atlantic Books<\/title>\n<meta name=\"robots\" content=\"index, follow, max-snippet:-1, max-image-preview:large, max-video-preview:-1\" \/>\n<link rel=\"canonical\" href=\"https:\/\/atlanticbooks.ca\/fr\/livres\/une-etoile-sur-la-dune\" \/>\n<meta property=\"og:locale\" content=\"fr_FR\" \/>\n<meta property=\"og:type\" content=\"article\" \/>\n<meta property=\"og:title\" content=\"Une \u00e9toile sur la dune - Atlantic Books\" \/>\n<meta property=\"og:description\" content=\"Un livre d\u2019artiste, l\u2019histoire d\u2019une famille aimante, l\u2019histoire de Solange, une enfant prisonni\u00e8re de sa diff\u00e9rence. L\u2019\u00e9toile sur la dune, c\u2019est le tr\u00e9sor que chacun porte en soi et qui [&hellip;]\" \/>\n<meta property=\"og:url\" content=\"https:\/\/atlanticbooks.ca\/fr\/livres\/une-etoile-sur-la-dune\" \/>\n<meta property=\"og:site_name\" content=\"Atlantic Books\" \/>\n<meta property=\"article:modified_time\" content=\"2023-01-04T19:05:18+00:00\" \/>\n<meta property=\"og:image\" content=\"https:\/\/atlanticbooks.mystagingwebsite.com\/wp-content\/uploads\/biblioshare_attachments\/9782896820771-1024x1024.png\" \/>\n\t<meta property=\"og:image:width\" content=\"1024\" \/>\n\t<meta property=\"og:image:height\" content=\"1024\" \/>\n\t<meta property=\"og:image:type\" content=\"image\/png\" \/>\n<meta name=\"twitter:card\" content=\"summary_large_image\" \/>\n<meta name=\"twitter:label1\" content=\"Dur\u00e9e de lecture estim\u00e9e\" \/>\n\t<meta name=\"twitter:data1\" content=\"1 minute\" \/>\n<script type=\"application\/ld+json\" class=\"yoast-schema-graph\">{\"@context\":\"https:\/\/schema.org\",\"@graph\":[{\"@type\":\"WebPage\",\"@id\":\"https:\/\/atlanticbooks.ca\/fr\/livres\/une-etoile-sur-la-dune\",\"url\":\"https:\/\/atlanticbooks.ca\/fr\/livres\/une-etoile-sur-la-dune\",\"name\":\"Une \u00e9toile sur la dune - Atlantic Books\",\"isPartOf\":{\"@id\":\"https:\/\/atlanticbooks.ca\/fr\/#website\"},\"primaryImageOfPage\":{\"@id\":\"https:\/\/atlanticbooks.ca\/fr\/livres\/une-etoile-sur-la-dune#primaryimage\"},\"image\":{\"@id\":\"https:\/\/atlanticbooks.ca\/fr\/livres\/une-etoile-sur-la-dune#primaryimage\"},\"thumbnailUrl\":\"https:\/\/atlanticbooks.ca\/wp-content\/uploads\/biblioshare_attachments\/9782896820771.png\",\"datePublished\":\"2022-08-18T21:00:12+00:00\",\"dateModified\":\"2023-01-04T19:05:18+00:00\",\"breadcrumb\":{\"@id\":\"https:\/\/atlanticbooks.ca\/fr\/livres\/une-etoile-sur-la-dune#breadcrumb\"},\"inLanguage\":\"fr-FR\",\"potentialAction\":[{\"@type\":\"ReadAction\",\"target\":[\"https:\/\/atlanticbooks.ca\/fr\/livres\/une-etoile-sur-la-dune\"]}]},{\"@type\":\"ImageObject\",\"inLanguage\":\"fr-FR\",\"@id\":\"https:\/\/atlanticbooks.ca\/fr\/livres\/une-etoile-sur-la-dune#primaryimage\",\"url\":\"https:\/\/atlanticbooks.ca\/wp-content\/uploads\/biblioshare_attachments\/9782896820771.png\",\"contentUrl\":\"https:\/\/atlanticbooks.ca\/wp-content\/uploads\/biblioshare_attachments\/9782896820771.png\",\"width\":1500,\"height\":1977},{\"@type\":\"BreadcrumbList\",\"@id\":\"https:\/\/atlanticbooks.ca\/fr\/livres\/une-etoile-sur-la-dune#breadcrumb\",\"itemListElement\":[{\"@type\":\"ListItem\",\"position\":1,\"name\":\"Domicile\",\"item\":\"https:\/\/atlanticbooks.ca\/fr\"},{\"@type\":\"ListItem\",\"position\":2,\"name\":\"Collections\",\"item\":\"https:\/\/atlanticbooks.ca\/fr\/collections\"},{\"@type\":\"ListItem\",\"position\":3,\"name\":\"Une \u00e9toile sur la dune\"}]},{\"@type\":\"WebSite\",\"@id\":\"https:\/\/atlanticbooks.ca\/fr\/#website\",\"url\":\"https:\/\/atlanticbooks.ca\/fr\/\",\"name\":\"Atlantic Books\",\"description\":\"Atlantic Books\",\"publisher\":{\"@id\":\"https:\/\/atlanticbooks.ca\/fr\/#organization\"},\"potentialAction\":[{\"@type\":\"SearchAction\",\"target\":{\"@type\":\"EntryPoint\",\"urlTemplate\":\"https:\/\/atlanticbooks.ca\/fr\/?s={search_term_string}\"},\"query-input\":{\"@type\":\"PropertyValueSpecification\",\"valueRequired\":true,\"valueName\":\"search_term_string\"}}],\"inLanguage\":\"fr-FR\"},{\"@type\":\"Organization\",\"@id\":\"https:\/\/atlanticbooks.ca\/fr\/#organization\",\"name\":\"Atlantic Books\",\"url\":\"https:\/\/atlanticbooks.ca\/fr\/\",\"logo\":{\"@type\":\"ImageObject\",\"inLanguage\":\"fr-FR\",\"@id\":\"https:\/\/atlanticbooks.ca\/fr\/#\/schema\/logo\/image\/\",\"url\":\"https:\/\/atlanticbooks.ca\/wp-content\/uploads\/2020\/10\/atlantic-books-logo.png\",\"contentUrl\":\"https:\/\/atlanticbooks.ca\/wp-content\/uploads\/2020\/10\/atlantic-books-logo.png\",\"width\":566,\"height\":111,\"caption\":\"Atlantic Books\"},\"image\":{\"@id\":\"https:\/\/atlanticbooks.ca\/fr\/#\/schema\/logo\/image\/\"}}]}<\/script>\n<!-- \/ Yoast SEO plugin. -->","yoast_head_json":{"title":"Une \u00e9toile sur la dune - Atlantic Books","robots":{"index":"index","follow":"follow","max-snippet":"max-snippet:-1","max-image-preview":"max-image-preview:large","max-video-preview":"max-video-preview:-1"},"canonical":"https:\/\/atlanticbooks.ca\/fr\/livres\/une-etoile-sur-la-dune","og_locale":"fr_FR","og_type":"article","og_title":"Une \u00e9toile sur la dune - Atlantic Books","og_description":"Un livre d\u2019artiste, l\u2019histoire d\u2019une famille aimante, l\u2019histoire de Solange, une enfant prisonni\u00e8re de sa diff\u00e9rence. L\u2019\u00e9toile sur la dune, c\u2019est le tr\u00e9sor que chacun porte en soi et qui [&hellip;]","og_url":"https:\/\/atlanticbooks.ca\/fr\/livres\/une-etoile-sur-la-dune","og_site_name":"Atlantic Books","article_modified_time":"2023-01-04T19:05:18+00:00","og_image":[{"width":1024,"height":1024,"url":"https:\/\/atlanticbooks.mystagingwebsite.com\/wp-content\/uploads\/biblioshare_attachments\/9782896820771-1024x1024.png","type":"image\/png"}],"twitter_card":"summary_large_image","twitter_misc":{"Dur\u00e9e de lecture estim\u00e9e":"1 minute"},"schema":{"@context":"https:\/\/schema.org","@graph":[{"@type":"WebPage","@id":"https:\/\/atlanticbooks.ca\/fr\/livres\/une-etoile-sur-la-dune","url":"https:\/\/atlanticbooks.ca\/fr\/livres\/une-etoile-sur-la-dune","name":"Une \u00e9toile sur la dune - Atlantic Books","isPartOf":{"@id":"https:\/\/atlanticbooks.ca\/fr\/#website"},"primaryImageOfPage":{"@id":"https:\/\/atlanticbooks.ca\/fr\/livres\/une-etoile-sur-la-dune#primaryimage"},"image":{"@id":"https:\/\/atlanticbooks.ca\/fr\/livres\/une-etoile-sur-la-dune#primaryimage"},"thumbnailUrl":"https:\/\/atlanticbooks.ca\/wp-content\/uploads\/biblioshare_attachments\/9782896820771.png","datePublished":"2022-08-18T21:00:12+00:00","dateModified":"2023-01-04T19:05:18+00:00","breadcrumb":{"@id":"https:\/\/atlanticbooks.ca\/fr\/livres\/une-etoile-sur-la-dune#breadcrumb"},"inLanguage":"fr-FR","potentialAction":[{"@type":"ReadAction","target":["https:\/\/atlanticbooks.ca\/fr\/livres\/une-etoile-sur-la-dune"]}]},{"@type":"ImageObject","inLanguage":"fr-FR","@id":"https:\/\/atlanticbooks.ca\/fr\/livres\/une-etoile-sur-la-dune#primaryimage","url":"https:\/\/atlanticbooks.ca\/wp-content\/uploads\/biblioshare_attachments\/9782896820771.png","contentUrl":"https:\/\/atlanticbooks.ca\/wp-content\/uploads\/biblioshare_attachments\/9782896820771.png","width":1500,"height":1977},{"@type":"BreadcrumbList","@id":"https:\/\/atlanticbooks.ca\/fr\/livres\/une-etoile-sur-la-dune#breadcrumb","itemListElement":[{"@type":"ListItem","position":1,"name":"Domicile","item":"https:\/\/atlanticbooks.ca\/fr"},{"@type":"ListItem","position":2,"name":"Collections","item":"https:\/\/atlanticbooks.ca\/fr\/collections"},{"@type":"ListItem","position":3,"name":"Une \u00e9toile sur la dune"}]},{"@type":"WebSite","@id":"https:\/\/atlanticbooks.ca\/fr\/#website","url":"https:\/\/atlanticbooks.ca\/fr\/","name":"Atlantic Books","description":"Atlantic Books","publisher":{"@id":"https:\/\/atlanticbooks.ca\/fr\/#organization"},"potentialAction":[{"@type":"SearchAction","target":{"@type":"EntryPoint","urlTemplate":"https:\/\/atlanticbooks.ca\/fr\/?s={search_term_string}"},"query-input":{"@type":"PropertyValueSpecification","valueRequired":true,"valueName":"search_term_string"}}],"inLanguage":"fr-FR"},{"@type":"Organization","@id":"https:\/\/atlanticbooks.ca\/fr\/#organization","name":"Atlantic Books","url":"https:\/\/atlanticbooks.ca\/fr\/","logo":{"@type":"ImageObject","inLanguage":"fr-FR","@id":"https:\/\/atlanticbooks.ca\/fr\/#\/schema\/logo\/image\/","url":"https:\/\/atlanticbooks.ca\/wp-content\/uploads\/2020\/10\/atlantic-books-logo.png","contentUrl":"https:\/\/atlanticbooks.ca\/wp-content\/uploads\/2020\/10\/atlantic-books-logo.png","width":566,"height":111,"caption":"Atlantic Books"},"image":{"@id":"https:\/\/atlanticbooks.ca\/fr\/#\/schema\/logo\/image\/"}}]}},"_links":{"self":[{"href":"https:\/\/atlanticbooks.ca\/fr\/wp-json\/wp\/v2\/product\/64199","targetHints":{"allow":["GET"]}}],"collection":[{"href":"https:\/\/atlanticbooks.ca\/fr\/wp-json\/wp\/v2\/product"}],"about":[{"href":"https:\/\/atlanticbooks.ca\/fr\/wp-json\/wp\/v2\/types\/product"}],"wp:featuredmedia":[{"embeddable":true,"href":"https:\/\/atlanticbooks.ca\/fr\/wp-json\/wp\/v2\/media\/67601"}],"wp:attachment":[{"href":"https:\/\/atlanticbooks.ca\/fr\/wp-json\/wp\/v2\/media?parent=64199"}],"wp:term":[{"taxonomy":"product_brand","embeddable":true,"href":"https:\/\/atlanticbooks.ca\/fr\/wp-json\/wp\/v2\/product_brand?post=64199"},{"taxonomy":"product_cat","embeddable":true,"href":"https:\/\/atlanticbooks.ca\/fr\/wp-json\/wp\/v2\/product_cat?post=64199"},{"taxonomy":"product_tag","embeddable":true,"href":"https:\/\/atlanticbooks.ca\/fr\/wp-json\/wp\/v2\/product_tag?post=64199"}],"curies":[{"name":"wp","href":"https:\/\/api.w.org\/{rel}","templated":true}]}}