{"id":64197,"date":"2022-08-18T21:00:22","date_gmt":"2022-08-18T21:00:22","guid":{"rendered":"https:\/\/atlanticbooks.ca\/books\/le-tresor-de-memramcook\/"},"modified":"2022-11-09T21:03:58","modified_gmt":"2022-11-09T21:03:58","slug":"le-tresor-de-memramcook","status":"publish","type":"product","link":"https:\/\/atlanticbooks.ca\/fr\/livres\/le-tresor-de-memramcook","title":{"rendered":"Le tresor de Memramcook"},"content":{"rendered":"<p>English description follows.<\/p>\n<p>D\u00e9j\u00e0 que c\u2019est tout un d\u00e9fi d\u2019\u00eatre \u00abla nouvelle\u00bb de l\u2019\u00e9cole. Mais en plus, \u00eatre\u00a0oblig\u00e9e de faire \u00e9quipe avec Mathieu Landry ! Le gar\u00e7on \u00e0 casquette veut\u00a0l\u2019entra\u00eener dans une chasse au tr\u00e9sor. Et puis il y a ce vent qui souffle sans\u00a0arr\u00eat dans la vall\u00e9e de Memramcook. On dirait qu\u2019il murmure des choses, la\u00a0nuit\u2026<br \/>\nMarie et Mathieu devront s\u2019apprivoiser, tout en suivant les traces du p\u00e8re\u00a0Camille Lefebvre (fondateur du Coll\u00e8ge Saint-Joseph), afin de d\u00e9couvrir qui a\u00a0bien pu vandaliser le Monument-Lefebvre. Mettront-ils la main sur le convoit\u00e9\u00a0tr\u00e9sor de Memramcook ? Ce sera \u00e0 leurs risques et p\u00e9rils.<\/p>\n<p>It isn\u2019t easy being the new kid in a seemingly quiet village where everyone shares familiar ties. The school principal insists Marie the grumbler, from Quebec, work with Mathieu Landry, the teaser. Marie resists all she can, but finally, between the wind, Mathieu\u2019s persistence and his grandfather\u2019s insistence there is a treasure to be found in the Memramcook valley, Marie discovers the story about the Acadian Renaissance. And a treasure to boot!<\/p>\n","protected":false},"excerpt":{"rendered":"<p>English description follows. D\u00e9j\u00e0 que c\u2019est tout un d\u00e9fi d\u2019\u00eatre \u00abla nouvelle\u00bb de l\u2019\u00e9cole. Mais en plus, \u00eatre\u00a0oblig\u00e9e de faire \u00e9quipe avec Mathieu Landry ! Le gar\u00e7on \u00e0 casquette veut\u00a0l\u2019entra\u00eener [&hellip;]<\/p>\n","protected":false},"featured_media":67605,"template":"","meta":{"_genesis_hide_title":false,"_genesis_hide_breadcrumbs":false,"_genesis_hide_singular_image":false,"_genesis_hide_footer_widgets":false,"_genesis_custom_body_class":"","_genesis_custom_post_class":"","_genesis_layout":""},"product_brand":[],"product_cat":[12776],"product_tag":[],"class_list":{"0":"post-64197","1":"product","2":"type-product","3":"status-publish","4":"has-post-thumbnail","5":"product_language-fre","6":"product_subjects-juvenile-fiction-fr","7":"product_subjects-general-juvenile-fiction-fr","8":"product_curriculumsubject-francais-programmes-detudes-fr","9":"product_curriculumsubject-immersion-2-fr","10":"product_curriculumsubject-sciences-humaines-im-fr","11":"product_curriculumsubject-sciences-humaines-fr","12":"product_curriculumsubject-sciences-humaines-etudes-acadiennes-fr","13":"product_edi_languages-francais-fr","14":"biblio_share_tag-juvenile-fiction-general-fr","15":"product_cat-abc-fr-2","16":"product_shipping_class-abc-test-fr","17":"entry","19":"first","20":"instock","21":"taxable","22":"shipping-taxable","23":"purchasable","24":"product-type-simple"},"yoast_head":"<!-- This site is optimized with the Yoast SEO plugin v24.0 - https:\/\/yoast.com\/wordpress\/plugins\/seo\/ -->\n<title>Le tresor de Memramcook - Atlantic Books<\/title>\n<meta name=\"robots\" content=\"index, follow, max-snippet:-1, max-image-preview:large, max-video-preview:-1\" \/>\n<link rel=\"canonical\" href=\"https:\/\/atlanticbooks.ca\/fr\/livres\/le-tresor-de-memramcook\" \/>\n<meta property=\"og:locale\" content=\"fr_FR\" \/>\n<meta property=\"og:type\" content=\"article\" \/>\n<meta property=\"og:title\" content=\"Le tresor de Memramcook - Atlantic Books\" \/>\n<meta property=\"og:description\" content=\"English description follows. D\u00e9j\u00e0 que c\u2019est tout un d\u00e9fi d\u2019\u00eatre \u00abla nouvelle\u00bb de l\u2019\u00e9cole. Mais en plus, \u00eatre\u00a0oblig\u00e9e de faire \u00e9quipe avec Mathieu Landry ! Le gar\u00e7on \u00e0 casquette veut\u00a0l\u2019entra\u00eener [&hellip;]\" \/>\n<meta property=\"og:url\" content=\"https:\/\/atlanticbooks.ca\/fr\/livres\/le-tresor-de-memramcook\" \/>\n<meta property=\"og:site_name\" content=\"Atlantic Books\" \/>\n<meta property=\"article:modified_time\" content=\"2022-11-09T21:03:58+00:00\" \/>\n<meta property=\"og:image\" content=\"https:\/\/atlanticbooks.mystagingwebsite.com\/wp-content\/uploads\/biblioshare_attachments\/9782896820610-1024x1024.png\" \/>\n\t<meta property=\"og:image:width\" content=\"1024\" \/>\n\t<meta property=\"og:image:height\" content=\"1024\" \/>\n\t<meta property=\"og:image:type\" content=\"image\/png\" \/>\n<meta name=\"twitter:card\" content=\"summary_large_image\" \/>\n<meta name=\"twitter:label1\" content=\"Dur\u00e9e de lecture estim\u00e9e\" \/>\n\t<meta name=\"twitter:data1\" content=\"1 minute\" \/>\n<script type=\"application\/ld+json\" class=\"yoast-schema-graph\">{\"@context\":\"https:\/\/schema.org\",\"@graph\":[{\"@type\":\"WebPage\",\"@id\":\"https:\/\/atlanticbooks.ca\/fr\/livres\/le-tresor-de-memramcook\",\"url\":\"https:\/\/atlanticbooks.ca\/fr\/livres\/le-tresor-de-memramcook\",\"name\":\"Le tresor de Memramcook - Atlantic Books\",\"isPartOf\":{\"@id\":\"https:\/\/atlanticbooks.ca\/fr\/#website\"},\"primaryImageOfPage\":{\"@id\":\"https:\/\/atlanticbooks.ca\/fr\/livres\/le-tresor-de-memramcook#primaryimage\"},\"image\":{\"@id\":\"https:\/\/atlanticbooks.ca\/fr\/livres\/le-tresor-de-memramcook#primaryimage\"},\"thumbnailUrl\":\"https:\/\/atlanticbooks.ca\/wp-content\/uploads\/biblioshare_attachments\/9782896820610.png\",\"datePublished\":\"2022-08-18T21:00:22+00:00\",\"dateModified\":\"2022-11-09T21:03:58+00:00\",\"breadcrumb\":{\"@id\":\"https:\/\/atlanticbooks.ca\/fr\/livres\/le-tresor-de-memramcook#breadcrumb\"},\"inLanguage\":\"fr-FR\",\"potentialAction\":[{\"@type\":\"ReadAction\",\"target\":[\"https:\/\/atlanticbooks.ca\/fr\/livres\/le-tresor-de-memramcook\"]}]},{\"@type\":\"ImageObject\",\"inLanguage\":\"fr-FR\",\"@id\":\"https:\/\/atlanticbooks.ca\/fr\/livres\/le-tresor-de-memramcook#primaryimage\",\"url\":\"https:\/\/atlanticbooks.ca\/wp-content\/uploads\/biblioshare_attachments\/9782896820610.png\",\"contentUrl\":\"https:\/\/atlanticbooks.ca\/wp-content\/uploads\/biblioshare_attachments\/9782896820610.png\",\"width\":1500,\"height\":2166},{\"@type\":\"BreadcrumbList\",\"@id\":\"https:\/\/atlanticbooks.ca\/fr\/livres\/le-tresor-de-memramcook#breadcrumb\",\"itemListElement\":[{\"@type\":\"ListItem\",\"position\":1,\"name\":\"Domicile\",\"item\":\"https:\/\/atlanticbooks.ca\/fr\"},{\"@type\":\"ListItem\",\"position\":2,\"name\":\"Collections\",\"item\":\"https:\/\/atlanticbooks.ca\/fr\/collections\"},{\"@type\":\"ListItem\",\"position\":3,\"name\":\"Le tresor de Memramcook\"}]},{\"@type\":\"WebSite\",\"@id\":\"https:\/\/atlanticbooks.ca\/fr\/#website\",\"url\":\"https:\/\/atlanticbooks.ca\/fr\/\",\"name\":\"Atlantic Books\",\"description\":\"Atlantic Books\",\"publisher\":{\"@id\":\"https:\/\/atlanticbooks.ca\/fr\/#organization\"},\"potentialAction\":[{\"@type\":\"SearchAction\",\"target\":{\"@type\":\"EntryPoint\",\"urlTemplate\":\"https:\/\/atlanticbooks.ca\/fr\/?s={search_term_string}\"},\"query-input\":{\"@type\":\"PropertyValueSpecification\",\"valueRequired\":true,\"valueName\":\"search_term_string\"}}],\"inLanguage\":\"fr-FR\"},{\"@type\":\"Organization\",\"@id\":\"https:\/\/atlanticbooks.ca\/fr\/#organization\",\"name\":\"Atlantic Books\",\"url\":\"https:\/\/atlanticbooks.ca\/fr\/\",\"logo\":{\"@type\":\"ImageObject\",\"inLanguage\":\"fr-FR\",\"@id\":\"https:\/\/atlanticbooks.ca\/fr\/#\/schema\/logo\/image\/\",\"url\":\"https:\/\/atlanticbooks.ca\/wp-content\/uploads\/2020\/10\/atlantic-books-logo.png\",\"contentUrl\":\"https:\/\/atlanticbooks.ca\/wp-content\/uploads\/2020\/10\/atlantic-books-logo.png\",\"width\":566,\"height\":111,\"caption\":\"Atlantic Books\"},\"image\":{\"@id\":\"https:\/\/atlanticbooks.ca\/fr\/#\/schema\/logo\/image\/\"}}]}<\/script>\n<!-- \/ Yoast SEO plugin. -->","yoast_head_json":{"title":"Le tresor de Memramcook - Atlantic Books","robots":{"index":"index","follow":"follow","max-snippet":"max-snippet:-1","max-image-preview":"max-image-preview:large","max-video-preview":"max-video-preview:-1"},"canonical":"https:\/\/atlanticbooks.ca\/fr\/livres\/le-tresor-de-memramcook","og_locale":"fr_FR","og_type":"article","og_title":"Le tresor de Memramcook - Atlantic Books","og_description":"English description follows. D\u00e9j\u00e0 que c\u2019est tout un d\u00e9fi d\u2019\u00eatre \u00abla nouvelle\u00bb de l\u2019\u00e9cole. Mais en plus, \u00eatre\u00a0oblig\u00e9e de faire \u00e9quipe avec Mathieu Landry ! Le gar\u00e7on \u00e0 casquette veut\u00a0l\u2019entra\u00eener [&hellip;]","og_url":"https:\/\/atlanticbooks.ca\/fr\/livres\/le-tresor-de-memramcook","og_site_name":"Atlantic Books","article_modified_time":"2022-11-09T21:03:58+00:00","og_image":[{"width":1024,"height":1024,"url":"https:\/\/atlanticbooks.mystagingwebsite.com\/wp-content\/uploads\/biblioshare_attachments\/9782896820610-1024x1024.png","type":"image\/png"}],"twitter_card":"summary_large_image","twitter_misc":{"Dur\u00e9e de lecture estim\u00e9e":"1 minute"},"schema":{"@context":"https:\/\/schema.org","@graph":[{"@type":"WebPage","@id":"https:\/\/atlanticbooks.ca\/fr\/livres\/le-tresor-de-memramcook","url":"https:\/\/atlanticbooks.ca\/fr\/livres\/le-tresor-de-memramcook","name":"Le tresor de Memramcook - Atlantic Books","isPartOf":{"@id":"https:\/\/atlanticbooks.ca\/fr\/#website"},"primaryImageOfPage":{"@id":"https:\/\/atlanticbooks.ca\/fr\/livres\/le-tresor-de-memramcook#primaryimage"},"image":{"@id":"https:\/\/atlanticbooks.ca\/fr\/livres\/le-tresor-de-memramcook#primaryimage"},"thumbnailUrl":"https:\/\/atlanticbooks.ca\/wp-content\/uploads\/biblioshare_attachments\/9782896820610.png","datePublished":"2022-08-18T21:00:22+00:00","dateModified":"2022-11-09T21:03:58+00:00","breadcrumb":{"@id":"https:\/\/atlanticbooks.ca\/fr\/livres\/le-tresor-de-memramcook#breadcrumb"},"inLanguage":"fr-FR","potentialAction":[{"@type":"ReadAction","target":["https:\/\/atlanticbooks.ca\/fr\/livres\/le-tresor-de-memramcook"]}]},{"@type":"ImageObject","inLanguage":"fr-FR","@id":"https:\/\/atlanticbooks.ca\/fr\/livres\/le-tresor-de-memramcook#primaryimage","url":"https:\/\/atlanticbooks.ca\/wp-content\/uploads\/biblioshare_attachments\/9782896820610.png","contentUrl":"https:\/\/atlanticbooks.ca\/wp-content\/uploads\/biblioshare_attachments\/9782896820610.png","width":1500,"height":2166},{"@type":"BreadcrumbList","@id":"https:\/\/atlanticbooks.ca\/fr\/livres\/le-tresor-de-memramcook#breadcrumb","itemListElement":[{"@type":"ListItem","position":1,"name":"Domicile","item":"https:\/\/atlanticbooks.ca\/fr"},{"@type":"ListItem","position":2,"name":"Collections","item":"https:\/\/atlanticbooks.ca\/fr\/collections"},{"@type":"ListItem","position":3,"name":"Le tresor de Memramcook"}]},{"@type":"WebSite","@id":"https:\/\/atlanticbooks.ca\/fr\/#website","url":"https:\/\/atlanticbooks.ca\/fr\/","name":"Atlantic Books","description":"Atlantic Books","publisher":{"@id":"https:\/\/atlanticbooks.ca\/fr\/#organization"},"potentialAction":[{"@type":"SearchAction","target":{"@type":"EntryPoint","urlTemplate":"https:\/\/atlanticbooks.ca\/fr\/?s={search_term_string}"},"query-input":{"@type":"PropertyValueSpecification","valueRequired":true,"valueName":"search_term_string"}}],"inLanguage":"fr-FR"},{"@type":"Organization","@id":"https:\/\/atlanticbooks.ca\/fr\/#organization","name":"Atlantic Books","url":"https:\/\/atlanticbooks.ca\/fr\/","logo":{"@type":"ImageObject","inLanguage":"fr-FR","@id":"https:\/\/atlanticbooks.ca\/fr\/#\/schema\/logo\/image\/","url":"https:\/\/atlanticbooks.ca\/wp-content\/uploads\/2020\/10\/atlantic-books-logo.png","contentUrl":"https:\/\/atlanticbooks.ca\/wp-content\/uploads\/2020\/10\/atlantic-books-logo.png","width":566,"height":111,"caption":"Atlantic Books"},"image":{"@id":"https:\/\/atlanticbooks.ca\/fr\/#\/schema\/logo\/image\/"}}]}},"_links":{"self":[{"href":"https:\/\/atlanticbooks.ca\/fr\/wp-json\/wp\/v2\/product\/64197","targetHints":{"allow":["GET"]}}],"collection":[{"href":"https:\/\/atlanticbooks.ca\/fr\/wp-json\/wp\/v2\/product"}],"about":[{"href":"https:\/\/atlanticbooks.ca\/fr\/wp-json\/wp\/v2\/types\/product"}],"wp:featuredmedia":[{"embeddable":true,"href":"https:\/\/atlanticbooks.ca\/fr\/wp-json\/wp\/v2\/media\/67605"}],"wp:attachment":[{"href":"https:\/\/atlanticbooks.ca\/fr\/wp-json\/wp\/v2\/media?parent=64197"}],"wp:term":[{"taxonomy":"product_brand","embeddable":true,"href":"https:\/\/atlanticbooks.ca\/fr\/wp-json\/wp\/v2\/product_brand?post=64197"},{"taxonomy":"product_cat","embeddable":true,"href":"https:\/\/atlanticbooks.ca\/fr\/wp-json\/wp\/v2\/product_cat?post=64197"},{"taxonomy":"product_tag","embeddable":true,"href":"https:\/\/atlanticbooks.ca\/fr\/wp-json\/wp\/v2\/product_tag?post=64197"}],"curies":[{"name":"wp","href":"https:\/\/api.w.org\/{rel}","templated":true}]}}