{"id":64193,"date":"2022-08-18T21:00:35","date_gmt":"2022-08-18T21:00:35","guid":{"rendered":"https:\/\/atlanticbooks.ca\/books\/la-mysterieuse-boutique-de-monsieur-bottom\/"},"modified":"2022-11-09T21:03:47","modified_gmt":"2022-11-09T21:03:47","slug":"la-mysterieuse-boutique-de-monsieur-bottom","status":"publish","type":"product","link":"https:\/\/atlanticbooks.ca\/fr\/livres\/la-mysterieuse-boutique-de-monsieur-bottom","title":{"rendered":"La myst\u00e9rieuse boutique de Monsieur Bottom"},"content":{"rendered":"<table border=\"0\" width=\"223\" cellspacing=\"0\" cellpadding=\"0\" class=\"mce-item-table\" data-mce-selected=\"1\">\n<colgroup>\n<col width=\"223\"><\/colgroup>\n<tbody>\n<tr>\n<td class=\"xl65\" align=\"left\" width=\"223\" height=\"43\">English description follows. <\/p>\n<p>Benoit, qui vit en face, \u00e9pie r\u00e9guli\u00e8rement la boutique de Monsieur Bottom. Personne ne semble acheter quoi que ce soit, mais Monsieur Bottom ne semble pas malheureux non plus. Le jeune gar\u00e7on va tenter d\u2019\u00e9lucider le myst\u00e8re. Au final, c\u2019est sa propre relation aux autres, sa vraie et juste place dans le monde, qui se trouvent au coeur de cette histoire aux enseignements insoup\u00e7onn\u00e9s. Prenez place ! Vous ne verrez peut-\u00eatre plus vos meubles de la m\u00eame mani\u00e8re\u2026<\/p>\n<p>Benoit, a French kid living across the street spies Mister Bottom\u2019s mysterious. Nobody seems to buy anything, ever. Nevertheless, Mr Bottom doesn\u2019t look unhappy. On the contrary, so Benoit decides to resolve this mystery. At the end, it\u2019s Benoit\u2019s own place in the world and his relationships with others that will be challenged\u2026 A lovely \u2018Old France\u2019 flavored tale, filled with tenderness and philosophy. Take a seat\u2026<\/td>\n<\/tr>\n<\/tbody>\n<\/table>\n<div id=\"mceResizeHandlenw\" data-mce-bogus=\"all\" class=\"mce-resizehandle\" data-mce-style=\"cursor: nw-resize; margin: 0px; padding: 0px; left: 5.5px; top: 4.5px;\" style=\"cursor: nw-resize;margin: 0px;padding: 0px\"><\/div>\n<div id=\"mceResizeHandlene\" data-mce-bogus=\"all\" class=\"mce-resizehandle\" data-mce-style=\"cursor: ne-resize; margin: 0px; padding: 0px; left: 613.5px; top: 4.5px;\" style=\"cursor: ne-resize;margin: 0px;padding: 0px\"><\/div>\n<div id=\"mceResizeHandlese\" data-mce-bogus=\"all\" class=\"mce-resizehandle\" data-mce-style=\"cursor: se-resize; margin: 0px; padding: 0px; left: 613.5px; top: 472.5px;\" style=\"cursor: se-resize;margin: 0px;padding: 0px\"><\/div>\n<div id=\"mceResizeHandlesw\" data-mce-bogus=\"all\" class=\"mce-resizehandle\" data-mce-style=\"cursor: sw-resize; margin: 0px; padding: 0px; left: 5.5px; top: 472.5px;\" style=\"cursor: sw-resize;margin: 0px;padding: 0px\"><\/div>\n","protected":false},"excerpt":{"rendered":"<p>Benoit, a French kid living across the street spies Mister Bottom\u2019s mysterious. Nobody seems to buy anything, ever. Nevertheless, Mr Bottom doesn\u2019t look unhappy. On the contrary, so Benoit decides to resolve this mystery. At the end, it\u2019s Benoit\u2019s own place in the world and his relationships with others that will be challenged\u2026 A lovely \u2018Old France\u2019 flavored tale, filled with tenderness and philosophy. Take a seat\u2026<\/p>\n","protected":false},"featured_media":52905,"template":"","meta":{"_genesis_hide_title":false,"_genesis_hide_breadcrumbs":false,"_genesis_hide_singular_image":false,"_genesis_hide_footer_widgets":false,"_genesis_custom_body_class":"","_genesis_custom_post_class":"","_genesis_layout":""},"product_brand":[],"product_cat":[12776],"product_tag":[],"class_list":{"0":"post-64193","1":"product","2":"type-product","3":"status-publish","4":"has-post-thumbnail","5":"product_language-fre","6":"product_subjects-juvenile-fiction-fr","7":"product_subjects-general-juvenile-fiction-fr","8":"product_curriculumsubject-francais-programmes-detudes-fr","9":"product_curriculumsubject-immersion-2-fr","10":"product_curriculumsubject-sciences-humaines-im-fr","11":"product_curriculumsubject-sciences-humaines-fr","12":"product_edi_languages-francais-fr","13":"biblio_share_tag-juvenile-fiction-general-fr","14":"product_cat-abc-fr-2","15":"product_shipping_class-abc-test-fr","16":"entry","18":"first","19":"instock","20":"taxable","21":"shipping-taxable","22":"purchasable","23":"product-type-simple"},"yoast_head":"<!-- This site is optimized with the Yoast SEO plugin v24.0 - https:\/\/yoast.com\/wordpress\/plugins\/seo\/ -->\n<title>La myst\u00e9rieuse boutique de Monsieur Bottom - Atlantic Books<\/title>\n<meta name=\"robots\" content=\"index, follow, max-snippet:-1, max-image-preview:large, max-video-preview:-1\" \/>\n<link rel=\"canonical\" href=\"https:\/\/atlanticbooks.ca\/fr\/livres\/la-mysterieuse-boutique-de-monsieur-bottom\" \/>\n<meta property=\"og:locale\" content=\"fr_FR\" \/>\n<meta property=\"og:type\" content=\"article\" \/>\n<meta property=\"og:title\" content=\"La myst\u00e9rieuse boutique de Monsieur Bottom - Atlantic Books\" \/>\n<meta property=\"og:description\" content=\"Benoit, a French kid living across the street spies Mister Bottom\u2019s mysterious. Nobody seems to buy anything, ever. Nevertheless, Mr Bottom doesn\u2019t look unhappy. On the contrary, so Benoit decides to resolve this mystery. At the end, it\u2019s Benoit\u2019s own place in the world and his relationships with others that will be challenged\u2026 A lovely \u2018Old France\u2019 flavored tale, filled with tenderness and philosophy. Take a seat\u2026\" \/>\n<meta property=\"og:url\" content=\"https:\/\/atlanticbooks.ca\/fr\/livres\/la-mysterieuse-boutique-de-monsieur-bottom\" \/>\n<meta property=\"og:site_name\" content=\"Atlantic Books\" \/>\n<meta property=\"article:modified_time\" content=\"2022-11-09T21:03:47+00:00\" \/>\n<meta property=\"og:image\" content=\"https:\/\/atlanticbooks.mystagingwebsite.com\/wp-content\/uploads\/biblioshare_attachments\/9782896820559.png\" \/>\n\t<meta property=\"og:image:width\" content=\"400\" \/>\n\t<meta property=\"og:image:height\" content=\"362\" \/>\n\t<meta property=\"og:image:type\" content=\"image\/png\" \/>\n<meta name=\"twitter:card\" content=\"summary_large_image\" \/>\n<meta name=\"twitter:label1\" content=\"Dur\u00e9e de lecture estim\u00e9e\" \/>\n\t<meta name=\"twitter:data1\" content=\"1 minute\" \/>\n<script type=\"application\/ld+json\" class=\"yoast-schema-graph\">{\"@context\":\"https:\/\/schema.org\",\"@graph\":[{\"@type\":\"WebPage\",\"@id\":\"https:\/\/atlanticbooks.ca\/fr\/livres\/la-mysterieuse-boutique-de-monsieur-bottom\",\"url\":\"https:\/\/atlanticbooks.ca\/fr\/livres\/la-mysterieuse-boutique-de-monsieur-bottom\",\"name\":\"La myst\u00e9rieuse boutique de Monsieur Bottom - Atlantic Books\",\"isPartOf\":{\"@id\":\"https:\/\/atlanticbooks.ca\/fr\/#website\"},\"primaryImageOfPage\":{\"@id\":\"https:\/\/atlanticbooks.ca\/fr\/livres\/la-mysterieuse-boutique-de-monsieur-bottom#primaryimage\"},\"image\":{\"@id\":\"https:\/\/atlanticbooks.ca\/fr\/livres\/la-mysterieuse-boutique-de-monsieur-bottom#primaryimage\"},\"thumbnailUrl\":\"https:\/\/atlanticbooks.ca\/wp-content\/uploads\/biblioshare_attachments\/9782896820559.png\",\"datePublished\":\"2022-08-18T21:00:35+00:00\",\"dateModified\":\"2022-11-09T21:03:47+00:00\",\"breadcrumb\":{\"@id\":\"https:\/\/atlanticbooks.ca\/fr\/livres\/la-mysterieuse-boutique-de-monsieur-bottom#breadcrumb\"},\"inLanguage\":\"fr-FR\",\"potentialAction\":[{\"@type\":\"ReadAction\",\"target\":[\"https:\/\/atlanticbooks.ca\/fr\/livres\/la-mysterieuse-boutique-de-monsieur-bottom\"]}]},{\"@type\":\"ImageObject\",\"inLanguage\":\"fr-FR\",\"@id\":\"https:\/\/atlanticbooks.ca\/fr\/livres\/la-mysterieuse-boutique-de-monsieur-bottom#primaryimage\",\"url\":\"https:\/\/atlanticbooks.ca\/wp-content\/uploads\/biblioshare_attachments\/9782896820559.png\",\"contentUrl\":\"https:\/\/atlanticbooks.ca\/wp-content\/uploads\/biblioshare_attachments\/9782896820559.png\",\"width\":400,\"height\":362},{\"@type\":\"BreadcrumbList\",\"@id\":\"https:\/\/atlanticbooks.ca\/fr\/livres\/la-mysterieuse-boutique-de-monsieur-bottom#breadcrumb\",\"itemListElement\":[{\"@type\":\"ListItem\",\"position\":1,\"name\":\"Domicile\",\"item\":\"https:\/\/atlanticbooks.ca\/fr\"},{\"@type\":\"ListItem\",\"position\":2,\"name\":\"Collections\",\"item\":\"https:\/\/atlanticbooks.ca\/fr\/collections\"},{\"@type\":\"ListItem\",\"position\":3,\"name\":\"La myst\u00e9rieuse boutique de Monsieur Bottom\"}]},{\"@type\":\"WebSite\",\"@id\":\"https:\/\/atlanticbooks.ca\/fr\/#website\",\"url\":\"https:\/\/atlanticbooks.ca\/fr\/\",\"name\":\"Atlantic Books\",\"description\":\"Atlantic Books\",\"publisher\":{\"@id\":\"https:\/\/atlanticbooks.ca\/fr\/#organization\"},\"potentialAction\":[{\"@type\":\"SearchAction\",\"target\":{\"@type\":\"EntryPoint\",\"urlTemplate\":\"https:\/\/atlanticbooks.ca\/fr\/?s={search_term_string}\"},\"query-input\":{\"@type\":\"PropertyValueSpecification\",\"valueRequired\":true,\"valueName\":\"search_term_string\"}}],\"inLanguage\":\"fr-FR\"},{\"@type\":\"Organization\",\"@id\":\"https:\/\/atlanticbooks.ca\/fr\/#organization\",\"name\":\"Atlantic Books\",\"url\":\"https:\/\/atlanticbooks.ca\/fr\/\",\"logo\":{\"@type\":\"ImageObject\",\"inLanguage\":\"fr-FR\",\"@id\":\"https:\/\/atlanticbooks.ca\/fr\/#\/schema\/logo\/image\/\",\"url\":\"https:\/\/atlanticbooks.ca\/wp-content\/uploads\/2020\/10\/atlantic-books-logo.png\",\"contentUrl\":\"https:\/\/atlanticbooks.ca\/wp-content\/uploads\/2020\/10\/atlantic-books-logo.png\",\"width\":566,\"height\":111,\"caption\":\"Atlantic Books\"},\"image\":{\"@id\":\"https:\/\/atlanticbooks.ca\/fr\/#\/schema\/logo\/image\/\"}}]}<\/script>\n<!-- \/ Yoast SEO plugin. -->","yoast_head_json":{"title":"La myst\u00e9rieuse boutique de Monsieur Bottom - Atlantic Books","robots":{"index":"index","follow":"follow","max-snippet":"max-snippet:-1","max-image-preview":"max-image-preview:large","max-video-preview":"max-video-preview:-1"},"canonical":"https:\/\/atlanticbooks.ca\/fr\/livres\/la-mysterieuse-boutique-de-monsieur-bottom","og_locale":"fr_FR","og_type":"article","og_title":"La myst\u00e9rieuse boutique de Monsieur Bottom - Atlantic Books","og_description":"Benoit, a French kid living across the street spies Mister Bottom\u2019s mysterious. Nobody seems to buy anything, ever. Nevertheless, Mr Bottom doesn\u2019t look unhappy. On the contrary, so Benoit decides to resolve this mystery. At the end, it\u2019s Benoit\u2019s own place in the world and his relationships with others that will be challenged\u2026 A lovely \u2018Old France\u2019 flavored tale, filled with tenderness and philosophy. Take a seat\u2026","og_url":"https:\/\/atlanticbooks.ca\/fr\/livres\/la-mysterieuse-boutique-de-monsieur-bottom","og_site_name":"Atlantic Books","article_modified_time":"2022-11-09T21:03:47+00:00","og_image":[{"width":400,"height":362,"url":"https:\/\/atlanticbooks.mystagingwebsite.com\/wp-content\/uploads\/biblioshare_attachments\/9782896820559.png","type":"image\/png"}],"twitter_card":"summary_large_image","twitter_misc":{"Dur\u00e9e de lecture estim\u00e9e":"1 minute"},"schema":{"@context":"https:\/\/schema.org","@graph":[{"@type":"WebPage","@id":"https:\/\/atlanticbooks.ca\/fr\/livres\/la-mysterieuse-boutique-de-monsieur-bottom","url":"https:\/\/atlanticbooks.ca\/fr\/livres\/la-mysterieuse-boutique-de-monsieur-bottom","name":"La myst\u00e9rieuse boutique de Monsieur Bottom - Atlantic Books","isPartOf":{"@id":"https:\/\/atlanticbooks.ca\/fr\/#website"},"primaryImageOfPage":{"@id":"https:\/\/atlanticbooks.ca\/fr\/livres\/la-mysterieuse-boutique-de-monsieur-bottom#primaryimage"},"image":{"@id":"https:\/\/atlanticbooks.ca\/fr\/livres\/la-mysterieuse-boutique-de-monsieur-bottom#primaryimage"},"thumbnailUrl":"https:\/\/atlanticbooks.ca\/wp-content\/uploads\/biblioshare_attachments\/9782896820559.png","datePublished":"2022-08-18T21:00:35+00:00","dateModified":"2022-11-09T21:03:47+00:00","breadcrumb":{"@id":"https:\/\/atlanticbooks.ca\/fr\/livres\/la-mysterieuse-boutique-de-monsieur-bottom#breadcrumb"},"inLanguage":"fr-FR","potentialAction":[{"@type":"ReadAction","target":["https:\/\/atlanticbooks.ca\/fr\/livres\/la-mysterieuse-boutique-de-monsieur-bottom"]}]},{"@type":"ImageObject","inLanguage":"fr-FR","@id":"https:\/\/atlanticbooks.ca\/fr\/livres\/la-mysterieuse-boutique-de-monsieur-bottom#primaryimage","url":"https:\/\/atlanticbooks.ca\/wp-content\/uploads\/biblioshare_attachments\/9782896820559.png","contentUrl":"https:\/\/atlanticbooks.ca\/wp-content\/uploads\/biblioshare_attachments\/9782896820559.png","width":400,"height":362},{"@type":"BreadcrumbList","@id":"https:\/\/atlanticbooks.ca\/fr\/livres\/la-mysterieuse-boutique-de-monsieur-bottom#breadcrumb","itemListElement":[{"@type":"ListItem","position":1,"name":"Domicile","item":"https:\/\/atlanticbooks.ca\/fr"},{"@type":"ListItem","position":2,"name":"Collections","item":"https:\/\/atlanticbooks.ca\/fr\/collections"},{"@type":"ListItem","position":3,"name":"La myst\u00e9rieuse boutique de Monsieur Bottom"}]},{"@type":"WebSite","@id":"https:\/\/atlanticbooks.ca\/fr\/#website","url":"https:\/\/atlanticbooks.ca\/fr\/","name":"Atlantic Books","description":"Atlantic Books","publisher":{"@id":"https:\/\/atlanticbooks.ca\/fr\/#organization"},"potentialAction":[{"@type":"SearchAction","target":{"@type":"EntryPoint","urlTemplate":"https:\/\/atlanticbooks.ca\/fr\/?s={search_term_string}"},"query-input":{"@type":"PropertyValueSpecification","valueRequired":true,"valueName":"search_term_string"}}],"inLanguage":"fr-FR"},{"@type":"Organization","@id":"https:\/\/atlanticbooks.ca\/fr\/#organization","name":"Atlantic Books","url":"https:\/\/atlanticbooks.ca\/fr\/","logo":{"@type":"ImageObject","inLanguage":"fr-FR","@id":"https:\/\/atlanticbooks.ca\/fr\/#\/schema\/logo\/image\/","url":"https:\/\/atlanticbooks.ca\/wp-content\/uploads\/2020\/10\/atlantic-books-logo.png","contentUrl":"https:\/\/atlanticbooks.ca\/wp-content\/uploads\/2020\/10\/atlantic-books-logo.png","width":566,"height":111,"caption":"Atlantic Books"},"image":{"@id":"https:\/\/atlanticbooks.ca\/fr\/#\/schema\/logo\/image\/"}}]}},"_links":{"self":[{"href":"https:\/\/atlanticbooks.ca\/fr\/wp-json\/wp\/v2\/product\/64193","targetHints":{"allow":["GET"]}}],"collection":[{"href":"https:\/\/atlanticbooks.ca\/fr\/wp-json\/wp\/v2\/product"}],"about":[{"href":"https:\/\/atlanticbooks.ca\/fr\/wp-json\/wp\/v2\/types\/product"}],"wp:featuredmedia":[{"embeddable":true,"href":"https:\/\/atlanticbooks.ca\/fr\/wp-json\/wp\/v2\/media\/52905"}],"wp:attachment":[{"href":"https:\/\/atlanticbooks.ca\/fr\/wp-json\/wp\/v2\/media?parent=64193"}],"wp:term":[{"taxonomy":"product_brand","embeddable":true,"href":"https:\/\/atlanticbooks.ca\/fr\/wp-json\/wp\/v2\/product_brand?post=64193"},{"taxonomy":"product_cat","embeddable":true,"href":"https:\/\/atlanticbooks.ca\/fr\/wp-json\/wp\/v2\/product_cat?post=64193"},{"taxonomy":"product_tag","embeddable":true,"href":"https:\/\/atlanticbooks.ca\/fr\/wp-json\/wp\/v2\/product_tag?post=64193"}],"curies":[{"name":"wp","href":"https:\/\/api.w.org\/{rel}","templated":true}]}}