{"id":64185,"date":"2022-08-18T21:01:01","date_gmt":"2022-08-18T21:01:01","guid":{"rendered":"https:\/\/atlanticbooks.ca\/books\/un-coeur-quatre-pattes\/"},"modified":"2023-01-04T19:05:19","modified_gmt":"2023-01-04T19:05:19","slug":"un-coeur-quatre-pattes","status":"publish","type":"product","link":"https:\/\/atlanticbooks.ca\/fr\/livres\/un-coeur-quatre-pattes","title":{"rendered":"Un coeur, quatre pattes"},"content":{"rendered":"<table border=\"0\" width=\"223\" cellspacing=\"0\" cellpadding=\"0\">\n<colgroup>\n<col width=\"223\" \/><\/colgroup>\n<tbody>\n<tr>\n<td class=\"xl65\" align=\"left\" width=\"223\" height=\"43\">English description follows.<\/p>\n<p>Un chien \u00e0 l\u2019\u00e9cole? H\u00e9 oui! Jacoby a une mission bien sp\u00e9ciale\u2026<br \/>\nC\u2019est jour de retour en classe et Jacoby s\u2019y pr\u00e9pare soigneusement. Partenaire en zooth\u00e9rapie, il a beau conna\u00eetre sa t\u00e2che, et avoir h\u00e2te de retrouver ses jeunes amis, cela ne l\u2019emp\u00eache pas d\u2019\u00e9prouver de l\u2019anxi\u00e9t\u00e9. Avec l\u2019aide de Madame \u00c8ve, l\u2019\u00e9colier \u00e0 quatre pattes va vaincre cet obstacle. Puis, gr\u00e2ce \u00e0 son grand c\u0153ur, il va soutenir le petit Jacob, qui arrive de l\u2019Alberta et qui doit trouver lui aussi sa place et ses mots. Un chien \u00e0 l\u2019\u00e9cole, ce n\u2019est pas habituel, mais cela peut faire toute une diff\u00e9rence!<\/p>\n<p>It&rsquo;s back to school for Jacoby, a therapy dog. He knows his job but can&rsquo;t help feel a little anxious. With the help of Madame \u00c8ve, he will meet the challenge just fine. And with his big heart, he will prove to be a great support for little Jacob, who has moved from Alberta. A dog at school might be unusual, but it can sure make a world of difference!<\/td>\n<\/tr>\n<\/tbody>\n<\/table>\n","protected":false},"excerpt":{"rendered":"<p>English description follows. Un chien \u00e0 l\u2019\u00e9cole? H\u00e9 oui! Jacoby a une mission bien sp\u00e9ciale\u2026 C\u2019est jour de retour en classe et Jacoby s\u2019y pr\u00e9pare soigneusement. Partenaire en zooth\u00e9rapie, il [&hellip;]<\/p>\n","protected":false},"featured_media":67621,"template":"","meta":{"_genesis_hide_title":false,"_genesis_hide_breadcrumbs":false,"_genesis_hide_singular_image":false,"_genesis_hide_footer_widgets":false,"_genesis_custom_body_class":"","_genesis_custom_post_class":"","_genesis_layout":""},"product_brand":[],"product_cat":[12776],"product_tag":[],"class_list":{"0":"post-64185","1":"product","2":"type-product","3":"status-publish","4":"has-post-thumbnail","5":"product_language-fre","6":"product_subjects-dogs-fr","7":"product_subjects-juvenile-fiction-fr","8":"product_subjects-animals-fr","9":"product_curriculumsubject-developpement-humain-im-fr","10":"product_curriculumsubject-francais-programmes-detudes-fr","11":"product_curriculumsubject-developpement-humain-fr","12":"product_curriculumsubject-immersion-2-fr","13":"product_curriculumsubject-francais-arts-langagiers-im-fr","14":"product_curriculumsubject-francais-arts-langagiers-fr","15":"product_edi_languages-francais-fr","16":"product_nssbb-immersion-curriculum-subjects-fr","17":"product_nssbb-immersion-precoce-francais-arts-langagiers-3-im-fr","18":"product_nssbb-immersion-precoce-francais-arts-langagiers-4-im-fr","19":"product_nssbb-immersion-precoce-francais-arts-langagiers-5-im-fr","20":"product_nssbb-immersion-precoce-francais-arts-langagiers-6-im-fr","21":"product_nssbb-sante-developpement-humain-3-im-fr","22":"product_nssbb-sante-developpement-humain-4-im-fr","23":"product_nssbb-sante-developpement-humain-5-im-fr","24":"product_nssbb-sante-developpement-humain-6-im-fr","25":"product_nssbb_approved-nssbb-approved","26":"biblio_share_tag-juvenile-fiction-animals-dogs-fr","27":"product_cat-abc-fr-2","28":"product_shipping_class-abc-test-fr","29":"entry","31":"first","32":"instock","33":"taxable","34":"shipping-taxable","35":"purchasable","36":"product-type-simple"},"yoast_head":"<!-- This site is optimized with the Yoast SEO plugin v24.0 - https:\/\/yoast.com\/wordpress\/plugins\/seo\/ -->\n<title>Un coeur, quatre pattes - Atlantic Books<\/title>\n<meta name=\"robots\" content=\"index, follow, max-snippet:-1, max-image-preview:large, max-video-preview:-1\" \/>\n<link rel=\"canonical\" href=\"https:\/\/atlanticbooks.ca\/fr\/livres\/un-coeur-quatre-pattes\" \/>\n<meta property=\"og:locale\" content=\"fr_FR\" \/>\n<meta property=\"og:type\" content=\"article\" \/>\n<meta property=\"og:title\" content=\"Un coeur, quatre pattes - Atlantic Books\" \/>\n<meta property=\"og:description\" content=\"English description follows. Un chien \u00e0 l\u2019\u00e9cole? H\u00e9 oui! Jacoby a une mission bien sp\u00e9ciale\u2026 C\u2019est jour de retour en classe et Jacoby s\u2019y pr\u00e9pare soigneusement. Partenaire en zooth\u00e9rapie, il [&hellip;]\" \/>\n<meta property=\"og:url\" content=\"https:\/\/atlanticbooks.ca\/fr\/livres\/un-coeur-quatre-pattes\" \/>\n<meta property=\"og:site_name\" content=\"Atlantic Books\" \/>\n<meta property=\"article:modified_time\" content=\"2023-01-04T19:05:19+00:00\" \/>\n<meta property=\"og:image\" content=\"https:\/\/atlanticbooks.mystagingwebsite.com\/wp-content\/uploads\/biblioshare_attachments\/9782896820405.png\" \/>\n\t<meta property=\"og:image:width\" content=\"1191\" \/>\n\t<meta property=\"og:image:height\" content=\"1200\" \/>\n\t<meta property=\"og:image:type\" content=\"image\/png\" \/>\n<meta name=\"twitter:card\" content=\"summary_large_image\" \/>\n<meta name=\"twitter:label1\" content=\"Dur\u00e9e de lecture estim\u00e9e\" \/>\n\t<meta name=\"twitter:data1\" content=\"1 minute\" \/>\n<script type=\"application\/ld+json\" class=\"yoast-schema-graph\">{\"@context\":\"https:\/\/schema.org\",\"@graph\":[{\"@type\":\"WebPage\",\"@id\":\"https:\/\/atlanticbooks.ca\/fr\/livres\/un-coeur-quatre-pattes\",\"url\":\"https:\/\/atlanticbooks.ca\/fr\/livres\/un-coeur-quatre-pattes\",\"name\":\"Un coeur, quatre pattes - Atlantic Books\",\"isPartOf\":{\"@id\":\"https:\/\/atlanticbooks.ca\/fr\/#website\"},\"primaryImageOfPage\":{\"@id\":\"https:\/\/atlanticbooks.ca\/fr\/livres\/un-coeur-quatre-pattes#primaryimage\"},\"image\":{\"@id\":\"https:\/\/atlanticbooks.ca\/fr\/livres\/un-coeur-quatre-pattes#primaryimage\"},\"thumbnailUrl\":\"https:\/\/atlanticbooks.ca\/wp-content\/uploads\/biblioshare_attachments\/9782896820405.png\",\"datePublished\":\"2022-08-18T21:01:01+00:00\",\"dateModified\":\"2023-01-04T19:05:19+00:00\",\"breadcrumb\":{\"@id\":\"https:\/\/atlanticbooks.ca\/fr\/livres\/un-coeur-quatre-pattes#breadcrumb\"},\"inLanguage\":\"fr-FR\",\"potentialAction\":[{\"@type\":\"ReadAction\",\"target\":[\"https:\/\/atlanticbooks.ca\/fr\/livres\/un-coeur-quatre-pattes\"]}]},{\"@type\":\"ImageObject\",\"inLanguage\":\"fr-FR\",\"@id\":\"https:\/\/atlanticbooks.ca\/fr\/livres\/un-coeur-quatre-pattes#primaryimage\",\"url\":\"https:\/\/atlanticbooks.ca\/wp-content\/uploads\/biblioshare_attachments\/9782896820405.png\",\"contentUrl\":\"https:\/\/atlanticbooks.ca\/wp-content\/uploads\/biblioshare_attachments\/9782896820405.png\",\"width\":1191,\"height\":1200},{\"@type\":\"BreadcrumbList\",\"@id\":\"https:\/\/atlanticbooks.ca\/fr\/livres\/un-coeur-quatre-pattes#breadcrumb\",\"itemListElement\":[{\"@type\":\"ListItem\",\"position\":1,\"name\":\"Domicile\",\"item\":\"https:\/\/atlanticbooks.ca\/fr\"},{\"@type\":\"ListItem\",\"position\":2,\"name\":\"Collections\",\"item\":\"https:\/\/atlanticbooks.ca\/fr\/collections\"},{\"@type\":\"ListItem\",\"position\":3,\"name\":\"Un coeur, quatre pattes\"}]},{\"@type\":\"WebSite\",\"@id\":\"https:\/\/atlanticbooks.ca\/fr\/#website\",\"url\":\"https:\/\/atlanticbooks.ca\/fr\/\",\"name\":\"Atlantic Books\",\"description\":\"Atlantic Books\",\"publisher\":{\"@id\":\"https:\/\/atlanticbooks.ca\/fr\/#organization\"},\"potentialAction\":[{\"@type\":\"SearchAction\",\"target\":{\"@type\":\"EntryPoint\",\"urlTemplate\":\"https:\/\/atlanticbooks.ca\/fr\/?s={search_term_string}\"},\"query-input\":{\"@type\":\"PropertyValueSpecification\",\"valueRequired\":true,\"valueName\":\"search_term_string\"}}],\"inLanguage\":\"fr-FR\"},{\"@type\":\"Organization\",\"@id\":\"https:\/\/atlanticbooks.ca\/fr\/#organization\",\"name\":\"Atlantic Books\",\"url\":\"https:\/\/atlanticbooks.ca\/fr\/\",\"logo\":{\"@type\":\"ImageObject\",\"inLanguage\":\"fr-FR\",\"@id\":\"https:\/\/atlanticbooks.ca\/fr\/#\/schema\/logo\/image\/\",\"url\":\"https:\/\/atlanticbooks.ca\/wp-content\/uploads\/2020\/10\/atlantic-books-logo.png\",\"contentUrl\":\"https:\/\/atlanticbooks.ca\/wp-content\/uploads\/2020\/10\/atlantic-books-logo.png\",\"width\":566,\"height\":111,\"caption\":\"Atlantic Books\"},\"image\":{\"@id\":\"https:\/\/atlanticbooks.ca\/fr\/#\/schema\/logo\/image\/\"}}]}<\/script>\n<!-- \/ Yoast SEO plugin. -->","yoast_head_json":{"title":"Un coeur, quatre pattes - Atlantic Books","robots":{"index":"index","follow":"follow","max-snippet":"max-snippet:-1","max-image-preview":"max-image-preview:large","max-video-preview":"max-video-preview:-1"},"canonical":"https:\/\/atlanticbooks.ca\/fr\/livres\/un-coeur-quatre-pattes","og_locale":"fr_FR","og_type":"article","og_title":"Un coeur, quatre pattes - Atlantic Books","og_description":"English description follows. Un chien \u00e0 l\u2019\u00e9cole? H\u00e9 oui! Jacoby a une mission bien sp\u00e9ciale\u2026 C\u2019est jour de retour en classe et Jacoby s\u2019y pr\u00e9pare soigneusement. Partenaire en zooth\u00e9rapie, il [&hellip;]","og_url":"https:\/\/atlanticbooks.ca\/fr\/livres\/un-coeur-quatre-pattes","og_site_name":"Atlantic Books","article_modified_time":"2023-01-04T19:05:19+00:00","og_image":[{"width":1191,"height":1200,"url":"https:\/\/atlanticbooks.mystagingwebsite.com\/wp-content\/uploads\/biblioshare_attachments\/9782896820405.png","type":"image\/png"}],"twitter_card":"summary_large_image","twitter_misc":{"Dur\u00e9e de lecture estim\u00e9e":"1 minute"},"schema":{"@context":"https:\/\/schema.org","@graph":[{"@type":"WebPage","@id":"https:\/\/atlanticbooks.ca\/fr\/livres\/un-coeur-quatre-pattes","url":"https:\/\/atlanticbooks.ca\/fr\/livres\/un-coeur-quatre-pattes","name":"Un coeur, quatre pattes - Atlantic Books","isPartOf":{"@id":"https:\/\/atlanticbooks.ca\/fr\/#website"},"primaryImageOfPage":{"@id":"https:\/\/atlanticbooks.ca\/fr\/livres\/un-coeur-quatre-pattes#primaryimage"},"image":{"@id":"https:\/\/atlanticbooks.ca\/fr\/livres\/un-coeur-quatre-pattes#primaryimage"},"thumbnailUrl":"https:\/\/atlanticbooks.ca\/wp-content\/uploads\/biblioshare_attachments\/9782896820405.png","datePublished":"2022-08-18T21:01:01+00:00","dateModified":"2023-01-04T19:05:19+00:00","breadcrumb":{"@id":"https:\/\/atlanticbooks.ca\/fr\/livres\/un-coeur-quatre-pattes#breadcrumb"},"inLanguage":"fr-FR","potentialAction":[{"@type":"ReadAction","target":["https:\/\/atlanticbooks.ca\/fr\/livres\/un-coeur-quatre-pattes"]}]},{"@type":"ImageObject","inLanguage":"fr-FR","@id":"https:\/\/atlanticbooks.ca\/fr\/livres\/un-coeur-quatre-pattes#primaryimage","url":"https:\/\/atlanticbooks.ca\/wp-content\/uploads\/biblioshare_attachments\/9782896820405.png","contentUrl":"https:\/\/atlanticbooks.ca\/wp-content\/uploads\/biblioshare_attachments\/9782896820405.png","width":1191,"height":1200},{"@type":"BreadcrumbList","@id":"https:\/\/atlanticbooks.ca\/fr\/livres\/un-coeur-quatre-pattes#breadcrumb","itemListElement":[{"@type":"ListItem","position":1,"name":"Domicile","item":"https:\/\/atlanticbooks.ca\/fr"},{"@type":"ListItem","position":2,"name":"Collections","item":"https:\/\/atlanticbooks.ca\/fr\/collections"},{"@type":"ListItem","position":3,"name":"Un coeur, quatre pattes"}]},{"@type":"WebSite","@id":"https:\/\/atlanticbooks.ca\/fr\/#website","url":"https:\/\/atlanticbooks.ca\/fr\/","name":"Atlantic Books","description":"Atlantic Books","publisher":{"@id":"https:\/\/atlanticbooks.ca\/fr\/#organization"},"potentialAction":[{"@type":"SearchAction","target":{"@type":"EntryPoint","urlTemplate":"https:\/\/atlanticbooks.ca\/fr\/?s={search_term_string}"},"query-input":{"@type":"PropertyValueSpecification","valueRequired":true,"valueName":"search_term_string"}}],"inLanguage":"fr-FR"},{"@type":"Organization","@id":"https:\/\/atlanticbooks.ca\/fr\/#organization","name":"Atlantic Books","url":"https:\/\/atlanticbooks.ca\/fr\/","logo":{"@type":"ImageObject","inLanguage":"fr-FR","@id":"https:\/\/atlanticbooks.ca\/fr\/#\/schema\/logo\/image\/","url":"https:\/\/atlanticbooks.ca\/wp-content\/uploads\/2020\/10\/atlantic-books-logo.png","contentUrl":"https:\/\/atlanticbooks.ca\/wp-content\/uploads\/2020\/10\/atlantic-books-logo.png","width":566,"height":111,"caption":"Atlantic Books"},"image":{"@id":"https:\/\/atlanticbooks.ca\/fr\/#\/schema\/logo\/image\/"}}]}},"_links":{"self":[{"href":"https:\/\/atlanticbooks.ca\/fr\/wp-json\/wp\/v2\/product\/64185","targetHints":{"allow":["GET"]}}],"collection":[{"href":"https:\/\/atlanticbooks.ca\/fr\/wp-json\/wp\/v2\/product"}],"about":[{"href":"https:\/\/atlanticbooks.ca\/fr\/wp-json\/wp\/v2\/types\/product"}],"wp:featuredmedia":[{"embeddable":true,"href":"https:\/\/atlanticbooks.ca\/fr\/wp-json\/wp\/v2\/media\/67621"}],"wp:attachment":[{"href":"https:\/\/atlanticbooks.ca\/fr\/wp-json\/wp\/v2\/media?parent=64185"}],"wp:term":[{"taxonomy":"product_brand","embeddable":true,"href":"https:\/\/atlanticbooks.ca\/fr\/wp-json\/wp\/v2\/product_brand?post=64185"},{"taxonomy":"product_cat","embeddable":true,"href":"https:\/\/atlanticbooks.ca\/fr\/wp-json\/wp\/v2\/product_cat?post=64185"},{"taxonomy":"product_tag","embeddable":true,"href":"https:\/\/atlanticbooks.ca\/fr\/wp-json\/wp\/v2\/product_tag?post=64185"}],"curies":[{"name":"wp","href":"https:\/\/api.w.org\/{rel}","templated":true}]}}