{"id":64181,"date":"2022-08-18T21:01:15","date_gmt":"2022-08-18T21:01:15","guid":{"rendered":"https:\/\/atlanticbooks.ca\/books\/la-patate-cadeau-ou-la-vraie-histoire-de\/"},"modified":"2022-11-09T21:03:31","modified_gmt":"2022-11-09T21:03:31","slug":"la-patate-cadeau-ou-la-vraie-histoire-de","status":"publish","type":"product","link":"https:\/\/atlanticbooks.ca\/fr\/livres\/la-patate-cadeau-ou-la-vraie-histoire-de","title":{"rendered":"La patate cadeau ou la vraie histoire de"},"content":{"rendered":"<table border=\"0\" width=\"223\" cellspacing=\"0\" cellpadding=\"0\">\n<colgroup>\n<col width=\"223\" \/><\/colgroup>\n<tbody>\n<tr>\n<td class=\"xl65\" align=\"left\" width=\"223\" height=\"43\">English description follows.<\/p>\n<p>Christian Treitz, le plus jeune enfant d\u2019une famille allemande ayant immigr\u00e9 dans le Monckton Township, d\u00e9couvre que les blessures inflig\u00e9es par la D\u00e9portation sont encore fra\u00eeches. Les provisions manquent et la famille Treitz souffre cruellement de la faim et du froid. Heureusement, Christian va faire une rencontre qui bouleversera sa vie et celle des siens. Pierre Belliveau, bon vivant aux allures de Saint Nicholas, aurait bien des raisons d\u2019abandonner les premiers habitants de Moncton \u00e0 leur sort. Mais l\u2019Acadien porte, dans sa besace pleine de patates, le germe d\u2019un nouveau d\u00e9part. Par-del\u00e0 les obstacles, sur les rives de la rivi\u00e8re Petitcodiac, une amiti\u00e9 hors du commun va \u00e9clore.<\/p>\n<p>&amp;lt;p&amp;gt;Christian Treitz, the youngest son in a German family immigrated to the &amp;lt;em&amp;gt;Monckton Township&amp;lt;\/em&amp;gt;, learns that the trauma of the Acadian Deportation is still alive. The Treitz family is hungry and cold. Luckily, Christian meets Pierre Belliveau, who could have left Moncton&rsquo;s newcomers to their unhappy fate. Instead, the Acadian has brought with him the seed of a new beginning. Despite the obstacles between them, their unexpected friendship blossoms on the banks of the Petitcodiac River.\u00a0&amp;lt;\/p&amp;gt;<\/td>\n<\/tr>\n<\/tbody>\n<\/table>\n","protected":false},"excerpt":{"rendered":"<p>English description follows. Christian Treitz, le plus jeune enfant d\u2019une famille allemande ayant immigr\u00e9 dans le Monckton Township, d\u00e9couvre que les blessures inflig\u00e9es par la D\u00e9portation sont encore fra\u00eeches. Les [&hellip;]<\/p>\n","protected":false},"featured_media":67625,"template":"","meta":{"_genesis_hide_title":false,"_genesis_hide_breadcrumbs":false,"_genesis_hide_singular_image":false,"_genesis_hide_footer_widgets":false,"_genesis_custom_body_class":"","_genesis_custom_post_class":"","_genesis_layout":""},"product_brand":[],"product_cat":[12776],"product_tag":[],"class_list":{"0":"post-64181","1":"product","2":"type-product","3":"status-publish","4":"has-post-thumbnail","5":"product_language-fre","6":"product_subjects-juvenile-nonfiction-fr","7":"product_subjects-general-juvenile-nonfiction-fr","8":"product_curriculumsubject-francais-programmes-detudes-fr","9":"product_curriculumsubject-immersion-2-fr","10":"product_curriculumsubject-sciences-humaines-im-fr","11":"product_curriculumsubject-sciences-humaines-fr","12":"product_edi_priority_areas-races-et-ethnies","13":"product_edi_languages-francais-fr","14":"biblio_share_tag-juvenile-nonfiction-general-fr","15":"product_cat-abc-fr-2","16":"product_shipping_class-abc-test-fr","17":"entry","19":"first","20":"instock","21":"taxable","22":"shipping-taxable","23":"purchasable","24":"product-type-simple"},"yoast_head":"<!-- This site is optimized with the Yoast SEO plugin v24.0 - https:\/\/yoast.com\/wordpress\/plugins\/seo\/ -->\n<title>La patate cadeau ou la vraie histoire de - Atlantic Books<\/title>\n<meta name=\"robots\" content=\"index, follow, max-snippet:-1, max-image-preview:large, max-video-preview:-1\" \/>\n<link rel=\"canonical\" href=\"https:\/\/atlanticbooks.ca\/fr\/livres\/la-patate-cadeau-ou-la-vraie-histoire-de\" \/>\n<meta property=\"og:locale\" content=\"fr_FR\" \/>\n<meta property=\"og:type\" content=\"article\" \/>\n<meta property=\"og:title\" content=\"La patate cadeau ou la vraie histoire de - Atlantic Books\" \/>\n<meta property=\"og:description\" content=\"English description follows. Christian Treitz, le plus jeune enfant d\u2019une famille allemande ayant immigr\u00e9 dans le Monckton Township, d\u00e9couvre que les blessures inflig\u00e9es par la D\u00e9portation sont encore fra\u00eeches. Les [&hellip;]\" \/>\n<meta property=\"og:url\" content=\"https:\/\/atlanticbooks.ca\/fr\/livres\/la-patate-cadeau-ou-la-vraie-histoire-de\" \/>\n<meta property=\"og:site_name\" content=\"Atlantic Books\" \/>\n<meta property=\"article:modified_time\" content=\"2022-11-09T21:03:31+00:00\" \/>\n<meta property=\"og:image\" content=\"https:\/\/atlanticbooks.mystagingwebsite.com\/wp-content\/uploads\/biblioshare_attachments\/9782896820283.png\" \/>\n\t<meta property=\"og:image:width\" content=\"820\" \/>\n\t<meta property=\"og:image:height\" content=\"1200\" \/>\n\t<meta property=\"og:image:type\" content=\"image\/png\" \/>\n<meta name=\"twitter:card\" content=\"summary_large_image\" \/>\n<meta name=\"twitter:label1\" content=\"Dur\u00e9e de lecture estim\u00e9e\" \/>\n\t<meta name=\"twitter:data1\" content=\"1 minute\" \/>\n<script type=\"application\/ld+json\" class=\"yoast-schema-graph\">{\"@context\":\"https:\/\/schema.org\",\"@graph\":[{\"@type\":\"WebPage\",\"@id\":\"https:\/\/atlanticbooks.ca\/fr\/livres\/la-patate-cadeau-ou-la-vraie-histoire-de\",\"url\":\"https:\/\/atlanticbooks.ca\/fr\/livres\/la-patate-cadeau-ou-la-vraie-histoire-de\",\"name\":\"La patate cadeau ou la vraie histoire de - Atlantic Books\",\"isPartOf\":{\"@id\":\"https:\/\/atlanticbooks.ca\/fr\/#website\"},\"primaryImageOfPage\":{\"@id\":\"https:\/\/atlanticbooks.ca\/fr\/livres\/la-patate-cadeau-ou-la-vraie-histoire-de#primaryimage\"},\"image\":{\"@id\":\"https:\/\/atlanticbooks.ca\/fr\/livres\/la-patate-cadeau-ou-la-vraie-histoire-de#primaryimage\"},\"thumbnailUrl\":\"https:\/\/atlanticbooks.ca\/wp-content\/uploads\/biblioshare_attachments\/9782896820283.png\",\"datePublished\":\"2022-08-18T21:01:15+00:00\",\"dateModified\":\"2022-11-09T21:03:31+00:00\",\"breadcrumb\":{\"@id\":\"https:\/\/atlanticbooks.ca\/fr\/livres\/la-patate-cadeau-ou-la-vraie-histoire-de#breadcrumb\"},\"inLanguage\":\"fr-FR\",\"potentialAction\":[{\"@type\":\"ReadAction\",\"target\":[\"https:\/\/atlanticbooks.ca\/fr\/livres\/la-patate-cadeau-ou-la-vraie-histoire-de\"]}]},{\"@type\":\"ImageObject\",\"inLanguage\":\"fr-FR\",\"@id\":\"https:\/\/atlanticbooks.ca\/fr\/livres\/la-patate-cadeau-ou-la-vraie-histoire-de#primaryimage\",\"url\":\"https:\/\/atlanticbooks.ca\/wp-content\/uploads\/biblioshare_attachments\/9782896820283.png\",\"contentUrl\":\"https:\/\/atlanticbooks.ca\/wp-content\/uploads\/biblioshare_attachments\/9782896820283.png\",\"width\":820,\"height\":1200},{\"@type\":\"BreadcrumbList\",\"@id\":\"https:\/\/atlanticbooks.ca\/fr\/livres\/la-patate-cadeau-ou-la-vraie-histoire-de#breadcrumb\",\"itemListElement\":[{\"@type\":\"ListItem\",\"position\":1,\"name\":\"Domicile\",\"item\":\"https:\/\/atlanticbooks.ca\/fr\"},{\"@type\":\"ListItem\",\"position\":2,\"name\":\"Collections\",\"item\":\"https:\/\/atlanticbooks.ca\/fr\/collections\"},{\"@type\":\"ListItem\",\"position\":3,\"name\":\"La patate cadeau ou la vraie histoire de\"}]},{\"@type\":\"WebSite\",\"@id\":\"https:\/\/atlanticbooks.ca\/fr\/#website\",\"url\":\"https:\/\/atlanticbooks.ca\/fr\/\",\"name\":\"Atlantic Books\",\"description\":\"Atlantic Books\",\"publisher\":{\"@id\":\"https:\/\/atlanticbooks.ca\/fr\/#organization\"},\"potentialAction\":[{\"@type\":\"SearchAction\",\"target\":{\"@type\":\"EntryPoint\",\"urlTemplate\":\"https:\/\/atlanticbooks.ca\/fr\/?s={search_term_string}\"},\"query-input\":{\"@type\":\"PropertyValueSpecification\",\"valueRequired\":true,\"valueName\":\"search_term_string\"}}],\"inLanguage\":\"fr-FR\"},{\"@type\":\"Organization\",\"@id\":\"https:\/\/atlanticbooks.ca\/fr\/#organization\",\"name\":\"Atlantic Books\",\"url\":\"https:\/\/atlanticbooks.ca\/fr\/\",\"logo\":{\"@type\":\"ImageObject\",\"inLanguage\":\"fr-FR\",\"@id\":\"https:\/\/atlanticbooks.ca\/fr\/#\/schema\/logo\/image\/\",\"url\":\"https:\/\/atlanticbooks.ca\/wp-content\/uploads\/2020\/10\/atlantic-books-logo.png\",\"contentUrl\":\"https:\/\/atlanticbooks.ca\/wp-content\/uploads\/2020\/10\/atlantic-books-logo.png\",\"width\":566,\"height\":111,\"caption\":\"Atlantic Books\"},\"image\":{\"@id\":\"https:\/\/atlanticbooks.ca\/fr\/#\/schema\/logo\/image\/\"}}]}<\/script>\n<!-- \/ Yoast SEO plugin. -->","yoast_head_json":{"title":"La patate cadeau ou la vraie histoire de - Atlantic Books","robots":{"index":"index","follow":"follow","max-snippet":"max-snippet:-1","max-image-preview":"max-image-preview:large","max-video-preview":"max-video-preview:-1"},"canonical":"https:\/\/atlanticbooks.ca\/fr\/livres\/la-patate-cadeau-ou-la-vraie-histoire-de","og_locale":"fr_FR","og_type":"article","og_title":"La patate cadeau ou la vraie histoire de - Atlantic Books","og_description":"English description follows. Christian Treitz, le plus jeune enfant d\u2019une famille allemande ayant immigr\u00e9 dans le Monckton Township, d\u00e9couvre que les blessures inflig\u00e9es par la D\u00e9portation sont encore fra\u00eeches. Les [&hellip;]","og_url":"https:\/\/atlanticbooks.ca\/fr\/livres\/la-patate-cadeau-ou-la-vraie-histoire-de","og_site_name":"Atlantic Books","article_modified_time":"2022-11-09T21:03:31+00:00","og_image":[{"width":820,"height":1200,"url":"https:\/\/atlanticbooks.mystagingwebsite.com\/wp-content\/uploads\/biblioshare_attachments\/9782896820283.png","type":"image\/png"}],"twitter_card":"summary_large_image","twitter_misc":{"Dur\u00e9e de lecture estim\u00e9e":"1 minute"},"schema":{"@context":"https:\/\/schema.org","@graph":[{"@type":"WebPage","@id":"https:\/\/atlanticbooks.ca\/fr\/livres\/la-patate-cadeau-ou-la-vraie-histoire-de","url":"https:\/\/atlanticbooks.ca\/fr\/livres\/la-patate-cadeau-ou-la-vraie-histoire-de","name":"La patate cadeau ou la vraie histoire de - Atlantic Books","isPartOf":{"@id":"https:\/\/atlanticbooks.ca\/fr\/#website"},"primaryImageOfPage":{"@id":"https:\/\/atlanticbooks.ca\/fr\/livres\/la-patate-cadeau-ou-la-vraie-histoire-de#primaryimage"},"image":{"@id":"https:\/\/atlanticbooks.ca\/fr\/livres\/la-patate-cadeau-ou-la-vraie-histoire-de#primaryimage"},"thumbnailUrl":"https:\/\/atlanticbooks.ca\/wp-content\/uploads\/biblioshare_attachments\/9782896820283.png","datePublished":"2022-08-18T21:01:15+00:00","dateModified":"2022-11-09T21:03:31+00:00","breadcrumb":{"@id":"https:\/\/atlanticbooks.ca\/fr\/livres\/la-patate-cadeau-ou-la-vraie-histoire-de#breadcrumb"},"inLanguage":"fr-FR","potentialAction":[{"@type":"ReadAction","target":["https:\/\/atlanticbooks.ca\/fr\/livres\/la-patate-cadeau-ou-la-vraie-histoire-de"]}]},{"@type":"ImageObject","inLanguage":"fr-FR","@id":"https:\/\/atlanticbooks.ca\/fr\/livres\/la-patate-cadeau-ou-la-vraie-histoire-de#primaryimage","url":"https:\/\/atlanticbooks.ca\/wp-content\/uploads\/biblioshare_attachments\/9782896820283.png","contentUrl":"https:\/\/atlanticbooks.ca\/wp-content\/uploads\/biblioshare_attachments\/9782896820283.png","width":820,"height":1200},{"@type":"BreadcrumbList","@id":"https:\/\/atlanticbooks.ca\/fr\/livres\/la-patate-cadeau-ou-la-vraie-histoire-de#breadcrumb","itemListElement":[{"@type":"ListItem","position":1,"name":"Domicile","item":"https:\/\/atlanticbooks.ca\/fr"},{"@type":"ListItem","position":2,"name":"Collections","item":"https:\/\/atlanticbooks.ca\/fr\/collections"},{"@type":"ListItem","position":3,"name":"La patate cadeau ou la vraie histoire de"}]},{"@type":"WebSite","@id":"https:\/\/atlanticbooks.ca\/fr\/#website","url":"https:\/\/atlanticbooks.ca\/fr\/","name":"Atlantic Books","description":"Atlantic Books","publisher":{"@id":"https:\/\/atlanticbooks.ca\/fr\/#organization"},"potentialAction":[{"@type":"SearchAction","target":{"@type":"EntryPoint","urlTemplate":"https:\/\/atlanticbooks.ca\/fr\/?s={search_term_string}"},"query-input":{"@type":"PropertyValueSpecification","valueRequired":true,"valueName":"search_term_string"}}],"inLanguage":"fr-FR"},{"@type":"Organization","@id":"https:\/\/atlanticbooks.ca\/fr\/#organization","name":"Atlantic Books","url":"https:\/\/atlanticbooks.ca\/fr\/","logo":{"@type":"ImageObject","inLanguage":"fr-FR","@id":"https:\/\/atlanticbooks.ca\/fr\/#\/schema\/logo\/image\/","url":"https:\/\/atlanticbooks.ca\/wp-content\/uploads\/2020\/10\/atlantic-books-logo.png","contentUrl":"https:\/\/atlanticbooks.ca\/wp-content\/uploads\/2020\/10\/atlantic-books-logo.png","width":566,"height":111,"caption":"Atlantic Books"},"image":{"@id":"https:\/\/atlanticbooks.ca\/fr\/#\/schema\/logo\/image\/"}}]}},"_links":{"self":[{"href":"https:\/\/atlanticbooks.ca\/fr\/wp-json\/wp\/v2\/product\/64181","targetHints":{"allow":["GET"]}}],"collection":[{"href":"https:\/\/atlanticbooks.ca\/fr\/wp-json\/wp\/v2\/product"}],"about":[{"href":"https:\/\/atlanticbooks.ca\/fr\/wp-json\/wp\/v2\/types\/product"}],"wp:featuredmedia":[{"embeddable":true,"href":"https:\/\/atlanticbooks.ca\/fr\/wp-json\/wp\/v2\/media\/67625"}],"wp:attachment":[{"href":"https:\/\/atlanticbooks.ca\/fr\/wp-json\/wp\/v2\/media?parent=64181"}],"wp:term":[{"taxonomy":"product_brand","embeddable":true,"href":"https:\/\/atlanticbooks.ca\/fr\/wp-json\/wp\/v2\/product_brand?post=64181"},{"taxonomy":"product_cat","embeddable":true,"href":"https:\/\/atlanticbooks.ca\/fr\/wp-json\/wp\/v2\/product_cat?post=64181"},{"taxonomy":"product_tag","embeddable":true,"href":"https:\/\/atlanticbooks.ca\/fr\/wp-json\/wp\/v2\/product_tag?post=64181"}],"curies":[{"name":"wp","href":"https:\/\/api.w.org\/{rel}","templated":true}]}}