{"id":63571,"date":"2022-08-30T13:30:43","date_gmt":"2022-08-30T13:30:43","guid":{"rendered":"https:\/\/atlanticbooks.ca\/books\/douglas-notebooks\/"},"modified":"2022-11-09T22:06:52","modified_gmt":"2022-11-09T22:06:52","slug":"douglas-notebooks","status":"publish","type":"product","link":"https:\/\/atlanticbooks.ca\/fr\/livres\/douglas-notebooks","title":{"rendered":"Douglas Notebooks"},"content":{"rendered":"<p>&lt;p&gt;&lt;b&gt;An Amazon.ca Best Book of 2013&lt;\/b&gt;&lt;\/p&gt;&lt;p&gt;Romain was born with a silver spoon in his mouth. At 18, he leaves his family for a home in the forest, learning to live off the land rather than his family&rsquo;s wealth. \u00c9l\u00e9na flees a house of blood and mayhem, taking refuge in a monastery and later in the rustic village of Rivi\u00e8re-aux-Oies. One day, while walking in the woods, \u00c9l\u00e9na hears the melody of a clarinet and comes across Romain, who calls himself Starling and whom \u00c9l\u00e9na later renames Douglas, for the strongest and most spectacular of trees. Later a child named Rose is born. Fade to black. When the story takes up again, Douglas has returned to the forest, Rose is in the village under the care of others, and \u00c9l\u00e9na is gone.&lt;\/p&gt; &lt;p&gt;From these disparate threads, Christine Eddie tenderly weaves a fable for our time and for all times. As the years pass, the story broadens to capture others in its elegant web \u2014 a doctor with a bruised heart, a pharmacist who may be a witch, and a teacher with dark secrets. Together they raise this child with the mysterious heritage, transforming this story into an ode to friendship and family, a sonnet on our relationship with nature, and an elegy to love and passion. &lt;i&gt;The Douglas Notebooks&lt;\/i&gt; was originally published in French as &lt;i&gt;Les carnets de Douglas&lt;\/i&gt;. This edition was translated by Sheila Fischman.&lt;\/p&gt;<\/p>\n","protected":false},"excerpt":{"rendered":"<p>&lt;p&gt;&lt;b&gt;An Amazon.ca Best Book of 2013&lt;\/b&gt;&lt;\/p&gt;&lt;p&gt;Romain was born with a silver spoon in his mouth. At 18, he leaves his family for a home in the forest, learning to live [&hellip;]<\/p>\n","protected":false},"featured_media":54794,"template":"","meta":{"_genesis_hide_title":false,"_genesis_hide_breadcrumbs":false,"_genesis_hide_singular_image":false,"_genesis_hide_footer_widgets":false,"_genesis_custom_body_class":"","_genesis_custom_post_class":"","_genesis_layout":""},"product_brand":[],"product_cat":[12776],"product_tag":[],"class_list":{"0":"post-63571","1":"product","2":"type-product","3":"status-publish","4":"has-post-thumbnail","5":"product_language-eng-fr","6":"product_subjects-literary-fr","7":"product_subjects-fiction-fr","8":"product_reading_range-20-fr","9":"product_reading_range-21-fr","10":"product_reading_range-16-fr","11":"product_reading_range-17-fr","12":"product_reading_range-18-fr","13":"product_reading_range-19-fr","14":"product_interest_range-21-fr","15":"product_interest_range-16-fr","16":"product_interest_range-17-fr","17":"product_interest_range-18-fr","18":"product_interest_range-19-fr","19":"product_interest_range-20-fr","20":"product_grade_range-tenth-grade-fr","21":"product_grade_range-eleventh-grade-fr","22":"product_grade_range-twelfth-grade-fr","23":"product_curriculumsubject-english-curriculum-subjects-fr","24":"product_provincial_focus-nb-fr","25":"product_edi_priority_areas-capacite-invalidite","26":"product_edi_priority_areas-situation-socioeconomique","27":"product_edi_author-autrice","28":"product_edi_author-lebanese-canadian-author-fr","29":"product_edi_subjects_themes-disability-fr","30":"biblio_share_tag-fiction-literary-fr","31":"product_cat-abc-fr-2","32":"product_shipping_class-abc-test-fr","33":"entry","35":"first","36":"instock","37":"taxable","38":"shipping-taxable","39":"purchasable","40":"product-type-simple"},"yoast_head":"<!-- This site is optimized with the Yoast SEO plugin v24.0 - https:\/\/yoast.com\/wordpress\/plugins\/seo\/ -->\n<title>Douglas Notebooks - Atlantic Books<\/title>\n<meta name=\"robots\" content=\"index, follow, max-snippet:-1, max-image-preview:large, max-video-preview:-1\" \/>\n<link rel=\"canonical\" href=\"https:\/\/atlanticbooks.ca\/fr\/livres\/douglas-notebooks\" \/>\n<meta property=\"og:locale\" content=\"fr_FR\" \/>\n<meta property=\"og:type\" content=\"article\" \/>\n<meta property=\"og:title\" content=\"Douglas Notebooks - Atlantic Books\" \/>\n<meta property=\"og:description\" content=\"&lt;p&gt;&lt;b&gt;An Amazon.ca Best Book of 2013&lt;\/b&gt;&lt;\/p&gt;&lt;p&gt;Romain was born with a silver spoon in his mouth. At 18, he leaves his family for a home in the forest, learning to live [&hellip;]\" \/>\n<meta property=\"og:url\" content=\"https:\/\/atlanticbooks.ca\/fr\/livres\/douglas-notebooks\" \/>\n<meta property=\"og:site_name\" content=\"Atlantic Books\" \/>\n<meta property=\"article:modified_time\" content=\"2022-11-09T22:06:52+00:00\" \/>\n<meta property=\"og:image\" content=\"https:\/\/atlanticbooks.mystagingwebsite.com\/wp-content\/uploads\/biblioshare_attachments\/9780864926197-1024x1024.png\" \/>\n\t<meta property=\"og:image:width\" content=\"1024\" \/>\n\t<meta property=\"og:image:height\" content=\"1024\" \/>\n\t<meta property=\"og:image:type\" content=\"image\/png\" \/>\n<meta name=\"twitter:card\" content=\"summary_large_image\" \/>\n<meta name=\"twitter:label1\" content=\"Dur\u00e9e de lecture estim\u00e9e\" \/>\n\t<meta name=\"twitter:data1\" content=\"1 minute\" \/>\n<script type=\"application\/ld+json\" class=\"yoast-schema-graph\">{\"@context\":\"https:\/\/schema.org\",\"@graph\":[{\"@type\":\"WebPage\",\"@id\":\"https:\/\/atlanticbooks.ca\/fr\/livres\/douglas-notebooks\",\"url\":\"https:\/\/atlanticbooks.ca\/fr\/livres\/douglas-notebooks\",\"name\":\"Douglas Notebooks - Atlantic Books\",\"isPartOf\":{\"@id\":\"https:\/\/atlanticbooks.ca\/fr\/#website\"},\"primaryImageOfPage\":{\"@id\":\"https:\/\/atlanticbooks.ca\/fr\/livres\/douglas-notebooks#primaryimage\"},\"image\":{\"@id\":\"https:\/\/atlanticbooks.ca\/fr\/livres\/douglas-notebooks#primaryimage\"},\"thumbnailUrl\":\"https:\/\/atlanticbooks.ca\/wp-content\/uploads\/biblioshare_attachments\/9780864926197.png\",\"datePublished\":\"2022-08-30T13:30:43+00:00\",\"dateModified\":\"2022-11-09T22:06:52+00:00\",\"breadcrumb\":{\"@id\":\"https:\/\/atlanticbooks.ca\/fr\/livres\/douglas-notebooks#breadcrumb\"},\"inLanguage\":\"fr-FR\",\"potentialAction\":[{\"@type\":\"ReadAction\",\"target\":[\"https:\/\/atlanticbooks.ca\/fr\/livres\/douglas-notebooks\"]}]},{\"@type\":\"ImageObject\",\"inLanguage\":\"fr-FR\",\"@id\":\"https:\/\/atlanticbooks.ca\/fr\/livres\/douglas-notebooks#primaryimage\",\"url\":\"https:\/\/atlanticbooks.ca\/wp-content\/uploads\/biblioshare_attachments\/9780864926197.png\",\"contentUrl\":\"https:\/\/atlanticbooks.ca\/wp-content\/uploads\/biblioshare_attachments\/9780864926197.png\",\"width\":1501,\"height\":2400},{\"@type\":\"BreadcrumbList\",\"@id\":\"https:\/\/atlanticbooks.ca\/fr\/livres\/douglas-notebooks#breadcrumb\",\"itemListElement\":[{\"@type\":\"ListItem\",\"position\":1,\"name\":\"Domicile\",\"item\":\"https:\/\/atlanticbooks.ca\/fr\"},{\"@type\":\"ListItem\",\"position\":2,\"name\":\"Collections\",\"item\":\"https:\/\/atlanticbooks.ca\/fr\/collections\"},{\"@type\":\"ListItem\",\"position\":3,\"name\":\"Douglas Notebooks\"}]},{\"@type\":\"WebSite\",\"@id\":\"https:\/\/atlanticbooks.ca\/fr\/#website\",\"url\":\"https:\/\/atlanticbooks.ca\/fr\/\",\"name\":\"Atlantic Books\",\"description\":\"Atlantic Books\",\"publisher\":{\"@id\":\"https:\/\/atlanticbooks.ca\/fr\/#organization\"},\"potentialAction\":[{\"@type\":\"SearchAction\",\"target\":{\"@type\":\"EntryPoint\",\"urlTemplate\":\"https:\/\/atlanticbooks.ca\/fr\/?s={search_term_string}\"},\"query-input\":{\"@type\":\"PropertyValueSpecification\",\"valueRequired\":true,\"valueName\":\"search_term_string\"}}],\"inLanguage\":\"fr-FR\"},{\"@type\":\"Organization\",\"@id\":\"https:\/\/atlanticbooks.ca\/fr\/#organization\",\"name\":\"Atlantic Books\",\"url\":\"https:\/\/atlanticbooks.ca\/fr\/\",\"logo\":{\"@type\":\"ImageObject\",\"inLanguage\":\"fr-FR\",\"@id\":\"https:\/\/atlanticbooks.ca\/fr\/#\/schema\/logo\/image\/\",\"url\":\"https:\/\/atlanticbooks.ca\/wp-content\/uploads\/2020\/10\/atlantic-books-logo.png\",\"contentUrl\":\"https:\/\/atlanticbooks.ca\/wp-content\/uploads\/2020\/10\/atlantic-books-logo.png\",\"width\":566,\"height\":111,\"caption\":\"Atlantic Books\"},\"image\":{\"@id\":\"https:\/\/atlanticbooks.ca\/fr\/#\/schema\/logo\/image\/\"}}]}<\/script>\n<!-- \/ Yoast SEO plugin. -->","yoast_head_json":{"title":"Douglas Notebooks - Atlantic Books","robots":{"index":"index","follow":"follow","max-snippet":"max-snippet:-1","max-image-preview":"max-image-preview:large","max-video-preview":"max-video-preview:-1"},"canonical":"https:\/\/atlanticbooks.ca\/fr\/livres\/douglas-notebooks","og_locale":"fr_FR","og_type":"article","og_title":"Douglas Notebooks - Atlantic Books","og_description":"&lt;p&gt;&lt;b&gt;An Amazon.ca Best Book of 2013&lt;\/b&gt;&lt;\/p&gt;&lt;p&gt;Romain was born with a silver spoon in his mouth. At 18, he leaves his family for a home in the forest, learning to live [&hellip;]","og_url":"https:\/\/atlanticbooks.ca\/fr\/livres\/douglas-notebooks","og_site_name":"Atlantic Books","article_modified_time":"2022-11-09T22:06:52+00:00","og_image":[{"width":1024,"height":1024,"url":"https:\/\/atlanticbooks.mystagingwebsite.com\/wp-content\/uploads\/biblioshare_attachments\/9780864926197-1024x1024.png","type":"image\/png"}],"twitter_card":"summary_large_image","twitter_misc":{"Dur\u00e9e de lecture estim\u00e9e":"1 minute"},"schema":{"@context":"https:\/\/schema.org","@graph":[{"@type":"WebPage","@id":"https:\/\/atlanticbooks.ca\/fr\/livres\/douglas-notebooks","url":"https:\/\/atlanticbooks.ca\/fr\/livres\/douglas-notebooks","name":"Douglas Notebooks - Atlantic Books","isPartOf":{"@id":"https:\/\/atlanticbooks.ca\/fr\/#website"},"primaryImageOfPage":{"@id":"https:\/\/atlanticbooks.ca\/fr\/livres\/douglas-notebooks#primaryimage"},"image":{"@id":"https:\/\/atlanticbooks.ca\/fr\/livres\/douglas-notebooks#primaryimage"},"thumbnailUrl":"https:\/\/atlanticbooks.ca\/wp-content\/uploads\/biblioshare_attachments\/9780864926197.png","datePublished":"2022-08-30T13:30:43+00:00","dateModified":"2022-11-09T22:06:52+00:00","breadcrumb":{"@id":"https:\/\/atlanticbooks.ca\/fr\/livres\/douglas-notebooks#breadcrumb"},"inLanguage":"fr-FR","potentialAction":[{"@type":"ReadAction","target":["https:\/\/atlanticbooks.ca\/fr\/livres\/douglas-notebooks"]}]},{"@type":"ImageObject","inLanguage":"fr-FR","@id":"https:\/\/atlanticbooks.ca\/fr\/livres\/douglas-notebooks#primaryimage","url":"https:\/\/atlanticbooks.ca\/wp-content\/uploads\/biblioshare_attachments\/9780864926197.png","contentUrl":"https:\/\/atlanticbooks.ca\/wp-content\/uploads\/biblioshare_attachments\/9780864926197.png","width":1501,"height":2400},{"@type":"BreadcrumbList","@id":"https:\/\/atlanticbooks.ca\/fr\/livres\/douglas-notebooks#breadcrumb","itemListElement":[{"@type":"ListItem","position":1,"name":"Domicile","item":"https:\/\/atlanticbooks.ca\/fr"},{"@type":"ListItem","position":2,"name":"Collections","item":"https:\/\/atlanticbooks.ca\/fr\/collections"},{"@type":"ListItem","position":3,"name":"Douglas Notebooks"}]},{"@type":"WebSite","@id":"https:\/\/atlanticbooks.ca\/fr\/#website","url":"https:\/\/atlanticbooks.ca\/fr\/","name":"Atlantic Books","description":"Atlantic Books","publisher":{"@id":"https:\/\/atlanticbooks.ca\/fr\/#organization"},"potentialAction":[{"@type":"SearchAction","target":{"@type":"EntryPoint","urlTemplate":"https:\/\/atlanticbooks.ca\/fr\/?s={search_term_string}"},"query-input":{"@type":"PropertyValueSpecification","valueRequired":true,"valueName":"search_term_string"}}],"inLanguage":"fr-FR"},{"@type":"Organization","@id":"https:\/\/atlanticbooks.ca\/fr\/#organization","name":"Atlantic Books","url":"https:\/\/atlanticbooks.ca\/fr\/","logo":{"@type":"ImageObject","inLanguage":"fr-FR","@id":"https:\/\/atlanticbooks.ca\/fr\/#\/schema\/logo\/image\/","url":"https:\/\/atlanticbooks.ca\/wp-content\/uploads\/2020\/10\/atlantic-books-logo.png","contentUrl":"https:\/\/atlanticbooks.ca\/wp-content\/uploads\/2020\/10\/atlantic-books-logo.png","width":566,"height":111,"caption":"Atlantic Books"},"image":{"@id":"https:\/\/atlanticbooks.ca\/fr\/#\/schema\/logo\/image\/"}}]}},"_links":{"self":[{"href":"https:\/\/atlanticbooks.ca\/fr\/wp-json\/wp\/v2\/product\/63571","targetHints":{"allow":["GET"]}}],"collection":[{"href":"https:\/\/atlanticbooks.ca\/fr\/wp-json\/wp\/v2\/product"}],"about":[{"href":"https:\/\/atlanticbooks.ca\/fr\/wp-json\/wp\/v2\/types\/product"}],"wp:featuredmedia":[{"embeddable":true,"href":"https:\/\/atlanticbooks.ca\/fr\/wp-json\/wp\/v2\/media\/54794"}],"wp:attachment":[{"href":"https:\/\/atlanticbooks.ca\/fr\/wp-json\/wp\/v2\/media?parent=63571"}],"wp:term":[{"taxonomy":"product_brand","embeddable":true,"href":"https:\/\/atlanticbooks.ca\/fr\/wp-json\/wp\/v2\/product_brand?post=63571"},{"taxonomy":"product_cat","embeddable":true,"href":"https:\/\/atlanticbooks.ca\/fr\/wp-json\/wp\/v2\/product_cat?post=63571"},{"taxonomy":"product_tag","embeddable":true,"href":"https:\/\/atlanticbooks.ca\/fr\/wp-json\/wp\/v2\/product_tag?post=63571"}],"curies":[{"name":"wp","href":"https:\/\/api.w.org\/{rel}","templated":true}]}}