{"id":63523,"date":"2022-08-30T13:34:31","date_gmt":"2022-08-30T13:34:31","guid":{"rendered":"https:\/\/atlanticbooks.ca\/books\/to-live-and-die-in-scoudouc\/"},"modified":"2022-11-09T20:42:05","modified_gmt":"2022-11-09T20:42:05","slug":"to-live-and-die-in-scoudouc","status":"publish","type":"product","link":"https:\/\/atlanticbooks.ca\/fr\/livres\/to-live-and-die-in-scoudouc","title":{"rendered":"To Live and Die in Scoudouc"},"content":{"rendered":"<p>&lt;p&gt;First published in 1974, &lt;i&gt;Mourir \u00e0 Scoudouc&lt;\/i&gt; emerged out of a period of cultural awakening. Chiasson&rsquo;s poems denounced the narrow limitations of the past and traced the lines of a fresh collective vision. The poems were lyrical, referentially modern, and steeped in the rhythms and forms that had emerged from the Americas, Europe, and India.&lt;\/p&gt;&lt;p&gt;Now, more than 40 years later, Herm\u00e9n\u00e9gilde Chiasson is considered to be the father of Acadian modernism, and &lt;i&gt;Mourir \u00e0 Scoudouc&lt;\/i&gt; is widely regarded as one of the foundational works of modern Acadian literature. Several of the poems, including the oft-anthologized long poem, \u00ab\u00a0Eug\u00e9nie Melanson,\u00a0\u00bb have now achieved iconic status, appearing frequently in books, magazines, and films \u2014 in French and in English.&lt;\/p&gt;&lt;p&gt;&lt;i&gt;To Live and Die in Scoudouc&lt;\/i&gt; is the first English edition of this seminal collection. It replicates Chiasson&rsquo;s design of the 2017 edition and features his own photographs as well as his new introductory essay.&lt;\/p&gt;&lt;p&gt;Although several of the poems have been previously translated, &lt;i&gt;To Live and Die in Scoudouc&lt;\/i&gt; features fresh renditions by Jo-Anne Elder, who worked closely with Chiasson on the translations.&lt;\/p&gt;<\/p>\n","protected":false},"excerpt":{"rendered":"<p>&lt;p&gt;First published in 1974, &lt;i&gt;Mourir \u00e0 Scoudouc&lt;\/i&gt; emerged out of a period of cultural awakening. Chiasson&rsquo;s poems denounced the narrow limitations of the past and traced the lines of a [&hellip;]<\/p>\n","protected":false},"featured_media":54902,"template":"","meta":{"_genesis_hide_title":false,"_genesis_hide_breadcrumbs":false,"_genesis_hide_singular_image":false,"_genesis_hide_footer_widgets":false,"_genesis_custom_body_class":"","_genesis_custom_post_class":"","_genesis_layout":""},"product_brand":[],"product_cat":[12776],"product_tag":[],"class_list":{"0":"post-63523","1":"product","2":"type-product","3":"status-publish","4":"has-post-thumbnail","5":"product_language-eng-fr","6":"product_subjects-poetry-fr","7":"product_subjects-canadian-poetry-2-fr","8":"product_subjects-general-canadian-poetry-2-fr","9":"product_reading_range-21-fr","10":"product_reading_range-16-fr","11":"product_reading_range-17-fr","12":"product_reading_range-18-fr","13":"product_reading_range-19-fr","14":"product_reading_range-20-fr","15":"product_interest_range-21-fr","16":"product_interest_range-16-fr","17":"product_interest_range-17-fr","18":"product_interest_range-18-fr","19":"product_interest_range-19-fr","20":"product_interest_range-20-fr","21":"product_grade_range-tenth-grade-fr","22":"product_grade_range-eleventh-grade-fr","23":"product_grade_range-twelfth-grade-fr","24":"product_curriculumsubject-english-curriculum-subjects-fr","25":"product_provincial_focus-nb-fr","26":"product_edi_priority_areas-situation-socioeconomique","27":"product_edi_author-acadian-author-fr","28":"product_edi_history_culture-culture-et-histoire-acadiennes","29":"product_edi_subjects_themes-justice-et-injustice","30":"product_edi_characters-acadian-characters-fr","31":"biblio_share_tag-poetry-canadian-general-fr","32":"product_cat-abc-fr-2","33":"product_shipping_class-abc-test-fr","34":"entry","36":"first","37":"instock","38":"taxable","39":"shipping-taxable","40":"purchasable","41":"product-type-simple"},"yoast_head":"<!-- This site is optimized with the Yoast SEO plugin v24.0 - https:\/\/yoast.com\/wordpress\/plugins\/seo\/ -->\n<title>To Live and Die in Scoudouc - Atlantic Books<\/title>\n<meta name=\"robots\" content=\"index, follow, max-snippet:-1, max-image-preview:large, max-video-preview:-1\" \/>\n<link rel=\"canonical\" href=\"https:\/\/atlanticbooks.ca\/fr\/livres\/to-live-and-die-in-scoudouc\" \/>\n<meta property=\"og:locale\" content=\"fr_FR\" \/>\n<meta property=\"og:type\" content=\"article\" \/>\n<meta property=\"og:title\" content=\"To Live and Die in Scoudouc - Atlantic Books\" \/>\n<meta property=\"og:description\" content=\"&lt;p&gt;First published in 1974, &lt;i&gt;Mourir \u00e0 Scoudouc&lt;\/i&gt; emerged out of a period of cultural awakening. Chiasson&rsquo;s poems denounced the narrow limitations of the past and traced the lines of a [&hellip;]\" \/>\n<meta property=\"og:url\" content=\"https:\/\/atlanticbooks.ca\/fr\/livres\/to-live-and-die-in-scoudouc\" \/>\n<meta property=\"og:site_name\" content=\"Atlantic Books\" \/>\n<meta property=\"article:modified_time\" content=\"2022-11-09T20:42:05+00:00\" \/>\n<meta property=\"og:image\" content=\"https:\/\/atlanticbooks.mystagingwebsite.com\/wp-content\/uploads\/biblioshare_attachments\/9781773100357.png\" \/>\n\t<meta property=\"og:image:width\" content=\"1795\" \/>\n\t<meta property=\"og:image:height\" content=\"2250\" \/>\n\t<meta property=\"og:image:type\" content=\"image\/png\" \/>\n<meta name=\"twitter:card\" content=\"summary_large_image\" \/>\n<meta name=\"twitter:label1\" content=\"Dur\u00e9e de lecture estim\u00e9e\" \/>\n\t<meta name=\"twitter:data1\" content=\"1 minute\" \/>\n<script type=\"application\/ld+json\" class=\"yoast-schema-graph\">{\"@context\":\"https:\/\/schema.org\",\"@graph\":[{\"@type\":\"WebPage\",\"@id\":\"https:\/\/atlanticbooks.ca\/fr\/livres\/to-live-and-die-in-scoudouc\",\"url\":\"https:\/\/atlanticbooks.ca\/fr\/livres\/to-live-and-die-in-scoudouc\",\"name\":\"To Live and Die in Scoudouc - Atlantic Books\",\"isPartOf\":{\"@id\":\"https:\/\/atlanticbooks.ca\/fr\/#website\"},\"primaryImageOfPage\":{\"@id\":\"https:\/\/atlanticbooks.ca\/fr\/livres\/to-live-and-die-in-scoudouc#primaryimage\"},\"image\":{\"@id\":\"https:\/\/atlanticbooks.ca\/fr\/livres\/to-live-and-die-in-scoudouc#primaryimage\"},\"thumbnailUrl\":\"https:\/\/atlanticbooks.ca\/wp-content\/uploads\/biblioshare_attachments\/9781773100357.png\",\"datePublished\":\"2022-08-30T13:34:31+00:00\",\"dateModified\":\"2022-11-09T20:42:05+00:00\",\"breadcrumb\":{\"@id\":\"https:\/\/atlanticbooks.ca\/fr\/livres\/to-live-and-die-in-scoudouc#breadcrumb\"},\"inLanguage\":\"fr-FR\",\"potentialAction\":[{\"@type\":\"ReadAction\",\"target\":[\"https:\/\/atlanticbooks.ca\/fr\/livres\/to-live-and-die-in-scoudouc\"]}]},{\"@type\":\"ImageObject\",\"inLanguage\":\"fr-FR\",\"@id\":\"https:\/\/atlanticbooks.ca\/fr\/livres\/to-live-and-die-in-scoudouc#primaryimage\",\"url\":\"https:\/\/atlanticbooks.ca\/wp-content\/uploads\/biblioshare_attachments\/9781773100357.png\",\"contentUrl\":\"https:\/\/atlanticbooks.ca\/wp-content\/uploads\/biblioshare_attachments\/9781773100357.png\",\"width\":1795,\"height\":2250},{\"@type\":\"BreadcrumbList\",\"@id\":\"https:\/\/atlanticbooks.ca\/fr\/livres\/to-live-and-die-in-scoudouc#breadcrumb\",\"itemListElement\":[{\"@type\":\"ListItem\",\"position\":1,\"name\":\"Domicile\",\"item\":\"https:\/\/atlanticbooks.ca\/fr\"},{\"@type\":\"ListItem\",\"position\":2,\"name\":\"Collections\",\"item\":\"https:\/\/atlanticbooks.ca\/fr\/collections\"},{\"@type\":\"ListItem\",\"position\":3,\"name\":\"To Live and Die in Scoudouc\"}]},{\"@type\":\"WebSite\",\"@id\":\"https:\/\/atlanticbooks.ca\/fr\/#website\",\"url\":\"https:\/\/atlanticbooks.ca\/fr\/\",\"name\":\"Atlantic Books\",\"description\":\"Atlantic Books\",\"publisher\":{\"@id\":\"https:\/\/atlanticbooks.ca\/fr\/#organization\"},\"potentialAction\":[{\"@type\":\"SearchAction\",\"target\":{\"@type\":\"EntryPoint\",\"urlTemplate\":\"https:\/\/atlanticbooks.ca\/fr\/?s={search_term_string}\"},\"query-input\":{\"@type\":\"PropertyValueSpecification\",\"valueRequired\":true,\"valueName\":\"search_term_string\"}}],\"inLanguage\":\"fr-FR\"},{\"@type\":\"Organization\",\"@id\":\"https:\/\/atlanticbooks.ca\/fr\/#organization\",\"name\":\"Atlantic Books\",\"url\":\"https:\/\/atlanticbooks.ca\/fr\/\",\"logo\":{\"@type\":\"ImageObject\",\"inLanguage\":\"fr-FR\",\"@id\":\"https:\/\/atlanticbooks.ca\/fr\/#\/schema\/logo\/image\/\",\"url\":\"https:\/\/atlanticbooks.ca\/wp-content\/uploads\/2020\/10\/atlantic-books-logo.png\",\"contentUrl\":\"https:\/\/atlanticbooks.ca\/wp-content\/uploads\/2020\/10\/atlantic-books-logo.png\",\"width\":566,\"height\":111,\"caption\":\"Atlantic Books\"},\"image\":{\"@id\":\"https:\/\/atlanticbooks.ca\/fr\/#\/schema\/logo\/image\/\"}}]}<\/script>\n<!-- \/ Yoast SEO plugin. -->","yoast_head_json":{"title":"To Live and Die in Scoudouc - Atlantic Books","robots":{"index":"index","follow":"follow","max-snippet":"max-snippet:-1","max-image-preview":"max-image-preview:large","max-video-preview":"max-video-preview:-1"},"canonical":"https:\/\/atlanticbooks.ca\/fr\/livres\/to-live-and-die-in-scoudouc","og_locale":"fr_FR","og_type":"article","og_title":"To Live and Die in Scoudouc - Atlantic Books","og_description":"&lt;p&gt;First published in 1974, &lt;i&gt;Mourir \u00e0 Scoudouc&lt;\/i&gt; emerged out of a period of cultural awakening. Chiasson&rsquo;s poems denounced the narrow limitations of the past and traced the lines of a [&hellip;]","og_url":"https:\/\/atlanticbooks.ca\/fr\/livres\/to-live-and-die-in-scoudouc","og_site_name":"Atlantic Books","article_modified_time":"2022-11-09T20:42:05+00:00","og_image":[{"width":1795,"height":2250,"url":"https:\/\/atlanticbooks.mystagingwebsite.com\/wp-content\/uploads\/biblioshare_attachments\/9781773100357.png","type":"image\/png"}],"twitter_card":"summary_large_image","twitter_misc":{"Dur\u00e9e de lecture estim\u00e9e":"1 minute"},"schema":{"@context":"https:\/\/schema.org","@graph":[{"@type":"WebPage","@id":"https:\/\/atlanticbooks.ca\/fr\/livres\/to-live-and-die-in-scoudouc","url":"https:\/\/atlanticbooks.ca\/fr\/livres\/to-live-and-die-in-scoudouc","name":"To Live and Die in Scoudouc - Atlantic Books","isPartOf":{"@id":"https:\/\/atlanticbooks.ca\/fr\/#website"},"primaryImageOfPage":{"@id":"https:\/\/atlanticbooks.ca\/fr\/livres\/to-live-and-die-in-scoudouc#primaryimage"},"image":{"@id":"https:\/\/atlanticbooks.ca\/fr\/livres\/to-live-and-die-in-scoudouc#primaryimage"},"thumbnailUrl":"https:\/\/atlanticbooks.ca\/wp-content\/uploads\/biblioshare_attachments\/9781773100357.png","datePublished":"2022-08-30T13:34:31+00:00","dateModified":"2022-11-09T20:42:05+00:00","breadcrumb":{"@id":"https:\/\/atlanticbooks.ca\/fr\/livres\/to-live-and-die-in-scoudouc#breadcrumb"},"inLanguage":"fr-FR","potentialAction":[{"@type":"ReadAction","target":["https:\/\/atlanticbooks.ca\/fr\/livres\/to-live-and-die-in-scoudouc"]}]},{"@type":"ImageObject","inLanguage":"fr-FR","@id":"https:\/\/atlanticbooks.ca\/fr\/livres\/to-live-and-die-in-scoudouc#primaryimage","url":"https:\/\/atlanticbooks.ca\/wp-content\/uploads\/biblioshare_attachments\/9781773100357.png","contentUrl":"https:\/\/atlanticbooks.ca\/wp-content\/uploads\/biblioshare_attachments\/9781773100357.png","width":1795,"height":2250},{"@type":"BreadcrumbList","@id":"https:\/\/atlanticbooks.ca\/fr\/livres\/to-live-and-die-in-scoudouc#breadcrumb","itemListElement":[{"@type":"ListItem","position":1,"name":"Domicile","item":"https:\/\/atlanticbooks.ca\/fr"},{"@type":"ListItem","position":2,"name":"Collections","item":"https:\/\/atlanticbooks.ca\/fr\/collections"},{"@type":"ListItem","position":3,"name":"To Live and Die in Scoudouc"}]},{"@type":"WebSite","@id":"https:\/\/atlanticbooks.ca\/fr\/#website","url":"https:\/\/atlanticbooks.ca\/fr\/","name":"Atlantic Books","description":"Atlantic Books","publisher":{"@id":"https:\/\/atlanticbooks.ca\/fr\/#organization"},"potentialAction":[{"@type":"SearchAction","target":{"@type":"EntryPoint","urlTemplate":"https:\/\/atlanticbooks.ca\/fr\/?s={search_term_string}"},"query-input":{"@type":"PropertyValueSpecification","valueRequired":true,"valueName":"search_term_string"}}],"inLanguage":"fr-FR"},{"@type":"Organization","@id":"https:\/\/atlanticbooks.ca\/fr\/#organization","name":"Atlantic Books","url":"https:\/\/atlanticbooks.ca\/fr\/","logo":{"@type":"ImageObject","inLanguage":"fr-FR","@id":"https:\/\/atlanticbooks.ca\/fr\/#\/schema\/logo\/image\/","url":"https:\/\/atlanticbooks.ca\/wp-content\/uploads\/2020\/10\/atlantic-books-logo.png","contentUrl":"https:\/\/atlanticbooks.ca\/wp-content\/uploads\/2020\/10\/atlantic-books-logo.png","width":566,"height":111,"caption":"Atlantic Books"},"image":{"@id":"https:\/\/atlanticbooks.ca\/fr\/#\/schema\/logo\/image\/"}}]}},"_links":{"self":[{"href":"https:\/\/atlanticbooks.ca\/fr\/wp-json\/wp\/v2\/product\/63523","targetHints":{"allow":["GET"]}}],"collection":[{"href":"https:\/\/atlanticbooks.ca\/fr\/wp-json\/wp\/v2\/product"}],"about":[{"href":"https:\/\/atlanticbooks.ca\/fr\/wp-json\/wp\/v2\/types\/product"}],"wp:featuredmedia":[{"embeddable":true,"href":"https:\/\/atlanticbooks.ca\/fr\/wp-json\/wp\/v2\/media\/54902"}],"wp:attachment":[{"href":"https:\/\/atlanticbooks.ca\/fr\/wp-json\/wp\/v2\/media?parent=63523"}],"wp:term":[{"taxonomy":"product_brand","embeddable":true,"href":"https:\/\/atlanticbooks.ca\/fr\/wp-json\/wp\/v2\/product_brand?post=63523"},{"taxonomy":"product_cat","embeddable":true,"href":"https:\/\/atlanticbooks.ca\/fr\/wp-json\/wp\/v2\/product_cat?post=63523"},{"taxonomy":"product_tag","embeddable":true,"href":"https:\/\/atlanticbooks.ca\/fr\/wp-json\/wp\/v2\/product_tag?post=63523"}],"curies":[{"name":"wp","href":"https:\/\/api.w.org\/{rel}","templated":true}]}}