{"id":63259,"date":"2022-08-30T14:27:44","date_gmt":"2022-08-30T14:27:44","guid":{"rendered":"https:\/\/atlanticbooks.ca\/books\/quai-21-ecoutez-mon-histoire\/"},"modified":"2022-11-09T22:07:34","modified_gmt":"2022-11-09T22:07:34","slug":"quai-21-ecoutez-mon-histoire","status":"publish","type":"product","link":"https:\/\/atlanticbooks.ca\/fr\/livres\/quai-21-ecoutez-mon-histoire","title":{"rendered":"Quai 21: \u00c9coutez mon histoire"},"content":{"rendered":"<p>&lt;p&gt;D\u00e9couvrez des moments parmi les plus marquants de l\u2019histoire du Canada en apprenant \u00e0 conna\u00eetre les enfants et les familles d\u00e9barqu\u00e9s au Quai 21 de Halifax. Venus de pays lointains tels l\u2019Estonie, l\u2019Italie et l\u2019Ukraine (pour n\u2019en nommer que quelques-uns), ces immigrants ont tous franchi les \u00ab ports de la libert\u00e9 \u00bb pour faire du Canada leur nouvelle patrie.&lt;\/p&gt; &lt;p&gt;Jamie, un \u00ab enfant invit\u00e9 \u00bb originaire d\u2019Ecosse et Mariette, une petite orpheline juive, ont tous deux \u00e9t\u00e9 envoy\u00e9s au Canada \u00e0 un jeune \u00e2ge afin d\u2019\u00e9chapper \u00e0 la m\u00eame guerre. La famille de Heili, in jeune Estonienne, a fui le r\u00e9gime communiste russe en prenant la mer \u00e0 bord du Walnut. La famille de Luigi est venue d\u2019Italie chercher du travail au Canada apr\u00e8s la guerre et la famille de Maryke est arriv\u00e9e de Hollande \u00e0 la rechercher de terres \u00e0 cultiver. &lt;\/p&gt; &lt;p&gt;Aujourd\u2019hui connu sous le nom de Muss\u00e9e canadien de l\u2019immigration, le Quai 21 a accueilli plus d\u2019un million de nouveaux Canadiens, de 1928 \u00e0 1971. Beaucoup d\u2019entre eux craignaient ce que leur r\u00e9servait leur pays d\u2019adoption. Cependant, toutes ces familles, m\u00eame si elles \u00e9taient de cultures et d\u2019origines diff\u00e9rentes, ont cru \u00e0 promesse d\u2019un vie meilleure et plus s\u00fbre que leur offrait le Canada. En d\u00e9barquant au pays, les immigrants \u00e9chappaient au pass\u00e9, emportant dans leur c\u0153ur de pr\u00e9cieux souvenirs de leur lieu d\u2019origine. Le Quai 21 repr\u00e9sentait le premier pas vers une nouvelle vie. &lt;\/p&gt;.<\/p>\n","protected":false},"excerpt":{"rendered":"<p>&lt;p&gt;D\u00e9couvrez des moments parmi les plus marquants de l\u2019histoire du Canada en apprenant \u00e0 conna\u00eetre les enfants et les familles d\u00e9barqu\u00e9s au Quai 21 de Halifax. Venus de pays lointains tels l\u2019Estonie, l\u2019Italie et l\u2019Ukraine (pour n\u2019en nommer que quelques-uns), ces immigrants ont tous franchi les \u00ab ports de la libert\u00e9 \u00bb pour faire du Canada leur nouvelle patrie.&lt;\/p&gt; &lt;p&gt;Jamie, un \u00ab enfant invit\u00e9 \u00bb originaire d\u2019Ecosse et Mariette, une petite orpheline juive, ont tous deux \u00e9t\u00e9 envoy\u00e9s au Canada \u00e0 un jeune \u00e2ge afin d\u2019\u00e9chapper \u00e0 la m\u00eame guerre. La famille de Heili, in jeune Estonienne, a fui le r\u00e9gime communiste russe en prenant la mer \u00e0 bord du Walnut. La famille de Luigi est venue d\u2019Italie chercher du travail au Canada apr\u00e8s la guerre et la famille de Maryke est arriv\u00e9e de Hollande \u00e0 la rechercher de terres \u00e0 cultiver. &lt;\/p&gt; &lt;p&gt;Aujourd\u2019hui connu sous le nom de Muss\u00e9e canadien de l\u2019immigration, le Quai 21 a accueilli plus d\u2019un million de nouveaux Canadiens, de 1928 \u00e0 1971. Beaucoup d\u2019entre eux craignaient ce que leur r\u00e9servait leur pays d\u2019adoption. Cependant, toutes ces familles, m\u00eame si elles \u00e9taient de cultures et d\u2019origines diff\u00e9rentes, ont cru \u00e0 promesse d\u2019un vie meilleure et plus s\u00fbre que leur offrait le Canada. En d\u00e9barquant au pays, les immigrants \u00e9chappaient au pass\u00e9, emportant dans leur c\u0153ur de pr\u00e9cieux souvenirs de leur lieu d\u2019origine. Le Quai 21 repr\u00e9sentait le premier pas vers une nouvelle vie. &lt;\/p&gt;<\/p>\n","protected":false},"featured_media":67649,"template":"","meta":{"_genesis_hide_title":false,"_genesis_hide_breadcrumbs":false,"_genesis_hide_singular_image":false,"_genesis_hide_footer_widgets":false,"_genesis_custom_body_class":"","_genesis_custom_post_class":"","_genesis_layout":""},"product_brand":[],"product_cat":[12776],"product_tag":[],"class_list":{"0":"post-63259","1":"product","2":"type-product","3":"status-publish","4":"has-post-thumbnail","5":"product_language-fre","6":"product_subjects-post-confederation-1867-canada-history-juvenile-nonfiction-fr","7":"product_subjects-history-juvenile-nonfiction-fr","8":"product_subjects-juvenile-nonfiction-fr","9":"product_subjects-canada-history-juvenile-nonfiction-fr","10":"product_reading_range-15-fr","11":"product_reading_range-16-fr","12":"product_reading_range-17-fr","13":"product_reading_range-18-fr","14":"product_reading_range-13-fr","15":"product_reading_range-14-fr","16":"product_interest_range-14-fr","17":"product_interest_range-13-fr","18":"product_interest_range-15-fr","19":"product_interest_range-16-fr","20":"product_interest_range-17-fr","21":"product_interest_range-18-fr","22":"product_grade_range-seventh-grade-fr","23":"product_grade_range-eighth-grade-fr","24":"product_grade_range-ninth-grade-fr","25":"product_grade_range-tenth-grade-fr","26":"product_grade_range-eleventh-grade-fr","27":"product_grade_range-twelfth-grade-fr","28":"product_curriculumsubject-english-curriculum-subjects-fr","29":"product_provincial_focus-n-e","30":"product_edi_priority_areas-races-et-ethnies","31":"product_edi_priority_areas-situation-socioeconomique","32":"biblio_share_tag-juvenile-nonfiction-history-canada-post-confederation-1867-fr","33":"product_cat-abc-fr-2","34":"product_shipping_class-abc-test-fr","35":"entry","37":"first","38":"outofstock","39":"taxable","40":"shipping-taxable","41":"purchasable","42":"product-type-simple"},"yoast_head":"<!-- This site is optimized with the Yoast SEO plugin v24.0 - https:\/\/yoast.com\/wordpress\/plugins\/seo\/ -->\n<title>Quai 21: \u00c9coutez mon histoire - Atlantic Books<\/title>\n<meta name=\"robots\" content=\"index, follow, max-snippet:-1, max-image-preview:large, max-video-preview:-1\" \/>\n<link rel=\"canonical\" href=\"https:\/\/atlanticbooks.ca\/fr\/livres\/quai-21-ecoutez-mon-histoire\" \/>\n<meta property=\"og:locale\" content=\"fr_FR\" \/>\n<meta property=\"og:type\" content=\"article\" \/>\n<meta property=\"og:title\" content=\"Quai 21: \u00c9coutez mon histoire - Atlantic Books\" \/>\n<meta property=\"og:description\" content=\"&lt;p&gt;D\u00e9couvrez des moments parmi les plus marquants de l\u2019histoire du Canada en apprenant \u00e0 conna\u00eetre les enfants et les familles d\u00e9barqu\u00e9s au Quai 21 de Halifax. Venus de pays lointains tels l\u2019Estonie, l\u2019Italie et l\u2019Ukraine (pour n\u2019en nommer que quelques-uns), ces immigrants ont tous franchi les \u00ab ports de la libert\u00e9 \u00bb pour faire du Canada leur nouvelle patrie.&lt;\/p&gt; &lt;p&gt;Jamie, un \u00ab enfant invit\u00e9 \u00bb originaire d\u2019Ecosse et Mariette, une petite orpheline juive, ont tous deux \u00e9t\u00e9 envoy\u00e9s au Canada \u00e0 un jeune \u00e2ge afin d\u2019\u00e9chapper \u00e0 la m\u00eame guerre. La famille de Heili, in jeune Estonienne, a fui le r\u00e9gime communiste russe en prenant la mer \u00e0 bord du Walnut. La famille de Luigi est venue d\u2019Italie chercher du travail au Canada apr\u00e8s la guerre et la famille de Maryke est arriv\u00e9e de Hollande \u00e0 la rechercher de terres \u00e0 cultiver. &lt;\/p&gt; &lt;p&gt;Aujourd\u2019hui connu sous le nom de Muss\u00e9e canadien de l\u2019immigration, le Quai 21 a accueilli plus d\u2019un million de nouveaux Canadiens, de 1928 \u00e0 1971. Beaucoup d\u2019entre eux craignaient ce que leur r\u00e9servait leur pays d\u2019adoption. Cependant, toutes ces familles, m\u00eame si elles \u00e9taient de cultures et d\u2019origines diff\u00e9rentes, ont cru \u00e0 promesse d\u2019un vie meilleure et plus s\u00fbre que leur offrait le Canada. En d\u00e9barquant au pays, les immigrants \u00e9chappaient au pass\u00e9, emportant dans leur c\u0153ur de pr\u00e9cieux souvenirs de leur lieu d\u2019origine. Le Quai 21 repr\u00e9sentait le premier pas vers une nouvelle vie. &lt;\/p&gt;\" \/>\n<meta property=\"og:url\" content=\"https:\/\/atlanticbooks.ca\/fr\/livres\/quai-21-ecoutez-mon-histoire\" \/>\n<meta property=\"og:site_name\" content=\"Atlantic Books\" \/>\n<meta property=\"article:modified_time\" content=\"2022-11-09T22:07:34+00:00\" \/>\n<meta property=\"og:image\" content=\"https:\/\/atlanticbooks.mystagingwebsite.com\/wp-content\/uploads\/biblioshare_attachments\/9781771081023.png\" \/>\n\t<meta property=\"og:image:width\" content=\"400\" \/>\n\t<meta property=\"og:image:height\" content=\"503\" \/>\n\t<meta property=\"og:image:type\" content=\"image\/png\" \/>\n<meta name=\"twitter:card\" content=\"summary_large_image\" \/>\n<meta name=\"twitter:label1\" content=\"Dur\u00e9e de lecture estim\u00e9e\" \/>\n\t<meta name=\"twitter:data1\" content=\"1 minute\" \/>\n<script type=\"application\/ld+json\" class=\"yoast-schema-graph\">{\"@context\":\"https:\/\/schema.org\",\"@graph\":[{\"@type\":\"WebPage\",\"@id\":\"https:\/\/atlanticbooks.ca\/fr\/livres\/quai-21-ecoutez-mon-histoire\",\"url\":\"https:\/\/atlanticbooks.ca\/fr\/livres\/quai-21-ecoutez-mon-histoire\",\"name\":\"Quai 21: \u00c9coutez mon histoire - Atlantic Books\",\"isPartOf\":{\"@id\":\"https:\/\/atlanticbooks.ca\/fr\/#website\"},\"primaryImageOfPage\":{\"@id\":\"https:\/\/atlanticbooks.ca\/fr\/livres\/quai-21-ecoutez-mon-histoire#primaryimage\"},\"image\":{\"@id\":\"https:\/\/atlanticbooks.ca\/fr\/livres\/quai-21-ecoutez-mon-histoire#primaryimage\"},\"thumbnailUrl\":\"https:\/\/atlanticbooks.ca\/wp-content\/uploads\/biblioshare_attachments\/9781771081023.png\",\"datePublished\":\"2022-08-30T14:27:44+00:00\",\"dateModified\":\"2022-11-09T22:07:34+00:00\",\"breadcrumb\":{\"@id\":\"https:\/\/atlanticbooks.ca\/fr\/livres\/quai-21-ecoutez-mon-histoire#breadcrumb\"},\"inLanguage\":\"fr-FR\",\"potentialAction\":[{\"@type\":\"ReadAction\",\"target\":[\"https:\/\/atlanticbooks.ca\/fr\/livres\/quai-21-ecoutez-mon-histoire\"]}]},{\"@type\":\"ImageObject\",\"inLanguage\":\"fr-FR\",\"@id\":\"https:\/\/atlanticbooks.ca\/fr\/livres\/quai-21-ecoutez-mon-histoire#primaryimage\",\"url\":\"https:\/\/atlanticbooks.ca\/wp-content\/uploads\/biblioshare_attachments\/9781771081023.png\",\"contentUrl\":\"https:\/\/atlanticbooks.ca\/wp-content\/uploads\/biblioshare_attachments\/9781771081023.png\",\"width\":400,\"height\":503},{\"@type\":\"BreadcrumbList\",\"@id\":\"https:\/\/atlanticbooks.ca\/fr\/livres\/quai-21-ecoutez-mon-histoire#breadcrumb\",\"itemListElement\":[{\"@type\":\"ListItem\",\"position\":1,\"name\":\"Domicile\",\"item\":\"https:\/\/atlanticbooks.ca\/fr\"},{\"@type\":\"ListItem\",\"position\":2,\"name\":\"Collections\",\"item\":\"https:\/\/atlanticbooks.ca\/fr\/collections\"},{\"@type\":\"ListItem\",\"position\":3,\"name\":\"Quai 21: \u00c9coutez mon histoire\"}]},{\"@type\":\"WebSite\",\"@id\":\"https:\/\/atlanticbooks.ca\/fr\/#website\",\"url\":\"https:\/\/atlanticbooks.ca\/fr\/\",\"name\":\"Atlantic Books\",\"description\":\"Atlantic Books\",\"publisher\":{\"@id\":\"https:\/\/atlanticbooks.ca\/fr\/#organization\"},\"potentialAction\":[{\"@type\":\"SearchAction\",\"target\":{\"@type\":\"EntryPoint\",\"urlTemplate\":\"https:\/\/atlanticbooks.ca\/fr\/?s={search_term_string}\"},\"query-input\":{\"@type\":\"PropertyValueSpecification\",\"valueRequired\":true,\"valueName\":\"search_term_string\"}}],\"inLanguage\":\"fr-FR\"},{\"@type\":\"Organization\",\"@id\":\"https:\/\/atlanticbooks.ca\/fr\/#organization\",\"name\":\"Atlantic Books\",\"url\":\"https:\/\/atlanticbooks.ca\/fr\/\",\"logo\":{\"@type\":\"ImageObject\",\"inLanguage\":\"fr-FR\",\"@id\":\"https:\/\/atlanticbooks.ca\/fr\/#\/schema\/logo\/image\/\",\"url\":\"https:\/\/atlanticbooks.ca\/wp-content\/uploads\/2020\/10\/atlantic-books-logo.png\",\"contentUrl\":\"https:\/\/atlanticbooks.ca\/wp-content\/uploads\/2020\/10\/atlantic-books-logo.png\",\"width\":566,\"height\":111,\"caption\":\"Atlantic Books\"},\"image\":{\"@id\":\"https:\/\/atlanticbooks.ca\/fr\/#\/schema\/logo\/image\/\"}}]}<\/script>\n<!-- \/ Yoast SEO plugin. -->","yoast_head_json":{"title":"Quai 21: \u00c9coutez mon histoire - Atlantic Books","robots":{"index":"index","follow":"follow","max-snippet":"max-snippet:-1","max-image-preview":"max-image-preview:large","max-video-preview":"max-video-preview:-1"},"canonical":"https:\/\/atlanticbooks.ca\/fr\/livres\/quai-21-ecoutez-mon-histoire","og_locale":"fr_FR","og_type":"article","og_title":"Quai 21: \u00c9coutez mon histoire - Atlantic Books","og_description":"&lt;p&gt;D\u00e9couvrez des moments parmi les plus marquants de l\u2019histoire du Canada en apprenant \u00e0 conna\u00eetre les enfants et les familles d\u00e9barqu\u00e9s au Quai 21 de Halifax. Venus de pays lointains tels l\u2019Estonie, l\u2019Italie et l\u2019Ukraine (pour n\u2019en nommer que quelques-uns), ces immigrants ont tous franchi les \u00ab ports de la libert\u00e9 \u00bb pour faire du Canada leur nouvelle patrie.&lt;\/p&gt; &lt;p&gt;Jamie, un \u00ab enfant invit\u00e9 \u00bb originaire d\u2019Ecosse et Mariette, une petite orpheline juive, ont tous deux \u00e9t\u00e9 envoy\u00e9s au Canada \u00e0 un jeune \u00e2ge afin d\u2019\u00e9chapper \u00e0 la m\u00eame guerre. La famille de Heili, in jeune Estonienne, a fui le r\u00e9gime communiste russe en prenant la mer \u00e0 bord du Walnut. La famille de Luigi est venue d\u2019Italie chercher du travail au Canada apr\u00e8s la guerre et la famille de Maryke est arriv\u00e9e de Hollande \u00e0 la rechercher de terres \u00e0 cultiver. &lt;\/p&gt; &lt;p&gt;Aujourd\u2019hui connu sous le nom de Muss\u00e9e canadien de l\u2019immigration, le Quai 21 a accueilli plus d\u2019un million de nouveaux Canadiens, de 1928 \u00e0 1971. Beaucoup d\u2019entre eux craignaient ce que leur r\u00e9servait leur pays d\u2019adoption. Cependant, toutes ces familles, m\u00eame si elles \u00e9taient de cultures et d\u2019origines diff\u00e9rentes, ont cru \u00e0 promesse d\u2019un vie meilleure et plus s\u00fbre que leur offrait le Canada. En d\u00e9barquant au pays, les immigrants \u00e9chappaient au pass\u00e9, emportant dans leur c\u0153ur de pr\u00e9cieux souvenirs de leur lieu d\u2019origine. Le Quai 21 repr\u00e9sentait le premier pas vers une nouvelle vie. &lt;\/p&gt;","og_url":"https:\/\/atlanticbooks.ca\/fr\/livres\/quai-21-ecoutez-mon-histoire","og_site_name":"Atlantic Books","article_modified_time":"2022-11-09T22:07:34+00:00","og_image":[{"width":400,"height":503,"url":"https:\/\/atlanticbooks.mystagingwebsite.com\/wp-content\/uploads\/biblioshare_attachments\/9781771081023.png","type":"image\/png"}],"twitter_card":"summary_large_image","twitter_misc":{"Dur\u00e9e de lecture estim\u00e9e":"1 minute"},"schema":{"@context":"https:\/\/schema.org","@graph":[{"@type":"WebPage","@id":"https:\/\/atlanticbooks.ca\/fr\/livres\/quai-21-ecoutez-mon-histoire","url":"https:\/\/atlanticbooks.ca\/fr\/livres\/quai-21-ecoutez-mon-histoire","name":"Quai 21: \u00c9coutez mon histoire - Atlantic Books","isPartOf":{"@id":"https:\/\/atlanticbooks.ca\/fr\/#website"},"primaryImageOfPage":{"@id":"https:\/\/atlanticbooks.ca\/fr\/livres\/quai-21-ecoutez-mon-histoire#primaryimage"},"image":{"@id":"https:\/\/atlanticbooks.ca\/fr\/livres\/quai-21-ecoutez-mon-histoire#primaryimage"},"thumbnailUrl":"https:\/\/atlanticbooks.ca\/wp-content\/uploads\/biblioshare_attachments\/9781771081023.png","datePublished":"2022-08-30T14:27:44+00:00","dateModified":"2022-11-09T22:07:34+00:00","breadcrumb":{"@id":"https:\/\/atlanticbooks.ca\/fr\/livres\/quai-21-ecoutez-mon-histoire#breadcrumb"},"inLanguage":"fr-FR","potentialAction":[{"@type":"ReadAction","target":["https:\/\/atlanticbooks.ca\/fr\/livres\/quai-21-ecoutez-mon-histoire"]}]},{"@type":"ImageObject","inLanguage":"fr-FR","@id":"https:\/\/atlanticbooks.ca\/fr\/livres\/quai-21-ecoutez-mon-histoire#primaryimage","url":"https:\/\/atlanticbooks.ca\/wp-content\/uploads\/biblioshare_attachments\/9781771081023.png","contentUrl":"https:\/\/atlanticbooks.ca\/wp-content\/uploads\/biblioshare_attachments\/9781771081023.png","width":400,"height":503},{"@type":"BreadcrumbList","@id":"https:\/\/atlanticbooks.ca\/fr\/livres\/quai-21-ecoutez-mon-histoire#breadcrumb","itemListElement":[{"@type":"ListItem","position":1,"name":"Domicile","item":"https:\/\/atlanticbooks.ca\/fr"},{"@type":"ListItem","position":2,"name":"Collections","item":"https:\/\/atlanticbooks.ca\/fr\/collections"},{"@type":"ListItem","position":3,"name":"Quai 21: \u00c9coutez mon histoire"}]},{"@type":"WebSite","@id":"https:\/\/atlanticbooks.ca\/fr\/#website","url":"https:\/\/atlanticbooks.ca\/fr\/","name":"Atlantic Books","description":"Atlantic Books","publisher":{"@id":"https:\/\/atlanticbooks.ca\/fr\/#organization"},"potentialAction":[{"@type":"SearchAction","target":{"@type":"EntryPoint","urlTemplate":"https:\/\/atlanticbooks.ca\/fr\/?s={search_term_string}"},"query-input":{"@type":"PropertyValueSpecification","valueRequired":true,"valueName":"search_term_string"}}],"inLanguage":"fr-FR"},{"@type":"Organization","@id":"https:\/\/atlanticbooks.ca\/fr\/#organization","name":"Atlantic Books","url":"https:\/\/atlanticbooks.ca\/fr\/","logo":{"@type":"ImageObject","inLanguage":"fr-FR","@id":"https:\/\/atlanticbooks.ca\/fr\/#\/schema\/logo\/image\/","url":"https:\/\/atlanticbooks.ca\/wp-content\/uploads\/2020\/10\/atlantic-books-logo.png","contentUrl":"https:\/\/atlanticbooks.ca\/wp-content\/uploads\/2020\/10\/atlantic-books-logo.png","width":566,"height":111,"caption":"Atlantic Books"},"image":{"@id":"https:\/\/atlanticbooks.ca\/fr\/#\/schema\/logo\/image\/"}}]}},"_links":{"self":[{"href":"https:\/\/atlanticbooks.ca\/fr\/wp-json\/wp\/v2\/product\/63259","targetHints":{"allow":["GET"]}}],"collection":[{"href":"https:\/\/atlanticbooks.ca\/fr\/wp-json\/wp\/v2\/product"}],"about":[{"href":"https:\/\/atlanticbooks.ca\/fr\/wp-json\/wp\/v2\/types\/product"}],"wp:featuredmedia":[{"embeddable":true,"href":"https:\/\/atlanticbooks.ca\/fr\/wp-json\/wp\/v2\/media\/67649"}],"wp:attachment":[{"href":"https:\/\/atlanticbooks.ca\/fr\/wp-json\/wp\/v2\/media?parent=63259"}],"wp:term":[{"taxonomy":"product_brand","embeddable":true,"href":"https:\/\/atlanticbooks.ca\/fr\/wp-json\/wp\/v2\/product_brand?post=63259"},{"taxonomy":"product_cat","embeddable":true,"href":"https:\/\/atlanticbooks.ca\/fr\/wp-json\/wp\/v2\/product_cat?post=63259"},{"taxonomy":"product_tag","embeddable":true,"href":"https:\/\/atlanticbooks.ca\/fr\/wp-json\/wp\/v2\/product_tag?post=63259"}],"curies":[{"name":"wp","href":"https:\/\/api.w.org\/{rel}","templated":true}]}}