{"id":63069,"date":"2022-08-30T15:48:28","date_gmt":"2022-08-30T15:48:28","guid":{"rendered":"https:\/\/atlanticbooks.ca\/books\/ntatugwaqanminen-notre-histoire\/"},"modified":"2022-11-09T22:07:35","modified_gmt":"2022-11-09T22:07:35","slug":"ntatugwaqanminen-notre-histoire","status":"publish","type":"product","link":"https:\/\/atlanticbooks.ca\/fr\/livres\/ntatugwaqanminen-notre-histoire","title":{"rendered":"Nta\u2019tugwaqanminen &#8211; Notre histoire"},"content":{"rendered":"<p>&lt;i&gt;Nta\u2019tugwaqanminen-Notre histoire&lt;\/i&gt;\u00a0pr\u00e9sente la vision, la relation \u00e0 la<br \/>\nterre, l\u2019occupation historique et actuelle du territoire, de<br \/>\nm\u00eame que les noms de lieux et ce que r\u00e9v\u00e8lent ceux-ci<br \/>\nsur l\u2019occupation ancestrale du territoire.\u00a0&lt;div&gt;&lt;br&gt;<br \/>\n&lt;\/div&gt;<br \/>\n&lt;div&gt;Il porte sur les trait\u00e9s conclus avec la Couronne<br \/>\nbritannique, sur le respect de ces trait\u00e9s par la nation mi&rsquo;gmaque et le non-respect de ceux-ci par les divers<br \/>\npaliers de gouvernement. Il explore la d\u00e9possession<br \/>\ndes Mi\u2019gmaqs du Gespe\u2019gewa\u2019gi (Nord du Nouveau-Brunswick<br \/>\net p\u00e9ninsule gasp\u00e9sienne) dans la foul\u00e9e<br \/>\nde la colonisation ill\u00e9gale europ\u00e9enne, puis le d\u00e9veloppement de la p\u00e9ninsule par<br \/>\nces colons europ\u00e9ens, \u00e0 leur avantage. Il aborde \u00e9galement la<br \/>\nquestion des droits et titres des Mi\u2019gmaqs sur leur territoire.\u00a0&lt;\/div&gt;<br \/>\n&lt;div&gt;&lt;br&gt;<br \/>\n&lt;\/div&gt;<br \/>\n&lt;div&gt;&lt;i&gt;Nta\u2019tugwaqanminen&lt;\/i&gt; montre que les Mi\u2019gmaqs\u00a0du Gespe\u2019gewa\u2019gi occupent ce territoire<br \/>\ndepuis toujours, qu\u2019ils en \u00e9taient les seuls occupants<br \/>\navant la colonisation europ\u00e9enne, et qu\u2019ils occupent sans<br \/>\ninterruption depuis ce temps.\u00a0&lt;\/div&gt;<br \/>\n&lt;div&gt;&lt;br&gt;<br \/>\n&lt;\/div&gt;<br \/>\n&lt;div&gt;Deux voix \u00e9mergent de cet ouvrage : celle des Mi\u2019gmaqs du Gespe\u2019gewa\u2019gi, et de leurs a\u00een\u00e9s, qui sont<br \/>\nles narrateurs de leur histoire collective, et celle des<br \/>\nchercheurs qui ont \u00e9tudi\u00e9 cette histoire, notamment en<br \/>\nmenant une enqu\u00eate toponymique pour d\u00e9couvrir les indicateurs<br \/>\nde mouvements migratoires.&lt;\/div&gt;<br \/>\n&lt;div&gt;&lt;br&gt;<br \/>\n&lt;\/div&gt;<br \/>\n&lt;div&gt;Une co\u00e9dition avec Fernwood Publishing.&lt;\/div&gt;<br \/>\n&lt;div&gt;&lt;br&gt;<br \/>\n&lt;\/div&gt;<br \/>\n&lt;div&gt;&lt;i&gt;Ce livre est publi\u00e9 en fran\u00e7ais.&lt;\/i&gt;&lt;\/div&gt;<br \/>\n&lt;div&gt;&lt;i&gt;&lt;br&gt;<br \/>\n&lt;\/i&gt;&lt;\/div&gt;<br \/>\n&lt;div&gt;&lt;i&gt;-&lt;\/i&gt;&lt;\/div&gt;<br \/>\n&lt;div&gt;&lt;i&gt;&lt;br&gt;<br \/>\n&lt;\/i&gt;&lt;\/div&gt;<br \/>\n&lt;div&gt;&lt;i&gt;Nta\u2019tugwaqanminen&lt;\/i&gt;\u00a0speaks of the Gespe\u2019gewa\u2019gi Mi\u2019gmaq vision, history, relation to the land, past and present occupation of the territory, as well as their place names and what they reveal in terms of ancient territorial occupation. It speaks of the treaties they agreed to with the British Crown, the respect of these treaties on the part of the Mi\u2019gmaq people and the breach of these by various levels of governments.\u00a0&lt;div&gt;&lt;br&gt;<br \/>\n&lt;\/div&gt;<br \/>\n&lt;div&gt;It explores the dispossession the Mi\u2019gmaq of Gespe\u2019gewa\u2019gi (Northern New Brunswick and the Gasp\u00e9 Peninsula) endured while the European settlers illegally occupied and developed the Gasp\u00e9 Peninsula to their own advantage and the rights and titles the Mi\u2019gmaq people still have on their lands.\u00a0&lt;\/div&gt;<br \/>\n&lt;div&gt;&lt;br&gt;<br \/>\n&lt;\/div&gt;<br \/>\n&lt;div&gt;&lt;i&gt;Nta\u2019tugwaqanminen&lt;\/i&gt;\u00a0provides evidence that the Mi\u2019gmaq of the Gespe\u2019gewa\u2019gi have occupied their territory since time immemorial, were its sole occupants prior to European settlement, and occupied it on a continuous basis.\u00a0&lt;\/div&gt;<br \/>\n&lt;div&gt;&lt;br&gt;<br \/>\n&lt;\/div&gt;<br \/>\n&lt;div&gt;There are two voices in the book: that of the Mi\u2019gmaq of the Gespe\u2019gewa\u2019gi, including the Elders, as they act as narrators of the collective history, and that of the researchers, who studied this history, including advanced investigation on place names as indicators of migration patterns.&lt;\/div&gt;<br \/>\n&lt;div&gt;&lt;br&gt;<br \/>\n&lt;\/div&gt;<br \/>\n&lt;div&gt;A co-edition with Fernwood Publishing.&lt;\/div&gt;<br \/>\n&lt;div&gt;&lt;br&gt;<br \/>\n&lt;\/div&gt;<br \/>\n&lt;div&gt;&lt;i&gt;This book is published in French.&lt;\/i&gt;&lt;\/div&gt;<br \/>\n&lt;\/div&gt;<\/p>\n","protected":false},"excerpt":{"rendered":"<p>&lt;i&gt;Nta\u2019tugwaqanminen&lt;\/i&gt;, le fruit d\u2019un partenariat de recherche entre les Mi\u2019gmaqs du Nord du Gespe\u2019gewa\u2019gi (p\u00e9ninsule gasp\u00e9sienne<br \/>\net Nord du Nouveau-Brunswick), leurs a\u00een\u00e9s et un groupe chercheurs chevron\u00e9s, veut permettre \u00e0 ce peuple de se r\u00e9approprier son histoire, tant orale qu\u2019\u00e9crite, dans une d\u00e9marche de r\u00e9appropriation du savoir.<\/p>\n","protected":false},"featured_media":57220,"template":"","meta":{"_genesis_hide_title":false,"_genesis_hide_breadcrumbs":false,"_genesis_hide_singular_image":false,"_genesis_hide_footer_widgets":false,"_genesis_custom_body_class":"","_genesis_custom_post_class":"","_genesis_layout":""},"product_brand":[],"product_cat":[10712],"product_tag":[],"class_list":{"0":"post-63069","1":"product","2":"type-product","3":"status-publish","4":"has-post-thumbnail","5":"product_language-fre","6":"product_subjects-social-science","7":"product_subjects-indigenous-studies","8":"product_curriculumsubject-francais-programmes-detudes","9":"product_curriculumsubject-sciences-humaines","10":"product_skills_concepts-sel-social-emotional-learning","11":"product_provincial_focus-nb","12":"product_reading_type-advanced-reader","13":"product_edi_priority_areas-race-and-ethnicity","14":"product_edi_author-female-author","15":"product_edi_author-indigenous-author","16":"product_edi_author-mikaw-author","17":"product_edi_author-community-collaboration-authors","18":"product_edi_history_culture-indigenous-histories-cultures","19":"product_edi_history_culture-mikaw-history-culture","20":"product_edi_subjects_themes-activism","21":"product_edi_subjects_themes-cultural-identity-and-community","22":"product_edi_subjects_themes-justice-and-injustice","23":"product_edi_subjects_themes-government-policy","24":"product_edi_subjects_themes-racism-and-discrimination","25":"product_edi_subjects_themes-indigenous-resistance-and-decolonization","26":"product_edi_characters-indigenous-characters","27":"product_edi_characters-mikmaw-characters","28":"product_edi_languages-french-language","29":"product_edi_languages-mikmaw-language","30":"biblio_share_tag-social-science-indigenous-studies","31":"product_cat-abc","32":"product_shipping_class-abc-test","33":"entry","35":"first","36":"outofstock","37":"taxable","38":"shipping-taxable","39":"purchasable","40":"product-type-simple"},"yoast_head":"<!-- This site is optimized with the Yoast SEO plugin v24.0 - https:\/\/yoast.com\/wordpress\/plugins\/seo\/ -->\n<title>Nta\u2019tugwaqanminen - Notre histoire - Atlantic Books<\/title>\n<meta name=\"robots\" content=\"index, follow, max-snippet:-1, max-image-preview:large, max-video-preview:-1\" \/>\n<link rel=\"canonical\" href=\"https:\/\/atlanticbooks.ca\/fr\/livres\/ntatugwaqanminen-notre-histoire\" \/>\n<meta property=\"og:locale\" content=\"fr_FR\" \/>\n<meta property=\"og:type\" content=\"article\" \/>\n<meta property=\"og:title\" content=\"Nta\u2019tugwaqanminen - Notre histoire - Atlantic Books\" \/>\n<meta property=\"og:description\" content=\"&lt;i&gt;Nta\u2019tugwaqanminen&lt;\/i&gt;, le fruit d\u2019un partenariat de recherche entre les Mi\u2019gmaqs du Nord du Gespe\u2019gewa\u2019gi (p\u00e9ninsule gasp\u00e9sienne et Nord du Nouveau-Brunswick), leurs a\u00een\u00e9s et un groupe chercheurs chevron\u00e9s, veut permettre \u00e0 ce peuple de se r\u00e9approprier son histoire, tant orale qu\u2019\u00e9crite, dans une d\u00e9marche de r\u00e9appropriation du savoir.\" \/>\n<meta property=\"og:url\" content=\"https:\/\/atlanticbooks.ca\/fr\/livres\/ntatugwaqanminen-notre-histoire\" \/>\n<meta property=\"og:site_name\" content=\"Atlantic Books\" \/>\n<meta property=\"article:modified_time\" content=\"2022-11-09T22:07:35+00:00\" \/>\n<meta property=\"og:image\" content=\"https:\/\/atlanticbooks.mystagingwebsite.com\/wp-content\/uploads\/biblioshare_attachments\/9782760325791.png\" \/>\n\t<meta property=\"og:image:width\" content=\"1600\" \/>\n\t<meta property=\"og:image:height\" content=\"2400\" \/>\n\t<meta property=\"og:image:type\" content=\"image\/png\" \/>\n<meta name=\"twitter:card\" content=\"summary_large_image\" \/>\n<meta name=\"twitter:label1\" content=\"Dur\u00e9e de lecture estim\u00e9e\" \/>\n\t<meta name=\"twitter:data1\" content=\"2 minutes\" \/>\n<script type=\"application\/ld+json\" class=\"yoast-schema-graph\">{\"@context\":\"https:\/\/schema.org\",\"@graph\":[{\"@type\":\"WebPage\",\"@id\":\"https:\/\/atlanticbooks.ca\/fr\/livres\/ntatugwaqanminen-notre-histoire\",\"url\":\"https:\/\/atlanticbooks.ca\/fr\/livres\/ntatugwaqanminen-notre-histoire\",\"name\":\"Nta\u2019tugwaqanminen - Notre histoire - Atlantic Books\",\"isPartOf\":{\"@id\":\"https:\/\/atlanticbooks.ca\/fr\/#website\"},\"primaryImageOfPage\":{\"@id\":\"https:\/\/atlanticbooks.ca\/fr\/livres\/ntatugwaqanminen-notre-histoire#primaryimage\"},\"image\":{\"@id\":\"https:\/\/atlanticbooks.ca\/fr\/livres\/ntatugwaqanminen-notre-histoire#primaryimage\"},\"thumbnailUrl\":\"https:\/\/atlanticbooks.ca\/wp-content\/uploads\/biblioshare_attachments\/9782760325791.png\",\"datePublished\":\"2022-08-30T15:48:28+00:00\",\"dateModified\":\"2022-11-09T22:07:35+00:00\",\"breadcrumb\":{\"@id\":\"https:\/\/atlanticbooks.ca\/fr\/livres\/ntatugwaqanminen-notre-histoire#breadcrumb\"},\"inLanguage\":\"fr-FR\",\"potentialAction\":[{\"@type\":\"ReadAction\",\"target\":[\"https:\/\/atlanticbooks.ca\/fr\/livres\/ntatugwaqanminen-notre-histoire\"]}]},{\"@type\":\"ImageObject\",\"inLanguage\":\"fr-FR\",\"@id\":\"https:\/\/atlanticbooks.ca\/fr\/livres\/ntatugwaqanminen-notre-histoire#primaryimage\",\"url\":\"https:\/\/atlanticbooks.ca\/wp-content\/uploads\/biblioshare_attachments\/9782760325791.png\",\"contentUrl\":\"https:\/\/atlanticbooks.ca\/wp-content\/uploads\/biblioshare_attachments\/9782760325791.png\",\"width\":1600,\"height\":2400},{\"@type\":\"BreadcrumbList\",\"@id\":\"https:\/\/atlanticbooks.ca\/fr\/livres\/ntatugwaqanminen-notre-histoire#breadcrumb\",\"itemListElement\":[{\"@type\":\"ListItem\",\"position\":1,\"name\":\"Domicile\",\"item\":\"https:\/\/atlanticbooks.ca\/fr\"},{\"@type\":\"ListItem\",\"position\":2,\"name\":\"Collections\",\"item\":\"https:\/\/atlanticbooks.ca\/fr\/collections\"},{\"@type\":\"ListItem\",\"position\":3,\"name\":\"Nta\u2019tugwaqanminen &#8211; Notre histoire\"}]},{\"@type\":\"WebSite\",\"@id\":\"https:\/\/atlanticbooks.ca\/fr\/#website\",\"url\":\"https:\/\/atlanticbooks.ca\/fr\/\",\"name\":\"Atlantic Books\",\"description\":\"Atlantic Books\",\"publisher\":{\"@id\":\"https:\/\/atlanticbooks.ca\/fr\/#organization\"},\"potentialAction\":[{\"@type\":\"SearchAction\",\"target\":{\"@type\":\"EntryPoint\",\"urlTemplate\":\"https:\/\/atlanticbooks.ca\/fr\/?s={search_term_string}\"},\"query-input\":{\"@type\":\"PropertyValueSpecification\",\"valueRequired\":true,\"valueName\":\"search_term_string\"}}],\"inLanguage\":\"fr-FR\"},{\"@type\":\"Organization\",\"@id\":\"https:\/\/atlanticbooks.ca\/fr\/#organization\",\"name\":\"Atlantic Books\",\"url\":\"https:\/\/atlanticbooks.ca\/fr\/\",\"logo\":{\"@type\":\"ImageObject\",\"inLanguage\":\"fr-FR\",\"@id\":\"https:\/\/atlanticbooks.ca\/fr\/#\/schema\/logo\/image\/\",\"url\":\"https:\/\/atlanticbooks.ca\/wp-content\/uploads\/2020\/10\/atlantic-books-logo.png\",\"contentUrl\":\"https:\/\/atlanticbooks.ca\/wp-content\/uploads\/2020\/10\/atlantic-books-logo.png\",\"width\":566,\"height\":111,\"caption\":\"Atlantic Books\"},\"image\":{\"@id\":\"https:\/\/atlanticbooks.ca\/fr\/#\/schema\/logo\/image\/\"}}]}<\/script>\n<!-- \/ Yoast SEO plugin. -->","yoast_head_json":{"title":"Nta\u2019tugwaqanminen - Notre histoire - Atlantic Books","robots":{"index":"index","follow":"follow","max-snippet":"max-snippet:-1","max-image-preview":"max-image-preview:large","max-video-preview":"max-video-preview:-1"},"canonical":"https:\/\/atlanticbooks.ca\/fr\/livres\/ntatugwaqanminen-notre-histoire","og_locale":"fr_FR","og_type":"article","og_title":"Nta\u2019tugwaqanminen - Notre histoire - Atlantic Books","og_description":"&lt;i&gt;Nta\u2019tugwaqanminen&lt;\/i&gt;, le fruit d\u2019un partenariat de recherche entre les Mi\u2019gmaqs du Nord du Gespe\u2019gewa\u2019gi (p\u00e9ninsule gasp\u00e9sienne et Nord du Nouveau-Brunswick), leurs a\u00een\u00e9s et un groupe chercheurs chevron\u00e9s, veut permettre \u00e0 ce peuple de se r\u00e9approprier son histoire, tant orale qu\u2019\u00e9crite, dans une d\u00e9marche de r\u00e9appropriation du savoir.","og_url":"https:\/\/atlanticbooks.ca\/fr\/livres\/ntatugwaqanminen-notre-histoire","og_site_name":"Atlantic Books","article_modified_time":"2022-11-09T22:07:35+00:00","og_image":[{"width":1600,"height":2400,"url":"https:\/\/atlanticbooks.mystagingwebsite.com\/wp-content\/uploads\/biblioshare_attachments\/9782760325791.png","type":"image\/png"}],"twitter_card":"summary_large_image","twitter_misc":{"Dur\u00e9e de lecture estim\u00e9e":"2 minutes"},"schema":{"@context":"https:\/\/schema.org","@graph":[{"@type":"WebPage","@id":"https:\/\/atlanticbooks.ca\/fr\/livres\/ntatugwaqanminen-notre-histoire","url":"https:\/\/atlanticbooks.ca\/fr\/livres\/ntatugwaqanminen-notre-histoire","name":"Nta\u2019tugwaqanminen - Notre histoire - Atlantic Books","isPartOf":{"@id":"https:\/\/atlanticbooks.ca\/fr\/#website"},"primaryImageOfPage":{"@id":"https:\/\/atlanticbooks.ca\/fr\/livres\/ntatugwaqanminen-notre-histoire#primaryimage"},"image":{"@id":"https:\/\/atlanticbooks.ca\/fr\/livres\/ntatugwaqanminen-notre-histoire#primaryimage"},"thumbnailUrl":"https:\/\/atlanticbooks.ca\/wp-content\/uploads\/biblioshare_attachments\/9782760325791.png","datePublished":"2022-08-30T15:48:28+00:00","dateModified":"2022-11-09T22:07:35+00:00","breadcrumb":{"@id":"https:\/\/atlanticbooks.ca\/fr\/livres\/ntatugwaqanminen-notre-histoire#breadcrumb"},"inLanguage":"fr-FR","potentialAction":[{"@type":"ReadAction","target":["https:\/\/atlanticbooks.ca\/fr\/livres\/ntatugwaqanminen-notre-histoire"]}]},{"@type":"ImageObject","inLanguage":"fr-FR","@id":"https:\/\/atlanticbooks.ca\/fr\/livres\/ntatugwaqanminen-notre-histoire#primaryimage","url":"https:\/\/atlanticbooks.ca\/wp-content\/uploads\/biblioshare_attachments\/9782760325791.png","contentUrl":"https:\/\/atlanticbooks.ca\/wp-content\/uploads\/biblioshare_attachments\/9782760325791.png","width":1600,"height":2400},{"@type":"BreadcrumbList","@id":"https:\/\/atlanticbooks.ca\/fr\/livres\/ntatugwaqanminen-notre-histoire#breadcrumb","itemListElement":[{"@type":"ListItem","position":1,"name":"Domicile","item":"https:\/\/atlanticbooks.ca\/fr"},{"@type":"ListItem","position":2,"name":"Collections","item":"https:\/\/atlanticbooks.ca\/fr\/collections"},{"@type":"ListItem","position":3,"name":"Nta\u2019tugwaqanminen &#8211; Notre histoire"}]},{"@type":"WebSite","@id":"https:\/\/atlanticbooks.ca\/fr\/#website","url":"https:\/\/atlanticbooks.ca\/fr\/","name":"Atlantic Books","description":"Atlantic Books","publisher":{"@id":"https:\/\/atlanticbooks.ca\/fr\/#organization"},"potentialAction":[{"@type":"SearchAction","target":{"@type":"EntryPoint","urlTemplate":"https:\/\/atlanticbooks.ca\/fr\/?s={search_term_string}"},"query-input":{"@type":"PropertyValueSpecification","valueRequired":true,"valueName":"search_term_string"}}],"inLanguage":"fr-FR"},{"@type":"Organization","@id":"https:\/\/atlanticbooks.ca\/fr\/#organization","name":"Atlantic Books","url":"https:\/\/atlanticbooks.ca\/fr\/","logo":{"@type":"ImageObject","inLanguage":"fr-FR","@id":"https:\/\/atlanticbooks.ca\/fr\/#\/schema\/logo\/image\/","url":"https:\/\/atlanticbooks.ca\/wp-content\/uploads\/2020\/10\/atlantic-books-logo.png","contentUrl":"https:\/\/atlanticbooks.ca\/wp-content\/uploads\/2020\/10\/atlantic-books-logo.png","width":566,"height":111,"caption":"Atlantic Books"},"image":{"@id":"https:\/\/atlanticbooks.ca\/fr\/#\/schema\/logo\/image\/"}}]}},"_links":{"self":[{"href":"https:\/\/atlanticbooks.ca\/fr\/wp-json\/wp\/v2\/product\/63069","targetHints":{"allow":["GET"]}}],"collection":[{"href":"https:\/\/atlanticbooks.ca\/fr\/wp-json\/wp\/v2\/product"}],"about":[{"href":"https:\/\/atlanticbooks.ca\/fr\/wp-json\/wp\/v2\/types\/product"}],"wp:featuredmedia":[{"embeddable":true,"href":"https:\/\/atlanticbooks.ca\/fr\/wp-json\/wp\/v2\/media\/57220"}],"wp:attachment":[{"href":"https:\/\/atlanticbooks.ca\/fr\/wp-json\/wp\/v2\/media?parent=63069"}],"wp:term":[{"taxonomy":"product_brand","embeddable":true,"href":"https:\/\/atlanticbooks.ca\/fr\/wp-json\/wp\/v2\/product_brand?post=63069"},{"taxonomy":"product_cat","embeddable":true,"href":"https:\/\/atlanticbooks.ca\/fr\/wp-json\/wp\/v2\/product_cat?post=63069"},{"taxonomy":"product_tag","embeddable":true,"href":"https:\/\/atlanticbooks.ca\/fr\/wp-json\/wp\/v2\/product_tag?post=63069"}],"curies":[{"name":"wp","href":"https:\/\/api.w.org\/{rel}","templated":true}]}}