{"id":63043,"date":"2022-09-19T16:17:56","date_gmt":"2022-09-19T16:17:56","guid":{"rendered":"https:\/\/atlanticbooks.ca\/books\/this-house-is-not-a-home\/"},"modified":"2022-11-09T20:27:53","modified_gmt":"2022-11-09T20:27:53","slug":"this-house-is-not-a-home","status":"publish","type":"product","link":"https:\/\/atlanticbooks.ca\/fr\/livres\/this-house-is-not-a-home","title":{"rendered":"This House Is Not a Home"},"content":{"rendered":"<p>&lt;p&gt;After a hunting trip one fall, a family in the far reaches of so-called Canada\u2019s north return to nothing but an empty space where their home once stood. Finding themselves suddenly homeless, they have no choice but to assimilate into settler-colonial society in a mining town that has encroached on their freedom.&lt;\/p&gt;<br \/>\n&lt;p&gt;An intergenerational coming-of-age novel, &lt;em&gt;This House Is Not a Home&lt;\/em&gt; follows K\u01eb\u0300, a Dene man who grew up entirely on the land before being taken to residential school. When he finally returns home, he struggles to connect with his family: his younger brother whom he has never met, his mother because he has lost his language, and an absent father whose disappearance he is too afraid to question.&lt;\/p&gt;<br \/>\n&lt;p&gt;The third book from acclaimed Dene, Cree and Metis writer Kat\u0142\u012f\u00e0, &lt;em&gt;This House Is Not a Home&lt;\/em&gt; is a fictional story based on true events. Visceral and embodied, heartbreaking and spirited, this book presents a clear trajectory of how settlers dispossessed Indigenous Peoples of their land \u2014 and how Indigenous communities, with dignity and resilience, continue to live and honour their culture, values, inherent knowledge systems, and Indigenous rights towards re-establishing sovereignty. Fierce and unflinching, this story is a call for land back.&lt;\/p&gt;<\/p>\n","protected":false},"excerpt":{"rendered":"<p>&lt;p&gt;A gripping tale that combines fictional characters with real historical events of a time when the housing system dispossessed Indigenous Peoples across the north.&lt;\/p&gt;<\/p>\n","protected":false},"featured_media":61819,"template":"","meta":{"_genesis_hide_title":false,"_genesis_hide_breadcrumbs":false,"_genesis_hide_singular_image":false,"_genesis_hide_footer_widgets":false,"_genesis_custom_body_class":"","_genesis_custom_post_class":"","_genesis_layout":""},"product_brand":[],"product_cat":[10712,14164,4800,5818,14957],"product_tag":[],"class_list":{"0":"post-63043","1":"product","2":"type-product","3":"status-publish","4":"has-post-thumbnail","5":"product_language-eng","6":"product_subjects-fiction","7":"product_subjects-indigenous-fiction","8":"product_reading_range-12720","9":"product_reading_range-12721","10":"product_reading_range-12722","11":"product_reading_range-12723","12":"product_reading_range-12724","13":"product_reading_range-12739","14":"product_interest_range-12737","15":"product_interest_range-12738","16":"product_interest_range-12746","17":"product_interest_range-12747","18":"product_interest_range-12748","19":"product_interest_range-12728","20":"product_grade_range-seventh-grade","21":"product_grade_range-eighth-grade","22":"product_grade_range-ninth-grade","23":"product_grade_range-tenth-grade","24":"product_grade_range-eleventh-grade","25":"product_grade_range-twelfth-grade","26":"product_curriculumsubject-english-curriculum-subjects","27":"product_skills_concepts-sel-social-emotional-learning","28":"product_edi_priority_areas-cultural-identity","29":"product_edi_priority_areas-race-and-ethnicity","30":"product_edi_author-female-author","31":"product_edi_author-indigenous-author","32":"product_edi_author-cree-author","33":"product_edi_author-dene-author","34":"product_edi_author-metis-author","35":"product_edi_history_culture-indigenous-histories-cultures","36":"product_edi_history_culture-dene-history-culture","37":"product_edi_subjects_themes-indigenous-diaspora","38":"product_edi_subjects_themes-justice-and-injustice","39":"product_edi_subjects_themes-residential-schools","40":"product_edi_subjects_themes-racism-and-discrimination","41":"product_edi_subjects_themes-indigenous-resistance-and-decolonization","42":"product_edi_characters-indigenous-characters","43":"product_edi_characters-dene-characters","44":"biblio_share_tag-fiction-indigenous","45":"product_cat-abc","46":"product_cat-fall-books-abt-96","47":"product_cat-voices","48":"product_cat-indigenous-voices","49":"product_cat-holiday-2022","50":"product_shipping_class-abc-test","51":"entry","53":"first","54":"instock","55":"taxable","56":"shipping-taxable","57":"purchasable","58":"product-type-simple"},"yoast_head":"<!-- This site is optimized with the Yoast SEO plugin v24.0 - https:\/\/yoast.com\/wordpress\/plugins\/seo\/ -->\n<title>This House Is Not a Home - Atlantic Books<\/title>\n<meta name=\"robots\" content=\"index, follow, max-snippet:-1, max-image-preview:large, max-video-preview:-1\" \/>\n<link rel=\"canonical\" href=\"https:\/\/atlanticbooks.ca\/fr\/livres\/this-house-is-not-a-home\" \/>\n<meta property=\"og:locale\" content=\"fr_FR\" \/>\n<meta property=\"og:type\" content=\"article\" \/>\n<meta property=\"og:title\" content=\"This House Is Not a Home - Atlantic Books\" \/>\n<meta property=\"og:description\" content=\"&lt;p&gt;A gripping tale that combines fictional characters with real historical events of a time when the housing system dispossessed Indigenous Peoples across the north.&lt;\/p&gt;\" \/>\n<meta property=\"og:url\" content=\"https:\/\/atlanticbooks.ca\/fr\/livres\/this-house-is-not-a-home\" \/>\n<meta property=\"og:site_name\" content=\"Atlantic Books\" \/>\n<meta property=\"article:modified_time\" content=\"2022-11-09T20:27:53+00:00\" \/>\n<meta property=\"og:image\" content=\"https:\/\/atlanticbooks.mystagingwebsite.com\/wp-content\/uploads\/biblioshare_attachments\/9781773635620.png\" \/>\n\t<meta property=\"og:image:width\" content=\"500\" \/>\n\t<meta property=\"og:image:height\" content=\"782\" \/>\n\t<meta property=\"og:image:type\" content=\"image\/png\" \/>\n<meta name=\"twitter:card\" content=\"summary_large_image\" \/>\n<meta name=\"twitter:label1\" content=\"Dur\u00e9e de lecture estim\u00e9e\" \/>\n\t<meta name=\"twitter:data1\" content=\"1 minute\" \/>\n<script type=\"application\/ld+json\" class=\"yoast-schema-graph\">{\"@context\":\"https:\/\/schema.org\",\"@graph\":[{\"@type\":\"WebPage\",\"@id\":\"https:\/\/atlanticbooks.ca\/fr\/livres\/this-house-is-not-a-home\",\"url\":\"https:\/\/atlanticbooks.ca\/fr\/livres\/this-house-is-not-a-home\",\"name\":\"This House Is Not a Home - Atlantic Books\",\"isPartOf\":{\"@id\":\"https:\/\/atlanticbooks.ca\/fr\/#website\"},\"primaryImageOfPage\":{\"@id\":\"https:\/\/atlanticbooks.ca\/fr\/livres\/this-house-is-not-a-home#primaryimage\"},\"image\":{\"@id\":\"https:\/\/atlanticbooks.ca\/fr\/livres\/this-house-is-not-a-home#primaryimage\"},\"thumbnailUrl\":\"https:\/\/atlanticbooks.ca\/wp-content\/uploads\/biblioshare_attachments\/9781773635620.png\",\"datePublished\":\"2022-09-19T16:17:56+00:00\",\"dateModified\":\"2022-11-09T20:27:53+00:00\",\"breadcrumb\":{\"@id\":\"https:\/\/atlanticbooks.ca\/fr\/livres\/this-house-is-not-a-home#breadcrumb\"},\"inLanguage\":\"fr-FR\",\"potentialAction\":[{\"@type\":\"ReadAction\",\"target\":[\"https:\/\/atlanticbooks.ca\/fr\/livres\/this-house-is-not-a-home\"]}]},{\"@type\":\"ImageObject\",\"inLanguage\":\"fr-FR\",\"@id\":\"https:\/\/atlanticbooks.ca\/fr\/livres\/this-house-is-not-a-home#primaryimage\",\"url\":\"https:\/\/atlanticbooks.ca\/wp-content\/uploads\/biblioshare_attachments\/9781773635620.png\",\"contentUrl\":\"https:\/\/atlanticbooks.ca\/wp-content\/uploads\/biblioshare_attachments\/9781773635620.png\",\"width\":500,\"height\":782},{\"@type\":\"BreadcrumbList\",\"@id\":\"https:\/\/atlanticbooks.ca\/fr\/livres\/this-house-is-not-a-home#breadcrumb\",\"itemListElement\":[{\"@type\":\"ListItem\",\"position\":1,\"name\":\"Domicile\",\"item\":\"https:\/\/atlanticbooks.ca\/fr\"},{\"@type\":\"ListItem\",\"position\":2,\"name\":\"Collections\",\"item\":\"https:\/\/atlanticbooks.ca\/fr\/collections\"},{\"@type\":\"ListItem\",\"position\":3,\"name\":\"This House Is Not a Home\"}]},{\"@type\":\"WebSite\",\"@id\":\"https:\/\/atlanticbooks.ca\/fr\/#website\",\"url\":\"https:\/\/atlanticbooks.ca\/fr\/\",\"name\":\"Atlantic Books\",\"description\":\"Atlantic Books\",\"publisher\":{\"@id\":\"https:\/\/atlanticbooks.ca\/fr\/#organization\"},\"potentialAction\":[{\"@type\":\"SearchAction\",\"target\":{\"@type\":\"EntryPoint\",\"urlTemplate\":\"https:\/\/atlanticbooks.ca\/fr\/?s={search_term_string}\"},\"query-input\":{\"@type\":\"PropertyValueSpecification\",\"valueRequired\":true,\"valueName\":\"search_term_string\"}}],\"inLanguage\":\"fr-FR\"},{\"@type\":\"Organization\",\"@id\":\"https:\/\/atlanticbooks.ca\/fr\/#organization\",\"name\":\"Atlantic Books\",\"url\":\"https:\/\/atlanticbooks.ca\/fr\/\",\"logo\":{\"@type\":\"ImageObject\",\"inLanguage\":\"fr-FR\",\"@id\":\"https:\/\/atlanticbooks.ca\/fr\/#\/schema\/logo\/image\/\",\"url\":\"https:\/\/atlanticbooks.ca\/wp-content\/uploads\/2020\/10\/atlantic-books-logo.png\",\"contentUrl\":\"https:\/\/atlanticbooks.ca\/wp-content\/uploads\/2020\/10\/atlantic-books-logo.png\",\"width\":566,\"height\":111,\"caption\":\"Atlantic Books\"},\"image\":{\"@id\":\"https:\/\/atlanticbooks.ca\/fr\/#\/schema\/logo\/image\/\"}}]}<\/script>\n<!-- \/ Yoast SEO plugin. -->","yoast_head_json":{"title":"This House Is Not a Home - Atlantic Books","robots":{"index":"index","follow":"follow","max-snippet":"max-snippet:-1","max-image-preview":"max-image-preview:large","max-video-preview":"max-video-preview:-1"},"canonical":"https:\/\/atlanticbooks.ca\/fr\/livres\/this-house-is-not-a-home","og_locale":"fr_FR","og_type":"article","og_title":"This House Is Not a Home - Atlantic Books","og_description":"&lt;p&gt;A gripping tale that combines fictional characters with real historical events of a time when the housing system dispossessed Indigenous Peoples across the north.&lt;\/p&gt;","og_url":"https:\/\/atlanticbooks.ca\/fr\/livres\/this-house-is-not-a-home","og_site_name":"Atlantic Books","article_modified_time":"2022-11-09T20:27:53+00:00","og_image":[{"width":500,"height":782,"url":"https:\/\/atlanticbooks.mystagingwebsite.com\/wp-content\/uploads\/biblioshare_attachments\/9781773635620.png","type":"image\/png"}],"twitter_card":"summary_large_image","twitter_misc":{"Dur\u00e9e de lecture estim\u00e9e":"1 minute"},"schema":{"@context":"https:\/\/schema.org","@graph":[{"@type":"WebPage","@id":"https:\/\/atlanticbooks.ca\/fr\/livres\/this-house-is-not-a-home","url":"https:\/\/atlanticbooks.ca\/fr\/livres\/this-house-is-not-a-home","name":"This House Is Not a Home - Atlantic Books","isPartOf":{"@id":"https:\/\/atlanticbooks.ca\/fr\/#website"},"primaryImageOfPage":{"@id":"https:\/\/atlanticbooks.ca\/fr\/livres\/this-house-is-not-a-home#primaryimage"},"image":{"@id":"https:\/\/atlanticbooks.ca\/fr\/livres\/this-house-is-not-a-home#primaryimage"},"thumbnailUrl":"https:\/\/atlanticbooks.ca\/wp-content\/uploads\/biblioshare_attachments\/9781773635620.png","datePublished":"2022-09-19T16:17:56+00:00","dateModified":"2022-11-09T20:27:53+00:00","breadcrumb":{"@id":"https:\/\/atlanticbooks.ca\/fr\/livres\/this-house-is-not-a-home#breadcrumb"},"inLanguage":"fr-FR","potentialAction":[{"@type":"ReadAction","target":["https:\/\/atlanticbooks.ca\/fr\/livres\/this-house-is-not-a-home"]}]},{"@type":"ImageObject","inLanguage":"fr-FR","@id":"https:\/\/atlanticbooks.ca\/fr\/livres\/this-house-is-not-a-home#primaryimage","url":"https:\/\/atlanticbooks.ca\/wp-content\/uploads\/biblioshare_attachments\/9781773635620.png","contentUrl":"https:\/\/atlanticbooks.ca\/wp-content\/uploads\/biblioshare_attachments\/9781773635620.png","width":500,"height":782},{"@type":"BreadcrumbList","@id":"https:\/\/atlanticbooks.ca\/fr\/livres\/this-house-is-not-a-home#breadcrumb","itemListElement":[{"@type":"ListItem","position":1,"name":"Domicile","item":"https:\/\/atlanticbooks.ca\/fr"},{"@type":"ListItem","position":2,"name":"Collections","item":"https:\/\/atlanticbooks.ca\/fr\/collections"},{"@type":"ListItem","position":3,"name":"This House Is Not a Home"}]},{"@type":"WebSite","@id":"https:\/\/atlanticbooks.ca\/fr\/#website","url":"https:\/\/atlanticbooks.ca\/fr\/","name":"Atlantic Books","description":"Atlantic Books","publisher":{"@id":"https:\/\/atlanticbooks.ca\/fr\/#organization"},"potentialAction":[{"@type":"SearchAction","target":{"@type":"EntryPoint","urlTemplate":"https:\/\/atlanticbooks.ca\/fr\/?s={search_term_string}"},"query-input":{"@type":"PropertyValueSpecification","valueRequired":true,"valueName":"search_term_string"}}],"inLanguage":"fr-FR"},{"@type":"Organization","@id":"https:\/\/atlanticbooks.ca\/fr\/#organization","name":"Atlantic Books","url":"https:\/\/atlanticbooks.ca\/fr\/","logo":{"@type":"ImageObject","inLanguage":"fr-FR","@id":"https:\/\/atlanticbooks.ca\/fr\/#\/schema\/logo\/image\/","url":"https:\/\/atlanticbooks.ca\/wp-content\/uploads\/2020\/10\/atlantic-books-logo.png","contentUrl":"https:\/\/atlanticbooks.ca\/wp-content\/uploads\/2020\/10\/atlantic-books-logo.png","width":566,"height":111,"caption":"Atlantic Books"},"image":{"@id":"https:\/\/atlanticbooks.ca\/fr\/#\/schema\/logo\/image\/"}}]}},"_links":{"self":[{"href":"https:\/\/atlanticbooks.ca\/fr\/wp-json\/wp\/v2\/product\/63043","targetHints":{"allow":["GET"]}}],"collection":[{"href":"https:\/\/atlanticbooks.ca\/fr\/wp-json\/wp\/v2\/product"}],"about":[{"href":"https:\/\/atlanticbooks.ca\/fr\/wp-json\/wp\/v2\/types\/product"}],"wp:featuredmedia":[{"embeddable":true,"href":"https:\/\/atlanticbooks.ca\/fr\/wp-json\/wp\/v2\/media\/61819"}],"wp:attachment":[{"href":"https:\/\/atlanticbooks.ca\/fr\/wp-json\/wp\/v2\/media?parent=63043"}],"wp:term":[{"taxonomy":"product_brand","embeddable":true,"href":"https:\/\/atlanticbooks.ca\/fr\/wp-json\/wp\/v2\/product_brand?post=63043"},{"taxonomy":"product_cat","embeddable":true,"href":"https:\/\/atlanticbooks.ca\/fr\/wp-json\/wp\/v2\/product_cat?post=63043"},{"taxonomy":"product_tag","embeddable":true,"href":"https:\/\/atlanticbooks.ca\/fr\/wp-json\/wp\/v2\/product_tag?post=63043"}],"curies":[{"name":"wp","href":"https:\/\/api.w.org\/{rel}","templated":true}]}}