{"id":63019,"date":"2022-09-19T20:29:37","date_gmt":"2022-09-19T20:29:37","guid":{"rendered":"https:\/\/atlanticbooks.ca\/books\/dis-dix-dinosaures\/"},"modified":"2022-11-09T22:08:03","modified_gmt":"2022-11-09T22:08:03","slug":"dis-dix-dinosaures","status":"publish","type":"product","link":"https:\/\/atlanticbooks.ca\/fr\/livres\/dis-dix-dinosaures","title":{"rendered":"Dis dix dinosaures"},"content":{"rendered":"<p>Les premiers dinosaures \u00abacadiens\u00bb,\u00e7a compte!Premi\u00e8re incursion dans le monde des dinosaurespour Bouton d\u2019or Acadie. Dis dix dinosaures offre un monde foisonnant o\u00f9 sur chaque page l\u2019enfant peut s\u2019amuser \u00e0 compter ainsi qu\u2019\u00e0 associer des d\u00e9tailsau chiffre en vedette. Sur la page de garde on retrouve les noms scientifiques de ces dinosaures maintes fois pr\u00e9sent\u00e9s ailleurs mais jamais, \u00e0 notre avis, illustr\u00e9s avec de pareilles couleurs ! Denise Paquette, une des illustratrices les plus exp\u00e9riment\u00e9esd\u2019Acadie, s\u2019en est donn\u00e9e \u00e0 coeur joie. Quant \u00e0 l\u2019auteure de Moncton, Ga\u00ebtane Pinet, elle fait ses d\u00e9buts, et avec quelle imagination !<\/p>\n","protected":false},"excerpt":{"rendered":"<p>Les premiers dinosaures \u00abacadiens\u00bb,\u00e7a compte!Premi\u00e8re incursion dans le monde des dinosaurespour Bouton d\u2019or Acadie. Dis dix dinosaures offre un monde foisonnant o\u00f9 sur chaque page l\u2019enfant peut s\u2019amuser \u00e0 compter [&hellip;]<\/p>\n","protected":false},"featured_media":67478,"template":"","meta":{"_genesis_hide_title":false,"_genesis_hide_breadcrumbs":false,"_genesis_hide_singular_image":false,"_genesis_hide_footer_widgets":false,"_genesis_custom_body_class":"","_genesis_custom_post_class":"","_genesis_layout":""},"product_brand":[],"product_cat":[12776],"product_tag":[],"class_list":{"0":"post-63019","1":"product","2":"type-product","3":"status-publish","4":"has-post-thumbnail","5":"product_language-fre","6":"product_reading_range-8-fr","7":"product_reading_range-7-fr","8":"product_reading_range-5-fr","9":"product_reading_range-6-fr","10":"product_interest_range-5-fr","11":"product_interest_range-6-fr","12":"product_interest_range-7-fr","13":"product_interest_range-8-fr","14":"product_grade_range-kindergarten-fr","15":"product_grade_range-first-grade-fr","16":"product_grade_range-second-grade-fr","17":"product_grade_range-third-grade-fr","18":"product_curriculumsubject-francais-programmes-detudes-fr","19":"product_curriculumsubject-immersion-2-fr","20":"product_curriculumsubject-francais-arts-langagiers-im-fr","21":"product_curriculumsubject-core-french-fr","22":"product_curriculumsubject-francais-arts-langagiers-fr","23":"product_edi_author-french-canadian-author-fr","24":"product_edi_publisher-acadian-publisher-copy","25":"product_edi_publisher-french-canadian-publisher-copy","26":"product_edi_languages-francais-fr","27":"biblio_share_tag-juvenile-fiction-fr","28":"product_cat-abc-fr-2","29":"product_shipping_class-abc-test-fr","30":"entry","32":"first","33":"instock","34":"taxable","35":"shipping-taxable","36":"purchasable","37":"product-type-simple"},"yoast_head":"<!-- This site is optimized with the Yoast SEO plugin v24.0 - https:\/\/yoast.com\/wordpress\/plugins\/seo\/ -->\n<title>Dis dix dinosaures - Atlantic Books<\/title>\n<meta name=\"robots\" content=\"index, follow, max-snippet:-1, max-image-preview:large, max-video-preview:-1\" \/>\n<link rel=\"canonical\" href=\"https:\/\/atlanticbooks.ca\/fr\/livres\/dis-dix-dinosaures\" \/>\n<meta property=\"og:locale\" content=\"fr_FR\" \/>\n<meta property=\"og:type\" content=\"article\" \/>\n<meta property=\"og:title\" content=\"Dis dix dinosaures - Atlantic Books\" \/>\n<meta property=\"og:description\" content=\"Les premiers dinosaures \u00abacadiens\u00bb,\u00e7a compte!Premi\u00e8re incursion dans le monde des dinosaurespour Bouton d\u2019or Acadie. Dis dix dinosaures offre un monde foisonnant o\u00f9 sur chaque page l\u2019enfant peut s\u2019amuser \u00e0 compter [&hellip;]\" \/>\n<meta property=\"og:url\" content=\"https:\/\/atlanticbooks.ca\/fr\/livres\/dis-dix-dinosaures\" \/>\n<meta property=\"og:site_name\" content=\"Atlantic Books\" \/>\n<meta property=\"article:modified_time\" content=\"2022-11-09T22:08:03+00:00\" \/>\n<meta property=\"og:image\" content=\"https:\/\/atlanticbooks.mystagingwebsite.com\/wp-content\/uploads\/2022\/09\/CP-14_Disdixdinosaures.jpg\" \/>\n\t<meta property=\"og:image:width\" content=\"900\" \/>\n\t<meta property=\"og:image:height\" content=\"600\" \/>\n\t<meta property=\"og:image:type\" content=\"image\/jpeg\" \/>\n<meta name=\"twitter:card\" content=\"summary_large_image\" \/>\n<meta name=\"twitter:label1\" content=\"Dur\u00e9e de lecture estim\u00e9e\" \/>\n\t<meta name=\"twitter:data1\" content=\"1 minute\" \/>\n<script type=\"application\/ld+json\" class=\"yoast-schema-graph\">{\"@context\":\"https:\/\/schema.org\",\"@graph\":[{\"@type\":\"WebPage\",\"@id\":\"https:\/\/atlanticbooks.ca\/fr\/livres\/dis-dix-dinosaures\",\"url\":\"https:\/\/atlanticbooks.ca\/fr\/livres\/dis-dix-dinosaures\",\"name\":\"Dis dix dinosaures - Atlantic Books\",\"isPartOf\":{\"@id\":\"https:\/\/atlanticbooks.ca\/fr\/#website\"},\"primaryImageOfPage\":{\"@id\":\"https:\/\/atlanticbooks.ca\/fr\/livres\/dis-dix-dinosaures#primaryimage\"},\"image\":{\"@id\":\"https:\/\/atlanticbooks.ca\/fr\/livres\/dis-dix-dinosaures#primaryimage\"},\"thumbnailUrl\":\"https:\/\/atlanticbooks.ca\/wp-content\/uploads\/2022\/09\/CP-14_Disdixdinosaures.jpg\",\"datePublished\":\"2022-09-19T20:29:37+00:00\",\"dateModified\":\"2022-11-09T22:08:03+00:00\",\"breadcrumb\":{\"@id\":\"https:\/\/atlanticbooks.ca\/fr\/livres\/dis-dix-dinosaures#breadcrumb\"},\"inLanguage\":\"fr-FR\",\"potentialAction\":[{\"@type\":\"ReadAction\",\"target\":[\"https:\/\/atlanticbooks.ca\/fr\/livres\/dis-dix-dinosaures\"]}]},{\"@type\":\"ImageObject\",\"inLanguage\":\"fr-FR\",\"@id\":\"https:\/\/atlanticbooks.ca\/fr\/livres\/dis-dix-dinosaures#primaryimage\",\"url\":\"https:\/\/atlanticbooks.ca\/wp-content\/uploads\/2022\/09\/CP-14_Disdixdinosaures.jpg\",\"contentUrl\":\"https:\/\/atlanticbooks.ca\/wp-content\/uploads\/2022\/09\/CP-14_Disdixdinosaures.jpg\",\"width\":900,\"height\":600,\"caption\":\"Dis dix dinosaures cover\"},{\"@type\":\"BreadcrumbList\",\"@id\":\"https:\/\/atlanticbooks.ca\/fr\/livres\/dis-dix-dinosaures#breadcrumb\",\"itemListElement\":[{\"@type\":\"ListItem\",\"position\":1,\"name\":\"Domicile\",\"item\":\"https:\/\/atlanticbooks.ca\/fr\"},{\"@type\":\"ListItem\",\"position\":2,\"name\":\"Collections\",\"item\":\"https:\/\/atlanticbooks.ca\/fr\/collections\"},{\"@type\":\"ListItem\",\"position\":3,\"name\":\"Dis dix dinosaures\"}]},{\"@type\":\"WebSite\",\"@id\":\"https:\/\/atlanticbooks.ca\/fr\/#website\",\"url\":\"https:\/\/atlanticbooks.ca\/fr\/\",\"name\":\"Atlantic Books\",\"description\":\"Atlantic Books\",\"publisher\":{\"@id\":\"https:\/\/atlanticbooks.ca\/fr\/#organization\"},\"potentialAction\":[{\"@type\":\"SearchAction\",\"target\":{\"@type\":\"EntryPoint\",\"urlTemplate\":\"https:\/\/atlanticbooks.ca\/fr\/?s={search_term_string}\"},\"query-input\":{\"@type\":\"PropertyValueSpecification\",\"valueRequired\":true,\"valueName\":\"search_term_string\"}}],\"inLanguage\":\"fr-FR\"},{\"@type\":\"Organization\",\"@id\":\"https:\/\/atlanticbooks.ca\/fr\/#organization\",\"name\":\"Atlantic Books\",\"url\":\"https:\/\/atlanticbooks.ca\/fr\/\",\"logo\":{\"@type\":\"ImageObject\",\"inLanguage\":\"fr-FR\",\"@id\":\"https:\/\/atlanticbooks.ca\/fr\/#\/schema\/logo\/image\/\",\"url\":\"https:\/\/atlanticbooks.ca\/wp-content\/uploads\/2020\/10\/atlantic-books-logo.png\",\"contentUrl\":\"https:\/\/atlanticbooks.ca\/wp-content\/uploads\/2020\/10\/atlantic-books-logo.png\",\"width\":566,\"height\":111,\"caption\":\"Atlantic Books\"},\"image\":{\"@id\":\"https:\/\/atlanticbooks.ca\/fr\/#\/schema\/logo\/image\/\"}}]}<\/script>\n<!-- \/ Yoast SEO plugin. -->","yoast_head_json":{"title":"Dis dix dinosaures - Atlantic Books","robots":{"index":"index","follow":"follow","max-snippet":"max-snippet:-1","max-image-preview":"max-image-preview:large","max-video-preview":"max-video-preview:-1"},"canonical":"https:\/\/atlanticbooks.ca\/fr\/livres\/dis-dix-dinosaures","og_locale":"fr_FR","og_type":"article","og_title":"Dis dix dinosaures - Atlantic Books","og_description":"Les premiers dinosaures \u00abacadiens\u00bb,\u00e7a compte!Premi\u00e8re incursion dans le monde des dinosaurespour Bouton d\u2019or Acadie. Dis dix dinosaures offre un monde foisonnant o\u00f9 sur chaque page l\u2019enfant peut s\u2019amuser \u00e0 compter [&hellip;]","og_url":"https:\/\/atlanticbooks.ca\/fr\/livres\/dis-dix-dinosaures","og_site_name":"Atlantic Books","article_modified_time":"2022-11-09T22:08:03+00:00","og_image":[{"width":900,"height":600,"url":"https:\/\/atlanticbooks.mystagingwebsite.com\/wp-content\/uploads\/2022\/09\/CP-14_Disdixdinosaures.jpg","type":"image\/jpeg"}],"twitter_card":"summary_large_image","twitter_misc":{"Dur\u00e9e de lecture estim\u00e9e":"1 minute"},"schema":{"@context":"https:\/\/schema.org","@graph":[{"@type":"WebPage","@id":"https:\/\/atlanticbooks.ca\/fr\/livres\/dis-dix-dinosaures","url":"https:\/\/atlanticbooks.ca\/fr\/livres\/dis-dix-dinosaures","name":"Dis dix dinosaures - Atlantic Books","isPartOf":{"@id":"https:\/\/atlanticbooks.ca\/fr\/#website"},"primaryImageOfPage":{"@id":"https:\/\/atlanticbooks.ca\/fr\/livres\/dis-dix-dinosaures#primaryimage"},"image":{"@id":"https:\/\/atlanticbooks.ca\/fr\/livres\/dis-dix-dinosaures#primaryimage"},"thumbnailUrl":"https:\/\/atlanticbooks.ca\/wp-content\/uploads\/2022\/09\/CP-14_Disdixdinosaures.jpg","datePublished":"2022-09-19T20:29:37+00:00","dateModified":"2022-11-09T22:08:03+00:00","breadcrumb":{"@id":"https:\/\/atlanticbooks.ca\/fr\/livres\/dis-dix-dinosaures#breadcrumb"},"inLanguage":"fr-FR","potentialAction":[{"@type":"ReadAction","target":["https:\/\/atlanticbooks.ca\/fr\/livres\/dis-dix-dinosaures"]}]},{"@type":"ImageObject","inLanguage":"fr-FR","@id":"https:\/\/atlanticbooks.ca\/fr\/livres\/dis-dix-dinosaures#primaryimage","url":"https:\/\/atlanticbooks.ca\/wp-content\/uploads\/2022\/09\/CP-14_Disdixdinosaures.jpg","contentUrl":"https:\/\/atlanticbooks.ca\/wp-content\/uploads\/2022\/09\/CP-14_Disdixdinosaures.jpg","width":900,"height":600,"caption":"Dis dix dinosaures cover"},{"@type":"BreadcrumbList","@id":"https:\/\/atlanticbooks.ca\/fr\/livres\/dis-dix-dinosaures#breadcrumb","itemListElement":[{"@type":"ListItem","position":1,"name":"Domicile","item":"https:\/\/atlanticbooks.ca\/fr"},{"@type":"ListItem","position":2,"name":"Collections","item":"https:\/\/atlanticbooks.ca\/fr\/collections"},{"@type":"ListItem","position":3,"name":"Dis dix dinosaures"}]},{"@type":"WebSite","@id":"https:\/\/atlanticbooks.ca\/fr\/#website","url":"https:\/\/atlanticbooks.ca\/fr\/","name":"Atlantic Books","description":"Atlantic Books","publisher":{"@id":"https:\/\/atlanticbooks.ca\/fr\/#organization"},"potentialAction":[{"@type":"SearchAction","target":{"@type":"EntryPoint","urlTemplate":"https:\/\/atlanticbooks.ca\/fr\/?s={search_term_string}"},"query-input":{"@type":"PropertyValueSpecification","valueRequired":true,"valueName":"search_term_string"}}],"inLanguage":"fr-FR"},{"@type":"Organization","@id":"https:\/\/atlanticbooks.ca\/fr\/#organization","name":"Atlantic Books","url":"https:\/\/atlanticbooks.ca\/fr\/","logo":{"@type":"ImageObject","inLanguage":"fr-FR","@id":"https:\/\/atlanticbooks.ca\/fr\/#\/schema\/logo\/image\/","url":"https:\/\/atlanticbooks.ca\/wp-content\/uploads\/2020\/10\/atlantic-books-logo.png","contentUrl":"https:\/\/atlanticbooks.ca\/wp-content\/uploads\/2020\/10\/atlantic-books-logo.png","width":566,"height":111,"caption":"Atlantic Books"},"image":{"@id":"https:\/\/atlanticbooks.ca\/fr\/#\/schema\/logo\/image\/"}}]}},"_links":{"self":[{"href":"https:\/\/atlanticbooks.ca\/fr\/wp-json\/wp\/v2\/product\/63019","targetHints":{"allow":["GET"]}}],"collection":[{"href":"https:\/\/atlanticbooks.ca\/fr\/wp-json\/wp\/v2\/product"}],"about":[{"href":"https:\/\/atlanticbooks.ca\/fr\/wp-json\/wp\/v2\/types\/product"}],"wp:featuredmedia":[{"embeddable":true,"href":"https:\/\/atlanticbooks.ca\/fr\/wp-json\/wp\/v2\/media\/67478"}],"wp:attachment":[{"href":"https:\/\/atlanticbooks.ca\/fr\/wp-json\/wp\/v2\/media?parent=63019"}],"wp:term":[{"taxonomy":"product_brand","embeddable":true,"href":"https:\/\/atlanticbooks.ca\/fr\/wp-json\/wp\/v2\/product_brand?post=63019"},{"taxonomy":"product_cat","embeddable":true,"href":"https:\/\/atlanticbooks.ca\/fr\/wp-json\/wp\/v2\/product_cat?post=63019"},{"taxonomy":"product_tag","embeddable":true,"href":"https:\/\/atlanticbooks.ca\/fr\/wp-json\/wp\/v2\/product_tag?post=63019"}],"curies":[{"name":"wp","href":"https:\/\/api.w.org\/{rel}","templated":true}]}}