{"id":63013,"date":"2022-09-19T20:29:37","date_gmt":"2022-09-19T20:29:37","guid":{"rendered":"https:\/\/atlanticbooks.ca\/books\/capitaine-baboune\/"},"modified":"2022-11-09T22:07:50","modified_gmt":"2022-11-09T22:07:50","slug":"capitaine-baboune","status":"publish","type":"product","link":"https:\/\/atlanticbooks.ca\/fr\/livres\/capitaine-baboune","title":{"rendered":"Capitaine Baboune"},"content":{"rendered":"<p>Tandis que son grand fr\u00e8re Arnaud boude, Lo\u00efc, le coeur content, joue dans la neige. Soudain, une temp\u00eate de gros nuages noirs s\u2019abat sur eux et aspire Arnaud dans le ciel. Lo\u00efc veut aller chercher du secours aupr\u00e8s des adultes, mais le dragon Portagne des Montagnes surgit. Portagne sait comment proc\u00e9der. Il faut poursuivre le capitaine Baboune, qui vient d\u2019enlever Arnaud sur son \u00e9trange bateau volant. En effet, L\u2019\u00c9toile noire de Baboune carbure aux querelles et aux ronchonnements des enfants matelots captifs. Pour lib\u00e9rer Arnaud, Lo\u00efc doit convaincre l\u2019\u00e9quipage de se mutiner\u2026<\/p>\n","protected":false},"excerpt":{"rendered":"<p>Tandis que son grand fr\u00e8re Arnaud boude, Lo\u00efc, le coeur content, joue dans la neige. Soudain, une temp\u00eate de gros nuages noirs s\u2019abat sur eux et aspire Arnaud dans le [&hellip;]<\/p>\n","protected":false},"featured_media":67476,"template":"","meta":{"_genesis_hide_title":false,"_genesis_hide_breadcrumbs":false,"_genesis_hide_singular_image":false,"_genesis_hide_footer_widgets":false,"_genesis_custom_body_class":"","_genesis_custom_post_class":"","_genesis_layout":""},"product_brand":[],"product_cat":[10712],"product_tag":[],"class_list":{"0":"post-63013","1":"product","2":"type-product","3":"status-publish","4":"has-post-thumbnail","5":"product_language-fre","6":"product_reading_range-12717","7":"product_reading_range-12729","8":"product_reading_range-12756","9":"product_reading_range-12757","10":"product_interest_range-12710","11":"product_interest_range-12711","12":"product_interest_range-12712","13":"product_interest_range-12709","14":"product_grade_range-kindergarten","15":"product_grade_range-first-grade","16":"product_grade_range-second-grade","17":"product_grade_range-third-grade","18":"product_curriculumsubject-francais-programmes-detudes","19":"product_curriculumsubject-immersion-2","20":"product_curriculumsubject-francais-arts-langagiers","21":"product_curriculumsubject-core-french","22":"product_curriculumsubject-francais-arts-langagiers-2","23":"product_edi_author-french-canadian-author","24":"product_edi_publisher-acadian-publisher","25":"product_edi_publisher-french-canadian-publisher","26":"product_edi_languages-french-language","27":"biblio_share_tag-juvenile-fiction","28":"product_cat-abc","29":"product_shipping_class-abc-test","30":"entry","32":"first","33":"instock","34":"taxable","35":"shipping-taxable","36":"purchasable","37":"product-type-simple"},"yoast_head":"<!-- This site is optimized with the Yoast SEO plugin v24.0 - https:\/\/yoast.com\/wordpress\/plugins\/seo\/ -->\n<title>Capitaine Baboune - Atlantic Books<\/title>\n<meta name=\"robots\" content=\"index, follow, max-snippet:-1, max-image-preview:large, max-video-preview:-1\" \/>\n<link rel=\"canonical\" href=\"https:\/\/atlanticbooks.ca\/fr\/livres\/capitaine-baboune\" \/>\n<meta property=\"og:locale\" content=\"fr_FR\" \/>\n<meta property=\"og:type\" content=\"article\" \/>\n<meta property=\"og:title\" content=\"Capitaine Baboune - Atlantic Books\" \/>\n<meta property=\"og:description\" content=\"Tandis que son grand fr\u00e8re Arnaud boude, Lo\u00efc, le coeur content, joue dans la neige. Soudain, une temp\u00eate de gros nuages noirs s\u2019abat sur eux et aspire Arnaud dans le [&hellip;]\" \/>\n<meta property=\"og:url\" content=\"https:\/\/atlanticbooks.ca\/fr\/livres\/capitaine-baboune\" \/>\n<meta property=\"og:site_name\" content=\"Atlantic Books\" \/>\n<meta property=\"article:modified_time\" content=\"2022-11-09T22:07:50+00:00\" \/>\n<meta property=\"og:image\" content=\"https:\/\/atlanticbooks.mystagingwebsite.com\/wp-content\/uploads\/2022\/09\/LM-15_Capitainebaboune_1.jpg\" \/>\n\t<meta property=\"og:image:width\" content=\"542\" \/>\n\t<meta property=\"og:image:height\" content=\"900\" \/>\n\t<meta property=\"og:image:type\" content=\"image\/jpeg\" \/>\n<meta name=\"twitter:card\" content=\"summary_large_image\" \/>\n<meta name=\"twitter:label1\" content=\"Dur\u00e9e de lecture estim\u00e9e\" \/>\n\t<meta name=\"twitter:data1\" content=\"1 minute\" \/>\n<script type=\"application\/ld+json\" class=\"yoast-schema-graph\">{\"@context\":\"https:\/\/schema.org\",\"@graph\":[{\"@type\":\"WebPage\",\"@id\":\"https:\/\/atlanticbooks.ca\/fr\/livres\/capitaine-baboune\",\"url\":\"https:\/\/atlanticbooks.ca\/fr\/livres\/capitaine-baboune\",\"name\":\"Capitaine Baboune - Atlantic Books\",\"isPartOf\":{\"@id\":\"https:\/\/atlanticbooks.ca\/fr\/#website\"},\"primaryImageOfPage\":{\"@id\":\"https:\/\/atlanticbooks.ca\/fr\/livres\/capitaine-baboune#primaryimage\"},\"image\":{\"@id\":\"https:\/\/atlanticbooks.ca\/fr\/livres\/capitaine-baboune#primaryimage\"},\"thumbnailUrl\":\"https:\/\/atlanticbooks.ca\/wp-content\/uploads\/2022\/09\/LM-15_Capitainebaboune_1.jpg\",\"datePublished\":\"2022-09-19T20:29:37+00:00\",\"dateModified\":\"2022-11-09T22:07:50+00:00\",\"breadcrumb\":{\"@id\":\"https:\/\/atlanticbooks.ca\/fr\/livres\/capitaine-baboune#breadcrumb\"},\"inLanguage\":\"fr-FR\",\"potentialAction\":[{\"@type\":\"ReadAction\",\"target\":[\"https:\/\/atlanticbooks.ca\/fr\/livres\/capitaine-baboune\"]}]},{\"@type\":\"ImageObject\",\"inLanguage\":\"fr-FR\",\"@id\":\"https:\/\/atlanticbooks.ca\/fr\/livres\/capitaine-baboune#primaryimage\",\"url\":\"https:\/\/atlanticbooks.ca\/wp-content\/uploads\/2022\/09\/LM-15_Capitainebaboune_1.jpg\",\"contentUrl\":\"https:\/\/atlanticbooks.ca\/wp-content\/uploads\/2022\/09\/LM-15_Capitainebaboune_1.jpg\",\"width\":542,\"height\":900,\"caption\":\"Capitane Baboune cover\"},{\"@type\":\"BreadcrumbList\",\"@id\":\"https:\/\/atlanticbooks.ca\/fr\/livres\/capitaine-baboune#breadcrumb\",\"itemListElement\":[{\"@type\":\"ListItem\",\"position\":1,\"name\":\"Domicile\",\"item\":\"https:\/\/atlanticbooks.ca\/fr\"},{\"@type\":\"ListItem\",\"position\":2,\"name\":\"Collections\",\"item\":\"https:\/\/atlanticbooks.ca\/fr\/collections\"},{\"@type\":\"ListItem\",\"position\":3,\"name\":\"Capitaine Baboune\"}]},{\"@type\":\"WebSite\",\"@id\":\"https:\/\/atlanticbooks.ca\/fr\/#website\",\"url\":\"https:\/\/atlanticbooks.ca\/fr\/\",\"name\":\"Atlantic Books\",\"description\":\"Atlantic Books\",\"publisher\":{\"@id\":\"https:\/\/atlanticbooks.ca\/fr\/#organization\"},\"potentialAction\":[{\"@type\":\"SearchAction\",\"target\":{\"@type\":\"EntryPoint\",\"urlTemplate\":\"https:\/\/atlanticbooks.ca\/fr\/?s={search_term_string}\"},\"query-input\":{\"@type\":\"PropertyValueSpecification\",\"valueRequired\":true,\"valueName\":\"search_term_string\"}}],\"inLanguage\":\"fr-FR\"},{\"@type\":\"Organization\",\"@id\":\"https:\/\/atlanticbooks.ca\/fr\/#organization\",\"name\":\"Atlantic Books\",\"url\":\"https:\/\/atlanticbooks.ca\/fr\/\",\"logo\":{\"@type\":\"ImageObject\",\"inLanguage\":\"fr-FR\",\"@id\":\"https:\/\/atlanticbooks.ca\/fr\/#\/schema\/logo\/image\/\",\"url\":\"https:\/\/atlanticbooks.ca\/wp-content\/uploads\/2020\/10\/atlantic-books-logo.png\",\"contentUrl\":\"https:\/\/atlanticbooks.ca\/wp-content\/uploads\/2020\/10\/atlantic-books-logo.png\",\"width\":566,\"height\":111,\"caption\":\"Atlantic Books\"},\"image\":{\"@id\":\"https:\/\/atlanticbooks.ca\/fr\/#\/schema\/logo\/image\/\"}}]}<\/script>\n<!-- \/ Yoast SEO plugin. -->","yoast_head_json":{"title":"Capitaine Baboune - Atlantic Books","robots":{"index":"index","follow":"follow","max-snippet":"max-snippet:-1","max-image-preview":"max-image-preview:large","max-video-preview":"max-video-preview:-1"},"canonical":"https:\/\/atlanticbooks.ca\/fr\/livres\/capitaine-baboune","og_locale":"fr_FR","og_type":"article","og_title":"Capitaine Baboune - Atlantic Books","og_description":"Tandis que son grand fr\u00e8re Arnaud boude, Lo\u00efc, le coeur content, joue dans la neige. Soudain, une temp\u00eate de gros nuages noirs s\u2019abat sur eux et aspire Arnaud dans le [&hellip;]","og_url":"https:\/\/atlanticbooks.ca\/fr\/livres\/capitaine-baboune","og_site_name":"Atlantic Books","article_modified_time":"2022-11-09T22:07:50+00:00","og_image":[{"width":542,"height":900,"url":"https:\/\/atlanticbooks.mystagingwebsite.com\/wp-content\/uploads\/2022\/09\/LM-15_Capitainebaboune_1.jpg","type":"image\/jpeg"}],"twitter_card":"summary_large_image","twitter_misc":{"Dur\u00e9e de lecture estim\u00e9e":"1 minute"},"schema":{"@context":"https:\/\/schema.org","@graph":[{"@type":"WebPage","@id":"https:\/\/atlanticbooks.ca\/fr\/livres\/capitaine-baboune","url":"https:\/\/atlanticbooks.ca\/fr\/livres\/capitaine-baboune","name":"Capitaine Baboune - Atlantic Books","isPartOf":{"@id":"https:\/\/atlanticbooks.ca\/fr\/#website"},"primaryImageOfPage":{"@id":"https:\/\/atlanticbooks.ca\/fr\/livres\/capitaine-baboune#primaryimage"},"image":{"@id":"https:\/\/atlanticbooks.ca\/fr\/livres\/capitaine-baboune#primaryimage"},"thumbnailUrl":"https:\/\/atlanticbooks.ca\/wp-content\/uploads\/2022\/09\/LM-15_Capitainebaboune_1.jpg","datePublished":"2022-09-19T20:29:37+00:00","dateModified":"2022-11-09T22:07:50+00:00","breadcrumb":{"@id":"https:\/\/atlanticbooks.ca\/fr\/livres\/capitaine-baboune#breadcrumb"},"inLanguage":"fr-FR","potentialAction":[{"@type":"ReadAction","target":["https:\/\/atlanticbooks.ca\/fr\/livres\/capitaine-baboune"]}]},{"@type":"ImageObject","inLanguage":"fr-FR","@id":"https:\/\/atlanticbooks.ca\/fr\/livres\/capitaine-baboune#primaryimage","url":"https:\/\/atlanticbooks.ca\/wp-content\/uploads\/2022\/09\/LM-15_Capitainebaboune_1.jpg","contentUrl":"https:\/\/atlanticbooks.ca\/wp-content\/uploads\/2022\/09\/LM-15_Capitainebaboune_1.jpg","width":542,"height":900,"caption":"Capitane Baboune cover"},{"@type":"BreadcrumbList","@id":"https:\/\/atlanticbooks.ca\/fr\/livres\/capitaine-baboune#breadcrumb","itemListElement":[{"@type":"ListItem","position":1,"name":"Domicile","item":"https:\/\/atlanticbooks.ca\/fr"},{"@type":"ListItem","position":2,"name":"Collections","item":"https:\/\/atlanticbooks.ca\/fr\/collections"},{"@type":"ListItem","position":3,"name":"Capitaine Baboune"}]},{"@type":"WebSite","@id":"https:\/\/atlanticbooks.ca\/fr\/#website","url":"https:\/\/atlanticbooks.ca\/fr\/","name":"Atlantic Books","description":"Atlantic Books","publisher":{"@id":"https:\/\/atlanticbooks.ca\/fr\/#organization"},"potentialAction":[{"@type":"SearchAction","target":{"@type":"EntryPoint","urlTemplate":"https:\/\/atlanticbooks.ca\/fr\/?s={search_term_string}"},"query-input":{"@type":"PropertyValueSpecification","valueRequired":true,"valueName":"search_term_string"}}],"inLanguage":"fr-FR"},{"@type":"Organization","@id":"https:\/\/atlanticbooks.ca\/fr\/#organization","name":"Atlantic Books","url":"https:\/\/atlanticbooks.ca\/fr\/","logo":{"@type":"ImageObject","inLanguage":"fr-FR","@id":"https:\/\/atlanticbooks.ca\/fr\/#\/schema\/logo\/image\/","url":"https:\/\/atlanticbooks.ca\/wp-content\/uploads\/2020\/10\/atlantic-books-logo.png","contentUrl":"https:\/\/atlanticbooks.ca\/wp-content\/uploads\/2020\/10\/atlantic-books-logo.png","width":566,"height":111,"caption":"Atlantic Books"},"image":{"@id":"https:\/\/atlanticbooks.ca\/fr\/#\/schema\/logo\/image\/"}}]}},"_links":{"self":[{"href":"https:\/\/atlanticbooks.ca\/fr\/wp-json\/wp\/v2\/product\/63013","targetHints":{"allow":["GET"]}}],"collection":[{"href":"https:\/\/atlanticbooks.ca\/fr\/wp-json\/wp\/v2\/product"}],"about":[{"href":"https:\/\/atlanticbooks.ca\/fr\/wp-json\/wp\/v2\/types\/product"}],"wp:featuredmedia":[{"embeddable":true,"href":"https:\/\/atlanticbooks.ca\/fr\/wp-json\/wp\/v2\/media\/67476"}],"wp:attachment":[{"href":"https:\/\/atlanticbooks.ca\/fr\/wp-json\/wp\/v2\/media?parent=63013"}],"wp:term":[{"taxonomy":"product_brand","embeddable":true,"href":"https:\/\/atlanticbooks.ca\/fr\/wp-json\/wp\/v2\/product_brand?post=63013"},{"taxonomy":"product_cat","embeddable":true,"href":"https:\/\/atlanticbooks.ca\/fr\/wp-json\/wp\/v2\/product_cat?post=63013"},{"taxonomy":"product_tag","embeddable":true,"href":"https:\/\/atlanticbooks.ca\/fr\/wp-json\/wp\/v2\/product_tag?post=63013"}],"curies":[{"name":"wp","href":"https:\/\/api.w.org\/{rel}","templated":true}]}}