{"id":63009,"date":"2022-09-19T20:29:51","date_gmt":"2022-09-19T20:29:51","guid":{"rendered":"https:\/\/atlanticbooks.ca\/books\/flo-prend-son-envol\/"},"modified":"2022-11-09T22:08:15","modified_gmt":"2022-11-09T22:08:15","slug":"flo-prend-son-envol","status":"publish","type":"product","link":"https:\/\/atlanticbooks.ca\/fr\/livres\/flo-prend-son-envol","title":{"rendered":"Flo prend son envol"},"content":{"rendered":"<p>\u00ab Flo, la petite bou\u00e9e, se pr\u00e9lasse par une tr\u00e8s belle journ\u00e9e d\u2019\u00e9t\u00e9. \u00bb Berc\u00e9e par la vague, Flo contemple le paysage quand une sterne vient se poser sur elle. Ainsi commence une s\u00e9rie de p\u00e9rip\u00e9ties pour la petite bou\u00e9e curieuse, friande de rencontres et d\u00e9sireuse de mieux conna\u00eetre tout ce qui l\u2019entoure.<\/p>\n<p>Fiche p\u00e9dagogique: http:\/\/avoslivres.ca\/wp-content\/uploads\/book_documents\/1565-Flo_prend_son_envol_FP.pdf<\/p>\n","protected":false},"excerpt":{"rendered":"<p>\u00ab Flo, la petite bou\u00e9e, se pr\u00e9lasse par une tr\u00e8s belle journ\u00e9e d\u2019\u00e9t\u00e9. \u00bb Berc\u00e9e par la vague, Flo contemple le paysage quand une sterne vient se poser sur elle. [&hellip;]<\/p>\n","protected":false},"featured_media":67470,"template":"","meta":{"_genesis_hide_title":false,"_genesis_hide_breadcrumbs":false,"_genesis_hide_singular_image":false,"_genesis_hide_footer_widgets":false,"_genesis_custom_body_class":"","_genesis_custom_post_class":"","_genesis_layout":""},"product_brand":[],"product_cat":[12776],"product_tag":[],"class_list":{"0":"post-63009","1":"product","2":"type-product","3":"status-publish","4":"has-post-thumbnail","5":"product_language-fre","6":"product_reading_range-8-fr","7":"product_reading_range-7-fr","8":"product_reading_range-5-fr","9":"product_reading_range-6-fr","10":"product_interest_range-6-fr","11":"product_interest_range-7-fr","12":"product_interest_range-8-fr","13":"product_interest_range-5-fr","14":"product_grade_range-kindergarten-fr","15":"product_grade_range-first-grade-fr","16":"product_grade_range-second-grade-fr","17":"product_grade_range-third-grade-fr","18":"product_curriculumsubject-francais-programmes-detudes-fr","19":"product_curriculumsubject-immersion-2-fr","20":"product_curriculumsubject-francais-arts-langagiers-im-fr","21":"product_curriculumsubject-core-french-fr","22":"product_curriculumsubject-francais-arts-langagiers-fr","23":"product_edi_author-french-canadian-author-fr","24":"product_edi_publisher-acadian-publisher-copy","25":"product_edi_publisher-french-canadian-publisher-copy","26":"product_edi_languages-francais-fr","27":"biblio_share_tag-juvenile-fiction-fr","28":"product_cat-abc-fr-2","29":"product_shipping_class-abc-test-fr","30":"entry","32":"first","33":"instock","34":"taxable","35":"shipping-taxable","36":"purchasable","37":"product-type-simple"},"yoast_head":"<!-- This site is optimized with the Yoast SEO plugin v24.0 - https:\/\/yoast.com\/wordpress\/plugins\/seo\/ -->\n<title>Flo prend son envol - Atlantic Books<\/title>\n<meta name=\"robots\" content=\"index, follow, max-snippet:-1, max-image-preview:large, max-video-preview:-1\" \/>\n<link rel=\"canonical\" href=\"https:\/\/atlanticbooks.ca\/fr\/livres\/flo-prend-son-envol\" \/>\n<meta property=\"og:locale\" content=\"fr_FR\" \/>\n<meta property=\"og:type\" content=\"article\" \/>\n<meta property=\"og:title\" content=\"Flo prend son envol - Atlantic Books\" \/>\n<meta property=\"og:description\" content=\"\u00ab Flo, la petite bou\u00e9e, se pr\u00e9lasse par une tr\u00e8s belle journ\u00e9e d\u2019\u00e9t\u00e9. \u00bb Berc\u00e9e par la vague, Flo contemple le paysage quand une sterne vient se poser sur elle. [&hellip;]\" \/>\n<meta property=\"og:url\" content=\"https:\/\/atlanticbooks.ca\/fr\/livres\/flo-prend-son-envol\" \/>\n<meta property=\"og:site_name\" content=\"Atlantic Books\" \/>\n<meta property=\"article:modified_time\" content=\"2022-11-09T22:08:15+00:00\" \/>\n<meta property=\"og:image\" content=\"https:\/\/atlanticbooks.mystagingwebsite.com\/wp-content\/uploads\/2022\/09\/FLO-1_Floprendsonenvol_1.jpg\" \/>\n\t<meta property=\"og:image:width\" content=\"825\" \/>\n\t<meta property=\"og:image:height\" content=\"825\" \/>\n\t<meta property=\"og:image:type\" content=\"image\/jpeg\" \/>\n<meta name=\"twitter:card\" content=\"summary_large_image\" \/>\n<meta name=\"twitter:label1\" content=\"Dur\u00e9e de lecture estim\u00e9e\" \/>\n\t<meta name=\"twitter:data1\" content=\"1 minute\" \/>\n<script type=\"application\/ld+json\" class=\"yoast-schema-graph\">{\"@context\":\"https:\/\/schema.org\",\"@graph\":[{\"@type\":\"WebPage\",\"@id\":\"https:\/\/atlanticbooks.ca\/fr\/livres\/flo-prend-son-envol\",\"url\":\"https:\/\/atlanticbooks.ca\/fr\/livres\/flo-prend-son-envol\",\"name\":\"Flo prend son envol - Atlantic Books\",\"isPartOf\":{\"@id\":\"https:\/\/atlanticbooks.ca\/fr\/#website\"},\"primaryImageOfPage\":{\"@id\":\"https:\/\/atlanticbooks.ca\/fr\/livres\/flo-prend-son-envol#primaryimage\"},\"image\":{\"@id\":\"https:\/\/atlanticbooks.ca\/fr\/livres\/flo-prend-son-envol#primaryimage\"},\"thumbnailUrl\":\"https:\/\/atlanticbooks.ca\/wp-content\/uploads\/2022\/09\/FLO-1_Floprendsonenvol_1.jpg\",\"datePublished\":\"2022-09-19T20:29:51+00:00\",\"dateModified\":\"2022-11-09T22:08:15+00:00\",\"breadcrumb\":{\"@id\":\"https:\/\/atlanticbooks.ca\/fr\/livres\/flo-prend-son-envol#breadcrumb\"},\"inLanguage\":\"fr-FR\",\"potentialAction\":[{\"@type\":\"ReadAction\",\"target\":[\"https:\/\/atlanticbooks.ca\/fr\/livres\/flo-prend-son-envol\"]}]},{\"@type\":\"ImageObject\",\"inLanguage\":\"fr-FR\",\"@id\":\"https:\/\/atlanticbooks.ca\/fr\/livres\/flo-prend-son-envol#primaryimage\",\"url\":\"https:\/\/atlanticbooks.ca\/wp-content\/uploads\/2022\/09\/FLO-1_Floprendsonenvol_1.jpg\",\"contentUrl\":\"https:\/\/atlanticbooks.ca\/wp-content\/uploads\/2022\/09\/FLO-1_Floprendsonenvol_1.jpg\",\"width\":825,\"height\":825,\"caption\":\"Flo prend son envol cover\"},{\"@type\":\"BreadcrumbList\",\"@id\":\"https:\/\/atlanticbooks.ca\/fr\/livres\/flo-prend-son-envol#breadcrumb\",\"itemListElement\":[{\"@type\":\"ListItem\",\"position\":1,\"name\":\"Domicile\",\"item\":\"https:\/\/atlanticbooks.ca\/fr\"},{\"@type\":\"ListItem\",\"position\":2,\"name\":\"Collections\",\"item\":\"https:\/\/atlanticbooks.ca\/fr\/collections\"},{\"@type\":\"ListItem\",\"position\":3,\"name\":\"Flo prend son envol\"}]},{\"@type\":\"WebSite\",\"@id\":\"https:\/\/atlanticbooks.ca\/fr\/#website\",\"url\":\"https:\/\/atlanticbooks.ca\/fr\/\",\"name\":\"Atlantic Books\",\"description\":\"Atlantic Books\",\"publisher\":{\"@id\":\"https:\/\/atlanticbooks.ca\/fr\/#organization\"},\"potentialAction\":[{\"@type\":\"SearchAction\",\"target\":{\"@type\":\"EntryPoint\",\"urlTemplate\":\"https:\/\/atlanticbooks.ca\/fr\/?s={search_term_string}\"},\"query-input\":{\"@type\":\"PropertyValueSpecification\",\"valueRequired\":true,\"valueName\":\"search_term_string\"}}],\"inLanguage\":\"fr-FR\"},{\"@type\":\"Organization\",\"@id\":\"https:\/\/atlanticbooks.ca\/fr\/#organization\",\"name\":\"Atlantic Books\",\"url\":\"https:\/\/atlanticbooks.ca\/fr\/\",\"logo\":{\"@type\":\"ImageObject\",\"inLanguage\":\"fr-FR\",\"@id\":\"https:\/\/atlanticbooks.ca\/fr\/#\/schema\/logo\/image\/\",\"url\":\"https:\/\/atlanticbooks.ca\/wp-content\/uploads\/2020\/10\/atlantic-books-logo.png\",\"contentUrl\":\"https:\/\/atlanticbooks.ca\/wp-content\/uploads\/2020\/10\/atlantic-books-logo.png\",\"width\":566,\"height\":111,\"caption\":\"Atlantic Books\"},\"image\":{\"@id\":\"https:\/\/atlanticbooks.ca\/fr\/#\/schema\/logo\/image\/\"}}]}<\/script>\n<!-- \/ Yoast SEO plugin. -->","yoast_head_json":{"title":"Flo prend son envol - Atlantic Books","robots":{"index":"index","follow":"follow","max-snippet":"max-snippet:-1","max-image-preview":"max-image-preview:large","max-video-preview":"max-video-preview:-1"},"canonical":"https:\/\/atlanticbooks.ca\/fr\/livres\/flo-prend-son-envol","og_locale":"fr_FR","og_type":"article","og_title":"Flo prend son envol - Atlantic Books","og_description":"\u00ab Flo, la petite bou\u00e9e, se pr\u00e9lasse par une tr\u00e8s belle journ\u00e9e d\u2019\u00e9t\u00e9. \u00bb Berc\u00e9e par la vague, Flo contemple le paysage quand une sterne vient se poser sur elle. [&hellip;]","og_url":"https:\/\/atlanticbooks.ca\/fr\/livres\/flo-prend-son-envol","og_site_name":"Atlantic Books","article_modified_time":"2022-11-09T22:08:15+00:00","og_image":[{"width":825,"height":825,"url":"https:\/\/atlanticbooks.mystagingwebsite.com\/wp-content\/uploads\/2022\/09\/FLO-1_Floprendsonenvol_1.jpg","type":"image\/jpeg"}],"twitter_card":"summary_large_image","twitter_misc":{"Dur\u00e9e de lecture estim\u00e9e":"1 minute"},"schema":{"@context":"https:\/\/schema.org","@graph":[{"@type":"WebPage","@id":"https:\/\/atlanticbooks.ca\/fr\/livres\/flo-prend-son-envol","url":"https:\/\/atlanticbooks.ca\/fr\/livres\/flo-prend-son-envol","name":"Flo prend son envol - Atlantic Books","isPartOf":{"@id":"https:\/\/atlanticbooks.ca\/fr\/#website"},"primaryImageOfPage":{"@id":"https:\/\/atlanticbooks.ca\/fr\/livres\/flo-prend-son-envol#primaryimage"},"image":{"@id":"https:\/\/atlanticbooks.ca\/fr\/livres\/flo-prend-son-envol#primaryimage"},"thumbnailUrl":"https:\/\/atlanticbooks.ca\/wp-content\/uploads\/2022\/09\/FLO-1_Floprendsonenvol_1.jpg","datePublished":"2022-09-19T20:29:51+00:00","dateModified":"2022-11-09T22:08:15+00:00","breadcrumb":{"@id":"https:\/\/atlanticbooks.ca\/fr\/livres\/flo-prend-son-envol#breadcrumb"},"inLanguage":"fr-FR","potentialAction":[{"@type":"ReadAction","target":["https:\/\/atlanticbooks.ca\/fr\/livres\/flo-prend-son-envol"]}]},{"@type":"ImageObject","inLanguage":"fr-FR","@id":"https:\/\/atlanticbooks.ca\/fr\/livres\/flo-prend-son-envol#primaryimage","url":"https:\/\/atlanticbooks.ca\/wp-content\/uploads\/2022\/09\/FLO-1_Floprendsonenvol_1.jpg","contentUrl":"https:\/\/atlanticbooks.ca\/wp-content\/uploads\/2022\/09\/FLO-1_Floprendsonenvol_1.jpg","width":825,"height":825,"caption":"Flo prend son envol cover"},{"@type":"BreadcrumbList","@id":"https:\/\/atlanticbooks.ca\/fr\/livres\/flo-prend-son-envol#breadcrumb","itemListElement":[{"@type":"ListItem","position":1,"name":"Domicile","item":"https:\/\/atlanticbooks.ca\/fr"},{"@type":"ListItem","position":2,"name":"Collections","item":"https:\/\/atlanticbooks.ca\/fr\/collections"},{"@type":"ListItem","position":3,"name":"Flo prend son envol"}]},{"@type":"WebSite","@id":"https:\/\/atlanticbooks.ca\/fr\/#website","url":"https:\/\/atlanticbooks.ca\/fr\/","name":"Atlantic Books","description":"Atlantic Books","publisher":{"@id":"https:\/\/atlanticbooks.ca\/fr\/#organization"},"potentialAction":[{"@type":"SearchAction","target":{"@type":"EntryPoint","urlTemplate":"https:\/\/atlanticbooks.ca\/fr\/?s={search_term_string}"},"query-input":{"@type":"PropertyValueSpecification","valueRequired":true,"valueName":"search_term_string"}}],"inLanguage":"fr-FR"},{"@type":"Organization","@id":"https:\/\/atlanticbooks.ca\/fr\/#organization","name":"Atlantic Books","url":"https:\/\/atlanticbooks.ca\/fr\/","logo":{"@type":"ImageObject","inLanguage":"fr-FR","@id":"https:\/\/atlanticbooks.ca\/fr\/#\/schema\/logo\/image\/","url":"https:\/\/atlanticbooks.ca\/wp-content\/uploads\/2020\/10\/atlantic-books-logo.png","contentUrl":"https:\/\/atlanticbooks.ca\/wp-content\/uploads\/2020\/10\/atlantic-books-logo.png","width":566,"height":111,"caption":"Atlantic Books"},"image":{"@id":"https:\/\/atlanticbooks.ca\/fr\/#\/schema\/logo\/image\/"}}]}},"_links":{"self":[{"href":"https:\/\/atlanticbooks.ca\/fr\/wp-json\/wp\/v2\/product\/63009","targetHints":{"allow":["GET"]}}],"collection":[{"href":"https:\/\/atlanticbooks.ca\/fr\/wp-json\/wp\/v2\/product"}],"about":[{"href":"https:\/\/atlanticbooks.ca\/fr\/wp-json\/wp\/v2\/types\/product"}],"wp:featuredmedia":[{"embeddable":true,"href":"https:\/\/atlanticbooks.ca\/fr\/wp-json\/wp\/v2\/media\/67470"}],"wp:attachment":[{"href":"https:\/\/atlanticbooks.ca\/fr\/wp-json\/wp\/v2\/media?parent=63009"}],"wp:term":[{"taxonomy":"product_brand","embeddable":true,"href":"https:\/\/atlanticbooks.ca\/fr\/wp-json\/wp\/v2\/product_brand?post=63009"},{"taxonomy":"product_cat","embeddable":true,"href":"https:\/\/atlanticbooks.ca\/fr\/wp-json\/wp\/v2\/product_cat?post=63009"},{"taxonomy":"product_tag","embeddable":true,"href":"https:\/\/atlanticbooks.ca\/fr\/wp-json\/wp\/v2\/product_tag?post=63009"}],"curies":[{"name":"wp","href":"https:\/\/api.w.org\/{rel}","templated":true}]}}