{"id":63005,"date":"2022-09-19T20:29:52","date_gmt":"2022-09-19T20:29:52","guid":{"rendered":"https:\/\/atlanticbooks.ca\/books\/jacoby-demenage\/"},"modified":"2022-11-09T22:08:18","modified_gmt":"2022-11-09T22:08:18","slug":"jacoby-demenage","status":"publish","type":"product","link":"https:\/\/atlanticbooks.ca\/fr\/livres\/jacoby-demenage","title":{"rendered":"Jacoby d\u00e9m\u00e9nage!"},"content":{"rendered":"<p>Jacoby, l\u2019admirable chien th\u00e9rapeute doit quitter son \u00e9cole. Il vit ce d\u00e9m\u00e9nagement avec stress et son corps accuse le coup. Mais petit \u00e0 petit, il va apprendre \u00e0 s\u2019adapter.<\/p>\n<p>C\u2019est bien connu, les d\u00e9m\u00e9nagements sont un des anxiog\u00e8nes les plus importants de la vie courante. Dans Un c\u0153ur, quatre pattes, Jacoby adorait fr\u00e9quenter l\u2019\u00e9cole pour aider les enfants avec la lecture mais il doit se s\u00e9parer de ses jeunes amis. Une nouvelle ville, une nouvelle vie, et des moments de solitude lui causent un stress \u00e9vident. R\u00e9sultat : il se l\u00e8che la patte un peu trop nerveusement&#8230; Sa ma\u00eetresse, Madame \u00c8ve, attentive aux signaux de d\u00e9tresse, lui fournira des outils de visualisation pour l\u2019aider \u00e0 s\u2019adapter \u00e0 son nouvel environnement. Une m\u00e9sange, une nouvelle amie et une biblioth\u00e8que publique feront le reste !<\/p>\n","protected":false},"excerpt":{"rendered":"<p>Jacoby, l\u2019admirable chien th\u00e9rapeute doit quitter son \u00e9cole. Il vit ce d\u00e9m\u00e9nagement avec stress et son corps accuse le coup. Mais petit \u00e0 petit, il va apprendre \u00e0 s\u2019adapter. C\u2019est [&hellip;]<\/p>\n","protected":false},"featured_media":57232,"template":"","meta":{"_genesis_hide_title":false,"_genesis_hide_breadcrumbs":false,"_genesis_hide_singular_image":false,"_genesis_hide_footer_widgets":false,"_genesis_custom_body_class":"","_genesis_custom_post_class":"","_genesis_layout":""},"product_brand":[],"product_cat":[10712],"product_tag":[],"class_list":{"0":"post-63005","1":"product","2":"type-product","3":"status-publish","4":"has-post-thumbnail","5":"product_language-fre","6":"product_reading_range-12717","7":"product_reading_range-12729","8":"product_reading_range-12756","9":"product_reading_range-12757","10":"product_interest_range-12709","11":"product_interest_range-12710","12":"product_interest_range-12711","13":"product_interest_range-12712","14":"product_grade_range-kindergarten","15":"product_grade_range-first-grade","16":"product_grade_range-second-grade","17":"product_grade_range-third-grade","18":"product_curriculumsubject-francais-programmes-detudes","19":"product_curriculumsubject-immersion-2","20":"product_curriculumsubject-francais-arts-langagiers","21":"product_curriculumsubject-core-french","22":"product_curriculumsubject-francais-arts-langagiers-2","23":"product_curriculumsubject-sciences-humaines","24":"product_edi_priority_areas-ability-disability","25":"product_edi_author-french-canadian-author","26":"product_edi_publisher-acadian-publisher","27":"product_edi_publisher-french-canadian-publisher","28":"product_edi_languages-french-language","29":"biblio_share_tag-juvenile-fiction","30":"product_cat-abc","31":"product_shipping_class-abc-test","32":"entry","34":"first","35":"instock","36":"taxable","37":"shipping-taxable","38":"purchasable","39":"product-type-simple"},"yoast_head":"<!-- This site is optimized with the Yoast SEO plugin v24.0 - https:\/\/yoast.com\/wordpress\/plugins\/seo\/ -->\n<title>Jacoby d\u00e9m\u00e9nage! - Atlantic Books<\/title>\n<meta name=\"robots\" content=\"index, follow, max-snippet:-1, max-image-preview:large, max-video-preview:-1\" \/>\n<link rel=\"canonical\" href=\"https:\/\/atlanticbooks.ca\/fr\/livres\/jacoby-demenage\" \/>\n<meta property=\"og:locale\" content=\"fr_FR\" \/>\n<meta property=\"og:type\" content=\"article\" \/>\n<meta property=\"og:title\" content=\"Jacoby d\u00e9m\u00e9nage! - Atlantic Books\" \/>\n<meta property=\"og:description\" content=\"Jacoby, l\u2019admirable chien th\u00e9rapeute doit quitter son \u00e9cole. Il vit ce d\u00e9m\u00e9nagement avec stress et son corps accuse le coup. Mais petit \u00e0 petit, il va apprendre \u00e0 s\u2019adapter. C\u2019est [&hellip;]\" \/>\n<meta property=\"og:url\" content=\"https:\/\/atlanticbooks.ca\/fr\/livres\/jacoby-demenage\" \/>\n<meta property=\"og:site_name\" content=\"Atlantic Books\" \/>\n<meta property=\"article:modified_time\" content=\"2022-11-09T22:08:18+00:00\" \/>\n<meta property=\"og:image\" content=\"https:\/\/atlanticbooks.mystagingwebsite.com\/wp-content\/uploads\/2022\/09\/9782897500610_large.jpg\" \/>\n\t<meta property=\"og:image:width\" content=\"600\" \/>\n\t<meta property=\"og:image:height\" content=\"600\" \/>\n\t<meta property=\"og:image:type\" content=\"image\/jpeg\" \/>\n<meta name=\"twitter:card\" content=\"summary_large_image\" \/>\n<meta name=\"twitter:label1\" content=\"Dur\u00e9e de lecture estim\u00e9e\" \/>\n\t<meta name=\"twitter:data1\" content=\"1 minute\" \/>\n<script type=\"application\/ld+json\" class=\"yoast-schema-graph\">{\"@context\":\"https:\/\/schema.org\",\"@graph\":[{\"@type\":\"WebPage\",\"@id\":\"https:\/\/atlanticbooks.ca\/fr\/livres\/jacoby-demenage\",\"url\":\"https:\/\/atlanticbooks.ca\/fr\/livres\/jacoby-demenage\",\"name\":\"Jacoby d\u00e9m\u00e9nage! - Atlantic Books\",\"isPartOf\":{\"@id\":\"https:\/\/atlanticbooks.ca\/fr\/#website\"},\"primaryImageOfPage\":{\"@id\":\"https:\/\/atlanticbooks.ca\/fr\/livres\/jacoby-demenage#primaryimage\"},\"image\":{\"@id\":\"https:\/\/atlanticbooks.ca\/fr\/livres\/jacoby-demenage#primaryimage\"},\"thumbnailUrl\":\"https:\/\/atlanticbooks.ca\/wp-content\/uploads\/2022\/09\/9782897500610_large.jpg\",\"datePublished\":\"2022-09-19T20:29:52+00:00\",\"dateModified\":\"2022-11-09T22:08:18+00:00\",\"breadcrumb\":{\"@id\":\"https:\/\/atlanticbooks.ca\/fr\/livres\/jacoby-demenage#breadcrumb\"},\"inLanguage\":\"fr-FR\",\"potentialAction\":[{\"@type\":\"ReadAction\",\"target\":[\"https:\/\/atlanticbooks.ca\/fr\/livres\/jacoby-demenage\"]}]},{\"@type\":\"ImageObject\",\"inLanguage\":\"fr-FR\",\"@id\":\"https:\/\/atlanticbooks.ca\/fr\/livres\/jacoby-demenage#primaryimage\",\"url\":\"https:\/\/atlanticbooks.ca\/wp-content\/uploads\/2022\/09\/9782897500610_large.jpg\",\"contentUrl\":\"https:\/\/atlanticbooks.ca\/wp-content\/uploads\/2022\/09\/9782897500610_large.jpg\",\"width\":600,\"height\":600},{\"@type\":\"BreadcrumbList\",\"@id\":\"https:\/\/atlanticbooks.ca\/fr\/livres\/jacoby-demenage#breadcrumb\",\"itemListElement\":[{\"@type\":\"ListItem\",\"position\":1,\"name\":\"Domicile\",\"item\":\"https:\/\/atlanticbooks.ca\/fr\"},{\"@type\":\"ListItem\",\"position\":2,\"name\":\"Collections\",\"item\":\"https:\/\/atlanticbooks.ca\/fr\/collections\"},{\"@type\":\"ListItem\",\"position\":3,\"name\":\"Jacoby d\u00e9m\u00e9nage!\"}]},{\"@type\":\"WebSite\",\"@id\":\"https:\/\/atlanticbooks.ca\/fr\/#website\",\"url\":\"https:\/\/atlanticbooks.ca\/fr\/\",\"name\":\"Atlantic Books\",\"description\":\"Atlantic Books\",\"publisher\":{\"@id\":\"https:\/\/atlanticbooks.ca\/fr\/#organization\"},\"potentialAction\":[{\"@type\":\"SearchAction\",\"target\":{\"@type\":\"EntryPoint\",\"urlTemplate\":\"https:\/\/atlanticbooks.ca\/fr\/?s={search_term_string}\"},\"query-input\":{\"@type\":\"PropertyValueSpecification\",\"valueRequired\":true,\"valueName\":\"search_term_string\"}}],\"inLanguage\":\"fr-FR\"},{\"@type\":\"Organization\",\"@id\":\"https:\/\/atlanticbooks.ca\/fr\/#organization\",\"name\":\"Atlantic Books\",\"url\":\"https:\/\/atlanticbooks.ca\/fr\/\",\"logo\":{\"@type\":\"ImageObject\",\"inLanguage\":\"fr-FR\",\"@id\":\"https:\/\/atlanticbooks.ca\/fr\/#\/schema\/logo\/image\/\",\"url\":\"https:\/\/atlanticbooks.ca\/wp-content\/uploads\/2020\/10\/atlantic-books-logo.png\",\"contentUrl\":\"https:\/\/atlanticbooks.ca\/wp-content\/uploads\/2020\/10\/atlantic-books-logo.png\",\"width\":566,\"height\":111,\"caption\":\"Atlantic Books\"},\"image\":{\"@id\":\"https:\/\/atlanticbooks.ca\/fr\/#\/schema\/logo\/image\/\"}}]}<\/script>\n<!-- \/ Yoast SEO plugin. -->","yoast_head_json":{"title":"Jacoby d\u00e9m\u00e9nage! - Atlantic Books","robots":{"index":"index","follow":"follow","max-snippet":"max-snippet:-1","max-image-preview":"max-image-preview:large","max-video-preview":"max-video-preview:-1"},"canonical":"https:\/\/atlanticbooks.ca\/fr\/livres\/jacoby-demenage","og_locale":"fr_FR","og_type":"article","og_title":"Jacoby d\u00e9m\u00e9nage! - Atlantic Books","og_description":"Jacoby, l\u2019admirable chien th\u00e9rapeute doit quitter son \u00e9cole. Il vit ce d\u00e9m\u00e9nagement avec stress et son corps accuse le coup. Mais petit \u00e0 petit, il va apprendre \u00e0 s\u2019adapter. C\u2019est [&hellip;]","og_url":"https:\/\/atlanticbooks.ca\/fr\/livres\/jacoby-demenage","og_site_name":"Atlantic Books","article_modified_time":"2022-11-09T22:08:18+00:00","og_image":[{"width":600,"height":600,"url":"https:\/\/atlanticbooks.mystagingwebsite.com\/wp-content\/uploads\/2022\/09\/9782897500610_large.jpg","type":"image\/jpeg"}],"twitter_card":"summary_large_image","twitter_misc":{"Dur\u00e9e de lecture estim\u00e9e":"1 minute"},"schema":{"@context":"https:\/\/schema.org","@graph":[{"@type":"WebPage","@id":"https:\/\/atlanticbooks.ca\/fr\/livres\/jacoby-demenage","url":"https:\/\/atlanticbooks.ca\/fr\/livres\/jacoby-demenage","name":"Jacoby d\u00e9m\u00e9nage! - Atlantic Books","isPartOf":{"@id":"https:\/\/atlanticbooks.ca\/fr\/#website"},"primaryImageOfPage":{"@id":"https:\/\/atlanticbooks.ca\/fr\/livres\/jacoby-demenage#primaryimage"},"image":{"@id":"https:\/\/atlanticbooks.ca\/fr\/livres\/jacoby-demenage#primaryimage"},"thumbnailUrl":"https:\/\/atlanticbooks.ca\/wp-content\/uploads\/2022\/09\/9782897500610_large.jpg","datePublished":"2022-09-19T20:29:52+00:00","dateModified":"2022-11-09T22:08:18+00:00","breadcrumb":{"@id":"https:\/\/atlanticbooks.ca\/fr\/livres\/jacoby-demenage#breadcrumb"},"inLanguage":"fr-FR","potentialAction":[{"@type":"ReadAction","target":["https:\/\/atlanticbooks.ca\/fr\/livres\/jacoby-demenage"]}]},{"@type":"ImageObject","inLanguage":"fr-FR","@id":"https:\/\/atlanticbooks.ca\/fr\/livres\/jacoby-demenage#primaryimage","url":"https:\/\/atlanticbooks.ca\/wp-content\/uploads\/2022\/09\/9782897500610_large.jpg","contentUrl":"https:\/\/atlanticbooks.ca\/wp-content\/uploads\/2022\/09\/9782897500610_large.jpg","width":600,"height":600},{"@type":"BreadcrumbList","@id":"https:\/\/atlanticbooks.ca\/fr\/livres\/jacoby-demenage#breadcrumb","itemListElement":[{"@type":"ListItem","position":1,"name":"Domicile","item":"https:\/\/atlanticbooks.ca\/fr"},{"@type":"ListItem","position":2,"name":"Collections","item":"https:\/\/atlanticbooks.ca\/fr\/collections"},{"@type":"ListItem","position":3,"name":"Jacoby d\u00e9m\u00e9nage!"}]},{"@type":"WebSite","@id":"https:\/\/atlanticbooks.ca\/fr\/#website","url":"https:\/\/atlanticbooks.ca\/fr\/","name":"Atlantic Books","description":"Atlantic Books","publisher":{"@id":"https:\/\/atlanticbooks.ca\/fr\/#organization"},"potentialAction":[{"@type":"SearchAction","target":{"@type":"EntryPoint","urlTemplate":"https:\/\/atlanticbooks.ca\/fr\/?s={search_term_string}"},"query-input":{"@type":"PropertyValueSpecification","valueRequired":true,"valueName":"search_term_string"}}],"inLanguage":"fr-FR"},{"@type":"Organization","@id":"https:\/\/atlanticbooks.ca\/fr\/#organization","name":"Atlantic Books","url":"https:\/\/atlanticbooks.ca\/fr\/","logo":{"@type":"ImageObject","inLanguage":"fr-FR","@id":"https:\/\/atlanticbooks.ca\/fr\/#\/schema\/logo\/image\/","url":"https:\/\/atlanticbooks.ca\/wp-content\/uploads\/2020\/10\/atlantic-books-logo.png","contentUrl":"https:\/\/atlanticbooks.ca\/wp-content\/uploads\/2020\/10\/atlantic-books-logo.png","width":566,"height":111,"caption":"Atlantic Books"},"image":{"@id":"https:\/\/atlanticbooks.ca\/fr\/#\/schema\/logo\/image\/"}}]}},"_links":{"self":[{"href":"https:\/\/atlanticbooks.ca\/fr\/wp-json\/wp\/v2\/product\/63005","targetHints":{"allow":["GET"]}}],"collection":[{"href":"https:\/\/atlanticbooks.ca\/fr\/wp-json\/wp\/v2\/product"}],"about":[{"href":"https:\/\/atlanticbooks.ca\/fr\/wp-json\/wp\/v2\/types\/product"}],"wp:featuredmedia":[{"embeddable":true,"href":"https:\/\/atlanticbooks.ca\/fr\/wp-json\/wp\/v2\/media\/57232"}],"wp:attachment":[{"href":"https:\/\/atlanticbooks.ca\/fr\/wp-json\/wp\/v2\/media?parent=63005"}],"wp:term":[{"taxonomy":"product_brand","embeddable":true,"href":"https:\/\/atlanticbooks.ca\/fr\/wp-json\/wp\/v2\/product_brand?post=63005"},{"taxonomy":"product_cat","embeddable":true,"href":"https:\/\/atlanticbooks.ca\/fr\/wp-json\/wp\/v2\/product_cat?post=63005"},{"taxonomy":"product_tag","embeddable":true,"href":"https:\/\/atlanticbooks.ca\/fr\/wp-json\/wp\/v2\/product_tag?post=63005"}],"curies":[{"name":"wp","href":"https:\/\/api.w.org\/{rel}","templated":true}]}}