{"id":62989,"date":"2022-09-19T20:30:38","date_gmt":"2022-09-19T20:30:38","guid":{"rendered":"https:\/\/atlanticbooks.ca\/books\/le-grand-menage-dalice-lecrevisse\/"},"modified":"2022-11-10T02:20:38","modified_gmt":"2022-11-10T02:20:38","slug":"le-grand-menage-dalice-lecrevisse","status":"publish","type":"product","link":"https:\/\/atlanticbooks.ca\/fr\/livres\/le-grand-menage-dalice-lecrevisse","title":{"rendered":"Le grand m\u00e9nage d&rsquo;Alice l&rsquo;\u00e9crevisse"},"content":{"rendered":"<p>Pendant que toute la famille s\u2019affaire au grand m\u00e9nage du printemps, un petit gar\u00e7on observe son \u00e9crevisse dans l\u2019aquarium. L\u2019enfant d\u00e9couvre que son \u00e9crevisse peut dispara\u00eetre\u2026 et r\u00e9appara\u00eetre compl\u00e8tement transform\u00e9e ! Qu\u2019est-ce qui se passe dans l\u2019aquarium ? Heureusement, papa aidera son fils \u00e0 r\u00e9soudre ce myst\u00e8re\u2026<\/p>\n<p>La d\u00e9couverte d\u2019une propri\u00e9t\u00e9 particuli\u00e8re et fascinante des \u00e9crevisses, \u00e0 travers les yeux d\u2019un petit gar\u00e7on.<\/p>\n","protected":false},"excerpt":{"rendered":"<p>Pendant que toute la famille s\u2019affaire au grand m\u00e9nage du printemps, un petit gar\u00e7on observe son \u00e9crevisse dans l\u2019aquarium. L\u2019enfant d\u00e9couvre que son \u00e9crevisse peut dispara\u00eetre\u2026 et r\u00e9appara\u00eetre compl\u00e8tement transform\u00e9e [&hellip;]<\/p>\n","protected":false},"featured_media":67456,"template":"","meta":{"_genesis_hide_title":false,"_genesis_hide_breadcrumbs":false,"_genesis_hide_singular_image":false,"_genesis_hide_footer_widgets":false,"_genesis_custom_body_class":"","_genesis_custom_post_class":"","_genesis_layout":""},"product_brand":[],"product_cat":[10712],"product_tag":[],"class_list":{"0":"post-62989","1":"product","2":"type-product","3":"status-publish","4":"has-post-thumbnail","5":"product_language-fre","6":"product_reading_range-12756","7":"product_reading_range-12757","8":"product_reading_range-12717","9":"product_reading_range-12729","10":"product_interest_range-12709","11":"product_interest_range-12710","12":"product_interest_range-12711","13":"product_interest_range-12712","14":"product_grade_range-kindergarten","15":"product_grade_range-first-grade","16":"product_grade_range-second-grade","17":"product_grade_range-third-grade","18":"product_curriculumsubject-francais-programmes-detudes","19":"product_curriculumsubject-immersion-2","20":"product_curriculumsubject-francais-arts-langagiers-2","21":"product_curriculumsubject-francais-arts-langagiers","22":"product_curriculumsubject-core-french","23":"product_edi_author-french-canadian-author","24":"product_edi_publisher-acadian-publisher","25":"product_edi_publisher-french-canadian-publisher","26":"product_edi_languages-french-language","27":"biblio_share_tag-juvenile-fiction","28":"product_cat-abc","29":"product_shipping_class-abc-test","30":"entry","32":"first","33":"instock","34":"taxable","35":"shipping-taxable","36":"purchasable","37":"product-type-simple"},"yoast_head":"<!-- This site is optimized with the Yoast SEO plugin v24.0 - https:\/\/yoast.com\/wordpress\/plugins\/seo\/ -->\n<title>Le grand m\u00e9nage d&#039;Alice l&#039;\u00e9crevisse - Atlantic Books<\/title>\n<meta name=\"robots\" content=\"index, follow, max-snippet:-1, max-image-preview:large, max-video-preview:-1\" \/>\n<link rel=\"canonical\" href=\"https:\/\/atlanticbooks.ca\/fr\/livres\/le-grand-menage-dalice-lecrevisse\" \/>\n<meta property=\"og:locale\" content=\"fr_FR\" \/>\n<meta property=\"og:type\" content=\"article\" \/>\n<meta property=\"og:title\" content=\"Le grand m\u00e9nage d&#039;Alice l&#039;\u00e9crevisse - Atlantic Books\" \/>\n<meta property=\"og:description\" content=\"Pendant que toute la famille s\u2019affaire au grand m\u00e9nage du printemps, un petit gar\u00e7on observe son \u00e9crevisse dans l\u2019aquarium. L\u2019enfant d\u00e9couvre que son \u00e9crevisse peut dispara\u00eetre\u2026 et r\u00e9appara\u00eetre compl\u00e8tement transform\u00e9e [&hellip;]\" \/>\n<meta property=\"og:url\" content=\"https:\/\/atlanticbooks.ca\/fr\/livres\/le-grand-menage-dalice-lecrevisse\" \/>\n<meta property=\"og:site_name\" content=\"Atlantic Books\" \/>\n<meta property=\"article:modified_time\" content=\"2022-11-10T02:20:38+00:00\" \/>\n<meta property=\"og:image\" content=\"https:\/\/atlanticbooks.mystagingwebsite.com\/wp-content\/uploads\/2022\/09\/CO-24_Legrandmenagedalicelecrevisse_1.jpg\" \/>\n\t<meta property=\"og:image:width\" content=\"900\" \/>\n\t<meta property=\"og:image:height\" content=\"900\" \/>\n\t<meta property=\"og:image:type\" content=\"image\/jpeg\" \/>\n<meta name=\"twitter:card\" content=\"summary_large_image\" \/>\n<meta name=\"twitter:label1\" content=\"Dur\u00e9e de lecture estim\u00e9e\" \/>\n\t<meta name=\"twitter:data1\" content=\"1 minute\" \/>\n<script type=\"application\/ld+json\" class=\"yoast-schema-graph\">{\"@context\":\"https:\/\/schema.org\",\"@graph\":[{\"@type\":\"WebPage\",\"@id\":\"https:\/\/atlanticbooks.ca\/fr\/livres\/le-grand-menage-dalice-lecrevisse\",\"url\":\"https:\/\/atlanticbooks.ca\/fr\/livres\/le-grand-menage-dalice-lecrevisse\",\"name\":\"Le grand m\u00e9nage d'Alice l'\u00e9crevisse - Atlantic Books\",\"isPartOf\":{\"@id\":\"https:\/\/atlanticbooks.ca\/fr\/#website\"},\"primaryImageOfPage\":{\"@id\":\"https:\/\/atlanticbooks.ca\/fr\/livres\/le-grand-menage-dalice-lecrevisse#primaryimage\"},\"image\":{\"@id\":\"https:\/\/atlanticbooks.ca\/fr\/livres\/le-grand-menage-dalice-lecrevisse#primaryimage\"},\"thumbnailUrl\":\"https:\/\/atlanticbooks.ca\/wp-content\/uploads\/2022\/09\/CO-24_Legrandmenagedalicelecrevisse_1.jpg\",\"datePublished\":\"2022-09-19T20:30:38+00:00\",\"dateModified\":\"2022-11-10T02:20:38+00:00\",\"breadcrumb\":{\"@id\":\"https:\/\/atlanticbooks.ca\/fr\/livres\/le-grand-menage-dalice-lecrevisse#breadcrumb\"},\"inLanguage\":\"fr-FR\",\"potentialAction\":[{\"@type\":\"ReadAction\",\"target\":[\"https:\/\/atlanticbooks.ca\/fr\/livres\/le-grand-menage-dalice-lecrevisse\"]}]},{\"@type\":\"ImageObject\",\"inLanguage\":\"fr-FR\",\"@id\":\"https:\/\/atlanticbooks.ca\/fr\/livres\/le-grand-menage-dalice-lecrevisse#primaryimage\",\"url\":\"https:\/\/atlanticbooks.ca\/wp-content\/uploads\/2022\/09\/CO-24_Legrandmenagedalicelecrevisse_1.jpg\",\"contentUrl\":\"https:\/\/atlanticbooks.ca\/wp-content\/uploads\/2022\/09\/CO-24_Legrandmenagedalicelecrevisse_1.jpg\",\"width\":900,\"height\":900,\"caption\":\"La grande menge d'Alice crevisse cover\"},{\"@type\":\"BreadcrumbList\",\"@id\":\"https:\/\/atlanticbooks.ca\/fr\/livres\/le-grand-menage-dalice-lecrevisse#breadcrumb\",\"itemListElement\":[{\"@type\":\"ListItem\",\"position\":1,\"name\":\"Domicile\",\"item\":\"https:\/\/atlanticbooks.ca\/fr\"},{\"@type\":\"ListItem\",\"position\":2,\"name\":\"Collections\",\"item\":\"https:\/\/atlanticbooks.ca\/fr\/collections\"},{\"@type\":\"ListItem\",\"position\":3,\"name\":\"Le grand m\u00e9nage d&#8217;Alice l&#8217;\u00e9crevisse\"}]},{\"@type\":\"WebSite\",\"@id\":\"https:\/\/atlanticbooks.ca\/fr\/#website\",\"url\":\"https:\/\/atlanticbooks.ca\/fr\/\",\"name\":\"Atlantic Books\",\"description\":\"Atlantic Books\",\"publisher\":{\"@id\":\"https:\/\/atlanticbooks.ca\/fr\/#organization\"},\"potentialAction\":[{\"@type\":\"SearchAction\",\"target\":{\"@type\":\"EntryPoint\",\"urlTemplate\":\"https:\/\/atlanticbooks.ca\/fr\/?s={search_term_string}\"},\"query-input\":{\"@type\":\"PropertyValueSpecification\",\"valueRequired\":true,\"valueName\":\"search_term_string\"}}],\"inLanguage\":\"fr-FR\"},{\"@type\":\"Organization\",\"@id\":\"https:\/\/atlanticbooks.ca\/fr\/#organization\",\"name\":\"Atlantic Books\",\"url\":\"https:\/\/atlanticbooks.ca\/fr\/\",\"logo\":{\"@type\":\"ImageObject\",\"inLanguage\":\"fr-FR\",\"@id\":\"https:\/\/atlanticbooks.ca\/fr\/#\/schema\/logo\/image\/\",\"url\":\"https:\/\/atlanticbooks.ca\/wp-content\/uploads\/2020\/10\/atlantic-books-logo.png\",\"contentUrl\":\"https:\/\/atlanticbooks.ca\/wp-content\/uploads\/2020\/10\/atlantic-books-logo.png\",\"width\":566,\"height\":111,\"caption\":\"Atlantic Books\"},\"image\":{\"@id\":\"https:\/\/atlanticbooks.ca\/fr\/#\/schema\/logo\/image\/\"}}]}<\/script>\n<!-- \/ Yoast SEO plugin. -->","yoast_head_json":{"title":"Le grand m\u00e9nage d'Alice l'\u00e9crevisse - Atlantic Books","robots":{"index":"index","follow":"follow","max-snippet":"max-snippet:-1","max-image-preview":"max-image-preview:large","max-video-preview":"max-video-preview:-1"},"canonical":"https:\/\/atlanticbooks.ca\/fr\/livres\/le-grand-menage-dalice-lecrevisse","og_locale":"fr_FR","og_type":"article","og_title":"Le grand m\u00e9nage d'Alice l'\u00e9crevisse - Atlantic Books","og_description":"Pendant que toute la famille s\u2019affaire au grand m\u00e9nage du printemps, un petit gar\u00e7on observe son \u00e9crevisse dans l\u2019aquarium. L\u2019enfant d\u00e9couvre que son \u00e9crevisse peut dispara\u00eetre\u2026 et r\u00e9appara\u00eetre compl\u00e8tement transform\u00e9e [&hellip;]","og_url":"https:\/\/atlanticbooks.ca\/fr\/livres\/le-grand-menage-dalice-lecrevisse","og_site_name":"Atlantic Books","article_modified_time":"2022-11-10T02:20:38+00:00","og_image":[{"width":900,"height":900,"url":"https:\/\/atlanticbooks.mystagingwebsite.com\/wp-content\/uploads\/2022\/09\/CO-24_Legrandmenagedalicelecrevisse_1.jpg","type":"image\/jpeg"}],"twitter_card":"summary_large_image","twitter_misc":{"Dur\u00e9e de lecture estim\u00e9e":"1 minute"},"schema":{"@context":"https:\/\/schema.org","@graph":[{"@type":"WebPage","@id":"https:\/\/atlanticbooks.ca\/fr\/livres\/le-grand-menage-dalice-lecrevisse","url":"https:\/\/atlanticbooks.ca\/fr\/livres\/le-grand-menage-dalice-lecrevisse","name":"Le grand m\u00e9nage d'Alice l'\u00e9crevisse - Atlantic Books","isPartOf":{"@id":"https:\/\/atlanticbooks.ca\/fr\/#website"},"primaryImageOfPage":{"@id":"https:\/\/atlanticbooks.ca\/fr\/livres\/le-grand-menage-dalice-lecrevisse#primaryimage"},"image":{"@id":"https:\/\/atlanticbooks.ca\/fr\/livres\/le-grand-menage-dalice-lecrevisse#primaryimage"},"thumbnailUrl":"https:\/\/atlanticbooks.ca\/wp-content\/uploads\/2022\/09\/CO-24_Legrandmenagedalicelecrevisse_1.jpg","datePublished":"2022-09-19T20:30:38+00:00","dateModified":"2022-11-10T02:20:38+00:00","breadcrumb":{"@id":"https:\/\/atlanticbooks.ca\/fr\/livres\/le-grand-menage-dalice-lecrevisse#breadcrumb"},"inLanguage":"fr-FR","potentialAction":[{"@type":"ReadAction","target":["https:\/\/atlanticbooks.ca\/fr\/livres\/le-grand-menage-dalice-lecrevisse"]}]},{"@type":"ImageObject","inLanguage":"fr-FR","@id":"https:\/\/atlanticbooks.ca\/fr\/livres\/le-grand-menage-dalice-lecrevisse#primaryimage","url":"https:\/\/atlanticbooks.ca\/wp-content\/uploads\/2022\/09\/CO-24_Legrandmenagedalicelecrevisse_1.jpg","contentUrl":"https:\/\/atlanticbooks.ca\/wp-content\/uploads\/2022\/09\/CO-24_Legrandmenagedalicelecrevisse_1.jpg","width":900,"height":900,"caption":"La grande menge d'Alice crevisse cover"},{"@type":"BreadcrumbList","@id":"https:\/\/atlanticbooks.ca\/fr\/livres\/le-grand-menage-dalice-lecrevisse#breadcrumb","itemListElement":[{"@type":"ListItem","position":1,"name":"Domicile","item":"https:\/\/atlanticbooks.ca\/fr"},{"@type":"ListItem","position":2,"name":"Collections","item":"https:\/\/atlanticbooks.ca\/fr\/collections"},{"@type":"ListItem","position":3,"name":"Le grand m\u00e9nage d&#8217;Alice l&#8217;\u00e9crevisse"}]},{"@type":"WebSite","@id":"https:\/\/atlanticbooks.ca\/fr\/#website","url":"https:\/\/atlanticbooks.ca\/fr\/","name":"Atlantic Books","description":"Atlantic Books","publisher":{"@id":"https:\/\/atlanticbooks.ca\/fr\/#organization"},"potentialAction":[{"@type":"SearchAction","target":{"@type":"EntryPoint","urlTemplate":"https:\/\/atlanticbooks.ca\/fr\/?s={search_term_string}"},"query-input":{"@type":"PropertyValueSpecification","valueRequired":true,"valueName":"search_term_string"}}],"inLanguage":"fr-FR"},{"@type":"Organization","@id":"https:\/\/atlanticbooks.ca\/fr\/#organization","name":"Atlantic Books","url":"https:\/\/atlanticbooks.ca\/fr\/","logo":{"@type":"ImageObject","inLanguage":"fr-FR","@id":"https:\/\/atlanticbooks.ca\/fr\/#\/schema\/logo\/image\/","url":"https:\/\/atlanticbooks.ca\/wp-content\/uploads\/2020\/10\/atlantic-books-logo.png","contentUrl":"https:\/\/atlanticbooks.ca\/wp-content\/uploads\/2020\/10\/atlantic-books-logo.png","width":566,"height":111,"caption":"Atlantic Books"},"image":{"@id":"https:\/\/atlanticbooks.ca\/fr\/#\/schema\/logo\/image\/"}}]}},"_links":{"self":[{"href":"https:\/\/atlanticbooks.ca\/fr\/wp-json\/wp\/v2\/product\/62989","targetHints":{"allow":["GET"]}}],"collection":[{"href":"https:\/\/atlanticbooks.ca\/fr\/wp-json\/wp\/v2\/product"}],"about":[{"href":"https:\/\/atlanticbooks.ca\/fr\/wp-json\/wp\/v2\/types\/product"}],"wp:featuredmedia":[{"embeddable":true,"href":"https:\/\/atlanticbooks.ca\/fr\/wp-json\/wp\/v2\/media\/67456"}],"wp:attachment":[{"href":"https:\/\/atlanticbooks.ca\/fr\/wp-json\/wp\/v2\/media?parent=62989"}],"wp:term":[{"taxonomy":"product_brand","embeddable":true,"href":"https:\/\/atlanticbooks.ca\/fr\/wp-json\/wp\/v2\/product_brand?post=62989"},{"taxonomy":"product_cat","embeddable":true,"href":"https:\/\/atlanticbooks.ca\/fr\/wp-json\/wp\/v2\/product_cat?post=62989"},{"taxonomy":"product_tag","embeddable":true,"href":"https:\/\/atlanticbooks.ca\/fr\/wp-json\/wp\/v2\/product_tag?post=62989"}],"curies":[{"name":"wp","href":"https:\/\/api.w.org\/{rel}","templated":true}]}}