{"id":62981,"date":"2022-09-19T20:30:53","date_gmt":"2022-09-19T20:30:53","guid":{"rendered":"https:\/\/atlanticbooks.ca\/books\/les-soucoupes-de-la-peninsule\/"},"modified":"2022-11-09T22:09:00","modified_gmt":"2022-11-09T22:09:00","slug":"les-soucoupes-de-la-peninsule","status":"publish","type":"product","link":"https:\/\/atlanticbooks.ca\/fr\/livres\/les-soucoupes-de-la-peninsule","title":{"rendered":"Les soucoupes de la P\u00e9ninsule"},"content":{"rendered":"<p>Des ph\u00e9nom\u00e8nes \u00e9tranges accompagnent le passage d\u2019objets volants non identifi\u00e9s dans le ciel du Nouveau-Brunswick : des appareils domestiques d\u00e9traqu\u00e9s, des apparitions myst\u00e9rieuses dans les champs&#8230; Ania, Gabriel et Mamadou partent \u00e0 la rescousse du Professeur Jarnigoine, direction la P\u00e9ninsule acadienne, o\u00f9 les attendent d\u2019inqui\u00e9tants hommes en noir. Ceux-ci sont pr\u00eats \u00e0 tout pour effacer les traces d\u2019un \u00e9crasement de soucoupe volante. Nos trois amis d\u00e9brouillards et leur chien Dali finiront-ils par d\u00e9jouer leurs plans ?<\/p>\n","protected":false},"excerpt":{"rendered":"<p>Des ph\u00e9nom\u00e8nes \u00e9tranges accompagnent le passage d\u2019objets volants non identifi\u00e9s dans le ciel du Nouveau-Brunswick : des appareils domestiques d\u00e9traqu\u00e9s, des apparitions myst\u00e9rieuses dans les champs&#8230; Ania, Gabriel et Mamadou [&hellip;]<\/p>\n","protected":false},"featured_media":57162,"template":"","meta":{"_genesis_hide_title":false,"_genesis_hide_breadcrumbs":false,"_genesis_hide_singular_image":false,"_genesis_hide_footer_widgets":false,"_genesis_custom_body_class":"","_genesis_custom_post_class":"","_genesis_layout":""},"product_brand":[],"product_cat":[10712],"product_tag":[],"class_list":{"0":"post-62981","1":"product","2":"type-product","3":"status-publish","4":"has-post-thumbnail","5":"product_language-fre","6":"product_reading_range-12717","7":"product_reading_range-12729","8":"product_reading_range-12756","9":"product_reading_range-12757","10":"product_interest_range-12709","11":"product_interest_range-12710","12":"product_interest_range-12711","13":"product_interest_range-12712","14":"product_grade_range-kindergarten","15":"product_grade_range-first-grade","16":"product_grade_range-second-grade","17":"product_grade_range-third-grade","18":"product_curriculumsubject-francais-programmes-detudes","19":"product_curriculumsubject-immersion-2","20":"product_curriculumsubject-core-french","21":"product_curriculumsubject-francais-arts-langagiers-2","22":"product_curriculumsubject-francais-arts-langagiers","23":"product_edi_author-french-canadian-author","24":"product_edi_publisher-acadian-publisher","25":"product_edi_publisher-french-canadian-publisher","26":"product_edi_languages-french-language","27":"biblio_share_tag-juvenile-fiction","28":"product_cat-abc","29":"product_shipping_class-abc-test","30":"entry","32":"first","33":"instock","34":"taxable","35":"shipping-taxable","36":"purchasable","37":"product-type-simple"},"yoast_head":"<!-- This site is optimized with the Yoast SEO plugin v24.0 - https:\/\/yoast.com\/wordpress\/plugins\/seo\/ -->\n<title>Les soucoupes de la P\u00e9ninsule - Atlantic Books<\/title>\n<meta name=\"robots\" content=\"index, follow, max-snippet:-1, max-image-preview:large, max-video-preview:-1\" \/>\n<link rel=\"canonical\" href=\"https:\/\/atlanticbooks.ca\/fr\/livres\/les-soucoupes-de-la-peninsule\" \/>\n<meta property=\"og:locale\" content=\"fr_FR\" \/>\n<meta property=\"og:type\" content=\"article\" \/>\n<meta property=\"og:title\" content=\"Les soucoupes de la P\u00e9ninsule - Atlantic Books\" \/>\n<meta property=\"og:description\" content=\"Des ph\u00e9nom\u00e8nes \u00e9tranges accompagnent le passage d\u2019objets volants non identifi\u00e9s dans le ciel du Nouveau-Brunswick : des appareils domestiques d\u00e9traqu\u00e9s, des apparitions myst\u00e9rieuses dans les champs&#8230; Ania, Gabriel et Mamadou [&hellip;]\" \/>\n<meta property=\"og:url\" content=\"https:\/\/atlanticbooks.ca\/fr\/livres\/les-soucoupes-de-la-peninsule\" \/>\n<meta property=\"og:site_name\" content=\"Atlantic Books\" \/>\n<meta property=\"article:modified_time\" content=\"2022-11-09T22:09:00+00:00\" \/>\n<meta property=\"og:image\" content=\"https:\/\/atlanticbooks.mystagingwebsite.com\/wp-content\/uploads\/2022\/09\/PR-11_Lessoucoupesdelapeninsule-scaled.jpg\" \/>\n\t<meta property=\"og:image:width\" content=\"1710\" \/>\n\t<meta property=\"og:image:height\" content=\"2560\" \/>\n\t<meta property=\"og:image:type\" content=\"image\/jpeg\" \/>\n<meta name=\"twitter:card\" content=\"summary_large_image\" \/>\n<script type=\"application\/ld+json\" class=\"yoast-schema-graph\">{\"@context\":\"https:\/\/schema.org\",\"@graph\":[{\"@type\":\"WebPage\",\"@id\":\"https:\/\/atlanticbooks.ca\/fr\/livres\/les-soucoupes-de-la-peninsule\",\"url\":\"https:\/\/atlanticbooks.ca\/fr\/livres\/les-soucoupes-de-la-peninsule\",\"name\":\"Les soucoupes de la P\u00e9ninsule - Atlantic Books\",\"isPartOf\":{\"@id\":\"https:\/\/atlanticbooks.ca\/fr\/#website\"},\"primaryImageOfPage\":{\"@id\":\"https:\/\/atlanticbooks.ca\/fr\/livres\/les-soucoupes-de-la-peninsule#primaryimage\"},\"image\":{\"@id\":\"https:\/\/atlanticbooks.ca\/fr\/livres\/les-soucoupes-de-la-peninsule#primaryimage\"},\"thumbnailUrl\":\"https:\/\/atlanticbooks.ca\/wp-content\/uploads\/2022\/09\/PR-11_Lessoucoupesdelapeninsule-scaled.jpg\",\"datePublished\":\"2022-09-19T20:30:53+00:00\",\"dateModified\":\"2022-11-09T22:09:00+00:00\",\"breadcrumb\":{\"@id\":\"https:\/\/atlanticbooks.ca\/fr\/livres\/les-soucoupes-de-la-peninsule#breadcrumb\"},\"inLanguage\":\"fr-FR\",\"potentialAction\":[{\"@type\":\"ReadAction\",\"target\":[\"https:\/\/atlanticbooks.ca\/fr\/livres\/les-soucoupes-de-la-peninsule\"]}]},{\"@type\":\"ImageObject\",\"inLanguage\":\"fr-FR\",\"@id\":\"https:\/\/atlanticbooks.ca\/fr\/livres\/les-soucoupes-de-la-peninsule#primaryimage\",\"url\":\"https:\/\/atlanticbooks.ca\/wp-content\/uploads\/2022\/09\/PR-11_Lessoucoupesdelapeninsule-scaled.jpg\",\"contentUrl\":\"https:\/\/atlanticbooks.ca\/wp-content\/uploads\/2022\/09\/PR-11_Lessoucoupesdelapeninsule-scaled.jpg\",\"width\":1710,\"height\":2560},{\"@type\":\"BreadcrumbList\",\"@id\":\"https:\/\/atlanticbooks.ca\/fr\/livres\/les-soucoupes-de-la-peninsule#breadcrumb\",\"itemListElement\":[{\"@type\":\"ListItem\",\"position\":1,\"name\":\"Domicile\",\"item\":\"https:\/\/atlanticbooks.ca\/fr\"},{\"@type\":\"ListItem\",\"position\":2,\"name\":\"Collections\",\"item\":\"https:\/\/atlanticbooks.ca\/fr\/collections\"},{\"@type\":\"ListItem\",\"position\":3,\"name\":\"Les soucoupes de la P\u00e9ninsule\"}]},{\"@type\":\"WebSite\",\"@id\":\"https:\/\/atlanticbooks.ca\/fr\/#website\",\"url\":\"https:\/\/atlanticbooks.ca\/fr\/\",\"name\":\"Atlantic Books\",\"description\":\"Atlantic Books\",\"publisher\":{\"@id\":\"https:\/\/atlanticbooks.ca\/fr\/#organization\"},\"potentialAction\":[{\"@type\":\"SearchAction\",\"target\":{\"@type\":\"EntryPoint\",\"urlTemplate\":\"https:\/\/atlanticbooks.ca\/fr\/?s={search_term_string}\"},\"query-input\":{\"@type\":\"PropertyValueSpecification\",\"valueRequired\":true,\"valueName\":\"search_term_string\"}}],\"inLanguage\":\"fr-FR\"},{\"@type\":\"Organization\",\"@id\":\"https:\/\/atlanticbooks.ca\/fr\/#organization\",\"name\":\"Atlantic Books\",\"url\":\"https:\/\/atlanticbooks.ca\/fr\/\",\"logo\":{\"@type\":\"ImageObject\",\"inLanguage\":\"fr-FR\",\"@id\":\"https:\/\/atlanticbooks.ca\/fr\/#\/schema\/logo\/image\/\",\"url\":\"https:\/\/atlanticbooks.ca\/wp-content\/uploads\/2020\/10\/atlantic-books-logo.png\",\"contentUrl\":\"https:\/\/atlanticbooks.ca\/wp-content\/uploads\/2020\/10\/atlantic-books-logo.png\",\"width\":566,\"height\":111,\"caption\":\"Atlantic Books\"},\"image\":{\"@id\":\"https:\/\/atlanticbooks.ca\/fr\/#\/schema\/logo\/image\/\"}}]}<\/script>\n<!-- \/ Yoast SEO plugin. -->","yoast_head_json":{"title":"Les soucoupes de la P\u00e9ninsule - Atlantic Books","robots":{"index":"index","follow":"follow","max-snippet":"max-snippet:-1","max-image-preview":"max-image-preview:large","max-video-preview":"max-video-preview:-1"},"canonical":"https:\/\/atlanticbooks.ca\/fr\/livres\/les-soucoupes-de-la-peninsule","og_locale":"fr_FR","og_type":"article","og_title":"Les soucoupes de la P\u00e9ninsule - Atlantic Books","og_description":"Des ph\u00e9nom\u00e8nes \u00e9tranges accompagnent le passage d\u2019objets volants non identifi\u00e9s dans le ciel du Nouveau-Brunswick : des appareils domestiques d\u00e9traqu\u00e9s, des apparitions myst\u00e9rieuses dans les champs&#8230; Ania, Gabriel et Mamadou [&hellip;]","og_url":"https:\/\/atlanticbooks.ca\/fr\/livres\/les-soucoupes-de-la-peninsule","og_site_name":"Atlantic Books","article_modified_time":"2022-11-09T22:09:00+00:00","og_image":[{"width":1710,"height":2560,"url":"https:\/\/atlanticbooks.mystagingwebsite.com\/wp-content\/uploads\/2022\/09\/PR-11_Lessoucoupesdelapeninsule-scaled.jpg","type":"image\/jpeg"}],"twitter_card":"summary_large_image","schema":{"@context":"https:\/\/schema.org","@graph":[{"@type":"WebPage","@id":"https:\/\/atlanticbooks.ca\/fr\/livres\/les-soucoupes-de-la-peninsule","url":"https:\/\/atlanticbooks.ca\/fr\/livres\/les-soucoupes-de-la-peninsule","name":"Les soucoupes de la P\u00e9ninsule - Atlantic Books","isPartOf":{"@id":"https:\/\/atlanticbooks.ca\/fr\/#website"},"primaryImageOfPage":{"@id":"https:\/\/atlanticbooks.ca\/fr\/livres\/les-soucoupes-de-la-peninsule#primaryimage"},"image":{"@id":"https:\/\/atlanticbooks.ca\/fr\/livres\/les-soucoupes-de-la-peninsule#primaryimage"},"thumbnailUrl":"https:\/\/atlanticbooks.ca\/wp-content\/uploads\/2022\/09\/PR-11_Lessoucoupesdelapeninsule-scaled.jpg","datePublished":"2022-09-19T20:30:53+00:00","dateModified":"2022-11-09T22:09:00+00:00","breadcrumb":{"@id":"https:\/\/atlanticbooks.ca\/fr\/livres\/les-soucoupes-de-la-peninsule#breadcrumb"},"inLanguage":"fr-FR","potentialAction":[{"@type":"ReadAction","target":["https:\/\/atlanticbooks.ca\/fr\/livres\/les-soucoupes-de-la-peninsule"]}]},{"@type":"ImageObject","inLanguage":"fr-FR","@id":"https:\/\/atlanticbooks.ca\/fr\/livres\/les-soucoupes-de-la-peninsule#primaryimage","url":"https:\/\/atlanticbooks.ca\/wp-content\/uploads\/2022\/09\/PR-11_Lessoucoupesdelapeninsule-scaled.jpg","contentUrl":"https:\/\/atlanticbooks.ca\/wp-content\/uploads\/2022\/09\/PR-11_Lessoucoupesdelapeninsule-scaled.jpg","width":1710,"height":2560},{"@type":"BreadcrumbList","@id":"https:\/\/atlanticbooks.ca\/fr\/livres\/les-soucoupes-de-la-peninsule#breadcrumb","itemListElement":[{"@type":"ListItem","position":1,"name":"Domicile","item":"https:\/\/atlanticbooks.ca\/fr"},{"@type":"ListItem","position":2,"name":"Collections","item":"https:\/\/atlanticbooks.ca\/fr\/collections"},{"@type":"ListItem","position":3,"name":"Les soucoupes de la P\u00e9ninsule"}]},{"@type":"WebSite","@id":"https:\/\/atlanticbooks.ca\/fr\/#website","url":"https:\/\/atlanticbooks.ca\/fr\/","name":"Atlantic Books","description":"Atlantic Books","publisher":{"@id":"https:\/\/atlanticbooks.ca\/fr\/#organization"},"potentialAction":[{"@type":"SearchAction","target":{"@type":"EntryPoint","urlTemplate":"https:\/\/atlanticbooks.ca\/fr\/?s={search_term_string}"},"query-input":{"@type":"PropertyValueSpecification","valueRequired":true,"valueName":"search_term_string"}}],"inLanguage":"fr-FR"},{"@type":"Organization","@id":"https:\/\/atlanticbooks.ca\/fr\/#organization","name":"Atlantic Books","url":"https:\/\/atlanticbooks.ca\/fr\/","logo":{"@type":"ImageObject","inLanguage":"fr-FR","@id":"https:\/\/atlanticbooks.ca\/fr\/#\/schema\/logo\/image\/","url":"https:\/\/atlanticbooks.ca\/wp-content\/uploads\/2020\/10\/atlantic-books-logo.png","contentUrl":"https:\/\/atlanticbooks.ca\/wp-content\/uploads\/2020\/10\/atlantic-books-logo.png","width":566,"height":111,"caption":"Atlantic Books"},"image":{"@id":"https:\/\/atlanticbooks.ca\/fr\/#\/schema\/logo\/image\/"}}]}},"_links":{"self":[{"href":"https:\/\/atlanticbooks.ca\/fr\/wp-json\/wp\/v2\/product\/62981","targetHints":{"allow":["GET"]}}],"collection":[{"href":"https:\/\/atlanticbooks.ca\/fr\/wp-json\/wp\/v2\/product"}],"about":[{"href":"https:\/\/atlanticbooks.ca\/fr\/wp-json\/wp\/v2\/types\/product"}],"wp:featuredmedia":[{"embeddable":true,"href":"https:\/\/atlanticbooks.ca\/fr\/wp-json\/wp\/v2\/media\/57162"}],"wp:attachment":[{"href":"https:\/\/atlanticbooks.ca\/fr\/wp-json\/wp\/v2\/media?parent=62981"}],"wp:term":[{"taxonomy":"product_brand","embeddable":true,"href":"https:\/\/atlanticbooks.ca\/fr\/wp-json\/wp\/v2\/product_brand?post=62981"},{"taxonomy":"product_cat","embeddable":true,"href":"https:\/\/atlanticbooks.ca\/fr\/wp-json\/wp\/v2\/product_cat?post=62981"},{"taxonomy":"product_tag","embeddable":true,"href":"https:\/\/atlanticbooks.ca\/fr\/wp-json\/wp\/v2\/product_tag?post=62981"}],"curies":[{"name":"wp","href":"https:\/\/api.w.org\/{rel}","templated":true}]}}