{"id":62975,"date":"2022-09-19T20:31:07","date_gmt":"2022-09-19T20:31:07","guid":{"rendered":"https:\/\/atlanticbooks.ca\/books\/lizzy-darmoirie-tome-ii-la-rebellion-gronde\/"},"modified":"2022-11-09T22:09:14","modified_gmt":"2022-11-09T22:09:14","slug":"lizzy-darmoirie-tome-ii-la-rebellion-gronde","status":"publish","type":"product","link":"https:\/\/atlanticbooks.ca\/fr\/livres\/lizzy-darmoirie-tome-ii-la-rebellion-gronde","title":{"rendered":"Lizzy d&rsquo;Armoirie Tome II &#8211; La r\u00e9bellion gronde"},"content":{"rendered":"<p>Pour fuir l\u2019asservissement qui menace la population d\u2019Armoirie, Lizzy devra-t-elle se r\u00e9fugier chez ses amies du Monde Mat\u00e9riel,<br \/>\n\u00e0 Bouctouche, Nouveau-Brunswick?<\/p>\n<p>En r\u00e9cup\u00e9rant le pr\u00e9cieux m\u00e9daillon familial dans sa pr\u00e9c\u00e9dente aventure, la jeune Lizzy se retrouve, bien malgr\u00e9 elle, symbole de la r\u00e9sistance des Armoiriens. Ceux-ci sont menac\u00e9s d\u2019expulsion par le clan des Rougiens et Lizzy ne sait plus sur qui compter. M\u00eame Jacob, son d\u00e9vou\u00e9 pr\u00e9cepteur, pourrait \u00eatre au coeur du complot. Pendant ce temps, au Qu\u00e9bec, \u00c9l\u00e9na s\u2019ennuie de ces aventures estivales en Acadie. La guerre civile se pr\u00e9pare dans le Monde Parall\u00e8le. De part et d\u2019autre des deux Mondes, des alli\u00e9s et des ennemis inattendus surgiront. Le beau Mathieu sera-t-il de la partie cette fois-ci ?<\/p>\n","protected":false},"excerpt":{"rendered":"<p>Pour fuir l\u2019asservissement qui menace la population d\u2019Armoirie, Lizzy devra-t-elle se r\u00e9fugier chez ses amies du Monde Mat\u00e9riel, \u00e0 Bouctouche, Nouveau-Brunswick? En r\u00e9cup\u00e9rant le pr\u00e9cieux m\u00e9daillon familial dans sa pr\u00e9c\u00e9dente [&hellip;]<\/p>\n","protected":false},"featured_media":67446,"template":"","meta":{"_genesis_hide_title":false,"_genesis_hide_breadcrumbs":false,"_genesis_hide_singular_image":false,"_genesis_hide_footer_widgets":false,"_genesis_custom_body_class":"","_genesis_custom_post_class":"","_genesis_layout":""},"product_brand":[],"product_cat":[10712],"product_tag":[],"class_list":{"0":"post-62975","1":"product","2":"type-product","3":"status-publish","4":"has-post-thumbnail","5":"product_language-fre","6":"product_reading_range-12717","7":"product_reading_range-12729","8":"product_reading_range-12756","9":"product_reading_range-12757","10":"product_interest_range-12709","11":"product_interest_range-12710","12":"product_interest_range-12711","13":"product_interest_range-12712","14":"product_grade_range-kindergarten","15":"product_grade_range-first-grade","16":"product_grade_range-second-grade","17":"product_grade_range-third-grade","18":"product_curriculumsubject-francais-programmes-detudes","19":"product_curriculumsubject-immersion-2","20":"product_curriculumsubject-francais-arts-langagiers","21":"product_curriculumsubject-core-french","22":"product_curriculumsubject-francais-arts-langagiers-2","23":"product_provincial_focus-nb","24":"product_edi_author-french-canadian-author","25":"product_edi_publisher-acadian-publisher","26":"product_edi_publisher-french-canadian-publisher","27":"product_edi_languages-french-language","28":"biblio_share_tag-juvenile-fiction","29":"product_cat-abc","30":"product_shipping_class-abc-test","31":"entry","33":"first","34":"instock","35":"taxable","36":"shipping-taxable","37":"purchasable","38":"product-type-simple"},"yoast_head":"<!-- This site is optimized with the Yoast SEO plugin v24.0 - https:\/\/yoast.com\/wordpress\/plugins\/seo\/ -->\n<title>Lizzy d&#039;Armoirie Tome II - La r\u00e9bellion gronde - Atlantic Books<\/title>\n<meta name=\"robots\" content=\"index, follow, max-snippet:-1, max-image-preview:large, max-video-preview:-1\" \/>\n<link rel=\"canonical\" href=\"https:\/\/atlanticbooks.ca\/fr\/livres\/lizzy-darmoirie-tome-ii-la-rebellion-gronde\" \/>\n<meta property=\"og:locale\" content=\"fr_FR\" \/>\n<meta property=\"og:type\" content=\"article\" \/>\n<meta property=\"og:title\" content=\"Lizzy d&#039;Armoirie Tome II - La r\u00e9bellion gronde - Atlantic Books\" \/>\n<meta property=\"og:description\" content=\"Pour fuir l\u2019asservissement qui menace la population d\u2019Armoirie, Lizzy devra-t-elle se r\u00e9fugier chez ses amies du Monde Mat\u00e9riel, \u00e0 Bouctouche, Nouveau-Brunswick? En r\u00e9cup\u00e9rant le pr\u00e9cieux m\u00e9daillon familial dans sa pr\u00e9c\u00e9dente [&hellip;]\" \/>\n<meta property=\"og:url\" content=\"https:\/\/atlanticbooks.ca\/fr\/livres\/lizzy-darmoirie-tome-ii-la-rebellion-gronde\" \/>\n<meta property=\"og:site_name\" content=\"Atlantic Books\" \/>\n<meta property=\"article:modified_time\" content=\"2022-11-09T22:09:14+00:00\" \/>\n<meta property=\"og:image\" content=\"https:\/\/atlanticbooks.mystagingwebsite.com\/wp-content\/uploads\/2022\/09\/VC-01_Lizzydarmoirietome2_1.jpg\" \/>\n\t<meta property=\"og:image:width\" content=\"900\" \/>\n\t<meta property=\"og:image:height\" content=\"1350\" \/>\n\t<meta property=\"og:image:type\" content=\"image\/jpeg\" \/>\n<meta name=\"twitter:card\" content=\"summary_large_image\" \/>\n<meta name=\"twitter:label1\" content=\"Dur\u00e9e de lecture estim\u00e9e\" \/>\n\t<meta name=\"twitter:data1\" content=\"1 minute\" \/>\n<script type=\"application\/ld+json\" class=\"yoast-schema-graph\">{\"@context\":\"https:\/\/schema.org\",\"@graph\":[{\"@type\":\"WebPage\",\"@id\":\"https:\/\/atlanticbooks.ca\/fr\/livres\/lizzy-darmoirie-tome-ii-la-rebellion-gronde\",\"url\":\"https:\/\/atlanticbooks.ca\/fr\/livres\/lizzy-darmoirie-tome-ii-la-rebellion-gronde\",\"name\":\"Lizzy d'Armoirie Tome II - La r\u00e9bellion gronde - Atlantic Books\",\"isPartOf\":{\"@id\":\"https:\/\/atlanticbooks.ca\/fr\/#website\"},\"primaryImageOfPage\":{\"@id\":\"https:\/\/atlanticbooks.ca\/fr\/livres\/lizzy-darmoirie-tome-ii-la-rebellion-gronde#primaryimage\"},\"image\":{\"@id\":\"https:\/\/atlanticbooks.ca\/fr\/livres\/lizzy-darmoirie-tome-ii-la-rebellion-gronde#primaryimage\"},\"thumbnailUrl\":\"https:\/\/atlanticbooks.ca\/wp-content\/uploads\/2022\/09\/VC-01_Lizzydarmoirietome2_1.jpg\",\"datePublished\":\"2022-09-19T20:31:07+00:00\",\"dateModified\":\"2022-11-09T22:09:14+00:00\",\"breadcrumb\":{\"@id\":\"https:\/\/atlanticbooks.ca\/fr\/livres\/lizzy-darmoirie-tome-ii-la-rebellion-gronde#breadcrumb\"},\"inLanguage\":\"fr-FR\",\"potentialAction\":[{\"@type\":\"ReadAction\",\"target\":[\"https:\/\/atlanticbooks.ca\/fr\/livres\/lizzy-darmoirie-tome-ii-la-rebellion-gronde\"]}]},{\"@type\":\"ImageObject\",\"inLanguage\":\"fr-FR\",\"@id\":\"https:\/\/atlanticbooks.ca\/fr\/livres\/lizzy-darmoirie-tome-ii-la-rebellion-gronde#primaryimage\",\"url\":\"https:\/\/atlanticbooks.ca\/wp-content\/uploads\/2022\/09\/VC-01_Lizzydarmoirietome2_1.jpg\",\"contentUrl\":\"https:\/\/atlanticbooks.ca\/wp-content\/uploads\/2022\/09\/VC-01_Lizzydarmoirietome2_1.jpg\",\"width\":900,\"height\":1350,\"caption\":\"Le clan des Rougiens terrorise d\u00e9sormais la population d\u2019Armoirie pour mieux l\u2019asservir... En r\u00e9cup\u00e9rant le pr\u00e9cieux m\u00e9daillon familial dans sa pr\u00e9c\u00e9dente aventure, la jeune Lizzy se retrouve, bien malgr\u00e9 elle, symbole de la r\u00e9sistance\u2009! Jacob, son d\u00e9vou\u00e9 pr\u00e9cepteur, pourrait \u00eatre au coeur du complot qui risque de faire basculer le Monde Parall\u00e8le dans le chaos... Lizzy D\u2019Armoirie devra-t-elle s\u2019exiler dans le Monde Mat\u00e9riel, \u00e0 Bouctouche\u2009? La guerre civile se pr\u00e9pare. Des alli\u00e9s et des ennemis inattendus surgiront de part et d\u2019autre des deux Mondes... Le clan des Rougiens terrorise d\u00e9sormais la population d\u2019Armoirie pour mieux l\u2019asservir... En r\u00e9cup\u00e9rant le pr\u00e9cieux m\u00e9daillon familial dans sa pr\u00e9c\u00e9dente aventure, la jeune Lizzy se retrouve, bien malgr\u00e9 elle, symbole de la r\u00e9sistance\u2009! Jacob, son d\u00e9vou\u00e9 pr\u00e9cepteur, pourrait \u00eatre au coeur du complot qui risque de faire basculer le Monde Parall\u00e8le dans le chaos... Lizzy D\u2019Armoirie devra-t-elle s\u2019exiler dans le Monde Mat\"},{\"@type\":\"BreadcrumbList\",\"@id\":\"https:\/\/atlanticbooks.ca\/fr\/livres\/lizzy-darmoirie-tome-ii-la-rebellion-gronde#breadcrumb\",\"itemListElement\":[{\"@type\":\"ListItem\",\"position\":1,\"name\":\"Domicile\",\"item\":\"https:\/\/atlanticbooks.ca\/fr\"},{\"@type\":\"ListItem\",\"position\":2,\"name\":\"Collections\",\"item\":\"https:\/\/atlanticbooks.ca\/fr\/collections\"},{\"@type\":\"ListItem\",\"position\":3,\"name\":\"Lizzy d&#8217;Armoirie Tome II &#8211; La r\u00e9bellion gronde\"}]},{\"@type\":\"WebSite\",\"@id\":\"https:\/\/atlanticbooks.ca\/fr\/#website\",\"url\":\"https:\/\/atlanticbooks.ca\/fr\/\",\"name\":\"Atlantic Books\",\"description\":\"Atlantic Books\",\"publisher\":{\"@id\":\"https:\/\/atlanticbooks.ca\/fr\/#organization\"},\"potentialAction\":[{\"@type\":\"SearchAction\",\"target\":{\"@type\":\"EntryPoint\",\"urlTemplate\":\"https:\/\/atlanticbooks.ca\/fr\/?s={search_term_string}\"},\"query-input\":{\"@type\":\"PropertyValueSpecification\",\"valueRequired\":true,\"valueName\":\"search_term_string\"}}],\"inLanguage\":\"fr-FR\"},{\"@type\":\"Organization\",\"@id\":\"https:\/\/atlanticbooks.ca\/fr\/#organization\",\"name\":\"Atlantic Books\",\"url\":\"https:\/\/atlanticbooks.ca\/fr\/\",\"logo\":{\"@type\":\"ImageObject\",\"inLanguage\":\"fr-FR\",\"@id\":\"https:\/\/atlanticbooks.ca\/fr\/#\/schema\/logo\/image\/\",\"url\":\"https:\/\/atlanticbooks.ca\/wp-content\/uploads\/2020\/10\/atlantic-books-logo.png\",\"contentUrl\":\"https:\/\/atlanticbooks.ca\/wp-content\/uploads\/2020\/10\/atlantic-books-logo.png\",\"width\":566,\"height\":111,\"caption\":\"Atlantic Books\"},\"image\":{\"@id\":\"https:\/\/atlanticbooks.ca\/fr\/#\/schema\/logo\/image\/\"}}]}<\/script>\n<!-- \/ Yoast SEO plugin. -->","yoast_head_json":{"title":"Lizzy d'Armoirie Tome II - La r\u00e9bellion gronde - Atlantic Books","robots":{"index":"index","follow":"follow","max-snippet":"max-snippet:-1","max-image-preview":"max-image-preview:large","max-video-preview":"max-video-preview:-1"},"canonical":"https:\/\/atlanticbooks.ca\/fr\/livres\/lizzy-darmoirie-tome-ii-la-rebellion-gronde","og_locale":"fr_FR","og_type":"article","og_title":"Lizzy d'Armoirie Tome II - La r\u00e9bellion gronde - Atlantic Books","og_description":"Pour fuir l\u2019asservissement qui menace la population d\u2019Armoirie, Lizzy devra-t-elle se r\u00e9fugier chez ses amies du Monde Mat\u00e9riel, \u00e0 Bouctouche, Nouveau-Brunswick? En r\u00e9cup\u00e9rant le pr\u00e9cieux m\u00e9daillon familial dans sa pr\u00e9c\u00e9dente [&hellip;]","og_url":"https:\/\/atlanticbooks.ca\/fr\/livres\/lizzy-darmoirie-tome-ii-la-rebellion-gronde","og_site_name":"Atlantic Books","article_modified_time":"2022-11-09T22:09:14+00:00","og_image":[{"width":900,"height":1350,"url":"https:\/\/atlanticbooks.mystagingwebsite.com\/wp-content\/uploads\/2022\/09\/VC-01_Lizzydarmoirietome2_1.jpg","type":"image\/jpeg"}],"twitter_card":"summary_large_image","twitter_misc":{"Dur\u00e9e de lecture estim\u00e9e":"1 minute"},"schema":{"@context":"https:\/\/schema.org","@graph":[{"@type":"WebPage","@id":"https:\/\/atlanticbooks.ca\/fr\/livres\/lizzy-darmoirie-tome-ii-la-rebellion-gronde","url":"https:\/\/atlanticbooks.ca\/fr\/livres\/lizzy-darmoirie-tome-ii-la-rebellion-gronde","name":"Lizzy d'Armoirie Tome II - La r\u00e9bellion gronde - Atlantic Books","isPartOf":{"@id":"https:\/\/atlanticbooks.ca\/fr\/#website"},"primaryImageOfPage":{"@id":"https:\/\/atlanticbooks.ca\/fr\/livres\/lizzy-darmoirie-tome-ii-la-rebellion-gronde#primaryimage"},"image":{"@id":"https:\/\/atlanticbooks.ca\/fr\/livres\/lizzy-darmoirie-tome-ii-la-rebellion-gronde#primaryimage"},"thumbnailUrl":"https:\/\/atlanticbooks.ca\/wp-content\/uploads\/2022\/09\/VC-01_Lizzydarmoirietome2_1.jpg","datePublished":"2022-09-19T20:31:07+00:00","dateModified":"2022-11-09T22:09:14+00:00","breadcrumb":{"@id":"https:\/\/atlanticbooks.ca\/fr\/livres\/lizzy-darmoirie-tome-ii-la-rebellion-gronde#breadcrumb"},"inLanguage":"fr-FR","potentialAction":[{"@type":"ReadAction","target":["https:\/\/atlanticbooks.ca\/fr\/livres\/lizzy-darmoirie-tome-ii-la-rebellion-gronde"]}]},{"@type":"ImageObject","inLanguage":"fr-FR","@id":"https:\/\/atlanticbooks.ca\/fr\/livres\/lizzy-darmoirie-tome-ii-la-rebellion-gronde#primaryimage","url":"https:\/\/atlanticbooks.ca\/wp-content\/uploads\/2022\/09\/VC-01_Lizzydarmoirietome2_1.jpg","contentUrl":"https:\/\/atlanticbooks.ca\/wp-content\/uploads\/2022\/09\/VC-01_Lizzydarmoirietome2_1.jpg","width":900,"height":1350,"caption":"Le clan des Rougiens terrorise d\u00e9sormais la population d\u2019Armoirie pour mieux l\u2019asservir... En r\u00e9cup\u00e9rant le pr\u00e9cieux m\u00e9daillon familial dans sa pr\u00e9c\u00e9dente aventure, la jeune Lizzy se retrouve, bien malgr\u00e9 elle, symbole de la r\u00e9sistance\u2009! Jacob, son d\u00e9vou\u00e9 pr\u00e9cepteur, pourrait \u00eatre au coeur du complot qui risque de faire basculer le Monde Parall\u00e8le dans le chaos... Lizzy D\u2019Armoirie devra-t-elle s\u2019exiler dans le Monde Mat\u00e9riel, \u00e0 Bouctouche\u2009? La guerre civile se pr\u00e9pare. Des alli\u00e9s et des ennemis inattendus surgiront de part et d\u2019autre des deux Mondes... Le clan des Rougiens terrorise d\u00e9sormais la population d\u2019Armoirie pour mieux l\u2019asservir... En r\u00e9cup\u00e9rant le pr\u00e9cieux m\u00e9daillon familial dans sa pr\u00e9c\u00e9dente aventure, la jeune Lizzy se retrouve, bien malgr\u00e9 elle, symbole de la r\u00e9sistance\u2009! Jacob, son d\u00e9vou\u00e9 pr\u00e9cepteur, pourrait \u00eatre au coeur du complot qui risque de faire basculer le Monde Parall\u00e8le dans le chaos... Lizzy D\u2019Armoirie devra-t-elle s\u2019exiler dans le Monde Mat"},{"@type":"BreadcrumbList","@id":"https:\/\/atlanticbooks.ca\/fr\/livres\/lizzy-darmoirie-tome-ii-la-rebellion-gronde#breadcrumb","itemListElement":[{"@type":"ListItem","position":1,"name":"Domicile","item":"https:\/\/atlanticbooks.ca\/fr"},{"@type":"ListItem","position":2,"name":"Collections","item":"https:\/\/atlanticbooks.ca\/fr\/collections"},{"@type":"ListItem","position":3,"name":"Lizzy d&#8217;Armoirie Tome II &#8211; La r\u00e9bellion gronde"}]},{"@type":"WebSite","@id":"https:\/\/atlanticbooks.ca\/fr\/#website","url":"https:\/\/atlanticbooks.ca\/fr\/","name":"Atlantic Books","description":"Atlantic Books","publisher":{"@id":"https:\/\/atlanticbooks.ca\/fr\/#organization"},"potentialAction":[{"@type":"SearchAction","target":{"@type":"EntryPoint","urlTemplate":"https:\/\/atlanticbooks.ca\/fr\/?s={search_term_string}"},"query-input":{"@type":"PropertyValueSpecification","valueRequired":true,"valueName":"search_term_string"}}],"inLanguage":"fr-FR"},{"@type":"Organization","@id":"https:\/\/atlanticbooks.ca\/fr\/#organization","name":"Atlantic Books","url":"https:\/\/atlanticbooks.ca\/fr\/","logo":{"@type":"ImageObject","inLanguage":"fr-FR","@id":"https:\/\/atlanticbooks.ca\/fr\/#\/schema\/logo\/image\/","url":"https:\/\/atlanticbooks.ca\/wp-content\/uploads\/2020\/10\/atlantic-books-logo.png","contentUrl":"https:\/\/atlanticbooks.ca\/wp-content\/uploads\/2020\/10\/atlantic-books-logo.png","width":566,"height":111,"caption":"Atlantic Books"},"image":{"@id":"https:\/\/atlanticbooks.ca\/fr\/#\/schema\/logo\/image\/"}}]}},"_links":{"self":[{"href":"https:\/\/atlanticbooks.ca\/fr\/wp-json\/wp\/v2\/product\/62975","targetHints":{"allow":["GET"]}}],"collection":[{"href":"https:\/\/atlanticbooks.ca\/fr\/wp-json\/wp\/v2\/product"}],"about":[{"href":"https:\/\/atlanticbooks.ca\/fr\/wp-json\/wp\/v2\/types\/product"}],"wp:featuredmedia":[{"embeddable":true,"href":"https:\/\/atlanticbooks.ca\/fr\/wp-json\/wp\/v2\/media\/67446"}],"wp:attachment":[{"href":"https:\/\/atlanticbooks.ca\/fr\/wp-json\/wp\/v2\/media?parent=62975"}],"wp:term":[{"taxonomy":"product_brand","embeddable":true,"href":"https:\/\/atlanticbooks.ca\/fr\/wp-json\/wp\/v2\/product_brand?post=62975"},{"taxonomy":"product_cat","embeddable":true,"href":"https:\/\/atlanticbooks.ca\/fr\/wp-json\/wp\/v2\/product_cat?post=62975"},{"taxonomy":"product_tag","embeddable":true,"href":"https:\/\/atlanticbooks.ca\/fr\/wp-json\/wp\/v2\/product_tag?post=62975"}],"curies":[{"name":"wp","href":"https:\/\/api.w.org\/{rel}","templated":true}]}}