{"id":62973,"date":"2022-09-19T20:31:07","date_gmt":"2022-09-19T20:31:07","guid":{"rendered":"https:\/\/atlanticbooks.ca\/books\/lizzy-darmoirie-et-la-legende-du-medaillon\/"},"modified":"2022-11-09T22:09:12","modified_gmt":"2022-11-09T22:09:12","slug":"lizzy-darmoirie-et-la-legende-du-medaillon","status":"publish","type":"product","link":"https:\/\/atlanticbooks.ca\/fr\/livres\/lizzy-darmoirie-et-la-legende-du-medaillon","title":{"rendered":"Lizzy d&rsquo;Armoirie et la l\u00e9gende du m\u00e9daillon"},"content":{"rendered":"<p>Il y a tr\u00e8s longtemps, dans un monde parall\u00e8le au n\u00f4tre, la Grande Gouverneure-Commodore de l\u2019Armoirie perdit dans la mer un pr\u00e9cieux m\u00e9daillon permettant de passer du Monde Parall\u00e8le au Monde Mat\u00e9riel. Des si\u00e8cles plus tard, \u00c9l\u00e9na, une jeune Qu\u00e9b\u00e9coise en vacances avec sa famille \u00e0 Bouctouche, trouve le myst\u00e9rieux bijou sur la plage. Inspir\u00e9e par les l\u00e9gendes et l\u2019histoire locales, \u00c9l\u00e9na essaie de retracer l\u2019origine du m\u00e9daillon. De son c\u00f4t\u00e9, Lizzy d\u2019Armoirie r\u00e9ussit \u00e0 traverser dans le monde des humains, malgr\u00e9 l\u2019absence de l\u2019amulette magique perdue par sa grand-m\u00e8re Rose. Le chemin d\u2019\u00c9l\u00e9na croisera-t-il celui de Lizzy ? Celle-ci saura-t-elle r\u00e9tablir l\u2019honneur de sa famille ?<\/p>\n<p>R\u00e9cit d\u2019aventures o\u00f9 le fantastique se confond avec la r\u00e9alit\u00e9 et o\u00f9 l\u2019amiti\u00e9 triomphe sur la trahison.<\/p>\n","protected":false},"excerpt":{"rendered":"<p>Il y a tr\u00e8s longtemps, dans un monde parall\u00e8le au n\u00f4tre, la Grande Gouverneure-Commodore de l\u2019Armoirie perdit dans la mer un pr\u00e9cieux m\u00e9daillon permettant de passer du Monde Parall\u00e8le au [&hellip;]<\/p>\n","protected":false},"featured_media":67448,"template":"","meta":{"_genesis_hide_title":false,"_genesis_hide_breadcrumbs":false,"_genesis_hide_singular_image":false,"_genesis_hide_footer_widgets":false,"_genesis_custom_body_class":"","_genesis_custom_post_class":"","_genesis_layout":""},"product_brand":[],"product_cat":[12776],"product_tag":[],"class_list":{"0":"post-62973","1":"product","2":"type-product","3":"status-publish","4":"has-post-thumbnail","5":"product_language-fre","6":"product_reading_range-8-fr","7":"product_reading_range-7-fr","8":"product_reading_range-5-fr","9":"product_reading_range-6-fr","10":"product_interest_range-5-fr","11":"product_interest_range-6-fr","12":"product_interest_range-7-fr","13":"product_interest_range-8-fr","14":"product_grade_range-kindergarten-fr","15":"product_grade_range-first-grade-fr","16":"product_grade_range-second-grade-fr","17":"product_grade_range-third-grade-fr","18":"product_curriculumsubject-francais-programmes-detudes-fr","19":"product_curriculumsubject-immersion-2-fr","20":"product_curriculumsubject-core-french-fr","21":"product_curriculumsubject-francais-arts-langagiers-fr","22":"product_curriculumsubject-francais-arts-langagiers-im-fr","23":"product_edi_author-french-canadian-author-fr","24":"product_edi_publisher-acadian-publisher-copy","25":"product_edi_publisher-french-canadian-publisher-copy","26":"product_edi_languages-francais-fr","27":"biblio_share_tag-juvenile-fiction-fr","28":"product_cat-abc-fr-2","29":"product_shipping_class-abc-test-fr","30":"entry","32":"first","33":"instock","34":"taxable","35":"shipping-taxable","36":"purchasable","37":"product-type-simple"},"yoast_head":"<!-- This site is optimized with the Yoast SEO plugin v24.0 - https:\/\/yoast.com\/wordpress\/plugins\/seo\/ -->\n<title>Lizzy d&#039;Armoirie et la l\u00e9gende du m\u00e9daillon - Atlantic Books<\/title>\n<meta name=\"robots\" content=\"index, follow, max-snippet:-1, max-image-preview:large, max-video-preview:-1\" \/>\n<link rel=\"canonical\" href=\"https:\/\/atlanticbooks.ca\/fr\/livres\/lizzy-darmoirie-et-la-legende-du-medaillon\" \/>\n<meta property=\"og:locale\" content=\"fr_FR\" \/>\n<meta property=\"og:type\" content=\"article\" \/>\n<meta property=\"og:title\" content=\"Lizzy d&#039;Armoirie et la l\u00e9gende du m\u00e9daillon - Atlantic Books\" \/>\n<meta property=\"og:description\" content=\"Il y a tr\u00e8s longtemps, dans un monde parall\u00e8le au n\u00f4tre, la Grande Gouverneure-Commodore de l\u2019Armoirie perdit dans la mer un pr\u00e9cieux m\u00e9daillon permettant de passer du Monde Parall\u00e8le au [&hellip;]\" \/>\n<meta property=\"og:url\" content=\"https:\/\/atlanticbooks.ca\/fr\/livres\/lizzy-darmoirie-et-la-legende-du-medaillon\" \/>\n<meta property=\"og:site_name\" content=\"Atlantic Books\" \/>\n<meta property=\"article:modified_time\" content=\"2022-11-09T22:09:12+00:00\" \/>\n<meta property=\"og:image\" content=\"https:\/\/atlanticbooks.mystagingwebsite.com\/wp-content\/uploads\/2022\/09\/M-19_Lizzydarmoirieetlalegendedumedaillon_1.jpg\" \/>\n\t<meta property=\"og:image:width\" content=\"600\" \/>\n\t<meta property=\"og:image:height\" content=\"900\" \/>\n\t<meta property=\"og:image:type\" content=\"image\/jpeg\" \/>\n<meta name=\"twitter:card\" content=\"summary_large_image\" \/>\n<meta name=\"twitter:label1\" content=\"Dur\u00e9e de lecture estim\u00e9e\" \/>\n\t<meta name=\"twitter:data1\" content=\"1 minute\" \/>\n<script type=\"application\/ld+json\" class=\"yoast-schema-graph\">{\"@context\":\"https:\/\/schema.org\",\"@graph\":[{\"@type\":\"WebPage\",\"@id\":\"https:\/\/atlanticbooks.ca\/fr\/livres\/lizzy-darmoirie-et-la-legende-du-medaillon\",\"url\":\"https:\/\/atlanticbooks.ca\/fr\/livres\/lizzy-darmoirie-et-la-legende-du-medaillon\",\"name\":\"Lizzy d'Armoirie et la l\u00e9gende du m\u00e9daillon - Atlantic Books\",\"isPartOf\":{\"@id\":\"https:\/\/atlanticbooks.ca\/fr\/#website\"},\"primaryImageOfPage\":{\"@id\":\"https:\/\/atlanticbooks.ca\/fr\/livres\/lizzy-darmoirie-et-la-legende-du-medaillon#primaryimage\"},\"image\":{\"@id\":\"https:\/\/atlanticbooks.ca\/fr\/livres\/lizzy-darmoirie-et-la-legende-du-medaillon#primaryimage\"},\"thumbnailUrl\":\"https:\/\/atlanticbooks.ca\/wp-content\/uploads\/2022\/09\/M-19_Lizzydarmoirieetlalegendedumedaillon_1.jpg\",\"datePublished\":\"2022-09-19T20:31:07+00:00\",\"dateModified\":\"2022-11-09T22:09:12+00:00\",\"breadcrumb\":{\"@id\":\"https:\/\/atlanticbooks.ca\/fr\/livres\/lizzy-darmoirie-et-la-legende-du-medaillon#breadcrumb\"},\"inLanguage\":\"fr-FR\",\"potentialAction\":[{\"@type\":\"ReadAction\",\"target\":[\"https:\/\/atlanticbooks.ca\/fr\/livres\/lizzy-darmoirie-et-la-legende-du-medaillon\"]}]},{\"@type\":\"ImageObject\",\"inLanguage\":\"fr-FR\",\"@id\":\"https:\/\/atlanticbooks.ca\/fr\/livres\/lizzy-darmoirie-et-la-legende-du-medaillon#primaryimage\",\"url\":\"https:\/\/atlanticbooks.ca\/wp-content\/uploads\/2022\/09\/M-19_Lizzydarmoirieetlalegendedumedaillon_1.jpg\",\"contentUrl\":\"https:\/\/atlanticbooks.ca\/wp-content\/uploads\/2022\/09\/M-19_Lizzydarmoirieetlalegendedumedaillon_1.jpg\",\"width\":600,\"height\":900,\"caption\":\"Lizzy d'armoirie et la gente du medaillon\"},{\"@type\":\"BreadcrumbList\",\"@id\":\"https:\/\/atlanticbooks.ca\/fr\/livres\/lizzy-darmoirie-et-la-legende-du-medaillon#breadcrumb\",\"itemListElement\":[{\"@type\":\"ListItem\",\"position\":1,\"name\":\"Domicile\",\"item\":\"https:\/\/atlanticbooks.ca\/fr\"},{\"@type\":\"ListItem\",\"position\":2,\"name\":\"Collections\",\"item\":\"https:\/\/atlanticbooks.ca\/fr\/collections\"},{\"@type\":\"ListItem\",\"position\":3,\"name\":\"Lizzy d&#8217;Armoirie et la l\u00e9gende du m\u00e9daillon\"}]},{\"@type\":\"WebSite\",\"@id\":\"https:\/\/atlanticbooks.ca\/fr\/#website\",\"url\":\"https:\/\/atlanticbooks.ca\/fr\/\",\"name\":\"Atlantic Books\",\"description\":\"Atlantic Books\",\"publisher\":{\"@id\":\"https:\/\/atlanticbooks.ca\/fr\/#organization\"},\"potentialAction\":[{\"@type\":\"SearchAction\",\"target\":{\"@type\":\"EntryPoint\",\"urlTemplate\":\"https:\/\/atlanticbooks.ca\/fr\/?s={search_term_string}\"},\"query-input\":{\"@type\":\"PropertyValueSpecification\",\"valueRequired\":true,\"valueName\":\"search_term_string\"}}],\"inLanguage\":\"fr-FR\"},{\"@type\":\"Organization\",\"@id\":\"https:\/\/atlanticbooks.ca\/fr\/#organization\",\"name\":\"Atlantic Books\",\"url\":\"https:\/\/atlanticbooks.ca\/fr\/\",\"logo\":{\"@type\":\"ImageObject\",\"inLanguage\":\"fr-FR\",\"@id\":\"https:\/\/atlanticbooks.ca\/fr\/#\/schema\/logo\/image\/\",\"url\":\"https:\/\/atlanticbooks.ca\/wp-content\/uploads\/2020\/10\/atlantic-books-logo.png\",\"contentUrl\":\"https:\/\/atlanticbooks.ca\/wp-content\/uploads\/2020\/10\/atlantic-books-logo.png\",\"width\":566,\"height\":111,\"caption\":\"Atlantic Books\"},\"image\":{\"@id\":\"https:\/\/atlanticbooks.ca\/fr\/#\/schema\/logo\/image\/\"}}]}<\/script>\n<!-- \/ Yoast SEO plugin. -->","yoast_head_json":{"title":"Lizzy d'Armoirie et la l\u00e9gende du m\u00e9daillon - Atlantic Books","robots":{"index":"index","follow":"follow","max-snippet":"max-snippet:-1","max-image-preview":"max-image-preview:large","max-video-preview":"max-video-preview:-1"},"canonical":"https:\/\/atlanticbooks.ca\/fr\/livres\/lizzy-darmoirie-et-la-legende-du-medaillon","og_locale":"fr_FR","og_type":"article","og_title":"Lizzy d'Armoirie et la l\u00e9gende du m\u00e9daillon - Atlantic Books","og_description":"Il y a tr\u00e8s longtemps, dans un monde parall\u00e8le au n\u00f4tre, la Grande Gouverneure-Commodore de l\u2019Armoirie perdit dans la mer un pr\u00e9cieux m\u00e9daillon permettant de passer du Monde Parall\u00e8le au [&hellip;]","og_url":"https:\/\/atlanticbooks.ca\/fr\/livres\/lizzy-darmoirie-et-la-legende-du-medaillon","og_site_name":"Atlantic Books","article_modified_time":"2022-11-09T22:09:12+00:00","og_image":[{"width":600,"height":900,"url":"https:\/\/atlanticbooks.mystagingwebsite.com\/wp-content\/uploads\/2022\/09\/M-19_Lizzydarmoirieetlalegendedumedaillon_1.jpg","type":"image\/jpeg"}],"twitter_card":"summary_large_image","twitter_misc":{"Dur\u00e9e de lecture estim\u00e9e":"1 minute"},"schema":{"@context":"https:\/\/schema.org","@graph":[{"@type":"WebPage","@id":"https:\/\/atlanticbooks.ca\/fr\/livres\/lizzy-darmoirie-et-la-legende-du-medaillon","url":"https:\/\/atlanticbooks.ca\/fr\/livres\/lizzy-darmoirie-et-la-legende-du-medaillon","name":"Lizzy d'Armoirie et la l\u00e9gende du m\u00e9daillon - Atlantic Books","isPartOf":{"@id":"https:\/\/atlanticbooks.ca\/fr\/#website"},"primaryImageOfPage":{"@id":"https:\/\/atlanticbooks.ca\/fr\/livres\/lizzy-darmoirie-et-la-legende-du-medaillon#primaryimage"},"image":{"@id":"https:\/\/atlanticbooks.ca\/fr\/livres\/lizzy-darmoirie-et-la-legende-du-medaillon#primaryimage"},"thumbnailUrl":"https:\/\/atlanticbooks.ca\/wp-content\/uploads\/2022\/09\/M-19_Lizzydarmoirieetlalegendedumedaillon_1.jpg","datePublished":"2022-09-19T20:31:07+00:00","dateModified":"2022-11-09T22:09:12+00:00","breadcrumb":{"@id":"https:\/\/atlanticbooks.ca\/fr\/livres\/lizzy-darmoirie-et-la-legende-du-medaillon#breadcrumb"},"inLanguage":"fr-FR","potentialAction":[{"@type":"ReadAction","target":["https:\/\/atlanticbooks.ca\/fr\/livres\/lizzy-darmoirie-et-la-legende-du-medaillon"]}]},{"@type":"ImageObject","inLanguage":"fr-FR","@id":"https:\/\/atlanticbooks.ca\/fr\/livres\/lizzy-darmoirie-et-la-legende-du-medaillon#primaryimage","url":"https:\/\/atlanticbooks.ca\/wp-content\/uploads\/2022\/09\/M-19_Lizzydarmoirieetlalegendedumedaillon_1.jpg","contentUrl":"https:\/\/atlanticbooks.ca\/wp-content\/uploads\/2022\/09\/M-19_Lizzydarmoirieetlalegendedumedaillon_1.jpg","width":600,"height":900,"caption":"Lizzy d'armoirie et la gente du medaillon"},{"@type":"BreadcrumbList","@id":"https:\/\/atlanticbooks.ca\/fr\/livres\/lizzy-darmoirie-et-la-legende-du-medaillon#breadcrumb","itemListElement":[{"@type":"ListItem","position":1,"name":"Domicile","item":"https:\/\/atlanticbooks.ca\/fr"},{"@type":"ListItem","position":2,"name":"Collections","item":"https:\/\/atlanticbooks.ca\/fr\/collections"},{"@type":"ListItem","position":3,"name":"Lizzy d&#8217;Armoirie et la l\u00e9gende du m\u00e9daillon"}]},{"@type":"WebSite","@id":"https:\/\/atlanticbooks.ca\/fr\/#website","url":"https:\/\/atlanticbooks.ca\/fr\/","name":"Atlantic Books","description":"Atlantic Books","publisher":{"@id":"https:\/\/atlanticbooks.ca\/fr\/#organization"},"potentialAction":[{"@type":"SearchAction","target":{"@type":"EntryPoint","urlTemplate":"https:\/\/atlanticbooks.ca\/fr\/?s={search_term_string}"},"query-input":{"@type":"PropertyValueSpecification","valueRequired":true,"valueName":"search_term_string"}}],"inLanguage":"fr-FR"},{"@type":"Organization","@id":"https:\/\/atlanticbooks.ca\/fr\/#organization","name":"Atlantic Books","url":"https:\/\/atlanticbooks.ca\/fr\/","logo":{"@type":"ImageObject","inLanguage":"fr-FR","@id":"https:\/\/atlanticbooks.ca\/fr\/#\/schema\/logo\/image\/","url":"https:\/\/atlanticbooks.ca\/wp-content\/uploads\/2020\/10\/atlantic-books-logo.png","contentUrl":"https:\/\/atlanticbooks.ca\/wp-content\/uploads\/2020\/10\/atlantic-books-logo.png","width":566,"height":111,"caption":"Atlantic Books"},"image":{"@id":"https:\/\/atlanticbooks.ca\/fr\/#\/schema\/logo\/image\/"}}]}},"_links":{"self":[{"href":"https:\/\/atlanticbooks.ca\/fr\/wp-json\/wp\/v2\/product\/62973","targetHints":{"allow":["GET"]}}],"collection":[{"href":"https:\/\/atlanticbooks.ca\/fr\/wp-json\/wp\/v2\/product"}],"about":[{"href":"https:\/\/atlanticbooks.ca\/fr\/wp-json\/wp\/v2\/types\/product"}],"wp:featuredmedia":[{"embeddable":true,"href":"https:\/\/atlanticbooks.ca\/fr\/wp-json\/wp\/v2\/media\/67448"}],"wp:attachment":[{"href":"https:\/\/atlanticbooks.ca\/fr\/wp-json\/wp\/v2\/media?parent=62973"}],"wp:term":[{"taxonomy":"product_brand","embeddable":true,"href":"https:\/\/atlanticbooks.ca\/fr\/wp-json\/wp\/v2\/product_brand?post=62973"},{"taxonomy":"product_cat","embeddable":true,"href":"https:\/\/atlanticbooks.ca\/fr\/wp-json\/wp\/v2\/product_cat?post=62973"},{"taxonomy":"product_tag","embeddable":true,"href":"https:\/\/atlanticbooks.ca\/fr\/wp-json\/wp\/v2\/product_tag?post=62973"}],"curies":[{"name":"wp","href":"https:\/\/api.w.org\/{rel}","templated":true}]}}