{"id":62971,"date":"2022-09-19T20:31:22","date_gmt":"2022-09-19T20:31:22","guid":{"rendered":"https:\/\/atlanticbooks.ca\/books\/petit-paul\/"},"modified":"2023-01-04T18:51:15","modified_gmt":"2023-01-04T18:51:15","slug":"petit-paul","status":"publish","type":"product","link":"https:\/\/atlanticbooks.ca\/fr\/livres\/petit-paul","title":{"rendered":"Petit Paul"},"content":{"rendered":"<p>Avec humour et vivacit\u00e9, l&rsquo;album Petit Paul relate l&rsquo;arriv\u00e9e au Canada de l&rsquo;auteur alors qu&rsquo;il \u00e9tait \u00e2g\u00e9 de 8 ans. Les jeunes lecteurs y d\u00e9couvriront les emb\u00fbches du d\u00e9racinement et le plaisir de d\u00e9couvrir un nouveau monde.<\/p>\n","protected":false},"excerpt":{"rendered":"<p>Avec humour et vivacit\u00e9, l&rsquo;album Petit Paul relate l&rsquo;arriv\u00e9e au Canada de l&rsquo;auteur alors qu&rsquo;il \u00e9tait \u00e2g\u00e9 de 8 ans. Les jeunes lecteurs y d\u00e9couvriront les emb\u00fbches du d\u00e9racinement et [&hellip;]<\/p>\n","protected":false},"featured_media":67440,"template":"","meta":{"_genesis_hide_title":false,"_genesis_hide_breadcrumbs":false,"_genesis_hide_singular_image":false,"_genesis_hide_footer_widgets":false,"_genesis_custom_body_class":"","_genesis_custom_post_class":"","_genesis_layout":""},"product_brand":[],"product_cat":[12776],"product_tag":[],"class_list":{"0":"post-62971","1":"product","2":"type-product","3":"status-publish","4":"has-post-thumbnail","5":"product_language-fre","6":"product_reading_range-8-fr","7":"product_reading_range-7-fr","8":"product_reading_range-5-fr","9":"product_reading_range-6-fr","10":"product_interest_range-5-fr","11":"product_interest_range-6-fr","12":"product_interest_range-7-fr","13":"product_interest_range-8-fr","14":"product_grade_range-kindergarten-fr","15":"product_grade_range-first-grade-fr","16":"product_grade_range-second-grade-fr","17":"product_grade_range-third-grade-fr","18":"product_curriculumsubject-francais-programmes-detudes-fr","19":"product_curriculumsubject-immersion-2-fr","20":"product_curriculumsubject-core-french-fr","21":"product_curriculumsubject-francais-arts-langagiers-fr","22":"product_curriculumsubject-francais-arts-langagiers-im-fr","23":"product_edi_author-french-canadian-author-fr","24":"product_edi_publisher-acadian-publisher-copy","25":"product_edi_publisher-french-canadian-publisher-copy","26":"product_edi_languages-francais-fr","27":"product_nssbb-immersion-curriculum-subjects-fr","28":"product_nssbb-immersion-precoce-francais-arts-langagiers-2-im-fr","29":"product_nssbb_approved-nssbb-approved","30":"biblio_share_tag-juvenile-fiction-fr","31":"product_cat-abc-fr-2","32":"product_shipping_class-abc-test-fr","33":"entry","35":"first","36":"instock","37":"taxable","38":"shipping-taxable","39":"purchasable","40":"product-type-simple"},"yoast_head":"<!-- This site is optimized with the Yoast SEO plugin v24.0 - https:\/\/yoast.com\/wordpress\/plugins\/seo\/ -->\n<title>Petit Paul - Atlantic Books<\/title>\n<meta name=\"robots\" content=\"index, follow, max-snippet:-1, max-image-preview:large, max-video-preview:-1\" \/>\n<link rel=\"canonical\" href=\"https:\/\/atlanticbooks.ca\/fr\/livres\/petit-paul\" \/>\n<meta property=\"og:locale\" content=\"fr_FR\" \/>\n<meta property=\"og:type\" content=\"article\" \/>\n<meta property=\"og:title\" content=\"Petit Paul - Atlantic Books\" \/>\n<meta property=\"og:description\" content=\"Avec humour et vivacit\u00e9, l&rsquo;album Petit Paul relate l&rsquo;arriv\u00e9e au Canada de l&rsquo;auteur alors qu&rsquo;il \u00e9tait \u00e2g\u00e9 de 8 ans. Les jeunes lecteurs y d\u00e9couvriront les emb\u00fbches du d\u00e9racinement et [&hellip;]\" \/>\n<meta property=\"og:url\" content=\"https:\/\/atlanticbooks.ca\/fr\/livres\/petit-paul\" \/>\n<meta property=\"og:site_name\" content=\"Atlantic Books\" \/>\n<meta property=\"article:modified_time\" content=\"2023-01-04T18:51:15+00:00\" \/>\n<meta property=\"og:image\" content=\"https:\/\/atlanticbooks.mystagingwebsite.com\/wp-content\/uploads\/2022\/09\/GB-01_Petitpaul_1.jpg\" \/>\n\t<meta property=\"og:image:width\" content=\"1200\" \/>\n\t<meta property=\"og:image:height\" content=\"1200\" \/>\n\t<meta property=\"og:image:type\" content=\"image\/jpeg\" \/>\n<meta name=\"twitter:card\" content=\"summary_large_image\" \/>\n<script type=\"application\/ld+json\" class=\"yoast-schema-graph\">{\"@context\":\"https:\/\/schema.org\",\"@graph\":[{\"@type\":\"WebPage\",\"@id\":\"https:\/\/atlanticbooks.ca\/fr\/livres\/petit-paul\",\"url\":\"https:\/\/atlanticbooks.ca\/fr\/livres\/petit-paul\",\"name\":\"Petit Paul - Atlantic Books\",\"isPartOf\":{\"@id\":\"https:\/\/atlanticbooks.ca\/fr\/#website\"},\"primaryImageOfPage\":{\"@id\":\"https:\/\/atlanticbooks.ca\/fr\/livres\/petit-paul#primaryimage\"},\"image\":{\"@id\":\"https:\/\/atlanticbooks.ca\/fr\/livres\/petit-paul#primaryimage\"},\"thumbnailUrl\":\"https:\/\/atlanticbooks.ca\/wp-content\/uploads\/2022\/09\/GB-01_Petitpaul_1.jpg\",\"datePublished\":\"2022-09-19T20:31:22+00:00\",\"dateModified\":\"2023-01-04T18:51:15+00:00\",\"breadcrumb\":{\"@id\":\"https:\/\/atlanticbooks.ca\/fr\/livres\/petit-paul#breadcrumb\"},\"inLanguage\":\"fr-FR\",\"potentialAction\":[{\"@type\":\"ReadAction\",\"target\":[\"https:\/\/atlanticbooks.ca\/fr\/livres\/petit-paul\"]}]},{\"@type\":\"ImageObject\",\"inLanguage\":\"fr-FR\",\"@id\":\"https:\/\/atlanticbooks.ca\/fr\/livres\/petit-paul#primaryimage\",\"url\":\"https:\/\/atlanticbooks.ca\/wp-content\/uploads\/2022\/09\/GB-01_Petitpaul_1.jpg\",\"contentUrl\":\"https:\/\/atlanticbooks.ca\/wp-content\/uploads\/2022\/09\/GB-01_Petitpaul_1.jpg\",\"width\":1200,\"height\":1200,\"caption\":\"Petit Paul cover\"},{\"@type\":\"BreadcrumbList\",\"@id\":\"https:\/\/atlanticbooks.ca\/fr\/livres\/petit-paul#breadcrumb\",\"itemListElement\":[{\"@type\":\"ListItem\",\"position\":1,\"name\":\"Domicile\",\"item\":\"https:\/\/atlanticbooks.ca\/fr\"},{\"@type\":\"ListItem\",\"position\":2,\"name\":\"Collections\",\"item\":\"https:\/\/atlanticbooks.ca\/fr\/collections\"},{\"@type\":\"ListItem\",\"position\":3,\"name\":\"Petit Paul\"}]},{\"@type\":\"WebSite\",\"@id\":\"https:\/\/atlanticbooks.ca\/fr\/#website\",\"url\":\"https:\/\/atlanticbooks.ca\/fr\/\",\"name\":\"Atlantic Books\",\"description\":\"Atlantic Books\",\"publisher\":{\"@id\":\"https:\/\/atlanticbooks.ca\/fr\/#organization\"},\"potentialAction\":[{\"@type\":\"SearchAction\",\"target\":{\"@type\":\"EntryPoint\",\"urlTemplate\":\"https:\/\/atlanticbooks.ca\/fr\/?s={search_term_string}\"},\"query-input\":{\"@type\":\"PropertyValueSpecification\",\"valueRequired\":true,\"valueName\":\"search_term_string\"}}],\"inLanguage\":\"fr-FR\"},{\"@type\":\"Organization\",\"@id\":\"https:\/\/atlanticbooks.ca\/fr\/#organization\",\"name\":\"Atlantic Books\",\"url\":\"https:\/\/atlanticbooks.ca\/fr\/\",\"logo\":{\"@type\":\"ImageObject\",\"inLanguage\":\"fr-FR\",\"@id\":\"https:\/\/atlanticbooks.ca\/fr\/#\/schema\/logo\/image\/\",\"url\":\"https:\/\/atlanticbooks.ca\/wp-content\/uploads\/2020\/10\/atlantic-books-logo.png\",\"contentUrl\":\"https:\/\/atlanticbooks.ca\/wp-content\/uploads\/2020\/10\/atlantic-books-logo.png\",\"width\":566,\"height\":111,\"caption\":\"Atlantic Books\"},\"image\":{\"@id\":\"https:\/\/atlanticbooks.ca\/fr\/#\/schema\/logo\/image\/\"}}]}<\/script>\n<!-- \/ Yoast SEO plugin. -->","yoast_head_json":{"title":"Petit Paul - Atlantic Books","robots":{"index":"index","follow":"follow","max-snippet":"max-snippet:-1","max-image-preview":"max-image-preview:large","max-video-preview":"max-video-preview:-1"},"canonical":"https:\/\/atlanticbooks.ca\/fr\/livres\/petit-paul","og_locale":"fr_FR","og_type":"article","og_title":"Petit Paul - Atlantic Books","og_description":"Avec humour et vivacit\u00e9, l&rsquo;album Petit Paul relate l&rsquo;arriv\u00e9e au Canada de l&rsquo;auteur alors qu&rsquo;il \u00e9tait \u00e2g\u00e9 de 8 ans. Les jeunes lecteurs y d\u00e9couvriront les emb\u00fbches du d\u00e9racinement et [&hellip;]","og_url":"https:\/\/atlanticbooks.ca\/fr\/livres\/petit-paul","og_site_name":"Atlantic Books","article_modified_time":"2023-01-04T18:51:15+00:00","og_image":[{"width":1200,"height":1200,"url":"https:\/\/atlanticbooks.mystagingwebsite.com\/wp-content\/uploads\/2022\/09\/GB-01_Petitpaul_1.jpg","type":"image\/jpeg"}],"twitter_card":"summary_large_image","schema":{"@context":"https:\/\/schema.org","@graph":[{"@type":"WebPage","@id":"https:\/\/atlanticbooks.ca\/fr\/livres\/petit-paul","url":"https:\/\/atlanticbooks.ca\/fr\/livres\/petit-paul","name":"Petit Paul - Atlantic Books","isPartOf":{"@id":"https:\/\/atlanticbooks.ca\/fr\/#website"},"primaryImageOfPage":{"@id":"https:\/\/atlanticbooks.ca\/fr\/livres\/petit-paul#primaryimage"},"image":{"@id":"https:\/\/atlanticbooks.ca\/fr\/livres\/petit-paul#primaryimage"},"thumbnailUrl":"https:\/\/atlanticbooks.ca\/wp-content\/uploads\/2022\/09\/GB-01_Petitpaul_1.jpg","datePublished":"2022-09-19T20:31:22+00:00","dateModified":"2023-01-04T18:51:15+00:00","breadcrumb":{"@id":"https:\/\/atlanticbooks.ca\/fr\/livres\/petit-paul#breadcrumb"},"inLanguage":"fr-FR","potentialAction":[{"@type":"ReadAction","target":["https:\/\/atlanticbooks.ca\/fr\/livres\/petit-paul"]}]},{"@type":"ImageObject","inLanguage":"fr-FR","@id":"https:\/\/atlanticbooks.ca\/fr\/livres\/petit-paul#primaryimage","url":"https:\/\/atlanticbooks.ca\/wp-content\/uploads\/2022\/09\/GB-01_Petitpaul_1.jpg","contentUrl":"https:\/\/atlanticbooks.ca\/wp-content\/uploads\/2022\/09\/GB-01_Petitpaul_1.jpg","width":1200,"height":1200,"caption":"Petit Paul cover"},{"@type":"BreadcrumbList","@id":"https:\/\/atlanticbooks.ca\/fr\/livres\/petit-paul#breadcrumb","itemListElement":[{"@type":"ListItem","position":1,"name":"Domicile","item":"https:\/\/atlanticbooks.ca\/fr"},{"@type":"ListItem","position":2,"name":"Collections","item":"https:\/\/atlanticbooks.ca\/fr\/collections"},{"@type":"ListItem","position":3,"name":"Petit Paul"}]},{"@type":"WebSite","@id":"https:\/\/atlanticbooks.ca\/fr\/#website","url":"https:\/\/atlanticbooks.ca\/fr\/","name":"Atlantic Books","description":"Atlantic Books","publisher":{"@id":"https:\/\/atlanticbooks.ca\/fr\/#organization"},"potentialAction":[{"@type":"SearchAction","target":{"@type":"EntryPoint","urlTemplate":"https:\/\/atlanticbooks.ca\/fr\/?s={search_term_string}"},"query-input":{"@type":"PropertyValueSpecification","valueRequired":true,"valueName":"search_term_string"}}],"inLanguage":"fr-FR"},{"@type":"Organization","@id":"https:\/\/atlanticbooks.ca\/fr\/#organization","name":"Atlantic Books","url":"https:\/\/atlanticbooks.ca\/fr\/","logo":{"@type":"ImageObject","inLanguage":"fr-FR","@id":"https:\/\/atlanticbooks.ca\/fr\/#\/schema\/logo\/image\/","url":"https:\/\/atlanticbooks.ca\/wp-content\/uploads\/2020\/10\/atlantic-books-logo.png","contentUrl":"https:\/\/atlanticbooks.ca\/wp-content\/uploads\/2020\/10\/atlantic-books-logo.png","width":566,"height":111,"caption":"Atlantic Books"},"image":{"@id":"https:\/\/atlanticbooks.ca\/fr\/#\/schema\/logo\/image\/"}}]}},"_links":{"self":[{"href":"https:\/\/atlanticbooks.ca\/fr\/wp-json\/wp\/v2\/product\/62971","targetHints":{"allow":["GET"]}}],"collection":[{"href":"https:\/\/atlanticbooks.ca\/fr\/wp-json\/wp\/v2\/product"}],"about":[{"href":"https:\/\/atlanticbooks.ca\/fr\/wp-json\/wp\/v2\/types\/product"}],"wp:featuredmedia":[{"embeddable":true,"href":"https:\/\/atlanticbooks.ca\/fr\/wp-json\/wp\/v2\/media\/67440"}],"wp:attachment":[{"href":"https:\/\/atlanticbooks.ca\/fr\/wp-json\/wp\/v2\/media?parent=62971"}],"wp:term":[{"taxonomy":"product_brand","embeddable":true,"href":"https:\/\/atlanticbooks.ca\/fr\/wp-json\/wp\/v2\/product_brand?post=62971"},{"taxonomy":"product_cat","embeddable":true,"href":"https:\/\/atlanticbooks.ca\/fr\/wp-json\/wp\/v2\/product_cat?post=62971"},{"taxonomy":"product_tag","embeddable":true,"href":"https:\/\/atlanticbooks.ca\/fr\/wp-json\/wp\/v2\/product_tag?post=62971"}],"curies":[{"name":"wp","href":"https:\/\/api.w.org\/{rel}","templated":true}]}}