{"id":62965,"date":"2022-09-19T20:31:36","date_gmt":"2022-09-19T20:31:36","guid":{"rendered":"https:\/\/atlanticbooks.ca\/books\/qui-est-le-plus-fort-reedition\/"},"modified":"2022-11-09T22:09:29","modified_gmt":"2022-11-09T22:09:29","slug":"qui-est-le-plus-fort-reedition","status":"publish","type":"product","link":"https:\/\/atlanticbooks.ca\/fr\/livres\/qui-est-le-plus-fort-reedition","title":{"rendered":"Qui est le plus fort ? &#8211; r\u00e9\u00e9dition"},"content":{"rendered":"<p>Ce n\u2019est pas parce qu\u2019on est petit qu\u2019on ne peut pas \u00eatre\u2026 le plus fort !<\/p>\n<p>Cette fable traditionnelle cadienne, recueillie en 1973 par l\u2019auteur, Barry Jean Ancelet, retrouve ici toute sa fra\u00eecheur primesauti\u00e8re. Apr\u00e8s une premi\u00e8re adaptation en 1999 chez Bouton d\u2019or Acadie, l\u2019illustrateur Jo\u00ebl Boudreau s\u2019est remis \u00e0 sa table \u00e0 dessin, avec des r\u00e9sultats extraordinaires ! Cet album est agr\u00e9ment\u00e9 d\u2019un CD, o\u00f9 Barry Jean Ancelet (de Lafayette, LA) r\u00e9cite d\u2019un trait cette<br \/>\nritournelle vire-langue. Les multiples percussions de Glen Deveau donnent vie aux divers concurrents de cette \u00e9preuve de force. Alors, qui est le plus fort : l\u2019auteur, le musicien ou l\u2019illustrateur\u2009?<\/p>\n<p>\u00c0 moins que ce ne soit toi, lecteur : si tu r\u00e9ussis \u00e0 r\u00e9citer par c\u0153ur \u00ab Qui est le plus fort ? \u00bb sans \u00e9clater de rire !<\/p>\n","protected":false},"excerpt":{"rendered":"<p>Ce n\u2019est pas parce qu\u2019on est petit qu\u2019on ne peut pas \u00eatre\u2026 le plus fort ! Cette fable traditionnelle cadienne, recueillie en 1973 par l\u2019auteur, Barry Jean Ancelet, retrouve ici [&hellip;]<\/p>\n","protected":false},"featured_media":67438,"template":"","meta":{"_genesis_hide_title":false,"_genesis_hide_breadcrumbs":false,"_genesis_hide_singular_image":false,"_genesis_hide_footer_widgets":false,"_genesis_custom_body_class":"","_genesis_custom_post_class":"","_genesis_layout":""},"product_brand":[],"product_cat":[10712],"product_tag":[],"class_list":{"0":"post-62965","1":"product","2":"type-product","3":"status-publish","4":"has-post-thumbnail","5":"product_language-fre","6":"product_reading_range-12717","7":"product_reading_range-12729","8":"product_reading_range-12756","9":"product_reading_range-12757","10":"product_interest_range-12709","11":"product_interest_range-12710","12":"product_interest_range-12711","13":"product_interest_range-12712","14":"product_grade_range-kindergarten","15":"product_grade_range-first-grade","16":"product_grade_range-second-grade","17":"product_grade_range-third-grade","18":"product_curriculumsubject-francais-programmes-detudes","19":"product_curriculumsubject-immersion-2","20":"product_curriculumsubject-core-french","21":"product_curriculumsubject-francais-arts-langagiers-2","22":"product_curriculumsubject-francais-arts-langagiers","23":"product_curriculumsubject-sciences-humaines-immersion-2","24":"product_curriculumsubject-sciences-humaines","25":"product_edi_author-french-canadian-author","26":"product_edi_publisher-acadian-publisher","27":"product_edi_publisher-french-canadian-publisher","28":"product_edi_languages-french-language","29":"biblio_share_tag-juvenile-fiction","30":"product_cat-abc","31":"product_shipping_class-abc-test","32":"entry","34":"first","35":"instock","36":"taxable","37":"shipping-taxable","38":"purchasable","39":"product-type-simple"},"yoast_head":"<!-- This site is optimized with the Yoast SEO plugin v24.0 - https:\/\/yoast.com\/wordpress\/plugins\/seo\/ -->\n<title>Qui est le plus fort ? - r\u00e9\u00e9dition - Atlantic Books<\/title>\n<meta name=\"robots\" content=\"index, follow, max-snippet:-1, max-image-preview:large, max-video-preview:-1\" \/>\n<link rel=\"canonical\" href=\"https:\/\/atlanticbooks.ca\/fr\/livres\/qui-est-le-plus-fort-reedition\" \/>\n<meta property=\"og:locale\" content=\"fr_FR\" \/>\n<meta property=\"og:type\" content=\"article\" \/>\n<meta property=\"og:title\" content=\"Qui est le plus fort ? - r\u00e9\u00e9dition - Atlantic Books\" \/>\n<meta property=\"og:description\" content=\"Ce n\u2019est pas parce qu\u2019on est petit qu\u2019on ne peut pas \u00eatre\u2026 le plus fort ! Cette fable traditionnelle cadienne, recueillie en 1973 par l\u2019auteur, Barry Jean Ancelet, retrouve ici [&hellip;]\" \/>\n<meta property=\"og:url\" content=\"https:\/\/atlanticbooks.ca\/fr\/livres\/qui-est-le-plus-fort-reedition\" \/>\n<meta property=\"og:site_name\" content=\"Atlantic Books\" \/>\n<meta property=\"article:modified_time\" content=\"2022-11-09T22:09:29+00:00\" \/>\n<meta property=\"og:image\" content=\"https:\/\/atlanticbooks.mystagingwebsite.com\/wp-content\/uploads\/2022\/09\/PR-01_Quiestleplusfort_1.jpg\" \/>\n\t<meta property=\"og:image:width\" content=\"900\" \/>\n\t<meta property=\"og:image:height\" content=\"900\" \/>\n\t<meta property=\"og:image:type\" content=\"image\/jpeg\" \/>\n<meta name=\"twitter:card\" content=\"summary_large_image\" \/>\n<meta name=\"twitter:label1\" content=\"Dur\u00e9e de lecture estim\u00e9e\" \/>\n\t<meta name=\"twitter:data1\" content=\"1 minute\" \/>\n<script type=\"application\/ld+json\" class=\"yoast-schema-graph\">{\"@context\":\"https:\/\/schema.org\",\"@graph\":[{\"@type\":\"WebPage\",\"@id\":\"https:\/\/atlanticbooks.ca\/fr\/livres\/qui-est-le-plus-fort-reedition\",\"url\":\"https:\/\/atlanticbooks.ca\/fr\/livres\/qui-est-le-plus-fort-reedition\",\"name\":\"Qui est le plus fort ? - r\u00e9\u00e9dition - Atlantic Books\",\"isPartOf\":{\"@id\":\"https:\/\/atlanticbooks.ca\/fr\/#website\"},\"primaryImageOfPage\":{\"@id\":\"https:\/\/atlanticbooks.ca\/fr\/livres\/qui-est-le-plus-fort-reedition#primaryimage\"},\"image\":{\"@id\":\"https:\/\/atlanticbooks.ca\/fr\/livres\/qui-est-le-plus-fort-reedition#primaryimage\"},\"thumbnailUrl\":\"https:\/\/atlanticbooks.ca\/wp-content\/uploads\/2022\/09\/PR-01_Quiestleplusfort_1.jpg\",\"datePublished\":\"2022-09-19T20:31:36+00:00\",\"dateModified\":\"2022-11-09T22:09:29+00:00\",\"breadcrumb\":{\"@id\":\"https:\/\/atlanticbooks.ca\/fr\/livres\/qui-est-le-plus-fort-reedition#breadcrumb\"},\"inLanguage\":\"fr-FR\",\"potentialAction\":[{\"@type\":\"ReadAction\",\"target\":[\"https:\/\/atlanticbooks.ca\/fr\/livres\/qui-est-le-plus-fort-reedition\"]}]},{\"@type\":\"ImageObject\",\"inLanguage\":\"fr-FR\",\"@id\":\"https:\/\/atlanticbooks.ca\/fr\/livres\/qui-est-le-plus-fort-reedition#primaryimage\",\"url\":\"https:\/\/atlanticbooks.ca\/wp-content\/uploads\/2022\/09\/PR-01_Quiestleplusfort_1.jpg\",\"contentUrl\":\"https:\/\/atlanticbooks.ca\/wp-content\/uploads\/2022\/09\/PR-01_Quiestleplusfort_1.jpg\",\"width\":900,\"height\":900,\"caption\":\"Qui est la plus forte cover\"},{\"@type\":\"BreadcrumbList\",\"@id\":\"https:\/\/atlanticbooks.ca\/fr\/livres\/qui-est-le-plus-fort-reedition#breadcrumb\",\"itemListElement\":[{\"@type\":\"ListItem\",\"position\":1,\"name\":\"Domicile\",\"item\":\"https:\/\/atlanticbooks.ca\/fr\"},{\"@type\":\"ListItem\",\"position\":2,\"name\":\"Collections\",\"item\":\"https:\/\/atlanticbooks.ca\/fr\/collections\"},{\"@type\":\"ListItem\",\"position\":3,\"name\":\"Qui est le plus fort ? &#8211; r\u00e9\u00e9dition\"}]},{\"@type\":\"WebSite\",\"@id\":\"https:\/\/atlanticbooks.ca\/fr\/#website\",\"url\":\"https:\/\/atlanticbooks.ca\/fr\/\",\"name\":\"Atlantic Books\",\"description\":\"Atlantic Books\",\"publisher\":{\"@id\":\"https:\/\/atlanticbooks.ca\/fr\/#organization\"},\"potentialAction\":[{\"@type\":\"SearchAction\",\"target\":{\"@type\":\"EntryPoint\",\"urlTemplate\":\"https:\/\/atlanticbooks.ca\/fr\/?s={search_term_string}\"},\"query-input\":{\"@type\":\"PropertyValueSpecification\",\"valueRequired\":true,\"valueName\":\"search_term_string\"}}],\"inLanguage\":\"fr-FR\"},{\"@type\":\"Organization\",\"@id\":\"https:\/\/atlanticbooks.ca\/fr\/#organization\",\"name\":\"Atlantic Books\",\"url\":\"https:\/\/atlanticbooks.ca\/fr\/\",\"logo\":{\"@type\":\"ImageObject\",\"inLanguage\":\"fr-FR\",\"@id\":\"https:\/\/atlanticbooks.ca\/fr\/#\/schema\/logo\/image\/\",\"url\":\"https:\/\/atlanticbooks.ca\/wp-content\/uploads\/2020\/10\/atlantic-books-logo.png\",\"contentUrl\":\"https:\/\/atlanticbooks.ca\/wp-content\/uploads\/2020\/10\/atlantic-books-logo.png\",\"width\":566,\"height\":111,\"caption\":\"Atlantic Books\"},\"image\":{\"@id\":\"https:\/\/atlanticbooks.ca\/fr\/#\/schema\/logo\/image\/\"}}]}<\/script>\n<!-- \/ Yoast SEO plugin. -->","yoast_head_json":{"title":"Qui est le plus fort ? - r\u00e9\u00e9dition - Atlantic Books","robots":{"index":"index","follow":"follow","max-snippet":"max-snippet:-1","max-image-preview":"max-image-preview:large","max-video-preview":"max-video-preview:-1"},"canonical":"https:\/\/atlanticbooks.ca\/fr\/livres\/qui-est-le-plus-fort-reedition","og_locale":"fr_FR","og_type":"article","og_title":"Qui est le plus fort ? - r\u00e9\u00e9dition - Atlantic Books","og_description":"Ce n\u2019est pas parce qu\u2019on est petit qu\u2019on ne peut pas \u00eatre\u2026 le plus fort ! Cette fable traditionnelle cadienne, recueillie en 1973 par l\u2019auteur, Barry Jean Ancelet, retrouve ici [&hellip;]","og_url":"https:\/\/atlanticbooks.ca\/fr\/livres\/qui-est-le-plus-fort-reedition","og_site_name":"Atlantic Books","article_modified_time":"2022-11-09T22:09:29+00:00","og_image":[{"width":900,"height":900,"url":"https:\/\/atlanticbooks.mystagingwebsite.com\/wp-content\/uploads\/2022\/09\/PR-01_Quiestleplusfort_1.jpg","type":"image\/jpeg"}],"twitter_card":"summary_large_image","twitter_misc":{"Dur\u00e9e de lecture estim\u00e9e":"1 minute"},"schema":{"@context":"https:\/\/schema.org","@graph":[{"@type":"WebPage","@id":"https:\/\/atlanticbooks.ca\/fr\/livres\/qui-est-le-plus-fort-reedition","url":"https:\/\/atlanticbooks.ca\/fr\/livres\/qui-est-le-plus-fort-reedition","name":"Qui est le plus fort ? - r\u00e9\u00e9dition - Atlantic Books","isPartOf":{"@id":"https:\/\/atlanticbooks.ca\/fr\/#website"},"primaryImageOfPage":{"@id":"https:\/\/atlanticbooks.ca\/fr\/livres\/qui-est-le-plus-fort-reedition#primaryimage"},"image":{"@id":"https:\/\/atlanticbooks.ca\/fr\/livres\/qui-est-le-plus-fort-reedition#primaryimage"},"thumbnailUrl":"https:\/\/atlanticbooks.ca\/wp-content\/uploads\/2022\/09\/PR-01_Quiestleplusfort_1.jpg","datePublished":"2022-09-19T20:31:36+00:00","dateModified":"2022-11-09T22:09:29+00:00","breadcrumb":{"@id":"https:\/\/atlanticbooks.ca\/fr\/livres\/qui-est-le-plus-fort-reedition#breadcrumb"},"inLanguage":"fr-FR","potentialAction":[{"@type":"ReadAction","target":["https:\/\/atlanticbooks.ca\/fr\/livres\/qui-est-le-plus-fort-reedition"]}]},{"@type":"ImageObject","inLanguage":"fr-FR","@id":"https:\/\/atlanticbooks.ca\/fr\/livres\/qui-est-le-plus-fort-reedition#primaryimage","url":"https:\/\/atlanticbooks.ca\/wp-content\/uploads\/2022\/09\/PR-01_Quiestleplusfort_1.jpg","contentUrl":"https:\/\/atlanticbooks.ca\/wp-content\/uploads\/2022\/09\/PR-01_Quiestleplusfort_1.jpg","width":900,"height":900,"caption":"Qui est la plus forte cover"},{"@type":"BreadcrumbList","@id":"https:\/\/atlanticbooks.ca\/fr\/livres\/qui-est-le-plus-fort-reedition#breadcrumb","itemListElement":[{"@type":"ListItem","position":1,"name":"Domicile","item":"https:\/\/atlanticbooks.ca\/fr"},{"@type":"ListItem","position":2,"name":"Collections","item":"https:\/\/atlanticbooks.ca\/fr\/collections"},{"@type":"ListItem","position":3,"name":"Qui est le plus fort ? &#8211; r\u00e9\u00e9dition"}]},{"@type":"WebSite","@id":"https:\/\/atlanticbooks.ca\/fr\/#website","url":"https:\/\/atlanticbooks.ca\/fr\/","name":"Atlantic Books","description":"Atlantic Books","publisher":{"@id":"https:\/\/atlanticbooks.ca\/fr\/#organization"},"potentialAction":[{"@type":"SearchAction","target":{"@type":"EntryPoint","urlTemplate":"https:\/\/atlanticbooks.ca\/fr\/?s={search_term_string}"},"query-input":{"@type":"PropertyValueSpecification","valueRequired":true,"valueName":"search_term_string"}}],"inLanguage":"fr-FR"},{"@type":"Organization","@id":"https:\/\/atlanticbooks.ca\/fr\/#organization","name":"Atlantic Books","url":"https:\/\/atlanticbooks.ca\/fr\/","logo":{"@type":"ImageObject","inLanguage":"fr-FR","@id":"https:\/\/atlanticbooks.ca\/fr\/#\/schema\/logo\/image\/","url":"https:\/\/atlanticbooks.ca\/wp-content\/uploads\/2020\/10\/atlantic-books-logo.png","contentUrl":"https:\/\/atlanticbooks.ca\/wp-content\/uploads\/2020\/10\/atlantic-books-logo.png","width":566,"height":111,"caption":"Atlantic Books"},"image":{"@id":"https:\/\/atlanticbooks.ca\/fr\/#\/schema\/logo\/image\/"}}]}},"_links":{"self":[{"href":"https:\/\/atlanticbooks.ca\/fr\/wp-json\/wp\/v2\/product\/62965","targetHints":{"allow":["GET"]}}],"collection":[{"href":"https:\/\/atlanticbooks.ca\/fr\/wp-json\/wp\/v2\/product"}],"about":[{"href":"https:\/\/atlanticbooks.ca\/fr\/wp-json\/wp\/v2\/types\/product"}],"wp:featuredmedia":[{"embeddable":true,"href":"https:\/\/atlanticbooks.ca\/fr\/wp-json\/wp\/v2\/media\/67438"}],"wp:attachment":[{"href":"https:\/\/atlanticbooks.ca\/fr\/wp-json\/wp\/v2\/media?parent=62965"}],"wp:term":[{"taxonomy":"product_brand","embeddable":true,"href":"https:\/\/atlanticbooks.ca\/fr\/wp-json\/wp\/v2\/product_brand?post=62965"},{"taxonomy":"product_cat","embeddable":true,"href":"https:\/\/atlanticbooks.ca\/fr\/wp-json\/wp\/v2\/product_cat?post=62965"},{"taxonomy":"product_tag","embeddable":true,"href":"https:\/\/atlanticbooks.ca\/fr\/wp-json\/wp\/v2\/product_tag?post=62965"}],"curies":[{"name":"wp","href":"https:\/\/api.w.org\/{rel}","templated":true}]}}