{"id":62961,"date":"2022-09-19T20:31:50","date_gmt":"2022-09-19T20:31:50","guid":{"rendered":"https:\/\/atlanticbooks.ca\/books\/ti-jean-tete-dor\/"},"modified":"2022-11-09T22:09:43","modified_gmt":"2022-11-09T22:09:43","slug":"ti-jean-tete-dor","status":"publish","type":"product","link":"https:\/\/atlanticbooks.ca\/fr\/livres\/ti-jean-tete-dor","title":{"rendered":"Ti-Jean-T\u00eate-d\u2019Or"},"content":{"rendered":"<p>Ti-Jean repart \u00e0 l\u2019aventure sur la grande route, s\u2019arr\u00eatant de ch\u00e2teau en ch\u00e2teau pour y trouver du travail. Chaque nouvel emploi lui r\u00e9serve des \u00e9preuves qui semblent insurmontables. Mais Ti-Jean sait faire preuve de courage, de d\u00e9brouil\u00aclardise et de ruse. Ces qualit\u00e9s suffiront-elles pour qu\u2019il vienne \u00e0 bout de tous les obstacles qui se dressent sur son chemin ?<\/p>\n<p>Dans la lign\u00e9e des autres contes de Ti-Jean, chacun des cinq chapitres de ce livre raconte un nouvel \u00e9pisode tr\u00e9pidant dans la vie du jeune intr\u00e9pide.<\/p>\n","protected":false},"excerpt":{"rendered":"<p>Ti-Jean repart \u00e0 l\u2019aventure sur la grande route, s\u2019arr\u00eatant de ch\u00e2teau en ch\u00e2teau pour y trouver du travail. Chaque nouvel emploi lui r\u00e9serve des \u00e9preuves qui semblent insurmontables. Mais Ti-Jean [&hellip;]<\/p>\n","protected":false},"featured_media":67433,"template":"","meta":{"_genesis_hide_title":false,"_genesis_hide_breadcrumbs":false,"_genesis_hide_singular_image":false,"_genesis_hide_footer_widgets":false,"_genesis_custom_body_class":"","_genesis_custom_post_class":"","_genesis_layout":""},"product_brand":[],"product_cat":[10712],"product_tag":[],"class_list":{"0":"post-62961","1":"product","2":"type-product","3":"status-publish","4":"has-post-thumbnail","5":"product_language-fre","6":"product_reading_range-12717","7":"product_reading_range-12729","8":"product_reading_range-12756","9":"product_reading_range-12757","10":"product_interest_range-12709","11":"product_interest_range-12710","12":"product_interest_range-12711","13":"product_interest_range-12712","14":"product_grade_range-kindergarten","15":"product_grade_range-first-grade","16":"product_grade_range-second-grade","17":"product_grade_range-third-grade","18":"product_curriculumsubject-francais-programmes-detudes","19":"product_curriculumsubject-immersion-2","20":"product_curriculumsubject-core-french","21":"product_curriculumsubject-francais-arts-langagiers-2","22":"product_curriculumsubject-francais-arts-langagiers","23":"product_curriculumsubject-sciences-humaines","24":"product_curriculumsubject-etudes-acadiennes","25":"product_edi_author-french-canadian-author","26":"product_edi_publisher-acadian-publisher","27":"product_edi_publisher-french-canadian-publisher","28":"product_edi_languages-french-language","29":"biblio_share_tag-juvenile-fiction","30":"product_cat-abc","31":"product_shipping_class-abc-test","32":"entry","34":"first","35":"instock","36":"taxable","37":"shipping-taxable","38":"purchasable","39":"product-type-simple"},"yoast_head":"<!-- This site is optimized with the Yoast SEO plugin v24.0 - https:\/\/yoast.com\/wordpress\/plugins\/seo\/ -->\n<title>Ti-Jean-T\u00eate-d\u2019Or - Atlantic Books<\/title>\n<meta name=\"robots\" content=\"index, follow, max-snippet:-1, max-image-preview:large, max-video-preview:-1\" \/>\n<link rel=\"canonical\" href=\"https:\/\/atlanticbooks.ca\/fr\/livres\/ti-jean-tete-dor\" \/>\n<meta property=\"og:locale\" content=\"fr_FR\" \/>\n<meta property=\"og:type\" content=\"article\" \/>\n<meta property=\"og:title\" content=\"Ti-Jean-T\u00eate-d\u2019Or - Atlantic Books\" \/>\n<meta property=\"og:description\" content=\"Ti-Jean repart \u00e0 l\u2019aventure sur la grande route, s\u2019arr\u00eatant de ch\u00e2teau en ch\u00e2teau pour y trouver du travail. Chaque nouvel emploi lui r\u00e9serve des \u00e9preuves qui semblent insurmontables. Mais Ti-Jean [&hellip;]\" \/>\n<meta property=\"og:url\" content=\"https:\/\/atlanticbooks.ca\/fr\/livres\/ti-jean-tete-dor\" \/>\n<meta property=\"og:site_name\" content=\"Atlantic Books\" \/>\n<meta property=\"article:modified_time\" content=\"2022-11-09T22:09:43+00:00\" \/>\n<meta property=\"og:image\" content=\"https:\/\/atlanticbooks.mystagingwebsite.com\/wp-content\/uploads\/2022\/09\/ME-22_Tijeantetedor.jpg\" \/>\n\t<meta property=\"og:image:width\" content=\"679\" \/>\n\t<meta property=\"og:image:height\" content=\"975\" \/>\n\t<meta property=\"og:image:type\" content=\"image\/jpeg\" \/>\n<meta name=\"twitter:card\" content=\"summary_large_image\" \/>\n<script type=\"application\/ld+json\" class=\"yoast-schema-graph\">{\"@context\":\"https:\/\/schema.org\",\"@graph\":[{\"@type\":\"WebPage\",\"@id\":\"https:\/\/atlanticbooks.ca\/fr\/livres\/ti-jean-tete-dor\",\"url\":\"https:\/\/atlanticbooks.ca\/fr\/livres\/ti-jean-tete-dor\",\"name\":\"Ti-Jean-T\u00eate-d\u2019Or - Atlantic Books\",\"isPartOf\":{\"@id\":\"https:\/\/atlanticbooks.ca\/fr\/#website\"},\"primaryImageOfPage\":{\"@id\":\"https:\/\/atlanticbooks.ca\/fr\/livres\/ti-jean-tete-dor#primaryimage\"},\"image\":{\"@id\":\"https:\/\/atlanticbooks.ca\/fr\/livres\/ti-jean-tete-dor#primaryimage\"},\"thumbnailUrl\":\"https:\/\/atlanticbooks.ca\/wp-content\/uploads\/2022\/09\/ME-22_Tijeantetedor.jpg\",\"datePublished\":\"2022-09-19T20:31:50+00:00\",\"dateModified\":\"2022-11-09T22:09:43+00:00\",\"breadcrumb\":{\"@id\":\"https:\/\/atlanticbooks.ca\/fr\/livres\/ti-jean-tete-dor#breadcrumb\"},\"inLanguage\":\"fr-FR\",\"potentialAction\":[{\"@type\":\"ReadAction\",\"target\":[\"https:\/\/atlanticbooks.ca\/fr\/livres\/ti-jean-tete-dor\"]}]},{\"@type\":\"ImageObject\",\"inLanguage\":\"fr-FR\",\"@id\":\"https:\/\/atlanticbooks.ca\/fr\/livres\/ti-jean-tete-dor#primaryimage\",\"url\":\"https:\/\/atlanticbooks.ca\/wp-content\/uploads\/2022\/09\/ME-22_Tijeantetedor.jpg\",\"contentUrl\":\"https:\/\/atlanticbooks.ca\/wp-content\/uploads\/2022\/09\/ME-22_Tijeantetedor.jpg\",\"width\":679,\"height\":975,\"caption\":\"Ti jean et tete d'or cover\"},{\"@type\":\"BreadcrumbList\",\"@id\":\"https:\/\/atlanticbooks.ca\/fr\/livres\/ti-jean-tete-dor#breadcrumb\",\"itemListElement\":[{\"@type\":\"ListItem\",\"position\":1,\"name\":\"Domicile\",\"item\":\"https:\/\/atlanticbooks.ca\/fr\"},{\"@type\":\"ListItem\",\"position\":2,\"name\":\"Collections\",\"item\":\"https:\/\/atlanticbooks.ca\/fr\/collections\"},{\"@type\":\"ListItem\",\"position\":3,\"name\":\"Ti-Jean-T\u00eate-d\u2019Or\"}]},{\"@type\":\"WebSite\",\"@id\":\"https:\/\/atlanticbooks.ca\/fr\/#website\",\"url\":\"https:\/\/atlanticbooks.ca\/fr\/\",\"name\":\"Atlantic Books\",\"description\":\"Atlantic Books\",\"publisher\":{\"@id\":\"https:\/\/atlanticbooks.ca\/fr\/#organization\"},\"potentialAction\":[{\"@type\":\"SearchAction\",\"target\":{\"@type\":\"EntryPoint\",\"urlTemplate\":\"https:\/\/atlanticbooks.ca\/fr\/?s={search_term_string}\"},\"query-input\":{\"@type\":\"PropertyValueSpecification\",\"valueRequired\":true,\"valueName\":\"search_term_string\"}}],\"inLanguage\":\"fr-FR\"},{\"@type\":\"Organization\",\"@id\":\"https:\/\/atlanticbooks.ca\/fr\/#organization\",\"name\":\"Atlantic Books\",\"url\":\"https:\/\/atlanticbooks.ca\/fr\/\",\"logo\":{\"@type\":\"ImageObject\",\"inLanguage\":\"fr-FR\",\"@id\":\"https:\/\/atlanticbooks.ca\/fr\/#\/schema\/logo\/image\/\",\"url\":\"https:\/\/atlanticbooks.ca\/wp-content\/uploads\/2020\/10\/atlantic-books-logo.png\",\"contentUrl\":\"https:\/\/atlanticbooks.ca\/wp-content\/uploads\/2020\/10\/atlantic-books-logo.png\",\"width\":566,\"height\":111,\"caption\":\"Atlantic Books\"},\"image\":{\"@id\":\"https:\/\/atlanticbooks.ca\/fr\/#\/schema\/logo\/image\/\"}}]}<\/script>\n<!-- \/ Yoast SEO plugin. -->","yoast_head_json":{"title":"Ti-Jean-T\u00eate-d\u2019Or - Atlantic Books","robots":{"index":"index","follow":"follow","max-snippet":"max-snippet:-1","max-image-preview":"max-image-preview:large","max-video-preview":"max-video-preview:-1"},"canonical":"https:\/\/atlanticbooks.ca\/fr\/livres\/ti-jean-tete-dor","og_locale":"fr_FR","og_type":"article","og_title":"Ti-Jean-T\u00eate-d\u2019Or - Atlantic Books","og_description":"Ti-Jean repart \u00e0 l\u2019aventure sur la grande route, s\u2019arr\u00eatant de ch\u00e2teau en ch\u00e2teau pour y trouver du travail. Chaque nouvel emploi lui r\u00e9serve des \u00e9preuves qui semblent insurmontables. Mais Ti-Jean [&hellip;]","og_url":"https:\/\/atlanticbooks.ca\/fr\/livres\/ti-jean-tete-dor","og_site_name":"Atlantic Books","article_modified_time":"2022-11-09T22:09:43+00:00","og_image":[{"width":679,"height":975,"url":"https:\/\/atlanticbooks.mystagingwebsite.com\/wp-content\/uploads\/2022\/09\/ME-22_Tijeantetedor.jpg","type":"image\/jpeg"}],"twitter_card":"summary_large_image","schema":{"@context":"https:\/\/schema.org","@graph":[{"@type":"WebPage","@id":"https:\/\/atlanticbooks.ca\/fr\/livres\/ti-jean-tete-dor","url":"https:\/\/atlanticbooks.ca\/fr\/livres\/ti-jean-tete-dor","name":"Ti-Jean-T\u00eate-d\u2019Or - Atlantic Books","isPartOf":{"@id":"https:\/\/atlanticbooks.ca\/fr\/#website"},"primaryImageOfPage":{"@id":"https:\/\/atlanticbooks.ca\/fr\/livres\/ti-jean-tete-dor#primaryimage"},"image":{"@id":"https:\/\/atlanticbooks.ca\/fr\/livres\/ti-jean-tete-dor#primaryimage"},"thumbnailUrl":"https:\/\/atlanticbooks.ca\/wp-content\/uploads\/2022\/09\/ME-22_Tijeantetedor.jpg","datePublished":"2022-09-19T20:31:50+00:00","dateModified":"2022-11-09T22:09:43+00:00","breadcrumb":{"@id":"https:\/\/atlanticbooks.ca\/fr\/livres\/ti-jean-tete-dor#breadcrumb"},"inLanguage":"fr-FR","potentialAction":[{"@type":"ReadAction","target":["https:\/\/atlanticbooks.ca\/fr\/livres\/ti-jean-tete-dor"]}]},{"@type":"ImageObject","inLanguage":"fr-FR","@id":"https:\/\/atlanticbooks.ca\/fr\/livres\/ti-jean-tete-dor#primaryimage","url":"https:\/\/atlanticbooks.ca\/wp-content\/uploads\/2022\/09\/ME-22_Tijeantetedor.jpg","contentUrl":"https:\/\/atlanticbooks.ca\/wp-content\/uploads\/2022\/09\/ME-22_Tijeantetedor.jpg","width":679,"height":975,"caption":"Ti jean et tete d'or cover"},{"@type":"BreadcrumbList","@id":"https:\/\/atlanticbooks.ca\/fr\/livres\/ti-jean-tete-dor#breadcrumb","itemListElement":[{"@type":"ListItem","position":1,"name":"Domicile","item":"https:\/\/atlanticbooks.ca\/fr"},{"@type":"ListItem","position":2,"name":"Collections","item":"https:\/\/atlanticbooks.ca\/fr\/collections"},{"@type":"ListItem","position":3,"name":"Ti-Jean-T\u00eate-d\u2019Or"}]},{"@type":"WebSite","@id":"https:\/\/atlanticbooks.ca\/fr\/#website","url":"https:\/\/atlanticbooks.ca\/fr\/","name":"Atlantic Books","description":"Atlantic Books","publisher":{"@id":"https:\/\/atlanticbooks.ca\/fr\/#organization"},"potentialAction":[{"@type":"SearchAction","target":{"@type":"EntryPoint","urlTemplate":"https:\/\/atlanticbooks.ca\/fr\/?s={search_term_string}"},"query-input":{"@type":"PropertyValueSpecification","valueRequired":true,"valueName":"search_term_string"}}],"inLanguage":"fr-FR"},{"@type":"Organization","@id":"https:\/\/atlanticbooks.ca\/fr\/#organization","name":"Atlantic Books","url":"https:\/\/atlanticbooks.ca\/fr\/","logo":{"@type":"ImageObject","inLanguage":"fr-FR","@id":"https:\/\/atlanticbooks.ca\/fr\/#\/schema\/logo\/image\/","url":"https:\/\/atlanticbooks.ca\/wp-content\/uploads\/2020\/10\/atlantic-books-logo.png","contentUrl":"https:\/\/atlanticbooks.ca\/wp-content\/uploads\/2020\/10\/atlantic-books-logo.png","width":566,"height":111,"caption":"Atlantic Books"},"image":{"@id":"https:\/\/atlanticbooks.ca\/fr\/#\/schema\/logo\/image\/"}}]}},"_links":{"self":[{"href":"https:\/\/atlanticbooks.ca\/fr\/wp-json\/wp\/v2\/product\/62961","targetHints":{"allow":["GET"]}}],"collection":[{"href":"https:\/\/atlanticbooks.ca\/fr\/wp-json\/wp\/v2\/product"}],"about":[{"href":"https:\/\/atlanticbooks.ca\/fr\/wp-json\/wp\/v2\/types\/product"}],"wp:featuredmedia":[{"embeddable":true,"href":"https:\/\/atlanticbooks.ca\/fr\/wp-json\/wp\/v2\/media\/67433"}],"wp:attachment":[{"href":"https:\/\/atlanticbooks.ca\/fr\/wp-json\/wp\/v2\/media?parent=62961"}],"wp:term":[{"taxonomy":"product_brand","embeddable":true,"href":"https:\/\/atlanticbooks.ca\/fr\/wp-json\/wp\/v2\/product_brand?post=62961"},{"taxonomy":"product_cat","embeddable":true,"href":"https:\/\/atlanticbooks.ca\/fr\/wp-json\/wp\/v2\/product_cat?post=62961"},{"taxonomy":"product_tag","embeddable":true,"href":"https:\/\/atlanticbooks.ca\/fr\/wp-json\/wp\/v2\/product_tag?post=62961"}],"curies":[{"name":"wp","href":"https:\/\/api.w.org\/{rel}","templated":true}]}}