{"id":62957,"date":"2022-09-19T20:31:50","date_gmt":"2022-09-19T20:31:50","guid":{"rendered":"https:\/\/atlanticbooks.ca\/books\/si-annabelle-avait-des-ailes\/"},"modified":"2022-11-09T22:09:40","modified_gmt":"2022-11-09T22:09:40","slug":"si-annabelle-avait-des-ailes","status":"publish","type":"product","link":"https:\/\/atlanticbooks.ca\/fr\/livres\/si-annabelle-avait-des-ailes","title":{"rendered":"Si Annabelle avait des ailes&#8230;"},"content":{"rendered":"<p>Que diriez-vous si votre pr\u00e9nom devenait comptine, po\u00e8me, chansonnette? Si on y associait un membre de la gent animale? Annabelle, Karina, Pierre et S\u00e9bastien\u2026 et plusieurs autres se sont pr\u00eat\u00e9s au jeu. Cr\u00e9\u00e9s spontan\u00e9ment dans le cadre d\u2019une activit\u00e9 de lecture, ces petits r\u00e9cits ont ensuite pris leur envol et se sont amplifi\u00e9s sous la plume de l\u2019auteure. Puis, l\u2019illustratrice est entr\u00e9e dans la danse. Et voici Si Annabelle avait des ailes\u2026 pour faire r\u00eaver, sourire, r\u00eaver et, qui sait, \u00e9crire&#8230;<\/p>\n","protected":false},"excerpt":{"rendered":"<p>Que diriez-vous si votre pr\u00e9nom devenait comptine, po\u00e8me, chansonnette? Si on y associait un membre de la gent animale? Annabelle, Karina, Pierre et S\u00e9bastien\u2026 et plusieurs autres se sont pr\u00eat\u00e9s [&hellip;]<\/p>\n","protected":false},"featured_media":57098,"template":"","meta":{"_genesis_hide_title":false,"_genesis_hide_breadcrumbs":false,"_genesis_hide_singular_image":false,"_genesis_hide_footer_widgets":false,"_genesis_custom_body_class":"","_genesis_custom_post_class":"","_genesis_layout":""},"product_brand":[],"product_cat":[10712],"product_tag":[],"class_list":{"0":"post-62957","1":"product","2":"type-product","3":"status-publish","4":"has-post-thumbnail","5":"product_language-fre","6":"product_reading_range-12717","7":"product_reading_range-12729","8":"product_reading_range-12756","9":"product_reading_range-12757","10":"product_interest_range-12710","11":"product_interest_range-12711","12":"product_interest_range-12712","13":"product_interest_range-12709","14":"product_grade_range-kindergarten","15":"product_grade_range-first-grade","16":"product_grade_range-second-grade","17":"product_grade_range-third-grade","18":"product_curriculumsubject-francais-programmes-detudes","19":"product_curriculumsubject-immersion-2","20":"product_curriculumsubject-francais-arts-langagiers","21":"product_curriculumsubject-core-french","22":"product_curriculumsubject-francais-arts-langagiers-2","23":"product_edi_author-french-canadian-author","24":"product_edi_publisher-acadian-publisher","25":"product_edi_publisher-french-canadian-publisher","26":"product_edi_languages-french-language","27":"biblio_share_tag-juvenile-fiction","28":"product_cat-abc","29":"product_shipping_class-abc-test","30":"entry","32":"first","33":"instock","34":"taxable","35":"shipping-taxable","36":"purchasable","37":"product-type-simple"},"yoast_head":"<!-- This site is optimized with the Yoast SEO plugin v24.0 - https:\/\/yoast.com\/wordpress\/plugins\/seo\/ -->\n<title>Si Annabelle avait des ailes... - Atlantic Books<\/title>\n<meta name=\"robots\" content=\"index, follow, max-snippet:-1, max-image-preview:large, max-video-preview:-1\" \/>\n<link rel=\"canonical\" href=\"https:\/\/atlanticbooks.ca\/fr\/livres\/si-annabelle-avait-des-ailes\" \/>\n<meta property=\"og:locale\" content=\"fr_FR\" \/>\n<meta property=\"og:type\" content=\"article\" \/>\n<meta property=\"og:title\" content=\"Si Annabelle avait des ailes... - Atlantic Books\" \/>\n<meta property=\"og:description\" content=\"Que diriez-vous si votre pr\u00e9nom devenait comptine, po\u00e8me, chansonnette? Si on y associait un membre de la gent animale? Annabelle, Karina, Pierre et S\u00e9bastien\u2026 et plusieurs autres se sont pr\u00eat\u00e9s [&hellip;]\" \/>\n<meta property=\"og:url\" content=\"https:\/\/atlanticbooks.ca\/fr\/livres\/si-annabelle-avait-des-ailes\" \/>\n<meta property=\"og:site_name\" content=\"Atlantic Books\" \/>\n<meta property=\"article:modified_time\" content=\"2022-11-09T22:09:40+00:00\" \/>\n<meta property=\"og:image\" content=\"https:\/\/atlanticbooks.mystagingwebsite.com\/wp-content\/uploads\/2022\/09\/CO-26_Siannabelleavaitdesailes.jpg\" \/>\n\t<meta property=\"og:image:width\" content=\"600\" \/>\n\t<meta property=\"og:image:height\" content=\"600\" \/>\n\t<meta property=\"og:image:type\" content=\"image\/jpeg\" \/>\n<meta name=\"twitter:card\" content=\"summary_large_image\" \/>\n<script type=\"application\/ld+json\" class=\"yoast-schema-graph\">{\"@context\":\"https:\/\/schema.org\",\"@graph\":[{\"@type\":\"WebPage\",\"@id\":\"https:\/\/atlanticbooks.ca\/fr\/livres\/si-annabelle-avait-des-ailes\",\"url\":\"https:\/\/atlanticbooks.ca\/fr\/livres\/si-annabelle-avait-des-ailes\",\"name\":\"Si Annabelle avait des ailes... - Atlantic Books\",\"isPartOf\":{\"@id\":\"https:\/\/atlanticbooks.ca\/fr\/#website\"},\"primaryImageOfPage\":{\"@id\":\"https:\/\/atlanticbooks.ca\/fr\/livres\/si-annabelle-avait-des-ailes#primaryimage\"},\"image\":{\"@id\":\"https:\/\/atlanticbooks.ca\/fr\/livres\/si-annabelle-avait-des-ailes#primaryimage\"},\"thumbnailUrl\":\"https:\/\/atlanticbooks.ca\/wp-content\/uploads\/2022\/09\/CO-26_Siannabelleavaitdesailes.jpg\",\"datePublished\":\"2022-09-19T20:31:50+00:00\",\"dateModified\":\"2022-11-09T22:09:40+00:00\",\"breadcrumb\":{\"@id\":\"https:\/\/atlanticbooks.ca\/fr\/livres\/si-annabelle-avait-des-ailes#breadcrumb\"},\"inLanguage\":\"fr-FR\",\"potentialAction\":[{\"@type\":\"ReadAction\",\"target\":[\"https:\/\/atlanticbooks.ca\/fr\/livres\/si-annabelle-avait-des-ailes\"]}]},{\"@type\":\"ImageObject\",\"inLanguage\":\"fr-FR\",\"@id\":\"https:\/\/atlanticbooks.ca\/fr\/livres\/si-annabelle-avait-des-ailes#primaryimage\",\"url\":\"https:\/\/atlanticbooks.ca\/wp-content\/uploads\/2022\/09\/CO-26_Siannabelleavaitdesailes.jpg\",\"contentUrl\":\"https:\/\/atlanticbooks.ca\/wp-content\/uploads\/2022\/09\/CO-26_Siannabelleavaitdesailes.jpg\",\"width\":600,\"height\":600},{\"@type\":\"BreadcrumbList\",\"@id\":\"https:\/\/atlanticbooks.ca\/fr\/livres\/si-annabelle-avait-des-ailes#breadcrumb\",\"itemListElement\":[{\"@type\":\"ListItem\",\"position\":1,\"name\":\"Domicile\",\"item\":\"https:\/\/atlanticbooks.ca\/fr\"},{\"@type\":\"ListItem\",\"position\":2,\"name\":\"Collections\",\"item\":\"https:\/\/atlanticbooks.ca\/fr\/collections\"},{\"@type\":\"ListItem\",\"position\":3,\"name\":\"Si Annabelle avait des ailes&#8230;\"}]},{\"@type\":\"WebSite\",\"@id\":\"https:\/\/atlanticbooks.ca\/fr\/#website\",\"url\":\"https:\/\/atlanticbooks.ca\/fr\/\",\"name\":\"Atlantic Books\",\"description\":\"Atlantic Books\",\"publisher\":{\"@id\":\"https:\/\/atlanticbooks.ca\/fr\/#organization\"},\"potentialAction\":[{\"@type\":\"SearchAction\",\"target\":{\"@type\":\"EntryPoint\",\"urlTemplate\":\"https:\/\/atlanticbooks.ca\/fr\/?s={search_term_string}\"},\"query-input\":{\"@type\":\"PropertyValueSpecification\",\"valueRequired\":true,\"valueName\":\"search_term_string\"}}],\"inLanguage\":\"fr-FR\"},{\"@type\":\"Organization\",\"@id\":\"https:\/\/atlanticbooks.ca\/fr\/#organization\",\"name\":\"Atlantic Books\",\"url\":\"https:\/\/atlanticbooks.ca\/fr\/\",\"logo\":{\"@type\":\"ImageObject\",\"inLanguage\":\"fr-FR\",\"@id\":\"https:\/\/atlanticbooks.ca\/fr\/#\/schema\/logo\/image\/\",\"url\":\"https:\/\/atlanticbooks.ca\/wp-content\/uploads\/2020\/10\/atlantic-books-logo.png\",\"contentUrl\":\"https:\/\/atlanticbooks.ca\/wp-content\/uploads\/2020\/10\/atlantic-books-logo.png\",\"width\":566,\"height\":111,\"caption\":\"Atlantic Books\"},\"image\":{\"@id\":\"https:\/\/atlanticbooks.ca\/fr\/#\/schema\/logo\/image\/\"}}]}<\/script>\n<!-- \/ Yoast SEO plugin. -->","yoast_head_json":{"title":"Si Annabelle avait des ailes... - Atlantic Books","robots":{"index":"index","follow":"follow","max-snippet":"max-snippet:-1","max-image-preview":"max-image-preview:large","max-video-preview":"max-video-preview:-1"},"canonical":"https:\/\/atlanticbooks.ca\/fr\/livres\/si-annabelle-avait-des-ailes","og_locale":"fr_FR","og_type":"article","og_title":"Si Annabelle avait des ailes... - Atlantic Books","og_description":"Que diriez-vous si votre pr\u00e9nom devenait comptine, po\u00e8me, chansonnette? Si on y associait un membre de la gent animale? Annabelle, Karina, Pierre et S\u00e9bastien\u2026 et plusieurs autres se sont pr\u00eat\u00e9s [&hellip;]","og_url":"https:\/\/atlanticbooks.ca\/fr\/livres\/si-annabelle-avait-des-ailes","og_site_name":"Atlantic Books","article_modified_time":"2022-11-09T22:09:40+00:00","og_image":[{"width":600,"height":600,"url":"https:\/\/atlanticbooks.mystagingwebsite.com\/wp-content\/uploads\/2022\/09\/CO-26_Siannabelleavaitdesailes.jpg","type":"image\/jpeg"}],"twitter_card":"summary_large_image","schema":{"@context":"https:\/\/schema.org","@graph":[{"@type":"WebPage","@id":"https:\/\/atlanticbooks.ca\/fr\/livres\/si-annabelle-avait-des-ailes","url":"https:\/\/atlanticbooks.ca\/fr\/livres\/si-annabelle-avait-des-ailes","name":"Si Annabelle avait des ailes... - Atlantic Books","isPartOf":{"@id":"https:\/\/atlanticbooks.ca\/fr\/#website"},"primaryImageOfPage":{"@id":"https:\/\/atlanticbooks.ca\/fr\/livres\/si-annabelle-avait-des-ailes#primaryimage"},"image":{"@id":"https:\/\/atlanticbooks.ca\/fr\/livres\/si-annabelle-avait-des-ailes#primaryimage"},"thumbnailUrl":"https:\/\/atlanticbooks.ca\/wp-content\/uploads\/2022\/09\/CO-26_Siannabelleavaitdesailes.jpg","datePublished":"2022-09-19T20:31:50+00:00","dateModified":"2022-11-09T22:09:40+00:00","breadcrumb":{"@id":"https:\/\/atlanticbooks.ca\/fr\/livres\/si-annabelle-avait-des-ailes#breadcrumb"},"inLanguage":"fr-FR","potentialAction":[{"@type":"ReadAction","target":["https:\/\/atlanticbooks.ca\/fr\/livres\/si-annabelle-avait-des-ailes"]}]},{"@type":"ImageObject","inLanguage":"fr-FR","@id":"https:\/\/atlanticbooks.ca\/fr\/livres\/si-annabelle-avait-des-ailes#primaryimage","url":"https:\/\/atlanticbooks.ca\/wp-content\/uploads\/2022\/09\/CO-26_Siannabelleavaitdesailes.jpg","contentUrl":"https:\/\/atlanticbooks.ca\/wp-content\/uploads\/2022\/09\/CO-26_Siannabelleavaitdesailes.jpg","width":600,"height":600},{"@type":"BreadcrumbList","@id":"https:\/\/atlanticbooks.ca\/fr\/livres\/si-annabelle-avait-des-ailes#breadcrumb","itemListElement":[{"@type":"ListItem","position":1,"name":"Domicile","item":"https:\/\/atlanticbooks.ca\/fr"},{"@type":"ListItem","position":2,"name":"Collections","item":"https:\/\/atlanticbooks.ca\/fr\/collections"},{"@type":"ListItem","position":3,"name":"Si Annabelle avait des ailes&#8230;"}]},{"@type":"WebSite","@id":"https:\/\/atlanticbooks.ca\/fr\/#website","url":"https:\/\/atlanticbooks.ca\/fr\/","name":"Atlantic Books","description":"Atlantic Books","publisher":{"@id":"https:\/\/atlanticbooks.ca\/fr\/#organization"},"potentialAction":[{"@type":"SearchAction","target":{"@type":"EntryPoint","urlTemplate":"https:\/\/atlanticbooks.ca\/fr\/?s={search_term_string}"},"query-input":{"@type":"PropertyValueSpecification","valueRequired":true,"valueName":"search_term_string"}}],"inLanguage":"fr-FR"},{"@type":"Organization","@id":"https:\/\/atlanticbooks.ca\/fr\/#organization","name":"Atlantic Books","url":"https:\/\/atlanticbooks.ca\/fr\/","logo":{"@type":"ImageObject","inLanguage":"fr-FR","@id":"https:\/\/atlanticbooks.ca\/fr\/#\/schema\/logo\/image\/","url":"https:\/\/atlanticbooks.ca\/wp-content\/uploads\/2020\/10\/atlantic-books-logo.png","contentUrl":"https:\/\/atlanticbooks.ca\/wp-content\/uploads\/2020\/10\/atlantic-books-logo.png","width":566,"height":111,"caption":"Atlantic Books"},"image":{"@id":"https:\/\/atlanticbooks.ca\/fr\/#\/schema\/logo\/image\/"}}]}},"_links":{"self":[{"href":"https:\/\/atlanticbooks.ca\/fr\/wp-json\/wp\/v2\/product\/62957","targetHints":{"allow":["GET"]}}],"collection":[{"href":"https:\/\/atlanticbooks.ca\/fr\/wp-json\/wp\/v2\/product"}],"about":[{"href":"https:\/\/atlanticbooks.ca\/fr\/wp-json\/wp\/v2\/types\/product"}],"wp:featuredmedia":[{"embeddable":true,"href":"https:\/\/atlanticbooks.ca\/fr\/wp-json\/wp\/v2\/media\/57098"}],"wp:attachment":[{"href":"https:\/\/atlanticbooks.ca\/fr\/wp-json\/wp\/v2\/media?parent=62957"}],"wp:term":[{"taxonomy":"product_brand","embeddable":true,"href":"https:\/\/atlanticbooks.ca\/fr\/wp-json\/wp\/v2\/product_brand?post=62957"},{"taxonomy":"product_cat","embeddable":true,"href":"https:\/\/atlanticbooks.ca\/fr\/wp-json\/wp\/v2\/product_cat?post=62957"},{"taxonomy":"product_tag","embeddable":true,"href":"https:\/\/atlanticbooks.ca\/fr\/wp-json\/wp\/v2\/product_tag?post=62957"}],"curies":[{"name":"wp","href":"https:\/\/api.w.org\/{rel}","templated":true}]}}