{"id":62951,"date":"2022-09-19T20:32:04","date_gmt":"2022-09-19T20:32:04","guid":{"rendered":"https:\/\/atlanticbooks.ca\/books\/tite-jeanne-et-la-pomme-dor\/"},"modified":"2022-11-09T22:09:53","modified_gmt":"2022-11-09T22:09:53","slug":"tite-jeanne-et-la-pomme-dor","status":"publish","type":"product","link":"https:\/\/atlanticbooks.ca\/fr\/livres\/tite-jeanne-et-la-pomme-dor","title":{"rendered":"Tite-Jeanne et la Pomme d&rsquo;or"},"content":{"rendered":"<p>Le p\u00e8re de Tite-Jeanne consid\u00e8re que sa fille n\u2019a pas les m\u00eames capacit\u00e9s et droits que ses deux gar\u00e7ons. La m\u00e8re proteste et demande qu\u2019on soumette ses trois enfants \u00e0 la m\u00eame \u00e9preuve. Partis s\u00e9par\u00e9ment \u00e0 la recherche de la pomme d\u2019or, ceux-ci se butent \u00e0 toutes sortes d\u2019obstacles. Tite-Jeanne saura-t-elle les surmonter ?<\/p>\n","protected":false},"excerpt":{"rendered":"<p>Le p\u00e8re de Tite-Jeanne consid\u00e8re que sa fille n\u2019a pas les m\u00eames capacit\u00e9s et droits que ses deux gar\u00e7ons. La m\u00e8re proteste et demande qu\u2019on soumette ses trois enfants \u00e0 [&hellip;]<\/p>\n","protected":false},"featured_media":67431,"template":"","meta":{"_genesis_hide_title":false,"_genesis_hide_breadcrumbs":false,"_genesis_hide_singular_image":false,"_genesis_hide_footer_widgets":false,"_genesis_custom_body_class":"","_genesis_custom_post_class":"","_genesis_layout":""},"product_brand":[],"product_cat":[10712],"product_tag":[],"class_list":{"0":"post-62951","1":"product","2":"type-product","3":"status-publish","4":"has-post-thumbnail","5":"product_language-fre","6":"product_reading_range-12717","7":"product_reading_range-12718","8":"product_reading_range-12730","9":"product_reading_range-12731","10":"product_interest_range-12712","11":"product_interest_range-12713","12":"product_interest_range-12714","13":"product_interest_range-12715","14":"product_grade_range-fourth-grade","15":"product_grade_range-fifth-grade","16":"product_grade_range-sixth-grade","17":"product_grade_range-seventh-grade","18":"product_curriculumsubject-francais-programmes-detudes","19":"product_curriculumsubject-immersion-2","20":"product_curriculumsubject-francais-arts-langagiers-2","21":"product_curriculumsubject-francais-arts-langagiers","22":"product_curriculumsubject-core-french","23":"product_edi_author-french-canadian-author","24":"product_edi_publisher-acadian-publisher","25":"product_edi_publisher-french-canadian-publisher","26":"product_edi_languages-french-language","27":"product_nssbb-francais-programmes-detudes","28":"product_nssbb-immersion-curriculum-subjects","29":"product_nssbb-4-francais-arts-langagiers","30":"product_nssbb-5-francais-arts-langagiers","31":"product_nssbb-6-francais-arts-langagiers","32":"product_nssbb-7-francais-arts-langagiers","33":"product_nssbb-6-immersion-precoce-francais-arts-langagiers","34":"biblio_share_tag-juvenile-fiction","35":"product_cat-abc","36":"product_shipping_class-abc-test","37":"entry","39":"first","40":"instock","41":"taxable","42":"shipping-taxable","43":"purchasable","44":"product-type-simple"},"yoast_head":"<!-- This site is optimized with the Yoast SEO plugin v24.0 - https:\/\/yoast.com\/wordpress\/plugins\/seo\/ -->\n<title>Tite-Jeanne et la Pomme d&#039;or - Atlantic Books<\/title>\n<meta name=\"robots\" content=\"index, follow, max-snippet:-1, max-image-preview:large, max-video-preview:-1\" \/>\n<link rel=\"canonical\" href=\"https:\/\/atlanticbooks.ca\/fr\/livres\/tite-jeanne-et-la-pomme-dor\" \/>\n<meta property=\"og:locale\" content=\"fr_FR\" \/>\n<meta property=\"og:type\" content=\"article\" \/>\n<meta property=\"og:title\" content=\"Tite-Jeanne et la Pomme d&#039;or - Atlantic Books\" \/>\n<meta property=\"og:description\" content=\"Le p\u00e8re de Tite-Jeanne consid\u00e8re que sa fille n\u2019a pas les m\u00eames capacit\u00e9s et droits que ses deux gar\u00e7ons. La m\u00e8re proteste et demande qu\u2019on soumette ses trois enfants \u00e0 [&hellip;]\" \/>\n<meta property=\"og:url\" content=\"https:\/\/atlanticbooks.ca\/fr\/livres\/tite-jeanne-et-la-pomme-dor\" \/>\n<meta property=\"og:site_name\" content=\"Atlantic Books\" \/>\n<meta property=\"article:modified_time\" content=\"2022-11-09T22:09:53+00:00\" \/>\n<meta property=\"og:image\" content=\"https:\/\/atlanticbooks.mystagingwebsite.com\/wp-content\/uploads\/2022\/09\/ME-03_Titejeanneetlapommedor.jpg\" \/>\n\t<meta property=\"og:image:width\" content=\"368\" \/>\n\t<meta property=\"og:image:height\" content=\"527\" \/>\n\t<meta property=\"og:image:type\" content=\"image\/jpeg\" \/>\n<meta name=\"twitter:card\" content=\"summary_large_image\" \/>\n<script type=\"application\/ld+json\" class=\"yoast-schema-graph\">{\"@context\":\"https:\/\/schema.org\",\"@graph\":[{\"@type\":\"WebPage\",\"@id\":\"https:\/\/atlanticbooks.ca\/fr\/livres\/tite-jeanne-et-la-pomme-dor\",\"url\":\"https:\/\/atlanticbooks.ca\/fr\/livres\/tite-jeanne-et-la-pomme-dor\",\"name\":\"Tite-Jeanne et la Pomme d'or - Atlantic Books\",\"isPartOf\":{\"@id\":\"https:\/\/atlanticbooks.ca\/fr\/#website\"},\"primaryImageOfPage\":{\"@id\":\"https:\/\/atlanticbooks.ca\/fr\/livres\/tite-jeanne-et-la-pomme-dor#primaryimage\"},\"image\":{\"@id\":\"https:\/\/atlanticbooks.ca\/fr\/livres\/tite-jeanne-et-la-pomme-dor#primaryimage\"},\"thumbnailUrl\":\"https:\/\/atlanticbooks.ca\/wp-content\/uploads\/2022\/09\/ME-03_Titejeanneetlapommedor.jpg\",\"datePublished\":\"2022-09-19T20:32:04+00:00\",\"dateModified\":\"2022-11-09T22:09:53+00:00\",\"breadcrumb\":{\"@id\":\"https:\/\/atlanticbooks.ca\/fr\/livres\/tite-jeanne-et-la-pomme-dor#breadcrumb\"},\"inLanguage\":\"fr-FR\",\"potentialAction\":[{\"@type\":\"ReadAction\",\"target\":[\"https:\/\/atlanticbooks.ca\/fr\/livres\/tite-jeanne-et-la-pomme-dor\"]}]},{\"@type\":\"ImageObject\",\"inLanguage\":\"fr-FR\",\"@id\":\"https:\/\/atlanticbooks.ca\/fr\/livres\/tite-jeanne-et-la-pomme-dor#primaryimage\",\"url\":\"https:\/\/atlanticbooks.ca\/wp-content\/uploads\/2022\/09\/ME-03_Titejeanneetlapommedor.jpg\",\"contentUrl\":\"https:\/\/atlanticbooks.ca\/wp-content\/uploads\/2022\/09\/ME-03_Titejeanneetlapommedor.jpg\",\"width\":368,\"height\":527,\"caption\":\"Tite Jeanne et la pomme dor cover\"},{\"@type\":\"BreadcrumbList\",\"@id\":\"https:\/\/atlanticbooks.ca\/fr\/livres\/tite-jeanne-et-la-pomme-dor#breadcrumb\",\"itemListElement\":[{\"@type\":\"ListItem\",\"position\":1,\"name\":\"Domicile\",\"item\":\"https:\/\/atlanticbooks.ca\/fr\"},{\"@type\":\"ListItem\",\"position\":2,\"name\":\"Collections\",\"item\":\"https:\/\/atlanticbooks.ca\/fr\/collections\"},{\"@type\":\"ListItem\",\"position\":3,\"name\":\"Tite-Jeanne et la Pomme d&#8217;or\"}]},{\"@type\":\"WebSite\",\"@id\":\"https:\/\/atlanticbooks.ca\/fr\/#website\",\"url\":\"https:\/\/atlanticbooks.ca\/fr\/\",\"name\":\"Atlantic Books\",\"description\":\"Atlantic Books\",\"publisher\":{\"@id\":\"https:\/\/atlanticbooks.ca\/fr\/#organization\"},\"potentialAction\":[{\"@type\":\"SearchAction\",\"target\":{\"@type\":\"EntryPoint\",\"urlTemplate\":\"https:\/\/atlanticbooks.ca\/fr\/?s={search_term_string}\"},\"query-input\":{\"@type\":\"PropertyValueSpecification\",\"valueRequired\":true,\"valueName\":\"search_term_string\"}}],\"inLanguage\":\"fr-FR\"},{\"@type\":\"Organization\",\"@id\":\"https:\/\/atlanticbooks.ca\/fr\/#organization\",\"name\":\"Atlantic Books\",\"url\":\"https:\/\/atlanticbooks.ca\/fr\/\",\"logo\":{\"@type\":\"ImageObject\",\"inLanguage\":\"fr-FR\",\"@id\":\"https:\/\/atlanticbooks.ca\/fr\/#\/schema\/logo\/image\/\",\"url\":\"https:\/\/atlanticbooks.ca\/wp-content\/uploads\/2020\/10\/atlantic-books-logo.png\",\"contentUrl\":\"https:\/\/atlanticbooks.ca\/wp-content\/uploads\/2020\/10\/atlantic-books-logo.png\",\"width\":566,\"height\":111,\"caption\":\"Atlantic Books\"},\"image\":{\"@id\":\"https:\/\/atlanticbooks.ca\/fr\/#\/schema\/logo\/image\/\"}}]}<\/script>\n<!-- \/ Yoast SEO plugin. -->","yoast_head_json":{"title":"Tite-Jeanne et la Pomme d'or - Atlantic Books","robots":{"index":"index","follow":"follow","max-snippet":"max-snippet:-1","max-image-preview":"max-image-preview:large","max-video-preview":"max-video-preview:-1"},"canonical":"https:\/\/atlanticbooks.ca\/fr\/livres\/tite-jeanne-et-la-pomme-dor","og_locale":"fr_FR","og_type":"article","og_title":"Tite-Jeanne et la Pomme d'or - Atlantic Books","og_description":"Le p\u00e8re de Tite-Jeanne consid\u00e8re que sa fille n\u2019a pas les m\u00eames capacit\u00e9s et droits que ses deux gar\u00e7ons. La m\u00e8re proteste et demande qu\u2019on soumette ses trois enfants \u00e0 [&hellip;]","og_url":"https:\/\/atlanticbooks.ca\/fr\/livres\/tite-jeanne-et-la-pomme-dor","og_site_name":"Atlantic Books","article_modified_time":"2022-11-09T22:09:53+00:00","og_image":[{"width":368,"height":527,"url":"https:\/\/atlanticbooks.mystagingwebsite.com\/wp-content\/uploads\/2022\/09\/ME-03_Titejeanneetlapommedor.jpg","type":"image\/jpeg"}],"twitter_card":"summary_large_image","schema":{"@context":"https:\/\/schema.org","@graph":[{"@type":"WebPage","@id":"https:\/\/atlanticbooks.ca\/fr\/livres\/tite-jeanne-et-la-pomme-dor","url":"https:\/\/atlanticbooks.ca\/fr\/livres\/tite-jeanne-et-la-pomme-dor","name":"Tite-Jeanne et la Pomme d'or - Atlantic Books","isPartOf":{"@id":"https:\/\/atlanticbooks.ca\/fr\/#website"},"primaryImageOfPage":{"@id":"https:\/\/atlanticbooks.ca\/fr\/livres\/tite-jeanne-et-la-pomme-dor#primaryimage"},"image":{"@id":"https:\/\/atlanticbooks.ca\/fr\/livres\/tite-jeanne-et-la-pomme-dor#primaryimage"},"thumbnailUrl":"https:\/\/atlanticbooks.ca\/wp-content\/uploads\/2022\/09\/ME-03_Titejeanneetlapommedor.jpg","datePublished":"2022-09-19T20:32:04+00:00","dateModified":"2022-11-09T22:09:53+00:00","breadcrumb":{"@id":"https:\/\/atlanticbooks.ca\/fr\/livres\/tite-jeanne-et-la-pomme-dor#breadcrumb"},"inLanguage":"fr-FR","potentialAction":[{"@type":"ReadAction","target":["https:\/\/atlanticbooks.ca\/fr\/livres\/tite-jeanne-et-la-pomme-dor"]}]},{"@type":"ImageObject","inLanguage":"fr-FR","@id":"https:\/\/atlanticbooks.ca\/fr\/livres\/tite-jeanne-et-la-pomme-dor#primaryimage","url":"https:\/\/atlanticbooks.ca\/wp-content\/uploads\/2022\/09\/ME-03_Titejeanneetlapommedor.jpg","contentUrl":"https:\/\/atlanticbooks.ca\/wp-content\/uploads\/2022\/09\/ME-03_Titejeanneetlapommedor.jpg","width":368,"height":527,"caption":"Tite Jeanne et la pomme dor cover"},{"@type":"BreadcrumbList","@id":"https:\/\/atlanticbooks.ca\/fr\/livres\/tite-jeanne-et-la-pomme-dor#breadcrumb","itemListElement":[{"@type":"ListItem","position":1,"name":"Domicile","item":"https:\/\/atlanticbooks.ca\/fr"},{"@type":"ListItem","position":2,"name":"Collections","item":"https:\/\/atlanticbooks.ca\/fr\/collections"},{"@type":"ListItem","position":3,"name":"Tite-Jeanne et la Pomme d&#8217;or"}]},{"@type":"WebSite","@id":"https:\/\/atlanticbooks.ca\/fr\/#website","url":"https:\/\/atlanticbooks.ca\/fr\/","name":"Atlantic Books","description":"Atlantic Books","publisher":{"@id":"https:\/\/atlanticbooks.ca\/fr\/#organization"},"potentialAction":[{"@type":"SearchAction","target":{"@type":"EntryPoint","urlTemplate":"https:\/\/atlanticbooks.ca\/fr\/?s={search_term_string}"},"query-input":{"@type":"PropertyValueSpecification","valueRequired":true,"valueName":"search_term_string"}}],"inLanguage":"fr-FR"},{"@type":"Organization","@id":"https:\/\/atlanticbooks.ca\/fr\/#organization","name":"Atlantic Books","url":"https:\/\/atlanticbooks.ca\/fr\/","logo":{"@type":"ImageObject","inLanguage":"fr-FR","@id":"https:\/\/atlanticbooks.ca\/fr\/#\/schema\/logo\/image\/","url":"https:\/\/atlanticbooks.ca\/wp-content\/uploads\/2020\/10\/atlantic-books-logo.png","contentUrl":"https:\/\/atlanticbooks.ca\/wp-content\/uploads\/2020\/10\/atlantic-books-logo.png","width":566,"height":111,"caption":"Atlantic Books"},"image":{"@id":"https:\/\/atlanticbooks.ca\/fr\/#\/schema\/logo\/image\/"}}]}},"_links":{"self":[{"href":"https:\/\/atlanticbooks.ca\/fr\/wp-json\/wp\/v2\/product\/62951","targetHints":{"allow":["GET"]}}],"collection":[{"href":"https:\/\/atlanticbooks.ca\/fr\/wp-json\/wp\/v2\/product"}],"about":[{"href":"https:\/\/atlanticbooks.ca\/fr\/wp-json\/wp\/v2\/types\/product"}],"wp:featuredmedia":[{"embeddable":true,"href":"https:\/\/atlanticbooks.ca\/fr\/wp-json\/wp\/v2\/media\/67431"}],"wp:attachment":[{"href":"https:\/\/atlanticbooks.ca\/fr\/wp-json\/wp\/v2\/media?parent=62951"}],"wp:term":[{"taxonomy":"product_brand","embeddable":true,"href":"https:\/\/atlanticbooks.ca\/fr\/wp-json\/wp\/v2\/product_brand?post=62951"},{"taxonomy":"product_cat","embeddable":true,"href":"https:\/\/atlanticbooks.ca\/fr\/wp-json\/wp\/v2\/product_cat?post=62951"},{"taxonomy":"product_tag","embeddable":true,"href":"https:\/\/atlanticbooks.ca\/fr\/wp-json\/wp\/v2\/product_tag?post=62951"}],"curies":[{"name":"wp","href":"https:\/\/api.w.org\/{rel}","templated":true}]}}