{"id":62927,"date":"2022-09-21T22:24:31","date_gmt":"2022-09-21T22:24:31","guid":{"rendered":"https:\/\/atlanticbooks.ca\/books\/luran-agus-amhaighdeann-mhara-2\/"},"modified":"2022-11-09T21:56:11","modified_gmt":"2022-11-09T21:56:11","slug":"luran-agus-amhaighdeann-mhara-2","status":"publish","type":"product","link":"https:\/\/atlanticbooks.ca\/fr\/livres\/luran-agus-amhaighdeann-mhara-2","title":{"rendered":"Luran agus a&rsquo;Mhaighdeann-mhara"},"content":{"rendered":"<div class=\"et_pb_module et_pb_post_content et_pb_post_content_0_tb_body\">\n<p><em>Bha deagh bhaile aig Luran. Bha beothaichan aige\u2014crodh, caoraich, agus eich. Agus bha deagh bh\u00e0ta aige cuideachd. Ach bha aon rud ga bhoidreagadh: bha na s\u00ectheanaich a\u2019\u2008tighinn a h-uile oidhche \u2019s bha iad a\u2019\u2008goid na beothaichean aige! Cha robh fhios aige d\u00e8 dh\u00e8anadh e. Ach latha dhe na lathaichean a bha e ag iasgach, th\u00e0inig maighdeann-mhara dhan bh\u00e0ta\u2026<\/em><\/p>\n<p>Long ago, the Gaels brought this folktale from the Isle of Barra, Scotland, to Cape Breton Island, Nova Scotia. A favourite of Cape Breton Gaelic tradition bearer Michael \u201cMickey\u201d MacNeil, this tale tells the story of Luran, a farmer and fisherman. Luran had cattle, sheep, and horses, and a good boat too. But one thing was bothering him: the fairies kept coming every night and stealing his animals. He didn\u2019t know what to do. But one day when he was out fishing, a mermaid came to his boat\u2026 (Nova Scotia Gaelic edition)<\/p>\n<\/div>\n<div class=\"et_pb_module et_pb_pods_single_item et_pb_pods_single_item_6_tb_body book-suppl-info\">\n<div class=\"et_pb_module_inner\">\n<div class=\"clearfix et_pb_module book-suppl-info et_pb_pods_single_item_6_tb_body\"><\/div>\n<\/div>\n<\/div>\n","protected":false},"excerpt":{"rendered":"<p>Bha deagh bhaile aig Luran. Bha beothaichan aige\u2014crodh, caoraich, agus eich. Agus bha deagh bh\u00e0ta aige cuideachd. Ach bha aon rud ga bhoidreagadh: bha na s\u00ectheanaich a\u2019\u2008tighinn a h-uile oidhche [&hellip;]<\/p>\n","protected":false},"featured_media":57029,"template":"","meta":{"_genesis_hide_title":false,"_genesis_hide_breadcrumbs":false,"_genesis_hide_singular_image":false,"_genesis_hide_footer_widgets":false,"_genesis_custom_body_class":"","_genesis_custom_post_class":"","_genesis_layout":""},"product_brand":[],"product_cat":[10712],"product_tag":[],"class_list":{"0":"post-62927","1":"product","2":"type-product","3":"status-publish","4":"has-post-thumbnail","5":"product_language-gla","6":"product_reading_range-12720","7":"product_reading_range-12739","8":"product_interest_range-12728","9":"product_interest_range-12737","10":"product_grade_range-seventh-grade","11":"product_grade_range-eighth-grade","12":"product_provincial_focus-ns","13":"product_edi_priority_areas-cultural-identity","14":"product_edi_priority_areas-race-and-ethnicity","15":"product_edi_illustrator-female-illustrator","16":"product_edi_publisher-gaelic-publisher","17":"product_edi_history_culture-gaelic-history-culture","18":"product_edi_characters-gaelic-characters","19":"product_edi_languages-gaelic-language","20":"biblio_share_tag-juvenile-fiction-fairy-tales-folklore-country-ethnic","21":"product_cat-abc","22":"product_shipping_class-abc-test","23":"entry","25":"first","26":"instock","27":"taxable","28":"shipping-taxable","29":"purchasable","30":"product-type-simple"},"yoast_head":"<!-- This site is optimized with the Yoast SEO plugin v24.0 - https:\/\/yoast.com\/wordpress\/plugins\/seo\/ -->\n<title>Luran agus a&#039;Mhaighdeann-mhara - Atlantic Books<\/title>\n<meta name=\"robots\" content=\"index, follow, max-snippet:-1, max-image-preview:large, max-video-preview:-1\" \/>\n<link rel=\"canonical\" href=\"https:\/\/atlanticbooks.ca\/fr\/livres\/luran-agus-amhaighdeann-mhara-2\" \/>\n<meta property=\"og:locale\" content=\"fr_FR\" \/>\n<meta property=\"og:type\" content=\"article\" \/>\n<meta property=\"og:title\" content=\"Luran agus a&#039;Mhaighdeann-mhara - Atlantic Books\" \/>\n<meta property=\"og:description\" content=\"Bha deagh bhaile aig Luran. Bha beothaichan aige\u2014crodh, caoraich, agus eich. Agus bha deagh bh\u00e0ta aige cuideachd. Ach bha aon rud ga bhoidreagadh: bha na s\u00ectheanaich a\u2019\u2008tighinn a h-uile oidhche [&hellip;]\" \/>\n<meta property=\"og:url\" content=\"https:\/\/atlanticbooks.ca\/fr\/livres\/luran-agus-amhaighdeann-mhara-2\" \/>\n<meta property=\"og:site_name\" content=\"Atlantic Books\" \/>\n<meta property=\"article:modified_time\" content=\"2022-11-09T21:56:11+00:00\" \/>\n<meta property=\"og:image\" content=\"https:\/\/atlanticbooks.mystagingwebsite.com\/wp-content\/uploads\/biblioshare_attachments\/9781988747866.png\" \/>\n\t<meta property=\"og:image:width\" content=\"611\" \/>\n\t<meta property=\"og:image:height\" content=\"611\" \/>\n\t<meta property=\"og:image:type\" content=\"image\/png\" \/>\n<meta name=\"twitter:card\" content=\"summary_large_image\" \/>\n<meta name=\"twitter:label1\" content=\"Dur\u00e9e de lecture estim\u00e9e\" \/>\n\t<meta name=\"twitter:data1\" content=\"1 minute\" \/>\n<script type=\"application\/ld+json\" class=\"yoast-schema-graph\">{\"@context\":\"https:\/\/schema.org\",\"@graph\":[{\"@type\":\"WebPage\",\"@id\":\"https:\/\/atlanticbooks.ca\/fr\/livres\/luran-agus-amhaighdeann-mhara-2\",\"url\":\"https:\/\/atlanticbooks.ca\/fr\/livres\/luran-agus-amhaighdeann-mhara-2\",\"name\":\"Luran agus a'Mhaighdeann-mhara - Atlantic Books\",\"isPartOf\":{\"@id\":\"https:\/\/atlanticbooks.ca\/fr\/#website\"},\"primaryImageOfPage\":{\"@id\":\"https:\/\/atlanticbooks.ca\/fr\/livres\/luran-agus-amhaighdeann-mhara-2#primaryimage\"},\"image\":{\"@id\":\"https:\/\/atlanticbooks.ca\/fr\/livres\/luran-agus-amhaighdeann-mhara-2#primaryimage\"},\"thumbnailUrl\":\"https:\/\/atlanticbooks.ca\/wp-content\/uploads\/biblioshare_attachments\/9781988747866.png\",\"datePublished\":\"2022-09-21T22:24:31+00:00\",\"dateModified\":\"2022-11-09T21:56:11+00:00\",\"breadcrumb\":{\"@id\":\"https:\/\/atlanticbooks.ca\/fr\/livres\/luran-agus-amhaighdeann-mhara-2#breadcrumb\"},\"inLanguage\":\"fr-FR\",\"potentialAction\":[{\"@type\":\"ReadAction\",\"target\":[\"https:\/\/atlanticbooks.ca\/fr\/livres\/luran-agus-amhaighdeann-mhara-2\"]}]},{\"@type\":\"ImageObject\",\"inLanguage\":\"fr-FR\",\"@id\":\"https:\/\/atlanticbooks.ca\/fr\/livres\/luran-agus-amhaighdeann-mhara-2#primaryimage\",\"url\":\"https:\/\/atlanticbooks.ca\/wp-content\/uploads\/biblioshare_attachments\/9781988747866.png\",\"contentUrl\":\"https:\/\/atlanticbooks.ca\/wp-content\/uploads\/biblioshare_attachments\/9781988747866.png\",\"width\":611,\"height\":611},{\"@type\":\"BreadcrumbList\",\"@id\":\"https:\/\/atlanticbooks.ca\/fr\/livres\/luran-agus-amhaighdeann-mhara-2#breadcrumb\",\"itemListElement\":[{\"@type\":\"ListItem\",\"position\":1,\"name\":\"Domicile\",\"item\":\"https:\/\/atlanticbooks.ca\/fr\"},{\"@type\":\"ListItem\",\"position\":2,\"name\":\"Collections\",\"item\":\"https:\/\/atlanticbooks.ca\/fr\/collections\"},{\"@type\":\"ListItem\",\"position\":3,\"name\":\"Luran agus a&#8217;Mhaighdeann-mhara\"}]},{\"@type\":\"WebSite\",\"@id\":\"https:\/\/atlanticbooks.ca\/fr\/#website\",\"url\":\"https:\/\/atlanticbooks.ca\/fr\/\",\"name\":\"Atlantic Books\",\"description\":\"Atlantic Books\",\"publisher\":{\"@id\":\"https:\/\/atlanticbooks.ca\/fr\/#organization\"},\"potentialAction\":[{\"@type\":\"SearchAction\",\"target\":{\"@type\":\"EntryPoint\",\"urlTemplate\":\"https:\/\/atlanticbooks.ca\/fr\/?s={search_term_string}\"},\"query-input\":{\"@type\":\"PropertyValueSpecification\",\"valueRequired\":true,\"valueName\":\"search_term_string\"}}],\"inLanguage\":\"fr-FR\"},{\"@type\":\"Organization\",\"@id\":\"https:\/\/atlanticbooks.ca\/fr\/#organization\",\"name\":\"Atlantic Books\",\"url\":\"https:\/\/atlanticbooks.ca\/fr\/\",\"logo\":{\"@type\":\"ImageObject\",\"inLanguage\":\"fr-FR\",\"@id\":\"https:\/\/atlanticbooks.ca\/fr\/#\/schema\/logo\/image\/\",\"url\":\"https:\/\/atlanticbooks.ca\/wp-content\/uploads\/2020\/10\/atlantic-books-logo.png\",\"contentUrl\":\"https:\/\/atlanticbooks.ca\/wp-content\/uploads\/2020\/10\/atlantic-books-logo.png\",\"width\":566,\"height\":111,\"caption\":\"Atlantic Books\"},\"image\":{\"@id\":\"https:\/\/atlanticbooks.ca\/fr\/#\/schema\/logo\/image\/\"}}]}<\/script>\n<!-- \/ Yoast SEO plugin. -->","yoast_head_json":{"title":"Luran agus a'Mhaighdeann-mhara - Atlantic Books","robots":{"index":"index","follow":"follow","max-snippet":"max-snippet:-1","max-image-preview":"max-image-preview:large","max-video-preview":"max-video-preview:-1"},"canonical":"https:\/\/atlanticbooks.ca\/fr\/livres\/luran-agus-amhaighdeann-mhara-2","og_locale":"fr_FR","og_type":"article","og_title":"Luran agus a'Mhaighdeann-mhara - Atlantic Books","og_description":"Bha deagh bhaile aig Luran. Bha beothaichan aige\u2014crodh, caoraich, agus eich. Agus bha deagh bh\u00e0ta aige cuideachd. Ach bha aon rud ga bhoidreagadh: bha na s\u00ectheanaich a\u2019\u2008tighinn a h-uile oidhche [&hellip;]","og_url":"https:\/\/atlanticbooks.ca\/fr\/livres\/luran-agus-amhaighdeann-mhara-2","og_site_name":"Atlantic Books","article_modified_time":"2022-11-09T21:56:11+00:00","og_image":[{"width":611,"height":611,"url":"https:\/\/atlanticbooks.mystagingwebsite.com\/wp-content\/uploads\/biblioshare_attachments\/9781988747866.png","type":"image\/png"}],"twitter_card":"summary_large_image","twitter_misc":{"Dur\u00e9e de lecture estim\u00e9e":"1 minute"},"schema":{"@context":"https:\/\/schema.org","@graph":[{"@type":"WebPage","@id":"https:\/\/atlanticbooks.ca\/fr\/livres\/luran-agus-amhaighdeann-mhara-2","url":"https:\/\/atlanticbooks.ca\/fr\/livres\/luran-agus-amhaighdeann-mhara-2","name":"Luran agus a'Mhaighdeann-mhara - Atlantic Books","isPartOf":{"@id":"https:\/\/atlanticbooks.ca\/fr\/#website"},"primaryImageOfPage":{"@id":"https:\/\/atlanticbooks.ca\/fr\/livres\/luran-agus-amhaighdeann-mhara-2#primaryimage"},"image":{"@id":"https:\/\/atlanticbooks.ca\/fr\/livres\/luran-agus-amhaighdeann-mhara-2#primaryimage"},"thumbnailUrl":"https:\/\/atlanticbooks.ca\/wp-content\/uploads\/biblioshare_attachments\/9781988747866.png","datePublished":"2022-09-21T22:24:31+00:00","dateModified":"2022-11-09T21:56:11+00:00","breadcrumb":{"@id":"https:\/\/atlanticbooks.ca\/fr\/livres\/luran-agus-amhaighdeann-mhara-2#breadcrumb"},"inLanguage":"fr-FR","potentialAction":[{"@type":"ReadAction","target":["https:\/\/atlanticbooks.ca\/fr\/livres\/luran-agus-amhaighdeann-mhara-2"]}]},{"@type":"ImageObject","inLanguage":"fr-FR","@id":"https:\/\/atlanticbooks.ca\/fr\/livres\/luran-agus-amhaighdeann-mhara-2#primaryimage","url":"https:\/\/atlanticbooks.ca\/wp-content\/uploads\/biblioshare_attachments\/9781988747866.png","contentUrl":"https:\/\/atlanticbooks.ca\/wp-content\/uploads\/biblioshare_attachments\/9781988747866.png","width":611,"height":611},{"@type":"BreadcrumbList","@id":"https:\/\/atlanticbooks.ca\/fr\/livres\/luran-agus-amhaighdeann-mhara-2#breadcrumb","itemListElement":[{"@type":"ListItem","position":1,"name":"Domicile","item":"https:\/\/atlanticbooks.ca\/fr"},{"@type":"ListItem","position":2,"name":"Collections","item":"https:\/\/atlanticbooks.ca\/fr\/collections"},{"@type":"ListItem","position":3,"name":"Luran agus a&#8217;Mhaighdeann-mhara"}]},{"@type":"WebSite","@id":"https:\/\/atlanticbooks.ca\/fr\/#website","url":"https:\/\/atlanticbooks.ca\/fr\/","name":"Atlantic Books","description":"Atlantic Books","publisher":{"@id":"https:\/\/atlanticbooks.ca\/fr\/#organization"},"potentialAction":[{"@type":"SearchAction","target":{"@type":"EntryPoint","urlTemplate":"https:\/\/atlanticbooks.ca\/fr\/?s={search_term_string}"},"query-input":{"@type":"PropertyValueSpecification","valueRequired":true,"valueName":"search_term_string"}}],"inLanguage":"fr-FR"},{"@type":"Organization","@id":"https:\/\/atlanticbooks.ca\/fr\/#organization","name":"Atlantic Books","url":"https:\/\/atlanticbooks.ca\/fr\/","logo":{"@type":"ImageObject","inLanguage":"fr-FR","@id":"https:\/\/atlanticbooks.ca\/fr\/#\/schema\/logo\/image\/","url":"https:\/\/atlanticbooks.ca\/wp-content\/uploads\/2020\/10\/atlantic-books-logo.png","contentUrl":"https:\/\/atlanticbooks.ca\/wp-content\/uploads\/2020\/10\/atlantic-books-logo.png","width":566,"height":111,"caption":"Atlantic Books"},"image":{"@id":"https:\/\/atlanticbooks.ca\/fr\/#\/schema\/logo\/image\/"}}]}},"_links":{"self":[{"href":"https:\/\/atlanticbooks.ca\/fr\/wp-json\/wp\/v2\/product\/62927","targetHints":{"allow":["GET"]}}],"collection":[{"href":"https:\/\/atlanticbooks.ca\/fr\/wp-json\/wp\/v2\/product"}],"about":[{"href":"https:\/\/atlanticbooks.ca\/fr\/wp-json\/wp\/v2\/types\/product"}],"wp:featuredmedia":[{"embeddable":true,"href":"https:\/\/atlanticbooks.ca\/fr\/wp-json\/wp\/v2\/media\/57029"}],"wp:attachment":[{"href":"https:\/\/atlanticbooks.ca\/fr\/wp-json\/wp\/v2\/media?parent=62927"}],"wp:term":[{"taxonomy":"product_brand","embeddable":true,"href":"https:\/\/atlanticbooks.ca\/fr\/wp-json\/wp\/v2\/product_brand?post=62927"},{"taxonomy":"product_cat","embeddable":true,"href":"https:\/\/atlanticbooks.ca\/fr\/wp-json\/wp\/v2\/product_cat?post=62927"},{"taxonomy":"product_tag","embeddable":true,"href":"https:\/\/atlanticbooks.ca\/fr\/wp-json\/wp\/v2\/product_tag?post=62927"}],"curies":[{"name":"wp","href":"https:\/\/api.w.org\/{rel}","templated":true}]}}