{"id":62781,"date":"2022-11-07T14:36:39","date_gmt":"2022-11-07T14:36:39","guid":{"rendered":"https:\/\/atlanticbooks.ca\/books\/adelaide-au-couvent\/"},"modified":"2023-08-23T18:24:27","modified_gmt":"2023-08-23T18:24:27","slug":"adelaide-au-couvent","status":"publish","type":"product","link":"https:\/\/atlanticbooks.ca\/fr\/livres\/adelaide-au-couvent","title":{"rendered":"Ad\u00e9la\u00efde au couvent"},"content":{"rendered":"<p>English description follows.<\/p>\n<p>Apr\u00e8s avoir embauch\u00e9 trois gouvernantes, le p\u00e8re d\u2019Ad\u00e9la\u00efde, notaire \u00e0 Qu\u00e9bec, n\u2019en peut plus : Ad\u00e9la\u00efde ira pensionnaire au couvent de Lam\u00e8que. Pour une jeune fille qui a habit\u00e9 toute sa vie dans une grande ville, le village de Lam\u00e8que, c\u2019est le bout du monde ! C\u2019est tellement loin que le train ne s\u2019y rend m\u00eame pas. \u00c0 son arriv\u00e9e, les pensionnaires la boudent. Qui \u00e9tait Eug\u00e9nie Losier, la pensionnaire qui a occup\u00e9 le lit d\u2019Ad\u00e9la\u00efde ? Comment est-elle morte ? Pourquoi apparait-elle dans les r\u00eaves d\u2019Ad\u00e9la\u00efde ? Heureusement qu\u2019il y a la musique et les vacances qui approchent&#8230;<\/p>\n<p>After having tried three governesses, Adela\u00efde\u2019s father, a notary in Qu\u00e9bec, can\u2019t take it anymore. Adela\u00efde will go to boarding school at the convent in Lam\u00e8que. For a young girl who has lived all her life in a big city, the island of Lam\u00e8que is the end of the world! It\u2019s so far away that the train doesn\u2019t even go there. And her arrival does not bode well; the residents shun her. Who was Eug\u00e9nie Losier, the resident who occupied her bed before her? How did she die? Why does she appear in Adela\u00efde\u2019s dreams? Luckily there\u2019s music and the holidays are coming up&#8230;<\/p>\n","protected":false},"excerpt":{"rendered":"<p>English description follows. Apr\u00e8s avoir embauch\u00e9 trois gouvernantes, le p\u00e8re d\u2019Ad\u00e9la\u00efde, notaire \u00e0 Qu\u00e9bec, n\u2019en peut plus : Ad\u00e9la\u00efde ira pensionnaire au couvent de Lam\u00e8que. Pour une jeune fille qui [&hellip;]<\/p>\n","protected":false},"featured_media":61623,"template":"","meta":{"_genesis_hide_title":false,"_genesis_hide_breadcrumbs":false,"_genesis_hide_singular_image":false,"_genesis_hide_footer_widgets":false,"_genesis_custom_body_class":"","_genesis_custom_post_class":"","_genesis_layout":""},"product_brand":[],"product_cat":[14957,10712,14164],"product_tag":[],"class_list":{"0":"post-62781","1":"product","2":"type-product","3":"status-publish","4":"has-post-thumbnail","5":"product_language-fre","6":"product_subjects-juvenile-fiction","7":"product_subjects-historical-juvenile-fiction","8":"product_subjects-canada-historical-juvenile-fiction","9":"product_subjects-post-confederation-1867-canada-historical-juvenile-fiction","10":"product_reading_range-12730","11":"product_reading_range-12731","12":"product_reading_range-12732","13":"product_reading_range-12717","14":"product_reading_range-12718","15":"product_interest_range-12712","16":"product_interest_range-12713","17":"product_interest_range-12714","18":"product_interest_range-12715","19":"product_interest_range-12716","20":"product_grade_range-third-grade","21":"product_grade_range-fourth-grade","22":"product_grade_range-fifth-grade","23":"product_grade_range-sixth-grade","24":"product_grade_range-seventh-grade","25":"product_curriculumsubject-social-studies","26":"product_curriculumsubject-canadian-history","27":"product_provincial_focus-nb","28":"product_edi_author-female-author","29":"product_edi_author-acadian-author","30":"product_edi_author-french-canadian-author","31":"product_edi_illustrator-female-illustrator","32":"product_edi_publisher-acadian-publisher","33":"product_edi_publisher-french-canadian-publisher","34":"product_edi_languages-french-language","35":"biblio_share_tag-juvenile-fiction-historical-canada-post-confederation-1867","36":"product_cat-holiday-2022","37":"product_cat-abc","38":"product_cat-fall-books-abt-96","39":"product_shipping_class-abc-test","40":"entry","42":"first","43":"instock","44":"taxable","45":"shipping-taxable","46":"purchasable","47":"product-type-simple"},"yoast_head":"<!-- This site is optimized with the Yoast SEO plugin v24.0 - https:\/\/yoast.com\/wordpress\/plugins\/seo\/ -->\n<title>Ad\u00e9la\u00efde au couvent - Atlantic Books<\/title>\n<meta name=\"robots\" content=\"index, follow, max-snippet:-1, max-image-preview:large, max-video-preview:-1\" \/>\n<link rel=\"canonical\" href=\"https:\/\/atlanticbooks.ca\/fr\/livres\/adelaide-au-couvent\" \/>\n<meta property=\"og:locale\" content=\"fr_FR\" \/>\n<meta property=\"og:type\" content=\"article\" \/>\n<meta property=\"og:title\" content=\"Ad\u00e9la\u00efde au couvent - Atlantic Books\" \/>\n<meta property=\"og:description\" content=\"English description follows. Apr\u00e8s avoir embauch\u00e9 trois gouvernantes, le p\u00e8re d\u2019Ad\u00e9la\u00efde, notaire \u00e0 Qu\u00e9bec, n\u2019en peut plus : Ad\u00e9la\u00efde ira pensionnaire au couvent de Lam\u00e8que. Pour une jeune fille qui [&hellip;]\" \/>\n<meta property=\"og:url\" content=\"https:\/\/atlanticbooks.ca\/fr\/livres\/adelaide-au-couvent\" \/>\n<meta property=\"og:site_name\" content=\"Atlantic Books\" \/>\n<meta property=\"article:modified_time\" content=\"2023-08-23T18:24:27+00:00\" \/>\n<meta property=\"og:image\" content=\"https:\/\/atlanticbooks.mystagingwebsite.com\/wp-content\/uploads\/biblioshare_attachments\/9782897502874.png\" \/>\n\t<meta property=\"og:image:width\" content=\"900\" \/>\n\t<meta property=\"og:image:height\" content=\"1313\" \/>\n\t<meta property=\"og:image:type\" content=\"image\/png\" \/>\n<meta name=\"twitter:card\" content=\"summary_large_image\" \/>\n<meta name=\"twitter:label1\" content=\"Dur\u00e9e de lecture estim\u00e9e\" \/>\n\t<meta name=\"twitter:data1\" content=\"1 minute\" \/>\n<script type=\"application\/ld+json\" class=\"yoast-schema-graph\">{\"@context\":\"https:\/\/schema.org\",\"@graph\":[{\"@type\":\"WebPage\",\"@id\":\"https:\/\/atlanticbooks.ca\/fr\/livres\/adelaide-au-couvent\",\"url\":\"https:\/\/atlanticbooks.ca\/fr\/livres\/adelaide-au-couvent\",\"name\":\"Ad\u00e9la\u00efde au couvent - Atlantic Books\",\"isPartOf\":{\"@id\":\"https:\/\/atlanticbooks.ca\/fr\/#website\"},\"primaryImageOfPage\":{\"@id\":\"https:\/\/atlanticbooks.ca\/fr\/livres\/adelaide-au-couvent#primaryimage\"},\"image\":{\"@id\":\"https:\/\/atlanticbooks.ca\/fr\/livres\/adelaide-au-couvent#primaryimage\"},\"thumbnailUrl\":\"https:\/\/atlanticbooks.ca\/wp-content\/uploads\/biblioshare_attachments\/9782897502874.png\",\"datePublished\":\"2022-11-07T14:36:39+00:00\",\"dateModified\":\"2023-08-23T18:24:27+00:00\",\"breadcrumb\":{\"@id\":\"https:\/\/atlanticbooks.ca\/fr\/livres\/adelaide-au-couvent#breadcrumb\"},\"inLanguage\":\"fr-FR\",\"potentialAction\":[{\"@type\":\"ReadAction\",\"target\":[\"https:\/\/atlanticbooks.ca\/fr\/livres\/adelaide-au-couvent\"]}]},{\"@type\":\"ImageObject\",\"inLanguage\":\"fr-FR\",\"@id\":\"https:\/\/atlanticbooks.ca\/fr\/livres\/adelaide-au-couvent#primaryimage\",\"url\":\"https:\/\/atlanticbooks.ca\/wp-content\/uploads\/biblioshare_attachments\/9782897502874.png\",\"contentUrl\":\"https:\/\/atlanticbooks.ca\/wp-content\/uploads\/biblioshare_attachments\/9782897502874.png\",\"width\":900,\"height\":1313},{\"@type\":\"BreadcrumbList\",\"@id\":\"https:\/\/atlanticbooks.ca\/fr\/livres\/adelaide-au-couvent#breadcrumb\",\"itemListElement\":[{\"@type\":\"ListItem\",\"position\":1,\"name\":\"Domicile\",\"item\":\"https:\/\/atlanticbooks.ca\/fr\"},{\"@type\":\"ListItem\",\"position\":2,\"name\":\"Collections\",\"item\":\"https:\/\/atlanticbooks.ca\/fr\/collections\"},{\"@type\":\"ListItem\",\"position\":3,\"name\":\"Ad\u00e9la\u00efde au couvent\"}]},{\"@type\":\"WebSite\",\"@id\":\"https:\/\/atlanticbooks.ca\/fr\/#website\",\"url\":\"https:\/\/atlanticbooks.ca\/fr\/\",\"name\":\"Atlantic Books\",\"description\":\"Atlantic Books\",\"publisher\":{\"@id\":\"https:\/\/atlanticbooks.ca\/fr\/#organization\"},\"potentialAction\":[{\"@type\":\"SearchAction\",\"target\":{\"@type\":\"EntryPoint\",\"urlTemplate\":\"https:\/\/atlanticbooks.ca\/fr\/?s={search_term_string}\"},\"query-input\":{\"@type\":\"PropertyValueSpecification\",\"valueRequired\":true,\"valueName\":\"search_term_string\"}}],\"inLanguage\":\"fr-FR\"},{\"@type\":\"Organization\",\"@id\":\"https:\/\/atlanticbooks.ca\/fr\/#organization\",\"name\":\"Atlantic Books\",\"url\":\"https:\/\/atlanticbooks.ca\/fr\/\",\"logo\":{\"@type\":\"ImageObject\",\"inLanguage\":\"fr-FR\",\"@id\":\"https:\/\/atlanticbooks.ca\/fr\/#\/schema\/logo\/image\/\",\"url\":\"https:\/\/atlanticbooks.ca\/wp-content\/uploads\/2020\/10\/atlantic-books-logo.png\",\"contentUrl\":\"https:\/\/atlanticbooks.ca\/wp-content\/uploads\/2020\/10\/atlantic-books-logo.png\",\"width\":566,\"height\":111,\"caption\":\"Atlantic Books\"},\"image\":{\"@id\":\"https:\/\/atlanticbooks.ca\/fr\/#\/schema\/logo\/image\/\"}}]}<\/script>\n<!-- \/ Yoast SEO plugin. -->","yoast_head_json":{"title":"Ad\u00e9la\u00efde au couvent - Atlantic Books","robots":{"index":"index","follow":"follow","max-snippet":"max-snippet:-1","max-image-preview":"max-image-preview:large","max-video-preview":"max-video-preview:-1"},"canonical":"https:\/\/atlanticbooks.ca\/fr\/livres\/adelaide-au-couvent","og_locale":"fr_FR","og_type":"article","og_title":"Ad\u00e9la\u00efde au couvent - Atlantic Books","og_description":"English description follows. Apr\u00e8s avoir embauch\u00e9 trois gouvernantes, le p\u00e8re d\u2019Ad\u00e9la\u00efde, notaire \u00e0 Qu\u00e9bec, n\u2019en peut plus : Ad\u00e9la\u00efde ira pensionnaire au couvent de Lam\u00e8que. Pour une jeune fille qui [&hellip;]","og_url":"https:\/\/atlanticbooks.ca\/fr\/livres\/adelaide-au-couvent","og_site_name":"Atlantic Books","article_modified_time":"2023-08-23T18:24:27+00:00","og_image":[{"width":900,"height":1313,"url":"https:\/\/atlanticbooks.mystagingwebsite.com\/wp-content\/uploads\/biblioshare_attachments\/9782897502874.png","type":"image\/png"}],"twitter_card":"summary_large_image","twitter_misc":{"Dur\u00e9e de lecture estim\u00e9e":"1 minute"},"schema":{"@context":"https:\/\/schema.org","@graph":[{"@type":"WebPage","@id":"https:\/\/atlanticbooks.ca\/fr\/livres\/adelaide-au-couvent","url":"https:\/\/atlanticbooks.ca\/fr\/livres\/adelaide-au-couvent","name":"Ad\u00e9la\u00efde au couvent - Atlantic Books","isPartOf":{"@id":"https:\/\/atlanticbooks.ca\/fr\/#website"},"primaryImageOfPage":{"@id":"https:\/\/atlanticbooks.ca\/fr\/livres\/adelaide-au-couvent#primaryimage"},"image":{"@id":"https:\/\/atlanticbooks.ca\/fr\/livres\/adelaide-au-couvent#primaryimage"},"thumbnailUrl":"https:\/\/atlanticbooks.ca\/wp-content\/uploads\/biblioshare_attachments\/9782897502874.png","datePublished":"2022-11-07T14:36:39+00:00","dateModified":"2023-08-23T18:24:27+00:00","breadcrumb":{"@id":"https:\/\/atlanticbooks.ca\/fr\/livres\/adelaide-au-couvent#breadcrumb"},"inLanguage":"fr-FR","potentialAction":[{"@type":"ReadAction","target":["https:\/\/atlanticbooks.ca\/fr\/livres\/adelaide-au-couvent"]}]},{"@type":"ImageObject","inLanguage":"fr-FR","@id":"https:\/\/atlanticbooks.ca\/fr\/livres\/adelaide-au-couvent#primaryimage","url":"https:\/\/atlanticbooks.ca\/wp-content\/uploads\/biblioshare_attachments\/9782897502874.png","contentUrl":"https:\/\/atlanticbooks.ca\/wp-content\/uploads\/biblioshare_attachments\/9782897502874.png","width":900,"height":1313},{"@type":"BreadcrumbList","@id":"https:\/\/atlanticbooks.ca\/fr\/livres\/adelaide-au-couvent#breadcrumb","itemListElement":[{"@type":"ListItem","position":1,"name":"Domicile","item":"https:\/\/atlanticbooks.ca\/fr"},{"@type":"ListItem","position":2,"name":"Collections","item":"https:\/\/atlanticbooks.ca\/fr\/collections"},{"@type":"ListItem","position":3,"name":"Ad\u00e9la\u00efde au couvent"}]},{"@type":"WebSite","@id":"https:\/\/atlanticbooks.ca\/fr\/#website","url":"https:\/\/atlanticbooks.ca\/fr\/","name":"Atlantic Books","description":"Atlantic Books","publisher":{"@id":"https:\/\/atlanticbooks.ca\/fr\/#organization"},"potentialAction":[{"@type":"SearchAction","target":{"@type":"EntryPoint","urlTemplate":"https:\/\/atlanticbooks.ca\/fr\/?s={search_term_string}"},"query-input":{"@type":"PropertyValueSpecification","valueRequired":true,"valueName":"search_term_string"}}],"inLanguage":"fr-FR"},{"@type":"Organization","@id":"https:\/\/atlanticbooks.ca\/fr\/#organization","name":"Atlantic Books","url":"https:\/\/atlanticbooks.ca\/fr\/","logo":{"@type":"ImageObject","inLanguage":"fr-FR","@id":"https:\/\/atlanticbooks.ca\/fr\/#\/schema\/logo\/image\/","url":"https:\/\/atlanticbooks.ca\/wp-content\/uploads\/2020\/10\/atlantic-books-logo.png","contentUrl":"https:\/\/atlanticbooks.ca\/wp-content\/uploads\/2020\/10\/atlantic-books-logo.png","width":566,"height":111,"caption":"Atlantic Books"},"image":{"@id":"https:\/\/atlanticbooks.ca\/fr\/#\/schema\/logo\/image\/"}}]}},"_links":{"self":[{"href":"https:\/\/atlanticbooks.ca\/fr\/wp-json\/wp\/v2\/product\/62781","targetHints":{"allow":["GET"]}}],"collection":[{"href":"https:\/\/atlanticbooks.ca\/fr\/wp-json\/wp\/v2\/product"}],"about":[{"href":"https:\/\/atlanticbooks.ca\/fr\/wp-json\/wp\/v2\/types\/product"}],"wp:featuredmedia":[{"embeddable":true,"href":"https:\/\/atlanticbooks.ca\/fr\/wp-json\/wp\/v2\/media\/61623"}],"wp:attachment":[{"href":"https:\/\/atlanticbooks.ca\/fr\/wp-json\/wp\/v2\/media?parent=62781"}],"wp:term":[{"taxonomy":"product_brand","embeddable":true,"href":"https:\/\/atlanticbooks.ca\/fr\/wp-json\/wp\/v2\/product_brand?post=62781"},{"taxonomy":"product_cat","embeddable":true,"href":"https:\/\/atlanticbooks.ca\/fr\/wp-json\/wp\/v2\/product_cat?post=62781"},{"taxonomy":"product_tag","embeddable":true,"href":"https:\/\/atlanticbooks.ca\/fr\/wp-json\/wp\/v2\/product_tag?post=62781"}],"curies":[{"name":"wp","href":"https:\/\/api.w.org\/{rel}","templated":true}]}}