{"id":62659,"date":"2022-10-03T13:30:09","date_gmt":"2022-10-03T13:30:09","guid":{"rendered":"https:\/\/atlanticbooks.ca\/books\/un-petit-animal-pour-petit-frere-emballage-de-6\/"},"modified":"2022-11-17T12:43:23","modified_gmt":"2022-11-17T12:43:23","slug":"un-petit-animal-pour-petit-frere-emballage-de-6","status":"publish","type":"product","link":"https:\/\/atlanticbooks.ca\/fr\/livres\/un-petit-animal-pour-petit-frere-emballage-de-6","title":{"rendered":"Un petit animal pour Petit-fr\u00e8re (emballage de 6)"},"content":{"rendered":"<p>Une collection de 156 livres, soigneusement nivel\u00e9s, qui comprend un vari\u00e9t\u00e9 de textes comme des r\u00e9cits, des l\u00e9gendes, des fables, des marches \u00e0 suivre ainsi qu&rsquo;une multitude de textes informatifs. La collection pr\u00e9sente des personnages et des situations qui refl\u00e8tent la diversit\u00e9 multiculturelle du Canada.<\/p>\n","protected":false},"excerpt":{"rendered":"<p>Une collection de 156 livres, soigneusement nivel\u00e9s, qui comprend un vari\u00e9t\u00e9 de textes comme des r\u00e9cits, des l\u00e9gendes, des fables, des marches \u00e0 suivre ainsi qu&rsquo;une multitude de textes informatifs. La collection pr\u00e9sente des personnages et des situations qui refl\u00e8tent la diversit\u00e9 multiculturelle du Canada.<\/p>\n","protected":false},"featured_media":68849,"template":"","meta":{"_genesis_hide_title":false,"_genesis_hide_breadcrumbs":false,"_genesis_hide_singular_image":false,"_genesis_hide_footer_widgets":false,"_genesis_custom_body_class":"","_genesis_custom_post_class":"","_genesis_layout":""},"product_brand":[],"product_cat":[10712],"product_tag":[],"class_list":{"0":"post-62659","1":"product","2":"type-product","3":"status-publish","4":"has-post-thumbnail","5":"product_language-fre","6":"product_subjects-readers","7":"product_subjects-juvenile-fiction","8":"product_subjects-beginner","9":"product_reading_range-12717","10":"product_reading_range-12729","11":"product_reading_range-12754","12":"product_reading_range-12755","13":"product_reading_range-12756","14":"product_reading_range-12757","15":"product_interest_range-12709","16":"product_interest_range-12710","17":"product_interest_range-12711","18":"product_interest_range-12712","19":"product_interest_range-12744","20":"product_interest_range-12708","21":"product_grade_range-pre-primary-pre-kindergarten","22":"product_grade_range-kindergarten","23":"product_grade_range-first-grade","24":"product_grade_range-second-grade","25":"product_grade_range-third-grade","26":"product_curriculumsubject-immersion-2","27":"product_curriculumsubject-francais-arts-langagiers","28":"product_skills_concepts-early-literacy","29":"product_edi_languages-french-language","30":"biblio_share_tag-juvenile-fiction-readers-beginner","31":"product_cat-abc","32":"product_shipping_class-abc-test","33":"entry","35":"first","36":"instock","37":"taxable","38":"shipping-taxable","39":"purchasable","40":"product-type-simple"},"yoast_head":"<!-- This site is optimized with the Yoast SEO plugin v24.0 - https:\/\/yoast.com\/wordpress\/plugins\/seo\/ -->\n<title>Un petit animal pour Petit-fr\u00e8re (emballage de 6) - Atlantic Books<\/title>\n<meta name=\"robots\" content=\"index, follow, max-snippet:-1, max-image-preview:large, max-video-preview:-1\" \/>\n<link rel=\"canonical\" href=\"https:\/\/atlanticbooks.ca\/fr\/livres\/un-petit-animal-pour-petit-frere-emballage-de-6\" \/>\n<meta property=\"og:locale\" content=\"fr_FR\" \/>\n<meta property=\"og:type\" content=\"article\" \/>\n<meta property=\"og:title\" content=\"Un petit animal pour Petit-fr\u00e8re (emballage de 6) - Atlantic Books\" \/>\n<meta property=\"og:description\" content=\"Une collection de 156 livres, soigneusement nivel\u00e9s, qui comprend un vari\u00e9t\u00e9 de textes comme des r\u00e9cits, des l\u00e9gendes, des fables, des marches \u00e0 suivre ainsi qu&#039;une multitude de textes informatifs. La collection pr\u00e9sente des personnages et des situations qui refl\u00e8tent la diversit\u00e9 multiculturelle du Canada.\" \/>\n<meta property=\"og:url\" content=\"https:\/\/atlanticbooks.ca\/fr\/livres\/un-petit-animal-pour-petit-frere-emballage-de-6\" \/>\n<meta property=\"og:site_name\" content=\"Atlantic Books\" \/>\n<meta property=\"article:modified_time\" content=\"2022-11-17T12:43:23+00:00\" \/>\n<meta property=\"og:image\" content=\"https:\/\/atlanticbooks.mystagingwebsite.com\/wp-content\/uploads\/biblioshare_attachments\/9781553487371.png\" \/>\n\t<meta property=\"og:image:width\" content=\"550\" \/>\n\t<meta property=\"og:image:height\" content=\"731\" \/>\n\t<meta property=\"og:image:type\" content=\"image\/png\" \/>\n<meta name=\"twitter:card\" content=\"summary_large_image\" \/>\n<script type=\"application\/ld+json\" class=\"yoast-schema-graph\">{\"@context\":\"https:\/\/schema.org\",\"@graph\":[{\"@type\":\"WebPage\",\"@id\":\"https:\/\/atlanticbooks.ca\/fr\/livres\/un-petit-animal-pour-petit-frere-emballage-de-6\",\"url\":\"https:\/\/atlanticbooks.ca\/fr\/livres\/un-petit-animal-pour-petit-frere-emballage-de-6\",\"name\":\"Un petit animal pour Petit-fr\u00e8re (emballage de 6) - Atlantic Books\",\"isPartOf\":{\"@id\":\"https:\/\/atlanticbooks.ca\/fr\/#website\"},\"primaryImageOfPage\":{\"@id\":\"https:\/\/atlanticbooks.ca\/fr\/livres\/un-petit-animal-pour-petit-frere-emballage-de-6#primaryimage\"},\"image\":{\"@id\":\"https:\/\/atlanticbooks.ca\/fr\/livres\/un-petit-animal-pour-petit-frere-emballage-de-6#primaryimage\"},\"thumbnailUrl\":\"https:\/\/atlanticbooks.ca\/wp-content\/uploads\/biblioshare_attachments\/9781553487371.png\",\"datePublished\":\"2022-10-03T13:30:09+00:00\",\"dateModified\":\"2022-11-17T12:43:23+00:00\",\"breadcrumb\":{\"@id\":\"https:\/\/atlanticbooks.ca\/fr\/livres\/un-petit-animal-pour-petit-frere-emballage-de-6#breadcrumb\"},\"inLanguage\":\"fr-FR\",\"potentialAction\":[{\"@type\":\"ReadAction\",\"target\":[\"https:\/\/atlanticbooks.ca\/fr\/livres\/un-petit-animal-pour-petit-frere-emballage-de-6\"]}]},{\"@type\":\"ImageObject\",\"inLanguage\":\"fr-FR\",\"@id\":\"https:\/\/atlanticbooks.ca\/fr\/livres\/un-petit-animal-pour-petit-frere-emballage-de-6#primaryimage\",\"url\":\"https:\/\/atlanticbooks.ca\/wp-content\/uploads\/biblioshare_attachments\/9781553487371.png\",\"contentUrl\":\"https:\/\/atlanticbooks.ca\/wp-content\/uploads\/biblioshare_attachments\/9781553487371.png\",\"width\":550,\"height\":731},{\"@type\":\"BreadcrumbList\",\"@id\":\"https:\/\/atlanticbooks.ca\/fr\/livres\/un-petit-animal-pour-petit-frere-emballage-de-6#breadcrumb\",\"itemListElement\":[{\"@type\":\"ListItem\",\"position\":1,\"name\":\"Domicile\",\"item\":\"https:\/\/atlanticbooks.ca\/fr\"},{\"@type\":\"ListItem\",\"position\":2,\"name\":\"Collections\",\"item\":\"https:\/\/atlanticbooks.ca\/fr\/collections\"},{\"@type\":\"ListItem\",\"position\":3,\"name\":\"Un petit animal pour Petit-fr\u00e8re (emballage de 6)\"}]},{\"@type\":\"WebSite\",\"@id\":\"https:\/\/atlanticbooks.ca\/fr\/#website\",\"url\":\"https:\/\/atlanticbooks.ca\/fr\/\",\"name\":\"Atlantic Books\",\"description\":\"Atlantic Books\",\"publisher\":{\"@id\":\"https:\/\/atlanticbooks.ca\/fr\/#organization\"},\"potentialAction\":[{\"@type\":\"SearchAction\",\"target\":{\"@type\":\"EntryPoint\",\"urlTemplate\":\"https:\/\/atlanticbooks.ca\/fr\/?s={search_term_string}\"},\"query-input\":{\"@type\":\"PropertyValueSpecification\",\"valueRequired\":true,\"valueName\":\"search_term_string\"}}],\"inLanguage\":\"fr-FR\"},{\"@type\":\"Organization\",\"@id\":\"https:\/\/atlanticbooks.ca\/fr\/#organization\",\"name\":\"Atlantic Books\",\"url\":\"https:\/\/atlanticbooks.ca\/fr\/\",\"logo\":{\"@type\":\"ImageObject\",\"inLanguage\":\"fr-FR\",\"@id\":\"https:\/\/atlanticbooks.ca\/fr\/#\/schema\/logo\/image\/\",\"url\":\"https:\/\/atlanticbooks.ca\/wp-content\/uploads\/2020\/10\/atlantic-books-logo.png\",\"contentUrl\":\"https:\/\/atlanticbooks.ca\/wp-content\/uploads\/2020\/10\/atlantic-books-logo.png\",\"width\":566,\"height\":111,\"caption\":\"Atlantic Books\"},\"image\":{\"@id\":\"https:\/\/atlanticbooks.ca\/fr\/#\/schema\/logo\/image\/\"}}]}<\/script>\n<!-- \/ Yoast SEO plugin. -->","yoast_head_json":{"title":"Un petit animal pour Petit-fr\u00e8re (emballage de 6) - Atlantic Books","robots":{"index":"index","follow":"follow","max-snippet":"max-snippet:-1","max-image-preview":"max-image-preview:large","max-video-preview":"max-video-preview:-1"},"canonical":"https:\/\/atlanticbooks.ca\/fr\/livres\/un-petit-animal-pour-petit-frere-emballage-de-6","og_locale":"fr_FR","og_type":"article","og_title":"Un petit animal pour Petit-fr\u00e8re (emballage de 6) - Atlantic Books","og_description":"Une collection de 156 livres, soigneusement nivel\u00e9s, qui comprend un vari\u00e9t\u00e9 de textes comme des r\u00e9cits, des l\u00e9gendes, des fables, des marches \u00e0 suivre ainsi qu'une multitude de textes informatifs. La collection pr\u00e9sente des personnages et des situations qui refl\u00e8tent la diversit\u00e9 multiculturelle du Canada.","og_url":"https:\/\/atlanticbooks.ca\/fr\/livres\/un-petit-animal-pour-petit-frere-emballage-de-6","og_site_name":"Atlantic Books","article_modified_time":"2022-11-17T12:43:23+00:00","og_image":[{"width":550,"height":731,"url":"https:\/\/atlanticbooks.mystagingwebsite.com\/wp-content\/uploads\/biblioshare_attachments\/9781553487371.png","type":"image\/png"}],"twitter_card":"summary_large_image","schema":{"@context":"https:\/\/schema.org","@graph":[{"@type":"WebPage","@id":"https:\/\/atlanticbooks.ca\/fr\/livres\/un-petit-animal-pour-petit-frere-emballage-de-6","url":"https:\/\/atlanticbooks.ca\/fr\/livres\/un-petit-animal-pour-petit-frere-emballage-de-6","name":"Un petit animal pour Petit-fr\u00e8re (emballage de 6) - Atlantic Books","isPartOf":{"@id":"https:\/\/atlanticbooks.ca\/fr\/#website"},"primaryImageOfPage":{"@id":"https:\/\/atlanticbooks.ca\/fr\/livres\/un-petit-animal-pour-petit-frere-emballage-de-6#primaryimage"},"image":{"@id":"https:\/\/atlanticbooks.ca\/fr\/livres\/un-petit-animal-pour-petit-frere-emballage-de-6#primaryimage"},"thumbnailUrl":"https:\/\/atlanticbooks.ca\/wp-content\/uploads\/biblioshare_attachments\/9781553487371.png","datePublished":"2022-10-03T13:30:09+00:00","dateModified":"2022-11-17T12:43:23+00:00","breadcrumb":{"@id":"https:\/\/atlanticbooks.ca\/fr\/livres\/un-petit-animal-pour-petit-frere-emballage-de-6#breadcrumb"},"inLanguage":"fr-FR","potentialAction":[{"@type":"ReadAction","target":["https:\/\/atlanticbooks.ca\/fr\/livres\/un-petit-animal-pour-petit-frere-emballage-de-6"]}]},{"@type":"ImageObject","inLanguage":"fr-FR","@id":"https:\/\/atlanticbooks.ca\/fr\/livres\/un-petit-animal-pour-petit-frere-emballage-de-6#primaryimage","url":"https:\/\/atlanticbooks.ca\/wp-content\/uploads\/biblioshare_attachments\/9781553487371.png","contentUrl":"https:\/\/atlanticbooks.ca\/wp-content\/uploads\/biblioshare_attachments\/9781553487371.png","width":550,"height":731},{"@type":"BreadcrumbList","@id":"https:\/\/atlanticbooks.ca\/fr\/livres\/un-petit-animal-pour-petit-frere-emballage-de-6#breadcrumb","itemListElement":[{"@type":"ListItem","position":1,"name":"Domicile","item":"https:\/\/atlanticbooks.ca\/fr"},{"@type":"ListItem","position":2,"name":"Collections","item":"https:\/\/atlanticbooks.ca\/fr\/collections"},{"@type":"ListItem","position":3,"name":"Un petit animal pour Petit-fr\u00e8re (emballage de 6)"}]},{"@type":"WebSite","@id":"https:\/\/atlanticbooks.ca\/fr\/#website","url":"https:\/\/atlanticbooks.ca\/fr\/","name":"Atlantic Books","description":"Atlantic Books","publisher":{"@id":"https:\/\/atlanticbooks.ca\/fr\/#organization"},"potentialAction":[{"@type":"SearchAction","target":{"@type":"EntryPoint","urlTemplate":"https:\/\/atlanticbooks.ca\/fr\/?s={search_term_string}"},"query-input":{"@type":"PropertyValueSpecification","valueRequired":true,"valueName":"search_term_string"}}],"inLanguage":"fr-FR"},{"@type":"Organization","@id":"https:\/\/atlanticbooks.ca\/fr\/#organization","name":"Atlantic Books","url":"https:\/\/atlanticbooks.ca\/fr\/","logo":{"@type":"ImageObject","inLanguage":"fr-FR","@id":"https:\/\/atlanticbooks.ca\/fr\/#\/schema\/logo\/image\/","url":"https:\/\/atlanticbooks.ca\/wp-content\/uploads\/2020\/10\/atlantic-books-logo.png","contentUrl":"https:\/\/atlanticbooks.ca\/wp-content\/uploads\/2020\/10\/atlantic-books-logo.png","width":566,"height":111,"caption":"Atlantic Books"},"image":{"@id":"https:\/\/atlanticbooks.ca\/fr\/#\/schema\/logo\/image\/"}}]}},"_links":{"self":[{"href":"https:\/\/atlanticbooks.ca\/fr\/wp-json\/wp\/v2\/product\/62659","targetHints":{"allow":["GET"]}}],"collection":[{"href":"https:\/\/atlanticbooks.ca\/fr\/wp-json\/wp\/v2\/product"}],"about":[{"href":"https:\/\/atlanticbooks.ca\/fr\/wp-json\/wp\/v2\/types\/product"}],"wp:featuredmedia":[{"embeddable":true,"href":"https:\/\/atlanticbooks.ca\/fr\/wp-json\/wp\/v2\/media\/68849"}],"wp:attachment":[{"href":"https:\/\/atlanticbooks.ca\/fr\/wp-json\/wp\/v2\/media?parent=62659"}],"wp:term":[{"taxonomy":"product_brand","embeddable":true,"href":"https:\/\/atlanticbooks.ca\/fr\/wp-json\/wp\/v2\/product_brand?post=62659"},{"taxonomy":"product_cat","embeddable":true,"href":"https:\/\/atlanticbooks.ca\/fr\/wp-json\/wp\/v2\/product_cat?post=62659"},{"taxonomy":"product_tag","embeddable":true,"href":"https:\/\/atlanticbooks.ca\/fr\/wp-json\/wp\/v2\/product_tag?post=62659"}],"curies":[{"name":"wp","href":"https:\/\/api.w.org\/{rel}","templated":true}]}}