{"id":62070,"date":"2022-10-07T12:56:34","date_gmt":"2022-10-07T12:56:34","guid":{"rendered":"https:\/\/atlanticbooks.ca\/books\/un-potager-a-lecole\/"},"modified":"2023-08-09T19:38:48","modified_gmt":"2023-08-09T19:38:48","slug":"un-potager-a-lecole","status":"publish","type":"product","link":"https:\/\/atlanticbooks.ca\/fr\/livres\/un-potager-a-lecole","title":{"rendered":"Un potager \u00e0 l&rsquo;\u00e9cole"},"content":{"rendered":"<p>Un mat\u00e9riel p\u00e9dagogique con\u00e7u pour favoriser l\u2019apprentissage de la lecture<\/p>\n<p>&#8211; Des personnages et des situations qui re\ufb02\u00e8tent la diversit\u00e9 multiculturelle du Canada<br \/>\n&#8211; Des illustrations et des photographies dynamiques et color\u00e9es qui appuient explicitement le texte.<br \/>\n&#8211; Une vari\u00e9t\u00e9 de genres de textes comme des r\u00e9cits, des l\u00e9gendes, des fables, des marches \u00e0 suivre ainsi qu\u2019une multitude de textes informatifs.<\/p>\n","protected":false},"excerpt":{"rendered":"<p>Un mat\u00e9riel p\u00e9dagogique con\u00e7u pour favoriser l\u2019apprentissage de la lecture &#8211; Des personnages et des situations qui re\ufb02\u00e8tent la diversit\u00e9 multiculturelle du Canada &#8211; Des illustrations et des photographies dynamiques [&hellip;]<\/p>\n","protected":false},"featured_media":81452,"template":"","meta":{"_genesis_hide_title":false,"_genesis_hide_breadcrumbs":false,"_genesis_hide_singular_image":false,"_genesis_hide_footer_widgets":false,"_genesis_custom_body_class":"","_genesis_custom_post_class":"","_genesis_layout":""},"product_brand":[],"product_cat":[10712],"product_tag":[],"class_list":{"0":"post-62070","1":"product","2":"type-product","3":"status-publish","4":"has-post-thumbnail","5":"product_language-fre","6":"product_subjects-readers","7":"product_subjects-beginner","8":"product_subjects-juvenile-fiction","9":"product_reading_range-12717","10":"product_reading_range-12729","11":"product_reading_range-12754","12":"product_reading_range-12755","13":"product_reading_range-12756","14":"product_reading_range-12757","15":"product_interest_range-12708","16":"product_interest_range-12709","17":"product_interest_range-12710","18":"product_interest_range-12711","19":"product_interest_range-12712","20":"product_interest_range-12744","21":"product_grade_range-pre-primary-pre-kindergarten","22":"product_grade_range-kindergarten","23":"product_grade_range-first-grade","24":"product_grade_range-second-grade","25":"product_grade_range-third-grade","26":"product_curriculumsubject-immersion-2","27":"product_curriculumsubject-francais-arts-langagiers","28":"product_skills_concepts-early-literacy","29":"product_edi_priority_areas-race-and-ethnicity","30":"product_edi_characters-african-canadian-characters","31":"product_edi_characters-mikmaw-characters","32":"product_edi_characters-black-characters","33":"product_edi_characters-filipino-characters","34":"product_edi_characters-syrian-characters","35":"product_edi_languages-french-language","36":"product_nssbb-immersion-curriculum-subjects","37":"product_nssbb-pp-pm","38":"product_nssbb-p-m-immersion-precoce-francais-arts-langagiers","39":"product_nssbb-1-immersion-precoce-francais-arts-langagiers","40":"product_nssbb-12101","41":"product_nssbb_approved-nssbb-approved","42":"biblio_share_tag-juvenile-fiction-readers-beginner","43":"product_cat-abc","44":"product_shipping_class-abc-test","45":"entry","47":"first","48":"instock","49":"taxable","50":"shipping-taxable","51":"purchasable","52":"product-type-simple"},"yoast_head":"<!-- This site is optimized with the Yoast SEO plugin v24.0 - https:\/\/yoast.com\/wordpress\/plugins\/seo\/ -->\n<title>Un potager \u00e0 l&#039;\u00e9cole - Atlantic Books<\/title>\n<meta name=\"robots\" content=\"index, follow, max-snippet:-1, max-image-preview:large, max-video-preview:-1\" \/>\n<link rel=\"canonical\" href=\"https:\/\/atlanticbooks.ca\/fr\/livres\/un-potager-a-lecole\" \/>\n<meta property=\"og:locale\" content=\"fr_FR\" \/>\n<meta property=\"og:type\" content=\"article\" \/>\n<meta property=\"og:title\" content=\"Un potager \u00e0 l&#039;\u00e9cole - Atlantic Books\" \/>\n<meta property=\"og:description\" content=\"Un mat\u00e9riel p\u00e9dagogique con\u00e7u pour favoriser l\u2019apprentissage de la lecture &#8211; Des personnages et des situations qui re\ufb02\u00e8tent la diversit\u00e9 multiculturelle du Canada &#8211; Des illustrations et des photographies dynamiques [&hellip;]\" \/>\n<meta property=\"og:url\" content=\"https:\/\/atlanticbooks.ca\/fr\/livres\/un-potager-a-lecole\" \/>\n<meta property=\"og:site_name\" content=\"Atlantic Books\" \/>\n<meta property=\"article:modified_time\" content=\"2023-08-09T19:38:48+00:00\" \/>\n<meta property=\"og:image\" content=\"https:\/\/atlanticbooks.mystagingwebsite.com\/wp-content\/uploads\/biblioshare_attachments\/9781442804708.png\" \/>\n\t<meta property=\"og:image:width\" content=\"590\" \/>\n\t<meta property=\"og:image:height\" content=\"447\" \/>\n\t<meta property=\"og:image:type\" content=\"image\/png\" \/>\n<meta name=\"twitter:card\" content=\"summary_large_image\" \/>\n<script type=\"application\/ld+json\" class=\"yoast-schema-graph\">{\"@context\":\"https:\/\/schema.org\",\"@graph\":[{\"@type\":\"WebPage\",\"@id\":\"https:\/\/atlanticbooks.ca\/fr\/livres\/un-potager-a-lecole\",\"url\":\"https:\/\/atlanticbooks.ca\/fr\/livres\/un-potager-a-lecole\",\"name\":\"Un potager \u00e0 l'\u00e9cole - Atlantic Books\",\"isPartOf\":{\"@id\":\"https:\/\/atlanticbooks.ca\/fr\/#website\"},\"primaryImageOfPage\":{\"@id\":\"https:\/\/atlanticbooks.ca\/fr\/livres\/un-potager-a-lecole#primaryimage\"},\"image\":{\"@id\":\"https:\/\/atlanticbooks.ca\/fr\/livres\/un-potager-a-lecole#primaryimage\"},\"thumbnailUrl\":\"https:\/\/atlanticbooks.ca\/wp-content\/uploads\/biblioshare_attachments\/9781442804708.png\",\"datePublished\":\"2022-10-07T12:56:34+00:00\",\"dateModified\":\"2023-08-09T19:38:48+00:00\",\"breadcrumb\":{\"@id\":\"https:\/\/atlanticbooks.ca\/fr\/livres\/un-potager-a-lecole#breadcrumb\"},\"inLanguage\":\"fr-FR\",\"potentialAction\":[{\"@type\":\"ReadAction\",\"target\":[\"https:\/\/atlanticbooks.ca\/fr\/livres\/un-potager-a-lecole\"]}]},{\"@type\":\"ImageObject\",\"inLanguage\":\"fr-FR\",\"@id\":\"https:\/\/atlanticbooks.ca\/fr\/livres\/un-potager-a-lecole#primaryimage\",\"url\":\"https:\/\/atlanticbooks.ca\/wp-content\/uploads\/biblioshare_attachments\/9781442804708.png\",\"contentUrl\":\"https:\/\/atlanticbooks.ca\/wp-content\/uploads\/biblioshare_attachments\/9781442804708.png\"},{\"@type\":\"BreadcrumbList\",\"@id\":\"https:\/\/atlanticbooks.ca\/fr\/livres\/un-potager-a-lecole#breadcrumb\",\"itemListElement\":[{\"@type\":\"ListItem\",\"position\":1,\"name\":\"Domicile\",\"item\":\"https:\/\/atlanticbooks.ca\/fr\"},{\"@type\":\"ListItem\",\"position\":2,\"name\":\"Collections\",\"item\":\"https:\/\/atlanticbooks.ca\/fr\/collections\"},{\"@type\":\"ListItem\",\"position\":3,\"name\":\"Un potager \u00e0 l&#8217;\u00e9cole\"}]},{\"@type\":\"WebSite\",\"@id\":\"https:\/\/atlanticbooks.ca\/fr\/#website\",\"url\":\"https:\/\/atlanticbooks.ca\/fr\/\",\"name\":\"Atlantic Books\",\"description\":\"Atlantic Books\",\"publisher\":{\"@id\":\"https:\/\/atlanticbooks.ca\/fr\/#organization\"},\"potentialAction\":[{\"@type\":\"SearchAction\",\"target\":{\"@type\":\"EntryPoint\",\"urlTemplate\":\"https:\/\/atlanticbooks.ca\/fr\/?s={search_term_string}\"},\"query-input\":{\"@type\":\"PropertyValueSpecification\",\"valueRequired\":true,\"valueName\":\"search_term_string\"}}],\"inLanguage\":\"fr-FR\"},{\"@type\":\"Organization\",\"@id\":\"https:\/\/atlanticbooks.ca\/fr\/#organization\",\"name\":\"Atlantic Books\",\"url\":\"https:\/\/atlanticbooks.ca\/fr\/\",\"logo\":{\"@type\":\"ImageObject\",\"inLanguage\":\"fr-FR\",\"@id\":\"https:\/\/atlanticbooks.ca\/fr\/#\/schema\/logo\/image\/\",\"url\":\"https:\/\/atlanticbooks.ca\/wp-content\/uploads\/2020\/10\/atlantic-books-logo.png\",\"contentUrl\":\"https:\/\/atlanticbooks.ca\/wp-content\/uploads\/2020\/10\/atlantic-books-logo.png\",\"width\":566,\"height\":111,\"caption\":\"Atlantic Books\"},\"image\":{\"@id\":\"https:\/\/atlanticbooks.ca\/fr\/#\/schema\/logo\/image\/\"}}]}<\/script>\n<!-- \/ Yoast SEO plugin. -->","yoast_head_json":{"title":"Un potager \u00e0 l'\u00e9cole - Atlantic Books","robots":{"index":"index","follow":"follow","max-snippet":"max-snippet:-1","max-image-preview":"max-image-preview:large","max-video-preview":"max-video-preview:-1"},"canonical":"https:\/\/atlanticbooks.ca\/fr\/livres\/un-potager-a-lecole","og_locale":"fr_FR","og_type":"article","og_title":"Un potager \u00e0 l'\u00e9cole - Atlantic Books","og_description":"Un mat\u00e9riel p\u00e9dagogique con\u00e7u pour favoriser l\u2019apprentissage de la lecture &#8211; Des personnages et des situations qui re\ufb02\u00e8tent la diversit\u00e9 multiculturelle du Canada &#8211; Des illustrations et des photographies dynamiques [&hellip;]","og_url":"https:\/\/atlanticbooks.ca\/fr\/livres\/un-potager-a-lecole","og_site_name":"Atlantic Books","article_modified_time":"2023-08-09T19:38:48+00:00","og_image":[{"width":590,"height":447,"url":"https:\/\/atlanticbooks.mystagingwebsite.com\/wp-content\/uploads\/biblioshare_attachments\/9781442804708.png","type":"image\/png"}],"twitter_card":"summary_large_image","schema":{"@context":"https:\/\/schema.org","@graph":[{"@type":"WebPage","@id":"https:\/\/atlanticbooks.ca\/fr\/livres\/un-potager-a-lecole","url":"https:\/\/atlanticbooks.ca\/fr\/livres\/un-potager-a-lecole","name":"Un potager \u00e0 l'\u00e9cole - Atlantic Books","isPartOf":{"@id":"https:\/\/atlanticbooks.ca\/fr\/#website"},"primaryImageOfPage":{"@id":"https:\/\/atlanticbooks.ca\/fr\/livres\/un-potager-a-lecole#primaryimage"},"image":{"@id":"https:\/\/atlanticbooks.ca\/fr\/livres\/un-potager-a-lecole#primaryimage"},"thumbnailUrl":"https:\/\/atlanticbooks.ca\/wp-content\/uploads\/biblioshare_attachments\/9781442804708.png","datePublished":"2022-10-07T12:56:34+00:00","dateModified":"2023-08-09T19:38:48+00:00","breadcrumb":{"@id":"https:\/\/atlanticbooks.ca\/fr\/livres\/un-potager-a-lecole#breadcrumb"},"inLanguage":"fr-FR","potentialAction":[{"@type":"ReadAction","target":["https:\/\/atlanticbooks.ca\/fr\/livres\/un-potager-a-lecole"]}]},{"@type":"ImageObject","inLanguage":"fr-FR","@id":"https:\/\/atlanticbooks.ca\/fr\/livres\/un-potager-a-lecole#primaryimage","url":"https:\/\/atlanticbooks.ca\/wp-content\/uploads\/biblioshare_attachments\/9781442804708.png","contentUrl":"https:\/\/atlanticbooks.ca\/wp-content\/uploads\/biblioshare_attachments\/9781442804708.png"},{"@type":"BreadcrumbList","@id":"https:\/\/atlanticbooks.ca\/fr\/livres\/un-potager-a-lecole#breadcrumb","itemListElement":[{"@type":"ListItem","position":1,"name":"Domicile","item":"https:\/\/atlanticbooks.ca\/fr"},{"@type":"ListItem","position":2,"name":"Collections","item":"https:\/\/atlanticbooks.ca\/fr\/collections"},{"@type":"ListItem","position":3,"name":"Un potager \u00e0 l&#8217;\u00e9cole"}]},{"@type":"WebSite","@id":"https:\/\/atlanticbooks.ca\/fr\/#website","url":"https:\/\/atlanticbooks.ca\/fr\/","name":"Atlantic Books","description":"Atlantic Books","publisher":{"@id":"https:\/\/atlanticbooks.ca\/fr\/#organization"},"potentialAction":[{"@type":"SearchAction","target":{"@type":"EntryPoint","urlTemplate":"https:\/\/atlanticbooks.ca\/fr\/?s={search_term_string}"},"query-input":{"@type":"PropertyValueSpecification","valueRequired":true,"valueName":"search_term_string"}}],"inLanguage":"fr-FR"},{"@type":"Organization","@id":"https:\/\/atlanticbooks.ca\/fr\/#organization","name":"Atlantic Books","url":"https:\/\/atlanticbooks.ca\/fr\/","logo":{"@type":"ImageObject","inLanguage":"fr-FR","@id":"https:\/\/atlanticbooks.ca\/fr\/#\/schema\/logo\/image\/","url":"https:\/\/atlanticbooks.ca\/wp-content\/uploads\/2020\/10\/atlantic-books-logo.png","contentUrl":"https:\/\/atlanticbooks.ca\/wp-content\/uploads\/2020\/10\/atlantic-books-logo.png","width":566,"height":111,"caption":"Atlantic Books"},"image":{"@id":"https:\/\/atlanticbooks.ca\/fr\/#\/schema\/logo\/image\/"}}]}},"_links":{"self":[{"href":"https:\/\/atlanticbooks.ca\/fr\/wp-json\/wp\/v2\/product\/62070","targetHints":{"allow":["GET"]}}],"collection":[{"href":"https:\/\/atlanticbooks.ca\/fr\/wp-json\/wp\/v2\/product"}],"about":[{"href":"https:\/\/atlanticbooks.ca\/fr\/wp-json\/wp\/v2\/types\/product"}],"wp:featuredmedia":[{"embeddable":true,"href":"https:\/\/atlanticbooks.ca\/fr\/wp-json\/wp\/v2\/media\/81452"}],"wp:attachment":[{"href":"https:\/\/atlanticbooks.ca\/fr\/wp-json\/wp\/v2\/media?parent=62070"}],"wp:term":[{"taxonomy":"product_brand","embeddable":true,"href":"https:\/\/atlanticbooks.ca\/fr\/wp-json\/wp\/v2\/product_brand?post=62070"},{"taxonomy":"product_cat","embeddable":true,"href":"https:\/\/atlanticbooks.ca\/fr\/wp-json\/wp\/v2\/product_cat?post=62070"},{"taxonomy":"product_tag","embeddable":true,"href":"https:\/\/atlanticbooks.ca\/fr\/wp-json\/wp\/v2\/product_tag?post=62070"}],"curies":[{"name":"wp","href":"https:\/\/api.w.org\/{rel}","templated":true}]}}