{"id":61951,"date":"2022-10-18T12:57:01","date_gmt":"2022-10-18T12:57:01","guid":{"rendered":"https:\/\/atlanticbooks.ca\/books\/noir-et-blanc\/"},"modified":"2022-11-10T01:49:59","modified_gmt":"2022-11-10T01:49:59","slug":"noir-et-blanc","status":"publish","type":"product","link":"https:\/\/atlanticbooks.ca\/fr\/livres\/noir-et-blanc","title":{"rendered":"Noir et Blanc"},"content":{"rendered":"<p>&lt;p&gt;&lt;b&gt;Le premier livre tant attendu d&rsquo;un leader communautaire biracial et d&rsquo;un activiste citoyen. Stephen Dorsey explore ici son exp\u00e9rience v\u00e9cue du racisme syst\u00e9mique en Am\u00e9rique du Nord et les meilleures voies \u00e0 suivre pour le combattre.&lt;\/b&gt;&lt;\/p&gt;<br \/>\n&lt;p&gt;&lt;i&gt;Ma dualit\u00e9 raciale me donne une perspective unique \u00e0 la fois sur l&rsquo;exp\u00e9rience des personnes noires et des personnes blanches au Canada&#8230; Ce qui m&rsquo;est apparu le plus \u00e9vident, et le plus universel, c&rsquo;est le besoin pressant de construire des ponts de compr\u00e9hension entre les populations canadiennes noire et blanche. Nous avons besoin d&rsquo;informer et d&rsquo;enseigner pour qu&rsquo;en temps voulu, nous puissions enfin apporter de vrais changements.&lt;\/i&gt;&lt;\/p&gt;<\/p>\n<p>&lt;p&gt;Stephen vit lui-m\u00eame dans un monde de dualit\u00e9. Homme bilingue et biracial, il \u00e9volue entre les communaut\u00e9s francophones et anglophones du Canada et entre le monde des blancs et le monde des Noirs. Dans ce premier ouvrage profond\u00e9ment personnel et perspicace, il offre aux lecteurs et aux lectrices un acc\u00e8s intime et sans filtre \u00e0 son exp\u00e9rience du racisme anti-Noirs dans le monde entier, notamment au Canada, aux \u00c9tats-Unis et en Europe. Il se concentre sur sa jeunesse dans le Montr\u00e9al des ann\u00e9es 1970, celle d&rsquo;un enfant noir vivant dans une famille blanche domin\u00e9e par un beau-p\u00e8re raciste. Stephen nous am\u00e8ne ensuite avec lui dans ce cheminement particulier qui a men\u00e9 \u00e0 son \u00e9veil personnel, inspir\u00e9 par le mouvement &lt;i&gt;Black Lives Matter&lt;\/i&gt;.&lt;\/p&gt;<\/p>\n<p>&lt;p&gt;Entre le r\u00e9cit autobiographique et l&rsquo;analyse sociale, &lt;i&gt;Noir et Blanc&lt;\/i&gt; est une fouille intime dans les structures profondes du racisme syst\u00e9mique en Am\u00e9rique du Nord, de nos syst\u00e8mes de soins de sant\u00e9 et d&rsquo;\u00e9ducation au maintien de l&rsquo;ordre et \u00e0 la loi. Stephen nous offre aussi une analyse profonde de la discrimination intersectionnelle unique \u00e0 laquelle sont confront\u00e9es les minorit\u00e9s dans sa province d&rsquo;origine, le Qu\u00e9bec. Avec une approche inclusive et accessible, visant \u00e0 cr\u00e9er des liens avec la collectivit\u00e9 et \u00e0 l&rsquo;\u00e9duquer, Stephen plonge dans l&rsquo;histoire de la discrimination raciale au Canada. Il n&rsquo;h\u00e9site pas \u00e0 cr\u00e9er des parall\u00e8les avec notre voisin am\u00e9ricain pour nous offrir une nouvelle perspective sur le r\u00e9cit mythologique de notre nation. Stephen replace le privil\u00e8ge blanc dans son contexte et nous parle maintenant de \u00ab l&rsquo;avantage blanc \u00bb, avec des pistes concr\u00e8tes pour un changement soci\u00e9tal durable.&lt;\/p&gt;<\/p>\n<p>&lt;p&gt;&lt;i&gt;Noir et Blanc&lt;\/i&gt; demande en douceur des comptes aux lecteurs et lectrices pour r\u00e9veiller l&rsquo;alli\u00e9 ou l&rsquo;alli\u00e9e qui sommeille en nous.&lt;\/p&gt;<\/p>\n","protected":false},"excerpt":{"rendered":"<p>&lt;p&gt;&lt;b&gt;Le premier livre tant attendu d&rsquo;un leader communautaire biracial et d&rsquo;un activiste citoyen. Stephen Dorsey explore ici son exp\u00e9rience v\u00e9cue du racisme syst\u00e9mique en Am\u00e9rique du Nord et les meilleures [&hellip;]<\/p>\n","protected":false},"featured_media":61313,"template":"","meta":{"_genesis_hide_title":false,"_genesis_hide_breadcrumbs":false,"_genesis_hide_singular_image":false,"_genesis_hide_footer_widgets":false,"_genesis_custom_body_class":"","_genesis_custom_post_class":"","_genesis_layout":""},"product_brand":[],"product_cat":[14976,14957],"product_tag":[],"class_list":{"0":"post-61951","1":"product","2":"type-product","3":"status-publish","4":"has-post-thumbnail","5":"product_language-fre","6":"product_subjects-black-studies-global","7":"product_subjects-social-science","8":"biblio_share_tag-social-science-black-studies-global","9":"product_cat-the-gift-of-human-stories","10":"product_cat-holiday-2022","11":"entry","13":"first","14":"instock","15":"taxable","16":"shipping-taxable","17":"purchasable","18":"product-type-simple"},"yoast_head":"<!-- This site is optimized with the Yoast SEO plugin v24.0 - https:\/\/yoast.com\/wordpress\/plugins\/seo\/ -->\n<title>Noir et Blanc - Atlantic Books<\/title>\n<meta name=\"robots\" content=\"index, follow, max-snippet:-1, max-image-preview:large, max-video-preview:-1\" \/>\n<link rel=\"canonical\" href=\"https:\/\/atlanticbooks.ca\/fr\/livres\/noir-et-blanc\" \/>\n<meta property=\"og:locale\" content=\"fr_FR\" \/>\n<meta property=\"og:type\" content=\"article\" \/>\n<meta property=\"og:title\" content=\"Noir et Blanc - Atlantic Books\" \/>\n<meta property=\"og:description\" content=\"&lt;p&gt;&lt;b&gt;Le premier livre tant attendu d&rsquo;un leader communautaire biracial et d&rsquo;un activiste citoyen. Stephen Dorsey explore ici son exp\u00e9rience v\u00e9cue du racisme syst\u00e9mique en Am\u00e9rique du Nord et les meilleures [&hellip;]\" \/>\n<meta property=\"og:url\" content=\"https:\/\/atlanticbooks.ca\/fr\/livres\/noir-et-blanc\" \/>\n<meta property=\"og:site_name\" content=\"Atlantic Books\" \/>\n<meta property=\"article:modified_time\" content=\"2022-11-10T01:49:59+00:00\" \/>\n<meta property=\"og:image\" content=\"https:\/\/atlanticbooks.mystagingwebsite.com\/wp-content\/uploads\/biblioshare_attachments\/9781774710517.png\" \/>\n\t<meta property=\"og:image:width\" content=\"853\" \/>\n\t<meta property=\"og:image:height\" content=\"1280\" \/>\n\t<meta property=\"og:image:type\" content=\"image\/png\" \/>\n<meta name=\"twitter:card\" content=\"summary_large_image\" \/>\n<meta name=\"twitter:label1\" content=\"Dur\u00e9e de lecture estim\u00e9e\" \/>\n\t<meta name=\"twitter:data1\" content=\"2 minutes\" \/>\n<script type=\"application\/ld+json\" class=\"yoast-schema-graph\">{\"@context\":\"https:\/\/schema.org\",\"@graph\":[{\"@type\":\"WebPage\",\"@id\":\"https:\/\/atlanticbooks.ca\/fr\/livres\/noir-et-blanc\",\"url\":\"https:\/\/atlanticbooks.ca\/fr\/livres\/noir-et-blanc\",\"name\":\"Noir et Blanc - Atlantic Books\",\"isPartOf\":{\"@id\":\"https:\/\/atlanticbooks.ca\/fr\/#website\"},\"primaryImageOfPage\":{\"@id\":\"https:\/\/atlanticbooks.ca\/fr\/livres\/noir-et-blanc#primaryimage\"},\"image\":{\"@id\":\"https:\/\/atlanticbooks.ca\/fr\/livres\/noir-et-blanc#primaryimage\"},\"thumbnailUrl\":\"https:\/\/atlanticbooks.ca\/wp-content\/uploads\/biblioshare_attachments\/9781774710517.png\",\"datePublished\":\"2022-10-18T12:57:01+00:00\",\"dateModified\":\"2022-11-10T01:49:59+00:00\",\"breadcrumb\":{\"@id\":\"https:\/\/atlanticbooks.ca\/fr\/livres\/noir-et-blanc#breadcrumb\"},\"inLanguage\":\"fr-FR\",\"potentialAction\":[{\"@type\":\"ReadAction\",\"target\":[\"https:\/\/atlanticbooks.ca\/fr\/livres\/noir-et-blanc\"]}]},{\"@type\":\"ImageObject\",\"inLanguage\":\"fr-FR\",\"@id\":\"https:\/\/atlanticbooks.ca\/fr\/livres\/noir-et-blanc#primaryimage\",\"url\":\"https:\/\/atlanticbooks.ca\/wp-content\/uploads\/biblioshare_attachments\/9781774710517.png\",\"contentUrl\":\"https:\/\/atlanticbooks.ca\/wp-content\/uploads\/biblioshare_attachments\/9781774710517.png\",\"width\":853,\"height\":1280},{\"@type\":\"BreadcrumbList\",\"@id\":\"https:\/\/atlanticbooks.ca\/fr\/livres\/noir-et-blanc#breadcrumb\",\"itemListElement\":[{\"@type\":\"ListItem\",\"position\":1,\"name\":\"Domicile\",\"item\":\"https:\/\/atlanticbooks.ca\/fr\"},{\"@type\":\"ListItem\",\"position\":2,\"name\":\"Collections\",\"item\":\"https:\/\/atlanticbooks.ca\/fr\/collections\"},{\"@type\":\"ListItem\",\"position\":3,\"name\":\"Noir et Blanc\"}]},{\"@type\":\"WebSite\",\"@id\":\"https:\/\/atlanticbooks.ca\/fr\/#website\",\"url\":\"https:\/\/atlanticbooks.ca\/fr\/\",\"name\":\"Atlantic Books\",\"description\":\"Atlantic Books\",\"publisher\":{\"@id\":\"https:\/\/atlanticbooks.ca\/fr\/#organization\"},\"potentialAction\":[{\"@type\":\"SearchAction\",\"target\":{\"@type\":\"EntryPoint\",\"urlTemplate\":\"https:\/\/atlanticbooks.ca\/fr\/?s={search_term_string}\"},\"query-input\":{\"@type\":\"PropertyValueSpecification\",\"valueRequired\":true,\"valueName\":\"search_term_string\"}}],\"inLanguage\":\"fr-FR\"},{\"@type\":\"Organization\",\"@id\":\"https:\/\/atlanticbooks.ca\/fr\/#organization\",\"name\":\"Atlantic Books\",\"url\":\"https:\/\/atlanticbooks.ca\/fr\/\",\"logo\":{\"@type\":\"ImageObject\",\"inLanguage\":\"fr-FR\",\"@id\":\"https:\/\/atlanticbooks.ca\/fr\/#\/schema\/logo\/image\/\",\"url\":\"https:\/\/atlanticbooks.ca\/wp-content\/uploads\/2020\/10\/atlantic-books-logo.png\",\"contentUrl\":\"https:\/\/atlanticbooks.ca\/wp-content\/uploads\/2020\/10\/atlantic-books-logo.png\",\"width\":566,\"height\":111,\"caption\":\"Atlantic Books\"},\"image\":{\"@id\":\"https:\/\/atlanticbooks.ca\/fr\/#\/schema\/logo\/image\/\"}}]}<\/script>\n<!-- \/ Yoast SEO plugin. -->","yoast_head_json":{"title":"Noir et Blanc - Atlantic Books","robots":{"index":"index","follow":"follow","max-snippet":"max-snippet:-1","max-image-preview":"max-image-preview:large","max-video-preview":"max-video-preview:-1"},"canonical":"https:\/\/atlanticbooks.ca\/fr\/livres\/noir-et-blanc","og_locale":"fr_FR","og_type":"article","og_title":"Noir et Blanc - Atlantic Books","og_description":"&lt;p&gt;&lt;b&gt;Le premier livre tant attendu d&rsquo;un leader communautaire biracial et d&rsquo;un activiste citoyen. Stephen Dorsey explore ici son exp\u00e9rience v\u00e9cue du racisme syst\u00e9mique en Am\u00e9rique du Nord et les meilleures [&hellip;]","og_url":"https:\/\/atlanticbooks.ca\/fr\/livres\/noir-et-blanc","og_site_name":"Atlantic Books","article_modified_time":"2022-11-10T01:49:59+00:00","og_image":[{"width":853,"height":1280,"url":"https:\/\/atlanticbooks.mystagingwebsite.com\/wp-content\/uploads\/biblioshare_attachments\/9781774710517.png","type":"image\/png"}],"twitter_card":"summary_large_image","twitter_misc":{"Dur\u00e9e de lecture estim\u00e9e":"2 minutes"},"schema":{"@context":"https:\/\/schema.org","@graph":[{"@type":"WebPage","@id":"https:\/\/atlanticbooks.ca\/fr\/livres\/noir-et-blanc","url":"https:\/\/atlanticbooks.ca\/fr\/livres\/noir-et-blanc","name":"Noir et Blanc - Atlantic Books","isPartOf":{"@id":"https:\/\/atlanticbooks.ca\/fr\/#website"},"primaryImageOfPage":{"@id":"https:\/\/atlanticbooks.ca\/fr\/livres\/noir-et-blanc#primaryimage"},"image":{"@id":"https:\/\/atlanticbooks.ca\/fr\/livres\/noir-et-blanc#primaryimage"},"thumbnailUrl":"https:\/\/atlanticbooks.ca\/wp-content\/uploads\/biblioshare_attachments\/9781774710517.png","datePublished":"2022-10-18T12:57:01+00:00","dateModified":"2022-11-10T01:49:59+00:00","breadcrumb":{"@id":"https:\/\/atlanticbooks.ca\/fr\/livres\/noir-et-blanc#breadcrumb"},"inLanguage":"fr-FR","potentialAction":[{"@type":"ReadAction","target":["https:\/\/atlanticbooks.ca\/fr\/livres\/noir-et-blanc"]}]},{"@type":"ImageObject","inLanguage":"fr-FR","@id":"https:\/\/atlanticbooks.ca\/fr\/livres\/noir-et-blanc#primaryimage","url":"https:\/\/atlanticbooks.ca\/wp-content\/uploads\/biblioshare_attachments\/9781774710517.png","contentUrl":"https:\/\/atlanticbooks.ca\/wp-content\/uploads\/biblioshare_attachments\/9781774710517.png","width":853,"height":1280},{"@type":"BreadcrumbList","@id":"https:\/\/atlanticbooks.ca\/fr\/livres\/noir-et-blanc#breadcrumb","itemListElement":[{"@type":"ListItem","position":1,"name":"Domicile","item":"https:\/\/atlanticbooks.ca\/fr"},{"@type":"ListItem","position":2,"name":"Collections","item":"https:\/\/atlanticbooks.ca\/fr\/collections"},{"@type":"ListItem","position":3,"name":"Noir et Blanc"}]},{"@type":"WebSite","@id":"https:\/\/atlanticbooks.ca\/fr\/#website","url":"https:\/\/atlanticbooks.ca\/fr\/","name":"Atlantic Books","description":"Atlantic Books","publisher":{"@id":"https:\/\/atlanticbooks.ca\/fr\/#organization"},"potentialAction":[{"@type":"SearchAction","target":{"@type":"EntryPoint","urlTemplate":"https:\/\/atlanticbooks.ca\/fr\/?s={search_term_string}"},"query-input":{"@type":"PropertyValueSpecification","valueRequired":true,"valueName":"search_term_string"}}],"inLanguage":"fr-FR"},{"@type":"Organization","@id":"https:\/\/atlanticbooks.ca\/fr\/#organization","name":"Atlantic Books","url":"https:\/\/atlanticbooks.ca\/fr\/","logo":{"@type":"ImageObject","inLanguage":"fr-FR","@id":"https:\/\/atlanticbooks.ca\/fr\/#\/schema\/logo\/image\/","url":"https:\/\/atlanticbooks.ca\/wp-content\/uploads\/2020\/10\/atlantic-books-logo.png","contentUrl":"https:\/\/atlanticbooks.ca\/wp-content\/uploads\/2020\/10\/atlantic-books-logo.png","width":566,"height":111,"caption":"Atlantic Books"},"image":{"@id":"https:\/\/atlanticbooks.ca\/fr\/#\/schema\/logo\/image\/"}}]}},"_links":{"self":[{"href":"https:\/\/atlanticbooks.ca\/fr\/wp-json\/wp\/v2\/product\/61951","targetHints":{"allow":["GET"]}}],"collection":[{"href":"https:\/\/atlanticbooks.ca\/fr\/wp-json\/wp\/v2\/product"}],"about":[{"href":"https:\/\/atlanticbooks.ca\/fr\/wp-json\/wp\/v2\/types\/product"}],"wp:featuredmedia":[{"embeddable":true,"href":"https:\/\/atlanticbooks.ca\/fr\/wp-json\/wp\/v2\/media\/61313"}],"wp:attachment":[{"href":"https:\/\/atlanticbooks.ca\/fr\/wp-json\/wp\/v2\/media?parent=61951"}],"wp:term":[{"taxonomy":"product_brand","embeddable":true,"href":"https:\/\/atlanticbooks.ca\/fr\/wp-json\/wp\/v2\/product_brand?post=61951"},{"taxonomy":"product_cat","embeddable":true,"href":"https:\/\/atlanticbooks.ca\/fr\/wp-json\/wp\/v2\/product_cat?post=61951"},{"taxonomy":"product_tag","embeddable":true,"href":"https:\/\/atlanticbooks.ca\/fr\/wp-json\/wp\/v2\/product_tag?post=61951"}],"curies":[{"name":"wp","href":"https:\/\/api.w.org\/{rel}","templated":true}]}}