{"id":61917,"date":"2022-10-19T02:58:40","date_gmt":"2022-10-19T02:58:40","guid":{"rendered":"https:\/\/atlanticbooks.ca\/books\/ou-naitront-les-hirondeaux\/"},"modified":"2023-08-28T17:19:42","modified_gmt":"2023-08-28T17:19:42","slug":"ou-naitront-les-hirondeaux","status":"publish","type":"product","link":"https:\/\/atlanticbooks.ca\/fr\/livres\/ou-naitront-les-hirondeaux","title":{"rendered":"O\u00f9 naitront les hirondeaux ?"},"content":{"rendered":"<p>&lt;p&gt;Apr\u00e8s avoir parcouru des milliers de kilom\u00e8tres, Hirondelle d\u00e9couvre que le lieu o\u00f9 elle fait habituellement son nid est transform\u00e9 de fond en comble. La ferme familiale a fait place \u00e0 une exploitati on agricole de grande surface. Elle doit donc parti r \u00e0 la recherche d&rsquo;un nouvel endroit pour donner naissance \u00e0 ses hirondeaux. Le voyage est long, mais non sans humour et espoir. Elle rencontre Orignal, Cerf, Raton laveur, qui ont tous leur propres diffi cult\u00e9s. Cependant, le jour se l\u00e8ve sur un endroit parfaitement accueillant o\u00f9 tout est r\u00e9uni pour que les animaux et l&rsquo;humain cohabitent en harmonie.&lt;\/p&gt;<\/p>\n","protected":false},"excerpt":{"rendered":"<p>&lt;p&gt;Apr\u00e8s avoir parcouru des milliers de kilom\u00e8tres, Hirondelle d\u00e9couvre que le lieu o\u00f9 elle fait habituellement son nid est transform\u00e9 de fond en comble. La ferme familiale a fait place [&hellip;]<\/p>\n","protected":false},"featured_media":82501,"template":"","meta":{"_genesis_hide_title":false,"_genesis_hide_breadcrumbs":false,"_genesis_hide_singular_image":false,"_genesis_hide_footer_widgets":false,"_genesis_custom_body_class":"","_genesis_custom_post_class":"","_genesis_layout":""},"product_brand":[],"product_cat":[10712],"product_tag":[],"class_list":{"0":"post-61917","1":"product","2":"type-product","3":"status-publish","4":"has-post-thumbnail","5":"product_language-fre","6":"product_subjects-birds","7":"product_reading_range-12757","8":"product_reading_range-12717","9":"product_reading_range-12718","10":"product_reading_range-12729","11":"product_reading_range-12755","12":"product_reading_range-12756","13":"product_interest_range-12708","14":"product_interest_range-12709","15":"product_interest_range-12710","16":"product_interest_range-12711","17":"product_interest_range-12712","18":"product_interest_range-12713","19":"product_grade_range-kindergarten","20":"product_grade_range-first-grade","21":"product_grade_range-second-grade","22":"product_grade_range-third-grade","23":"product_curriculumsubject-francais-programmes-detudes","24":"product_curriculumsubject-francais-arts-langagiers-2","25":"product_edi_author-female-author","26":"product_edi_author-french-canadian-author","27":"product_edi_publisher-acadian-publisher","28":"product_edi_publisher-french-canadian-publisher","29":"product_edi_subjects_themes-environment-and-sustainability","30":"product_edi_languages-french-language","31":"biblio_share_tag-juvenile-fiction-animals-birds","32":"product_cat-abc","33":"product_shipping_class-abc-test","34":"entry","36":"first","37":"instock","38":"taxable","39":"shipping-taxable","40":"purchasable","41":"product-type-simple"},"yoast_head":"<!-- This site is optimized with the Yoast SEO plugin v24.0 - https:\/\/yoast.com\/wordpress\/plugins\/seo\/ -->\n<title>O\u00f9 naitront les hirondeaux ? - Atlantic Books<\/title>\n<meta name=\"robots\" content=\"index, follow, max-snippet:-1, max-image-preview:large, max-video-preview:-1\" \/>\n<link rel=\"canonical\" href=\"https:\/\/atlanticbooks.ca\/fr\/livres\/ou-naitront-les-hirondeaux\" \/>\n<meta property=\"og:locale\" content=\"fr_FR\" \/>\n<meta property=\"og:type\" content=\"article\" \/>\n<meta property=\"og:title\" content=\"O\u00f9 naitront les hirondeaux ? - Atlantic Books\" \/>\n<meta property=\"og:description\" content=\"&lt;p&gt;Apr\u00e8s avoir parcouru des milliers de kilom\u00e8tres, Hirondelle d\u00e9couvre que le lieu o\u00f9 elle fait habituellement son nid est transform\u00e9 de fond en comble. La ferme familiale a fait place [&hellip;]\" \/>\n<meta property=\"og:url\" content=\"https:\/\/atlanticbooks.ca\/fr\/livres\/ou-naitront-les-hirondeaux\" \/>\n<meta property=\"og:site_name\" content=\"Atlantic Books\" \/>\n<meta property=\"article:modified_time\" content=\"2023-08-28T17:19:42+00:00\" \/>\n<meta property=\"og:image\" content=\"https:\/\/atlanticbooks.mystagingwebsite.com\/wp-content\/uploads\/2022\/10\/Hirondeaux_pageCouver_Francais-scaled.jpg\" \/>\n\t<meta property=\"og:image:width\" content=\"2560\" \/>\n\t<meta property=\"og:image:height\" content=\"2203\" \/>\n\t<meta property=\"og:image:type\" content=\"image\/jpeg\" \/>\n<meta name=\"twitter:card\" content=\"summary_large_image\" \/>\n<meta name=\"twitter:label1\" content=\"Dur\u00e9e de lecture estim\u00e9e\" \/>\n\t<meta name=\"twitter:data1\" content=\"1 minute\" \/>\n<script type=\"application\/ld+json\" class=\"yoast-schema-graph\">{\"@context\":\"https:\/\/schema.org\",\"@graph\":[{\"@type\":\"WebPage\",\"@id\":\"https:\/\/atlanticbooks.ca\/fr\/livres\/ou-naitront-les-hirondeaux\",\"url\":\"https:\/\/atlanticbooks.ca\/fr\/livres\/ou-naitront-les-hirondeaux\",\"name\":\"O\u00f9 naitront les hirondeaux ? - Atlantic Books\",\"isPartOf\":{\"@id\":\"https:\/\/atlanticbooks.ca\/fr\/#website\"},\"primaryImageOfPage\":{\"@id\":\"https:\/\/atlanticbooks.ca\/fr\/livres\/ou-naitront-les-hirondeaux#primaryimage\"},\"image\":{\"@id\":\"https:\/\/atlanticbooks.ca\/fr\/livres\/ou-naitront-les-hirondeaux#primaryimage\"},\"thumbnailUrl\":\"https:\/\/atlanticbooks.ca\/wp-content\/uploads\/biblioshare_attachments\/9782897502966.png\",\"datePublished\":\"2022-10-19T02:58:40+00:00\",\"dateModified\":\"2023-08-28T17:19:42+00:00\",\"breadcrumb\":{\"@id\":\"https:\/\/atlanticbooks.ca\/fr\/livres\/ou-naitront-les-hirondeaux#breadcrumb\"},\"inLanguage\":\"fr-FR\",\"potentialAction\":[{\"@type\":\"ReadAction\",\"target\":[\"https:\/\/atlanticbooks.ca\/fr\/livres\/ou-naitront-les-hirondeaux\"]}]},{\"@type\":\"ImageObject\",\"inLanguage\":\"fr-FR\",\"@id\":\"https:\/\/atlanticbooks.ca\/fr\/livres\/ou-naitront-les-hirondeaux#primaryimage\",\"url\":\"https:\/\/atlanticbooks.ca\/wp-content\/uploads\/biblioshare_attachments\/9782897502966.png\",\"contentUrl\":\"https:\/\/atlanticbooks.ca\/wp-content\/uploads\/biblioshare_attachments\/9782897502966.png\"},{\"@type\":\"BreadcrumbList\",\"@id\":\"https:\/\/atlanticbooks.ca\/fr\/livres\/ou-naitront-les-hirondeaux#breadcrumb\",\"itemListElement\":[{\"@type\":\"ListItem\",\"position\":1,\"name\":\"Domicile\",\"item\":\"https:\/\/atlanticbooks.ca\/fr\"},{\"@type\":\"ListItem\",\"position\":2,\"name\":\"Collections\",\"item\":\"https:\/\/atlanticbooks.ca\/fr\/collections\"},{\"@type\":\"ListItem\",\"position\":3,\"name\":\"O\u00f9 naitront les hirondeaux ?\"}]},{\"@type\":\"WebSite\",\"@id\":\"https:\/\/atlanticbooks.ca\/fr\/#website\",\"url\":\"https:\/\/atlanticbooks.ca\/fr\/\",\"name\":\"Atlantic Books\",\"description\":\"Atlantic Books\",\"publisher\":{\"@id\":\"https:\/\/atlanticbooks.ca\/fr\/#organization\"},\"potentialAction\":[{\"@type\":\"SearchAction\",\"target\":{\"@type\":\"EntryPoint\",\"urlTemplate\":\"https:\/\/atlanticbooks.ca\/fr\/?s={search_term_string}\"},\"query-input\":{\"@type\":\"PropertyValueSpecification\",\"valueRequired\":true,\"valueName\":\"search_term_string\"}}],\"inLanguage\":\"fr-FR\"},{\"@type\":\"Organization\",\"@id\":\"https:\/\/atlanticbooks.ca\/fr\/#organization\",\"name\":\"Atlantic Books\",\"url\":\"https:\/\/atlanticbooks.ca\/fr\/\",\"logo\":{\"@type\":\"ImageObject\",\"inLanguage\":\"fr-FR\",\"@id\":\"https:\/\/atlanticbooks.ca\/fr\/#\/schema\/logo\/image\/\",\"url\":\"https:\/\/atlanticbooks.ca\/wp-content\/uploads\/2020\/10\/atlantic-books-logo.png\",\"contentUrl\":\"https:\/\/atlanticbooks.ca\/wp-content\/uploads\/2020\/10\/atlantic-books-logo.png\",\"width\":566,\"height\":111,\"caption\":\"Atlantic Books\"},\"image\":{\"@id\":\"https:\/\/atlanticbooks.ca\/fr\/#\/schema\/logo\/image\/\"}}]}<\/script>\n<!-- \/ Yoast SEO plugin. -->","yoast_head_json":{"title":"O\u00f9 naitront les hirondeaux ? - Atlantic Books","robots":{"index":"index","follow":"follow","max-snippet":"max-snippet:-1","max-image-preview":"max-image-preview:large","max-video-preview":"max-video-preview:-1"},"canonical":"https:\/\/atlanticbooks.ca\/fr\/livres\/ou-naitront-les-hirondeaux","og_locale":"fr_FR","og_type":"article","og_title":"O\u00f9 naitront les hirondeaux ? - Atlantic Books","og_description":"&lt;p&gt;Apr\u00e8s avoir parcouru des milliers de kilom\u00e8tres, Hirondelle d\u00e9couvre que le lieu o\u00f9 elle fait habituellement son nid est transform\u00e9 de fond en comble. La ferme familiale a fait place [&hellip;]","og_url":"https:\/\/atlanticbooks.ca\/fr\/livres\/ou-naitront-les-hirondeaux","og_site_name":"Atlantic Books","article_modified_time":"2023-08-28T17:19:42+00:00","og_image":[{"width":2560,"height":2203,"url":"https:\/\/atlanticbooks.mystagingwebsite.com\/wp-content\/uploads\/2022\/10\/Hirondeaux_pageCouver_Francais-scaled.jpg","type":"image\/jpeg"}],"twitter_card":"summary_large_image","twitter_misc":{"Dur\u00e9e de lecture estim\u00e9e":"1 minute"},"schema":{"@context":"https:\/\/schema.org","@graph":[{"@type":"WebPage","@id":"https:\/\/atlanticbooks.ca\/fr\/livres\/ou-naitront-les-hirondeaux","url":"https:\/\/atlanticbooks.ca\/fr\/livres\/ou-naitront-les-hirondeaux","name":"O\u00f9 naitront les hirondeaux ? - Atlantic Books","isPartOf":{"@id":"https:\/\/atlanticbooks.ca\/fr\/#website"},"primaryImageOfPage":{"@id":"https:\/\/atlanticbooks.ca\/fr\/livres\/ou-naitront-les-hirondeaux#primaryimage"},"image":{"@id":"https:\/\/atlanticbooks.ca\/fr\/livres\/ou-naitront-les-hirondeaux#primaryimage"},"thumbnailUrl":"https:\/\/atlanticbooks.ca\/wp-content\/uploads\/biblioshare_attachments\/9782897502966.png","datePublished":"2022-10-19T02:58:40+00:00","dateModified":"2023-08-28T17:19:42+00:00","breadcrumb":{"@id":"https:\/\/atlanticbooks.ca\/fr\/livres\/ou-naitront-les-hirondeaux#breadcrumb"},"inLanguage":"fr-FR","potentialAction":[{"@type":"ReadAction","target":["https:\/\/atlanticbooks.ca\/fr\/livres\/ou-naitront-les-hirondeaux"]}]},{"@type":"ImageObject","inLanguage":"fr-FR","@id":"https:\/\/atlanticbooks.ca\/fr\/livres\/ou-naitront-les-hirondeaux#primaryimage","url":"https:\/\/atlanticbooks.ca\/wp-content\/uploads\/biblioshare_attachments\/9782897502966.png","contentUrl":"https:\/\/atlanticbooks.ca\/wp-content\/uploads\/biblioshare_attachments\/9782897502966.png"},{"@type":"BreadcrumbList","@id":"https:\/\/atlanticbooks.ca\/fr\/livres\/ou-naitront-les-hirondeaux#breadcrumb","itemListElement":[{"@type":"ListItem","position":1,"name":"Domicile","item":"https:\/\/atlanticbooks.ca\/fr"},{"@type":"ListItem","position":2,"name":"Collections","item":"https:\/\/atlanticbooks.ca\/fr\/collections"},{"@type":"ListItem","position":3,"name":"O\u00f9 naitront les hirondeaux ?"}]},{"@type":"WebSite","@id":"https:\/\/atlanticbooks.ca\/fr\/#website","url":"https:\/\/atlanticbooks.ca\/fr\/","name":"Atlantic Books","description":"Atlantic Books","publisher":{"@id":"https:\/\/atlanticbooks.ca\/fr\/#organization"},"potentialAction":[{"@type":"SearchAction","target":{"@type":"EntryPoint","urlTemplate":"https:\/\/atlanticbooks.ca\/fr\/?s={search_term_string}"},"query-input":{"@type":"PropertyValueSpecification","valueRequired":true,"valueName":"search_term_string"}}],"inLanguage":"fr-FR"},{"@type":"Organization","@id":"https:\/\/atlanticbooks.ca\/fr\/#organization","name":"Atlantic Books","url":"https:\/\/atlanticbooks.ca\/fr\/","logo":{"@type":"ImageObject","inLanguage":"fr-FR","@id":"https:\/\/atlanticbooks.ca\/fr\/#\/schema\/logo\/image\/","url":"https:\/\/atlanticbooks.ca\/wp-content\/uploads\/2020\/10\/atlantic-books-logo.png","contentUrl":"https:\/\/atlanticbooks.ca\/wp-content\/uploads\/2020\/10\/atlantic-books-logo.png","width":566,"height":111,"caption":"Atlantic Books"},"image":{"@id":"https:\/\/atlanticbooks.ca\/fr\/#\/schema\/logo\/image\/"}}]}},"_links":{"self":[{"href":"https:\/\/atlanticbooks.ca\/fr\/wp-json\/wp\/v2\/product\/61917","targetHints":{"allow":["GET"]}}],"collection":[{"href":"https:\/\/atlanticbooks.ca\/fr\/wp-json\/wp\/v2\/product"}],"about":[{"href":"https:\/\/atlanticbooks.ca\/fr\/wp-json\/wp\/v2\/types\/product"}],"wp:featuredmedia":[{"embeddable":true,"href":"https:\/\/atlanticbooks.ca\/fr\/wp-json\/wp\/v2\/media\/82501"}],"wp:attachment":[{"href":"https:\/\/atlanticbooks.ca\/fr\/wp-json\/wp\/v2\/media?parent=61917"}],"wp:term":[{"taxonomy":"product_brand","embeddable":true,"href":"https:\/\/atlanticbooks.ca\/fr\/wp-json\/wp\/v2\/product_brand?post=61917"},{"taxonomy":"product_cat","embeddable":true,"href":"https:\/\/atlanticbooks.ca\/fr\/wp-json\/wp\/v2\/product_cat?post=61917"},{"taxonomy":"product_tag","embeddable":true,"href":"https:\/\/atlanticbooks.ca\/fr\/wp-json\/wp\/v2\/product_tag?post=61917"}],"curies":[{"name":"wp","href":"https:\/\/api.w.org\/{rel}","templated":true}]}}