{"id":130885,"date":"2026-04-21T10:18:29","date_gmt":"2026-04-21T13:18:29","guid":{"rendered":"https:\/\/atlanticbooks.ca\/books\/qillaniq"},"modified":"2026-04-21T10:18:30","modified_gmt":"2026-04-21T13:18:30","slug":"qillaniq","status":"publish","type":"product","link":"https:\/\/atlanticbooks.ca\/fr\/books\/qillaniq","title":{"rendered":"Qillaniq"},"content":{"rendered":"<p>&lt;p&gt;&lt;i&gt;Qillaniq&lt;\/i&gt; accompanies the 2026 edition of the International exhibition of Indigenous art at the National Gallery of Canada. The title is based on the Inuktitut word describing the effect of light from the sun or the moon shimmering on water \u2013 appropriate for an exhibition and a publication focussing on the circumpolar world. &lt;\/p&gt;&lt;p&gt;The art in &lt;i&gt;Qillaniq&lt;\/i&gt; is multi-vocal, multi-disciplinary, and improvisational; it\u2019s inspired by Indigenous values of contributing to community in as many ways as possible. It\u2019s also an expression of radical joy, an exploration of what the artists tell us is possible in our communities, of holding space for the people who change our world \u2014 despite not always fitting into the norms of colonizing institutions. Most of all, it celebrates those who share love as an answer to difficulty. &lt;i&gt;Qillaniq&lt;\/i&gt; \u2014 that shimmering, bright light \u2014honours the circumpolar world\u2019s badass artists who tell us all that our existence is enough. &lt;\/p&gt;&lt;p&gt;Featuring essays by 24 contributors from the circumpolar world \u2014 Alaska, Inuit Nunangat, Kalaallit Nunaat, and S\u00e1pmi \u2014 and reproductions of work by nearly 70 artists from each of these territories, &lt;i&gt;Qillaniq&lt;\/i&gt; is a true celebration of the circumpolar North, not as the South might want it to be but as it is. &lt;\/p&gt;&lt;p&gt;&lt;i&gt;Qillaniq&lt;\/i&gt;, ce bel ouvrage qui accompagne l\u2019exposition international d\u2019art autochtone pr\u00e9sent\u00e9e en 2026 au Mus\u00e9e des beaux-arts du Canada, a pour titre le mot de la langue inuktitut qui d\u00e9signe le miroitement des rayons du soleil ou de la lune sur l\u2019eau. Pouvait-on mieux choisir, pour une exposition et un ouvrage qui c\u00e9l\u00e8brent le monde circumpolaire? &lt;\/p&gt;&lt;p&gt;&lt;i&gt;Qillaniq&lt;\/i&gt; nous offre un art polyphonique et multidisciplinaire, riche d\u2019improvisations. Un art inspir\u00e9 des valeurs autochtones qui privil\u00e9gient l\u2019apport au bien commun sous toutes les formes. Un art qui exprime une joie profonde, le message d\u2019artistes qui voient tous les possibles dans nos communaut\u00e9s, qui fait place aux gens qui font \u00e9voluer notre monde en faisant fi des normes dict\u00e9es par la colonisation. C\u2019est, surtout, un art qui c\u00e9l\u00e8bre ceux et celles qui brandissent l\u2019amour devant les \u00e9cueils. &lt;i&gt;Qillaniq&lt;\/i&gt; \u2013 miroitement, lumi\u00e8re vive \u2013, est un hymne aux artistes rebelles du monde circumpolaire qui nous disent, \u00e0 tous, que notre existence suffit. &lt;\/p&gt;&lt;p&gt;Mariage d\u2019essais de 24 auteurs et d\u2019\u0153uvres d\u2019environ 70 artistes du monde circumpolaire (Alaska, Inuit Nunangat, Kalaallit Nunaat et S\u00e1pmi), &lt;i&gt;Qillaniq&lt;\/i&gt; exalte un Nord circumpolaire authentique, qui ne c\u00e8de pas aux injonctions du Sud. &lt;\/p&gt;<\/p>\n","protected":false},"excerpt":{"rendered":"<p>&lt;p&gt;&lt;i&gt;Qillaniq&lt;\/i&gt; accompanies the 2026 edition of the International exhibition of Indigenous art at the National Gallery of Canada. The title is based on the Inuktitut word describing the effect of [&hellip;]<\/p>\n","protected":false},"featured_media":130886,"template":"","meta":{"_genesis_hide_title":false,"_genesis_hide_breadcrumbs":false,"_genesis_hide_singular_image":false,"_genesis_hide_footer_widgets":false,"_genesis_custom_body_class":"","_genesis_custom_post_class":"","_genesis_layout":""},"product_brand":[],"product_cat":[25812],"product_tag":[],"class_list":{"0":"post-130885","1":"product","2":"type-product","3":"status-publish","4":"has-post-thumbnail","5":"product_language-eng","6":"product_language-fre","7":"product_subjects-art","8":"product_subjects-indigenous-art","9":"biblio_share_tag-art-indigenous","10":"product_cat-2026-spring-collection","11":"entry","13":"first","14":"instock","15":"taxable","16":"shipping-taxable","17":"purchasable","18":"product-type-simple"},"yoast_head":"<!-- This site is optimized with the Yoast SEO plugin v24.0 - https:\/\/yoast.com\/wordpress\/plugins\/seo\/ -->\n<title>Qillaniq - Atlantic Books<\/title>\n<meta name=\"robots\" content=\"index, follow, max-snippet:-1, max-image-preview:large, max-video-preview:-1\" \/>\n<link rel=\"canonical\" href=\"https:\/\/atlanticbooks.ca\/fr\/books\/qillaniq\" \/>\n<meta property=\"og:locale\" content=\"fr_FR\" \/>\n<meta property=\"og:type\" content=\"article\" \/>\n<meta property=\"og:title\" content=\"Qillaniq - Atlantic Books\" \/>\n<meta property=\"og:description\" content=\"&lt;p&gt;&lt;i&gt;Qillaniq&lt;\/i&gt; accompanies the 2026 edition of the International exhibition of Indigenous art at the National Gallery of Canada. The title is based on the Inuktitut word describing the effect of [&hellip;]\" \/>\n<meta property=\"og:url\" content=\"https:\/\/atlanticbooks.ca\/fr\/books\/qillaniq\" \/>\n<meta property=\"og:site_name\" content=\"Atlantic Books\" \/>\n<meta property=\"article:modified_time\" content=\"2026-04-21T13:18:30+00:00\" \/>\n<meta name=\"twitter:card\" content=\"summary_large_image\" \/>\n<meta name=\"twitter:label1\" content=\"Dur\u00e9e de lecture estim\u00e9e\" \/>\n\t<meta name=\"twitter:data1\" content=\"2 minutes\" \/>\n<script type=\"application\/ld+json\" class=\"yoast-schema-graph\">{\"@context\":\"https:\/\/schema.org\",\"@graph\":[{\"@type\":\"WebPage\",\"@id\":\"https:\/\/atlanticbooks.ca\/fr\/books\/qillaniq\",\"url\":\"https:\/\/atlanticbooks.ca\/fr\/books\/qillaniq\",\"name\":\"Qillaniq - Atlantic Books\",\"isPartOf\":{\"@id\":\"https:\/\/atlanticbooks.ca\/fr\/#website\"},\"primaryImageOfPage\":{\"@id\":\"https:\/\/atlanticbooks.ca\/fr\/books\/qillaniq#primaryimage\"},\"image\":{\"@id\":\"https:\/\/atlanticbooks.ca\/fr\/books\/qillaniq#primaryimage\"},\"thumbnailUrl\":\"https:\/\/atlanticbooks.ca\/wp-content\/uploads\/biblioshare_attachments\/9781773105086-scaled.png\",\"datePublished\":\"2026-04-21T13:18:29+00:00\",\"dateModified\":\"2026-04-21T13:18:30+00:00\",\"breadcrumb\":{\"@id\":\"https:\/\/atlanticbooks.ca\/fr\/books\/qillaniq#breadcrumb\"},\"inLanguage\":\"fr-FR\",\"potentialAction\":[{\"@type\":\"ReadAction\",\"target\":[\"https:\/\/atlanticbooks.ca\/fr\/books\/qillaniq\"]}]},{\"@type\":\"ImageObject\",\"inLanguage\":\"fr-FR\",\"@id\":\"https:\/\/atlanticbooks.ca\/fr\/books\/qillaniq#primaryimage\",\"url\":\"https:\/\/atlanticbooks.ca\/wp-content\/uploads\/biblioshare_attachments\/9781773105086-scaled.png\",\"contentUrl\":\"https:\/\/atlanticbooks.ca\/wp-content\/uploads\/biblioshare_attachments\/9781773105086-scaled.png\",\"width\":2156,\"height\":2560},{\"@type\":\"BreadcrumbList\",\"@id\":\"https:\/\/atlanticbooks.ca\/fr\/books\/qillaniq#breadcrumb\",\"itemListElement\":[{\"@type\":\"ListItem\",\"position\":1,\"name\":\"Domicile\",\"item\":\"https:\/\/atlanticbooks.ca\/fr\"},{\"@type\":\"ListItem\",\"position\":2,\"name\":\"Collections\",\"item\":\"https:\/\/atlanticbooks.ca\/fr\/collections\"},{\"@type\":\"ListItem\",\"position\":3,\"name\":\"Qillaniq\"}]},{\"@type\":\"WebSite\",\"@id\":\"https:\/\/atlanticbooks.ca\/fr\/#website\",\"url\":\"https:\/\/atlanticbooks.ca\/fr\/\",\"name\":\"Atlantic Books\",\"description\":\"Atlantic Books\",\"publisher\":{\"@id\":\"https:\/\/atlanticbooks.ca\/fr\/#organization\"},\"potentialAction\":[{\"@type\":\"SearchAction\",\"target\":{\"@type\":\"EntryPoint\",\"urlTemplate\":\"https:\/\/atlanticbooks.ca\/fr\/?s={search_term_string}\"},\"query-input\":{\"@type\":\"PropertyValueSpecification\",\"valueRequired\":true,\"valueName\":\"search_term_string\"}}],\"inLanguage\":\"fr-FR\"},{\"@type\":\"Organization\",\"@id\":\"https:\/\/atlanticbooks.ca\/fr\/#organization\",\"name\":\"Atlantic Books\",\"url\":\"https:\/\/atlanticbooks.ca\/fr\/\",\"logo\":{\"@type\":\"ImageObject\",\"inLanguage\":\"fr-FR\",\"@id\":\"https:\/\/atlanticbooks.ca\/fr\/#\/schema\/logo\/image\/\",\"url\":\"https:\/\/atlanticbooks.ca\/wp-content\/uploads\/2020\/10\/atlantic-books-logo.png\",\"contentUrl\":\"https:\/\/atlanticbooks.ca\/wp-content\/uploads\/2020\/10\/atlantic-books-logo.png\",\"width\":566,\"height\":111,\"caption\":\"Atlantic Books\"},\"image\":{\"@id\":\"https:\/\/atlanticbooks.ca\/fr\/#\/schema\/logo\/image\/\"}}]}<\/script>\n<!-- \/ Yoast SEO plugin. -->","yoast_head_json":{"title":"Qillaniq - Atlantic Books","robots":{"index":"index","follow":"follow","max-snippet":"max-snippet:-1","max-image-preview":"max-image-preview:large","max-video-preview":"max-video-preview:-1"},"canonical":"https:\/\/atlanticbooks.ca\/fr\/books\/qillaniq","og_locale":"fr_FR","og_type":"article","og_title":"Qillaniq - Atlantic Books","og_description":"&lt;p&gt;&lt;i&gt;Qillaniq&lt;\/i&gt; accompanies the 2026 edition of the International exhibition of Indigenous art at the National Gallery of Canada. The title is based on the Inuktitut word describing the effect of [&hellip;]","og_url":"https:\/\/atlanticbooks.ca\/fr\/books\/qillaniq","og_site_name":"Atlantic Books","article_modified_time":"2026-04-21T13:18:30+00:00","twitter_card":"summary_large_image","twitter_misc":{"Dur\u00e9e de lecture estim\u00e9e":"2 minutes"},"schema":{"@context":"https:\/\/schema.org","@graph":[{"@type":"WebPage","@id":"https:\/\/atlanticbooks.ca\/fr\/books\/qillaniq","url":"https:\/\/atlanticbooks.ca\/fr\/books\/qillaniq","name":"Qillaniq - Atlantic Books","isPartOf":{"@id":"https:\/\/atlanticbooks.ca\/fr\/#website"},"primaryImageOfPage":{"@id":"https:\/\/atlanticbooks.ca\/fr\/books\/qillaniq#primaryimage"},"image":{"@id":"https:\/\/atlanticbooks.ca\/fr\/books\/qillaniq#primaryimage"},"thumbnailUrl":"https:\/\/atlanticbooks.ca\/wp-content\/uploads\/biblioshare_attachments\/9781773105086-scaled.png","datePublished":"2026-04-21T13:18:29+00:00","dateModified":"2026-04-21T13:18:30+00:00","breadcrumb":{"@id":"https:\/\/atlanticbooks.ca\/fr\/books\/qillaniq#breadcrumb"},"inLanguage":"fr-FR","potentialAction":[{"@type":"ReadAction","target":["https:\/\/atlanticbooks.ca\/fr\/books\/qillaniq"]}]},{"@type":"ImageObject","inLanguage":"fr-FR","@id":"https:\/\/atlanticbooks.ca\/fr\/books\/qillaniq#primaryimage","url":"https:\/\/atlanticbooks.ca\/wp-content\/uploads\/biblioshare_attachments\/9781773105086-scaled.png","contentUrl":"https:\/\/atlanticbooks.ca\/wp-content\/uploads\/biblioshare_attachments\/9781773105086-scaled.png","width":2156,"height":2560},{"@type":"BreadcrumbList","@id":"https:\/\/atlanticbooks.ca\/fr\/books\/qillaniq#breadcrumb","itemListElement":[{"@type":"ListItem","position":1,"name":"Domicile","item":"https:\/\/atlanticbooks.ca\/fr"},{"@type":"ListItem","position":2,"name":"Collections","item":"https:\/\/atlanticbooks.ca\/fr\/collections"},{"@type":"ListItem","position":3,"name":"Qillaniq"}]},{"@type":"WebSite","@id":"https:\/\/atlanticbooks.ca\/fr\/#website","url":"https:\/\/atlanticbooks.ca\/fr\/","name":"Atlantic Books","description":"Atlantic Books","publisher":{"@id":"https:\/\/atlanticbooks.ca\/fr\/#organization"},"potentialAction":[{"@type":"SearchAction","target":{"@type":"EntryPoint","urlTemplate":"https:\/\/atlanticbooks.ca\/fr\/?s={search_term_string}"},"query-input":{"@type":"PropertyValueSpecification","valueRequired":true,"valueName":"search_term_string"}}],"inLanguage":"fr-FR"},{"@type":"Organization","@id":"https:\/\/atlanticbooks.ca\/fr\/#organization","name":"Atlantic Books","url":"https:\/\/atlanticbooks.ca\/fr\/","logo":{"@type":"ImageObject","inLanguage":"fr-FR","@id":"https:\/\/atlanticbooks.ca\/fr\/#\/schema\/logo\/image\/","url":"https:\/\/atlanticbooks.ca\/wp-content\/uploads\/2020\/10\/atlantic-books-logo.png","contentUrl":"https:\/\/atlanticbooks.ca\/wp-content\/uploads\/2020\/10\/atlantic-books-logo.png","width":566,"height":111,"caption":"Atlantic Books"},"image":{"@id":"https:\/\/atlanticbooks.ca\/fr\/#\/schema\/logo\/image\/"}}]}},"_links":{"self":[{"href":"https:\/\/atlanticbooks.ca\/fr\/wp-json\/wp\/v2\/product\/130885","targetHints":{"allow":["GET"]}}],"collection":[{"href":"https:\/\/atlanticbooks.ca\/fr\/wp-json\/wp\/v2\/product"}],"about":[{"href":"https:\/\/atlanticbooks.ca\/fr\/wp-json\/wp\/v2\/types\/product"}],"wp:featuredmedia":[{"embeddable":true,"href":"https:\/\/atlanticbooks.ca\/fr\/wp-json\/wp\/v2\/media\/130886"}],"wp:attachment":[{"href":"https:\/\/atlanticbooks.ca\/fr\/wp-json\/wp\/v2\/media?parent=130885"}],"wp:term":[{"taxonomy":"product_brand","embeddable":true,"href":"https:\/\/atlanticbooks.ca\/fr\/wp-json\/wp\/v2\/product_brand?post=130885"},{"taxonomy":"product_cat","embeddable":true,"href":"https:\/\/atlanticbooks.ca\/fr\/wp-json\/wp\/v2\/product_cat?post=130885"},{"taxonomy":"product_tag","embeddable":true,"href":"https:\/\/atlanticbooks.ca\/fr\/wp-json\/wp\/v2\/product_tag?post=130885"}],"curies":[{"name":"wp","href":"https:\/\/api.w.org\/{rel}","templated":true}]}}