{"id":130873,"date":"2026-04-21T10:18:09","date_gmt":"2026-04-21T13:18:09","guid":{"rendered":"https:\/\/atlanticbooks.ca\/books\/edward-mitchell-bannister"},"modified":"2026-04-21T10:18:10","modified_gmt":"2026-04-21T13:18:10","slug":"edward-mitchell-bannister","status":"publish","type":"product","link":"https:\/\/atlanticbooks.ca\/fr\/books\/edward-mitchell-bannister","title":{"rendered":"Edward Mitchell Bannister"},"content":{"rendered":"<p>&lt;p&gt;Edward Mitchell Bannister was an accomplished nineteenth-century painter known for seascapes and pastoral landscapes. Born in Saint Andrews, New Brunswick, Bannister moved to New England as a young man and became involved with the abolitionist movement in Boston. He won first prize at the 1876 Centennial Exposition in Philadelphia for his painting &lt;i&gt;Under the Oaks&lt;\/i&gt;, making him the first African American\/Canadian to win a major American art prize. He was also a founding member of the Rhode Island School of Design. Yet despite this success, he has remained largely unknown in Canada. &lt;\/p&gt;&lt;p&gt;&lt;i&gt;Edward Mitchell Bannister: Hidden Blackness&lt;\/i&gt; is the first Canadian publication about this groundbreaking Black artist and abolitionist. This landmark book features historical images and reproductions of Bannister\u2019s paintings \u2014 many drawn from the collection of the Smithsonian American Art Museum \u2014 alongside essays that explore his life and work, the historical context for Black people and communities in nineteenth-century New Brunswick, and fascinating recent discoveries regarding his practice of recycling figure paintings into landscapes. &lt;\/p&gt;&lt;p&gt;Peintre accompli, Edward Mitchell Bannister est r\u00e9put\u00e9 pour ses marines et ses paysages champ\u00eatres. N\u00e9 \u00e0 Saint Andrews, au Nouveau-Brunswick, cet artiste du XIXe si\u00e8cle s\u2019installe en Nouvelle-Angleterre d\u00e8s sa jeunesse, o\u00f9 il s\u2019investit dans un mouvement abolitionniste de Boston. Son tableau intitul\u00e9 &lt;i&gt;Under the Oaks&lt;\/i&gt; [Sous les ch\u00eanes] lui vaut le premier prix de la Centennial Exposition de Philadelphie, en 1876, et fait de lui le premier Afro-Am\u00e9ricain d\u2019origine canadienne \u00e0 remporter l\u2019un des plus prestigieux prix artistiques des \u00c9tats-Unis. C\u2019est aussi l\u2019un des membres fondateurs de la Rhode Island School of Design. Malgr\u00e9 tout, Bannister reste largement inconnu au Canada. &lt;\/p&gt;&lt;p&gt;Premier ouvrage publi\u00e9 au Canada sur cet abolitionniste et artiste noir novateur, &lt;i&gt;Edward Mitchell Bannister. Noir oubli\u00e9&lt;\/i&gt; est un tournant. Il r\u00e9unit des images historiques, des reproductions d\u2019\u0153uvres, dont beaucoup figurent dans la collection du Smithsonian American Art Museum, et des essais qui mettent en lumi\u00e8re la vie et l\u2019\u0153uvre du peintre, le contexte historique des Noirs et des communaut\u00e9s noires dans le Nouveau-Brunswick du XIXe si\u00e8cle. Il pr\u00e9sente en outre des d\u00e9couvertes r\u00e9centes et fascinantes sur la pratique de Bannister, qui transformait volontiers en paysages des tableaux repr\u00e9sentant d\u2019abord des personnages. &lt;\/p&gt;<\/p>\n","protected":false},"excerpt":{"rendered":"<p>&lt;p&gt;Edward Mitchell Bannister was an accomplished nineteenth-century painter known for seascapes and pastoral landscapes. Born in Saint Andrews, New Brunswick, Bannister moved to New England as a young man and [&hellip;]<\/p>\n","protected":false},"featured_media":130874,"template":"","meta":{"_genesis_hide_title":false,"_genesis_hide_breadcrumbs":false,"_genesis_hide_singular_image":false,"_genesis_hide_footer_widgets":false,"_genesis_custom_body_class":"","_genesis_custom_post_class":"","_genesis_layout":""},"product_brand":[],"product_cat":[25812],"product_tag":[],"class_list":{"0":"post-130873","1":"product","2":"type-product","3":"status-publish","4":"has-post-thumbnail","5":"product_language-eng","6":"product_language-fre","7":"product_subjects-art","8":"product_subjects-canadian-art","9":"biblio_share_tag-art-canadian","10":"product_cat-2026-spring-collection","11":"entry","13":"first","14":"instock","15":"taxable","16":"shipping-taxable","17":"purchasable","18":"product-type-simple"},"yoast_head":"<!-- This site is optimized with the Yoast SEO plugin v24.0 - https:\/\/yoast.com\/wordpress\/plugins\/seo\/ -->\n<title>Edward Mitchell Bannister - Atlantic Books<\/title>\n<meta name=\"robots\" content=\"index, follow, max-snippet:-1, max-image-preview:large, max-video-preview:-1\" \/>\n<link rel=\"canonical\" href=\"https:\/\/atlanticbooks.ca\/fr\/books\/edward-mitchell-bannister\" \/>\n<meta property=\"og:locale\" content=\"fr_FR\" \/>\n<meta property=\"og:type\" content=\"article\" \/>\n<meta property=\"og:title\" content=\"Edward Mitchell Bannister - Atlantic Books\" \/>\n<meta property=\"og:description\" content=\"&lt;p&gt;Edward Mitchell Bannister was an accomplished nineteenth-century painter known for seascapes and pastoral landscapes. Born in Saint Andrews, New Brunswick, Bannister moved to New England as a young man and [&hellip;]\" \/>\n<meta property=\"og:url\" content=\"https:\/\/atlanticbooks.ca\/fr\/books\/edward-mitchell-bannister\" \/>\n<meta property=\"og:site_name\" content=\"Atlantic Books\" \/>\n<meta property=\"article:modified_time\" content=\"2026-04-21T13:18:10+00:00\" \/>\n<meta name=\"twitter:card\" content=\"summary_large_image\" \/>\n<meta name=\"twitter:label1\" content=\"Dur\u00e9e de lecture estim\u00e9e\" \/>\n\t<meta name=\"twitter:data1\" content=\"2 minutes\" \/>\n<script type=\"application\/ld+json\" class=\"yoast-schema-graph\">{\"@context\":\"https:\/\/schema.org\",\"@graph\":[{\"@type\":\"WebPage\",\"@id\":\"https:\/\/atlanticbooks.ca\/fr\/books\/edward-mitchell-bannister\",\"url\":\"https:\/\/atlanticbooks.ca\/fr\/books\/edward-mitchell-bannister\",\"name\":\"Edward Mitchell Bannister - Atlantic Books\",\"isPartOf\":{\"@id\":\"https:\/\/atlanticbooks.ca\/fr\/#website\"},\"primaryImageOfPage\":{\"@id\":\"https:\/\/atlanticbooks.ca\/fr\/books\/edward-mitchell-bannister#primaryimage\"},\"image\":{\"@id\":\"https:\/\/atlanticbooks.ca\/fr\/books\/edward-mitchell-bannister#primaryimage\"},\"thumbnailUrl\":\"https:\/\/atlanticbooks.ca\/wp-content\/uploads\/biblioshare_attachments\/9781773105031-scaled.png\",\"datePublished\":\"2026-04-21T13:18:09+00:00\",\"dateModified\":\"2026-04-21T13:18:10+00:00\",\"breadcrumb\":{\"@id\":\"https:\/\/atlanticbooks.ca\/fr\/books\/edward-mitchell-bannister#breadcrumb\"},\"inLanguage\":\"fr-FR\",\"potentialAction\":[{\"@type\":\"ReadAction\",\"target\":[\"https:\/\/atlanticbooks.ca\/fr\/books\/edward-mitchell-bannister\"]}]},{\"@type\":\"ImageObject\",\"inLanguage\":\"fr-FR\",\"@id\":\"https:\/\/atlanticbooks.ca\/fr\/books\/edward-mitchell-bannister#primaryimage\",\"url\":\"https:\/\/atlanticbooks.ca\/wp-content\/uploads\/biblioshare_attachments\/9781773105031-scaled.png\",\"contentUrl\":\"https:\/\/atlanticbooks.ca\/wp-content\/uploads\/biblioshare_attachments\/9781773105031-scaled.png\",\"width\":1991,\"height\":2560},{\"@type\":\"BreadcrumbList\",\"@id\":\"https:\/\/atlanticbooks.ca\/fr\/books\/edward-mitchell-bannister#breadcrumb\",\"itemListElement\":[{\"@type\":\"ListItem\",\"position\":1,\"name\":\"Domicile\",\"item\":\"https:\/\/atlanticbooks.ca\/fr\"},{\"@type\":\"ListItem\",\"position\":2,\"name\":\"Collections\",\"item\":\"https:\/\/atlanticbooks.ca\/fr\/collections\"},{\"@type\":\"ListItem\",\"position\":3,\"name\":\"Edward Mitchell Bannister\"}]},{\"@type\":\"WebSite\",\"@id\":\"https:\/\/atlanticbooks.ca\/fr\/#website\",\"url\":\"https:\/\/atlanticbooks.ca\/fr\/\",\"name\":\"Atlantic Books\",\"description\":\"Atlantic Books\",\"publisher\":{\"@id\":\"https:\/\/atlanticbooks.ca\/fr\/#organization\"},\"potentialAction\":[{\"@type\":\"SearchAction\",\"target\":{\"@type\":\"EntryPoint\",\"urlTemplate\":\"https:\/\/atlanticbooks.ca\/fr\/?s={search_term_string}\"},\"query-input\":{\"@type\":\"PropertyValueSpecification\",\"valueRequired\":true,\"valueName\":\"search_term_string\"}}],\"inLanguage\":\"fr-FR\"},{\"@type\":\"Organization\",\"@id\":\"https:\/\/atlanticbooks.ca\/fr\/#organization\",\"name\":\"Atlantic Books\",\"url\":\"https:\/\/atlanticbooks.ca\/fr\/\",\"logo\":{\"@type\":\"ImageObject\",\"inLanguage\":\"fr-FR\",\"@id\":\"https:\/\/atlanticbooks.ca\/fr\/#\/schema\/logo\/image\/\",\"url\":\"https:\/\/atlanticbooks.ca\/wp-content\/uploads\/2020\/10\/atlantic-books-logo.png\",\"contentUrl\":\"https:\/\/atlanticbooks.ca\/wp-content\/uploads\/2020\/10\/atlantic-books-logo.png\",\"width\":566,\"height\":111,\"caption\":\"Atlantic Books\"},\"image\":{\"@id\":\"https:\/\/atlanticbooks.ca\/fr\/#\/schema\/logo\/image\/\"}}]}<\/script>\n<!-- \/ Yoast SEO plugin. -->","yoast_head_json":{"title":"Edward Mitchell Bannister - Atlantic Books","robots":{"index":"index","follow":"follow","max-snippet":"max-snippet:-1","max-image-preview":"max-image-preview:large","max-video-preview":"max-video-preview:-1"},"canonical":"https:\/\/atlanticbooks.ca\/fr\/books\/edward-mitchell-bannister","og_locale":"fr_FR","og_type":"article","og_title":"Edward Mitchell Bannister - Atlantic Books","og_description":"&lt;p&gt;Edward Mitchell Bannister was an accomplished nineteenth-century painter known for seascapes and pastoral landscapes. Born in Saint Andrews, New Brunswick, Bannister moved to New England as a young man and [&hellip;]","og_url":"https:\/\/atlanticbooks.ca\/fr\/books\/edward-mitchell-bannister","og_site_name":"Atlantic Books","article_modified_time":"2026-04-21T13:18:10+00:00","twitter_card":"summary_large_image","twitter_misc":{"Dur\u00e9e de lecture estim\u00e9e":"2 minutes"},"schema":{"@context":"https:\/\/schema.org","@graph":[{"@type":"WebPage","@id":"https:\/\/atlanticbooks.ca\/fr\/books\/edward-mitchell-bannister","url":"https:\/\/atlanticbooks.ca\/fr\/books\/edward-mitchell-bannister","name":"Edward Mitchell Bannister - Atlantic Books","isPartOf":{"@id":"https:\/\/atlanticbooks.ca\/fr\/#website"},"primaryImageOfPage":{"@id":"https:\/\/atlanticbooks.ca\/fr\/books\/edward-mitchell-bannister#primaryimage"},"image":{"@id":"https:\/\/atlanticbooks.ca\/fr\/books\/edward-mitchell-bannister#primaryimage"},"thumbnailUrl":"https:\/\/atlanticbooks.ca\/wp-content\/uploads\/biblioshare_attachments\/9781773105031-scaled.png","datePublished":"2026-04-21T13:18:09+00:00","dateModified":"2026-04-21T13:18:10+00:00","breadcrumb":{"@id":"https:\/\/atlanticbooks.ca\/fr\/books\/edward-mitchell-bannister#breadcrumb"},"inLanguage":"fr-FR","potentialAction":[{"@type":"ReadAction","target":["https:\/\/atlanticbooks.ca\/fr\/books\/edward-mitchell-bannister"]}]},{"@type":"ImageObject","inLanguage":"fr-FR","@id":"https:\/\/atlanticbooks.ca\/fr\/books\/edward-mitchell-bannister#primaryimage","url":"https:\/\/atlanticbooks.ca\/wp-content\/uploads\/biblioshare_attachments\/9781773105031-scaled.png","contentUrl":"https:\/\/atlanticbooks.ca\/wp-content\/uploads\/biblioshare_attachments\/9781773105031-scaled.png","width":1991,"height":2560},{"@type":"BreadcrumbList","@id":"https:\/\/atlanticbooks.ca\/fr\/books\/edward-mitchell-bannister#breadcrumb","itemListElement":[{"@type":"ListItem","position":1,"name":"Domicile","item":"https:\/\/atlanticbooks.ca\/fr"},{"@type":"ListItem","position":2,"name":"Collections","item":"https:\/\/atlanticbooks.ca\/fr\/collections"},{"@type":"ListItem","position":3,"name":"Edward Mitchell Bannister"}]},{"@type":"WebSite","@id":"https:\/\/atlanticbooks.ca\/fr\/#website","url":"https:\/\/atlanticbooks.ca\/fr\/","name":"Atlantic Books","description":"Atlantic Books","publisher":{"@id":"https:\/\/atlanticbooks.ca\/fr\/#organization"},"potentialAction":[{"@type":"SearchAction","target":{"@type":"EntryPoint","urlTemplate":"https:\/\/atlanticbooks.ca\/fr\/?s={search_term_string}"},"query-input":{"@type":"PropertyValueSpecification","valueRequired":true,"valueName":"search_term_string"}}],"inLanguage":"fr-FR"},{"@type":"Organization","@id":"https:\/\/atlanticbooks.ca\/fr\/#organization","name":"Atlantic Books","url":"https:\/\/atlanticbooks.ca\/fr\/","logo":{"@type":"ImageObject","inLanguage":"fr-FR","@id":"https:\/\/atlanticbooks.ca\/fr\/#\/schema\/logo\/image\/","url":"https:\/\/atlanticbooks.ca\/wp-content\/uploads\/2020\/10\/atlantic-books-logo.png","contentUrl":"https:\/\/atlanticbooks.ca\/wp-content\/uploads\/2020\/10\/atlantic-books-logo.png","width":566,"height":111,"caption":"Atlantic Books"},"image":{"@id":"https:\/\/atlanticbooks.ca\/fr\/#\/schema\/logo\/image\/"}}]}},"_links":{"self":[{"href":"https:\/\/atlanticbooks.ca\/fr\/wp-json\/wp\/v2\/product\/130873","targetHints":{"allow":["GET"]}}],"collection":[{"href":"https:\/\/atlanticbooks.ca\/fr\/wp-json\/wp\/v2\/product"}],"about":[{"href":"https:\/\/atlanticbooks.ca\/fr\/wp-json\/wp\/v2\/types\/product"}],"wp:featuredmedia":[{"embeddable":true,"href":"https:\/\/atlanticbooks.ca\/fr\/wp-json\/wp\/v2\/media\/130874"}],"wp:attachment":[{"href":"https:\/\/atlanticbooks.ca\/fr\/wp-json\/wp\/v2\/media?parent=130873"}],"wp:term":[{"taxonomy":"product_brand","embeddable":true,"href":"https:\/\/atlanticbooks.ca\/fr\/wp-json\/wp\/v2\/product_brand?post=130873"},{"taxonomy":"product_cat","embeddable":true,"href":"https:\/\/atlanticbooks.ca\/fr\/wp-json\/wp\/v2\/product_cat?post=130873"},{"taxonomy":"product_tag","embeddable":true,"href":"https:\/\/atlanticbooks.ca\/fr\/wp-json\/wp\/v2\/product_tag?post=130873"}],"curies":[{"name":"wp","href":"https:\/\/api.w.org\/{rel}","templated":true}]}}