{"id":130855,"date":"2026-04-21T10:17:38","date_gmt":"2026-04-21T13:17:38","guid":{"rendered":"https:\/\/atlanticbooks.ca\/books\/takao-tanabe"},"modified":"2026-04-21T10:17:39","modified_gmt":"2026-04-21T13:17:39","slug":"takao-tanabe","status":"publish","type":"product","link":"https:\/\/atlanticbooks.ca\/fr\/books\/takao-tanabe","title":{"rendered":"Takao Tanabe"},"content":{"rendered":"<p>&lt;p&gt;&lt;i&gt;Takao Tanabe&lt;\/i&gt; celebrates the remarkable 70-year career of Takao Tanabe. Beginning with his training as an artist in Winnipeg and his subsequent development as a Modernist in New York, this career-spanning book takes readers through his period as an abstract artist on the Canadian Prairies in the 1970s and his eventual embrace of landscape painting upon his return  to the West Coast in the early 1980s. This last turn is exemplified by his famous series of \u201cInside Passage\u201d paintings: light-bathed depictions of  the Georgia Straight that evoke its changing landscape and weather. &lt;\/p&gt;&lt;p&gt; &lt;i&gt;Takao Tanabe&lt;\/i&gt; showcases the artist\u2019s innovation and evolution over the course of his prolific career. This gorgeous volume invites readers to engage with fresh perspectives on Tanabe\u2019s legacy, to reflect on his enduring impact on the development of Canadian art, and to celebrate his remarkable centenary. &lt;\/p&gt;&lt;p&gt;Takao Tanabe, born in 1926 in Seal Cove, part of Prince Rupert in British Columbia, is a second-generation Japanese Canadian artist who has built a distinguished career as one of Canada\u2019s most prolific and influential painters. Renowned for his abstract and representational landscapes, Tanabe\u2019s work distills the essence of place through a masterful command of form and colour, combined with his keen observational eye and impeccable brush strokes. He transforms familiar Canadian terrains and coastal sceneries into extraordinary, luminous compositions that convey both serenity and energy. &lt;\/p&gt;&lt;p&gt;Tanabe\u2019s influence extends far beyond his technical skill, leaving a permanent mark on the development of Canadian art. His practice reflects a unique fusion of artistic sensibilities, merging Western and Eastern art traditions with the modernist movements of postwar Canada. His contributions to the artistic movement in Canada have earned him numerous honours, including the Governor General\u2019s Award in Visual and Media Arts and the Order of Canada. Tanabe\u2019s enduring legacy speaks to his ability to transcend the visual landscape and inspire his art viewers. &lt;\/p&gt;&lt;p&gt;&lt;i&gt;Takao Tanabe&lt;\/i&gt; c\u00e9l\u00e8bre les 70 ans de la remarquable carri\u00e8re de Takao Tanabe. L\u2019exposition retrace son parcours depuis sa formation en art \u00e0 Winnipeg et son \u00e9volution vers le modernisme \u00e0 New York, en passant par sa p\u00e9riode abstraite dans les Prairies canadiennes dans des ann\u00e9es 1970, jusqu\u2019\u00e0 son virage vers la peinture de paysages \u00e0 son retour sur la c\u00f4te ouest, au d\u00e9but des ann\u00e9es 1980. Cette derni\u00e8re orientation est illustr\u00e9e par sa c\u00e9l\u00e8bre s\u00e9rie connue sous le nom &lt;i&gt;d\u2019Inside Passage&lt;\/i&gt; (passage int\u00e9rieur), des tableaux baign\u00e9s de lumi\u00e8re qui \u00e9voquent les paysages et les conditions m\u00e9t\u00e9orologiques changeantes du d\u00e9troit de G\u00e9orgie. &lt;\/p&gt;&lt;p&gt;Comportant des textes des commissaires d\u2019exposition Jonathan Shaughnessy, Kiriko Watanabe et Steven McNeil, ainsi qu\u2019un essai de Sherri Kajiwara du Nikkei National Museum and Cultural Centre, &lt;i&gt;Takao Tanabe&lt;\/i&gt; donne \u00e0 voir le caract\u00e8re novateur de l\u2019art de Tanabe et son \u00e9volution au long d\u2019une carri\u00e8re prolifique. Cet ouvrage magnifique invite les lecteurs \u00e0 d\u00e9couvrir de nouvelles perspectives sur le legs de Tanabe, \u00e0 r\u00e9fl\u00e9chir \u00e0 l\u2019importance de son r\u00f4le dans le d\u00e9veloppement de l\u2019art canadien et \u00e0 c\u00e9l\u00e9brer son remarquable centenaire. &lt;\/p&gt;&lt;p&gt;Le catalogue &lt;i&gt;Takao Tanabe. Passage int\u00e9rieur&lt;\/i&gt; accompagne l\u2019exposition du m\u00eame nom, qui ouvrira au Audain Art Museum en juin 2026 avant d\u2019\u00eatre pr\u00e9sent\u00e9e au Mus\u00e9e des beaux-arts du Canada et \u00e0 l\u2019Art Gallery of Greater Victoria. &lt;\/p&gt;&lt;p&gt;N\u00e9 en 1926 \u00e0 Seal Cove, dans la r\u00e9gion de Prince Rupert en Colombie-Britannique, Takao Tanabe est un artiste canadien d\u2019origine japonaise de deuxi\u00e8me g\u00e9n\u00e9ration qui s\u2019est forg\u00e9 une carri\u00e8re remarquable, devenant l\u2019un des peintres les plus prolifiques et les plus influents au pays. R\u00e9put\u00e9 pour ses paysages abstraits et figuratifs, Tanabe saisit l\u2019essence m\u00eame des lieux par son usage magistral des formes et des couleurs, son sens de l\u2019observation aigu et la ma\u00eetrise impeccable de ses coups de pinceau. Il transforme le relief et les paysages c\u00f4tiers familiers du Canada en de captivantes et lumineuses compositions exprimant tout \u00e0 la fois s\u00e9r\u00e9nit\u00e9 et \u00e9nergie. &lt;\/p&gt;&lt;p&gt;L\u2019influence de Tanabe va bien au-del\u00e0 de ses comp\u00e9tences techniques et a marqu\u00e9 le d\u00e9veloppement de l\u2019art canadien de mani\u00e8re ind\u00e9l\u00e9bile. Sa pratique, qui marie les traditions occidentales et orientales avec le modernisme canadien d\u2019apr\u00e8s-guerre, constitue une fusion unique de sensibilit\u00e9s artistiques. Sa contribution artistique lui a valu de nombreuses distinctions, notamment le Prix du Gouverneur g\u00e9n\u00e9ral en arts visuels et en arts m\u00e9diatiques, et l\u2019Ordre du Canada. Le legs durable de Tanabe t\u00e9moigne de sa capacit\u00e9 \u00e0 transcender le paysage visuel pour inspirer les amateurs d\u2019art. &lt;\/p&gt;<\/p>\n","protected":false},"excerpt":{"rendered":"<p>&lt;p&gt;&lt;i&gt;Takao Tanabe&lt;\/i&gt; celebrates the remarkable 70-year career of Takao Tanabe. Beginning with his training as an artist in Winnipeg and his subsequent development as a Modernist in New York, this [&hellip;]<\/p>\n","protected":false},"featured_media":130856,"template":"","meta":{"_genesis_hide_title":false,"_genesis_hide_breadcrumbs":false,"_genesis_hide_singular_image":false,"_genesis_hide_footer_widgets":false,"_genesis_custom_body_class":"","_genesis_custom_post_class":"","_genesis_layout":""},"product_brand":[],"product_cat":[25812],"product_tag":[],"class_list":{"0":"post-130855","1":"product","2":"type-product","3":"status-publish","4":"has-post-thumbnail","5":"product_language-eng","6":"product_language-fre","7":"product_subjects-art","8":"product_subjects-canadian-art","9":"biblio_share_tag-art-canadian","10":"product_cat-2026-spring-collection","11":"entry","13":"first","14":"instock","15":"taxable","16":"shipping-taxable","17":"purchasable","18":"product-type-simple"},"yoast_head":"<!-- This site is optimized with the Yoast SEO plugin v24.0 - https:\/\/yoast.com\/wordpress\/plugins\/seo\/ -->\n<title>Takao Tanabe - Atlantic Books<\/title>\n<meta name=\"robots\" content=\"index, follow, max-snippet:-1, max-image-preview:large, max-video-preview:-1\" \/>\n<link rel=\"canonical\" href=\"https:\/\/atlanticbooks.ca\/fr\/books\/takao-tanabe\" \/>\n<meta property=\"og:locale\" content=\"fr_FR\" \/>\n<meta property=\"og:type\" content=\"article\" \/>\n<meta property=\"og:title\" content=\"Takao Tanabe - Atlantic Books\" \/>\n<meta property=\"og:description\" content=\"&lt;p&gt;&lt;i&gt;Takao Tanabe&lt;\/i&gt; celebrates the remarkable 70-year career of Takao Tanabe. Beginning with his training as an artist in Winnipeg and his subsequent development as a Modernist in New York, this [&hellip;]\" \/>\n<meta property=\"og:url\" content=\"https:\/\/atlanticbooks.ca\/fr\/books\/takao-tanabe\" \/>\n<meta property=\"og:site_name\" content=\"Atlantic Books\" \/>\n<meta property=\"article:modified_time\" content=\"2026-04-21T13:17:39+00:00\" \/>\n<meta name=\"twitter:card\" content=\"summary_large_image\" \/>\n<meta name=\"twitter:label1\" content=\"Dur\u00e9e de lecture estim\u00e9e\" \/>\n\t<meta name=\"twitter:data1\" content=\"4 minutes\" \/>\n<script type=\"application\/ld+json\" class=\"yoast-schema-graph\">{\"@context\":\"https:\/\/schema.org\",\"@graph\":[{\"@type\":\"WebPage\",\"@id\":\"https:\/\/atlanticbooks.ca\/fr\/books\/takao-tanabe\",\"url\":\"https:\/\/atlanticbooks.ca\/fr\/books\/takao-tanabe\",\"name\":\"Takao Tanabe - Atlantic Books\",\"isPartOf\":{\"@id\":\"https:\/\/atlanticbooks.ca\/fr\/#website\"},\"primaryImageOfPage\":{\"@id\":\"https:\/\/atlanticbooks.ca\/fr\/books\/takao-tanabe#primaryimage\"},\"image\":{\"@id\":\"https:\/\/atlanticbooks.ca\/fr\/books\/takao-tanabe#primaryimage\"},\"thumbnailUrl\":\"https:\/\/atlanticbooks.ca\/wp-content\/uploads\/biblioshare_attachments\/9781773104935-scaled.png\",\"datePublished\":\"2026-04-21T13:17:38+00:00\",\"dateModified\":\"2026-04-21T13:17:39+00:00\",\"breadcrumb\":{\"@id\":\"https:\/\/atlanticbooks.ca\/fr\/books\/takao-tanabe#breadcrumb\"},\"inLanguage\":\"fr-FR\",\"potentialAction\":[{\"@type\":\"ReadAction\",\"target\":[\"https:\/\/atlanticbooks.ca\/fr\/books\/takao-tanabe\"]}]},{\"@type\":\"ImageObject\",\"inLanguage\":\"fr-FR\",\"@id\":\"https:\/\/atlanticbooks.ca\/fr\/books\/takao-tanabe#primaryimage\",\"url\":\"https:\/\/atlanticbooks.ca\/wp-content\/uploads\/biblioshare_attachments\/9781773104935-scaled.png\",\"contentUrl\":\"https:\/\/atlanticbooks.ca\/wp-content\/uploads\/biblioshare_attachments\/9781773104935-scaled.png\",\"width\":2560,\"height\":2340},{\"@type\":\"BreadcrumbList\",\"@id\":\"https:\/\/atlanticbooks.ca\/fr\/books\/takao-tanabe#breadcrumb\",\"itemListElement\":[{\"@type\":\"ListItem\",\"position\":1,\"name\":\"Domicile\",\"item\":\"https:\/\/atlanticbooks.ca\/fr\"},{\"@type\":\"ListItem\",\"position\":2,\"name\":\"Collections\",\"item\":\"https:\/\/atlanticbooks.ca\/fr\/collections\"},{\"@type\":\"ListItem\",\"position\":3,\"name\":\"Takao Tanabe\"}]},{\"@type\":\"WebSite\",\"@id\":\"https:\/\/atlanticbooks.ca\/fr\/#website\",\"url\":\"https:\/\/atlanticbooks.ca\/fr\/\",\"name\":\"Atlantic Books\",\"description\":\"Atlantic Books\",\"publisher\":{\"@id\":\"https:\/\/atlanticbooks.ca\/fr\/#organization\"},\"potentialAction\":[{\"@type\":\"SearchAction\",\"target\":{\"@type\":\"EntryPoint\",\"urlTemplate\":\"https:\/\/atlanticbooks.ca\/fr\/?s={search_term_string}\"},\"query-input\":{\"@type\":\"PropertyValueSpecification\",\"valueRequired\":true,\"valueName\":\"search_term_string\"}}],\"inLanguage\":\"fr-FR\"},{\"@type\":\"Organization\",\"@id\":\"https:\/\/atlanticbooks.ca\/fr\/#organization\",\"name\":\"Atlantic Books\",\"url\":\"https:\/\/atlanticbooks.ca\/fr\/\",\"logo\":{\"@type\":\"ImageObject\",\"inLanguage\":\"fr-FR\",\"@id\":\"https:\/\/atlanticbooks.ca\/fr\/#\/schema\/logo\/image\/\",\"url\":\"https:\/\/atlanticbooks.ca\/wp-content\/uploads\/2020\/10\/atlantic-books-logo.png\",\"contentUrl\":\"https:\/\/atlanticbooks.ca\/wp-content\/uploads\/2020\/10\/atlantic-books-logo.png\",\"width\":566,\"height\":111,\"caption\":\"Atlantic Books\"},\"image\":{\"@id\":\"https:\/\/atlanticbooks.ca\/fr\/#\/schema\/logo\/image\/\"}}]}<\/script>\n<!-- \/ Yoast SEO plugin. -->","yoast_head_json":{"title":"Takao Tanabe - Atlantic Books","robots":{"index":"index","follow":"follow","max-snippet":"max-snippet:-1","max-image-preview":"max-image-preview:large","max-video-preview":"max-video-preview:-1"},"canonical":"https:\/\/atlanticbooks.ca\/fr\/books\/takao-tanabe","og_locale":"fr_FR","og_type":"article","og_title":"Takao Tanabe - Atlantic Books","og_description":"&lt;p&gt;&lt;i&gt;Takao Tanabe&lt;\/i&gt; celebrates the remarkable 70-year career of Takao Tanabe. Beginning with his training as an artist in Winnipeg and his subsequent development as a Modernist in New York, this [&hellip;]","og_url":"https:\/\/atlanticbooks.ca\/fr\/books\/takao-tanabe","og_site_name":"Atlantic Books","article_modified_time":"2026-04-21T13:17:39+00:00","twitter_card":"summary_large_image","twitter_misc":{"Dur\u00e9e de lecture estim\u00e9e":"4 minutes"},"schema":{"@context":"https:\/\/schema.org","@graph":[{"@type":"WebPage","@id":"https:\/\/atlanticbooks.ca\/fr\/books\/takao-tanabe","url":"https:\/\/atlanticbooks.ca\/fr\/books\/takao-tanabe","name":"Takao Tanabe - Atlantic Books","isPartOf":{"@id":"https:\/\/atlanticbooks.ca\/fr\/#website"},"primaryImageOfPage":{"@id":"https:\/\/atlanticbooks.ca\/fr\/books\/takao-tanabe#primaryimage"},"image":{"@id":"https:\/\/atlanticbooks.ca\/fr\/books\/takao-tanabe#primaryimage"},"thumbnailUrl":"https:\/\/atlanticbooks.ca\/wp-content\/uploads\/biblioshare_attachments\/9781773104935-scaled.png","datePublished":"2026-04-21T13:17:38+00:00","dateModified":"2026-04-21T13:17:39+00:00","breadcrumb":{"@id":"https:\/\/atlanticbooks.ca\/fr\/books\/takao-tanabe#breadcrumb"},"inLanguage":"fr-FR","potentialAction":[{"@type":"ReadAction","target":["https:\/\/atlanticbooks.ca\/fr\/books\/takao-tanabe"]}]},{"@type":"ImageObject","inLanguage":"fr-FR","@id":"https:\/\/atlanticbooks.ca\/fr\/books\/takao-tanabe#primaryimage","url":"https:\/\/atlanticbooks.ca\/wp-content\/uploads\/biblioshare_attachments\/9781773104935-scaled.png","contentUrl":"https:\/\/atlanticbooks.ca\/wp-content\/uploads\/biblioshare_attachments\/9781773104935-scaled.png","width":2560,"height":2340},{"@type":"BreadcrumbList","@id":"https:\/\/atlanticbooks.ca\/fr\/books\/takao-tanabe#breadcrumb","itemListElement":[{"@type":"ListItem","position":1,"name":"Domicile","item":"https:\/\/atlanticbooks.ca\/fr"},{"@type":"ListItem","position":2,"name":"Collections","item":"https:\/\/atlanticbooks.ca\/fr\/collections"},{"@type":"ListItem","position":3,"name":"Takao Tanabe"}]},{"@type":"WebSite","@id":"https:\/\/atlanticbooks.ca\/fr\/#website","url":"https:\/\/atlanticbooks.ca\/fr\/","name":"Atlantic Books","description":"Atlantic Books","publisher":{"@id":"https:\/\/atlanticbooks.ca\/fr\/#organization"},"potentialAction":[{"@type":"SearchAction","target":{"@type":"EntryPoint","urlTemplate":"https:\/\/atlanticbooks.ca\/fr\/?s={search_term_string}"},"query-input":{"@type":"PropertyValueSpecification","valueRequired":true,"valueName":"search_term_string"}}],"inLanguage":"fr-FR"},{"@type":"Organization","@id":"https:\/\/atlanticbooks.ca\/fr\/#organization","name":"Atlantic Books","url":"https:\/\/atlanticbooks.ca\/fr\/","logo":{"@type":"ImageObject","inLanguage":"fr-FR","@id":"https:\/\/atlanticbooks.ca\/fr\/#\/schema\/logo\/image\/","url":"https:\/\/atlanticbooks.ca\/wp-content\/uploads\/2020\/10\/atlantic-books-logo.png","contentUrl":"https:\/\/atlanticbooks.ca\/wp-content\/uploads\/2020\/10\/atlantic-books-logo.png","width":566,"height":111,"caption":"Atlantic Books"},"image":{"@id":"https:\/\/atlanticbooks.ca\/fr\/#\/schema\/logo\/image\/"}}]}},"_links":{"self":[{"href":"https:\/\/atlanticbooks.ca\/fr\/wp-json\/wp\/v2\/product\/130855","targetHints":{"allow":["GET"]}}],"collection":[{"href":"https:\/\/atlanticbooks.ca\/fr\/wp-json\/wp\/v2\/product"}],"about":[{"href":"https:\/\/atlanticbooks.ca\/fr\/wp-json\/wp\/v2\/types\/product"}],"wp:featuredmedia":[{"embeddable":true,"href":"https:\/\/atlanticbooks.ca\/fr\/wp-json\/wp\/v2\/media\/130856"}],"wp:attachment":[{"href":"https:\/\/atlanticbooks.ca\/fr\/wp-json\/wp\/v2\/media?parent=130855"}],"wp:term":[{"taxonomy":"product_brand","embeddable":true,"href":"https:\/\/atlanticbooks.ca\/fr\/wp-json\/wp\/v2\/product_brand?post=130855"},{"taxonomy":"product_cat","embeddable":true,"href":"https:\/\/atlanticbooks.ca\/fr\/wp-json\/wp\/v2\/product_cat?post=130855"},{"taxonomy":"product_tag","embeddable":true,"href":"https:\/\/atlanticbooks.ca\/fr\/wp-json\/wp\/v2\/product_tag?post=130855"}],"curies":[{"name":"wp","href":"https:\/\/api.w.org\/{rel}","templated":true}]}}