{"id":126421,"date":"2025-12-04T14:58:02","date_gmt":"2025-12-04T18:58:02","guid":{"rendered":"https:\/\/atlanticbooks.ca\/?post_type=product&#038;p=126421"},"modified":"2025-12-04T15:04:37","modified_gmt":"2025-12-04T19:04:37","slug":"dechirures-vers-lavenir-anthologie","status":"publish","type":"product","link":"https:\/\/atlanticbooks.ca\/fr\/books\/dechirures-vers-lavenir-anthologie","title":{"rendered":"D\u00e9chirures vers l&rsquo;avenir\u00a0:\u00a0Anthologie"},"content":{"rendered":"<p>A collage of rebellion and irreverence in poetry published by Perce-Neige, reflecting the stimulating, engaged, intergenerational literary life of Acadie.<\/p>\n<p><strong>Un scrapbook des r\u00e9voltes dans la po\u00e9sie des \u00c9ditions Perce-Neige, de 1980 \u00e0 aujourd\u2019hui.<\/strong><\/p>\n<p><em>D\u00e9chirures vers l\u2019avenir<\/em>,\u00a0c\u2019est des po\u00e8mes aim\u00e9s, choisis, d\u00e9chir\u00e9s puis ramanch\u00e9s. Des morceaux de discours qui parlent de nous autres. Un assemblage\u00a0vivant. Une forme d\u2019anthologie un peu dissidente dont le fil rouge d\u00e9vie des recensions traditionnelles pour mettre ensemble les morceaux d\u2019une repr\u00e9sentation multipiste de l\u2019Acadie contemporaine, des id\u00e9es et des ferveurs qui l\u2019ont anim\u00e9e jusqu\u2019\u00e0 aujourd\u2019hui, mais aussi de ses doutes, de ses contradictions, de ses dissonances et de ses dissidences. Agenc\u00e9s en cinq collections distinctes, ces po\u00e8mes sont autant une invitation \u00e0 revisiter les \u0153uvres du catalogue qu\u2019une marque du caract\u00e8re et de l\u2019audace qui ancrent la maison d\u2019\u00e9dition au c\u0153ur de la po\u00e9sie acadienne depuis pr\u00e8s d\u2019un demi si\u00e8cle. En r\u00e9sulte un recueil \u00e0 l\u2019image de la vie litt\u00e9raire stimulante, solidaire et interg\u00e9n\u00e9rationnelle en Acadie.<\/p>\n","protected":false},"excerpt":{"rendered":"<p>A collage of rebellion and irreverence in poetry published by Perce-Neige, reflecting the stimulating, engaged, intergenerational literary life of Acadie. Un scrapbook des r\u00e9voltes dans la po\u00e9sie des \u00c9ditions Perce-Neige, [&hellip;]<\/p>\n","protected":false},"featured_media":126422,"template":"","meta":{"_genesis_hide_title":false,"_genesis_hide_breadcrumbs":false,"_genesis_hide_singular_image":false,"_genesis_hide_footer_widgets":false,"_genesis_custom_body_class":"","_genesis_custom_post_class":"","_genesis_layout":""},"product_brand":[],"product_cat":[25359],"product_tag":[],"class_list":{"0":"post-126421","1":"product","2":"type-product","3":"status-publish","4":"has-post-thumbnail","5":"product_language-fre","6":"product_cat-holiday-2025","7":"entry","9":"first","10":"instock","11":"taxable","12":"shipping-taxable","13":"purchasable","14":"product-type-simple"},"yoast_head":"<!-- This site is optimized with the Yoast SEO plugin v24.0 - https:\/\/yoast.com\/wordpress\/plugins\/seo\/ -->\n<title>D\u00e9chirures vers l&#039;avenir\u00a0:\u00a0Anthologie - Atlantic Books<\/title>\n<meta name=\"robots\" content=\"index, follow, max-snippet:-1, max-image-preview:large, max-video-preview:-1\" \/>\n<link rel=\"canonical\" href=\"https:\/\/atlanticbooks.ca\/fr\/books\/dechirures-vers-lavenir-anthologie\" \/>\n<meta property=\"og:locale\" content=\"fr_FR\" \/>\n<meta property=\"og:type\" content=\"article\" \/>\n<meta property=\"og:title\" content=\"D\u00e9chirures vers l&#039;avenir\u00a0:\u00a0Anthologie - Atlantic Books\" \/>\n<meta property=\"og:description\" content=\"A collage of rebellion and irreverence in poetry published by Perce-Neige, reflecting the stimulating, engaged, intergenerational literary life of Acadie. Un scrapbook des r\u00e9voltes dans la po\u00e9sie des \u00c9ditions Perce-Neige, [&hellip;]\" \/>\n<meta property=\"og:url\" content=\"https:\/\/atlanticbooks.ca\/fr\/books\/dechirures-vers-lavenir-anthologie\" \/>\n<meta property=\"og:site_name\" content=\"Atlantic Books\" \/>\n<meta property=\"article:modified_time\" content=\"2025-12-04T19:04:37+00:00\" \/>\n<meta property=\"og:image\" content=\"https:\/\/atlanticbooks.ca\/wp-content\/uploads\/2025\/12\/PN_Dechirures_C1_2D-5.jpg\" \/>\n\t<meta property=\"og:image:width\" content=\"1500\" \/>\n\t<meta property=\"og:image:height\" content=\"2400\" \/>\n\t<meta property=\"og:image:type\" content=\"image\/jpeg\" \/>\n<meta name=\"twitter:card\" content=\"summary_large_image\" \/>\n<meta name=\"twitter:label1\" content=\"Dur\u00e9e de lecture estim\u00e9e\" \/>\n\t<meta name=\"twitter:data1\" content=\"1 minute\" \/>\n<script type=\"application\/ld+json\" class=\"yoast-schema-graph\">{\"@context\":\"https:\/\/schema.org\",\"@graph\":[{\"@type\":\"WebPage\",\"@id\":\"https:\/\/atlanticbooks.ca\/fr\/books\/dechirures-vers-lavenir-anthologie\",\"url\":\"https:\/\/atlanticbooks.ca\/fr\/books\/dechirures-vers-lavenir-anthologie\",\"name\":\"D\u00e9chirures vers l'avenir\u00a0:\u00a0Anthologie - Atlantic Books\",\"isPartOf\":{\"@id\":\"https:\/\/atlanticbooks.ca\/fr\/#website\"},\"primaryImageOfPage\":{\"@id\":\"https:\/\/atlanticbooks.ca\/fr\/books\/dechirures-vers-lavenir-anthologie#primaryimage\"},\"image\":{\"@id\":\"https:\/\/atlanticbooks.ca\/fr\/books\/dechirures-vers-lavenir-anthologie#primaryimage\"},\"thumbnailUrl\":\"https:\/\/atlanticbooks.ca\/wp-content\/uploads\/2025\/12\/PN_Dechirures_C1_2D-5.jpg\",\"datePublished\":\"2025-12-04T18:58:02+00:00\",\"dateModified\":\"2025-12-04T19:04:37+00:00\",\"breadcrumb\":{\"@id\":\"https:\/\/atlanticbooks.ca\/fr\/books\/dechirures-vers-lavenir-anthologie#breadcrumb\"},\"inLanguage\":\"fr-FR\",\"potentialAction\":[{\"@type\":\"ReadAction\",\"target\":[\"https:\/\/atlanticbooks.ca\/fr\/books\/dechirures-vers-lavenir-anthologie\"]}]},{\"@type\":\"ImageObject\",\"inLanguage\":\"fr-FR\",\"@id\":\"https:\/\/atlanticbooks.ca\/fr\/books\/dechirures-vers-lavenir-anthologie#primaryimage\",\"url\":\"https:\/\/atlanticbooks.ca\/wp-content\/uploads\/2025\/12\/PN_Dechirures_C1_2D-5.jpg\",\"contentUrl\":\"https:\/\/atlanticbooks.ca\/wp-content\/uploads\/2025\/12\/PN_Dechirures_C1_2D-5.jpg\",\"width\":1500,\"height\":2400},{\"@type\":\"BreadcrumbList\",\"@id\":\"https:\/\/atlanticbooks.ca\/fr\/books\/dechirures-vers-lavenir-anthologie#breadcrumb\",\"itemListElement\":[{\"@type\":\"ListItem\",\"position\":1,\"name\":\"Domicile\",\"item\":\"https:\/\/atlanticbooks.ca\/fr\"},{\"@type\":\"ListItem\",\"position\":2,\"name\":\"Collections\",\"item\":\"https:\/\/atlanticbooks.ca\/fr\/collections\"},{\"@type\":\"ListItem\",\"position\":3,\"name\":\"D\u00e9chirures vers l&#8217;avenir\u00a0:\u00a0Anthologie\"}]},{\"@type\":\"WebSite\",\"@id\":\"https:\/\/atlanticbooks.ca\/fr\/#website\",\"url\":\"https:\/\/atlanticbooks.ca\/fr\/\",\"name\":\"Atlantic Books\",\"description\":\"Atlantic Books\",\"publisher\":{\"@id\":\"https:\/\/atlanticbooks.ca\/fr\/#organization\"},\"potentialAction\":[{\"@type\":\"SearchAction\",\"target\":{\"@type\":\"EntryPoint\",\"urlTemplate\":\"https:\/\/atlanticbooks.ca\/fr\/?s={search_term_string}\"},\"query-input\":{\"@type\":\"PropertyValueSpecification\",\"valueRequired\":true,\"valueName\":\"search_term_string\"}}],\"inLanguage\":\"fr-FR\"},{\"@type\":\"Organization\",\"@id\":\"https:\/\/atlanticbooks.ca\/fr\/#organization\",\"name\":\"Atlantic Books\",\"url\":\"https:\/\/atlanticbooks.ca\/fr\/\",\"logo\":{\"@type\":\"ImageObject\",\"inLanguage\":\"fr-FR\",\"@id\":\"https:\/\/atlanticbooks.ca\/fr\/#\/schema\/logo\/image\/\",\"url\":\"https:\/\/atlanticbooks.ca\/wp-content\/uploads\/2020\/10\/atlantic-books-logo.png\",\"contentUrl\":\"https:\/\/atlanticbooks.ca\/wp-content\/uploads\/2020\/10\/atlantic-books-logo.png\",\"width\":566,\"height\":111,\"caption\":\"Atlantic Books\"},\"image\":{\"@id\":\"https:\/\/atlanticbooks.ca\/fr\/#\/schema\/logo\/image\/\"}}]}<\/script>\n<!-- \/ Yoast SEO plugin. -->","yoast_head_json":{"title":"D\u00e9chirures vers l'avenir\u00a0:\u00a0Anthologie - Atlantic Books","robots":{"index":"index","follow":"follow","max-snippet":"max-snippet:-1","max-image-preview":"max-image-preview:large","max-video-preview":"max-video-preview:-1"},"canonical":"https:\/\/atlanticbooks.ca\/fr\/books\/dechirures-vers-lavenir-anthologie","og_locale":"fr_FR","og_type":"article","og_title":"D\u00e9chirures vers l'avenir\u00a0:\u00a0Anthologie - Atlantic Books","og_description":"A collage of rebellion and irreverence in poetry published by Perce-Neige, reflecting the stimulating, engaged, intergenerational literary life of Acadie. Un scrapbook des r\u00e9voltes dans la po\u00e9sie des \u00c9ditions Perce-Neige, [&hellip;]","og_url":"https:\/\/atlanticbooks.ca\/fr\/books\/dechirures-vers-lavenir-anthologie","og_site_name":"Atlantic Books","article_modified_time":"2025-12-04T19:04:37+00:00","og_image":[{"width":1500,"height":2400,"url":"https:\/\/atlanticbooks.ca\/wp-content\/uploads\/2025\/12\/PN_Dechirures_C1_2D-5.jpg","type":"image\/jpeg"}],"twitter_card":"summary_large_image","twitter_misc":{"Dur\u00e9e de lecture estim\u00e9e":"1 minute"},"schema":{"@context":"https:\/\/schema.org","@graph":[{"@type":"WebPage","@id":"https:\/\/atlanticbooks.ca\/fr\/books\/dechirures-vers-lavenir-anthologie","url":"https:\/\/atlanticbooks.ca\/fr\/books\/dechirures-vers-lavenir-anthologie","name":"D\u00e9chirures vers l'avenir\u00a0:\u00a0Anthologie - Atlantic Books","isPartOf":{"@id":"https:\/\/atlanticbooks.ca\/fr\/#website"},"primaryImageOfPage":{"@id":"https:\/\/atlanticbooks.ca\/fr\/books\/dechirures-vers-lavenir-anthologie#primaryimage"},"image":{"@id":"https:\/\/atlanticbooks.ca\/fr\/books\/dechirures-vers-lavenir-anthologie#primaryimage"},"thumbnailUrl":"https:\/\/atlanticbooks.ca\/wp-content\/uploads\/2025\/12\/PN_Dechirures_C1_2D-5.jpg","datePublished":"2025-12-04T18:58:02+00:00","dateModified":"2025-12-04T19:04:37+00:00","breadcrumb":{"@id":"https:\/\/atlanticbooks.ca\/fr\/books\/dechirures-vers-lavenir-anthologie#breadcrumb"},"inLanguage":"fr-FR","potentialAction":[{"@type":"ReadAction","target":["https:\/\/atlanticbooks.ca\/fr\/books\/dechirures-vers-lavenir-anthologie"]}]},{"@type":"ImageObject","inLanguage":"fr-FR","@id":"https:\/\/atlanticbooks.ca\/fr\/books\/dechirures-vers-lavenir-anthologie#primaryimage","url":"https:\/\/atlanticbooks.ca\/wp-content\/uploads\/2025\/12\/PN_Dechirures_C1_2D-5.jpg","contentUrl":"https:\/\/atlanticbooks.ca\/wp-content\/uploads\/2025\/12\/PN_Dechirures_C1_2D-5.jpg","width":1500,"height":2400},{"@type":"BreadcrumbList","@id":"https:\/\/atlanticbooks.ca\/fr\/books\/dechirures-vers-lavenir-anthologie#breadcrumb","itemListElement":[{"@type":"ListItem","position":1,"name":"Domicile","item":"https:\/\/atlanticbooks.ca\/fr"},{"@type":"ListItem","position":2,"name":"Collections","item":"https:\/\/atlanticbooks.ca\/fr\/collections"},{"@type":"ListItem","position":3,"name":"D\u00e9chirures vers l&#8217;avenir\u00a0:\u00a0Anthologie"}]},{"@type":"WebSite","@id":"https:\/\/atlanticbooks.ca\/fr\/#website","url":"https:\/\/atlanticbooks.ca\/fr\/","name":"Atlantic Books","description":"Atlantic Books","publisher":{"@id":"https:\/\/atlanticbooks.ca\/fr\/#organization"},"potentialAction":[{"@type":"SearchAction","target":{"@type":"EntryPoint","urlTemplate":"https:\/\/atlanticbooks.ca\/fr\/?s={search_term_string}"},"query-input":{"@type":"PropertyValueSpecification","valueRequired":true,"valueName":"search_term_string"}}],"inLanguage":"fr-FR"},{"@type":"Organization","@id":"https:\/\/atlanticbooks.ca\/fr\/#organization","name":"Atlantic Books","url":"https:\/\/atlanticbooks.ca\/fr\/","logo":{"@type":"ImageObject","inLanguage":"fr-FR","@id":"https:\/\/atlanticbooks.ca\/fr\/#\/schema\/logo\/image\/","url":"https:\/\/atlanticbooks.ca\/wp-content\/uploads\/2020\/10\/atlantic-books-logo.png","contentUrl":"https:\/\/atlanticbooks.ca\/wp-content\/uploads\/2020\/10\/atlantic-books-logo.png","width":566,"height":111,"caption":"Atlantic Books"},"image":{"@id":"https:\/\/atlanticbooks.ca\/fr\/#\/schema\/logo\/image\/"}}]}},"_links":{"self":[{"href":"https:\/\/atlanticbooks.ca\/fr\/wp-json\/wp\/v2\/product\/126421","targetHints":{"allow":["GET"]}}],"collection":[{"href":"https:\/\/atlanticbooks.ca\/fr\/wp-json\/wp\/v2\/product"}],"about":[{"href":"https:\/\/atlanticbooks.ca\/fr\/wp-json\/wp\/v2\/types\/product"}],"wp:featuredmedia":[{"embeddable":true,"href":"https:\/\/atlanticbooks.ca\/fr\/wp-json\/wp\/v2\/media\/126422"}],"wp:attachment":[{"href":"https:\/\/atlanticbooks.ca\/fr\/wp-json\/wp\/v2\/media?parent=126421"}],"wp:term":[{"taxonomy":"product_brand","embeddable":true,"href":"https:\/\/atlanticbooks.ca\/fr\/wp-json\/wp\/v2\/product_brand?post=126421"},{"taxonomy":"product_cat","embeddable":true,"href":"https:\/\/atlanticbooks.ca\/fr\/wp-json\/wp\/v2\/product_cat?post=126421"},{"taxonomy":"product_tag","embeddable":true,"href":"https:\/\/atlanticbooks.ca\/fr\/wp-json\/wp\/v2\/product_tag?post=126421"}],"curies":[{"name":"wp","href":"https:\/\/api.w.org\/{rel}","templated":true}]}}