{"id":117553,"date":"2025-04-22T16:20:39","date_gmt":"2025-04-22T19:20:39","guid":{"rendered":"https:\/\/atlanticbooks.ca\/books\/the-kingston-prize-le-prix-kingston"},"modified":"2025-04-22T16:20:40","modified_gmt":"2025-04-22T19:20:40","slug":"the-kingston-prize-le-prix-kingston","status":"publish","type":"product","link":"https:\/\/atlanticbooks.ca\/fr\/books\/the-kingston-prize-le-prix-kingston","title":{"rendered":"The Kingston Prize | Le Prix Kingston"},"content":{"rendered":"<p>&lt;p&gt;&lt;i&gt;The Kingston Prize: Canada\u2019s Portrait Competition&lt;\/i&gt; presents over 250 extraordinary contemporary portraits by Canadian artists, celebrating the finalists and winners of the first nine editions of one of the country\u2019s leading portrait competitions. &lt;\/p&gt;&lt;p&gt;Founded in 2005 in Kingston, Ontario, the Kingston Prize is a biennial event that has received 3,500 submissions since its inception. The finalists and winning portraits have been viewed by hundreds of thousands of visitors to the related exhibitions, held across Canada in Ontario, Nova Scotia, New Brunswick, Quebec, and Alberta. &lt;\/p&gt;&lt;p&gt;Generously illustrated with full-colour reproductions of work by every finalist and winner since the inception of the prize, &lt;i&gt;The Kingston Prize: Canada\u2019s Portrait Competition&lt;\/i&gt; offers a visual record of life in Canada and an inspiring range of approaches to portraiture by contemporary artists. &lt;\/p&gt;&lt;p&gt;&lt;i&gt;Le Prix Kingston : Prix du portrait au Canada&lt;\/i&gt; pr\u00e9sente plus de 250 portraits contemporains ordinaires, \u0153uvres d\u2019artistes canadiens, finalistes ou laur\u00e9ats des neuf premi\u00e8res \u00e9ditions du plus prestigieux concours de ce genre du pays.  &lt;\/p&gt;&lt;p&gt;Fond\u00e9 en 2005 \u00e0 Kingston, en Ontario, le Prix Kingston est un \u00e9v\u00e9nement biennal qui a attir\u00e9 quelque 3 500 candidatures depuis sa cr\u00e9ation. Les \u0153uvres des finalistes et des laur\u00e9ats, expos\u00e9es en Ontario, en Nouvelle-\u00c9cosse, au Nouveau-Brunswick, au Qu\u00e9bec et en Alberta, ont \u00e9t\u00e9 vues par des centaines de milliers de visiteurs. &lt;\/p&gt;&lt;p&gt;G\u00e9n\u00e9reusement illustr\u00e9 gr\u00e2ce \u00e0 des reproductions couleur des \u0153uvres de chaque finaliste et laur\u00e9at depuis la cr\u00e9ation du prix, &lt;i&gt;Le Prix Kingston : Prix du portrait&lt;\/i&gt; au Canada est un t\u00e9moignage visuel du travail, des loisirs, des v\u00eatements et de la coiffure, bref, de la vie au Canada, mais aussi un panorama du style des portraitistes contemporains. &lt;\/p&gt;<\/p>\n","protected":false},"excerpt":{"rendered":"<p>&lt;p&gt;&lt;i&gt;The Kingston Prize: Canada\u2019s Portrait Competition&lt;\/i&gt; presents over 250 extraordinary contemporary portraits by Canadian artists, celebrating the finalists and winners of the first nine editions of one of the country\u2019s [&hellip;]<\/p>\n","protected":false},"featured_media":117554,"template":"","meta":{"_genesis_hide_title":false,"_genesis_hide_breadcrumbs":false,"_genesis_hide_singular_image":false,"_genesis_hide_footer_widgets":false,"_genesis_custom_body_class":"","_genesis_custom_post_class":"","_genesis_layout":""},"product_brand":[],"product_cat":[24971],"product_tag":[],"class_list":{"0":"post-117553","1":"product","2":"type-product","3":"status-publish","4":"has-post-thumbnail","5":"product_language-eng","6":"product_language-fre","7":"product_subjects-art","8":"product_subjects-canadian-art","9":"biblio_share_tag-art-canadian","10":"product_cat-apma-spring-2025","11":"entry","13":"first","14":"instock","15":"taxable","16":"shipping-taxable","17":"purchasable","18":"product-type-simple"},"yoast_head":"<!-- This site is optimized with the Yoast SEO plugin v24.0 - https:\/\/yoast.com\/wordpress\/plugins\/seo\/ -->\n<title>The Kingston Prize | Le Prix Kingston - Atlantic Books<\/title>\n<meta name=\"robots\" content=\"index, follow, max-snippet:-1, max-image-preview:large, max-video-preview:-1\" \/>\n<link rel=\"canonical\" href=\"https:\/\/atlanticbooks.ca\/fr\/books\/the-kingston-prize-le-prix-kingston\" \/>\n<meta property=\"og:locale\" content=\"fr_FR\" \/>\n<meta property=\"og:type\" content=\"article\" \/>\n<meta property=\"og:title\" content=\"The Kingston Prize | Le Prix Kingston - Atlantic Books\" \/>\n<meta property=\"og:description\" content=\"&lt;p&gt;&lt;i&gt;The Kingston Prize: Canada\u2019s Portrait Competition&lt;\/i&gt; presents over 250 extraordinary contemporary portraits by Canadian artists, celebrating the finalists and winners of the first nine editions of one of the country\u2019s [&hellip;]\" \/>\n<meta property=\"og:url\" content=\"https:\/\/atlanticbooks.ca\/fr\/books\/the-kingston-prize-le-prix-kingston\" \/>\n<meta property=\"og:site_name\" content=\"Atlantic Books\" \/>\n<meta property=\"article:modified_time\" content=\"2025-04-22T19:20:40+00:00\" \/>\n<meta name=\"twitter:card\" content=\"summary_large_image\" \/>\n<meta name=\"twitter:label1\" content=\"Dur\u00e9e de lecture estim\u00e9e\" \/>\n\t<meta name=\"twitter:data1\" content=\"2 minutes\" \/>\n<script type=\"application\/ld+json\" class=\"yoast-schema-graph\">{\"@context\":\"https:\/\/schema.org\",\"@graph\":[{\"@type\":\"WebPage\",\"@id\":\"https:\/\/atlanticbooks.ca\/fr\/books\/the-kingston-prize-le-prix-kingston\",\"url\":\"https:\/\/atlanticbooks.ca\/fr\/books\/the-kingston-prize-le-prix-kingston\",\"name\":\"The Kingston Prize | Le Prix Kingston - Atlantic Books\",\"isPartOf\":{\"@id\":\"https:\/\/atlanticbooks.ca\/fr\/#website\"},\"primaryImageOfPage\":{\"@id\":\"https:\/\/atlanticbooks.ca\/fr\/books\/the-kingston-prize-le-prix-kingston#primaryimage\"},\"image\":{\"@id\":\"https:\/\/atlanticbooks.ca\/fr\/books\/the-kingston-prize-le-prix-kingston#primaryimage\"},\"thumbnailUrl\":\"https:\/\/atlanticbooks.ca\/wp-content\/uploads\/biblioshare_attachments\/9781773104515-scaled.png\",\"datePublished\":\"2025-04-22T19:20:39+00:00\",\"dateModified\":\"2025-04-22T19:20:40+00:00\",\"breadcrumb\":{\"@id\":\"https:\/\/atlanticbooks.ca\/fr\/books\/the-kingston-prize-le-prix-kingston#breadcrumb\"},\"inLanguage\":\"fr-FR\",\"potentialAction\":[{\"@type\":\"ReadAction\",\"target\":[\"https:\/\/atlanticbooks.ca\/fr\/books\/the-kingston-prize-le-prix-kingston\"]}]},{\"@type\":\"ImageObject\",\"inLanguage\":\"fr-FR\",\"@id\":\"https:\/\/atlanticbooks.ca\/fr\/books\/the-kingston-prize-le-prix-kingston#primaryimage\",\"url\":\"https:\/\/atlanticbooks.ca\/wp-content\/uploads\/biblioshare_attachments\/9781773104515-scaled.png\",\"contentUrl\":\"https:\/\/atlanticbooks.ca\/wp-content\/uploads\/biblioshare_attachments\/9781773104515-scaled.png\",\"width\":2067,\"height\":2560},{\"@type\":\"BreadcrumbList\",\"@id\":\"https:\/\/atlanticbooks.ca\/fr\/books\/the-kingston-prize-le-prix-kingston#breadcrumb\",\"itemListElement\":[{\"@type\":\"ListItem\",\"position\":1,\"name\":\"Domicile\",\"item\":\"https:\/\/atlanticbooks.ca\/fr\"},{\"@type\":\"ListItem\",\"position\":2,\"name\":\"Collections\",\"item\":\"https:\/\/atlanticbooks.ca\/fr\/collections\"},{\"@type\":\"ListItem\",\"position\":3,\"name\":\"The Kingston Prize | Le Prix Kingston\"}]},{\"@type\":\"WebSite\",\"@id\":\"https:\/\/atlanticbooks.ca\/fr\/#website\",\"url\":\"https:\/\/atlanticbooks.ca\/fr\/\",\"name\":\"Atlantic Books\",\"description\":\"Atlantic Books\",\"publisher\":{\"@id\":\"https:\/\/atlanticbooks.ca\/fr\/#organization\"},\"potentialAction\":[{\"@type\":\"SearchAction\",\"target\":{\"@type\":\"EntryPoint\",\"urlTemplate\":\"https:\/\/atlanticbooks.ca\/fr\/?s={search_term_string}\"},\"query-input\":{\"@type\":\"PropertyValueSpecification\",\"valueRequired\":true,\"valueName\":\"search_term_string\"}}],\"inLanguage\":\"fr-FR\"},{\"@type\":\"Organization\",\"@id\":\"https:\/\/atlanticbooks.ca\/fr\/#organization\",\"name\":\"Atlantic Books\",\"url\":\"https:\/\/atlanticbooks.ca\/fr\/\",\"logo\":{\"@type\":\"ImageObject\",\"inLanguage\":\"fr-FR\",\"@id\":\"https:\/\/atlanticbooks.ca\/fr\/#\/schema\/logo\/image\/\",\"url\":\"https:\/\/atlanticbooks.ca\/wp-content\/uploads\/2020\/10\/atlantic-books-logo.png\",\"contentUrl\":\"https:\/\/atlanticbooks.ca\/wp-content\/uploads\/2020\/10\/atlantic-books-logo.png\",\"width\":566,\"height\":111,\"caption\":\"Atlantic Books\"},\"image\":{\"@id\":\"https:\/\/atlanticbooks.ca\/fr\/#\/schema\/logo\/image\/\"}}]}<\/script>\n<!-- \/ Yoast SEO plugin. -->","yoast_head_json":{"title":"The Kingston Prize | Le Prix Kingston - Atlantic Books","robots":{"index":"index","follow":"follow","max-snippet":"max-snippet:-1","max-image-preview":"max-image-preview:large","max-video-preview":"max-video-preview:-1"},"canonical":"https:\/\/atlanticbooks.ca\/fr\/books\/the-kingston-prize-le-prix-kingston","og_locale":"fr_FR","og_type":"article","og_title":"The Kingston Prize | Le Prix Kingston - Atlantic Books","og_description":"&lt;p&gt;&lt;i&gt;The Kingston Prize: Canada\u2019s Portrait Competition&lt;\/i&gt; presents over 250 extraordinary contemporary portraits by Canadian artists, celebrating the finalists and winners of the first nine editions of one of the country\u2019s [&hellip;]","og_url":"https:\/\/atlanticbooks.ca\/fr\/books\/the-kingston-prize-le-prix-kingston","og_site_name":"Atlantic Books","article_modified_time":"2025-04-22T19:20:40+00:00","twitter_card":"summary_large_image","twitter_misc":{"Dur\u00e9e de lecture estim\u00e9e":"2 minutes"},"schema":{"@context":"https:\/\/schema.org","@graph":[{"@type":"WebPage","@id":"https:\/\/atlanticbooks.ca\/fr\/books\/the-kingston-prize-le-prix-kingston","url":"https:\/\/atlanticbooks.ca\/fr\/books\/the-kingston-prize-le-prix-kingston","name":"The Kingston Prize | Le Prix Kingston - Atlantic Books","isPartOf":{"@id":"https:\/\/atlanticbooks.ca\/fr\/#website"},"primaryImageOfPage":{"@id":"https:\/\/atlanticbooks.ca\/fr\/books\/the-kingston-prize-le-prix-kingston#primaryimage"},"image":{"@id":"https:\/\/atlanticbooks.ca\/fr\/books\/the-kingston-prize-le-prix-kingston#primaryimage"},"thumbnailUrl":"https:\/\/atlanticbooks.ca\/wp-content\/uploads\/biblioshare_attachments\/9781773104515-scaled.png","datePublished":"2025-04-22T19:20:39+00:00","dateModified":"2025-04-22T19:20:40+00:00","breadcrumb":{"@id":"https:\/\/atlanticbooks.ca\/fr\/books\/the-kingston-prize-le-prix-kingston#breadcrumb"},"inLanguage":"fr-FR","potentialAction":[{"@type":"ReadAction","target":["https:\/\/atlanticbooks.ca\/fr\/books\/the-kingston-prize-le-prix-kingston"]}]},{"@type":"ImageObject","inLanguage":"fr-FR","@id":"https:\/\/atlanticbooks.ca\/fr\/books\/the-kingston-prize-le-prix-kingston#primaryimage","url":"https:\/\/atlanticbooks.ca\/wp-content\/uploads\/biblioshare_attachments\/9781773104515-scaled.png","contentUrl":"https:\/\/atlanticbooks.ca\/wp-content\/uploads\/biblioshare_attachments\/9781773104515-scaled.png","width":2067,"height":2560},{"@type":"BreadcrumbList","@id":"https:\/\/atlanticbooks.ca\/fr\/books\/the-kingston-prize-le-prix-kingston#breadcrumb","itemListElement":[{"@type":"ListItem","position":1,"name":"Domicile","item":"https:\/\/atlanticbooks.ca\/fr"},{"@type":"ListItem","position":2,"name":"Collections","item":"https:\/\/atlanticbooks.ca\/fr\/collections"},{"@type":"ListItem","position":3,"name":"The Kingston Prize | Le Prix Kingston"}]},{"@type":"WebSite","@id":"https:\/\/atlanticbooks.ca\/fr\/#website","url":"https:\/\/atlanticbooks.ca\/fr\/","name":"Atlantic Books","description":"Atlantic Books","publisher":{"@id":"https:\/\/atlanticbooks.ca\/fr\/#organization"},"potentialAction":[{"@type":"SearchAction","target":{"@type":"EntryPoint","urlTemplate":"https:\/\/atlanticbooks.ca\/fr\/?s={search_term_string}"},"query-input":{"@type":"PropertyValueSpecification","valueRequired":true,"valueName":"search_term_string"}}],"inLanguage":"fr-FR"},{"@type":"Organization","@id":"https:\/\/atlanticbooks.ca\/fr\/#organization","name":"Atlantic Books","url":"https:\/\/atlanticbooks.ca\/fr\/","logo":{"@type":"ImageObject","inLanguage":"fr-FR","@id":"https:\/\/atlanticbooks.ca\/fr\/#\/schema\/logo\/image\/","url":"https:\/\/atlanticbooks.ca\/wp-content\/uploads\/2020\/10\/atlantic-books-logo.png","contentUrl":"https:\/\/atlanticbooks.ca\/wp-content\/uploads\/2020\/10\/atlantic-books-logo.png","width":566,"height":111,"caption":"Atlantic Books"},"image":{"@id":"https:\/\/atlanticbooks.ca\/fr\/#\/schema\/logo\/image\/"}}]}},"_links":{"self":[{"href":"https:\/\/atlanticbooks.ca\/fr\/wp-json\/wp\/v2\/product\/117553","targetHints":{"allow":["GET"]}}],"collection":[{"href":"https:\/\/atlanticbooks.ca\/fr\/wp-json\/wp\/v2\/product"}],"about":[{"href":"https:\/\/atlanticbooks.ca\/fr\/wp-json\/wp\/v2\/types\/product"}],"wp:featuredmedia":[{"embeddable":true,"href":"https:\/\/atlanticbooks.ca\/fr\/wp-json\/wp\/v2\/media\/117554"}],"wp:attachment":[{"href":"https:\/\/atlanticbooks.ca\/fr\/wp-json\/wp\/v2\/media?parent=117553"}],"wp:term":[{"taxonomy":"product_brand","embeddable":true,"href":"https:\/\/atlanticbooks.ca\/fr\/wp-json\/wp\/v2\/product_brand?post=117553"},{"taxonomy":"product_cat","embeddable":true,"href":"https:\/\/atlanticbooks.ca\/fr\/wp-json\/wp\/v2\/product_cat?post=117553"},{"taxonomy":"product_tag","embeddable":true,"href":"https:\/\/atlanticbooks.ca\/fr\/wp-json\/wp\/v2\/product_tag?post=117553"}],"curies":[{"name":"wp","href":"https:\/\/api.w.org\/{rel}","templated":true}]}}