{"id":117533,"date":"2025-04-22T16:20:08","date_gmt":"2025-04-22T19:20:08","guid":{"rendered":"https:\/\/atlanticbooks.ca\/books\/joyce-wieland-2"},"modified":"2025-04-22T16:20:09","modified_gmt":"2025-04-22T19:20:09","slug":"joyce-wieland-2","status":"publish","type":"product","link":"https:\/\/atlanticbooks.ca\/fr\/books\/joyce-wieland-2","title":{"rendered":"Joyce Wieland"},"content":{"rendered":"<p>&lt;p&gt;D\u00e9termin\u00e9e, audacieuse, color\u00e9e, Joyce Wieland a \u00e9t\u00e9 la premi\u00e8re femme artiste \u00e0 exposer en solo de son vivant au Mus\u00e9e des beaux-arts du Canada et au Mus\u00e9e des beaux-arts de l\u2019Ontario. Grande figure du cin\u00e9ma d\u2019avant-garde dans les ann\u00e9es 1960 et 1970, elle a, avec Michael Snow, mis au monde le cin\u00e9ma exp\u00e9rimental canadien. Son \u0153uvre a laiss\u00e9 une empreinte ind\u00e9l\u00e9bile sur l\u2019art du Canada.  &lt;\/p&gt;&lt;p&gt;&lt;i&gt;Joyce Wieland : \u00c0 c\u0153ur battant&lt;\/i&gt; est la premi\u00e8re publication qui pr\u00e9sente de mani\u00e8re exhaustive les multiples facettes d\u2019une carri\u00e8re qui embrasse la peinture, le cin\u00e9ma exp\u00e9rimental et l\u2019activisme culturel. Forte d\u2019une vivacit\u00e9 d\u2019esprit engageante comme puissant instrument de critique sociale et politique, Joyce Wieland infuse ses \u0153uvres d\u2019\u00e9l\u00e9ments d\u00e9rangeants et inattendus, pour un effet implacable. &lt;\/p&gt;&lt;p&gt;Somptueusement illustr\u00e9 de plus de 250 reproductions, &lt;i&gt;Joyce Wieland : \u00c0 c\u0153ur battant&lt;\/i&gt; est riche de textes \u00e9clairants de conservateurs, d\u2019universitaires et d\u2019artistes, ainsi que de r\u00e9flexions personnelles d\u2019amis et de collaborateurs de Wieland. Des documents d\u2019archives, une chronologie d\u00e9taill\u00e9e et des extraits des propres \u00e9crits de Joyce Wieland montrent sous de nouveaux angles l\u2019extraordinaire carri\u00e8re de l\u2019artiste et le contexte sociopolitique dans lequel son art s\u2019est \u00e9panoui. &lt;\/p&gt;<\/p>\n","protected":false},"excerpt":{"rendered":"<p>&lt;p&gt;D\u00e9termin\u00e9e, audacieuse, color\u00e9e, Joyce Wieland a \u00e9t\u00e9 la premi\u00e8re femme artiste \u00e0 exposer en solo de son vivant au Mus\u00e9e des beaux-arts du Canada et au Mus\u00e9e des beaux-arts de [&hellip;]<\/p>\n","protected":false},"featured_media":117534,"template":"","meta":{"_genesis_hide_title":false,"_genesis_hide_breadcrumbs":false,"_genesis_hide_singular_image":false,"_genesis_hide_footer_widgets":false,"_genesis_custom_body_class":"","_genesis_custom_post_class":"","_genesis_layout":""},"product_brand":[],"product_cat":[24971],"product_tag":[],"class_list":{"0":"post-117533","1":"product","2":"type-product","3":"status-publish","4":"has-post-thumbnail","5":"product_language-fre","6":"product_subjects-canadian-art","7":"product_subjects-art","8":"biblio_share_tag-art-canadian","9":"product_cat-apma-spring-2025","10":"entry","12":"first","13":"instock","14":"taxable","15":"shipping-taxable","16":"purchasable","17":"product-type-simple"},"yoast_head":"<!-- This site is optimized with the Yoast SEO plugin v24.0 - https:\/\/yoast.com\/wordpress\/plugins\/seo\/ -->\n<title>Joyce Wieland - Atlantic Books<\/title>\n<meta name=\"robots\" content=\"index, follow, max-snippet:-1, max-image-preview:large, max-video-preview:-1\" \/>\n<link rel=\"canonical\" href=\"https:\/\/atlanticbooks.ca\/fr\/books\/joyce-wieland-2\" \/>\n<meta property=\"og:locale\" content=\"fr_FR\" \/>\n<meta property=\"og:type\" content=\"article\" \/>\n<meta property=\"og:title\" content=\"Joyce Wieland - Atlantic Books\" \/>\n<meta property=\"og:description\" content=\"&lt;p&gt;D\u00e9termin\u00e9e, audacieuse, color\u00e9e, Joyce Wieland a \u00e9t\u00e9 la premi\u00e8re femme artiste \u00e0 exposer en solo de son vivant au Mus\u00e9e des beaux-arts du Canada et au Mus\u00e9e des beaux-arts de [&hellip;]\" \/>\n<meta property=\"og:url\" content=\"https:\/\/atlanticbooks.ca\/fr\/books\/joyce-wieland-2\" \/>\n<meta property=\"og:site_name\" content=\"Atlantic Books\" \/>\n<meta property=\"article:modified_time\" content=\"2025-04-22T19:20:09+00:00\" \/>\n<meta name=\"twitter:card\" content=\"summary_large_image\" \/>\n<meta name=\"twitter:label1\" content=\"Dur\u00e9e de lecture estim\u00e9e\" \/>\n\t<meta name=\"twitter:data1\" content=\"1 minute\" \/>\n<script type=\"application\/ld+json\" class=\"yoast-schema-graph\">{\"@context\":\"https:\/\/schema.org\",\"@graph\":[{\"@type\":\"WebPage\",\"@id\":\"https:\/\/atlanticbooks.ca\/fr\/books\/joyce-wieland-2\",\"url\":\"https:\/\/atlanticbooks.ca\/fr\/books\/joyce-wieland-2\",\"name\":\"Joyce Wieland - Atlantic Books\",\"isPartOf\":{\"@id\":\"https:\/\/atlanticbooks.ca\/fr\/#website\"},\"primaryImageOfPage\":{\"@id\":\"https:\/\/atlanticbooks.ca\/fr\/books\/joyce-wieland-2#primaryimage\"},\"image\":{\"@id\":\"https:\/\/atlanticbooks.ca\/fr\/books\/joyce-wieland-2#primaryimage\"},\"thumbnailUrl\":\"https:\/\/atlanticbooks.ca\/wp-content\/uploads\/biblioshare_attachments\/9781773104416-scaled.png\",\"datePublished\":\"2025-04-22T19:20:08+00:00\",\"dateModified\":\"2025-04-22T19:20:09+00:00\",\"breadcrumb\":{\"@id\":\"https:\/\/atlanticbooks.ca\/fr\/books\/joyce-wieland-2#breadcrumb\"},\"inLanguage\":\"fr-FR\",\"potentialAction\":[{\"@type\":\"ReadAction\",\"target\":[\"https:\/\/atlanticbooks.ca\/fr\/books\/joyce-wieland-2\"]}]},{\"@type\":\"ImageObject\",\"inLanguage\":\"fr-FR\",\"@id\":\"https:\/\/atlanticbooks.ca\/fr\/books\/joyce-wieland-2#primaryimage\",\"url\":\"https:\/\/atlanticbooks.ca\/wp-content\/uploads\/biblioshare_attachments\/9781773104416-scaled.png\",\"contentUrl\":\"https:\/\/atlanticbooks.ca\/wp-content\/uploads\/biblioshare_attachments\/9781773104416-scaled.png\",\"width\":2560,\"height\":2560},{\"@type\":\"BreadcrumbList\",\"@id\":\"https:\/\/atlanticbooks.ca\/fr\/books\/joyce-wieland-2#breadcrumb\",\"itemListElement\":[{\"@type\":\"ListItem\",\"position\":1,\"name\":\"Domicile\",\"item\":\"https:\/\/atlanticbooks.ca\/fr\"},{\"@type\":\"ListItem\",\"position\":2,\"name\":\"Collections\",\"item\":\"https:\/\/atlanticbooks.ca\/fr\/collections\"},{\"@type\":\"ListItem\",\"position\":3,\"name\":\"Joyce Wieland\"}]},{\"@type\":\"WebSite\",\"@id\":\"https:\/\/atlanticbooks.ca\/fr\/#website\",\"url\":\"https:\/\/atlanticbooks.ca\/fr\/\",\"name\":\"Atlantic Books\",\"description\":\"Atlantic Books\",\"publisher\":{\"@id\":\"https:\/\/atlanticbooks.ca\/fr\/#organization\"},\"potentialAction\":[{\"@type\":\"SearchAction\",\"target\":{\"@type\":\"EntryPoint\",\"urlTemplate\":\"https:\/\/atlanticbooks.ca\/fr\/?s={search_term_string}\"},\"query-input\":{\"@type\":\"PropertyValueSpecification\",\"valueRequired\":true,\"valueName\":\"search_term_string\"}}],\"inLanguage\":\"fr-FR\"},{\"@type\":\"Organization\",\"@id\":\"https:\/\/atlanticbooks.ca\/fr\/#organization\",\"name\":\"Atlantic Books\",\"url\":\"https:\/\/atlanticbooks.ca\/fr\/\",\"logo\":{\"@type\":\"ImageObject\",\"inLanguage\":\"fr-FR\",\"@id\":\"https:\/\/atlanticbooks.ca\/fr\/#\/schema\/logo\/image\/\",\"url\":\"https:\/\/atlanticbooks.ca\/wp-content\/uploads\/2020\/10\/atlantic-books-logo.png\",\"contentUrl\":\"https:\/\/atlanticbooks.ca\/wp-content\/uploads\/2020\/10\/atlantic-books-logo.png\",\"width\":566,\"height\":111,\"caption\":\"Atlantic Books\"},\"image\":{\"@id\":\"https:\/\/atlanticbooks.ca\/fr\/#\/schema\/logo\/image\/\"}}]}<\/script>\n<!-- \/ Yoast SEO plugin. -->","yoast_head_json":{"title":"Joyce Wieland - Atlantic Books","robots":{"index":"index","follow":"follow","max-snippet":"max-snippet:-1","max-image-preview":"max-image-preview:large","max-video-preview":"max-video-preview:-1"},"canonical":"https:\/\/atlanticbooks.ca\/fr\/books\/joyce-wieland-2","og_locale":"fr_FR","og_type":"article","og_title":"Joyce Wieland - Atlantic Books","og_description":"&lt;p&gt;D\u00e9termin\u00e9e, audacieuse, color\u00e9e, Joyce Wieland a \u00e9t\u00e9 la premi\u00e8re femme artiste \u00e0 exposer en solo de son vivant au Mus\u00e9e des beaux-arts du Canada et au Mus\u00e9e des beaux-arts de [&hellip;]","og_url":"https:\/\/atlanticbooks.ca\/fr\/books\/joyce-wieland-2","og_site_name":"Atlantic Books","article_modified_time":"2025-04-22T19:20:09+00:00","twitter_card":"summary_large_image","twitter_misc":{"Dur\u00e9e de lecture estim\u00e9e":"1 minute"},"schema":{"@context":"https:\/\/schema.org","@graph":[{"@type":"WebPage","@id":"https:\/\/atlanticbooks.ca\/fr\/books\/joyce-wieland-2","url":"https:\/\/atlanticbooks.ca\/fr\/books\/joyce-wieland-2","name":"Joyce Wieland - Atlantic Books","isPartOf":{"@id":"https:\/\/atlanticbooks.ca\/fr\/#website"},"primaryImageOfPage":{"@id":"https:\/\/atlanticbooks.ca\/fr\/books\/joyce-wieland-2#primaryimage"},"image":{"@id":"https:\/\/atlanticbooks.ca\/fr\/books\/joyce-wieland-2#primaryimage"},"thumbnailUrl":"https:\/\/atlanticbooks.ca\/wp-content\/uploads\/biblioshare_attachments\/9781773104416-scaled.png","datePublished":"2025-04-22T19:20:08+00:00","dateModified":"2025-04-22T19:20:09+00:00","breadcrumb":{"@id":"https:\/\/atlanticbooks.ca\/fr\/books\/joyce-wieland-2#breadcrumb"},"inLanguage":"fr-FR","potentialAction":[{"@type":"ReadAction","target":["https:\/\/atlanticbooks.ca\/fr\/books\/joyce-wieland-2"]}]},{"@type":"ImageObject","inLanguage":"fr-FR","@id":"https:\/\/atlanticbooks.ca\/fr\/books\/joyce-wieland-2#primaryimage","url":"https:\/\/atlanticbooks.ca\/wp-content\/uploads\/biblioshare_attachments\/9781773104416-scaled.png","contentUrl":"https:\/\/atlanticbooks.ca\/wp-content\/uploads\/biblioshare_attachments\/9781773104416-scaled.png","width":2560,"height":2560},{"@type":"BreadcrumbList","@id":"https:\/\/atlanticbooks.ca\/fr\/books\/joyce-wieland-2#breadcrumb","itemListElement":[{"@type":"ListItem","position":1,"name":"Domicile","item":"https:\/\/atlanticbooks.ca\/fr"},{"@type":"ListItem","position":2,"name":"Collections","item":"https:\/\/atlanticbooks.ca\/fr\/collections"},{"@type":"ListItem","position":3,"name":"Joyce Wieland"}]},{"@type":"WebSite","@id":"https:\/\/atlanticbooks.ca\/fr\/#website","url":"https:\/\/atlanticbooks.ca\/fr\/","name":"Atlantic Books","description":"Atlantic Books","publisher":{"@id":"https:\/\/atlanticbooks.ca\/fr\/#organization"},"potentialAction":[{"@type":"SearchAction","target":{"@type":"EntryPoint","urlTemplate":"https:\/\/atlanticbooks.ca\/fr\/?s={search_term_string}"},"query-input":{"@type":"PropertyValueSpecification","valueRequired":true,"valueName":"search_term_string"}}],"inLanguage":"fr-FR"},{"@type":"Organization","@id":"https:\/\/atlanticbooks.ca\/fr\/#organization","name":"Atlantic Books","url":"https:\/\/atlanticbooks.ca\/fr\/","logo":{"@type":"ImageObject","inLanguage":"fr-FR","@id":"https:\/\/atlanticbooks.ca\/fr\/#\/schema\/logo\/image\/","url":"https:\/\/atlanticbooks.ca\/wp-content\/uploads\/2020\/10\/atlantic-books-logo.png","contentUrl":"https:\/\/atlanticbooks.ca\/wp-content\/uploads\/2020\/10\/atlantic-books-logo.png","width":566,"height":111,"caption":"Atlantic Books"},"image":{"@id":"https:\/\/atlanticbooks.ca\/fr\/#\/schema\/logo\/image\/"}}]}},"_links":{"self":[{"href":"https:\/\/atlanticbooks.ca\/fr\/wp-json\/wp\/v2\/product\/117533","targetHints":{"allow":["GET"]}}],"collection":[{"href":"https:\/\/atlanticbooks.ca\/fr\/wp-json\/wp\/v2\/product"}],"about":[{"href":"https:\/\/atlanticbooks.ca\/fr\/wp-json\/wp\/v2\/types\/product"}],"wp:featuredmedia":[{"embeddable":true,"href":"https:\/\/atlanticbooks.ca\/fr\/wp-json\/wp\/v2\/media\/117534"}],"wp:attachment":[{"href":"https:\/\/atlanticbooks.ca\/fr\/wp-json\/wp\/v2\/media?parent=117533"}],"wp:term":[{"taxonomy":"product_brand","embeddable":true,"href":"https:\/\/atlanticbooks.ca\/fr\/wp-json\/wp\/v2\/product_brand?post=117533"},{"taxonomy":"product_cat","embeddable":true,"href":"https:\/\/atlanticbooks.ca\/fr\/wp-json\/wp\/v2\/product_cat?post=117533"},{"taxonomy":"product_tag","embeddable":true,"href":"https:\/\/atlanticbooks.ca\/fr\/wp-json\/wp\/v2\/product_tag?post=117533"}],"curies":[{"name":"wp","href":"https:\/\/api.w.org\/{rel}","templated":true}]}}