{"id":109823,"date":"2024-10-29T13:20:05","date_gmt":"2024-10-29T13:20:05","guid":{"rendered":"https:\/\/atlanticbooks.ca\/books\/st-george\/"},"modified":"2024-11-11T10:01:51","modified_gmt":"2024-11-11T10:01:51","slug":"st-george","status":"publish","type":"product","link":"https:\/\/atlanticbooks.ca\/fr\/books\/st-george","title":{"rendered":"St. George"},"content":{"rendered":"<p>&lt;p&gt;New Brunswick\u2019s Fundy Coast has always been a place of movement. The massive tides are so integral to the region\u2019s identity that their ebb and flow defines the character of the place. &lt;\/p&gt;&lt;p&gt;St. George has seen more than its fair share of the ebb and flow of people and prospects \u2014 the typical story of incoming trade and riches, followed by dwindling opportunities. But interest has recently returned to St. George, drawn there by an appreciation for non-urban locales of stark natural beauty, affordability, and down-to-earth people. &lt;\/p&gt;&lt;p&gt; Photographer Susan Lapides has been visiting St. George for over twenty-five years. Her deep commitment to capturing the character of place is brilliantly matched by her innate sense of composition and colour. Her work testifies to the fact that the everyday can be mesmerizing if we are lucky enough to have the right interpreter behind the lens. In Lapides\u2019s photographs, the dusk cobalt blues of the ocean and sky become symphonic and a windswept cliff with a lighthouse, dog, lacrosse player, and tree appear as powerful and enigmatic as an Edward Hopper painting. &lt;\/p&gt;&lt;p&gt;La c\u00f4te de Fundy a toujours \u00e9t\u00e9 un lieu de mouvements. Les mar\u00e9es d\u2019une amplitude hors du commun ont marqu\u00e9 l\u2019identit\u00e9 de cette r\u00e9gion du Nouveau-Brunswick, dont le caract\u00e8re s\u2019est forg\u00e9 au gr\u00e9 des vagues. &lt;\/p&gt;&lt;p&gt;Il y en a eu, des vagues, \u00e0 St. George! De gens, de perspectives et de fortunes. L\u2019histoire typique d\u2019un essor commercial et de richesses qui abondent, puis d\u00e9clinent. Et voil\u00e0 que St. George suscite un regain d\u2019int\u00e9r\u00eat notable, aliment\u00e9 par la beaut\u00e9 brute des environs de la ville, des prix abordables et le charme des gens sans pr\u00e9tention. &lt;\/p&gt;&lt;p&gt;Susan Lapides fr\u00e9quente St. George depuis plus de vingt-cinq ans, appareil photo \u00e0 l\u2019\u0153il. Sa d\u00e9termination \u00e0 saisir la personnalit\u00e9 du lieu n\u2019a d\u2019\u00e9gal que son sens inn\u00e9 de la composition et de la couleur. Ses clich\u00e9s prouvent que le quotidien peut \u00eatre fascinant, pour peu que l\u2019interpr\u00e8te derri\u00e8re la lentille en soit parfaitement conscient. Le bleu cobalt de l\u2019oc\u00e9an et du ciel au cr\u00e9puscule a une nette tonalit\u00e9 symphonique. Le phare, le chien, le joueur de crosse et l\u2019arbre qui animent une falaise balay\u00e9e par le vent \u00e9voquent autant de pr\u00e9sence et de myst\u00e8re qu\u2019un tableau d\u2019Edward Hopper. &lt;\/p&gt;<\/p>\n","protected":false},"excerpt":{"rendered":"<p>&lt;p&gt;New Brunswick\u2019s Fundy Coast has always been a place of movement. The massive tides are so integral to the region\u2019s identity that their ebb and flow defines the character of [&hellip;]<\/p>\n","protected":false},"featured_media":110660,"template":"","meta":{"_genesis_hide_title":false,"_genesis_hide_breadcrumbs":false,"_genesis_hide_singular_image":false,"_genesis_hide_footer_widgets":false,"_genesis_custom_body_class":"","_genesis_custom_post_class":"","_genesis_layout":""},"product_brand":[],"product_cat":[10712,24685],"product_tag":[],"class_list":{"0":"post-109823","1":"product","2":"type-product","3":"status-publish","4":"has-post-thumbnail","5":"product_language-eng","6":"product_language-fre","7":"product_subjects-photography","8":"product_subjects-individual-photographers","9":"product_subjects-artists-books-individual-photographers","10":"biblio_share_tag-photography-individual-photographers-artists-books","11":"product_cat-abc","12":"product_cat-fall-books-abt-100","13":"entry","15":"first","16":"instock","17":"taxable","18":"shipping-taxable","19":"purchasable","20":"product-type-simple"},"yoast_head":"<!-- This site is optimized with the Yoast SEO plugin v24.0 - https:\/\/yoast.com\/wordpress\/plugins\/seo\/ -->\n<title>St. George - Atlantic Books<\/title>\n<meta name=\"robots\" content=\"index, follow, max-snippet:-1, max-image-preview:large, max-video-preview:-1\" \/>\n<link rel=\"canonical\" href=\"https:\/\/atlanticbooks.ca\/fr\/books\/st-george\" \/>\n<meta property=\"og:locale\" content=\"fr_FR\" \/>\n<meta property=\"og:type\" content=\"article\" \/>\n<meta property=\"og:title\" content=\"St. George - Atlantic Books\" \/>\n<meta property=\"og:description\" content=\"&lt;p&gt;New Brunswick\u2019s Fundy Coast has always been a place of movement. The massive tides are so integral to the region\u2019s identity that their ebb and flow defines the character of [&hellip;]\" \/>\n<meta property=\"og:url\" content=\"https:\/\/atlanticbooks.ca\/fr\/books\/st-george\" \/>\n<meta property=\"og:site_name\" content=\"Atlantic Books\" \/>\n<meta property=\"article:modified_time\" content=\"2024-11-11T10:01:51+00:00\" \/>\n<meta property=\"og:image\" content=\"https:\/\/atlanticbooks.ca\/wp-content\/uploads\/biblioshare_attachments\/9781773104263.png\" \/>\n\t<meta property=\"og:image:width\" content=\"1\" \/>\n\t<meta property=\"og:image:height\" content=\"1\" \/>\n\t<meta property=\"og:image:type\" content=\"image\/png\" \/>\n<meta name=\"twitter:card\" content=\"summary_large_image\" \/>\n<meta name=\"twitter:label1\" content=\"Dur\u00e9e de lecture estim\u00e9e\" \/>\n\t<meta name=\"twitter:data1\" content=\"2 minutes\" \/>\n<script type=\"application\/ld+json\" class=\"yoast-schema-graph\">{\"@context\":\"https:\/\/schema.org\",\"@graph\":[{\"@type\":\"WebPage\",\"@id\":\"https:\/\/atlanticbooks.ca\/fr\/books\/st-george\",\"url\":\"https:\/\/atlanticbooks.ca\/fr\/books\/st-george\",\"name\":\"St. George - Atlantic Books\",\"isPartOf\":{\"@id\":\"https:\/\/atlanticbooks.ca\/fr\/#website\"},\"primaryImageOfPage\":{\"@id\":\"https:\/\/atlanticbooks.ca\/fr\/books\/st-george#primaryimage\"},\"image\":{\"@id\":\"https:\/\/atlanticbooks.ca\/fr\/books\/st-george#primaryimage\"},\"thumbnailUrl\":\"https:\/\/atlanticbooks.ca\/wp-content\/uploads\/biblioshare_attachments\/9781773104263.png\",\"datePublished\":\"2024-10-29T13:20:05+00:00\",\"dateModified\":\"2024-11-11T10:01:51+00:00\",\"breadcrumb\":{\"@id\":\"https:\/\/atlanticbooks.ca\/fr\/books\/st-george#breadcrumb\"},\"inLanguage\":\"fr-FR\",\"potentialAction\":[{\"@type\":\"ReadAction\",\"target\":[\"https:\/\/atlanticbooks.ca\/fr\/books\/st-george\"]}]},{\"@type\":\"ImageObject\",\"inLanguage\":\"fr-FR\",\"@id\":\"https:\/\/atlanticbooks.ca\/fr\/books\/st-george#primaryimage\",\"url\":\"https:\/\/atlanticbooks.ca\/wp-content\/uploads\/biblioshare_attachments\/9781773104263.png\",\"contentUrl\":\"https:\/\/atlanticbooks.ca\/wp-content\/uploads\/biblioshare_attachments\/9781773104263.png\"},{\"@type\":\"BreadcrumbList\",\"@id\":\"https:\/\/atlanticbooks.ca\/fr\/books\/st-george#breadcrumb\",\"itemListElement\":[{\"@type\":\"ListItem\",\"position\":1,\"name\":\"Domicile\",\"item\":\"https:\/\/atlanticbooks.ca\/fr\"},{\"@type\":\"ListItem\",\"position\":2,\"name\":\"Collections\",\"item\":\"https:\/\/atlanticbooks.ca\/fr\/collections\"},{\"@type\":\"ListItem\",\"position\":3,\"name\":\"St. George\"}]},{\"@type\":\"WebSite\",\"@id\":\"https:\/\/atlanticbooks.ca\/fr\/#website\",\"url\":\"https:\/\/atlanticbooks.ca\/fr\/\",\"name\":\"Atlantic Books\",\"description\":\"Atlantic Books\",\"publisher\":{\"@id\":\"https:\/\/atlanticbooks.ca\/fr\/#organization\"},\"potentialAction\":[{\"@type\":\"SearchAction\",\"target\":{\"@type\":\"EntryPoint\",\"urlTemplate\":\"https:\/\/atlanticbooks.ca\/fr\/?s={search_term_string}\"},\"query-input\":{\"@type\":\"PropertyValueSpecification\",\"valueRequired\":true,\"valueName\":\"search_term_string\"}}],\"inLanguage\":\"fr-FR\"},{\"@type\":\"Organization\",\"@id\":\"https:\/\/atlanticbooks.ca\/fr\/#organization\",\"name\":\"Atlantic Books\",\"url\":\"https:\/\/atlanticbooks.ca\/fr\/\",\"logo\":{\"@type\":\"ImageObject\",\"inLanguage\":\"fr-FR\",\"@id\":\"https:\/\/atlanticbooks.ca\/fr\/#\/schema\/logo\/image\/\",\"url\":\"https:\/\/atlanticbooks.ca\/wp-content\/uploads\/2020\/10\/atlantic-books-logo.png\",\"contentUrl\":\"https:\/\/atlanticbooks.ca\/wp-content\/uploads\/2020\/10\/atlantic-books-logo.png\",\"width\":566,\"height\":111,\"caption\":\"Atlantic Books\"},\"image\":{\"@id\":\"https:\/\/atlanticbooks.ca\/fr\/#\/schema\/logo\/image\/\"}}]}<\/script>\n<!-- \/ Yoast SEO plugin. -->","yoast_head_json":{"title":"St. George - Atlantic Books","robots":{"index":"index","follow":"follow","max-snippet":"max-snippet:-1","max-image-preview":"max-image-preview:large","max-video-preview":"max-video-preview:-1"},"canonical":"https:\/\/atlanticbooks.ca\/fr\/books\/st-george","og_locale":"fr_FR","og_type":"article","og_title":"St. George - Atlantic Books","og_description":"&lt;p&gt;New Brunswick\u2019s Fundy Coast has always been a place of movement. The massive tides are so integral to the region\u2019s identity that their ebb and flow defines the character of [&hellip;]","og_url":"https:\/\/atlanticbooks.ca\/fr\/books\/st-george","og_site_name":"Atlantic Books","article_modified_time":"2024-11-11T10:01:51+00:00","og_image":[{"url":"https:\/\/atlanticbooks.ca\/wp-content\/uploads\/biblioshare_attachments\/9781773104263.png","width":1,"height":1,"type":"image\/png"}],"twitter_card":"summary_large_image","twitter_misc":{"Dur\u00e9e de lecture estim\u00e9e":"2 minutes"},"schema":{"@context":"https:\/\/schema.org","@graph":[{"@type":"WebPage","@id":"https:\/\/atlanticbooks.ca\/fr\/books\/st-george","url":"https:\/\/atlanticbooks.ca\/fr\/books\/st-george","name":"St. George - Atlantic Books","isPartOf":{"@id":"https:\/\/atlanticbooks.ca\/fr\/#website"},"primaryImageOfPage":{"@id":"https:\/\/atlanticbooks.ca\/fr\/books\/st-george#primaryimage"},"image":{"@id":"https:\/\/atlanticbooks.ca\/fr\/books\/st-george#primaryimage"},"thumbnailUrl":"https:\/\/atlanticbooks.ca\/wp-content\/uploads\/biblioshare_attachments\/9781773104263.png","datePublished":"2024-10-29T13:20:05+00:00","dateModified":"2024-11-11T10:01:51+00:00","breadcrumb":{"@id":"https:\/\/atlanticbooks.ca\/fr\/books\/st-george#breadcrumb"},"inLanguage":"fr-FR","potentialAction":[{"@type":"ReadAction","target":["https:\/\/atlanticbooks.ca\/fr\/books\/st-george"]}]},{"@type":"ImageObject","inLanguage":"fr-FR","@id":"https:\/\/atlanticbooks.ca\/fr\/books\/st-george#primaryimage","url":"https:\/\/atlanticbooks.ca\/wp-content\/uploads\/biblioshare_attachments\/9781773104263.png","contentUrl":"https:\/\/atlanticbooks.ca\/wp-content\/uploads\/biblioshare_attachments\/9781773104263.png"},{"@type":"BreadcrumbList","@id":"https:\/\/atlanticbooks.ca\/fr\/books\/st-george#breadcrumb","itemListElement":[{"@type":"ListItem","position":1,"name":"Domicile","item":"https:\/\/atlanticbooks.ca\/fr"},{"@type":"ListItem","position":2,"name":"Collections","item":"https:\/\/atlanticbooks.ca\/fr\/collections"},{"@type":"ListItem","position":3,"name":"St. George"}]},{"@type":"WebSite","@id":"https:\/\/atlanticbooks.ca\/fr\/#website","url":"https:\/\/atlanticbooks.ca\/fr\/","name":"Atlantic Books","description":"Atlantic Books","publisher":{"@id":"https:\/\/atlanticbooks.ca\/fr\/#organization"},"potentialAction":[{"@type":"SearchAction","target":{"@type":"EntryPoint","urlTemplate":"https:\/\/atlanticbooks.ca\/fr\/?s={search_term_string}"},"query-input":{"@type":"PropertyValueSpecification","valueRequired":true,"valueName":"search_term_string"}}],"inLanguage":"fr-FR"},{"@type":"Organization","@id":"https:\/\/atlanticbooks.ca\/fr\/#organization","name":"Atlantic Books","url":"https:\/\/atlanticbooks.ca\/fr\/","logo":{"@type":"ImageObject","inLanguage":"fr-FR","@id":"https:\/\/atlanticbooks.ca\/fr\/#\/schema\/logo\/image\/","url":"https:\/\/atlanticbooks.ca\/wp-content\/uploads\/2020\/10\/atlantic-books-logo.png","contentUrl":"https:\/\/atlanticbooks.ca\/wp-content\/uploads\/2020\/10\/atlantic-books-logo.png","width":566,"height":111,"caption":"Atlantic Books"},"image":{"@id":"https:\/\/atlanticbooks.ca\/fr\/#\/schema\/logo\/image\/"}}]}},"_links":{"self":[{"href":"https:\/\/atlanticbooks.ca\/fr\/wp-json\/wp\/v2\/product\/109823","targetHints":{"allow":["GET"]}}],"collection":[{"href":"https:\/\/atlanticbooks.ca\/fr\/wp-json\/wp\/v2\/product"}],"about":[{"href":"https:\/\/atlanticbooks.ca\/fr\/wp-json\/wp\/v2\/types\/product"}],"wp:featuredmedia":[{"embeddable":true,"href":"https:\/\/atlanticbooks.ca\/fr\/wp-json\/wp\/v2\/media\/110660"}],"wp:attachment":[{"href":"https:\/\/atlanticbooks.ca\/fr\/wp-json\/wp\/v2\/media?parent=109823"}],"wp:term":[{"taxonomy":"product_brand","embeddable":true,"href":"https:\/\/atlanticbooks.ca\/fr\/wp-json\/wp\/v2\/product_brand?post=109823"},{"taxonomy":"product_cat","embeddable":true,"href":"https:\/\/atlanticbooks.ca\/fr\/wp-json\/wp\/v2\/product_cat?post=109823"},{"taxonomy":"product_tag","embeddable":true,"href":"https:\/\/atlanticbooks.ca\/fr\/wp-json\/wp\/v2\/product_tag?post=109823"}],"curies":[{"name":"wp","href":"https:\/\/api.w.org\/{rel}","templated":true}]}}