{"id":109095,"date":"2024-10-18T17:02:44","date_gmt":"2024-10-18T17:02:44","guid":{"rendered":"https:\/\/atlanticbooks.ca\/books\/les-lieux-de-plaisance-de-sarah-maloney\/"},"modified":"2024-10-18T17:02:46","modified_gmt":"2024-10-18T17:02:46","slug":"les-lieux-de-plaisance-de-sarah-maloney","status":"publish","type":"product","link":"https:\/\/atlanticbooks.ca\/fr\/books\/les-lieux-de-plaisance-de-sarah-maloney","title":{"rendered":"Les lieux de plaisance de Sarah Maloney"},"content":{"rendered":"<p>&lt;p&gt;&lt;i&gt;Les lieux de plaisance de Sarah Maloney : un regard f\u00e9ministe sur le monde naturel&lt;\/i&gt; est la premi\u00e8re r\u00e9trospective d\u2019envergure sur la sculptrice et artiste textile contemporaine Sarah Maloney, ARC. Elle observe l\u2019histoire et la culture occidentales avec un regard f\u00e9ministe, produisant des illustrations de plantes, d\u2019os et d\u2019organes pour traiter du genre, du plaisir, du d\u00e9sir et du pouvoir. &lt;\/p&gt;&lt;p&gt; &lt;i&gt;Les lieux de plaisance&lt;\/i&gt; couvre les 30 ann\u00e9es de carri\u00e8re de Sarah Maloney au moyen d\u2019une s\u00e9lection d\u2019&amp;#339uvres qui fournissent un bel aper\u00e7u de ses explorations sur la sexualit\u00e9, la reproductivit\u00e9, l\u2019\u00e9conomie et les syst\u00e8mes de repr\u00e9sentation coloniaux. Le catalogue &lt;i&gt;Les lieux de plaisance de Sarah Maloney&lt;\/i&gt;, qui accompagne une exposition itin\u00e9rante d\u2019envergure nationale, comporte des essais de la co-commissaire d\u2019exposition Laura Ritchie, de l\u2019experte en textile et commissaire Sarah Quinton et de la directrice g\u00e9n\u00e9rale du Mus\u00e9e des beaux-arts de la Nouvelle-\u00c9cosse, Sarah Moore Fillmore. Les textes sont agr\u00e9ment\u00e9s de 70 photographies en couleurs des &amp;#339uvres joyeuses et provocantes de Maloney. &lt;\/p&gt;&lt;p&gt;<\/p>\n","protected":false},"excerpt":{"rendered":"<p>&lt;p&gt;&lt;i&gt;Les lieux de plaisance de Sarah Maloney : un regard f\u00e9ministe sur le monde naturel&lt;\/i&gt; est la premi\u00e8re r\u00e9trospective d\u2019envergure sur la sculptrice et artiste textile contemporaine Sarah Maloney, ARC. [&hellip;]<\/p>\n","protected":false},"featured_media":109096,"template":"","meta":{"_genesis_hide_title":false,"_genesis_hide_breadcrumbs":false,"_genesis_hide_singular_image":false,"_genesis_hide_footer_widgets":false,"_genesis_custom_body_class":"","_genesis_custom_post_class":"","_genesis_layout":""},"product_brand":[],"product_cat":[24289],"product_tag":[],"class_list":{"0":"post-109095","1":"product","2":"type-product","3":"status-publish","4":"has-post-thumbnail","5":"product_language-fre","6":"product_subjects-art","7":"product_subjects-women-artists","8":"biblio_share_tag-art-women-artists","9":"product_cat-holiday-gift-guide-2024","10":"entry","12":"first","13":"instock","14":"taxable","15":"shipping-taxable","16":"purchasable","17":"product-type-simple"},"yoast_head":"<!-- This site is optimized with the Yoast SEO plugin v24.0 - https:\/\/yoast.com\/wordpress\/plugins\/seo\/ -->\n<title>Les lieux de plaisance de Sarah Maloney - Atlantic Books<\/title>\n<meta name=\"robots\" content=\"index, follow, max-snippet:-1, max-image-preview:large, max-video-preview:-1\" \/>\n<link rel=\"canonical\" href=\"https:\/\/atlanticbooks.ca\/fr\/books\/les-lieux-de-plaisance-de-sarah-maloney\" \/>\n<meta property=\"og:locale\" content=\"fr_FR\" \/>\n<meta property=\"og:type\" content=\"article\" \/>\n<meta property=\"og:title\" content=\"Les lieux de plaisance de Sarah Maloney - Atlantic Books\" \/>\n<meta property=\"og:description\" content=\"&lt;p&gt;&lt;i&gt;Les lieux de plaisance de Sarah Maloney : un regard f\u00e9ministe sur le monde naturel&lt;\/i&gt; est la premi\u00e8re r\u00e9trospective d\u2019envergure sur la sculptrice et artiste textile contemporaine Sarah Maloney, ARC. [&hellip;]\" \/>\n<meta property=\"og:url\" content=\"https:\/\/atlanticbooks.ca\/fr\/books\/les-lieux-de-plaisance-de-sarah-maloney\" \/>\n<meta property=\"og:site_name\" content=\"Atlantic Books\" \/>\n<meta property=\"article:modified_time\" content=\"2024-10-18T17:02:46+00:00\" \/>\n<meta property=\"og:image\" content=\"https:\/\/atlanticbooks.ca\/wp-content\/uploads\/biblioshare_attachments\/9781773104201.png\" \/>\n\t<meta property=\"og:image:width\" content=\"1\" \/>\n\t<meta property=\"og:image:height\" content=\"1\" \/>\n\t<meta property=\"og:image:type\" content=\"image\/png\" \/>\n<meta name=\"twitter:card\" content=\"summary_large_image\" \/>\n<meta name=\"twitter:label1\" content=\"Dur\u00e9e de lecture estim\u00e9e\" \/>\n\t<meta name=\"twitter:data1\" content=\"1 minute\" \/>\n<script type=\"application\/ld+json\" class=\"yoast-schema-graph\">{\"@context\":\"https:\/\/schema.org\",\"@graph\":[{\"@type\":\"WebPage\",\"@id\":\"https:\/\/atlanticbooks.ca\/fr\/books\/les-lieux-de-plaisance-de-sarah-maloney\",\"url\":\"https:\/\/atlanticbooks.ca\/fr\/books\/les-lieux-de-plaisance-de-sarah-maloney\",\"name\":\"Les lieux de plaisance de Sarah Maloney - Atlantic Books\",\"isPartOf\":{\"@id\":\"https:\/\/atlanticbooks.ca\/fr\/#website\"},\"primaryImageOfPage\":{\"@id\":\"https:\/\/atlanticbooks.ca\/fr\/books\/les-lieux-de-plaisance-de-sarah-maloney#primaryimage\"},\"image\":{\"@id\":\"https:\/\/atlanticbooks.ca\/fr\/books\/les-lieux-de-plaisance-de-sarah-maloney#primaryimage\"},\"thumbnailUrl\":\"https:\/\/atlanticbooks.ca\/wp-content\/uploads\/biblioshare_attachments\/9781773104201.png\",\"datePublished\":\"2024-10-18T17:02:44+00:00\",\"dateModified\":\"2024-10-18T17:02:46+00:00\",\"breadcrumb\":{\"@id\":\"https:\/\/atlanticbooks.ca\/fr\/books\/les-lieux-de-plaisance-de-sarah-maloney#breadcrumb\"},\"inLanguage\":\"fr-FR\",\"potentialAction\":[{\"@type\":\"ReadAction\",\"target\":[\"https:\/\/atlanticbooks.ca\/fr\/books\/les-lieux-de-plaisance-de-sarah-maloney\"]}]},{\"@type\":\"ImageObject\",\"inLanguage\":\"fr-FR\",\"@id\":\"https:\/\/atlanticbooks.ca\/fr\/books\/les-lieux-de-plaisance-de-sarah-maloney#primaryimage\",\"url\":\"https:\/\/atlanticbooks.ca\/wp-content\/uploads\/biblioshare_attachments\/9781773104201.png\",\"contentUrl\":\"https:\/\/atlanticbooks.ca\/wp-content\/uploads\/biblioshare_attachments\/9781773104201.png\"},{\"@type\":\"BreadcrumbList\",\"@id\":\"https:\/\/atlanticbooks.ca\/fr\/books\/les-lieux-de-plaisance-de-sarah-maloney#breadcrumb\",\"itemListElement\":[{\"@type\":\"ListItem\",\"position\":1,\"name\":\"Domicile\",\"item\":\"https:\/\/atlanticbooks.ca\/fr\"},{\"@type\":\"ListItem\",\"position\":2,\"name\":\"Collections\",\"item\":\"https:\/\/atlanticbooks.ca\/fr\/collections\"},{\"@type\":\"ListItem\",\"position\":3,\"name\":\"Les lieux de plaisance de Sarah Maloney\"}]},{\"@type\":\"WebSite\",\"@id\":\"https:\/\/atlanticbooks.ca\/fr\/#website\",\"url\":\"https:\/\/atlanticbooks.ca\/fr\/\",\"name\":\"Atlantic Books\",\"description\":\"Atlantic Books\",\"publisher\":{\"@id\":\"https:\/\/atlanticbooks.ca\/fr\/#organization\"},\"potentialAction\":[{\"@type\":\"SearchAction\",\"target\":{\"@type\":\"EntryPoint\",\"urlTemplate\":\"https:\/\/atlanticbooks.ca\/fr\/?s={search_term_string}\"},\"query-input\":{\"@type\":\"PropertyValueSpecification\",\"valueRequired\":true,\"valueName\":\"search_term_string\"}}],\"inLanguage\":\"fr-FR\"},{\"@type\":\"Organization\",\"@id\":\"https:\/\/atlanticbooks.ca\/fr\/#organization\",\"name\":\"Atlantic Books\",\"url\":\"https:\/\/atlanticbooks.ca\/fr\/\",\"logo\":{\"@type\":\"ImageObject\",\"inLanguage\":\"fr-FR\",\"@id\":\"https:\/\/atlanticbooks.ca\/fr\/#\/schema\/logo\/image\/\",\"url\":\"https:\/\/atlanticbooks.ca\/wp-content\/uploads\/2020\/10\/atlantic-books-logo.png\",\"contentUrl\":\"https:\/\/atlanticbooks.ca\/wp-content\/uploads\/2020\/10\/atlantic-books-logo.png\",\"width\":566,\"height\":111,\"caption\":\"Atlantic Books\"},\"image\":{\"@id\":\"https:\/\/atlanticbooks.ca\/fr\/#\/schema\/logo\/image\/\"}}]}<\/script>\n<!-- \/ Yoast SEO plugin. -->","yoast_head_json":{"title":"Les lieux de plaisance de Sarah Maloney - Atlantic Books","robots":{"index":"index","follow":"follow","max-snippet":"max-snippet:-1","max-image-preview":"max-image-preview:large","max-video-preview":"max-video-preview:-1"},"canonical":"https:\/\/atlanticbooks.ca\/fr\/books\/les-lieux-de-plaisance-de-sarah-maloney","og_locale":"fr_FR","og_type":"article","og_title":"Les lieux de plaisance de Sarah Maloney - Atlantic Books","og_description":"&lt;p&gt;&lt;i&gt;Les lieux de plaisance de Sarah Maloney : un regard f\u00e9ministe sur le monde naturel&lt;\/i&gt; est la premi\u00e8re r\u00e9trospective d\u2019envergure sur la sculptrice et artiste textile contemporaine Sarah Maloney, ARC. [&hellip;]","og_url":"https:\/\/atlanticbooks.ca\/fr\/books\/les-lieux-de-plaisance-de-sarah-maloney","og_site_name":"Atlantic Books","article_modified_time":"2024-10-18T17:02:46+00:00","og_image":[{"url":"https:\/\/atlanticbooks.ca\/wp-content\/uploads\/biblioshare_attachments\/9781773104201.png","width":1,"height":1,"type":"image\/png"}],"twitter_card":"summary_large_image","twitter_misc":{"Dur\u00e9e de lecture estim\u00e9e":"1 minute"},"schema":{"@context":"https:\/\/schema.org","@graph":[{"@type":"WebPage","@id":"https:\/\/atlanticbooks.ca\/fr\/books\/les-lieux-de-plaisance-de-sarah-maloney","url":"https:\/\/atlanticbooks.ca\/fr\/books\/les-lieux-de-plaisance-de-sarah-maloney","name":"Les lieux de plaisance de Sarah Maloney - Atlantic Books","isPartOf":{"@id":"https:\/\/atlanticbooks.ca\/fr\/#website"},"primaryImageOfPage":{"@id":"https:\/\/atlanticbooks.ca\/fr\/books\/les-lieux-de-plaisance-de-sarah-maloney#primaryimage"},"image":{"@id":"https:\/\/atlanticbooks.ca\/fr\/books\/les-lieux-de-plaisance-de-sarah-maloney#primaryimage"},"thumbnailUrl":"https:\/\/atlanticbooks.ca\/wp-content\/uploads\/biblioshare_attachments\/9781773104201.png","datePublished":"2024-10-18T17:02:44+00:00","dateModified":"2024-10-18T17:02:46+00:00","breadcrumb":{"@id":"https:\/\/atlanticbooks.ca\/fr\/books\/les-lieux-de-plaisance-de-sarah-maloney#breadcrumb"},"inLanguage":"fr-FR","potentialAction":[{"@type":"ReadAction","target":["https:\/\/atlanticbooks.ca\/fr\/books\/les-lieux-de-plaisance-de-sarah-maloney"]}]},{"@type":"ImageObject","inLanguage":"fr-FR","@id":"https:\/\/atlanticbooks.ca\/fr\/books\/les-lieux-de-plaisance-de-sarah-maloney#primaryimage","url":"https:\/\/atlanticbooks.ca\/wp-content\/uploads\/biblioshare_attachments\/9781773104201.png","contentUrl":"https:\/\/atlanticbooks.ca\/wp-content\/uploads\/biblioshare_attachments\/9781773104201.png"},{"@type":"BreadcrumbList","@id":"https:\/\/atlanticbooks.ca\/fr\/books\/les-lieux-de-plaisance-de-sarah-maloney#breadcrumb","itemListElement":[{"@type":"ListItem","position":1,"name":"Domicile","item":"https:\/\/atlanticbooks.ca\/fr"},{"@type":"ListItem","position":2,"name":"Collections","item":"https:\/\/atlanticbooks.ca\/fr\/collections"},{"@type":"ListItem","position":3,"name":"Les lieux de plaisance de Sarah Maloney"}]},{"@type":"WebSite","@id":"https:\/\/atlanticbooks.ca\/fr\/#website","url":"https:\/\/atlanticbooks.ca\/fr\/","name":"Atlantic Books","description":"Atlantic Books","publisher":{"@id":"https:\/\/atlanticbooks.ca\/fr\/#organization"},"potentialAction":[{"@type":"SearchAction","target":{"@type":"EntryPoint","urlTemplate":"https:\/\/atlanticbooks.ca\/fr\/?s={search_term_string}"},"query-input":{"@type":"PropertyValueSpecification","valueRequired":true,"valueName":"search_term_string"}}],"inLanguage":"fr-FR"},{"@type":"Organization","@id":"https:\/\/atlanticbooks.ca\/fr\/#organization","name":"Atlantic Books","url":"https:\/\/atlanticbooks.ca\/fr\/","logo":{"@type":"ImageObject","inLanguage":"fr-FR","@id":"https:\/\/atlanticbooks.ca\/fr\/#\/schema\/logo\/image\/","url":"https:\/\/atlanticbooks.ca\/wp-content\/uploads\/2020\/10\/atlantic-books-logo.png","contentUrl":"https:\/\/atlanticbooks.ca\/wp-content\/uploads\/2020\/10\/atlantic-books-logo.png","width":566,"height":111,"caption":"Atlantic Books"},"image":{"@id":"https:\/\/atlanticbooks.ca\/fr\/#\/schema\/logo\/image\/"}}]}},"_links":{"self":[{"href":"https:\/\/atlanticbooks.ca\/fr\/wp-json\/wp\/v2\/product\/109095","targetHints":{"allow":["GET"]}}],"collection":[{"href":"https:\/\/atlanticbooks.ca\/fr\/wp-json\/wp\/v2\/product"}],"about":[{"href":"https:\/\/atlanticbooks.ca\/fr\/wp-json\/wp\/v2\/types\/product"}],"wp:featuredmedia":[{"embeddable":true,"href":"https:\/\/atlanticbooks.ca\/fr\/wp-json\/wp\/v2\/media\/109096"}],"wp:attachment":[{"href":"https:\/\/atlanticbooks.ca\/fr\/wp-json\/wp\/v2\/media?parent=109095"}],"wp:term":[{"taxonomy":"product_brand","embeddable":true,"href":"https:\/\/atlanticbooks.ca\/fr\/wp-json\/wp\/v2\/product_brand?post=109095"},{"taxonomy":"product_cat","embeddable":true,"href":"https:\/\/atlanticbooks.ca\/fr\/wp-json\/wp\/v2\/product_cat?post=109095"},{"taxonomy":"product_tag","embeddable":true,"href":"https:\/\/atlanticbooks.ca\/fr\/wp-json\/wp\/v2\/product_tag?post=109095"}],"curies":[{"name":"wp","href":"https:\/\/api.w.org\/{rel}","templated":true}]}}