{"id":36164,"date":"2021-06-01T21:20:34","date_gmt":"2021-06-02T00:20:34","guid":{"rendered":"https:\/\/atlanticbooks.ca\/?page_id=36164"},"modified":"2022-09-23T18:18:16","modified_gmt":"2022-09-23T18:18:16","slug":"contactez-nous","status":"publish","type":"page","link":"https:\/\/atlanticbooks.ca\/fr\/contactez-nous","title":{"rendered":"Contactez-nous"},"content":{"rendered":"\n<div class=\"wp-block-image\"><figure class=\"aligncenter size-large is-resized\"><img loading=\"lazy\" decoding=\"async\" src=\"https:\/\/atlanticbooks.ca\/wp-content\/uploads\/2020\/10\/atlantic-books-logo.png\" alt=\"Atlantic Books and Authors\" class=\"wp-image-28515\" width=\"364\" height=\"71\" srcset=\"https:\/\/atlanticbooks.ca\/wp-content\/uploads\/2020\/10\/atlantic-books-logo.png 566w, https:\/\/atlanticbooks.ca\/wp-content\/uploads\/2020\/10\/atlantic-books-logo-300x59.png 300w, https:\/\/atlanticbooks.ca\/wp-content\/uploads\/2020\/10\/atlantic-books-logo-64x13.png 64w, https:\/\/atlanticbooks.ca\/wp-content\/uploads\/2020\/10\/atlantic-books-logo-150x29.png 150w\" sizes=\"auto, (max-width: 364px) 100vw, 364px\" \/><\/figure><\/div>\n\n\n\n<p>Lorsque vous achetez des livres sur atlanticbooks.ca, les livres vous sont exp\u00e9di\u00e9s par la maison d&rsquo;\u00e9dition. La livraison du courrier peut \u00eatre plus lente que d&rsquo;habitude en raison de la COVID-19. Si vous avez plusieurs livres dans votre commande, les livres peuvent \u00eatre exp\u00e9di\u00e9s par diff\u00e9rents \u00e9diteurs avec des d\u00e9lais d&rsquo;exp\u00e9dition diff\u00e9rents. Si vous avez des questions ou des pr\u00e9occupations, n&rsquo;h\u00e9sitez pas \u00e0 nous contacter.<\/p>\n\n\n\n<p>Envoyez-nous un courriel: <a href=\"mailto:store@atlanticpublishers.ca\">store@atlanticpublishers.ca\u00a0<\/a><\/p>\n\n\n\n<p>Heures d&rsquo;ouverture<br>Nous sommes ouvert du lundi au jeudi de\u00a09h\u00a0\u00e0 17h<\/p>\n\n\n\n<p>Num\u00e9ro de&nbsp;t\u00e9l\u00e9phone: (902) 420-0711<\/p>\n\n\n\n<h2 class=\"wp-block-heading\">Publicit\u00e9<\/h2>\n\n\n\n<p>Si vous souhaitez faire de la publicit\u00e9 dans <em>Atlantic Books Today<\/em>, <a href=\"mailto:chantellerideout@atlanticpublishers.ca\">demandez un kit m\u00e9dia<\/a><\/p>\n\n\n\n<h2 class=\"wp-block-heading\">Suivez-nous<\/h2>\n\n\n\n<p><a href=\"https:\/\/www.facebook.com\/AtlanticBooksToday\/\">Facebook<\/a><\/p>\n\n\n\n<p><a href=\"https:\/\/twitter.com\/abtmagazine\">Twitter<\/a><\/p>\n\n\n\n<p><a href=\"https:\/\/www.instagram.com\/atlanticbooks.ca\/\">Instagram<\/a><\/p>\n\n\n\n<p><a href=\"https:\/\/www.tiktok.com\/@atlanticbooks.ca\">TikTok<\/a><\/p>\n","protected":false},"excerpt":{"rendered":"<p>Lorsque vous achetez des livres sur atlanticbooks.ca, les livres vous sont exp\u00e9di\u00e9s par la maison d&rsquo;\u00e9dition. La livraison du courrier peut \u00eatre plus lente que d&rsquo;habitude en raison de la [&hellip;]<\/p>\n","protected":false},"author":379,"featured_media":28515,"parent":0,"menu_order":0,"comment_status":"closed","ping_status":"closed","template":"","meta":{"_genesis_hide_title":false,"_genesis_hide_breadcrumbs":false,"_genesis_hide_singular_image":false,"_genesis_hide_footer_widgets":false,"_genesis_custom_body_class":"","_genesis_custom_post_class":"","_genesis_layout":"","footnotes":""},"class_list":["post-36164","page","type-page","status-publish","has-post-thumbnail","entry"],"yoast_head":"<!-- This site is optimized with the Yoast SEO plugin v24.0 - https:\/\/yoast.com\/wordpress\/plugins\/seo\/ -->\n<title>Contactez-nous - Atlantic Books<\/title>\n<meta name=\"robots\" content=\"index, follow, max-snippet:-1, max-image-preview:large, max-video-preview:-1\" \/>\n<link rel=\"canonical\" href=\"https:\/\/atlanticbooks.ca\/fr\/contactez-nous\" \/>\n<meta property=\"og:locale\" content=\"fr_FR\" \/>\n<meta property=\"og:type\" content=\"article\" \/>\n<meta property=\"og:title\" content=\"Contactez-nous - Atlantic Books\" \/>\n<meta property=\"og:description\" content=\"Lorsque vous achetez des livres sur atlanticbooks.ca, les livres vous sont exp\u00e9di\u00e9s par la maison d&rsquo;\u00e9dition. La livraison du courrier peut \u00eatre plus lente que d&rsquo;habitude en raison de la [&hellip;]\" \/>\n<meta property=\"og:url\" content=\"https:\/\/atlanticbooks.ca\/fr\/contactez-nous\" \/>\n<meta property=\"og:site_name\" content=\"Atlantic Books\" \/>\n<meta property=\"article:modified_time\" content=\"2022-09-23T18:18:16+00:00\" \/>\n<meta property=\"og:image\" content=\"https:\/\/atlanticbooks.ca\/wp-content\/uploads\/2020\/10\/atlantic-books-logo.png\" \/>\n\t<meta property=\"og:image:width\" content=\"566\" \/>\n\t<meta property=\"og:image:height\" content=\"111\" \/>\n\t<meta property=\"og:image:type\" content=\"image\/png\" \/>\n<meta name=\"twitter:card\" content=\"summary_large_image\" \/>\n<meta name=\"twitter:label1\" content=\"Dur\u00e9e de lecture estim\u00e9e\" \/>\n\t<meta name=\"twitter:data1\" content=\"1 minute\" \/>\n<script type=\"application\/ld+json\" class=\"yoast-schema-graph\">{\"@context\":\"https:\/\/schema.org\",\"@graph\":[{\"@type\":\"WebPage\",\"@id\":\"https:\/\/atlanticbooks.ca\/fr\/contactez-nous\",\"url\":\"https:\/\/atlanticbooks.ca\/fr\/contactez-nous\",\"name\":\"Contactez-nous - Atlantic Books\",\"isPartOf\":{\"@id\":\"https:\/\/atlanticbooks.ca\/fr\/#website\"},\"primaryImageOfPage\":{\"@id\":\"https:\/\/atlanticbooks.ca\/fr\/contactez-nous#primaryimage\"},\"image\":{\"@id\":\"https:\/\/atlanticbooks.ca\/fr\/contactez-nous#primaryimage\"},\"thumbnailUrl\":\"https:\/\/atlanticbooks.ca\/wp-content\/uploads\/2020\/10\/atlantic-books-logo.png\",\"datePublished\":\"2021-06-02T00:20:34+00:00\",\"dateModified\":\"2022-09-23T18:18:16+00:00\",\"breadcrumb\":{\"@id\":\"https:\/\/atlanticbooks.ca\/fr\/contactez-nous#breadcrumb\"},\"inLanguage\":\"fr-FR\",\"potentialAction\":[{\"@type\":\"ReadAction\",\"target\":[\"https:\/\/atlanticbooks.ca\/fr\/contactez-nous\"]}]},{\"@type\":\"ImageObject\",\"inLanguage\":\"fr-FR\",\"@id\":\"https:\/\/atlanticbooks.ca\/fr\/contactez-nous#primaryimage\",\"url\":\"https:\/\/atlanticbooks.ca\/wp-content\/uploads\/2020\/10\/atlantic-books-logo.png\",\"contentUrl\":\"https:\/\/atlanticbooks.ca\/wp-content\/uploads\/2020\/10\/atlantic-books-logo.png\",\"width\":566,\"height\":111},{\"@type\":\"BreadcrumbList\",\"@id\":\"https:\/\/atlanticbooks.ca\/fr\/contactez-nous#breadcrumb\",\"itemListElement\":[{\"@type\":\"ListItem\",\"position\":1,\"name\":\"Domicile\",\"item\":\"https:\/\/atlanticbooks.ca\/fr\"},{\"@type\":\"ListItem\",\"position\":2,\"name\":\"Contactez-nous\"}]},{\"@type\":\"WebSite\",\"@id\":\"https:\/\/atlanticbooks.ca\/fr\/#website\",\"url\":\"https:\/\/atlanticbooks.ca\/fr\/\",\"name\":\"Atlantic Books\",\"description\":\"Atlantic Books\",\"publisher\":{\"@id\":\"https:\/\/atlanticbooks.ca\/fr\/#organization\"},\"potentialAction\":[{\"@type\":\"SearchAction\",\"target\":{\"@type\":\"EntryPoint\",\"urlTemplate\":\"https:\/\/atlanticbooks.ca\/fr\/?s={search_term_string}\"},\"query-input\":{\"@type\":\"PropertyValueSpecification\",\"valueRequired\":true,\"valueName\":\"search_term_string\"}}],\"inLanguage\":\"fr-FR\"},{\"@type\":\"Organization\",\"@id\":\"https:\/\/atlanticbooks.ca\/fr\/#organization\",\"name\":\"Atlantic Books\",\"url\":\"https:\/\/atlanticbooks.ca\/fr\/\",\"logo\":{\"@type\":\"ImageObject\",\"inLanguage\":\"fr-FR\",\"@id\":\"https:\/\/atlanticbooks.ca\/fr\/#\/schema\/logo\/image\/\",\"url\":\"https:\/\/atlanticbooks.ca\/wp-content\/uploads\/2020\/10\/atlantic-books-logo.png\",\"contentUrl\":\"https:\/\/atlanticbooks.ca\/wp-content\/uploads\/2020\/10\/atlantic-books-logo.png\",\"width\":566,\"height\":111,\"caption\":\"Atlantic Books\"},\"image\":{\"@id\":\"https:\/\/atlanticbooks.ca\/fr\/#\/schema\/logo\/image\/\"}}]}<\/script>\n<!-- \/ Yoast SEO plugin. -->","yoast_head_json":{"title":"Contactez-nous - Atlantic Books","robots":{"index":"index","follow":"follow","max-snippet":"max-snippet:-1","max-image-preview":"max-image-preview:large","max-video-preview":"max-video-preview:-1"},"canonical":"https:\/\/atlanticbooks.ca\/fr\/contactez-nous","og_locale":"fr_FR","og_type":"article","og_title":"Contactez-nous - Atlantic Books","og_description":"Lorsque vous achetez des livres sur atlanticbooks.ca, les livres vous sont exp\u00e9di\u00e9s par la maison d&rsquo;\u00e9dition. La livraison du courrier peut \u00eatre plus lente que d&rsquo;habitude en raison de la [&hellip;]","og_url":"https:\/\/atlanticbooks.ca\/fr\/contactez-nous","og_site_name":"Atlantic Books","article_modified_time":"2022-09-23T18:18:16+00:00","og_image":[{"width":566,"height":111,"url":"https:\/\/atlanticbooks.ca\/wp-content\/uploads\/2020\/10\/atlantic-books-logo.png","type":"image\/png"}],"twitter_card":"summary_large_image","twitter_misc":{"Dur\u00e9e de lecture estim\u00e9e":"1 minute"},"schema":{"@context":"https:\/\/schema.org","@graph":[{"@type":"WebPage","@id":"https:\/\/atlanticbooks.ca\/fr\/contactez-nous","url":"https:\/\/atlanticbooks.ca\/fr\/contactez-nous","name":"Contactez-nous - Atlantic Books","isPartOf":{"@id":"https:\/\/atlanticbooks.ca\/fr\/#website"},"primaryImageOfPage":{"@id":"https:\/\/atlanticbooks.ca\/fr\/contactez-nous#primaryimage"},"image":{"@id":"https:\/\/atlanticbooks.ca\/fr\/contactez-nous#primaryimage"},"thumbnailUrl":"https:\/\/atlanticbooks.ca\/wp-content\/uploads\/2020\/10\/atlantic-books-logo.png","datePublished":"2021-06-02T00:20:34+00:00","dateModified":"2022-09-23T18:18:16+00:00","breadcrumb":{"@id":"https:\/\/atlanticbooks.ca\/fr\/contactez-nous#breadcrumb"},"inLanguage":"fr-FR","potentialAction":[{"@type":"ReadAction","target":["https:\/\/atlanticbooks.ca\/fr\/contactez-nous"]}]},{"@type":"ImageObject","inLanguage":"fr-FR","@id":"https:\/\/atlanticbooks.ca\/fr\/contactez-nous#primaryimage","url":"https:\/\/atlanticbooks.ca\/wp-content\/uploads\/2020\/10\/atlantic-books-logo.png","contentUrl":"https:\/\/atlanticbooks.ca\/wp-content\/uploads\/2020\/10\/atlantic-books-logo.png","width":566,"height":111},{"@type":"BreadcrumbList","@id":"https:\/\/atlanticbooks.ca\/fr\/contactez-nous#breadcrumb","itemListElement":[{"@type":"ListItem","position":1,"name":"Domicile","item":"https:\/\/atlanticbooks.ca\/fr"},{"@type":"ListItem","position":2,"name":"Contactez-nous"}]},{"@type":"WebSite","@id":"https:\/\/atlanticbooks.ca\/fr\/#website","url":"https:\/\/atlanticbooks.ca\/fr\/","name":"Atlantic Books","description":"Atlantic Books","publisher":{"@id":"https:\/\/atlanticbooks.ca\/fr\/#organization"},"potentialAction":[{"@type":"SearchAction","target":{"@type":"EntryPoint","urlTemplate":"https:\/\/atlanticbooks.ca\/fr\/?s={search_term_string}"},"query-input":{"@type":"PropertyValueSpecification","valueRequired":true,"valueName":"search_term_string"}}],"inLanguage":"fr-FR"},{"@type":"Organization","@id":"https:\/\/atlanticbooks.ca\/fr\/#organization","name":"Atlantic Books","url":"https:\/\/atlanticbooks.ca\/fr\/","logo":{"@type":"ImageObject","inLanguage":"fr-FR","@id":"https:\/\/atlanticbooks.ca\/fr\/#\/schema\/logo\/image\/","url":"https:\/\/atlanticbooks.ca\/wp-content\/uploads\/2020\/10\/atlantic-books-logo.png","contentUrl":"https:\/\/atlanticbooks.ca\/wp-content\/uploads\/2020\/10\/atlantic-books-logo.png","width":566,"height":111,"caption":"Atlantic Books"},"image":{"@id":"https:\/\/atlanticbooks.ca\/fr\/#\/schema\/logo\/image\/"}}]}},"featured_image_src":"https:\/\/atlanticbooks.ca\/wp-content\/uploads\/2020\/10\/atlantic-books-logo.png","featured_image_src_square":"https:\/\/atlanticbooks.ca\/wp-content\/uploads\/2020\/10\/atlantic-books-logo.png","_links":{"self":[{"href":"https:\/\/atlanticbooks.ca\/fr\/wp-json\/wp\/v2\/pages\/36164","targetHints":{"allow":["GET"]}}],"collection":[{"href":"https:\/\/atlanticbooks.ca\/fr\/wp-json\/wp\/v2\/pages"}],"about":[{"href":"https:\/\/atlanticbooks.ca\/fr\/wp-json\/wp\/v2\/types\/page"}],"author":[{"embeddable":true,"href":"https:\/\/atlanticbooks.ca\/fr\/wp-json\/wp\/v2\/users\/379"}],"replies":[{"embeddable":true,"href":"https:\/\/atlanticbooks.ca\/fr\/wp-json\/wp\/v2\/comments?post=36164"}],"version-history":[{"count":0,"href":"https:\/\/atlanticbooks.ca\/fr\/wp-json\/wp\/v2\/pages\/36164\/revisions"}],"wp:featuredmedia":[{"embeddable":true,"href":"https:\/\/atlanticbooks.ca\/fr\/wp-json\/wp\/v2\/media\/28515"}],"wp:attachment":[{"href":"https:\/\/atlanticbooks.ca\/fr\/wp-json\/wp\/v2\/media?parent=36164"}],"curies":[{"name":"wp","href":"https:\/\/api.w.org\/{rel}","templated":true}]}}