{"id":36158,"date":"2021-06-01T21:07:16","date_gmt":"2021-06-02T00:07:16","guid":{"rendered":"https:\/\/atlanticbooks.ca\/?page_id=36158"},"modified":"2022-09-23T18:09:05","modified_gmt":"2022-09-23T18:09:05","slug":"a-propos","status":"publish","type":"page","link":"https:\/\/atlanticbooks.ca\/fr\/a-propos","title":{"rendered":"\u00c0 propos"},"content":{"rendered":"\n<h2 class=\"wp-block-heading\">\u00c0 propos d&rsquo;Atlantic Books<\/h2>\n\n\n\n<p>AtlanticBooks.ca est fourni par la Atlantic Publishers Marketing Association pour la promotion des livres du Canada atlantique. <\/p>\n\n\n\n<p>La Atlantic Publishers Marketing Association est un organisme \u00e0 but non-lucratif qui soutient l\u2019industrie des \u00e9diteurs de livres situ\u00e9s au Canada atlantique. L\u2019association a pour mission de promouvoir et de maintenir au Canada atlantique une forte industrie de l\u2019\u00e9dition ind\u00e9pendante appartenue par des int\u00e9r\u00eats canadiens, et de publier Atlantic Books Today ainsi que des guides saisonniers tels que Book Lover\u2019s Holiday Gift Guide.<\/p>\n\n\n\n<p>Pour plus d&rsquo;informations, veuillez contacter store@atlanticpublishers.ca<\/p>\n\n\n\n<h2 class=\"wp-block-heading\">\u00c0 propos de #LireAtlantique<\/h2>\n\n\n\n<p>Le mot-clic #LireAtlantique c\u00e9l\u00e8bre tous les auteur.trices, librairies, maisons d&rsquo;\u00e9dition, biblioth\u00e8ques, et festivals litt\u00e9raires du Canada atlantique. Nous vous encourageons \u00e0 utiliser le mot-clic #LireAtlantique pour promouvoir la litt\u00e9rature locale au Canada atlantique!<\/p>\n\n\n\n<h2 class=\"wp-block-heading\">Livres dans notre boutique en ligne :<\/h2>\n\n\n\n<p>Nous ne vendons que des livres publi\u00e9s par des membres de la Atlantic Publishers Marketing Association.<\/p>\n\n\n\n<p>***<\/p>\n\n\n\n<p>Vous pouvez t\u00e9l\u00e9charger du mat\u00e9riel \u00e0 partir de ce site Web pour votre usage personnel et non commercial. \u00c0 l&rsquo;exception de ceux appartenant \u00e0 l&rsquo;Atlantic Publishers Marketing Association, le personnel de l&rsquo;APMA n&rsquo;est pas impliqu\u00e9 dans la production de sites Web li\u00e9s \u00e0 atlanticbooks.ca et n&rsquo;est pas responsable de leur contenu.<\/p>\n","protected":false},"excerpt":{"rendered":"<p>\u00c0 propos d&rsquo;Atlantic Books AtlanticBooks.ca est fourni par la Atlantic Publishers Marketing Association pour la promotion des livres du Canada atlantique. La Atlantic Publishers Marketing Association est un organisme \u00e0 [&hellip;]<\/p>\n","protected":false},"author":379,"featured_media":0,"parent":0,"menu_order":0,"comment_status":"closed","ping_status":"closed","template":"","meta":{"_genesis_hide_title":false,"_genesis_hide_breadcrumbs":false,"_genesis_hide_singular_image":false,"_genesis_hide_footer_widgets":false,"_genesis_custom_body_class":"","_genesis_custom_post_class":"","_genesis_layout":"","footnotes":""},"class_list":["post-36158","page","type-page","status-publish","entry"],"yoast_head":"<!-- This site is optimized with the Yoast SEO plugin v24.0 - https:\/\/yoast.com\/wordpress\/plugins\/seo\/ -->\n<title>\u00c0 propos - Atlantic Books<\/title>\n<meta name=\"robots\" content=\"index, follow, max-snippet:-1, max-image-preview:large, max-video-preview:-1\" \/>\n<link rel=\"canonical\" href=\"https:\/\/atlanticbooks.ca\/fr\/a-propos\" \/>\n<meta property=\"og:locale\" content=\"fr_FR\" \/>\n<meta property=\"og:type\" content=\"article\" \/>\n<meta property=\"og:title\" content=\"\u00c0 propos - Atlantic Books\" \/>\n<meta property=\"og:description\" content=\"\u00c0 propos d&rsquo;Atlantic Books AtlanticBooks.ca est fourni par la Atlantic Publishers Marketing Association pour la promotion des livres du Canada atlantique. La Atlantic Publishers Marketing Association est un organisme \u00e0 [&hellip;]\" \/>\n<meta property=\"og:url\" content=\"https:\/\/atlanticbooks.ca\/fr\/a-propos\" \/>\n<meta property=\"og:site_name\" content=\"Atlantic Books\" \/>\n<meta property=\"article:modified_time\" content=\"2022-09-23T18:09:05+00:00\" \/>\n<meta name=\"twitter:card\" content=\"summary_large_image\" \/>\n<meta name=\"twitter:label1\" content=\"Dur\u00e9e de lecture estim\u00e9e\" \/>\n\t<meta name=\"twitter:data1\" content=\"1 minute\" \/>\n<script type=\"application\/ld+json\" class=\"yoast-schema-graph\">{\"@context\":\"https:\/\/schema.org\",\"@graph\":[{\"@type\":\"WebPage\",\"@id\":\"https:\/\/atlanticbooks.ca\/fr\/a-propos\",\"url\":\"https:\/\/atlanticbooks.ca\/fr\/a-propos\",\"name\":\"\u00c0 propos - Atlantic Books\",\"isPartOf\":{\"@id\":\"https:\/\/atlanticbooks.ca\/fr\/#website\"},\"datePublished\":\"2021-06-02T00:07:16+00:00\",\"dateModified\":\"2022-09-23T18:09:05+00:00\",\"breadcrumb\":{\"@id\":\"https:\/\/atlanticbooks.ca\/fr\/a-propos#breadcrumb\"},\"inLanguage\":\"fr-FR\",\"potentialAction\":[{\"@type\":\"ReadAction\",\"target\":[\"https:\/\/atlanticbooks.ca\/fr\/a-propos\"]}]},{\"@type\":\"BreadcrumbList\",\"@id\":\"https:\/\/atlanticbooks.ca\/fr\/a-propos#breadcrumb\",\"itemListElement\":[{\"@type\":\"ListItem\",\"position\":1,\"name\":\"Domicile\",\"item\":\"https:\/\/atlanticbooks.ca\/fr\"},{\"@type\":\"ListItem\",\"position\":2,\"name\":\"\u00c0 propos\"}]},{\"@type\":\"WebSite\",\"@id\":\"https:\/\/atlanticbooks.ca\/fr\/#website\",\"url\":\"https:\/\/atlanticbooks.ca\/fr\/\",\"name\":\"Atlantic Books\",\"description\":\"Atlantic Books\",\"publisher\":{\"@id\":\"https:\/\/atlanticbooks.ca\/fr\/#organization\"},\"potentialAction\":[{\"@type\":\"SearchAction\",\"target\":{\"@type\":\"EntryPoint\",\"urlTemplate\":\"https:\/\/atlanticbooks.ca\/fr\/?s={search_term_string}\"},\"query-input\":{\"@type\":\"PropertyValueSpecification\",\"valueRequired\":true,\"valueName\":\"search_term_string\"}}],\"inLanguage\":\"fr-FR\"},{\"@type\":\"Organization\",\"@id\":\"https:\/\/atlanticbooks.ca\/fr\/#organization\",\"name\":\"Atlantic Books\",\"url\":\"https:\/\/atlanticbooks.ca\/fr\/\",\"logo\":{\"@type\":\"ImageObject\",\"inLanguage\":\"fr-FR\",\"@id\":\"https:\/\/atlanticbooks.ca\/fr\/#\/schema\/logo\/image\/\",\"url\":\"https:\/\/atlanticbooks.ca\/wp-content\/uploads\/2020\/10\/atlantic-books-logo.png\",\"contentUrl\":\"https:\/\/atlanticbooks.ca\/wp-content\/uploads\/2020\/10\/atlantic-books-logo.png\",\"width\":566,\"height\":111,\"caption\":\"Atlantic Books\"},\"image\":{\"@id\":\"https:\/\/atlanticbooks.ca\/fr\/#\/schema\/logo\/image\/\"}}]}<\/script>\n<!-- \/ Yoast SEO plugin. -->","yoast_head_json":{"title":"\u00c0 propos - Atlantic Books","robots":{"index":"index","follow":"follow","max-snippet":"max-snippet:-1","max-image-preview":"max-image-preview:large","max-video-preview":"max-video-preview:-1"},"canonical":"https:\/\/atlanticbooks.ca\/fr\/a-propos","og_locale":"fr_FR","og_type":"article","og_title":"\u00c0 propos - Atlantic Books","og_description":"\u00c0 propos d&rsquo;Atlantic Books AtlanticBooks.ca est fourni par la Atlantic Publishers Marketing Association pour la promotion des livres du Canada atlantique. La Atlantic Publishers Marketing Association est un organisme \u00e0 [&hellip;]","og_url":"https:\/\/atlanticbooks.ca\/fr\/a-propos","og_site_name":"Atlantic Books","article_modified_time":"2022-09-23T18:09:05+00:00","twitter_card":"summary_large_image","twitter_misc":{"Dur\u00e9e de lecture estim\u00e9e":"1 minute"},"schema":{"@context":"https:\/\/schema.org","@graph":[{"@type":"WebPage","@id":"https:\/\/atlanticbooks.ca\/fr\/a-propos","url":"https:\/\/atlanticbooks.ca\/fr\/a-propos","name":"\u00c0 propos - Atlantic Books","isPartOf":{"@id":"https:\/\/atlanticbooks.ca\/fr\/#website"},"datePublished":"2021-06-02T00:07:16+00:00","dateModified":"2022-09-23T18:09:05+00:00","breadcrumb":{"@id":"https:\/\/atlanticbooks.ca\/fr\/a-propos#breadcrumb"},"inLanguage":"fr-FR","potentialAction":[{"@type":"ReadAction","target":["https:\/\/atlanticbooks.ca\/fr\/a-propos"]}]},{"@type":"BreadcrumbList","@id":"https:\/\/atlanticbooks.ca\/fr\/a-propos#breadcrumb","itemListElement":[{"@type":"ListItem","position":1,"name":"Domicile","item":"https:\/\/atlanticbooks.ca\/fr"},{"@type":"ListItem","position":2,"name":"\u00c0 propos"}]},{"@type":"WebSite","@id":"https:\/\/atlanticbooks.ca\/fr\/#website","url":"https:\/\/atlanticbooks.ca\/fr\/","name":"Atlantic Books","description":"Atlantic Books","publisher":{"@id":"https:\/\/atlanticbooks.ca\/fr\/#organization"},"potentialAction":[{"@type":"SearchAction","target":{"@type":"EntryPoint","urlTemplate":"https:\/\/atlanticbooks.ca\/fr\/?s={search_term_string}"},"query-input":{"@type":"PropertyValueSpecification","valueRequired":true,"valueName":"search_term_string"}}],"inLanguage":"fr-FR"},{"@type":"Organization","@id":"https:\/\/atlanticbooks.ca\/fr\/#organization","name":"Atlantic Books","url":"https:\/\/atlanticbooks.ca\/fr\/","logo":{"@type":"ImageObject","inLanguage":"fr-FR","@id":"https:\/\/atlanticbooks.ca\/fr\/#\/schema\/logo\/image\/","url":"https:\/\/atlanticbooks.ca\/wp-content\/uploads\/2020\/10\/atlantic-books-logo.png","contentUrl":"https:\/\/atlanticbooks.ca\/wp-content\/uploads\/2020\/10\/atlantic-books-logo.png","width":566,"height":111,"caption":"Atlantic Books"},"image":{"@id":"https:\/\/atlanticbooks.ca\/fr\/#\/schema\/logo\/image\/"}}]}},"featured_image_src":null,"featured_image_src_square":null,"_links":{"self":[{"href":"https:\/\/atlanticbooks.ca\/fr\/wp-json\/wp\/v2\/pages\/36158","targetHints":{"allow":["GET"]}}],"collection":[{"href":"https:\/\/atlanticbooks.ca\/fr\/wp-json\/wp\/v2\/pages"}],"about":[{"href":"https:\/\/atlanticbooks.ca\/fr\/wp-json\/wp\/v2\/types\/page"}],"author":[{"embeddable":true,"href":"https:\/\/atlanticbooks.ca\/fr\/wp-json\/wp\/v2\/users\/379"}],"replies":[{"embeddable":true,"href":"https:\/\/atlanticbooks.ca\/fr\/wp-json\/wp\/v2\/comments?post=36158"}],"version-history":[{"count":0,"href":"https:\/\/atlanticbooks.ca\/fr\/wp-json\/wp\/v2\/pages\/36158\/revisions"}],"wp:attachment":[{"href":"https:\/\/atlanticbooks.ca\/fr\/wp-json\/wp\/v2\/media?parent=36158"}],"curies":[{"name":"wp","href":"https:\/\/api.w.org\/{rel}","templated":true}]}}