{"id":36154,"date":"2021-06-01T20:46:59","date_gmt":"2021-06-01T23:46:59","guid":{"rendered":"https:\/\/atlanticbooks.ca\/?page_id=36154"},"modified":"2021-06-15T23:56:01","modified_gmt":"2021-06-16T02:56:01","slug":"lire-atlantique-100-livrels","status":"publish","type":"page","link":"https:\/\/atlanticbooks.ca\/fr\/lire-atlantique-100-livrels","title":{"rendered":"Lire Atlantique: 100 livrels"},"content":{"rendered":"\n<p><strong>Aucune liste d\u2019attente!<\/strong> Du 15 juin au 15 juillet acc\u00e9dez \u00e0 une collection de livres en anglais et fran\u00e7ais. Tous pr\u00e9sentent des fonctions d\u2019accessibilit\u00e9 pour les usagers ayant de la difficult\u00e9 \u00e0 lire les imprim\u00e9s. La collection sera enti\u00e8rement disponible sur les plateformes accessibles du&nbsp;R\u00e9seau national de services \u00e9quitables de biblioth\u00e8que&nbsp;(RNSEB) Centre d\u2019acc\u00e8s \u00e9quitable aux biblioth\u00e8ques&nbsp;(CA\u00c9B).<\/p>\n\n\n\n<p id=\"block-af0cad98-1d01-4ac3-91a6-7b31e29e3fe0\">Si vous avez emprunt\u00e9 un livre de cette collection, <a href=\"https:\/\/form.jotform.com\/211607164236248\">nous vous invitons \u00e0 remplir notre sondage<\/a>!<\/p>\n\n\n<link rel=\"stylesheet\" href=\"\/wp-content\/themes\/atlantic-books\/assets\/css\/owl.carousel.min.css?ver=5.6.2\">\n<link rel=\"stylesheet\" href=\"\/wp-content\/themes\/atlantic-books\/assets\/css\/owl.theme.default.min.css?ver=5.6.2\">\n<link rel=\"stylesheet\" href=\"https:\/\/cdn.jsdelivr.net\/npm\/@splidejs\/splide@latest\/dist\/css\/splide.min.css\">\n<script src=\"\/wp-content\/themes\/atlantic-books\/assets\/js\/owl.carousel.min.js\"><\/script>\n\n\n<span class=\"secondary-slider-create\">\n\n<\/span>\n<div class=\"secondary-slider-area abfc-home\" style=\"background-color: \">\n<div class=\"testtest3\" style=\"display:none\">No<\/div>\n\n       \n\n        <div class=\"abfc-home-title\">\n            <h3><a href=\"https:\/\/atlanticbooks.ca\/fr\/collections\/lire-atlantique-100-livrels\">Lire Atlantique<\/a> <span style=\"float:right; font-size: 19px;\">        \n    <a href=\"https:\/\/atlanticbooks.ca\/fr\/collections\/lire-atlantique-100-livrels\" alt=\"Lire Atlantique\" style=\"font-size: 19px\"> view all <i class='fa fa-chevron-right'><\/i><\/a><\/span><\/h3>\n        <\/div>\n        <div class=\"abfc-left-top abfc-area\">\n            <p>35 livrels fran\u00e7ais, sans liste d&rsquo;attente dans les biblioth\u00e8ques d&rsquo;Halifax, de la N.-\u00c9. et du N.-B.<\/p>\n        <\/div>   \n    \n            \n\n    \n<\/div>\n\n\n<div class=\"secondary-slider-area2 abfc-home2\" style=\"background-color: \">\n    <div class=\"owl-carousel lire-atlantique-100-livrels owl-theme\" >\n        \n    <\/div>\n<\/div>\n<script type=\"text\/javascript\">\n                    jQuery(document).ready(function ($) {\n                        $(\".owl-carousel.lire-atlantique-100-livrels\").owlCarousel({\n                            rtl: false,\n                            loop: true,\n                            margin: 10,\n                            nav: true,\n                            navText: [\"<i class='fa fa-chevron-left'><\/i>\", \"<i class='fa fa-chevron-right'><\/i>\"],\n                            responsive: {\n                                0: {\n                                    items: 2\n                                },\n                                600: {\n                                    items: 3\n                                },                                \n                                1000: {\n                                    items:                                 }\n                            }\n                        });\n                    });\n                <\/script>\n\n                <style>\n                    .collection-alt-link .item img {\n                        height: 130px;\n                        margin-bottom: 10px;\n                    }\n                    .collection-alt-link .item h5 {\n                        margin-bottom: 2px;\n                    }\n                <\/style>\n\n\n<p><a href=\"https:\/\/atlanticbooks.ca\/100eBooks\">Voir les 65 livres en anglais ici.<\/a><\/p>\n\n\n\n<h2 class=\"wp-block-heading\">Comment emprunter des livrels:<\/h2>\n\n\n\n<p><br>&#8211; Trouvez votre carte de biblioth\u00e8que (ou inscrivez-vous en ligne: <a href=\"https:\/\/www2.halifaxpubliclibraries.ca\/assets\/pages\/registration\/?_ga=2.224842138.1698562509.1584188652-343322028.1582824211\" target=\"_blank\" rel=\"noreferrer noopener\">Halifax<\/a>&nbsp;|&nbsp;<a href=\"https:\/\/library.novascotia.ca\/map\" target=\"_blank\" rel=\"noreferrer noopener\">Nouvelle-\u00c9cosse<\/a>&nbsp;| <a href=\"https:\/\/www1.gnb.ca\/0003\/pages\/en\/car-e.asp\">Nouveau-Brunswick<\/a>)<br>&#8211; Visitez l&rsquo;App Store sur votre appareil et recherchez <strong>&nbsp;Libby&nbsp;<\/strong>ou <strong>PretNumerique<\/strong><\/p>\n","protected":false},"excerpt":{"rendered":"<p>Aucune liste d\u2019attente! Du 15 juin au 15 juillet acc\u00e9dez \u00e0 une collection de livres en anglais et fran\u00e7ais. Tous pr\u00e9sentent des fonctions d\u2019accessibilit\u00e9 pour les usagers ayant de la [&hellip;]<\/p>\n","protected":false},"author":379,"featured_media":36148,"parent":0,"menu_order":0,"comment_status":"closed","ping_status":"closed","template":"","meta":{"_genesis_hide_title":false,"_genesis_hide_breadcrumbs":false,"_genesis_hide_singular_image":false,"_genesis_hide_footer_widgets":false,"_genesis_custom_body_class":"","_genesis_custom_post_class":"","_genesis_layout":"","footnotes":""},"class_list":["post-36154","page","type-page","status-publish","has-post-thumbnail","entry"],"yoast_head":"<!-- This site is optimized with the Yoast SEO plugin v24.0 - https:\/\/yoast.com\/wordpress\/plugins\/seo\/ -->\n<title>Lire Atlantique: 100 livrels - Atlantic Books<\/title>\n<meta name=\"robots\" content=\"index, follow, max-snippet:-1, max-image-preview:large, max-video-preview:-1\" \/>\n<link rel=\"canonical\" href=\"https:\/\/atlanticbooks.ca\/fr\/lire-atlantique-100-livrels\" \/>\n<meta property=\"og:locale\" content=\"fr_FR\" \/>\n<meta property=\"og:type\" content=\"article\" \/>\n<meta property=\"og:title\" content=\"Lire Atlantique: 100 livrels - Atlantic Books\" \/>\n<meta property=\"og:description\" content=\"Aucune liste d\u2019attente! Du 15 juin au 15 juillet acc\u00e9dez \u00e0 une collection de livres en anglais et fran\u00e7ais. Tous pr\u00e9sentent des fonctions d\u2019accessibilit\u00e9 pour les usagers ayant de la [&hellip;]\" \/>\n<meta property=\"og:url\" content=\"https:\/\/atlanticbooks.ca\/fr\/lire-atlantique-100-livrels\" \/>\n<meta property=\"og:site_name\" content=\"Atlantic Books\" \/>\n<meta property=\"article:modified_time\" content=\"2021-06-16T02:56:01+00:00\" \/>\n<meta property=\"og:image\" content=\"https:\/\/atlanticbooks.ca\/wp-content\/uploads\/2021\/06\/9-1.png\" \/>\n\t<meta property=\"og:image:width\" content=\"4800\" \/>\n\t<meta property=\"og:image:height\" content=\"2700\" \/>\n\t<meta property=\"og:image:type\" content=\"image\/png\" \/>\n<meta name=\"twitter:card\" content=\"summary_large_image\" \/>\n<meta name=\"twitter:label1\" content=\"Dur\u00e9e de lecture estim\u00e9e\" \/>\n\t<meta name=\"twitter:data1\" content=\"1 minute\" \/>\n<script type=\"application\/ld+json\" class=\"yoast-schema-graph\">{\"@context\":\"https:\/\/schema.org\",\"@graph\":[{\"@type\":\"WebPage\",\"@id\":\"https:\/\/atlanticbooks.ca\/fr\/lire-atlantique-100-livrels\",\"url\":\"https:\/\/atlanticbooks.ca\/fr\/lire-atlantique-100-livrels\",\"name\":\"Lire Atlantique: 100 livrels - Atlantic Books\",\"isPartOf\":{\"@id\":\"https:\/\/atlanticbooks.ca\/fr\/#website\"},\"primaryImageOfPage\":{\"@id\":\"https:\/\/atlanticbooks.ca\/fr\/lire-atlantique-100-livrels#primaryimage\"},\"image\":{\"@id\":\"https:\/\/atlanticbooks.ca\/fr\/lire-atlantique-100-livrels#primaryimage\"},\"thumbnailUrl\":\"https:\/\/atlanticbooks.ca\/wp-content\/uploads\/2021\/06\/9-1.png\",\"datePublished\":\"2021-06-01T23:46:59+00:00\",\"dateModified\":\"2021-06-16T02:56:01+00:00\",\"breadcrumb\":{\"@id\":\"https:\/\/atlanticbooks.ca\/fr\/lire-atlantique-100-livrels#breadcrumb\"},\"inLanguage\":\"fr-FR\",\"potentialAction\":[{\"@type\":\"ReadAction\",\"target\":[\"https:\/\/atlanticbooks.ca\/fr\/lire-atlantique-100-livrels\"]}]},{\"@type\":\"ImageObject\",\"inLanguage\":\"fr-FR\",\"@id\":\"https:\/\/atlanticbooks.ca\/fr\/lire-atlantique-100-livrels#primaryimage\",\"url\":\"https:\/\/atlanticbooks.ca\/wp-content\/uploads\/2021\/06\/9-1.png\",\"contentUrl\":\"https:\/\/atlanticbooks.ca\/wp-content\/uploads\/2021\/06\/9-1.png\",\"width\":4800,\"height\":2700,\"caption\":\"Un lecteur de livre \u00e9lectronique avec un phare. Le texte dit: 100 livrels. Tous du Canada atlantique. Tous accessibles.\"},{\"@type\":\"BreadcrumbList\",\"@id\":\"https:\/\/atlanticbooks.ca\/fr\/lire-atlantique-100-livrels#breadcrumb\",\"itemListElement\":[{\"@type\":\"ListItem\",\"position\":1,\"name\":\"Domicile\",\"item\":\"https:\/\/atlanticbooks.ca\/fr\"},{\"@type\":\"ListItem\",\"position\":2,\"name\":\"Lire Atlantique: 100 livrels\"}]},{\"@type\":\"WebSite\",\"@id\":\"https:\/\/atlanticbooks.ca\/fr\/#website\",\"url\":\"https:\/\/atlanticbooks.ca\/fr\/\",\"name\":\"Atlantic Books\",\"description\":\"Atlantic Books\",\"publisher\":{\"@id\":\"https:\/\/atlanticbooks.ca\/fr\/#organization\"},\"potentialAction\":[{\"@type\":\"SearchAction\",\"target\":{\"@type\":\"EntryPoint\",\"urlTemplate\":\"https:\/\/atlanticbooks.ca\/fr\/?s={search_term_string}\"},\"query-input\":{\"@type\":\"PropertyValueSpecification\",\"valueRequired\":true,\"valueName\":\"search_term_string\"}}],\"inLanguage\":\"fr-FR\"},{\"@type\":\"Organization\",\"@id\":\"https:\/\/atlanticbooks.ca\/fr\/#organization\",\"name\":\"Atlantic Books\",\"url\":\"https:\/\/atlanticbooks.ca\/fr\/\",\"logo\":{\"@type\":\"ImageObject\",\"inLanguage\":\"fr-FR\",\"@id\":\"https:\/\/atlanticbooks.ca\/fr\/#\/schema\/logo\/image\/\",\"url\":\"https:\/\/atlanticbooks.ca\/wp-content\/uploads\/2020\/10\/atlantic-books-logo.png\",\"contentUrl\":\"https:\/\/atlanticbooks.ca\/wp-content\/uploads\/2020\/10\/atlantic-books-logo.png\",\"width\":566,\"height\":111,\"caption\":\"Atlantic Books\"},\"image\":{\"@id\":\"https:\/\/atlanticbooks.ca\/fr\/#\/schema\/logo\/image\/\"}}]}<\/script>\n<!-- \/ Yoast SEO plugin. -->","yoast_head_json":{"title":"Lire Atlantique: 100 livrels - Atlantic Books","robots":{"index":"index","follow":"follow","max-snippet":"max-snippet:-1","max-image-preview":"max-image-preview:large","max-video-preview":"max-video-preview:-1"},"canonical":"https:\/\/atlanticbooks.ca\/fr\/lire-atlantique-100-livrels","og_locale":"fr_FR","og_type":"article","og_title":"Lire Atlantique: 100 livrels - Atlantic Books","og_description":"Aucune liste d\u2019attente! Du 15 juin au 15 juillet acc\u00e9dez \u00e0 une collection de livres en anglais et fran\u00e7ais. Tous pr\u00e9sentent des fonctions d\u2019accessibilit\u00e9 pour les usagers ayant de la [&hellip;]","og_url":"https:\/\/atlanticbooks.ca\/fr\/lire-atlantique-100-livrels","og_site_name":"Atlantic Books","article_modified_time":"2021-06-16T02:56:01+00:00","og_image":[{"width":4800,"height":2700,"url":"https:\/\/atlanticbooks.ca\/wp-content\/uploads\/2021\/06\/9-1.png","type":"image\/png"}],"twitter_card":"summary_large_image","twitter_misc":{"Dur\u00e9e de lecture estim\u00e9e":"1 minute"},"schema":{"@context":"https:\/\/schema.org","@graph":[{"@type":"WebPage","@id":"https:\/\/atlanticbooks.ca\/fr\/lire-atlantique-100-livrels","url":"https:\/\/atlanticbooks.ca\/fr\/lire-atlantique-100-livrels","name":"Lire Atlantique: 100 livrels - Atlantic Books","isPartOf":{"@id":"https:\/\/atlanticbooks.ca\/fr\/#website"},"primaryImageOfPage":{"@id":"https:\/\/atlanticbooks.ca\/fr\/lire-atlantique-100-livrels#primaryimage"},"image":{"@id":"https:\/\/atlanticbooks.ca\/fr\/lire-atlantique-100-livrels#primaryimage"},"thumbnailUrl":"https:\/\/atlanticbooks.ca\/wp-content\/uploads\/2021\/06\/9-1.png","datePublished":"2021-06-01T23:46:59+00:00","dateModified":"2021-06-16T02:56:01+00:00","breadcrumb":{"@id":"https:\/\/atlanticbooks.ca\/fr\/lire-atlantique-100-livrels#breadcrumb"},"inLanguage":"fr-FR","potentialAction":[{"@type":"ReadAction","target":["https:\/\/atlanticbooks.ca\/fr\/lire-atlantique-100-livrels"]}]},{"@type":"ImageObject","inLanguage":"fr-FR","@id":"https:\/\/atlanticbooks.ca\/fr\/lire-atlantique-100-livrels#primaryimage","url":"https:\/\/atlanticbooks.ca\/wp-content\/uploads\/2021\/06\/9-1.png","contentUrl":"https:\/\/atlanticbooks.ca\/wp-content\/uploads\/2021\/06\/9-1.png","width":4800,"height":2700,"caption":"Un lecteur de livre \u00e9lectronique avec un phare. Le texte dit: 100 livrels. Tous du Canada atlantique. Tous accessibles."},{"@type":"BreadcrumbList","@id":"https:\/\/atlanticbooks.ca\/fr\/lire-atlantique-100-livrels#breadcrumb","itemListElement":[{"@type":"ListItem","position":1,"name":"Domicile","item":"https:\/\/atlanticbooks.ca\/fr"},{"@type":"ListItem","position":2,"name":"Lire Atlantique: 100 livrels"}]},{"@type":"WebSite","@id":"https:\/\/atlanticbooks.ca\/fr\/#website","url":"https:\/\/atlanticbooks.ca\/fr\/","name":"Atlantic Books","description":"Atlantic Books","publisher":{"@id":"https:\/\/atlanticbooks.ca\/fr\/#organization"},"potentialAction":[{"@type":"SearchAction","target":{"@type":"EntryPoint","urlTemplate":"https:\/\/atlanticbooks.ca\/fr\/?s={search_term_string}"},"query-input":{"@type":"PropertyValueSpecification","valueRequired":true,"valueName":"search_term_string"}}],"inLanguage":"fr-FR"},{"@type":"Organization","@id":"https:\/\/atlanticbooks.ca\/fr\/#organization","name":"Atlantic Books","url":"https:\/\/atlanticbooks.ca\/fr\/","logo":{"@type":"ImageObject","inLanguage":"fr-FR","@id":"https:\/\/atlanticbooks.ca\/fr\/#\/schema\/logo\/image\/","url":"https:\/\/atlanticbooks.ca\/wp-content\/uploads\/2020\/10\/atlantic-books-logo.png","contentUrl":"https:\/\/atlanticbooks.ca\/wp-content\/uploads\/2020\/10\/atlantic-books-logo.png","width":566,"height":111,"caption":"Atlantic Books"},"image":{"@id":"https:\/\/atlanticbooks.ca\/fr\/#\/schema\/logo\/image\/"}}]}},"featured_image_src":"https:\/\/atlanticbooks.ca\/wp-content\/uploads\/2021\/06\/9-1-600x400.png","featured_image_src_square":"https:\/\/atlanticbooks.ca\/wp-content\/uploads\/2021\/06\/9-1-600x600.png","_links":{"self":[{"href":"https:\/\/atlanticbooks.ca\/fr\/wp-json\/wp\/v2\/pages\/36154","targetHints":{"allow":["GET"]}}],"collection":[{"href":"https:\/\/atlanticbooks.ca\/fr\/wp-json\/wp\/v2\/pages"}],"about":[{"href":"https:\/\/atlanticbooks.ca\/fr\/wp-json\/wp\/v2\/types\/page"}],"author":[{"embeddable":true,"href":"https:\/\/atlanticbooks.ca\/fr\/wp-json\/wp\/v2\/users\/379"}],"replies":[{"embeddable":true,"href":"https:\/\/atlanticbooks.ca\/fr\/wp-json\/wp\/v2\/comments?post=36154"}],"version-history":[{"count":0,"href":"https:\/\/atlanticbooks.ca\/fr\/wp-json\/wp\/v2\/pages\/36154\/revisions"}],"wp:featuredmedia":[{"embeddable":true,"href":"https:\/\/atlanticbooks.ca\/fr\/wp-json\/wp\/v2\/media\/36148"}],"wp:attachment":[{"href":"https:\/\/atlanticbooks.ca\/fr\/wp-json\/wp\/v2\/media?parent=36154"}],"curies":[{"name":"wp","href":"https:\/\/api.w.org\/{rel}","templated":true}]}}